{"id":9635,"date":"2026-03-24T10:26:09","date_gmt":"2026-03-24T10:26:09","guid":{"rendered":"https:\/\/anythingtechnicallc.com\/?post_type=product&#038;p=9635"},"modified":"2026-03-24T10:26:09","modified_gmt":"2026-03-24T10:26:09","slug":"gebrauchte-dji-mini-2-ultraleichter-und-faltbarer-drohnen-quadcopter-3-achsen-gimbal-mit-4k-kamera-12mp-foto-31-minuten-flugzeit-ocusync-2-0-10km-hd-videouebertragung-quickshots-grau","status":"publish","type":"product","link":"https:\/\/anythingtechnicallc.com\/index.php\/de\/product\/gebrauchte-dji-mini-2-ultraleichter-und-faltbarer-drohnen-quadcopter-3-achsen-gimbal-mit-4k-kamera-12mp-foto-31-minuten-flugzeit-ocusync-2-0-10km-hd-videouebertragung-quickshots-grau\/","title":{"rendered":"Gebrauchte DJI Mini 2 &#8211; Ultraleichter und faltbarer Drohnen-Quadcopter, 3-Achsen-Gimbal mit 4K Kamera, 12MP Foto, 31 Minuten Flugzeit, OcuSync 2.0 10km HD Video\u00fcbertragung, QuickShots Grau"},"content":{"rendered":"<ul class=\"a-unordered-list a-vertical a-spacing-mini\">\n<li class=\"a-spacing-mini\"><span class=\"a-list-item\">\u3010PACKEN SIE LEICHT, FLIEGEN SIE FREI\u3011: Mit weniger als 249 g wiegt sie etwa so viel wie ein Apfel und passt in Ihre Handfl\u00e4che. Kompakt und praktisch ist diese kleine Drohne Ihr idealer Reisebegleiter, der die Art und Weise, wie Sie Ihre sch\u00f6nsten Erinnerungen festhalten, ver\u00e4ndert.<\/span><\/li>\n<li class=\"a-spacing-mini\"><span class=\"a-list-item\">\u30103-AXIS GIMBAL MIT 4K KAMERA\u3011: eine 12mp-Kamera am Himmel liefert Inhalte, die Sie garantiert beeindrucken werden. Zusammen mit 4k\/30fps Video und einem 3-Achsen motorisierten Gimbal sorgt die mini 2 f\u00fcr eine atemberaubende Bildqualit\u00e4t, die gleichbleibend fl\u00fcssig ist, egal wie abenteuerlich Ihr Flug wird.<\/span><\/li>\n<li class=\"a-spacing-mini\"><span class=\"a-list-item\">\u3010OCUSYNC 2.0 VIDEO\u00dcBERTRAGUNG\u3011: Die mini 2 unterst\u00fctzt bis zu 10 km HD-Video\u00fcbertragung und verf\u00fcgt \u00fcber hervorragende Anti-Interferenz-F\u00e4higkeiten, die es Ihnen erm\u00f6glichen, weiter zu fliegen und klarer zu sehen.<\/span><\/li>\n<li class=\"a-spacing-mini\"><span class=\"a-list-item\">\u3010POWERFUL PERFORMANCE\u3011: Mit einer maximalen Akkulaufzeit von 31 Minuten bietet der dji mini 2 mehr als genug Zeit, um die perfekte Aufnahme zu komponieren. Der mini 2 kann Windst\u00e4rken der Stufe 5 widerstehen und in einer maximalen H\u00f6he von 4.000 Metern abheben, so dass Ihre Aufnahmen auch beim Fliegen entlang einer windigen K\u00fcste oder hoch \u00fcber einem Bergwald stabil sind.<\/span><\/li>\n<li class=\"a-spacing-mini\"><span class=\"a-list-item\">\u30104X ZOOM\u3011: Sie m\u00fcssen f\u00fcr Ihre Traumaufnahme nicht so nah heran. Der 4-fache Digitalzoom macht es sicherer und bequemer, wenn Sie zwischen Aufnahmen mit unterschiedlicher Entfernung und Komposition wechseln. Betriebsfrequenz 2.400-2.4835 GHz, 5.725-5.850 GHz<\/span><\/li>\n<li class=\"a-spacing-mini\"><span class=\"a-list-item\">\u3010QUICKSHOTS\u3011: mit nur wenigen Fingertipps nimmt der dji mini 2 automatisch Videos auf und schie\u00dft sie auf professionellem Niveau, die Sie direkt in den sozialen Medien teilen k\u00f6nnen. Egal, ob Sie ein Anf\u00e4nger oder ein erfahrener Flieger sind, die dji fly App hilft Ihnen, beeindruckende Ergebnisse mit Soundtracks und Filtern zu produzieren.<\/span><\/li>\n<\/ul>\n","protected":false},"excerpt":{"rendered":"<ul class=\"a-unordered-list a-vertical a-spacing-mini\">\n<li class=\"a-spacing-mini\"><span class=\"a-list-item\">\u3010PACKEN SIE LEICHT, FLIEGEN SIE FREI\u3011: Mit weniger als 249 g wiegt sie etwa so viel wie ein Apfel und passt in Ihre Handfl\u00e4che. Kompakt und praktisch ist diese kleine Drohne Ihr idealer Reisebegleiter, der die Art und Weise, wie Sie Ihre sch\u00f6nsten Erinnerungen festhalten, ver\u00e4ndert.<\/span><\/li>\n<li class=\"a-spacing-mini\"><span class=\"a-list-item\">\u30103-AXIS GIMBAL MIT 4K KAMERA\u3011: eine 12mp-Kamera am Himmel liefert Inhalte, die Sie garantiert beeindrucken werden. Zusammen mit 4k\/30fps Video und einem 3-Achsen motorisierten Gimbal sorgt die mini 2 f\u00fcr eine atemberaubende Bildqualit\u00e4t, die gleichbleibend fl\u00fcssig ist, egal wie abenteuerlich Ihr Flug wird.<\/span><\/li>\n<li class=\"a-spacing-mini\"><span class=\"a-list-item\">\u3010OCUSYNC 2.0 VIDEO\u00dcBERTRAGUNG\u3011: Die mini 2 unterst\u00fctzt eine HD-Video\u00fcbertragung von bis zu 10 km und verf\u00fcgt \u00fcber hervorragende Anti-Interferenz-F\u00e4higkeiten, die es Ihnen erm\u00f6glichen, weiter zu fliegen und klarer zu sehen.<\/span><\/li>\n<li class=\"a-spacing-mini\"><span class=\"a-list-item\">\u3010POWERFUL PERFORMANCE\u3011: Mit einer maximalen Akkulaufzeit von 31 Minuten bietet der dji mini 2 mehr als genug Zeit, um die perfekte Aufnahme zu komponieren. Der mini 2 kann Windst\u00e4rken der Stufe 5 widerstehen und in einer maximalen H\u00f6he von 4.000 Metern abheben, so dass Ihre Aufnahmen auch beim Fliegen entlang einer windigen K\u00fcste oder hoch \u00fcber einem Bergwald stabil sind.<\/span><\/li>\n<li class=\"a-spacing-mini\"><span class=\"a-list-item\">\u30104X ZOOM\u3011: Sie m\u00fcssen f\u00fcr Ihre Traumaufnahme nicht so nah heran. Der 4-fache Digitalzoom macht es sicherer und bequemer, wenn Sie zwischen Aufnahmen mit unterschiedlicher Entfernung und Komposition wechseln. Betriebsfrequenz 2.400-2.4835 GHz, 5.725-5.850 GHz<\/span><\/li>\n<li class=\"a-spacing-mini\"><span class=\"a-list-item\">\u3010QUICKSHOTS\u3011: mit nur wenigen Fingertipps nimmt der dji mini 2 automatisch Videos auf und schie\u00dft sie auf professionellem Niveau, die Sie direkt in den sozialen Medien teilen k\u00f6nnen. Egal, ob Sie ein Anf\u00e4nger oder ein erfahrener Flieger sind, die dji fly App hilft Ihnen, beeindruckende Ergebnisse mit Soundtracks und Filtern zu produzieren.<\/span><\/li>\n<\/ul>\n","protected":false},"featured_media":9634,"comment_status":"open","ping_status":"closed","template":"","meta":{"_et_pb_use_builder":"","_et_pb_old_content":"","_et_gb_content_width":""},"product_brand":[],"product_cat":[1372],"product_tag":[],"class_list":{"0":"post-9635","1":"product","2":"type-product","3":"status-publish","4":"has-post-thumbnail","6":"product_cat-elektronik","8":"first","9":"instock","10":"sale","11":"taxable","12":"shipping-taxable","13":"purchasable","14":"product-type-simple"},"exclude_global_add_ons":[],"addons":[],"jetpack-related-posts":[{"id":9494,"url":"https:\/\/anythingtechnicallc.com\/index.php\/de\/product\/dji-osmo-pocket-3-creator-combo-vlogging-kamera-mit-1-cmos-4k-120fps-vlog-kamera-3-achsen-stabilisierung-gesichts-objektverfolgung-inkl-mikrofon-fuer-klaren-ton-digitale-vlogging-kamera-fu\/","url_meta":{"origin":9635,"position":0},"title":"DJI Osmo Pocket 3 Creator Combo, Vlogging-Kamera mit 1&#8221; CMOS, 4K\/120fps Vlog-Kamera, 3-Achsen-Stabilisierung, Gesichts-\/Objektverfolgung, inkl. Mikrofon f\u00fcr klaren Ton, digitale Vlogging-Kamera f\u00fcr YouTube","date":"March 21, 2026","format":false,"excerpt":"Ob auf Reisen, bei einem Nachmittag im Park mit der Familie oder beim Vloggen Ihres t\u00e4glichen Lebens - mit dem Osmo Pocket 3 k\u00f6nnen Sie unterwegs atemberaubend fl\u00fcssige Aufnahmen machen. Bitte aktualisieren Sie die Firmware auf die neueste Version f\u00fcr ein besseres Benutzererlebnis. * Aufgrund von Kompatibilit\u00e4tsproblemen mit der Plattform\u2026","rel":"","context":"Similar post","img":{"alt_text":"","src":"https:\/\/i0.wp.com\/anythingtechnicallc.com\/wp-content\/uploads\/2025\/08\/514LEUejXYL._AC_SL1500_.jpg?fit=668%2C1200&ssl=1&resize=350%2C200","width":350,"height":200},"classes":[]},{"id":9497,"url":"https:\/\/anythingtechnicallc.com\/index.php\/de\/product\/dji-osmo-pocket-3-vlogging-kamera-mit-1-cmos-4k-120fps-vlog-kamera-3-achsen-stabilisierung-schnelle-fokussierung-gesichts-objektverfolgung-digitale-vlogging-kamera-fuer-youtube\/","url_meta":{"origin":9635,"position":1},"title":"DJI Osmo Pocket 3, Vlogging-Kamera mit 1&#8221; CMOS &#038; 4K\/120fps Vlog-Kamera, 3-Achsen-Stabilisierung, schnelle Fokussierung, Gesichts-\/Objektverfolgung, digitale Vlogging-Kamera f\u00fcr YouTube","date":"March 21, 2026","format":false,"excerpt":"Ob auf Reisen, bei einem Nachmittag im Park mit der Familie oder beim Vloggen Ihres t\u00e4glichen Lebens - mit dem Osmo Pocket 3 k\u00f6nnen Sie unterwegs atemberaubend fl\u00fcssige Aufnahmen machen. Bitte aktualisieren Sie die Firmware auf die neueste Version f\u00fcr ein besseres Benutzererlebnis. * Aufgrund von Kompatibilit\u00e4tsproblemen mit der Plattform\u2026","rel":"","context":"Similar post","img":{"alt_text":"","src":"https:\/\/i0.wp.com\/anythingtechnicallc.com\/wp-content\/uploads\/2025\/08\/61tukvVUMiL._AC_SL1500_.jpg?fit=476%2C1200&ssl=1&resize=350%2C200","width":350,"height":200},"classes":[]},{"id":9831,"url":"https:\/\/anythingtechnicallc.com\/index.php\/de\/product\/apple-ipad-11-zoll-a16-chip-11-zoll-modell-liquid-retina-display-128gb-wi-fi-6-12mp-front-12mp-rueckkamera-touch-id-ganztaegige-batterielaufzeit-blau\/","url_meta":{"origin":9635,"position":2},"title":"Apple iPad 11-Zoll: A16 Chip, 11-Zoll Modell, Liquid Retina Display, 128GB, Wi-Fi 6, 12MP Front-\/12MP R\u00fcckkamera, Touch ID, Ganzt\u00e4gige Batterielaufzeit &#8211; Blau","date":"April 8, 2026","format":false,"excerpt":"WARUM IPAD - Das 11-Zoll-iPad ist jetzt leistungsf\u00e4higer denn je mit dem superschnellen A16-Chip, einem atemberaubenden Liquid Retina-Display, fortschrittlichen Kameras, schnellem Wi-Fi, USB-C-Anschluss und vier pr\u00e4chtigen Farben.* Das iPad bietet eine leistungsstarke M\u00f6glichkeit, zu kreieren, in Verbindung zu bleiben und Dinge zu erledigen. LEISTUNG UND SPEICHER - Der superschnelle A16\u2026","rel":"","context":"Similar post","img":{"alt_text":"","src":"https:\/\/i0.wp.com\/anythingtechnicallc.com\/wp-content\/uploads\/2026\/03\/61aPY8odPSL._AC_SL1500_.jpg?fit=1061%2C1200&ssl=1&resize=350%2C200","width":350,"height":200},"classes":[]},{"id":9515,"url":"https:\/\/anythingtechnicallc.com\/index.php\/de\/product\/dji-osmo-action-4-standard-combo-4k-120fps-wasserdichte-action-kamera-mit-1-13-zoll-sensor-atemberaubende-low-light-bilder-10-bit-d-log-m-farbleistung-lange-laufzeit-von-160-minuten-outdoor-ka\/","url_meta":{"origin":9635,"position":3},"title":"DJI Osmo Action 4 Standard Combo, 4K\/120fps Wasserdichte Action-Kamera mit 1\/1,3-Zoll-Sensor, atemberaubende Low-Light-Bilder, 10-Bit &#038; D-Log M Farbleistung, lange Laufzeit von 160 Minuten, Outdoor-Kamera","date":"March 21, 2026","format":false,"excerpt":"Tadellose Bildqualit\u00e4t bei Tag und Nacht - Erleben Sie mit dem gro\u00dfen 1\/1,3-Zoll-Sensor der 4K-Actionkamera eine atemberaubende Bildsch\u00e4rfe und unvergleichliche Leistung bei schlechten Lichtverh\u00e4ltnissen, die jedes Abenteuer von der Morgend\u00e4mmerung bis zur Abendd\u00e4mmerung in atemberaubenden Details festh\u00e4lt. Lebendige, naturgetreue Farben - Werten Sie Ihre Aufnahmen mit 10-Bit und D-Log M\u2026","rel":"","context":"Similar post","img":{"alt_text":"","src":"https:\/\/i0.wp.com\/anythingtechnicallc.com\/wp-content\/uploads\/2025\/08\/71wlB2kVcL._AC_SL1500_.jpg?fit=1200%2C762&ssl=1&resize=350%2C200","width":350,"height":200},"classes":[]},{"id":9503,"url":"https:\/\/anythingtechnicallc.com\/index.php\/de\/product\/canon-powershot-v10-kamera-content-creator-kompaktkamera-fuer-vlogging-festes-19mm-weitwinkelobjektiv-4k-video-gesichtserkennung-integriertes-mikrofon-live-streaming-integrierter-staender-schw\/","url_meta":{"origin":9635,"position":4},"title":"Canon PowerShot V10 Kamera, Content Creator Kompaktkamera f\u00fcr Vlogging, festes 19mm Weitwinkelobjektiv, 4K Video, Gesichtserkennung, integriertes Mikrofon, Live Streaming, integrierter St\u00e4nder, Schwarz","date":"March 21, 2026","format":false,"excerpt":"Mit der Canon PowerShot V10 Vlogging-Kamera f\u00fcr Content Creators k\u00f6nnen Sie Ihrer Kreativit\u00e4t auch unterwegs freien Lauf lassen. Die PowerShot V10 ist eine Vlogging- und Fotokamera in einem neuen, \u00e4u\u00dferst tragbaren Format mit Komponenten aus der beliebten G-Serie, mit der Sie beeindruckende Videos erstellen k\u00f6nnen. Mit Stereotonaufnahme, integriertem Stativ und\u2026","rel":"","context":"Similar post","img":{"alt_text":"","src":"https:\/\/i0.wp.com\/anythingtechnicallc.com\/wp-content\/uploads\/2025\/08\/61qhyHDMGFL._AC_SL1500_.jpg?fit=790%2C1200&ssl=1&resize=350%2C200","width":350,"height":200},"classes":[]},{"id":9509,"url":"https:\/\/anythingtechnicallc.com\/index.php\/de\/product\/insta360-go-3s-128-gb-weiss-4k-winzige-tragbare-vlogging-kamera-freihaendige-povs-ueberall-montierbar-stabilisierung-140-min-akkulaufzeit-10m-wasserdicht-apple-find-my-pet-pov\/","url_meta":{"origin":9635,"position":5},"title":"Insta360 GO 3S &#8211; 128 GB Wei\u00df 4K Winzige tragbare Vlogging-Kamera, freih\u00e4ndige POVs, \u00fcberall montierbar, Stabilisierung, 140 Min. Akkulaufzeit, 10m wasserdicht, Apple Find My, Pet POV","date":"March 21, 2026","format":false,"excerpt":"1.4OZ (39G) & Daumengro\u00df- Erschlie\u00dfen Sie sich grenzenlose Kreativit\u00e4t mit der Insta360 GO 3S, einer winzigen, leistungsstarken 4K-Kamera mit einem Gewicht von nur 1.4oz (39g). Hochwertige Aufnahmen in einem winzigen, aber m\u00e4chtigen Paket. 4K HANDS-FREE POVS - Ein leistungsstarker Chip f\u00fcr hochwertiges Filmmaterial und ein neues Weitwinkelobjektiv. Nehmen Sie 4K-Freihand-POVs\u2026","rel":"","context":"Similar post","img":{"alt_text":"","src":"https:\/\/i0.wp.com\/anythingtechnicallc.com\/wp-content\/uploads\/2025\/08\/71ti3cYFEwL._AC_SL1500_.jpg?fit=1122%2C1200&ssl=1&resize=350%2C200","width":350,"height":200},"classes":[]}],"pll_sync_post":[],"lang":"de","translations":{"de":9635,"en":8547},"_links":{"self":[{"href":"https:\/\/anythingtechnicallc.com\/index.php\/wp-json\/wp\/v2\/product\/9635","targetHints":{"allow":["GET"]}}],"collection":[{"href":"https:\/\/anythingtechnicallc.com\/index.php\/wp-json\/wp\/v2\/product"}],"about":[{"href":"https:\/\/anythingtechnicallc.com\/index.php\/wp-json\/wp\/v2\/types\/product"}],"replies":[{"embeddable":true,"href":"https:\/\/anythingtechnicallc.com\/index.php\/wp-json\/wp\/v2\/comments?post=9635"}],"wp:featuredmedia":[{"embeddable":true,"href":"https:\/\/anythingtechnicallc.com\/index.php\/wp-json\/wp\/v2\/media\/9634"}],"wp:attachment":[{"href":"https:\/\/anythingtechnicallc.com\/index.php\/wp-json\/wp\/v2\/media?parent=9635"}],"wp:term":[{"taxonomy":"product_brand","embeddable":true,"href":"https:\/\/anythingtechnicallc.com\/index.php\/wp-json\/wp\/v2\/product_brand?post=9635"},{"taxonomy":"product_cat","embeddable":true,"href":"https:\/\/anythingtechnicallc.com\/index.php\/wp-json\/wp\/v2\/product_cat?post=9635"},{"taxonomy":"product_tag","embeddable":true,"href":"https:\/\/anythingtechnicallc.com\/index.php\/wp-json\/wp\/v2\/product_tag?post=9635"}],"curies":[{"name":"wp","href":"https:\/\/api.w.org\/{rel}","templated":true}]}}