{"id":9641,"date":"2026-03-24T10:27:46","date_gmt":"2026-03-24T10:27:46","guid":{"rendered":"https:\/\/anythingtechnicallc.com\/?post_type=product&#038;p=9641"},"modified":"2026-03-24T10:27:46","modified_gmt":"2026-03-24T10:27:46","slug":"erneuerte-apple-airpods-max-wireless-over-ear-kopfhoerer-pro-level-aktive-geraeuschunterdrueckung-transparenz-modus-personalisiertes-raeumliches-audio-usb-c-aufladung-bluetooth-kopfhoerer-fuer-ip","status":"publish","type":"product","link":"https:\/\/anythingtechnicallc.com\/index.php\/de\/product\/erneuerte-apple-airpods-max-wireless-over-ear-kopfhoerer-pro-level-aktive-geraeuschunterdrueckung-transparenz-modus-personalisiertes-raeumliches-audio-usb-c-aufladung-bluetooth-kopfhoerer-fuer-ip\/","title":{"rendered":"Erneuerte Apple AirPods Max Wireless Over-Ear-Kopfh\u00f6rer, Pro-Level aktive Ger\u00e4uschunterdr\u00fcckung, Transparenz-Modus, personalisiertes r\u00e4umliches Audio, USB-C Aufladung, Bluetooth-Kopfh\u00f6rer f\u00fcr iPhone &#8211; Mitternacht"},"content":{"rendered":"<ul class=\"a-unordered-list a-vertical a-spacing-mini\">\n<li class=\"a-spacing-mini\"><span class=\"a-list-item\">PERS\u00d6NLICHES RAUMAKUSTIK-AUDIO &#8211; Mit einem Klang, der sich Ihrer einzigartigen Ohrform anpasst, und einer dynamischen Kopfst\u00fctze bieten die AirPods Max ein beeindruckendes H\u00f6rerlebnis, bei dem der Klang rund um Sie herum zu h\u00f6ren ist.* Au\u00dferdem k\u00f6nnen Sie ausgew\u00e4hlte Songs, Shows und Filme in Dolby Atmos h\u00f6ren.<\/span><\/li>\n<li class=\"a-spacing-mini\"><span class=\"a-list-item\">F\u00dcNF FRISCHE FARBEN &#8211; Die AirPods Max sind in f\u00fcnf frischen Farben erh\u00e4ltlich: Midnight, Starlight, Blau, Violett und Orange. Ein farblich passendes Smart Case ist ebenfalls im Lieferumfang enthalten.<\/span><\/li>\n<li class=\"a-spacing-mini\"><span class=\"a-list-item\">MAGISCHES ERLEBNIS &#8211; Koppeln Sie die AirPods Max, indem Sie sie einfach in der N\u00e4he Ihres Ger\u00e4ts platzieren und auf dem Bildschirm auf Verbinden tippen.* Die AirPods Max halten den Ton an, wenn Sie sie abnehmen. Und die automatische Umschaltung macht das H\u00f6ren zwischen Ihrem iPhone, iPad und Mac v\u00f6llig m\u00fchelos.*<\/span><\/li>\n<li class=\"a-spacing-mini\"><span class=\"a-list-item\">MIT USB-C-LADUNG &#8211; Dank des USB-C-Anschlusses k\u00f6nnen Sie Ihre AirPods Max mit demselben Kabel aufladen, mit dem Sie auch Ihr iPhone, iPad, Ihren Mac oder andere Apple-Ger\u00e4te aufladen.<\/span><\/li>\n<li class=\"a-spacing-mini\"><span class=\"a-list-item\">ULTIMATE OVER-EAR LISTENING EXPERIENCE &#8211; Der von Apple entwickelte dynamische Treiber sorgt f\u00fcr High-Fidelity-Audio. Computational Audio kombiniert ma\u00dfgeschneidertes akustisches Design mit dem Apple H1 Chip und Software f\u00fcr ein bahnbrechendes H\u00f6rerlebnis.<\/span><\/li>\n<li class=\"a-spacing-mini\"><span class=\"a-list-item\">FOCUS ON WHAT&#8217;S PLAYING &#8211; Aktive Ger\u00e4uschunterdr\u00fcckung auf Profi-Niveau entfernt bis zu 2x mehr Hintergrundger\u00e4usche, damit Sie sich ganz auf die Musik konzentrieren k\u00f6nnen.<\/span><\/li>\n<li class=\"a-spacing-mini\"><span class=\"a-list-item\">ACOUSTIC-FIRST DESIGN &#8211; Die Ohrpolster aus Memory-Schaumstoff und die Mesh-Kappe sorgen f\u00fcr einen hervorragenden Sitz \u00fcber den Ohren, der den Klang perfekt einschlie\u00dft.<\/span><\/li>\n<\/ul>\n<div class=\"a-row a-expander-container a-expander-inline-container\">\n<div class=\"a-expander-content a-expander-extend-content a-expander-content-expanded\" data-expanded=\"true\">\n<ul class=\"a-unordered-list a-vertical a-spacing-none\">\n<li class=\"a-spacing-mini\"><span class=\"a-list-item\">H\u00d6REN SIE DIE WELT UM SICH herum &#8211; Mit dem Transparenzmodus k\u00f6nnen Sie die Welt um Sie herum bequem h\u00f6ren und mit ihr interagieren.<\/span><\/li>\n<li class=\"a-spacing-mini\"><span class=\"a-list-item\">PR\u00c4ZISE STEUERUNG &#8211; Verwenden Sie die Digital Crown, um Musik abzuspielen und zu pausieren, um Anrufe anzunehmen, zu beenden und stumm zu schalten, um die Lautst\u00e4rke zu regeln und zwischen Titeln zu wechseln.<\/span><\/li>\n<\/ul>\n<\/div>\n<\/div>\n","protected":false},"excerpt":{"rendered":"<ul class=\"a-unordered-list a-vertical a-spacing-mini\">\n<li class=\"a-spacing-mini\"><span class=\"a-list-item\">PERS\u00d6NLICHES RAUMAKUSTIK-AUDIO &#8211; Mit einem Klang, der sich Ihrer einzigartigen Ohrform anpasst, und einer dynamischen Kopfst\u00fctze bieten die AirPods Max ein beeindruckendes H\u00f6rerlebnis, bei dem der Klang rund um Sie herum zu h\u00f6ren ist.* Au\u00dferdem k\u00f6nnen Sie ausgew\u00e4hlte Songs, Shows und Filme in Dolby Atmos h\u00f6ren.<\/span><\/li>\n<li class=\"a-spacing-mini\"><span class=\"a-list-item\">F\u00dcNF FRISCHE FARBEN &#8211; Die AirPods Max sind in f\u00fcnf frischen Farben erh\u00e4ltlich: Midnight, Starlight, Blau, Violett und Orange. Ein farblich passendes Smart Case ist ebenfalls im Lieferumfang enthalten.<\/span><\/li>\n<li class=\"a-spacing-mini\"><span class=\"a-list-item\">MAGISCHES ERLEBNIS &#8211; Koppeln Sie die AirPods Max, indem Sie sie einfach in der N\u00e4he Ihres Ger\u00e4ts platzieren und auf dem Bildschirm auf Verbinden tippen.* Die AirPods Max halten den Ton an, wenn Sie sie abnehmen. Und die automatische Umschaltung macht das H\u00f6ren zwischen Ihrem iPhone, iPad und Mac v\u00f6llig m\u00fchelos.*<\/span><\/li>\n<li class=\"a-spacing-mini\"><span class=\"a-list-item\">MIT USB-C-LADUNG &#8211; Dank des USB-C-Anschlusses k\u00f6nnen Sie Ihre AirPods Max mit demselben Kabel aufladen, mit dem Sie auch Ihr iPhone, iPad, Ihren Mac oder andere Apple-Ger\u00e4te aufladen.<\/span><\/li>\n<li class=\"a-spacing-mini\"><span class=\"a-list-item\">ULTIMATE OVER-EAR LISTENING EXPERIENCE &#8211; Der von Apple entwickelte dynamische Treiber sorgt f\u00fcr High-Fidelity-Audio. Computational Audio kombiniert ma\u00dfgeschneidertes akustisches Design mit dem Apple H1 Chip und Software f\u00fcr ein bahnbrechendes H\u00f6rerlebnis.<\/span><\/li>\n<li class=\"a-spacing-mini\"><span class=\"a-list-item\">FOCUS ON WHAT&#8217;S PLAYING &#8211; Aktive Ger\u00e4uschunterdr\u00fcckung auf Profi-Niveau entfernt bis zu 2x mehr Hintergrundger\u00e4usche, damit Sie sich ganz auf die Musik konzentrieren k\u00f6nnen.<\/span><\/li>\n<li class=\"a-spacing-mini\"><span class=\"a-list-item\">ACOUSTIC-FIRST DESIGN &#8211; Die Ohrpolster aus Memory-Schaumstoff und die Mesh-Kappe sorgen f\u00fcr einen hervorragenden Sitz \u00fcber den Ohren, der den Klang perfekt einschlie\u00dft.<\/span><\/li>\n<\/ul>\n<div class=\"a-row a-expander-container a-expander-inline-container\">\n<div class=\"a-expander-content a-expander-extend-content a-expander-content-expanded\" data-expanded=\"true\">\n<ul class=\"a-unordered-list a-vertical a-spacing-none\">\n<li class=\"a-spacing-mini\"><span class=\"a-list-item\">H\u00d6REN SIE DIE WELT UM SICH herum &#8211; Mit dem Transparenzmodus k\u00f6nnen Sie die Welt um Sie herum bequem h\u00f6ren und mit ihr interagieren.<\/span><\/li>\n<li class=\"a-spacing-mini\"><span class=\"a-list-item\">PR\u00c4ZISE STEUERUNG &#8211; Verwenden Sie die Digital Crown, um Musik abzuspielen und zu pausieren, um Anrufe anzunehmen, zu beenden und stumm zu schalten, um die Lautst\u00e4rke zu regeln und zwischen Titeln zu wechseln.<\/span><\/li>\n<\/ul>\n<\/div>\n<\/div>\n","protected":false},"featured_media":9640,"comment_status":"open","ping_status":"closed","template":"","meta":{"_et_pb_use_builder":"","_et_pb_old_content":"","_et_gb_content_width":""},"product_brand":[],"product_cat":[1578],"product_tag":[],"class_list":{"0":"post-9641","1":"product","2":"type-product","3":"status-publish","4":"has-post-thumbnail","6":"product_cat-headset","8":"first","9":"instock","10":"sale","11":"taxable","12":"shipping-taxable","13":"purchasable","14":"product-type-simple"},"exclude_global_add_ons":[],"addons":[],"jetpack-related-posts":[{"id":9910,"url":"https:\/\/anythingtechnicallc.com\/index.php\/de\/product\/gebrauchte-apple-airpods-pro-drahtlose-ohrhoerer-mit-magsafe-ladegehaeuse\/","url_meta":{"origin":9641,"position":0},"title":"Gebrauchte Apple AirPods Pro Drahtlose Ohrh\u00f6rer mit MagSafe Ladegeh\u00e4use","date":"April 15, 2026","format":false,"excerpt":"Die aktive Ger\u00e4uschunterdr\u00fcckung blockiert Au\u00dfenger\u00e4usche, damit Sie sich ganz auf die Musik konzentrieren k\u00f6nnen. Der Transparenzmodus erm\u00f6glicht es Ihnen, die Welt um Sie herum zu h\u00f6ren und mit ihr zu interagieren. Spatial Audio mit dynamischem Head Tracking platziert den Klang um Sie herum. Adaptive EQ stimmt die Musik automatisch auf\u2026","rel":"","context":"Similar post","img":{"alt_text":"","src":"https:\/\/i0.wp.com\/anythingtechnicallc.com\/wp-content\/uploads\/2026\/04\/Apple-AirPods-Pro-Wireless-Earbuds-with-MagSafe-Charging-Case-Renewed.jpg?fit=675%2C1200&ssl=1&resize=350%2C200","width":350,"height":200},"classes":[]},{"id":9372,"url":"https:\/\/anythingtechnicallc.com\/index.php\/de\/product\/belkin-magsafe-3-in-1-wireless-charging-pad-schnelles-drahtloses-aufladen-fuer-apple-watch-iphone-16-iphone-15-iphone-14-iphone-12-serie-airpods-ladestation-fuer-mehrere-geraete-schwarz\/","url_meta":{"origin":9641,"position":1},"title":"Belkin MagSafe 3-in-1 Wireless Charging Pad &#8211; Schnelles drahtloses Aufladen f\u00fcr Apple Watch, iPhone 16, iPhone 15, iPhone 14, &#038; iPhone 12 Serie, &#038; AirPods &#8211; Ladestation f\u00fcr mehrere Ger\u00e4te &#8211; Schwarz","date":"March 19, 2026","format":false,"excerpt":"VON RENOMMIERTEN MEDIEN VORGESTELLT: Dieses Pad ist mit verschiedenen Smartphones kompatibel und wird von Organisationen wie Yahoo, CNN Underscored und anderen f\u00fcr seinen integrierten MagSafe anerkannt. Forbes bezeichnet es als \"bestes Ladepad f\u00fcr Apple Watch Series 7 Nutzer\". 3-IN-1-LADEGER\u00c4T LADET IHR IPHONE, APPLE WATCH und AIRPODS GLEICHZEITIG AUF: Versorgen Sie\u2026","rel":"","context":"Similar post","img":{"alt_text":"","src":"https:\/\/i0.wp.com\/anythingtechnicallc.com\/wp-content\/uploads\/2025\/08\/61D5I3EBqL._AC_SL1500_.jpg?fit=913%2C1200&ssl=1&resize=350%2C200","width":350,"height":200},"classes":[]},{"id":9735,"url":"https:\/\/anythingtechnicallc.com\/index.php\/de\/product\/gebrauchter-sennheiser-ie-400-pro-professioneller-in-ear-monitoring-kopfhoerer-klar\/","url_meta":{"origin":9641,"position":2},"title":"Gebrauchter Sennheiser IE 400 PRO Professioneller In-Ear-Monitoring-Kopfh\u00f6rer, klar","date":"March 24, 2026","format":false,"excerpt":"Erleben Sie Audio auf Profi-Niveau mit diesen In-Ear-Monitoren von Sennheiser, perfekt f\u00fcr Live-Auftritte. Erzielen Sie eine \u00fcberragende Ger\u00e4uschisolierung von bis zu 26 dB, die selbst in lauten Umgebungen einen kristallklaren Klang gew\u00e4hrleistet. Dieser robuste In-Ear-Kopfh\u00f6rer verf\u00fcgt \u00fcber einen breiten Frequenzgang von 6-19.000 Hz f\u00fcr detailreichen Klang. Die niedrige Impedanz des\u2026","rel":"","context":"Similar post","img":{"alt_text":"","src":"https:\/\/i0.wp.com\/anythingtechnicallc.com\/wp-content\/uploads\/2026\/03\/Sennheiser-IE-400-PRO-Professional-In-Ear-Monitoring-Headphones-Clear.jpg?fit=1200%2C1200&ssl=1&resize=350%2C200","width":350,"height":200},"classes":[]},{"id":9644,"url":"https:\/\/anythingtechnicallc.com\/index.php\/de\/product\/beats-fit-pro-true-wireless-noise-cancelling-in-ear-kopfhoerer-schwarz-mk2f3ll-a-erneuert\/","url_meta":{"origin":9641,"position":3},"title":"Beats Fit Pro True Wireless Noise Cancelling In-Ear Kopfh\u00f6rer &#8211; Schwarz, MK2F3LL\/A (Erneuert)","date":"March 24, 2026","format":false,"excerpt":"Flexible, sicher sitzende Fl\u00fcgelspitzen f\u00fcr ganzt\u00e4gigen Komfort und Stabilit\u00e4t. Ma\u00dfgeschneiderte akustische Plattform f\u00fcr kraftvollen, ausgewogenen Klang. Spatial Audio mit dynamischem Head Tracking f\u00fcr eindringliche Musik, Filme und Spiele. Drei verschiedene H\u00f6rmodi: Aktive Ger\u00e4uschunterdr\u00fcckung, Transparenzmodus und adaptiver EQ. Verbessert durch den Apple H1 Chip f\u00fcr automatisches Umschalten, Audio Sharing (mit einem\u2026","rel":"","context":"Similar post","img":{"alt_text":"","src":"https:\/\/i0.wp.com\/anythingtechnicallc.com\/wp-content\/uploads\/2025\/10\/41Q5qB0JkyL._AC_SL1107_.jpg?fit=904%2C1107&ssl=1&resize=350%2C200","width":350,"height":200},"classes":[]},{"id":9683,"url":"https:\/\/anythingtechnicallc.com\/index.php\/de\/product\/bose-quietcomfort-ultra-wireless-noise-cancelling-headphones-mit-spatial-audio-over-the-ear-kopfhoerer-mit-mikrofon-bis-zu-24-stunden-akkulaufzeit-white-smoke-renewed\/","url_meta":{"origin":9641,"position":4},"title":"Bose QuietComfort Ultra Wireless Noise Cancelling Headphones mit Spatial Audio, Over-The-Ear-Kopfh\u00f6rer mit Mikrofon, bis zu 24 Stunden Akkulaufzeit, White Smoke (Renewed)","date":"March 24, 2026","format":false,"excerpt":"LEVELED-UP LISTENING: Die Bose QuietComfort Ultra Headphones mit Spatial Audio bieten Ihnen ein immersives Erlebnis, bei dem sich Musik noch realer anf\u00fchlt; die CustomTune Technologie bietet Ihnen einen personalisierten, auf Sie zugeschnittenen Klang. GER\u00c4USCHUNTERDR\u00dcCKUNG DER WELTKLASSE: Diese Kopfh\u00f6rer mit Ger\u00e4uschunterdr\u00fcckung verf\u00fcgen \u00fcber den Quiet Mode, den Aware Mode und den\u2026","rel":"","context":"Similar post","img":{"alt_text":"","src":"https:\/\/i0.wp.com\/anythingtechnicallc.com\/wp-content\/uploads\/2026\/01\/Bose-QuietComfort-Ultra-White-Smoke.jpg?fit=1200%2C1200&ssl=1&resize=350%2C200","width":350,"height":200},"classes":[]},{"id":9608,"url":"https:\/\/anythingtechnicallc.com\/index.php\/de\/product\/erneut-bose-quietcomfort-20-akustische-geraeuschunterdrueckung-kopfhoerer-apple-geraete-schwarz\/","url_meta":{"origin":9641,"position":5},"title":"Erneut Bose QuietComfort 20 Akustische Ger\u00e4uschunterdr\u00fcckung Kopfh\u00f6rer, Apple Ger\u00e4te (Schwarz)","date":"March 24, 2026","format":false,"excerpt":"Blenden Sie die Welt aus und verlieren Sie sich in Ihrer Musik oder h\u00f6ren Sie, was um Sie herum passiert. Sie haben die Wahl mit den ersten In-Ear-Kopfh\u00f6rern mit Ger\u00e4uschunterdr\u00fcckung von Bose. Die Quiet Comfort 20 Acoustic Noise Cancelling Headphones wurden entwickelt, damit Sie jeden Tag und \u00fcberall einen besseren\u2026","rel":"","context":"Similar post","img":{"alt_text":"","src":"https:\/\/i0.wp.com\/anythingtechnicallc.com\/wp-content\/uploads\/2025\/10\/71ZEg1bQ2sL._AC_SL1472_.jpg?fit=1200%2C701&ssl=1&resize=350%2C200","width":350,"height":200},"classes":[]}],"pll_sync_post":[],"lang":"de","translations":{"de":9641,"en":8553},"_links":{"self":[{"href":"https:\/\/anythingtechnicallc.com\/index.php\/wp-json\/wp\/v2\/product\/9641","targetHints":{"allow":["GET"]}}],"collection":[{"href":"https:\/\/anythingtechnicallc.com\/index.php\/wp-json\/wp\/v2\/product"}],"about":[{"href":"https:\/\/anythingtechnicallc.com\/index.php\/wp-json\/wp\/v2\/types\/product"}],"replies":[{"embeddable":true,"href":"https:\/\/anythingtechnicallc.com\/index.php\/wp-json\/wp\/v2\/comments?post=9641"}],"wp:featuredmedia":[{"embeddable":true,"href":"https:\/\/anythingtechnicallc.com\/index.php\/wp-json\/wp\/v2\/media\/9640"}],"wp:attachment":[{"href":"https:\/\/anythingtechnicallc.com\/index.php\/wp-json\/wp\/v2\/media?parent=9641"}],"wp:term":[{"taxonomy":"product_brand","embeddable":true,"href":"https:\/\/anythingtechnicallc.com\/index.php\/wp-json\/wp\/v2\/product_brand?post=9641"},{"taxonomy":"product_cat","embeddable":true,"href":"https:\/\/anythingtechnicallc.com\/index.php\/wp-json\/wp\/v2\/product_cat?post=9641"},{"taxonomy":"product_tag","embeddable":true,"href":"https:\/\/anythingtechnicallc.com\/index.php\/wp-json\/wp\/v2\/product_tag?post=9641"}],"curies":[{"name":"wp","href":"https:\/\/api.w.org\/{rel}","templated":true}]}}