{"id":9644,"date":"2026-03-24T10:28:39","date_gmt":"2026-03-24T10:28:39","guid":{"rendered":"https:\/\/anythingtechnicallc.com\/?post_type=product&#038;p=9644"},"modified":"2026-03-24T10:28:39","modified_gmt":"2026-03-24T10:28:39","slug":"beats-fit-pro-true-wireless-noise-cancelling-in-ear-kopfhoerer-schwarz-mk2f3ll-a-erneuert","status":"publish","type":"product","link":"https:\/\/anythingtechnicallc.com\/index.php\/de\/product\/beats-fit-pro-true-wireless-noise-cancelling-in-ear-kopfhoerer-schwarz-mk2f3ll-a-erneuert\/","title":{"rendered":"Beats Fit Pro True Wireless Noise Cancelling In-Ear Kopfh\u00f6rer &#8211; Schwarz, MK2F3LL\/A (Erneuert)"},"content":{"rendered":"<ul class=\"a-unordered-list a-vertical a-spacing-mini\">\n<li class=\"a-spacing-mini\"><span class=\"a-list-item\">Flexible, sicher sitzende Fl\u00fcgelspitzen f\u00fcr ganzt\u00e4gigen Komfort und Stabilit\u00e4t. <\/span><\/li>\n<li class=\"a-spacing-mini\"><span class=\"a-list-item\">Ma\u00dfgeschneiderte akustische Plattform f\u00fcr kraftvollen, ausgewogenen Klang. <\/span><\/li>\n<li class=\"a-spacing-mini\"><span class=\"a-list-item\">Spatial Audio mit dynamischem Headtracking f\u00fcr eindringliche Musik, Filme und Spiele. <\/span><\/li>\n<li class=\"a-spacing-mini\"><span class=\"a-list-item\">Drei verschiedene H\u00f6rmodi: Aktive Ger\u00e4uschunterdr\u00fcckung, Transparenzmodus und adaptiver EQ. <\/span><\/li>\n<li class=\"a-spacing-mini\"><span class=\"a-list-item\">Verbessert durch den Apple H1 Chip f\u00fcr automatisches Umschalten, Audio Sharing (mit einem anderen Paar Beats Kopfh\u00f6rer oder Apple AirPods) und &#8220;Hey Siri&#8221;. <\/span><\/li>\n<li class=\"a-spacing-mini\"><span class=\"a-list-item\">Schwei\u00df- und wasserfeste (IPX4-zertifizierte) Ohrh\u00f6rer. <\/span><\/li>\n<li class=\"a-spacing-mini\"><span class=\"a-list-item\">Bis zu 6 Stunden H\u00f6rdauer (bis zu 24 Stunden in Kombination mit dem Ladeetui im Taschenformat). <\/span><\/li>\n<\/ul>\n<div class=\"a-row a-expander-container a-expander-inline-container\">\n<div class=\"a-expander-content a-expander-extend-content a-expander-content-expanded\" data-expanded=\"true\">\n<ul class=\"a-unordered-list a-vertical a-spacing-none\">\n<li class=\"a-spacing-mini\"><span class=\"a-list-item\">Hochwertige Gespr\u00e4chsqualit\u00e4t und Interaktion mit dem Sprachassistenten \u00fcber integrierte Mikrofone. <\/span><\/li>\n<li class=\"a-spacing-mini\"><span class=\"a-list-item\">Branchenf\u00fchrendes Bluetooth der Klasse 1 f\u00fcr gr\u00f6\u00dfere Reichweite und weniger Verbindungsabbr\u00fcche. <\/span><\/li>\n<\/ul>\n<\/div>\n<\/div>\n","protected":false},"excerpt":{"rendered":"<ul class=\"a-unordered-list a-vertical a-spacing-mini\">\n<li class=\"a-spacing-mini\"><span class=\"a-list-item\">Flexible, sicher sitzende Fl\u00fcgelspitzen f\u00fcr ganzt\u00e4gigen Komfort und Stabilit\u00e4t. <\/span><\/li>\n<li class=\"a-spacing-mini\"><span class=\"a-list-item\">Ma\u00dfgeschneiderte akustische Plattform f\u00fcr kraftvollen, ausgewogenen Klang. <\/span><\/li>\n<li class=\"a-spacing-mini\"><span class=\"a-list-item\">Spatial Audio mit dynamischem Head Tracking f\u00fcr eindringliche Musik, Filme und Spiele. <\/span><\/li>\n<li class=\"a-spacing-mini\"><span class=\"a-list-item\">Drei verschiedene H\u00f6rmodi: Aktive Ger\u00e4uschunterdr\u00fcckung, Transparenzmodus und adaptiver EQ. <\/span><\/li>\n<li class=\"a-spacing-mini\"><span class=\"a-list-item\">Verbessert durch den Apple H1 Chip f\u00fcr automatisches Umschalten, Audio Sharing (mit einem anderen Paar Beats Kopfh\u00f6rer oder Apple AirPods) und &#8220;Hey Siri&#8221;. <\/span><\/li>\n<li class=\"a-spacing-mini\"><span class=\"a-list-item\">Schwei\u00df- und wasserfeste (IPX4-zertifizierte) Ohrh\u00f6rer. <\/span><\/li>\n<li class=\"a-spacing-mini\"><span class=\"a-list-item\">Bis zu 6 Stunden H\u00f6rdauer (bis zu 24 Stunden in Kombination mit dem Ladeetui im Taschenformat). <\/span><\/li>\n<\/ul>\n<div class=\"a-row a-expander-container a-expander-inline-container\">\n<div class=\"a-expander-content a-expander-extend-content a-expander-content-expanded\" data-expanded=\"true\">\n<ul class=\"a-unordered-list a-vertical a-spacing-none\">\n<li class=\"a-spacing-mini\"><span class=\"a-list-item\">Hochwertige Gespr\u00e4chsqualit\u00e4t und Interaktion mit dem Sprachassistenten \u00fcber integrierte Mikrofone. <\/span><\/li>\n<li class=\"a-spacing-mini\"><span class=\"a-list-item\">Branchenf\u00fchrendes Bluetooth der Klasse 1 f\u00fcr gr\u00f6\u00dfere Reichweite und weniger Verbindungsabbr\u00fcche. <\/span><\/li>\n<\/ul>\n<\/div>\n<\/div>\n","protected":false},"featured_media":9643,"comment_status":"open","ping_status":"closed","template":"","meta":{"_et_pb_use_builder":"","_et_pb_old_content":"","_et_gb_content_width":""},"product_brand":[],"product_cat":[1578],"product_tag":[],"class_list":{"0":"post-9644","1":"product","2":"type-product","3":"status-publish","4":"has-post-thumbnail","6":"product_cat-headset","8":"first","9":"instock","10":"sale","11":"taxable","12":"shipping-taxable","13":"purchasable","14":"product-type-simple"},"exclude_global_add_ons":[],"addons":[],"jetpack-related-posts":[{"id":9864,"url":"https:\/\/anythingtechnicallc.com\/index.php\/de\/product\/gebrauchte-bose-quietcomfort-25-akustische-geraeuschunterdrueckung-kopfhoerer-verkabelt-schwarz\/","url_meta":{"origin":9644,"position":0},"title":"Gebrauchte Bose QuietComfort 25 Akustische Ger\u00e4uschunterdr\u00fcckung Kopfh\u00f6rer (verkabelt, Schwarz)","date":"April 8, 2026","format":false,"excerpt":"Die QuietComfort 25 Acoustic Noise Cancelling Kopfh\u00f6rer sind die leistungsst\u00e4rksten Around-Ear-Kopfh\u00f6rer von Bose. Sie bieten Ihnen einen klaren, kraftvollen Klang und eine Ruhe, mit der Sie Ihre Musik besser h\u00f6ren k\u00f6nnen. Bose entwickelt seine branchenf\u00fchrenden Kopfh\u00f6rer mit der neuesten Bose Active EQ- und TriPort-Technologie weiter und sorgt so f\u00fcr einen\u2026","rel":"","context":"Similar post","img":{"alt_text":"","src":"https:\/\/i0.wp.com\/anythingtechnicallc.com\/wp-content\/uploads\/2026\/03\/Bose-QuietComfort-25.jpg?fit=900%2C1200&ssl=1&resize=350%2C200","width":350,"height":200},"classes":[]},{"id":9717,"url":"https:\/\/anythingtechnicallc.com\/index.php\/de\/product\/bose-quietcomfort-45-bluetooth-kopfhoerer-mit-drahtloser-geraeuschunterdrueckung-triple-black-erneuert\/","url_meta":{"origin":9644,"position":1},"title":"Bose QuietComfort 45 Bluetooth Kopfh\u00f6rer mit drahtloser Ger\u00e4uschunterdr\u00fcckung &#8211; Triple Black (Erneuert)","date":"March 24, 2026","format":false,"excerpt":"Kabellose Kopfh\u00f6rer mit Ger\u00e4uschunterdr\u00fcckung - Die perfekte Balance aus Ruhe, Komfort und Klang. Bose verwendet winzige Mikrofone, um Au\u00dfenger\u00e4usche zu messen, zu vergleichen und darauf zu reagieren, indem sie sie mit entgegengesetzten Signalen ausl\u00f6schen. High-Fidelity-Audio - Die akustische TriPort-Architektur bietet Tiefe und F\u00fclle. Der f\u00fcr die Lautst\u00e4rke optimierte Active EQ\u2026","rel":"","context":"Similar post","img":{"alt_text":"","src":"https:\/\/i0.wp.com\/anythingtechnicallc.com\/wp-content\/uploads\/2026\/02\/Bose-QuietComfort-45.jpg?fit=900%2C1200&ssl=1&resize=350%2C200","width":350,"height":200},"classes":[]},{"id":9910,"url":"https:\/\/anythingtechnicallc.com\/index.php\/de\/product\/gebrauchte-apple-airpods-pro-drahtlose-ohrhoerer-mit-magsafe-ladegehaeuse\/","url_meta":{"origin":9644,"position":2},"title":"Gebrauchte Apple AirPods Pro Drahtlose Ohrh\u00f6rer mit MagSafe Ladegeh\u00e4use","date":"April 15, 2026","format":false,"excerpt":"Die aktive Ger\u00e4uschunterdr\u00fcckung blockiert Au\u00dfenger\u00e4usche, damit Sie sich ganz auf die Musik konzentrieren k\u00f6nnen. Der Transparenzmodus erm\u00f6glicht es Ihnen, die Welt um Sie herum zu h\u00f6ren und mit ihr zu interagieren. Spatial Audio mit dynamischem Head Tracking platziert den Klang um Sie herum. Adaptive EQ stimmt die Musik automatisch auf\u2026","rel":"","context":"Similar post","img":{"alt_text":"","src":"https:\/\/i0.wp.com\/anythingtechnicallc.com\/wp-content\/uploads\/2026\/04\/Apple-AirPods-Pro-Wireless-Earbuds-with-MagSafe-Charging-Case-Renewed.jpg?fit=675%2C1200&ssl=1&resize=350%2C200","width":350,"height":200},"classes":[]},{"id":9858,"url":"https:\/\/anythingtechnicallc.com\/index.php\/de\/product\/shokz-openmove-offene-bluetooth-sport-kopfhoerer-kabellose-kopfhoerer-mit-knochenleitung-schweissfest-zum-laufen-und-trainieren-mit-sticker-pack-grau\/","url_meta":{"origin":9644,"position":3},"title":"SHOKZ OpenMove &#8211; Offene Bluetooth-Sport-Kopfh\u00f6rer, kabellose Kopfh\u00f6rer mit Knochenleitung, schwei\u00dffest zum Laufen und Trainieren, mit Sticker-Pack, grau","date":"April 8, 2026","format":false,"excerpt":"Offene Kopfh\u00f6rer - Erleben Sie un\u00fcbertroffenen Komfort mit unserem leichten, sicher sitzenden und ohrst\u00f6pselfreien Design f\u00fcr ganzt\u00e4giges H\u00f6ren ohne Erm\u00fcdung der Ohren. (Rebranded Version von AfterShokz OpenMove). Sicherer Sitz - Vom leichten Joggen bis zum t\u00e4glichen Pendeln - ein umlaufender Titanrahmen sorgt daf\u00fcr, dass Ihre Knochenleitungs-Kopfh\u00f6rer bei einer Reihe von\u2026","rel":"","context":"Similar post","img":{"alt_text":"","src":"https:\/\/i0.wp.com\/anythingtechnicallc.com\/wp-content\/uploads\/2026\/03\/514DHeZb-UL._AC_SL1500_.jpg?fit=1200%2C664&ssl=1&resize=350%2C200","width":350,"height":200},"classes":[]},{"id":9671,"url":"https:\/\/anythingtechnicallc.com\/index.php\/de\/product\/refurbished-bose-ultra-open-earbuds-offene-bluetooth-ohrhoerer-mit-openaudio-fuer-mehr-aufmerksamkeit-clip-on-design-fuer-mehr-komfort-wasserfest-bis-zu-48-stunden-spielzeit-schwarz\/","url_meta":{"origin":9644,"position":4},"title":"Refurbished Bose Ultra Open Earbuds &#8211; Offene Bluetooth-Ohrh\u00f6rer mit OpenAudio f\u00fcr mehr Aufmerksamkeit, Clip-On-Design f\u00fcr mehr Komfort, wasserfest, bis zu 48 Stunden Spielzeit, Schwarz","date":"March 24, 2026","format":false,"excerpt":"\u00d6FFNEN SIE IHRE OHREN F\u00dcR DIE WELT: H\u00f6ren Sie alles, was um Sie herum passiert, und genie\u00dfen Sie gleichzeitig einen satten, privaten Klang. Das Design dieser offenen Ohrh\u00f6rer sagt: \"Ich kann Sie immer noch h\u00f6ren\", w\u00e4hrend die OpenAudio-Technologie Ihnen einen hochwertigen, privaten Klang bietet. SEIEN SIE MITTEN IN DER MUSIK,\u2026","rel":"","context":"Similar post","img":{"alt_text":"","src":"https:\/\/i0.wp.com\/anythingtechnicallc.com\/wp-content\/uploads\/2026\/01\/Bose-Ultra-Open-Earbuds-Black.jpg?fit=900%2C1200&ssl=1&resize=350%2C200","width":350,"height":200},"classes":[]},{"id":9365,"url":"https:\/\/anythingtechnicallc.com\/index.php\/de\/product\/renewed-bose-quietcomfort-qc45-bluetooth-kopfhoerer-kabellose-kopfhoerer-mit-aktiver-geraeuschunterdrueckung-ueber-dem-ohr-und-mikrofon-tiefer-bass-bis-zu-24-stunden-spielzeit-schwarz\/","url_meta":{"origin":9644,"position":5},"title":"Renewed Bose QuietComfort QC45 Bluetooth Kopfh\u00f6rer, kabellose Kopfh\u00f6rer mit aktiver Ger\u00e4uschunterdr\u00fcckung \u00fcber dem Ohr und Mikrofon, tiefer Bass, bis zu 24 Stunden Spielzeit, Schwarz","date":"March 19, 2026","format":false,"excerpt":"GER\u00c4USCHUNTERDR\u00dcCKENDE KOPFH\u00d6RER: Kombinieren Sie die Ger\u00e4uschunterdr\u00fcckungstechnologie m\u00fchelos mit passiven Funktionen, damit Sie die Au\u00dfenwelt abschalten, Ablenkungen ausblenden und Musik \u00fcber den Beat hinaus genie\u00dfen k\u00f6nnen. KOMFORTABLER KOPFH\u00d6RER: Pl\u00fcschige Ohrmuschelpolster schmiegen sich sanft an Ihre Ohren, w\u00e4hrend ein sicheres und bequemes gepolstertes Band Ihre Over-Ear-Kopfh\u00f6rer bei besonders langen H\u00f6rsessions sanft in\u2026","rel":"","context":"Similar post","img":{"alt_text":"","src":"https:\/\/i0.wp.com\/anythingtechnicallc.com\/wp-content\/uploads\/2025\/08\/51f7KKP25PL._AC_SL1000_.jpg?fit=669%2C885&ssl=1&resize=350%2C200","width":350,"height":200},"classes":[]}],"pll_sync_post":[],"lang":"de","translations":{"de":9644,"en":8555},"_links":{"self":[{"href":"https:\/\/anythingtechnicallc.com\/index.php\/wp-json\/wp\/v2\/product\/9644","targetHints":{"allow":["GET"]}}],"collection":[{"href":"https:\/\/anythingtechnicallc.com\/index.php\/wp-json\/wp\/v2\/product"}],"about":[{"href":"https:\/\/anythingtechnicallc.com\/index.php\/wp-json\/wp\/v2\/types\/product"}],"replies":[{"embeddable":true,"href":"https:\/\/anythingtechnicallc.com\/index.php\/wp-json\/wp\/v2\/comments?post=9644"}],"wp:featuredmedia":[{"embeddable":true,"href":"https:\/\/anythingtechnicallc.com\/index.php\/wp-json\/wp\/v2\/media\/9643"}],"wp:attachment":[{"href":"https:\/\/anythingtechnicallc.com\/index.php\/wp-json\/wp\/v2\/media?parent=9644"}],"wp:term":[{"taxonomy":"product_brand","embeddable":true,"href":"https:\/\/anythingtechnicallc.com\/index.php\/wp-json\/wp\/v2\/product_brand?post=9644"},{"taxonomy":"product_cat","embeddable":true,"href":"https:\/\/anythingtechnicallc.com\/index.php\/wp-json\/wp\/v2\/product_cat?post=9644"},{"taxonomy":"product_tag","embeddable":true,"href":"https:\/\/anythingtechnicallc.com\/index.php\/wp-json\/wp\/v2\/product_tag?post=9644"}],"curies":[{"name":"wp","href":"https:\/\/api.w.org\/{rel}","templated":true}]}}