{"id":9650,"date":"2026-03-24T10:30:05","date_gmt":"2026-03-24T10:30:05","guid":{"rendered":"https:\/\/anythingtechnicallc.com\/?post_type=product&#038;p=9650"},"modified":"2026-03-24T10:30:05","modified_gmt":"2026-03-24T10:30:05","slug":"erneuert-gopro-hero10-black-wasserdichte-action-kamera-mit-front-lcd-und-touch-rueckseite-5-3k60-ultra-hd-video-23mp-fotos-1080p-live-streaming-webcam-stabilisierung","status":"publish","type":"product","link":"https:\/\/anythingtechnicallc.com\/index.php\/de\/product\/erneuert-gopro-hero10-black-wasserdichte-action-kamera-mit-front-lcd-und-touch-rueckseite-5-3k60-ultra-hd-video-23mp-fotos-1080p-live-streaming-webcam-stabilisierung\/","title":{"rendered":"Erneuert GoPro HERO10 Black &#8211; Wasserdichte Action-Kamera mit Front-LCD und Touch-R\u00fcckseite, 5.3K60 Ultra HD Video, 23MP Fotos, 1080p Live Streaming, Webcam, Stabilisierung"},"content":{"rendered":"<div id=\"productDescription_feature_div\" class=\"celwidget pd_rd_w-r8PNT pd_rd_r-3XEZDFKB4Y9BQH19ZEN6 pd_rd_wg-948RM\" data-feature-name=\"productDescription\" data-csa-c-type=\"widget\" data-csa-c-content-id=\"productDescription\" data-csa-c-slot-id=\"productDescription_feature_div\" data-csa-c-asin=\"\" data-csa-c-is-in-initial-active-row=\"false\" data-csa-c-id=\"yf5t1g-4jfk8m-swxe60-t5bxno\" data-cel-widget=\"productDescription_feature_div\">\n<div>\n<div id=\"productDescription_feature_div\" class=\"a-row feature\" data-feature-name=\"productDescription\" data-template-name=\"productDescription\" data-cel-widget=\"productDescription_feature_div\">\n<div id=\"productDescription\" class=\"a-section a-spacing-small\">\n<p>Die HERO10 Black, die leistungsst\u00e4rkste GoPro aller Zeiten, vereint Geschwindigkeit und Leichtigkeit in sich. Der revolution\u00e4re neue GP2-Chip nimmt 5,3K-Videos mit doppelter Bildrate, 23MP-Fotos, verbesserter Leistung bei schlechten Lichtverh\u00e4ltnissen und der bahnbrechenden HyperSmooth 4.0 Videostabilisierung in allen Modi auf. Um die Dinge zu vereinfachen, ist die HERO10 mit der Cloud verbunden &#8211; sobald Sie sie aufladen, wird Ihr Filmmaterial automatisch in die Cloud hochgeladen.<\/p>\n<\/div>\n<\/div>\n<\/div>\n<\/div>\n<div id=\"postPurchaseWhatsInTheBox_MP_feature_div\" class=\"celwidget pd_rd_w-En8hs pd_rd_r-3XEZDFKB4Y9BQH19ZEN6 pd_rd_wg-948RM\" data-feature-name=\"postPurchaseWhatsInTheBox_MP\" data-csa-c-type=\"widget\" data-csa-c-content-id=\"postPurchaseWhatsInTheBox_MP\" data-csa-c-slot-id=\"postPurchaseWhatsInTheBox_MP_feature_div\" data-csa-c-asin=\"\" data-csa-c-is-in-initial-active-row=\"false\" data-csa-c-id=\"goglf-f41s59-1z74wv-yjdgth\" data-cel-widget=\"postPurchaseWhatsInTheBox_MP_feature_div\">\n<div id=\"whatsInTheBoxDeck\" class=\"a-section a-spacing-base celwidget\" data-csa-c-id=\"oua6n-tktdjs-m4dsl-nrtlz9\" data-cel-widget=\"whatsInTheBoxDeck\">\n<ul class=\"a-unordered-list a-vertical a-spacing-mini\">\n<li class=\"a-spacing-mini\"><span class=\"a-list-item\">Revolution\u00e4rer Prozessor: Schneller. Reibungsloser. Besser. Die leistungsstarke neue GP2-Engine ver\u00e4ndert das Spiel &#8211; rasante Leistung, reaktionsschnelle Touch-Bedienelemente und eine doppelt so hohe Bildrate f\u00fcr erstaunlich fl\u00fcssige Aufnahmen. Das GP2 &#8220;System auf einem Chip&#8221; wurde speziell f\u00fcr die anspruchsvollen Anforderungen der GoPro entwickelt und ist mit Abstand das schnellste, das wir je hatten.<\/span><\/li>\n<li class=\"a-spacing-mini\"><span class=\"a-list-item\">Hochaufl\u00f6sende Fotos und Videos, hohe Bildrate: Steigen Sie auf die sch\u00e4rfste GoPro aller Zeiten auf. Mit unglaublichen 23MP Fotos und 5,3K Videoaufl\u00f6sung bei 60fps bietet die HERO10 die doppelte Bildrate f\u00fcr erstaunlich fl\u00fcssige Bewegungen. Au\u00dferdem gibt es 8-fache Zeitlupe bei 2,7K und Sie k\u00f6nnen Videos anhalten und 15,8MP Standfotos von 5,3K Videos machen, die fantastisch aussehen.<\/span><\/li>\n<li class=\"a-spacing-mini\"><span class=\"a-list-item\">Unglaubliche Bildqualit\u00e4t: Machen Sie Aufnahmen mit feinen Details, realistischen Texturen und atemberaubendem Kontrast, selbst bei wenig Licht. Dank der neuen wasserabweisenden hydrophoben Objektivabdeckung, die Wasser abweist und gleichzeitig dazu beitr\u00e4gt, Linsenreflexe und andere Artefakte zu vermeiden, sehen die Bilder optimal aus.<\/span><\/li>\n<li class=\"a-spacing-mini\"><span class=\"a-list-item\">HyperSmooth 4.0: HyperSmooth war noch nie so geschmeidig, und es ist einfach, jederzeit die beste Stabilisierung einzustellen. Au\u00dferdem erhalten Sie eine noch bessere Leistung bei schlechten Lichtverh\u00e4ltnissen und eine Horizontnivellierung mit einer h\u00f6heren Neigungsgrenze, damit Ihre Aufnahmen perfekt gerade aussehen, wenn Sie es w\u00fcnschen.<\/span><\/li>\n<li class=\"a-spacing-mini\"><span class=\"a-list-item\">Schnelle, zuverl\u00e4ssige Konnektivit\u00e4t: Super einfach, super schnell. Die \u00dcbertragung von Fotos und Videos von Ihrer mit der Cloud verbundenen GoPro auf Ihr Handy ist einfach und vielseitig. Sie haben die Wahl zwischen einem m\u00fchelosen drahtlosen Upload \u00fcber die Quik App oder einer blitzschnellen kabelgebundenen Verbindung \u00fcber USB. Au\u00dferdem gibt es unbegrenzten Cloud-Speicher mit m\u00fchelosem automatischem Upload. Schlie\u00dfen Sie Ihre Kamera einfach an, wenn Sie mit Ihrem heimischen WLAN verbunden sind, und die Kamera erledigt den Rest.<\/span><\/li>\n<\/ul>\n<\/div>\n<\/div>\n","protected":false},"excerpt":{"rendered":"<ul class=\"a-unordered-list a-vertical a-spacing-mini\">\n<li class=\"a-spacing-mini\"><span class=\"a-list-item\">Revolution\u00e4rer Prozessor: Schneller. Reibungsloser. Besser. Die leistungsstarke neue GP2-Engine ver\u00e4ndert das Spiel &#8211; rasante Leistung, reaktionsschnelle Touch-Bedienelemente und eine doppelt so hohe Bildrate f\u00fcr erstaunlich fl\u00fcssige Aufnahmen. Das GP2 &#8220;System auf einem Chip&#8221; wurde speziell f\u00fcr die anspruchsvollen Anforderungen der GoPro entwickelt und ist mit Abstand das schnellste, das wir je hatten.<\/span><\/li>\n<li class=\"a-spacing-mini\"><span class=\"a-list-item\">Hochaufl\u00f6sende Fotos und Videos, hohe Bildrate: Steigen Sie auf die sch\u00e4rfste GoPro aller Zeiten auf. Mit unglaublichen 23MP Fotos und 5,3K Videoaufl\u00f6sung bei 60fps bietet die HERO10 die doppelte Bildrate f\u00fcr erstaunlich fl\u00fcssige Bewegungen. Au\u00dferdem gibt es 8-fache Zeitlupe bei 2,7K und Sie k\u00f6nnen Videos anhalten und 15,8MP Standfotos von 5,3K Videos machen, die fantastisch aussehen.<\/span><\/li>\n<li class=\"a-spacing-mini\"><span class=\"a-list-item\">Unglaubliche Bildqualit\u00e4t: Machen Sie Aufnahmen mit feinen Details, realistischen Texturen und atemberaubendem Kontrast, selbst bei wenig Licht. Dank der neuen wasserabweisenden, hydrophoben Objektivabdeckung, die Wasser abweist und gleichzeitig dazu beitr\u00e4gt, Linsenreflexe und andere Artefakte zu vermeiden, sehen die Bilder optimal aus.<\/span><\/li>\n<li class=\"a-spacing-mini\"><span class=\"a-list-item\">HyperSmooth 4.0: HyperSmooth war noch nie so geschmeidig, und es ist einfach, jederzeit die beste Stabilisierung einzustellen. Au\u00dferdem erhalten Sie eine noch bessere Leistung bei schlechten Lichtverh\u00e4ltnissen und eine Horizontnivellierung mit einer h\u00f6heren Neigungsgrenze, damit Ihre Aufnahmen perfekt gerade aussehen, wenn Sie es w\u00fcnschen.<\/span><\/li>\n<li class=\"a-spacing-mini\"><span class=\"a-list-item\">Schnelle, zuverl\u00e4ssige Konnektivit\u00e4t: Super einfach, super schnell. Die \u00dcbertragung von Fotos und Videos von Ihrer mit der Cloud verbundenen GoPro auf Ihr Handy ist einfach und vielseitig. Sie haben die Wahl zwischen einem m\u00fchelosen drahtlosen Upload \u00fcber die Quik App oder einer blitzschnellen kabelgebundenen Verbindung \u00fcber USB. Au\u00dferdem gibt es unbegrenzten Cloud-Speicher mit m\u00fchelosem automatischem Upload. Schlie\u00dfen Sie Ihre Kamera einfach an, wenn Sie mit Ihrem heimischen WLAN verbunden sind, und die Kamera erledigt den Rest.<\/span><\/li>\n<\/ul>\n","protected":false},"featured_media":9649,"comment_status":"open","ping_status":"closed","template":"","meta":{"_et_pb_use_builder":"","_et_pb_old_content":"","_et_gb_content_width":""},"product_brand":[],"product_cat":[1576],"product_tag":[],"class_list":{"0":"post-9650","1":"product","2":"type-product","3":"status-publish","4":"has-post-thumbnail","6":"product_cat-kamerazubehoer","8":"first","9":"instock","10":"sale","11":"taxable","12":"shipping-taxable","13":"purchasable","14":"product-type-simple"},"exclude_global_add_ons":[],"addons":[],"jetpack-related-posts":[{"id":9647,"url":"https:\/\/anythingtechnicallc.com\/index.php\/de\/product\/erneuert-gopro-hero9-black-wasserdichte-action-kamera-mit-front-lcd-und-touch-rueckseite-5k-ultra-hd-video-20mp-fotos-1080p-live-streaming-webcam-stabilisierung\/","url_meta":{"origin":9650,"position":0},"title":"Erneuert GoPro HERO9 Black &#8211; Wasserdichte Action-Kamera mit Front-LCD und Touch-R\u00fcckseite, 5K Ultra HD Video, 20MP Fotos, 1080p Live-Streaming, Webcam, Stabilisierung","date":"March 24, 2026","format":false,"excerpt":"5K Video - Nehmen Sie atemberaubende Videos mit einer Aufl\u00f6sung von bis zu 5K auf, so dass auch beim Zoomen keine Details verloren gehen. 20MP Foto mit SuperPhoto: Nehmen Sie gestochen scharfe Fotos in Profiqualit\u00e4t mit 20MP auf. Und mit SuperPhoto kann die HERO9 Black automatisch die beste Bildverarbeitung f\u00fcr\u2026","rel":"","context":"Similar post","img":{"alt_text":"","src":"https:\/\/i0.wp.com\/anythingtechnicallc.com\/wp-content\/uploads\/2025\/10\/518PGIaxCPL._AC_SL1200_.jpg?fit=1200%2C697&ssl=1&resize=350%2C200","width":350,"height":200},"classes":[]},{"id":9831,"url":"https:\/\/anythingtechnicallc.com\/index.php\/de\/product\/apple-ipad-11-zoll-a16-chip-11-zoll-modell-liquid-retina-display-128gb-wi-fi-6-12mp-front-12mp-rueckkamera-touch-id-ganztaegige-batterielaufzeit-blau\/","url_meta":{"origin":9650,"position":1},"title":"Apple iPad 11-Zoll: A16 Chip, 11-Zoll Modell, Liquid Retina Display, 128GB, Wi-Fi 6, 12MP Front-\/12MP R\u00fcckkamera, Touch ID, Ganzt\u00e4gige Batterielaufzeit &#8211; Blau","date":"April 8, 2026","format":false,"excerpt":"WARUM IPAD - Das 11-Zoll-iPad ist jetzt leistungsf\u00e4higer denn je mit dem superschnellen A16-Chip, einem atemberaubenden Liquid Retina-Display, fortschrittlichen Kameras, schnellem Wi-Fi, USB-C-Anschluss und vier pr\u00e4chtigen Farben.* Das iPad bietet eine leistungsstarke M\u00f6glichkeit, zu kreieren, in Verbindung zu bleiben und Dinge zu erledigen. LEISTUNG UND SPEICHER - Der superschnelle A16\u2026","rel":"","context":"Similar post","img":{"alt_text":"","src":"https:\/\/i0.wp.com\/anythingtechnicallc.com\/wp-content\/uploads\/2026\/03\/61aPY8odPSL._AC_SL1500_.jpg?fit=1061%2C1200&ssl=1&resize=350%2C200","width":350,"height":200},"classes":[]},{"id":9512,"url":"https:\/\/anythingtechnicallc.com\/index.php\/de\/product\/dji-osmo-action-5-pro-standard-combo-wasserdichte-action-kamera-mit-1-1-3-sensor-4k-120fps-video-motivverfolgung-stabilisierung-dual-oled-touchscreens-action-kamera-4k-ideal-fuer-sport-vlog\/","url_meta":{"origin":9650,"position":2},"title":"DJI Osmo Action 5 Pro Standard Combo, Wasserdichte Action-Kamera mit 1\/1.3&#8243; Sensor, 4K\/120fps Video, Motivverfolgung, Stabilisierung, Dual OLED Touchscreens, Action-Kamera 4K Ideal f\u00fcr Sport, Vlog","date":"March 21, 2026","format":false,"excerpt":"Halten Sie n\u00e4chtliche Stadtlandschaften fest - Osmo Action 5 Pro verf\u00fcgt \u00fcber einen neuen 1\/1,3\u2033-Sensor f\u00fcr atemberaubendes Low-Light. Ideal f\u00fcr n\u00e4chtliche Fahrradabenteuer in dunklen Umgebungen. Verbesserte Motivverfolgung - 4nm Chip f\u00fcr schnelle, zuverl\u00e4ssige Aufnahmen. Halten Sie sich schnell bewegende Motive in der Mitte. [7] Der 4nm-Chip sorgt f\u00fcr einen reibungslosen\u2026","rel":"","context":"Similar post","img":{"alt_text":"","src":"https:\/\/i0.wp.com\/anythingtechnicallc.com\/wp-content\/uploads\/2025\/08\/71pg9H7KEuL._AC_SL1500_.jpg?fit=1200%2C976&ssl=1&resize=350%2C200","width":350,"height":200},"classes":[]},{"id":9240,"url":"https:\/\/anythingtechnicallc.com\/index.php\/de\/product\/audio-technica-at2020-kondensator-studiomikrofon-mit-nierencharakteristik-xlr-ideal-fuer-projekt-heimstudioanwendungen\/","url_meta":{"origin":9650,"position":3},"title":"Audio-Technica AT2020 Kondensator-Studiomikrofon mit Nierencharakteristik XLR, ideal f\u00fcr Projekt-\/Heimstudioanwendungen","date":"March 19, 2026","format":false,"excerpt":"Die strengen Qualit\u00e4ts- und Konsistenzstandards von Audio-Technica heben das AT2020 von anderen Mikrofonen seiner Klasse ab. Seine massearme Membran wurde speziell f\u00fcr einen erweiterten Frequenzgang und ein hervorragendes Einschwingverhalten entwickelt. Die robuste Konstruktion sorgt f\u00fcr eine dauerhafte Leistung, das Mikrofon bietet einen gro\u00dfen Dynamikbereich und bew\u00e4ltigt hohe Schalldruckpegel mit Leichtigkeit.\u2026","rel":"","context":"Similar post","img":{"alt_text":"","src":"https:\/\/i0.wp.com\/anythingtechnicallc.com\/wp-content\/uploads\/2025\/03\/71ZMXqrB9XL._AC_SL1500_.jpg?fit=383%2C1200&ssl=1&resize=350%2C200","width":350,"height":200},"classes":[]},{"id":9428,"url":"https:\/\/anythingtechnicallc.com\/index.php\/de\/product\/solarladegeraet-25000mah-power-bank-mit-4-solarpanels-wasserdichtes-akku-pack-handy-ladegeraet-mit-taschenlampe-fuer-iphone-samsung-und-tablets\/","url_meta":{"origin":9650,"position":4},"title":"Solarladeger\u00e4t 25000mAh Power Bank mit 4 Solarpanels Wasserdichtes Akku-Pack Handy-Ladeger\u00e4t mit Taschenlampe f\u00fcr iPhone, Samsung und Tablets","date":"March 19, 2026","format":false,"excerpt":"4X schnelleres Solar-Laden: Es verf\u00fcgt \u00fcber 4 ultragro\u00dfe, faltbare Solarpaneele, die bei direkter Sonneneinstrahlung eine maximale Leistung von 6W \/ 1,2A erreichen k\u00f6nnen. Das ist 4 Mal schneller als ein einzelnes Solarladeger\u00e4t. 25000mAh kolossale Kapazit\u00e4t: Es kann 7-9 Ladungen f\u00fcr iPhone, Samsung und die meisten Telefone, 3-4 Ladungen f\u00fcr Tablets\u2026","rel":"","context":"Similar post","img":{"alt_text":"","src":"https:\/\/i0.wp.com\/anythingtechnicallc.com\/wp-content\/uploads\/2021\/11\/71wgaeieH6L._AC_SL1200_.jpg?fit=1096%2C1051&ssl=1&resize=350%2C200","width":350,"height":200},"classes":[]},{"id":9176,"url":"https:\/\/anythingtechnicallc.com\/index.php\/de\/product\/samsung-t7-portable-ssd-1tb-externes-solid-state-drive-geschwindigkeiten-bis-zu-1-050mb-s-usb-3-2-gen-2-zuverlaessiger-speicher-fuer-gaming-studenten-berufstaetige-mu-pc1t0t-am-gray\/","url_meta":{"origin":9650,"position":5},"title":"SAMSUNG T7 Portable SSD, 1TB Externes Solid State Drive, Geschwindigkeiten bis zu 1.050MB\/s, USB 3.2 Gen 2, Zuverl\u00e4ssiger Speicher f\u00fcr Gaming, Studenten, Berufst\u00e4tige, MU-PC1T0T\/AM, Gray","date":"March 19, 2026","format":false,"excerpt":"GEMACHT F\u00dcR DIE MACHER: Erstellen; Erforschen; Speichern; Die T7 Portable SSD bietet hohe Geschwindigkeiten und robuste Funktionen, um jedes Vorhaben zu unterst\u00fctzen; Bauen Sie Ihr Videobearbeitungsimperium auf, archivieren Sie Ihre Fotos oder sichern Sie Ihre Blogs - alles im Handumdrehen. TEILEN SIE IDEEN IM BLITZ: Verschwenden Sie keine Sekunde mit\u2026","rel":"","context":"Similar post","img":{"alt_text":"","src":"https:\/\/i0.wp.com\/anythingtechnicallc.com\/wp-content\/uploads\/2025\/02\/91YfRIy7kYL._AC_SL1500_.jpg?fit=1200%2C1096&ssl=1&resize=350%2C200","width":350,"height":200},"classes":[]}],"pll_sync_post":[],"lang":"de","translations":{"de":9650,"en":8559},"_links":{"self":[{"href":"https:\/\/anythingtechnicallc.com\/index.php\/wp-json\/wp\/v2\/product\/9650","targetHints":{"allow":["GET"]}}],"collection":[{"href":"https:\/\/anythingtechnicallc.com\/index.php\/wp-json\/wp\/v2\/product"}],"about":[{"href":"https:\/\/anythingtechnicallc.com\/index.php\/wp-json\/wp\/v2\/types\/product"}],"replies":[{"embeddable":true,"href":"https:\/\/anythingtechnicallc.com\/index.php\/wp-json\/wp\/v2\/comments?post=9650"}],"wp:featuredmedia":[{"embeddable":true,"href":"https:\/\/anythingtechnicallc.com\/index.php\/wp-json\/wp\/v2\/media\/9649"}],"wp:attachment":[{"href":"https:\/\/anythingtechnicallc.com\/index.php\/wp-json\/wp\/v2\/media?parent=9650"}],"wp:term":[{"taxonomy":"product_brand","embeddable":true,"href":"https:\/\/anythingtechnicallc.com\/index.php\/wp-json\/wp\/v2\/product_brand?post=9650"},{"taxonomy":"product_cat","embeddable":true,"href":"https:\/\/anythingtechnicallc.com\/index.php\/wp-json\/wp\/v2\/product_cat?post=9650"},{"taxonomy":"product_tag","embeddable":true,"href":"https:\/\/anythingtechnicallc.com\/index.php\/wp-json\/wp\/v2\/product_tag?post=9650"}],"curies":[{"name":"wp","href":"https:\/\/api.w.org\/{rel}","templated":true}]}}