{"id":9653,"date":"2026-03-24T10:30:43","date_gmt":"2026-03-24T10:30:43","guid":{"rendered":"https:\/\/anythingtechnicallc.com\/?post_type=product&#038;p=9653"},"modified":"2026-03-24T10:30:43","modified_gmt":"2026-03-24T10:30:43","slug":"samsung-30-100-the-freestyle-mit-gaming-hub-smart-portable-projektor-fhd-hdr-grossbild-heimkinoerlebnis-360-sound-sp-lff3claxza-modell-2023-erneuert","status":"publish","type":"product","link":"https:\/\/anythingtechnicallc.com\/index.php\/de\/product\/samsung-30-100-the-freestyle-mit-gaming-hub-smart-portable-projektor-fhd-hdr-grossbild-heimkinoerlebnis-360-sound-sp-lff3claxza-modell-2023-erneuert\/","title":{"rendered":"SAMSUNG 30&#8243; &#8211; 100&#8243; The Freestyle mit Gaming Hub Smart Portable Projektor, FHD, HDR, Gro\u00dfbild-Heimkinoerlebnis, 360 Sound, SP-LFF3CLAXZA, Modell 2023 (Erneuert)"},"content":{"rendered":"<ul class=\"a-unordered-list a-vertical a-spacing-mini\">\n<li class=\"a-spacing-mini\"><span class=\"a-list-item\">POINT AND PLAY: Stellen Sie es auf, neigen Sie es und schauen Sie es sich an, wo immer Sie wollen &#8211; dieses vielseitige, intelligente Kino f\u00fcr unterwegs macht es einfach; mit einem St\u00e4nder, der sich um fast 180 Grad drehen l\u00e4sst, k\u00f6nnen Sie Ihr Bild vom Boden bis zur Decke positionieren; mit dem Freestyle haben Sie die Flexibilit\u00e4t, so zu schauen, wie Sie wollen: 5W. Bluetooth Version : Bluetooth 5.2.Betriebssystem : Tizen. Leistungsaufnahme im Standby-Modus : 0.5W. <\/span><\/li>\n<li class=\"a-spacing-mini\"><span class=\"a-list-item\">EINFACHE EINRICHTUNG: Lehnen Sie sich zur\u00fcck und \u00fcberlassen Sie dem Freestyle die Einrichtung; sobald Sie Ihren Blickwinkel gefunden haben, stellt dieses tragbare, intelligente Projektionsger\u00e4t das Bild automatisch f\u00fcr Ihr perfektes Bild ein; Auto Leveling, Auto Focus und Auto Keystone Technologie erledigen die Arbeit in Sekunden. <\/span><\/li>\n<li class=\"a-spacing-mini\"><span class=\"a-list-item\">INTELLIGENTE UNTERHALTUNG: Streamen Sie Ihre Lieblingssendungen, spielen Sie Spiele, trainieren Sie mit einem Trainer; machen Sie all das, was Ihnen Spa\u00df macht, mit The Freestyle und entdecken Sie Ihre Lieblings-Apps und Streaming-Dienste, alles nur ein paar Klicks entfernt. <\/span><\/li>\n<li class=\"a-spacing-mini\"><span class=\"a-list-item\">PREMIUM 360 SOUND: H\u00f6ren Sie den 360-Grad-Klang, der den Raum von diesem kleinen, aber m\u00e4chtigen Smart Theatre aus erf\u00fcllt; Sie werden sich von der hohen Klangqualit\u00e4t, die aus den Lautsprechern und den Bassverst\u00e4rkern ert\u00f6nt, mitrei\u00dfen lassen. <\/span><\/li>\n<li class=\"a-spacing-mini\"><span class=\"a-list-item\">EXTERNE BATTERIE: Jetzt ist das Gro\u00dfbildschirm-Erlebnis so mobil wie Sie selbst. Nehmen Sie den Freestyle einfach mit einem externen Akkupack in die Hand und los geht&#8217;s. Sie brauchen keine Steckdose, um Ihre Lieblingssendungen zu sehen, Spiele zu spielen oder was auch immer Sie wollen, wo immer Sie wollen &#8211; drinnen oder drau\u00dfen. <\/span><\/li>\n<li class=\"a-spacing-mini\"><span class=\"a-list-item\">BILDSCHIRMGR\u00d6SSE: Der Projektor optimiert die Bildschirmgr\u00f6\u00dfe, stellt automatisch scharf und gleicht das Bild aus, selbst wenn er schr\u00e4g ausgerichtet ist.<\/span><\/li>\n<\/ul>\n","protected":false},"excerpt":{"rendered":"<ul class=\"a-unordered-list a-vertical a-spacing-mini\">\n<li class=\"a-spacing-mini\"><span class=\"a-list-item\">POINT AND PLAY: Stellen Sie es auf, neigen Sie es und schauen Sie es sich an, wo immer Sie wollen &#8211; dieses vielseitige, intelligente Kino f\u00fcr unterwegs macht es einfach; mit einem St\u00e4nder, der sich um fast 180 Grad drehen l\u00e4sst, k\u00f6nnen Sie Ihr Bild vom Boden bis zur Decke positionieren; mit dem Freestyle haben Sie die Flexibilit\u00e4t, so zu schauen, wie Sie wollen: 5W. Bluetooth Version : Bluetooth 5.2.Betriebssystem : Tizen. Leistungsaufnahme im Standby-Modus : 0.5W. <\/span><\/li>\n<li class=\"a-spacing-mini\"><span class=\"a-list-item\">EINFACHE EINRICHTUNG: Lehnen Sie sich zur\u00fcck und \u00fcberlassen Sie dem Freestyle die Einrichtung; sobald Sie Ihren Blickwinkel gefunden haben, stellt dieses tragbare, intelligente Projektionsger\u00e4t das Bild automatisch f\u00fcr Ihr perfektes Bild ein; Auto Leveling, Auto Focus und Auto Keystone Technologie erledigen die Arbeit in Sekunden. <\/span><\/li>\n<li class=\"a-spacing-mini\"><span class=\"a-list-item\">INTELLIGENTE UNTERHALTUNG: Streamen Sie Ihre Lieblingssendungen, spielen Sie Spiele, trainieren Sie mit einem Trainer; machen Sie all das, was Ihnen Spa\u00df macht, mit The Freestyle und entdecken Sie Ihre Lieblings-Apps und Streaming-Dienste, alles nur ein paar Klicks entfernt. <\/span><\/li>\n<li class=\"a-spacing-mini\"><span class=\"a-list-item\">PREMIUM 360 SOUND: H\u00f6ren Sie den 360-Grad-Klang, der den Raum von diesem kleinen, aber m\u00e4chtigen Smart Theatre aus erf\u00fcllt; Sie werden sich von der hohen Klangqualit\u00e4t, die aus den Lautsprechern und den Bassverst\u00e4rkern ert\u00f6nt, mitrei\u00dfen lassen. <\/span><\/li>\n<li class=\"a-spacing-mini\"><span class=\"a-list-item\">EXTERNER AKKU: Jetzt ist das Gro\u00dfbildschirm-Erlebnis so mobil wie Sie selbst. Schnappen Sie sich einfach den Freestyle mit einem externen Akkupack und los geht&#8217;s. Sie brauchen keine Steckdose, um Ihre Lieblingssendungen zu sehen, Spiele zu spielen oder was auch immer Sie wollen, wo immer Sie wollen &#8211; drinnen oder drau\u00dfen. <\/span><\/li>\n<li class=\"a-spacing-mini\"><span class=\"a-list-item\">BILDSCHIRMGR\u00d6SSE: Der Projektor optimiert die Bildschirmgr\u00f6\u00dfe, stellt automatisch scharf und gleicht das Bild aus, selbst wenn er schr\u00e4g ausgerichtet ist.<\/span><\/li>\n<\/ul>\n","protected":false},"featured_media":9652,"comment_status":"open","ping_status":"closed","template":"","meta":{"_et_pb_use_builder":"","_et_pb_old_content":"","_et_gb_content_width":""},"product_brand":[],"product_cat":[1576],"product_tag":[],"class_list":{"0":"post-9653","1":"product","2":"type-product","3":"status-publish","4":"has-post-thumbnail","6":"product_cat-kamerazubehoer","8":"first","9":"instock","10":"sale","11":"taxable","12":"shipping-taxable","13":"purchasable","14":"product-type-simple"},"exclude_global_add_ons":[],"addons":[],"jetpack-related-posts":[{"id":9671,"url":"https:\/\/anythingtechnicallc.com\/index.php\/de\/product\/refurbished-bose-ultra-open-earbuds-offene-bluetooth-ohrhoerer-mit-openaudio-fuer-mehr-aufmerksamkeit-clip-on-design-fuer-mehr-komfort-wasserfest-bis-zu-48-stunden-spielzeit-schwarz\/","url_meta":{"origin":9653,"position":0},"title":"Refurbished Bose Ultra Open Earbuds &#8211; Offene Bluetooth-Ohrh\u00f6rer mit OpenAudio f\u00fcr mehr Aufmerksamkeit, Clip-On-Design f\u00fcr mehr Komfort, wasserfest, bis zu 48 Stunden Spielzeit, Schwarz","date":"March 24, 2026","format":false,"excerpt":"\u00d6FFNEN SIE IHRE OHREN F\u00dcR DIE WELT: H\u00f6ren Sie alles, was um Sie herum passiert, und genie\u00dfen Sie gleichzeitig einen satten, privaten Klang. Das Design dieser offenen Ohrh\u00f6rer sagt: \"Ich kann Sie immer noch h\u00f6ren\", w\u00e4hrend die OpenAudio-Technologie Ihnen einen hochwertigen, privaten Klang bietet. SEIEN SIE MITTEN IN DER MUSIK,\u2026","rel":"","context":"Similar post","img":{"alt_text":"","src":"https:\/\/i0.wp.com\/anythingtechnicallc.com\/wp-content\/uploads\/2026\/01\/Bose-Ultra-Open-Earbuds-Black.jpg?fit=900%2C1200&ssl=1&resize=350%2C200","width":350,"height":200},"classes":[]},{"id":9197,"url":"https:\/\/anythingtechnicallc.com\/index.php\/de\/product\/verlaengerter-amazon-eero-mesh-wlan-router-unterstuetzt-internet-tarife-bis-zu-550-mbps-abdeckung-bis-zu-1-500-sq-ft-1-pack\/","url_meta":{"origin":9653,"position":1},"title":"Verl\u00e4ngerter Amazon eero Mesh-WLAN-Router &#8211; Unterst\u00fctzt Internet-Tarife bis zu 550 Mbps, Abdeckung bis zu 1.500 sq. ft, 1-Pack","date":"March 19, 2026","format":false,"excerpt":"SCHNELLER STANDALONE-ROUTER - Der eero Mesh-WiFi-Router bringt bis zu 1.500 Quadratmeter schnelles, zuverl\u00e4ssiges WLAN in Ihr Zuhause. FUNKTIONIERT MIT ALEXA- Mit eero und einem Alexa-Ger\u00e4t (nicht im Lieferumfang enthalten) k\u00f6nnen Sie den WLAN-Zugang f\u00fcr Netzwerkprofile ganz einfach verwalten und sich so von den Bildschirmen abwenden und sich wieder auf das\u2026","rel":"","context":"Similar post","img":{"alt_text":"","src":"https:\/\/i0.wp.com\/anythingtechnicallc.com\/wp-content\/uploads\/2025\/02\/41fu0zjxqQL._SL1000_.jpg?fit=1000%2C1000&ssl=1&resize=350%2C200","width":350,"height":200},"classes":[]},{"id":9191,"url":"https:\/\/anythingtechnicallc.com\/index.php\/de\/product\/bose-home-speaker-500-intelligenter-bluetooth-lautsprecher-mit-integrierter-alexa-sprachsteuerung-schwarz-erneuert\/","url_meta":{"origin":9653,"position":2},"title":"Bose Home Speaker 500: Intelligenter Bluetooth-Lautsprecher mit integrierter Alexa-Sprachsteuerung, Schwarz (erneuert)","date":"March 19, 2026","format":false,"excerpt":"SOUND PERFORMANCE: F\u00fcllen Sie jeden Raum mit beeindruckendem Stereosound von Wand zu Wand aus einem einzigen Lautsprecher. BUILT-IN-ALEXA: Amazon Alexa und Google Assistant sind in diesen intelligenten Lautsprecher integriert und erm\u00f6glichen eine freih\u00e4ndige Sprachsteuerung. Und ein ger\u00e4uschunterdr\u00fcckendes Mikrofonsystem lauscht in alle Richtungen auf Ihre Stimme. KONNEKTIVIT\u00c4T: Koppeln Sie Ihr Ger\u00e4t\u2026","rel":"","context":"Similar post","img":{"alt_text":"","src":"https:\/\/i0.wp.com\/anythingtechnicallc.com\/wp-content\/uploads\/2025\/02\/A1xlwUXvbCL._AC_SL1500_.jpg?fit=983%2C1200&ssl=1&resize=350%2C200","width":350,"height":200},"classes":[]},{"id":9343,"url":"https:\/\/anythingtechnicallc.com\/index.php\/de\/product\/apple-watch-series-5-gps-44mm-spacegraues-aluminiumgehaeuse-mit-schwarzem-sportband-erneuert\/","url_meta":{"origin":9653,"position":3},"title":"Apple Watch Series 5 (GPS, 44MM) &#8211; Spacegraues Aluminiumgeh\u00e4use mit schwarzem Sportband (Erneuert)","date":"March 19, 2026","format":false,"excerpt":"LASSEN SIE IHR TELEFON IN IHRER TASCHE: Mit dem Apple Watch Series 5 GPS-Modell k\u00f6nnen Sie von Ihrem Handgelenk aus telefonieren, simsen und Wegbeschreibungen abrufen, w\u00e4hrend Sie Ihr Telefon in der Tasche lassen. Sie bietet mehrere Konnektivit\u00e4tsoptionen, darunter: Bluetooth, Wi-Fi und NFC, um alle Ihre m\u00f6glichen Bed\u00fcrfnisse zu erf\u00fcllen. ALWAYS-ON\u2026","rel":"","context":"Similar post","img":{"alt_text":"","src":"https:\/\/i0.wp.com\/anythingtechnicallc.com\/wp-content\/uploads\/2025\/07\/713-HQZrUCL._AC_SL1500_.jpg?fit=1021%2C1200&ssl=1&resize=350%2C200","width":350,"height":200},"classes":[]},{"id":9602,"url":"https:\/\/anythingtechnicallc.com\/index.php\/de\/product\/bose-quietcomfort-earbuds-ii-drahtlos-bluetooth-die-weltbesten-in-ear-kopfhoerer-mit-personalisierter-geraeuschunterdrueckung-sound-speckstein-erneuert\/","url_meta":{"origin":9653,"position":4},"title":"Bose QuietComfort Earbuds II, drahtlos, Bluetooth, die weltbesten In-Ear-Kopfh\u00f6rer mit personalisierter Ger\u00e4uschunterdr\u00fcckung &#038; Sound, Speckstein (erneuert)","date":"March 24, 2026","format":false,"excerpt":"QUIETCOMFORT EARBUDS II: Diese neuen kabellosen Bluetooth-Ohrh\u00f6rer mit Ger\u00e4uschunterdr\u00fcckung von Bose wurden nicht nach einem Einheitsschema entwickelt. Diese kabellosen Ohrh\u00f6rer der n\u00e4chsten Generation sind so konzipiert, dass sie zu Ihnen passen. Sie passen die Ger\u00e4uschunterdr\u00fcckung und die Klangleistung intelligent an, damit Sie ungest\u00f6rt und mitrei\u00dfend h\u00f6ren k\u00f6nnen, wo immer Sie\u2026","rel":"","context":"Similar post","img":{"alt_text":"","src":"https:\/\/i0.wp.com\/anythingtechnicallc.com\/wp-content\/uploads\/2025\/10\/41EDZfsEA4L._AC_SL1500_.jpg?fit=1026%2C1129&ssl=1&resize=350%2C200","width":350,"height":200},"classes":[]},{"id":9677,"url":"https:\/\/anythingtechnicallc.com\/index.php\/de\/product\/bose-quietcomfort-earbuds-ii-drahtlos-bluetooth-weltbeste-in-ear-kopfhoerer-mit-personalisierter-geraeuschunterdrueckung-sound-triple-black-erneuert\/","url_meta":{"origin":9653,"position":5},"title":"Bose QuietComfort Earbuds II, drahtlos, Bluetooth, weltbeste In-Ear-Kopfh\u00f6rer mit personalisierter Ger\u00e4uschunterdr\u00fcckung &#038; Sound, Triple Black (Erneuert)","date":"March 24, 2026","format":false,"excerpt":"QUIETCOMFORT EARBUDS II: Diese neuen kabellosen Bluetooth-Ohrh\u00f6rer mit Ger\u00e4uschunterdr\u00fcckung von BOSE wurden nicht nach einem Einheitsschema entwickelt. Diese kabellosen Ohrh\u00f6rer der n\u00e4chsten Generation sind so konzipiert, dass sie zu Ihnen passen. Sie passen die Ger\u00e4uschunterdr\u00fcckung und die Klangleistung intelligent an, damit Sie ungest\u00f6rt und mitrei\u00dfend h\u00f6ren k\u00f6nnen, wo immer Sie\u2026","rel":"","context":"Similar post","img":{"alt_text":"","src":"https:\/\/i0.wp.com\/anythingtechnicallc.com\/wp-content\/uploads\/2026\/01\/Bose-QuietComfort-Earbuds-II-Black.jpg?fit=1200%2C1200&ssl=1&resize=350%2C200","width":350,"height":200},"classes":[]}],"pll_sync_post":[],"lang":"de","translations":{"de":9653,"en":8564},"_links":{"self":[{"href":"https:\/\/anythingtechnicallc.com\/index.php\/wp-json\/wp\/v2\/product\/9653","targetHints":{"allow":["GET"]}}],"collection":[{"href":"https:\/\/anythingtechnicallc.com\/index.php\/wp-json\/wp\/v2\/product"}],"about":[{"href":"https:\/\/anythingtechnicallc.com\/index.php\/wp-json\/wp\/v2\/types\/product"}],"replies":[{"embeddable":true,"href":"https:\/\/anythingtechnicallc.com\/index.php\/wp-json\/wp\/v2\/comments?post=9653"}],"wp:featuredmedia":[{"embeddable":true,"href":"https:\/\/anythingtechnicallc.com\/index.php\/wp-json\/wp\/v2\/media\/9652"}],"wp:attachment":[{"href":"https:\/\/anythingtechnicallc.com\/index.php\/wp-json\/wp\/v2\/media?parent=9653"}],"wp:term":[{"taxonomy":"product_brand","embeddable":true,"href":"https:\/\/anythingtechnicallc.com\/index.php\/wp-json\/wp\/v2\/product_brand?post=9653"},{"taxonomy":"product_cat","embeddable":true,"href":"https:\/\/anythingtechnicallc.com\/index.php\/wp-json\/wp\/v2\/product_cat?post=9653"},{"taxonomy":"product_tag","embeddable":true,"href":"https:\/\/anythingtechnicallc.com\/index.php\/wp-json\/wp\/v2\/product_tag?post=9653"}],"curies":[{"name":"wp","href":"https:\/\/api.w.org\/{rel}","templated":true}]}}