{"id":9659,"date":"2026-03-24T10:34:03","date_gmt":"2026-03-24T10:34:03","guid":{"rendered":"https:\/\/anythingtechnicallc.com\/?post_type=product&#038;p=9659"},"modified":"2026-03-24T10:34:03","modified_gmt":"2026-03-24T10:34:03","slug":"skullcandy-hesh-3-kabellose-over-the-ear-kopfhoerer-schwarz","status":"publish","type":"product","link":"https:\/\/anythingtechnicallc.com\/index.php\/de\/product\/skullcandy-hesh-3-kabellose-over-the-ear-kopfhoerer-schwarz\/","title":{"rendered":"Skullcandy &#8211; HESH 3 Kabellose Over-the-Ear Kopfh\u00f6rer &#8211; Schwarz"},"content":{"rendered":"<div class=\"v-border-bottom v-border-top\">\n<div>\n<div>\n<div class=\"flex flex-col items-start justify-start bg-comp-surface-default z-310 border-t-none border-r-none border-b-none border-comp-outline-default-subdued border-solid fixed w-11\/12 md__w-1\/2 border-l-xs bottom-0 right-0 top-0\" role=\"dialog\" aria-label=\"About This Item\" data-testid=\"brix-sheet\">\n<div class=\"overflow-hidden w-full grow flex flex-col\">\n<div class=\"overflow-y-auto w-full flex grow\">\n<div class=\"grow p-200 pt-100 md__p-300 md__pt-200 w-full\" data-testid=\"brix-sheet-content\">\n<div id=\"anchor-product-details\" class=\"body-copy-lg pt-200 pb-300 OPY7xNPkM88Vl3xh hkwiWgBO0cUEDSdm\">Befriedigen Sie Ihre endlose Sehnsucht nach gro\u00dfartigen Kl\u00e4ngen mit diesen Over-Ear-Kopfh\u00f6rern SkullCandy Hesh 3 Bluetooth. Dank der 22-st\u00fcndigen Akkulaufzeit k\u00f6nnen Sie den ganzen Tag nonstop Musik genie\u00dfen, und die 40-mm-Treiber produzieren hochwertigen Klang bei 20 Hz &#8211; 20 kHz. Die Memory Foam-Ohrpolster dieses SkullCandy Hesh 3 Bluetooth-Kopfh\u00f6rers sorgen f\u00fcr einen angenehmen Tragekomfort.<\/div>\n<\/div>\n<\/div>\n<\/div>\n<\/div>\n<\/div>\n<\/div>\n<\/div>\n<div class=\"v-border-bottom\"><\/div>\n","protected":false},"excerpt":{"rendered":"<div class=\"v-border-bottom v-border-top\">\n<div>\n<div>\n<div class=\"flex flex-col items-start justify-start bg-comp-surface-default z-310 border-t-none border-r-none border-b-none border-comp-outline-default-subdued border-solid fixed w-11\/12 md__w-1\/2 border-l-xs bottom-0 right-0 top-0\" role=\"dialog\" aria-label=\"About This Item\" data-testid=\"brix-sheet\">\n<div class=\"overflow-hidden w-full grow flex flex-col\">\n<div class=\"overflow-y-auto w-full flex grow\">\n<div class=\"grow p-200 pt-100 md__p-300 md__pt-200 w-full\" data-testid=\"brix-sheet-content\">\n<div id=\"anchor-product-details\" class=\"body-copy-lg pt-200 pb-300 OPY7xNPkM88Vl3xh hkwiWgBO0cUEDSdm\">Befriedigen Sie Ihre endlose Sehnsucht nach gro\u00dfartigen Kl\u00e4ngen mit diesen Over-Ear-Bluetooth-Kopfh\u00f6rern SkullCandy Hesh 3. Dank der 22-st\u00fcndigen Akkulaufzeit k\u00f6nnen Sie den ganzen Tag nonstop Musik genie\u00dfen, und die 40-mm-Treiber produzieren hochwertigen Klang bei 20 Hz &#8211; 20 kHz. Die Memory Foam-Ohrpolster dieses SkullCandy Hesh 3 Bluetooth-Kopfh\u00f6rers sorgen f\u00fcr einen angenehmen Tragekomfort.<\/div>\n<\/div>\n<\/div>\n<\/div>\n<\/div>\n<\/div>\n<\/div>\n<\/div>\n<div class=\"v-border-bottom\"><\/div>\n","protected":false},"featured_media":9658,"comment_status":"open","ping_status":"closed","template":"","meta":{"_et_pb_use_builder":"","_et_pb_old_content":"","_et_gb_content_width":""},"product_brand":[2238],"product_cat":[1578],"product_tag":[],"class_list":{"0":"post-9659","1":"product","2":"type-product","3":"status-publish","4":"has-post-thumbnail","6":"product_brand-skullcandy","7":"product_cat-headset","9":"first","10":"instock","11":"sale","12":"taxable","13":"shipping-taxable","14":"purchasable","15":"product-type-simple"},"exclude_global_add_ons":[],"addons":[],"jetpack-related-posts":[{"id":8946,"url":"https:\/\/anythingtechnicallc.com\/index.php\/de\/product\/skullcandy-hesh-anc-over-ear-noise-cancelling-wireless-kopfhoerer-mit-ladekabel-22-stunden-akku-mikrofon-funktioniert-mit-iphone-android-und-bluetooth-geraeten-mod-white\/","url_meta":{"origin":9659,"position":0},"title":"Skullcandy Hesh ANC Over-Ear Noise Cancelling Wireless Kopfh\u00f6rer mit Ladekabel, 22 Stunden Akku, Mikrofon, funktioniert mit iPhone, Android und Bluetooth-Ger\u00e4ten &#8211; Mod White","date":"March 18, 2026","format":false,"excerpt":"Bew\u00e4hrte Klangqualit\u00e4t - Mit unseren 40-mm-Treibern sorgt der Hesh ANC f\u00fcr eine extrem hohe Audioqualit\u00e4t mit knorrigen B\u00e4ssen, einem gro\u00dfen Dynamikbereich und einer au\u00dfergew\u00f6hnlichen Akustik. UND eine Akkulaufzeit von satten 22 Stunden bei aktivem Noise Cancelling. Ger\u00e4uschunterdr\u00fcckungswahnsinn - halten Sie mit der aktiven Ger\u00e4uschunterdr\u00fcckung die Au\u00dfenger\u00e4usche drau\u00dfen. Hesh ANC verf\u00fcgt\u2026","rel":"","context":"Similar post","img":{"alt_text":"","src":"https:\/\/i0.wp.com\/anythingtechnicallc.com\/wp-content\/uploads\/2024\/09\/71S2t52tVWL._AC_SL1500_.jpg?fit=1200%2C1190&ssl=1&resize=350%2C200","width":350,"height":200},"classes":[]},{"id":8956,"url":"https:\/\/anythingtechnicallc.com\/index.php\/de\/product\/skullcandy-hesh-2-over-ear-wireless-kopfhoerer-15-std-akku-mikrofon-funktioniert-mit-iphone-android-und-bluetooth-geraeten-schwarz\/","url_meta":{"origin":9659,"position":1},"title":"Skullcandy Hesh 2 Over-Ear Wireless Kopfh\u00f6rer, 15 Std. Akku, Mikrofon, funktioniert mit iPhone, Android und Bluetooth-Ger\u00e4ten &#8211; Schwarz","date":"March 18, 2026","format":false,"excerpt":"\u00dcberragender Klang: Hesh 2 Wireless ist mit der Supreme Sound Technologie ausgestattet, die angreifende, kraftvolle B\u00e4sse, warme, nat\u00fcrliche Stimmen und pr\u00e4zise H\u00f6hen produziert. Ganzt\u00e4giger Komfort, alltagstauglich: Weiche Kunstleder-Ohrpolster bieten endlosen Komfort f\u00fcr Ihre l\u00e4ngsten Playlists. Der flexible Kopfb\u00fcgel ist mit einer Metallunterkonstruktion versehen, die den t\u00e4glichen Belastungen standh\u00e4lt. Lange Akkulaufzeit:\u2026","rel":"","context":"Similar post","img":{"alt_text":"","src":"https:\/\/i0.wp.com\/anythingtechnicallc.com\/wp-content\/uploads\/2024\/09\/71KEOerw6VL._AC_SL1500_.jpg?fit=1091%2C1200&ssl=1&resize=350%2C200","width":350,"height":200},"classes":[]},{"id":8950,"url":"https:\/\/anythingtechnicallc.com\/index.php\/de\/product\/skullcandy-hesh-evo-drahtloser-kopfhoerer-mit-ladekabel-36-stunden-akku-mikrofon-funktioniert-mit-iphone-android-und-bluetooth-geraeten-true-black\/","url_meta":{"origin":9659,"position":2},"title":"Skullcandy Hesh Evo Drahtloser Kopfh\u00f6rer mit Ladekabel, 36 Stunden Akku, Mikrofon, funktioniert mit iPhone, Android und Bluetooth-Ger\u00e4ten &#8211; True Black","date":"March 18, 2026","format":false,"excerpt":"Supreme Audio - Mit leistungsstarken 40-mm-Treibern und au\u00dfergew\u00f6hnlicher Akustik werden Ihre Lieblingssongs kristallklar sein. F\u00fcr den erschwinglichen Preis des Hesh Evo \u00fcbertrifft es die Konkurrenz und bietet die beste Klangqualit\u00e4t in seiner Klasse. 36 Stunden Akkulaufzeit - Ganz gleich, ob Sie unterwegs sind und nicht aufladen k\u00f6nnen oder ob Sie\u2026","rel":"","context":"Similar post","img":{"alt_text":"","src":"https:\/\/i0.wp.com\/anythingtechnicallc.com\/wp-content\/uploads\/2024\/09\/714rWTJzaEL._AC_SL1500_.jpg?fit=1186%2C1200&ssl=1&resize=350%2C200","width":350,"height":200},"classes":[]},{"id":9662,"url":"https:\/\/anythingtechnicallc.com\/index.php\/de\/product\/gebrauchte-skullcandy-roc-nation-aviator-over-the-ear-kopfhoerer-schwarz\/","url_meta":{"origin":9659,"position":3},"title":"Gebrauchte Skullcandy &#8211; Roc Nation Aviator Over-the-Ear Kopfh\u00f6rer &#8211; Schwarz","date":"March 24, 2026","format":false,"excerpt":"\u00dcber-dem-Ohr-Design F\u00fcr Komfort bei l\u00e4ngeren H\u00f6rsessions. Das verstaubare Reisedesign erm\u00f6glicht einen einfachen Transport. Neodym-Magnete Sorgt f\u00fcr Klangverst\u00e4rkung. Mylar-Treiber Liefern kraftvollen Klang. 100 mW Belastbarkeit H\u00e4lt auch extremen Leistungspegeln stand. Optisch inspiriertes Lautsprechergeh\u00e4use aus Polykarbonat F\u00fcr ein langlebiges Design. 20Hz - 20kHz Frequenzgang F\u00fcr eine originalgetreue Klangwiedergabe. 65 Ohm Impedanz Leitet\u2026","rel":"","context":"Similar post","img":{"alt_text":"","src":"https:\/\/i0.wp.com\/anythingtechnicallc.com\/wp-content\/uploads\/2026\/01\/Skullcandy-Roc-Nation-Aviator.jpg?fit=900%2C1200&ssl=1&resize=350%2C200","width":350,"height":200},"classes":[]},{"id":8959,"url":"https:\/\/anythingtechnicallc.com\/index.php\/de\/product\/skullcandy-inkd-in-ear-wireless-earbuds-8-std-akku-mikrofon-funktioniert-mit-iphone-android-und-bluetooth-geraeten-erneuert\/","url_meta":{"origin":9659,"position":4},"title":"Skullcandy Ink&#8217;d+ In-Ear Wireless Earbuds, 8 Std. Akku, Mikrofon, funktioniert mit iPhone, Android und Bluetooth-Ger\u00e4ten &#8211; Erneuert","date":"March 18, 2026","format":false,"excerpt":"Bluetooth 5.0 bietet kabellose Konnektivit\u00e4t zu Ihrem Ger\u00e4t, w\u00e4hrend die kabelgebundenen Ohrh\u00f6rer sicherstellen, dass nichts verlegt wird. Das ger\u00e4uschisolierende In-Ear-Design schirmt unerw\u00fcnschte Ablenkungen ab, w\u00e4hrend Sie Ihre Musik, Videos oder Telefonate genie\u00dfen. Zus\u00e4tzliche Ohrst\u00f6psel sorgen f\u00fcr einen optimalen Sitz der Ger\u00e4uschisolierung. Genie\u00dfen Sie bis zu 8 Stunden ununterbrochene Musikwiedergabe. Dank\u2026","rel":"","context":"Similar post","img":{"alt_text":"","src":"https:\/\/i0.wp.com\/anythingtechnicallc.com\/wp-content\/uploads\/2024\/09\/71AhohNmiCL._AC_SL1500_.jpg?fit=1032%2C1200&ssl=1&resize=350%2C200","width":350,"height":200},"classes":[]},{"id":9656,"url":"https:\/\/anythingtechnicallc.com\/index.php\/de\/product\/skullcandy-air-raid-tragbarer-bluetooth-lautsprecher-air-raid-bt-tragbarer-lautsprecher\/","url_meta":{"origin":9659,"position":5},"title":"Skullcandy Air Raid Tragbarer Bluetooth-Lautsprecher Air Raid BT Tragbarer Lautsprecher","date":"March 24, 2026","format":false,"excerpt":"Track-Funktionalit\u00e4t Wechseln Sie die Tracks direkt vom Air Raid-Ger\u00e4t aus und genie\u00dfen Sie die ultimative Funktionalit\u00e4t. Mit einem einzigen Druck auf + zusammen mit der mittleren Taste k\u00f6nnen Sie vorw\u00e4rts spulen und mit einem einzigen Druck auf - zusammen mit der mittleren Taste r\u00fcckw\u00e4rts spulen. 360-Grad-Klang Stellen Sie den Air\u2026","rel":"","context":"Similar post","img":{"alt_text":"","src":"https:\/\/i0.wp.com\/anythingtechnicallc.com\/wp-content\/uploads\/2026\/01\/Skullcandy-AIR-RAID.jpg?fit=900%2C1200&ssl=1&resize=350%2C200","width":350,"height":200},"classes":[]}],"pll_sync_post":[],"lang":"de","translations":{"de":9659,"en":8638},"_links":{"self":[{"href":"https:\/\/anythingtechnicallc.com\/index.php\/wp-json\/wp\/v2\/product\/9659","targetHints":{"allow":["GET"]}}],"collection":[{"href":"https:\/\/anythingtechnicallc.com\/index.php\/wp-json\/wp\/v2\/product"}],"about":[{"href":"https:\/\/anythingtechnicallc.com\/index.php\/wp-json\/wp\/v2\/types\/product"}],"replies":[{"embeddable":true,"href":"https:\/\/anythingtechnicallc.com\/index.php\/wp-json\/wp\/v2\/comments?post=9659"}],"wp:featuredmedia":[{"embeddable":true,"href":"https:\/\/anythingtechnicallc.com\/index.php\/wp-json\/wp\/v2\/media\/9658"}],"wp:attachment":[{"href":"https:\/\/anythingtechnicallc.com\/index.php\/wp-json\/wp\/v2\/media?parent=9659"}],"wp:term":[{"taxonomy":"product_brand","embeddable":true,"href":"https:\/\/anythingtechnicallc.com\/index.php\/wp-json\/wp\/v2\/product_brand?post=9659"},{"taxonomy":"product_cat","embeddable":true,"href":"https:\/\/anythingtechnicallc.com\/index.php\/wp-json\/wp\/v2\/product_cat?post=9659"},{"taxonomy":"product_tag","embeddable":true,"href":"https:\/\/anythingtechnicallc.com\/index.php\/wp-json\/wp\/v2\/product_tag?post=9659"}],"curies":[{"name":"wp","href":"https:\/\/api.w.org\/{rel}","templated":true}]}}