{"id":9662,"date":"2026-03-24T10:34:38","date_gmt":"2026-03-24T10:34:38","guid":{"rendered":"https:\/\/anythingtechnicallc.com\/?post_type=product&#038;p=9662"},"modified":"2026-03-24T10:34:38","modified_gmt":"2026-03-24T10:34:38","slug":"gebrauchte-skullcandy-roc-nation-aviator-over-the-ear-kopfhoerer-schwarz","status":"publish","type":"product","link":"https:\/\/anythingtechnicallc.com\/index.php\/de\/product\/gebrauchte-skullcandy-roc-nation-aviator-over-the-ear-kopfhoerer-schwarz\/","title":{"rendered":"Gebrauchte Skullcandy &#8211; Roc Nation Aviator Over-the-Ear Kopfh\u00f6rer &#8211; Schwarz"},"content":{"rendered":"<div class=\"overview-section-container last__mb-300 first__mt-300\">\n<div class=\"product-info-container flex flex-col flex-md-row\">\n<div class=\"product-info-body w-md-3\/4\">\n<div class=\"html-fragment\" data-testid=\"html-fragment\">Genie\u00dfen Sie kraftvollen Klang mit diesen Skullcandy Roc Nation Aviator S6AVDM-232 Over-the-Ear-Kopfh\u00f6rern, die mit einem von der Optik inspirierten Polycarbonat-Lautsprechergeh\u00e4use f\u00fcr Langlebigkeit und einem verstaubaren Reisedesign f\u00fcr einfache Portabilit\u00e4t ausgestattet sind.<\/div>\n<\/div>\n<\/div>\n<\/div>\n<div class=\"overview-section-container last__mb-300 first__mt-300\"><\/div>\n","protected":false},"excerpt":{"rendered":"<ul>\n<li>\n<h4 class=\"product-info-title body-copy v-fw-medium\">\u00dcber-dem-Ohr-Design<\/h4>\n<p class=\"product-info-description body-copy\">F\u00fcr Komfort bei l\u00e4ngeren H\u00f6rsessions. Das verstaubare Reisedesign erm\u00f6glicht einen einfachen Transport.<\/p>\n<\/li>\n<li>\n<h4 class=\"product-info-title body-copy v-fw-medium\">Neodym-Magnete<\/h4>\n<p class=\"product-info-description body-copy\">Sorgt f\u00fcr Klangverst\u00e4rkung.<\/p>\n<\/li>\n<li>\n<h4 class=\"product-info-title body-copy v-fw-medium\">Mylar-Treiber<\/h4>\n<p class=\"product-info-description body-copy\">Liefern kraftvollen Klang.<\/p>\n<\/li>\n<li>\n<h4 class=\"product-info-title body-copy v-fw-medium\">100 mW Belastbarkeit<\/h4>\n<p class=\"product-info-description body-copy\">H\u00e4lt auch extremen Leistungspegeln stand.<\/p>\n<\/li>\n<li>\n<h4 class=\"product-info-title body-copy v-fw-medium\">Optisch inspiriertes Lautsprechergeh\u00e4use aus Polykarbonat<\/h4>\n<p class=\"product-info-description body-copy\">F\u00fcr ein langlebiges Design.<\/p>\n<\/li>\n<li>\n<h4 class=\"product-info-title body-copy v-fw-medium\">20Hz &#8211; 20kHz Frequenzgang<\/h4>\n<p class=\"product-info-description body-copy\">F\u00fcr eine originalgetreue Klangwiedergabe.<\/p>\n<\/li>\n<li>\n<h4 class=\"product-info-title body-copy v-fw-medium\">65 Ohm Impedanz<\/h4>\n<p class=\"product-info-description body-copy\">Leitet effizient Strom.<\/p>\n<\/li>\n<\/ul>\n","protected":false},"featured_media":9661,"comment_status":"open","ping_status":"closed","template":"","meta":{"_et_pb_use_builder":"","_et_pb_old_content":"","_et_gb_content_width":""},"product_brand":[],"product_cat":[1578],"product_tag":[],"class_list":{"0":"post-9662","1":"product","2":"type-product","3":"status-publish","4":"has-post-thumbnail","6":"product_cat-headset","8":"first","9":"instock","10":"sale","11":"taxable","12":"shipping-taxable","13":"purchasable","14":"product-type-simple"},"exclude_global_add_ons":[],"addons":[],"jetpack-related-posts":[{"id":9659,"url":"https:\/\/anythingtechnicallc.com\/index.php\/de\/product\/skullcandy-hesh-3-kabellose-over-the-ear-kopfhoerer-schwarz\/","url_meta":{"origin":9662,"position":0},"title":"Skullcandy &#8211; HESH 3 Kabellose Over-the-Ear Kopfh\u00f6rer &#8211; Schwarz","date":"March 24, 2026","format":false,"excerpt":"Befriedigen Sie Ihre endlose Sehnsucht nach gro\u00dfartigen Kl\u00e4ngen mit diesen Over-Ear-Bluetooth-Kopfh\u00f6rern SkullCandy Hesh 3. Dank der 22-st\u00fcndigen Akkulaufzeit k\u00f6nnen Sie den ganzen Tag nonstop Musik genie\u00dfen, und die 40-mm-Treiber produzieren hochwertigen Klang bei 20 Hz - 20 kHz. Die Memory Foam-Ohrpolster dieses SkullCandy Hesh 3 Bluetooth-Kopfh\u00f6rers sorgen f\u00fcr einen angenehmen\u2026","rel":"","context":"Similar post","img":{"alt_text":"","src":"https:\/\/i0.wp.com\/anythingtechnicallc.com\/wp-content\/uploads\/2026\/01\/Skullcandy-Hesh-3.jpg?fit=1200%2C1200&ssl=1&resize=350%2C200","width":350,"height":200},"classes":[]},{"id":8956,"url":"https:\/\/anythingtechnicallc.com\/index.php\/de\/product\/skullcandy-hesh-2-over-ear-wireless-kopfhoerer-15-std-akku-mikrofon-funktioniert-mit-iphone-android-und-bluetooth-geraeten-schwarz\/","url_meta":{"origin":9662,"position":1},"title":"Skullcandy Hesh 2 Over-Ear Wireless Kopfh\u00f6rer, 15 Std. Akku, Mikrofon, funktioniert mit iPhone, Android und Bluetooth-Ger\u00e4ten &#8211; Schwarz","date":"March 18, 2026","format":false,"excerpt":"\u00dcberragender Klang: Hesh 2 Wireless ist mit der Supreme Sound Technologie ausgestattet, die angreifende, kraftvolle B\u00e4sse, warme, nat\u00fcrliche Stimmen und pr\u00e4zise H\u00f6hen produziert. Ganzt\u00e4giger Komfort, alltagstauglich: Weiche Kunstleder-Ohrpolster bieten endlosen Komfort f\u00fcr Ihre l\u00e4ngsten Playlists. Der flexible Kopfb\u00fcgel ist mit einer Metallunterkonstruktion versehen, die den t\u00e4glichen Belastungen standh\u00e4lt. Lange Akkulaufzeit:\u2026","rel":"","context":"Similar post","img":{"alt_text":"","src":"https:\/\/i0.wp.com\/anythingtechnicallc.com\/wp-content\/uploads\/2024\/09\/71KEOerw6VL._AC_SL1500_.jpg?fit=1091%2C1200&ssl=1&resize=350%2C200","width":350,"height":200},"classes":[]},{"id":9644,"url":"https:\/\/anythingtechnicallc.com\/index.php\/de\/product\/beats-fit-pro-true-wireless-noise-cancelling-in-ear-kopfhoerer-schwarz-mk2f3ll-a-erneuert\/","url_meta":{"origin":9662,"position":2},"title":"Beats Fit Pro True Wireless Noise Cancelling In-Ear Kopfh\u00f6rer &#8211; Schwarz, MK2F3LL\/A (Erneuert)","date":"March 24, 2026","format":false,"excerpt":"Flexible, sicher sitzende Fl\u00fcgelspitzen f\u00fcr ganzt\u00e4gigen Komfort und Stabilit\u00e4t. Ma\u00dfgeschneiderte akustische Plattform f\u00fcr kraftvollen, ausgewogenen Klang. Spatial Audio mit dynamischem Head Tracking f\u00fcr eindringliche Musik, Filme und Spiele. Drei verschiedene H\u00f6rmodi: Aktive Ger\u00e4uschunterdr\u00fcckung, Transparenzmodus und adaptiver EQ. Verbessert durch den Apple H1 Chip f\u00fcr automatisches Umschalten, Audio Sharing (mit einem\u2026","rel":"","context":"Similar post","img":{"alt_text":"","src":"https:\/\/i0.wp.com\/anythingtechnicallc.com\/wp-content\/uploads\/2025\/10\/41Q5qB0JkyL._AC_SL1107_.jpg?fit=904%2C1107&ssl=1&resize=350%2C200","width":350,"height":200},"classes":[]},{"id":8946,"url":"https:\/\/anythingtechnicallc.com\/index.php\/de\/product\/skullcandy-hesh-anc-over-ear-noise-cancelling-wireless-kopfhoerer-mit-ladekabel-22-stunden-akku-mikrofon-funktioniert-mit-iphone-android-und-bluetooth-geraeten-mod-white\/","url_meta":{"origin":9662,"position":3},"title":"Skullcandy Hesh ANC Over-Ear Noise Cancelling Wireless Kopfh\u00f6rer mit Ladekabel, 22 Stunden Akku, Mikrofon, funktioniert mit iPhone, Android und Bluetooth-Ger\u00e4ten &#8211; Mod White","date":"March 18, 2026","format":false,"excerpt":"Bew\u00e4hrte Klangqualit\u00e4t - Mit unseren 40-mm-Treibern sorgt der Hesh ANC f\u00fcr eine extrem hohe Audioqualit\u00e4t mit knorrigen B\u00e4ssen, einem gro\u00dfen Dynamikbereich und einer au\u00dfergew\u00f6hnlichen Akustik. UND eine Akkulaufzeit von satten 22 Stunden bei aktivem Noise Cancelling. Ger\u00e4uschunterdr\u00fcckungswahnsinn - halten Sie mit der aktiven Ger\u00e4uschunterdr\u00fcckung die Au\u00dfenger\u00e4usche drau\u00dfen. Hesh ANC verf\u00fcgt\u2026","rel":"","context":"Similar post","img":{"alt_text":"","src":"https:\/\/i0.wp.com\/anythingtechnicallc.com\/wp-content\/uploads\/2024\/09\/71S2t52tVWL._AC_SL1500_.jpg?fit=1200%2C1190&ssl=1&resize=350%2C200","width":350,"height":200},"classes":[]},{"id":8959,"url":"https:\/\/anythingtechnicallc.com\/index.php\/de\/product\/skullcandy-inkd-in-ear-wireless-earbuds-8-std-akku-mikrofon-funktioniert-mit-iphone-android-und-bluetooth-geraeten-erneuert\/","url_meta":{"origin":9662,"position":4},"title":"Skullcandy Ink&#8217;d+ In-Ear Wireless Earbuds, 8 Std. Akku, Mikrofon, funktioniert mit iPhone, Android und Bluetooth-Ger\u00e4ten &#8211; Erneuert","date":"March 18, 2026","format":false,"excerpt":"Bluetooth 5.0 bietet kabellose Konnektivit\u00e4t zu Ihrem Ger\u00e4t, w\u00e4hrend die kabelgebundenen Ohrh\u00f6rer sicherstellen, dass nichts verlegt wird. Das ger\u00e4uschisolierende In-Ear-Design schirmt unerw\u00fcnschte Ablenkungen ab, w\u00e4hrend Sie Ihre Musik, Videos oder Telefonate genie\u00dfen. Zus\u00e4tzliche Ohrst\u00f6psel sorgen f\u00fcr einen optimalen Sitz der Ger\u00e4uschisolierung. Genie\u00dfen Sie bis zu 8 Stunden ununterbrochene Musikwiedergabe. Dank\u2026","rel":"","context":"Similar post","img":{"alt_text":"","src":"https:\/\/i0.wp.com\/anythingtechnicallc.com\/wp-content\/uploads\/2024\/09\/71AhohNmiCL._AC_SL1500_.jpg?fit=1032%2C1200&ssl=1&resize=350%2C200","width":350,"height":200},"classes":[]},{"id":9864,"url":"https:\/\/anythingtechnicallc.com\/index.php\/de\/product\/gebrauchte-bose-quietcomfort-25-akustische-geraeuschunterdrueckung-kopfhoerer-verkabelt-schwarz\/","url_meta":{"origin":9662,"position":5},"title":"Gebrauchte Bose QuietComfort 25 Akustische Ger\u00e4uschunterdr\u00fcckung Kopfh\u00f6rer (verkabelt, Schwarz)","date":"April 8, 2026","format":false,"excerpt":"Die QuietComfort 25 Acoustic Noise Cancelling Kopfh\u00f6rer sind die leistungsst\u00e4rksten Around-Ear-Kopfh\u00f6rer von Bose. Sie bieten Ihnen einen klaren, kraftvollen Klang und eine Ruhe, mit der Sie Ihre Musik besser h\u00f6ren k\u00f6nnen. Bose entwickelt seine branchenf\u00fchrenden Kopfh\u00f6rer mit der neuesten Bose Active EQ- und TriPort-Technologie weiter und sorgt so f\u00fcr einen\u2026","rel":"","context":"Similar post","img":{"alt_text":"","src":"https:\/\/i0.wp.com\/anythingtechnicallc.com\/wp-content\/uploads\/2026\/03\/Bose-QuietComfort-25.jpg?fit=900%2C1200&ssl=1&resize=350%2C200","width":350,"height":200},"classes":[]}],"pll_sync_post":[],"lang":"de","translations":{"de":9662,"en":8641},"_links":{"self":[{"href":"https:\/\/anythingtechnicallc.com\/index.php\/wp-json\/wp\/v2\/product\/9662","targetHints":{"allow":["GET"]}}],"collection":[{"href":"https:\/\/anythingtechnicallc.com\/index.php\/wp-json\/wp\/v2\/product"}],"about":[{"href":"https:\/\/anythingtechnicallc.com\/index.php\/wp-json\/wp\/v2\/types\/product"}],"replies":[{"embeddable":true,"href":"https:\/\/anythingtechnicallc.com\/index.php\/wp-json\/wp\/v2\/comments?post=9662"}],"wp:featuredmedia":[{"embeddable":true,"href":"https:\/\/anythingtechnicallc.com\/index.php\/wp-json\/wp\/v2\/media\/9661"}],"wp:attachment":[{"href":"https:\/\/anythingtechnicallc.com\/index.php\/wp-json\/wp\/v2\/media?parent=9662"}],"wp:term":[{"taxonomy":"product_brand","embeddable":true,"href":"https:\/\/anythingtechnicallc.com\/index.php\/wp-json\/wp\/v2\/product_brand?post=9662"},{"taxonomy":"product_cat","embeddable":true,"href":"https:\/\/anythingtechnicallc.com\/index.php\/wp-json\/wp\/v2\/product_cat?post=9662"},{"taxonomy":"product_tag","embeddable":true,"href":"https:\/\/anythingtechnicallc.com\/index.php\/wp-json\/wp\/v2\/product_tag?post=9662"}],"curies":[{"name":"wp","href":"https:\/\/api.w.org\/{rel}","templated":true}]}}