{"id":9668,"date":"2026-03-24T10:36:19","date_gmt":"2026-03-24T10:36:19","guid":{"rendered":"https:\/\/anythingtechnicallc.com\/?post_type=product&#038;p=9668"},"modified":"2026-03-24T10:36:19","modified_gmt":"2026-03-24T10:36:19","slug":"ueberholter-bose-soundlink-mini-bluetooth-lautsprecher-ii-carbon","status":"publish","type":"product","link":"https:\/\/anythingtechnicallc.com\/index.php\/de\/product\/ueberholter-bose-soundlink-mini-bluetooth-lautsprecher-ii-carbon\/","title":{"rendered":"\u00dcberholter Bose SoundLink Mini Bluetooth Lautsprecher II (Carbon)"},"content":{"rendered":"<div id=\"btf_arenas\" class=\"celwidget\" data-feature-name=\"btf_arenas\" data-csa-c-type=\"widget\" data-csa-c-content-id=\"btf_arenas\" data-csa-c-slot-id=\"btf_arenas\" data-csa-c-asin=\"\" data-csa-c-is-in-initial-active-row=\"false\" data-csa-c-id=\"jap02q-judkk5-2g3olo-aq2eo9\" data-cel-widget=\"btf_arenas\">\n<div id=\"productDescription_feature_div\" class=\"celwidget pd_rd_w-8qW5k pd_rd_r-XTHW02ZCXFQBBD7T1ENQ pd_rd_wg-wMRwH\" data-feature-name=\"productDescription\" data-csa-c-type=\"widget\" data-csa-c-content-id=\"productDescription\" data-csa-c-slot-id=\"productDescription_feature_div\" data-csa-c-asin=\"\" data-csa-c-is-in-initial-active-row=\"false\" data-csa-c-id=\"8umre6-ow5elo-twkk9y-m8kdvf\" data-cel-widget=\"productDescription_feature_div\">\n<div>\n<div id=\"productDescription_feature_div\" class=\"a-row feature\" data-feature-name=\"productDescription\" data-template-name=\"productDescription\" data-cel-widget=\"productDescription_feature_div\">\n<div id=\"productDescription\" class=\"a-section a-spacing-small\">\n<p>Er ist der kleine Lautsprecher mit der gro\u00dfen, gro\u00dfen Stimme. Der SoundLink Mini Bluetooth-Lautsprecher II liefert vollen Klang mit dramatisch tieferen B\u00e4ssen, als Sie es von einem Lautsprecher erwarten w\u00fcrden, der in Ihre Handfl\u00e4che passt. Und weil er kabellos und ultrakompakt ist, k\u00f6nnen Sie den Bose Sound \u00fcberallhin mitnehmen. Der SoundLink Mini II verf\u00fcgt \u00fcber eine integrierte Freisprecheinrichtung, so dass Sie Anrufe laut und mit klarem Klang entgegennehmen k\u00f6nnen. Sprachansagen f\u00fchren Sie durch die Bluetooth-Kopplung, so dass die Verbindung mit Ihrer Musik ganz einfach ist. Der Lithium-Ionen-Akku des Lautsprechers bietet bis zu 10 Stunden Spielzeit ohne Netzanschluss und l\u00e4sst sich bequem \u00fcber die meisten USB-Stromquellen aufladen. Zu Hause kann der Lautsprecher in der mitgelieferten Ladestation aufgeladen werden, so dass er immer einsatzbereit ist. Der SoundLink Mini II wurde entwickelt, um dem t\u00e4glichen Gebrauch standzuhalten und fast \u00fcberall aufgestellt werden zu k\u00f6nnen. Er l\u00e4sst sich kabellos mit Ihren Bluetooth-f\u00e4higen Ger\u00e4ten verbinden &#8211; bis zu zwei gleichzeitig. Der SoundLink Mini II ist in Carbon oder Pearl erh\u00e4ltlich und kann mit farbigen Zubeh\u00f6rh\u00fcllen an Ihren individuellen Stil angepasst werden.<\/p>\n<\/div>\n<\/div>\n<\/div>\n<\/div>\n<div id=\"renewedProgramDescriptionBtf_feature_div\" class=\"celwidget pd_rd_w-A6zL3 pd_rd_r-XTHW02ZCXFQBBD7T1ENQ pd_rd_wg-wMRwH\" data-feature-name=\"renewedProgramDescriptionBtf\" data-csa-c-type=\"widget\" data-csa-c-content-id=\"renewedProgramDescriptionBtf\" data-csa-c-slot-id=\"renewedProgramDescriptionBtf_feature_div\" data-csa-c-asin=\"\" data-csa-c-is-in-initial-active-row=\"false\" data-csa-c-id=\"x9kfaf-55ubu4-r1d3i1-qlrrdj\" data-cel-widget=\"renewedProgramDescriptionBtf_feature_div\"><\/div>\n<\/div>\n<div id=\"climatePledgeFriendlyBTF_feature_div\" class=\"celwidget\" data-feature-name=\"climatePledgeFriendlyBTF\" data-csa-c-type=\"widget\" data-csa-c-content-id=\"climatePledgeFriendlyBTF\" data-csa-c-slot-id=\"climatePledgeFriendlyBTF_feature_div\" data-csa-c-asin=\"\" data-csa-c-is-in-initial-active-row=\"false\" data-csa-c-id=\"xqlo4x-2nttnj-cj2unw-lrx6a\" data-cel-widget=\"climatePledgeFriendlyBTF_feature_div\"><\/div>\n<div id=\"postPurchaseSideSheet_MP_feature_div\" class=\"celwidget\" data-feature-name=\"postPurchaseSideSheet_MP\" data-csa-c-type=\"widget\" data-csa-c-content-id=\"postPurchaseSideSheet_MP\" data-csa-c-slot-id=\"postPurchaseSideSheet_MP_feature_div\" data-csa-c-asin=\"\" data-csa-c-is-in-initial-active-row=\"false\" data-csa-c-id=\"2jyab7-hhhxew-bxpcfu-g2rucb\" data-cel-widget=\"postPurchaseSideSheet_MP_feature_div\"><\/div>\n<div id=\"HLCXComparisonWidget_after_ask-dp-search-3-T2\" class=\"celwidget\" data-feature-name=\"HLCXComparisonWidget_after_ask-dp-search-3-T2\" data-csa-c-type=\"widget\" data-csa-c-content-id=\"HLCXComparisonWidget_after_ask-dp-search-3-T2\" data-csa-c-slot-id=\"HLCXComparisonWidget_after_ask-dp-search-3-T2\" data-csa-c-asin=\"\" data-csa-c-is-in-initial-active-row=\"false\" data-csa-c-id=\"ia5gm-lba86j-84ddun-8ltvtw\" data-cel-widget=\"HLCXComparisonWidget_after_ask-dp-search-3-T2\">\n<div id=\"sims-comparisonContainer_feature_div_11\" class=\"celwidget\" data-feature-name=\"sims-comparisonContainer\" data-csa-c-type=\"widget\" data-csa-c-content-id=\"sims-comparisonContainer\" data-csa-c-slot-id=\"sims-comparisonContainer_feature_div_11\" data-csa-c-asin=\"\" data-csa-c-is-in-initial-active-row=\"false\" data-csa-c-id=\"781gi9-404t1y-hxka52-ypwfop\" data-cel-widget=\"sims-comparisonContainer_feature_div_11\"><\/div>\n<\/div>\n<div id=\"sims-discoveryAndInspiration_feature_div_01\" class=\"celwidget\" data-feature-name=\"sims-discoveryAndInspiration\" data-csa-c-type=\"widget\" data-csa-c-content-id=\"sims-discoveryAndInspiration\" data-csa-c-slot-id=\"sims-discoveryAndInspiration_feature_div_01\" data-csa-c-asin=\"\" data-csa-c-is-in-initial-active-row=\"false\" data-csa-c-id=\"2jb0rc-qzk94c-z6e432-3mzdbb\" data-cel-widget=\"sims-discoveryAndInspiration_feature_div_01\">\n<div class=\"celwidget pd_rd_w-8lKQ1 content-id-amzn1.sym.ccb770a9-35d1-4af6-8af2-bcbd12656fbb pf_rd_p-ccb770a9-35d1-4af6-8af2-bcbd12656fbb pf_rd_r-XTHW02ZCXFQBBD7T1ENQ pd_rd_wg-Wu5tW pd_rd_r-650f662c-ad56-4a1f-a73e-6aab84977d86 c-f\" data-csa-op-log-render=\"\" data-csa-c-content-id=\"amzn1.sym.ccb770a9-35d1-4af6-8af2-bcbd12656fbb\" data-csa-c-slot-id=\"discovery-and-inspiration-container-1\" data-csa-c-type=\"widget\" data-csa-c-painter=\"multi-brand-video-desktop-cards\" data-csa-c-id=\"tbtvzq-q9loxh-qs7aum-m8l2cl\" data-cel-widget=\"multi-brand-video-desktop_DetailPage_0\">\n<div id=\"CardInstancemdP1aOFCDIpNK0-2WkkYjw\" class=\"_multi-brand-video-desktop_style_mbvContainer__2A_sC _multi-brand-video-desktop_MultiBrandVideoDesktop_mbv__R7us8\" data-props=\"{&quot;clientId&quot;:&quot;1206717-2813508-3821534&quot;,&quot;language&quot;:&quot;en-US&quot;,&quot;marketplaceId&quot;:&quot;ATVPDKIKX0DER&quot;,&quot;pageType&quot;:&quot;Detail&quot;,&quot;pageNumber&quot;:&quot;&quot;,&quot;weblabs&quot;:&quot;ADPT_SBV_1041956:T1,ADPT_SBV_DELAY_PLAYBACK_UNTIL_READY_1248744:C,ALF_SUSHI_CLIENT_GATE_1299748:C,MBV_394048:T1,SBV_642751:T1,SBV_672322:T1,SBV_708584:C,SBV_814590:C,SBV_836067:T1,SBV_842986:T1&quot;,&quot;widgetGroupId&quot;:&quot;desktop-dp-sims&quot;,&quot;requestId&quot;:&quot;XTHW02ZCXFQBBD7T1ENQ&quot;,&quot;searchQuery&quot;:&quot;&quot;,&quot;widgetType&quot;:&quot;multi-brand-video&quot;,&quot;experience&quot;:&quot;Default&quot;,&quot;experienceVariation&quot;:&quot;Default&quot;,&quot;widgetIndex&quot;:&quot;&quot;}\" data-card-metrics-id=\"multi-brand-video-desktop_DetailPage_0\" data-mix-claimed=\"true\">\n<div class=\"a-section _multi-brand-video-desktop_MultiBrandVideoDesktop_desktopMbv__3t-V1\">\n<div class=\"a-begin a-carousel-container a-carousel-display-stretchyGoodness a-carousel-transition-slide _multi-brand-video-desktop_Carousel_carouselContainer__9vpf5 undefined a-carousel-initialized\" role=\"group\" data-a-carousel-options=\"{&quot;hide_off_screen&quot;:true,&quot;minimum_gutter_width&quot;:18,&quot;name&quot;:&quot;mbv-carousel&quot;,&quot;set_size&quot;:2,&quot;single_page_align&quot;:&quot;left&quot;,&quot;circular&quot;:false}\" aria-roledescription=\"carousel\">\n<div class=\"a-row a-carousel-header-row a-size-medium _multi-brand-video-desktop_Carousel_carouselHeading__l5qNS undefined\"><\/div>\n<\/div>\n<\/div>\n<\/div>\n<\/div>\n<\/div>\n","protected":false},"excerpt":{"rendered":"<p>Er ist der kleine Lautsprecher mit der gro\u00dfen, gro\u00dfen Stimme. Der SoundLink Mini Bluetooth-Lautsprecher II liefert vollen Klang mit dramatisch tieferen B\u00e4ssen, als Sie es von einem Lautsprecher erwarten w\u00fcrden, der in Ihre Handfl\u00e4che passt. Und weil er kabellos und ultrakompakt ist, k\u00f6nnen Sie den Bose Sound \u00fcberallhin mitnehmen. Der SoundLink Mini II hat eine integrierte Freisprecheinrichtung, so dass Sie Anrufe laut und mit klarem Klang entgegennehmen k\u00f6nnen. Sprachansagen f\u00fchren Sie durch die Bluetooth-Kopplung, so dass die Verbindung mit Ihrer Musik ganz einfach ist. Der Lithium-Ionen-Akku des Lautsprechers bietet bis zu 10 Stunden Spielzeit ohne Netzanschluss und l\u00e4sst sich bequem \u00fcber die meisten USB-Stromquellen aufladen. Zu Hause kann der Lautsprecher in der mitgelieferten Ladestation aufgeladen werden, so dass er immer einsatzbereit ist. Der SoundLink Mini II wurde entwickelt, um dem t\u00e4glichen Gebrauch standzuhalten und fast \u00fcberall aufgestellt werden zu k\u00f6nnen. Er l\u00e4sst sich kabellos mit Ihren Bluetooth-f\u00e4higen Ger\u00e4ten verbinden &#8211; bis zu zwei gleichzeitig. Der SoundLink Mini II ist in Carbon oder Pearl erh\u00e4ltlich und kann mit farbigen Zubeh\u00f6rh\u00fcllen an Ihren individuellen Stil angepasst werden.<\/p>\n","protected":false},"featured_media":9667,"comment_status":"open","ping_status":"closed","template":"","meta":{"_et_pb_use_builder":"","_et_pb_old_content":"","_et_gb_content_width":""},"product_brand":[],"product_cat":[1578],"product_tag":[],"class_list":{"0":"post-9668","1":"product","2":"type-product","3":"status-publish","4":"has-post-thumbnail","6":"product_cat-headset","8":"first","9":"instock","10":"sale","11":"taxable","12":"shipping-taxable","13":"purchasable","14":"product-type-simple"},"exclude_global_add_ons":[],"addons":[],"jetpack-related-posts":[{"id":9723,"url":"https:\/\/anythingtechnicallc.com\/index.php\/de\/product\/bose-soundlink-color-ii-bluetooth-lautsprecher-soft-schwarz-erneuert\/","url_meta":{"origin":9668,"position":0},"title":"Bose SoundLink Color II Bluetooth Lautsprecher Soft Schwarz (Erneuert)","date":"March 24, 2026","format":false,"excerpt":"Ob am Pool, im Park oder auf der Terrasse - der SoundLink Color Bluetooth-Lautsprecher II bietet Ihnen \u00fcberall vollen, tragbaren Sound. Die fortschrittliche Technologie von Bose bietet gro\u00dfen Klang in einem kleinen, wasserfesten Lautsprecher, der robust genug ist, um Sie \u00fcberallhin zu begleiten, auch an den Pool. Er ist robust\u2026","rel":"","context":"Similar post","img":{"alt_text":"","src":"https:\/\/i0.wp.com\/anythingtechnicallc.com\/wp-content\/uploads\/2026\/02\/Bose-SoundLink-Color-II.jpg?fit=1200%2C1200&ssl=1&resize=350%2C200","width":350,"height":200},"classes":[]},{"id":9665,"url":"https:\/\/anythingtechnicallc.com\/index.php\/de\/product\/ueberholter-bose-soundlink-mini-bluetooth-lautsprecher\/","url_meta":{"origin":9668,"position":1},"title":"\u00dcberholter Bose SoundLink Mini Bluetooth Lautsprecher","date":"March 24, 2026","format":false,"excerpt":"Genie\u00dfen Sie mit dem Bose Sound Link Mini Bluetooth-Lautsprecher auch unterwegs einen besseren Klang, egal wohin Sie gehen. Er liefert vollen, nat\u00fcrlichen Klang aus einem ultrakompakten Lautsprecher, der in Ihre Handfl\u00e4che passt. Der Lautsprecher l\u00e4sst sich kabellos mit Ihrem Smartphone, Tablet oder einem anderen Bluetooth-Ger\u00e4t verbinden. Ein Lithium-Ionen-Akku sorgt f\u00fcr\u2026","rel":"","context":"Similar post","img":{"alt_text":"","src":"https:\/\/i0.wp.com\/anythingtechnicallc.com\/wp-content\/uploads\/2026\/01\/61qlhFddcFL._AC_SL1000_.jpg?fit=947%2C507&ssl=1&resize=350%2C200","width":350,"height":200},"classes":[]},{"id":9291,"url":"https:\/\/anythingtechnicallc.com\/index.php\/de\/product\/bose-soundlink-flex-bluetooth-portable-speaker-kabelloser-wasserdichter-lautsprecher-fuer-reisen-im-freien-schwarz-erneuert\/","url_meta":{"origin":9668,"position":2},"title":"Bose SoundLink Flex Bluetooth Portable Speaker, kabelloser, wasserdichter Lautsprecher f\u00fcr Reisen im Freien &#8211; Schwarz (erneuert)","date":"March 19, 2026","format":false,"excerpt":"Hochmodernes Design - Der SoundLink Flex Outdoor-Lautsprecher ist vollgepackt mit exklusiven Technologien und einem speziell entwickelten Schallwandler f\u00fcr tiefen, klaren und beeindruckenden Klang zu Hause oder unterwegs. Klarster Klang - Die propriet\u00e4re PositionIQ-Technologie erkennt automatisch die Position Ihres tragbaren Bluetooth-Lautsprechers und sorgt so f\u00fcr optimale Klangqualit\u00e4t in jeder Ausrichtung und\u2026","rel":"","context":"Similar post","img":{"alt_text":"","src":"https:\/\/i0.wp.com\/anythingtechnicallc.com\/wp-content\/uploads\/2025\/06\/71we5E107KL._AC_SL1500_.jpg?fit=1200%2C858&ssl=1&resize=350%2C200","width":350,"height":200},"classes":[]},{"id":9870,"url":"https:\/\/anythingtechnicallc.com\/index.php\/de\/product\/bose-soundlink-home-speaker-premium-tragbarer-und-kabelloser-bluetooth-regal-lautsprecher-bis-zu-9-stunden-akkulaufzeit-cool-grey\/","url_meta":{"origin":9668,"position":3},"title":"Bose SoundLink Home Speaker, Premium, tragbarer und kabelloser Bluetooth Regal-Lautsprecher, bis zu 9 Stunden Akkulaufzeit, Cool Grey","date":"April 8, 2026","format":false,"excerpt":"BEW\u00c4HRTE PREMIUM-AUDIO: Dieser kleine, kabellose Lautsprecher liefert einen klaren, scharfen Sound und hat genug tiefe B\u00e4sse, um jeden Raum zu f\u00fcllen. STEREO, WOHIN SIE AUCH GEHEN: Verst\u00e4rken Sie die Energie, wenn Sie zwei SoundLink Home Speakers f\u00fcr den linken und rechten Kanal koppeln. Verbinden Sie die beiden Lautsprecher einfach \u00fcber\u2026","rel":"","context":"Similar post","img":{"alt_text":"","src":"https:\/\/i0.wp.com\/anythingtechnicallc.com\/wp-content\/uploads\/2026\/03\/Bose-SoundLink-Home-Speaker.jpg?fit=1200%2C1200&ssl=1&resize=350%2C200","width":350,"height":200},"classes":[]},{"id":9605,"url":"https:\/\/anythingtechnicallc.com\/index.php\/de\/product\/erneuert-bose-the-soundlink-revolve-der-tragbare-bluetooth-lautsprecher-mit-360-wireless-surround-sound-triple-black\/","url_meta":{"origin":9668,"position":4},"title":"Erneuert Bose The SoundLink Revolve, der tragbare Bluetooth-Lautsprecher mit 360 Wireless Surround Sound, Triple Black","date":"March 24, 2026","format":false,"excerpt":"Erleben Sie mit dem SoundLink Revolve Bluetooth-Lautsprecher einen beeindruckenden 360-Grad-Sound. Das nahtlose Aluminiumgeh\u00e4use ist langlebig und wasserfest (IPX4), so dass er sowohl f\u00fcr den Innen- als auch f\u00fcr den Au\u00dfenbereich geeignet ist. Die Bose Connects App hilft Ihnen au\u00dferdem bei der Verwaltung Ihrer Ger\u00e4te, w\u00e4hrend das konisch zulaufende zylindrische Design\u2026","rel":"","context":"Similar post","img":{"alt_text":"","src":"https:\/\/i0.wp.com\/anythingtechnicallc.com\/wp-content\/uploads\/2025\/10\/514juzcbNCL._AC_SL1000_.jpg?fit=748%2C1000&ssl=1&resize=350%2C200","width":350,"height":200},"classes":[]},{"id":9191,"url":"https:\/\/anythingtechnicallc.com\/index.php\/de\/product\/bose-home-speaker-500-intelligenter-bluetooth-lautsprecher-mit-integrierter-alexa-sprachsteuerung-schwarz-erneuert\/","url_meta":{"origin":9668,"position":5},"title":"Bose Home Speaker 500: Intelligenter Bluetooth-Lautsprecher mit integrierter Alexa-Sprachsteuerung, Schwarz (erneuert)","date":"March 19, 2026","format":false,"excerpt":"SOUND PERFORMANCE: F\u00fcllen Sie jeden Raum mit beeindruckendem Stereosound von Wand zu Wand aus einem einzigen Lautsprecher. BUILT-IN-ALEXA: Amazon Alexa und Google Assistant sind in diesen intelligenten Lautsprecher integriert und erm\u00f6glichen eine freih\u00e4ndige Sprachsteuerung. Und ein ger\u00e4uschunterdr\u00fcckendes Mikrofonsystem lauscht in alle Richtungen auf Ihre Stimme. KONNEKTIVIT\u00c4T: Koppeln Sie Ihr Ger\u00e4t\u2026","rel":"","context":"Similar post","img":{"alt_text":"","src":"https:\/\/i0.wp.com\/anythingtechnicallc.com\/wp-content\/uploads\/2025\/02\/A1xlwUXvbCL._AC_SL1500_.jpg?fit=983%2C1200&ssl=1&resize=350%2C200","width":350,"height":200},"classes":[]}],"pll_sync_post":[],"lang":"de","translations":{"de":9668,"en":8649},"_links":{"self":[{"href":"https:\/\/anythingtechnicallc.com\/index.php\/wp-json\/wp\/v2\/product\/9668","targetHints":{"allow":["GET"]}}],"collection":[{"href":"https:\/\/anythingtechnicallc.com\/index.php\/wp-json\/wp\/v2\/product"}],"about":[{"href":"https:\/\/anythingtechnicallc.com\/index.php\/wp-json\/wp\/v2\/types\/product"}],"replies":[{"embeddable":true,"href":"https:\/\/anythingtechnicallc.com\/index.php\/wp-json\/wp\/v2\/comments?post=9668"}],"wp:featuredmedia":[{"embeddable":true,"href":"https:\/\/anythingtechnicallc.com\/index.php\/wp-json\/wp\/v2\/media\/9667"}],"wp:attachment":[{"href":"https:\/\/anythingtechnicallc.com\/index.php\/wp-json\/wp\/v2\/media?parent=9668"}],"wp:term":[{"taxonomy":"product_brand","embeddable":true,"href":"https:\/\/anythingtechnicallc.com\/index.php\/wp-json\/wp\/v2\/product_brand?post=9668"},{"taxonomy":"product_cat","embeddable":true,"href":"https:\/\/anythingtechnicallc.com\/index.php\/wp-json\/wp\/v2\/product_cat?post=9668"},{"taxonomy":"product_tag","embeddable":true,"href":"https:\/\/anythingtechnicallc.com\/index.php\/wp-json\/wp\/v2\/product_tag?post=9668"}],"curies":[{"name":"wp","href":"https:\/\/api.w.org\/{rel}","templated":true}]}}