{"id":9677,"date":"2026-03-24T10:40:32","date_gmt":"2026-03-24T10:40:32","guid":{"rendered":"https:\/\/anythingtechnicallc.com\/?post_type=product&#038;p=9677"},"modified":"2026-03-24T10:40:33","modified_gmt":"2026-03-24T10:40:33","slug":"bose-quietcomfort-earbuds-ii-drahtlos-bluetooth-weltbeste-in-ear-kopfhoerer-mit-personalisierter-geraeuschunterdrueckung-sound-triple-black-erneuert","status":"publish","type":"product","link":"https:\/\/anythingtechnicallc.com\/index.php\/de\/product\/bose-quietcomfort-earbuds-ii-drahtlos-bluetooth-weltbeste-in-ear-kopfhoerer-mit-personalisierter-geraeuschunterdrueckung-sound-triple-black-erneuert\/","title":{"rendered":"Bose QuietComfort Earbuds II, drahtlos, Bluetooth, weltbeste In-Ear-Kopfh\u00f6rer mit personalisierter Ger\u00e4uschunterdr\u00fcckung &#038; Sound, Triple Black (Erneuert)"},"content":{"rendered":"<ul class=\"a-unordered-list a-vertical a-spacing-mini\">\n<li class=\"a-spacing-mini\"><span class=\"a-list-item\">QUIETCOMFORT EARBUDS II: Diese neuen kabellosen Bluetooth-Ohrh\u00f6rer mit Ger\u00e4uschunterdr\u00fcckung von BOSE wurden nicht nach einem Einheitsschema entwickelt. Diese kabellosen Ohrh\u00f6rer der n\u00e4chsten Generation sind so konzipiert, dass sie zu Ihnen passen. Sie passen die Ger\u00e4uschunterdr\u00fcckung und die Klangleistung intelligent an, damit Sie ungest\u00f6rt und mitrei\u00dfend h\u00f6ren k\u00f6nnen, wo immer Sie sind. F\u00fcr ganzt\u00e4gigen Tragekomfort und einen sicheren Sitz werden drei Paar Ohrst\u00f6psel und drei Paar individuelle Stabilit\u00e4tsb\u00e4nder mitgeliefert, damit Sie die beste Passform f\u00fcr Ihre Ohren finden k\u00f6nnen. Machen Sie sich Ihre Einzigartigkeit zu eigen &#8211; mit Klang und Passform, die auf Sie zugeschnitten sind.<\/span><\/li>\n<li class=\"a-spacing-mini\"><span class=\"a-list-item\">BOSE World&#8217;s Best NOISE CANCELLING EARBUDS: Die QuietComfort Earbuds II passen die Ger\u00e4uschunterdr\u00fcckung und die Klangleistung intelligent an Ihre Ohren an, so dass Sie tiefen, eindringlichen Klang und die weltweit beste Ger\u00e4uschunterdr\u00fcckung genie\u00dfen k\u00f6nnen. August 2022. Schlussfolgerungen der BOSE Corp., basierend auf ANC-Messungen von Michael &amp; Assoc., Inc. gem\u00e4\u00df ANSI\/ASA S12.42-2010<\/span><\/li>\n<li class=\"a-spacing-mini\"><span class=\"a-list-item\">BOSE KOMFORTABILIT\u00c4T: Um sicherzustellen, dass Ihre kabellosen Ohrh\u00f6rer bequem sitzen und nicht verrutschen, egal was Sie gerade tun, werden die QC Earbuds II mit einem BOSE Fit Kit geliefert. Das praktische Fit Kit enth\u00e4lt drei Paar Ohrst\u00f6psel und drei Paar Stabilit\u00e4tsb\u00e4nder aus weichem Silikon f\u00fcr ganzt\u00e4gigen Tragekomfort und einen sicheren Sitz.<\/span><\/li>\n<li class=\"a-spacing-mini\"><span class=\"a-list-item\">KABELLOS UND EINFACH ZU BEDIENEN: Verwenden Sie die einfache Touch-Oberfl\u00e4che der kabellosen Ohrh\u00f6rer, um alles zu steuern. Dank dieser praktischen Schnittstelle haben Sie die H\u00e4nde frei und k\u00f6nnen sich ganz auf das konzentrieren, was Sie gerade tun. Durch einfaches Wischen und Tippen k\u00f6nnen Sie die Musik abspielen oder anhalten, die Ger\u00e4uschunterdr\u00fcckung einstellen und das alles, ohne Ihr Telefon zu ber\u00fchren.<\/span><\/li>\n<li class=\"a-spacing-mini\"><span class=\"a-list-item\">LANGLEBIGER AKKU: Sie k\u00f6nnen bis zu 6 Stunden lang in die Musik eintauchen, die Sie lieben. Wenn Sie die BOSE QuietComfort Earbuds II nicht benutzen, bewahren Sie sie in der tragbaren Ladeschale auf &#8211; sie ist klein genug, um in Ihre Tasche zu passen. Wenn der Batteriestand niedrig ist, werden Sie per Sprachansage darauf hingewiesen. Sie haben keinen Strom mehr und nicht genug Zeit, um den Akku vollst\u00e4ndig aufzuladen? Die Schnellladeoption erm\u00f6glicht eine Akkulaufzeit von bis zu 2 Stunden bei einer Ladezeit von 20 Minuten.<\/span><\/li>\n<li class=\"a-spacing-mini\"><span class=\"a-list-item\">FORTGESCHRITTENE BLUETOOTH-TECHNOLOGIE: Damit Ihre Ohrh\u00f6rer immer mit Ihrem Ger\u00e4t verbunden bleiben, bieten die BOSE QuietComfort Earbuds II eine fortschrittliche Bluetooth 5.3-Funktion. Diese neueste Generation der Bluetooth-Technologie bietet eine starke, kontinuierliche Verbindung, solange Sie sich in einem Umkreis von 30 Fu\u00df um das gekoppelte Ger\u00e4t befinden. Die Ohrh\u00f6rer speichern die letzten sieben gekoppelten Ger\u00e4te, so dass Sie problemlos zwischen ihnen wechseln k\u00f6nnen, ohne die Verbindung erneut herstellen zu m\u00fcssen.<\/span><\/li>\n<li class=\"a-spacing-mini\"><span class=\"a-list-item\">BOSE MUSIC APP: Die BOSE Music App f\u00fchrt Sie durch die Einrichtung. Verwenden Sie die App, um auf Ihre Einstellungen zuzugreifen, einschlie\u00dflich Ger\u00e4uschunterdr\u00fcckungsstufen, Bluetooth Verbindungen, Verkn\u00fcpfungen und mehr.<\/span><\/li>\n<\/ul>\n","protected":false},"excerpt":{"rendered":"<ul class=\"a-unordered-list a-vertical a-spacing-mini\">\n<li class=\"a-spacing-mini\"><span class=\"a-list-item\">QUIETCOMFORT EARBUDS II: Diese neuen kabellosen Bluetooth-Ohrh\u00f6rer mit Ger\u00e4uschunterdr\u00fcckung von BOSE wurden nicht nach einem Einheitsschema entwickelt. Diese kabellosen Ohrh\u00f6rer der n\u00e4chsten Generation sind so konzipiert, dass sie zu Ihnen passen. Sie passen die Ger\u00e4uschunterdr\u00fcckung und die Klangleistung intelligent an, damit Sie ungest\u00f6rt und mitrei\u00dfend h\u00f6ren k\u00f6nnen, wo immer Sie sind. F\u00fcr ganzt\u00e4gigen Tragekomfort und einen sicheren Sitz werden drei Paar Ohrst\u00f6psel und drei Paar individuelle Stabilit\u00e4tsb\u00e4nder mitgeliefert, damit Sie die beste Passform f\u00fcr Ihre Ohren finden k\u00f6nnen. Machen Sie sich Ihre Einzigartigkeit zu eigen &#8211; mit Klang und Passform, die auf Sie zugeschnitten sind.<\/span><\/li>\n<li class=\"a-spacing-mini\"><span class=\"a-list-item\">BOSE World&#8217;s Best NOISE CANCELLING EARBUDS: Die QuietComfort Earbuds II passen die Ger\u00e4uschunterdr\u00fcckung und die Klangleistung intelligent an Ihre Ohren an, so dass Sie tiefen, eindringlichen Klang und die weltweit beste Ger\u00e4uschunterdr\u00fcckung genie\u00dfen k\u00f6nnen. August 2022. Schlussfolgerungen der BOSE Corp., basierend auf ANC-Messungen von Michael &amp; Assoc., Inc. gem\u00e4\u00df ANSI\/ASA S12.42-2010<\/span><\/li>\n<li class=\"a-spacing-mini\"><span class=\"a-list-item\">BOSE KOMFORTABILIT\u00c4T: Um sicherzustellen, dass Ihre kabellosen Ohrh\u00f6rer bequem sitzen und nicht verrutschen, egal was Sie gerade tun, werden die QC Earbuds II mit einem BOSE Fit Kit geliefert. Das praktische Fit Kit enth\u00e4lt drei Paar Ohrst\u00f6psel und drei Paar Stabilit\u00e4tsb\u00e4nder aus weichem Silikon f\u00fcr ganzt\u00e4gigen Tragekomfort und einen sicheren Sitz.<\/span><\/li>\n<li class=\"a-spacing-mini\"><span class=\"a-list-item\">KABELLOS UND EINFACH ZU BEDIENEN: Verwenden Sie die einfache Touch-Oberfl\u00e4che der kabellosen Ohrh\u00f6rer, um alles zu steuern. Dank dieser praktischen Schnittstelle haben Sie die H\u00e4nde frei und k\u00f6nnen sich ganz auf das konzentrieren, was Sie gerade tun. Durch einfaches Wischen und Tippen k\u00f6nnen Sie die Musik abspielen oder anhalten, die Ger\u00e4uschunterdr\u00fcckung einstellen und das alles, ohne Ihr Telefon zu ber\u00fchren.<\/span><\/li>\n<li class=\"a-spacing-mini\"><span class=\"a-list-item\">LANGLEBIGER AKKU: Sie k\u00f6nnen bis zu 6 Stunden lang in die Musik eintauchen, die Sie lieben. Wenn Sie die BOSE QuietComfort Earbuds II nicht benutzen, bewahren Sie sie in der tragbaren Ladeschale auf &#8211; sie ist klein genug, um in Ihre Tasche zu passen. Wenn der Batteriestand niedrig ist, werden Sie per Sprachansage darauf hingewiesen. Sie haben keinen Strom mehr und nicht genug Zeit, um den Akku vollst\u00e4ndig aufzuladen? Die Schnellladeoption erm\u00f6glicht eine Akkulaufzeit von bis zu 2 Stunden bei einer Ladezeit von 20 Minuten.<\/span><\/li>\n<li class=\"a-spacing-mini\"><span class=\"a-list-item\">FORTGESCHRITTENE BLUETOOTH-TECHNOLOGIE: Damit Ihre Ohrh\u00f6rer immer mit Ihrem Ger\u00e4t verbunden bleiben, bieten die BOSE QuietComfort Earbuds II eine fortschrittliche Bluetooth 5.3-Funktion. Diese neueste Generation der Bluetooth-Technologie bietet eine starke, kontinuierliche Verbindung, solange Sie sich in einem Umkreis von 30 Fu\u00df um das gekoppelte Ger\u00e4t befinden. Die Ohrh\u00f6rer speichern die letzten sieben gekoppelten Ger\u00e4te, so dass Sie problemlos zwischen ihnen wechseln k\u00f6nnen, ohne die Verbindung erneut herstellen zu m\u00fcssen.<\/span><\/li>\n<li class=\"a-spacing-mini\"><span class=\"a-list-item\">BOSE MUSIC APP: Die BOSE Music App f\u00fchrt Sie durch die Einrichtung. Verwenden Sie die App, um auf Ihre Einstellungen zuzugreifen, einschlie\u00dflich Ger\u00e4uschunterdr\u00fcckungsstufen, Bluetooth Verbindungen, Verkn\u00fcpfungen und mehr.<\/span><\/li>\n<\/ul>\n","protected":false},"featured_media":9967,"comment_status":"open","ping_status":"closed","template":"","meta":{"_et_pb_use_builder":"","_et_pb_old_content":"","_et_gb_content_width":""},"product_brand":[],"product_cat":[1578],"product_tag":[],"class_list":{"0":"post-9677","1":"product","2":"type-product","3":"status-publish","4":"has-post-thumbnail","6":"product_cat-headset","8":"first","9":"instock","10":"sale","11":"taxable","12":"shipping-taxable","13":"purchasable","14":"product-type-simple"},"exclude_global_add_ons":[],"addons":[],"jetpack-related-posts":[{"id":9602,"url":"https:\/\/anythingtechnicallc.com\/index.php\/de\/product\/bose-quietcomfort-earbuds-ii-drahtlos-bluetooth-die-weltbesten-in-ear-kopfhoerer-mit-personalisierter-geraeuschunterdrueckung-sound-speckstein-erneuert\/","url_meta":{"origin":9677,"position":0},"title":"Bose QuietComfort Earbuds II, drahtlos, Bluetooth, die weltbesten In-Ear-Kopfh\u00f6rer mit personalisierter Ger\u00e4uschunterdr\u00fcckung &#038; Sound, Speckstein (erneuert)","date":"March 24, 2026","format":false,"excerpt":"QUIETCOMFORT EARBUDS II: Diese neuen kabellosen Bluetooth-Ohrh\u00f6rer mit Ger\u00e4uschunterdr\u00fcckung von Bose wurden nicht nach einem Einheitsschema entwickelt. Diese kabellosen Ohrh\u00f6rer der n\u00e4chsten Generation sind so konzipiert, dass sie zu Ihnen passen. Sie passen die Ger\u00e4uschunterdr\u00fcckung und die Klangleistung intelligent an, damit Sie ungest\u00f6rt und mitrei\u00dfend h\u00f6ren k\u00f6nnen, wo immer Sie\u2026","rel":"","context":"Similar post","img":{"alt_text":"","src":"https:\/\/i0.wp.com\/anythingtechnicallc.com\/wp-content\/uploads\/2025\/10\/41EDZfsEA4L._AC_SL1500_.jpg?fit=1026%2C1129&ssl=1&resize=350%2C200","width":350,"height":200},"classes":[]},{"id":9599,"url":"https:\/\/anythingtechnicallc.com\/index.php\/de\/product\/renewed-bose-quietcomfort-bluetooth-earbuds-true-wireless-earbuds-mit-aktiver-geraeuschunterdrueckung-und-mikrofon-tiefer-bass-ipx4-bewertung-bis-zu-85-stunden-spielzeit-schwarz\/","url_meta":{"origin":9677,"position":1},"title":"Renewed Bose QuietComfort Bluetooth Earbuds, True Wireless Earbuds mit aktiver Ger\u00e4uschunterdr\u00fcckung und Mikrofon, tiefer Bass, IPX4 Bewertung, bis zu 8,5 Stunden Spielzeit, Schwarz","date":"March 24, 2026","format":false,"excerpt":"TON OHNE KOMPROMISS: Nutzen Sie den Tag auf Ihre Weise und trotzen Sie den Ablenkungen mit diesen kabellosen Bluetooth-Kopfh\u00f6rern mit weltbekannter Ger\u00e4uschunterdr\u00fcckung f\u00fcr ein H\u00f6rerlebnis, das den Alltag zu einem Epos macht. LEISTUNGSSTARKES, BEW\u00c4HRTES AUDIO: Diese kabellosen Bluetooth-Kopfh\u00f6rer mit IPX4-Klassifizierung bieten eine bemerkenswerte Klangqualit\u00e4t f\u00fcr ein befriedigendes H\u00f6rerlebnis, das genau\u2026","rel":"","context":"Similar post","img":{"alt_text":"","src":"https:\/\/i0.wp.com\/anythingtechnicallc.com\/wp-content\/uploads\/2025\/10\/61qIEvCy6L._AC_SL1500_.jpg?fit=1200%2C1146&ssl=1&resize=350%2C200","width":350,"height":200},"classes":[]},{"id":9916,"url":"https:\/\/anythingtechnicallc.com\/index.php\/de\/product\/bose-quietcomfort-noise-cancelling-earbuds-bluetooth-wireless-earphones-triple-black-erneuert\/","url_meta":{"origin":9677,"position":2},"title":"Bose QuietComfort Noise Cancelling Earbuds-Bluetooth Wireless Earphones, Triple Black (Erneuert)","date":"April 15, 2026","format":false,"excerpt":"Besserer Klang beginnt mit besserer Stille. Deshalb hat Bose die QuietComfort Earbuds mit der effektivsten Ger\u00e4uschunterdr\u00fcckung der Welt und High-Fidelity-Audio entwickelt. Denn wenn Sie Ablenkungen ausschalten, steigt die Musik und damit auch die Leidenschaft. Backen. Programmieren. Klettern. Und alles andere, was Sie ausmacht - Sie selbst. Unsere steuerbare Ger\u00e4uschunterdr\u00fcckung erm\u00f6glicht\u2026","rel":"","context":"Similar post","img":{"alt_text":"","src":"https:\/\/i0.wp.com\/anythingtechnicallc.com\/wp-content\/uploads\/2026\/04\/Bose-QuietComfort-Noise-Cancelling-Earbuds-Bluetooth-Wireless-Earphones-Triple-Black-Renewed.jpg?fit=900%2C1200&ssl=1&resize=350%2C200","width":350,"height":200},"classes":[]},{"id":9861,"url":"https:\/\/anythingtechnicallc.com\/index.php\/de\/product\/gebrauchte-bose-quietcomfort-earbuds-true-wireless-bluetooth-earbuds-mit-aktiver-geraeuschunterdrueckung-und-mikrofon-usb-c-aufladung-ipx4-bewertung-bis-zu-85-stunden-spielzeit-schwarz\/","url_meta":{"origin":9677,"position":3},"title":"Gebrauchte Bose QuietComfort Earbuds &#8211; True Wireless Bluetooth Earbuds mit aktiver Ger\u00e4uschunterdr\u00fcckung und Mikrofon, USB-C Aufladung, IPX4 Bewertung, bis zu 8,5 Stunden Spielzeit, Schwarz","date":"April 8, 2026","format":false,"excerpt":"KLANG OHNE KOMPROMISS: Nutzen Sie den Tag auf Ihre Weise und trotzen Sie Ablenkungen mit diesen kabellosen Ohrh\u00f6rern mit weltbekannter Ger\u00e4uschunterdr\u00fcckung f\u00fcr ein H\u00f6rerlebnis, das den Alltag episch erscheinen l\u00e4sst. SEIZE-THE-DAY STAYING POWER: Diese Ohrh\u00f6rer mit Ger\u00e4uschunterdr\u00fcckung lassen sich kabellos aufladen und erm\u00f6glichen Ihnen eine H\u00f6rdauer von bis zu 8,5\u2026","rel":"","context":"Similar post","img":{"alt_text":"","src":"https:\/\/i0.wp.com\/anythingtechnicallc.com\/wp-content\/uploads\/2026\/03\/Bose-QuietComfort-Earbuds.jpg?fit=1200%2C900&ssl=1&resize=350%2C200","width":350,"height":200},"classes":[]},{"id":9970,"url":"https:\/\/anythingtechnicallc.com\/index.php\/de\/product\/bose-quietcomfort-noise-cancelling-earbuds-bluetooth-wireless-earphones-triple-black-erneuert-2\/","url_meta":{"origin":9677,"position":4},"title":"Bose QuietComfort Noise Cancelling Earbuds-Bluetooth Wireless Earphones, Triple Black (Erneuert)","date":"April 16, 2026","format":false,"excerpt":"Ohrh\u00f6rer mit Ger\u00e4uschunterdr\u00fcckung - Entwickelt mit der effektivsten Ger\u00e4uschunterdr\u00fcckung der Welt. Die steuerbare Ger\u00e4uschunterdr\u00fcckung von Bose und der vollst\u00e4ndige Transparenzmodus erm\u00f6glichen es Ihnen, Ablenkungen zu eliminieren, Ihre Umgebung hereinzulassen oder ein bisschen von allem. High-Fidelity-Audio - Eine exklusive akustische Architektur erweckt Ihre Musik, Podcasts und Videos zum Leben, w\u00e4hrend der\u2026","rel":"","context":"Similar post","img":{"alt_text":"","src":"https:\/\/i0.wp.com\/anythingtechnicallc.com\/wp-content\/uploads\/2026\/03\/Bose-QuietComfort-Earbuds.jpg?fit=1200%2C900&ssl=1&resize=350%2C200","width":350,"height":200},"classes":[]},{"id":9365,"url":"https:\/\/anythingtechnicallc.com\/index.php\/de\/product\/renewed-bose-quietcomfort-qc45-bluetooth-kopfhoerer-kabellose-kopfhoerer-mit-aktiver-geraeuschunterdrueckung-ueber-dem-ohr-und-mikrofon-tiefer-bass-bis-zu-24-stunden-spielzeit-schwarz\/","url_meta":{"origin":9677,"position":5},"title":"Renewed Bose QuietComfort QC45 Bluetooth Kopfh\u00f6rer, kabellose Kopfh\u00f6rer mit aktiver Ger\u00e4uschunterdr\u00fcckung \u00fcber dem Ohr und Mikrofon, tiefer Bass, bis zu 24 Stunden Spielzeit, Schwarz","date":"March 19, 2026","format":false,"excerpt":"GER\u00c4USCHUNTERDR\u00dcCKENDE KOPFH\u00d6RER: Kombinieren Sie die Ger\u00e4uschunterdr\u00fcckungstechnologie m\u00fchelos mit passiven Funktionen, damit Sie die Au\u00dfenwelt abschalten, Ablenkungen ausblenden und Musik \u00fcber den Beat hinaus genie\u00dfen k\u00f6nnen. KOMFORTABLER KOPFH\u00d6RER: Pl\u00fcschige Ohrmuschelpolster schmiegen sich sanft an Ihre Ohren, w\u00e4hrend ein sicheres und bequemes gepolstertes Band Ihre Over-Ear-Kopfh\u00f6rer bei besonders langen H\u00f6rsessions sanft in\u2026","rel":"","context":"Similar post","img":{"alt_text":"","src":"https:\/\/i0.wp.com\/anythingtechnicallc.com\/wp-content\/uploads\/2025\/08\/51f7KKP25PL._AC_SL1000_.jpg?fit=669%2C885&ssl=1&resize=350%2C200","width":350,"height":200},"classes":[]}],"pll_sync_post":[],"lang":"de","translations":{"de":9677,"en":8667},"_links":{"self":[{"href":"https:\/\/anythingtechnicallc.com\/index.php\/wp-json\/wp\/v2\/product\/9677","targetHints":{"allow":["GET"]}}],"collection":[{"href":"https:\/\/anythingtechnicallc.com\/index.php\/wp-json\/wp\/v2\/product"}],"about":[{"href":"https:\/\/anythingtechnicallc.com\/index.php\/wp-json\/wp\/v2\/types\/product"}],"replies":[{"embeddable":true,"href":"https:\/\/anythingtechnicallc.com\/index.php\/wp-json\/wp\/v2\/comments?post=9677"}],"wp:featuredmedia":[{"embeddable":true,"href":"https:\/\/anythingtechnicallc.com\/index.php\/wp-json\/wp\/v2\/media\/9967"}],"wp:attachment":[{"href":"https:\/\/anythingtechnicallc.com\/index.php\/wp-json\/wp\/v2\/media?parent=9677"}],"wp:term":[{"taxonomy":"product_brand","embeddable":true,"href":"https:\/\/anythingtechnicallc.com\/index.php\/wp-json\/wp\/v2\/product_brand?post=9677"},{"taxonomy":"product_cat","embeddable":true,"href":"https:\/\/anythingtechnicallc.com\/index.php\/wp-json\/wp\/v2\/product_cat?post=9677"},{"taxonomy":"product_tag","embeddable":true,"href":"https:\/\/anythingtechnicallc.com\/index.php\/wp-json\/wp\/v2\/product_tag?post=9677"}],"curies":[{"name":"wp","href":"https:\/\/api.w.org\/{rel}","templated":true}]}}