{"id":9686,"date":"2026-03-24T10:43:03","date_gmt":"2026-03-24T10:43:03","guid":{"rendered":"https:\/\/anythingtechnicallc.com\/?post_type=product&#038;p=9686"},"modified":"2026-03-24T10:43:03","modified_gmt":"2026-03-24T10:43:03","slug":"gebraucht-rang-a-beats-studio-pro-kabellose-bluetooth-kopfhoerer-mit-geraeuschunterdrueckung-schwarz","status":"publish","type":"product","link":"https:\/\/anythingtechnicallc.com\/index.php\/de\/product\/gebraucht-rang-a-beats-studio-pro-kabellose-bluetooth-kopfhoerer-mit-geraeuschunterdrueckung-schwarz\/","title":{"rendered":"Gebraucht Rang A Beats Studio Pro &#8211; Kabellose Bluetooth Kopfh\u00f6rer mit Ger\u00e4uschunterdr\u00fcckung &#8211; Schwarz"},"content":{"rendered":"<ul class=\"a-unordered-list a-vertical a-spacing-mini\">\n<li class=\"a-spacing-mini\"><span class=\"a-list-item\">Die CUSTOM ACOUSTIC PLATFORM von BEATS liefert einen satten, mitrei\u00dfenden Klang, egal ob Sie Musik h\u00f6ren oder telefonieren. <\/span><\/li>\n<li class=\"a-spacing-mini\"><span class=\"a-list-item\">LOSSLESS AUDIO \u00fcber USB-C plus drei verschiedene integrierte Klangprofile zur Verbesserung Ihres H\u00f6rerlebnisses. <\/span><\/li>\n<li class=\"a-spacing-mini\"><span class=\"a-list-item\">H\u00d6REN SIE, WAS SIE WOLLEN mit zwei verschiedenen H\u00f6rmodi: vollst\u00e4ndig adaptive aktive Ger\u00e4uschunterdr\u00fcckung (ANC) und Transparenzmodus. <\/span><\/li>\n<li class=\"a-spacing-mini\"><span class=\"a-list-item\">ERWEITERTE KOMPATIBILIT\u00c4T mit One-Touch-Pairing und einer Reihe von nativen Apple- und Android-Funktionen. <\/span><\/li>\n<li class=\"a-spacing-mini\"><span class=\"a-list-item\">PERS\u00d6NLICHES SPATIAL AUDIO mit dynamischer Kopfverfolgung stellt Sie in den Mittelpunkt eines 360-Grad-H\u00f6rerlebnisses. <\/span><\/li>\n<li class=\"a-spacing-mini\"><span class=\"a-list-item\">L\u00c4NGERES H\u00d6REN &#8211; Bis zu 40 Stunden Gesamtakkulaufzeit. Eine 10-min\u00fctige Schnellaufladung sorgt f\u00fcr bis zu 4 Stunden zus\u00e4tzliche Wiedergabe. <\/span><\/li>\n<li class=\"a-spacing-mini\"><span class=\"a-list-item\">LAUTER UND KLARER &#8211; Die auf die Stimme ausgerichteten Mikrofone filtern Hintergrundger\u00e4usche pr\u00e4zise heraus und sorgen so f\u00fcr eine klare und deutliche Gespr\u00e4chsleistung. <\/span><\/li>\n<\/ul>\n<div class=\"a-row a-expander-container a-expander-inline-container\">\n<div class=\"a-expander-content a-expander-extend-content a-expander-content-expanded\" data-expanded=\"true\">\n<ul class=\"a-unordered-list a-vertical a-spacing-none\">\n<li class=\"a-spacing-mini\"><span class=\"a-list-item\">KONTROLLEN AUF DEM GER\u00c4T &#8211; Nehmen Sie Anrufe entgegen, steuern Sie Ihre Musik und aktivieren Sie Siri mit den multifunktionalen Bedienelementen am Ohr. <\/span><\/li>\n<li class=\"a-spacing-mini\"><span class=\"a-list-item\">KABELLOSE VERBINDUNG zu mehr Ger\u00e4ten mit dem branchenf\u00fchrenden kabellosen Bluetooth der Klasse 1 f\u00fcr gr\u00f6\u00dfere Reichweite und weniger Aussetzer. <\/span><\/li>\n<\/ul>\n<\/div>\n<\/div>\n","protected":false},"excerpt":{"rendered":"<ul class=\"a-unordered-list a-vertical a-spacing-mini\">\n<li class=\"a-spacing-mini\"><span class=\"a-list-item\">Die CUSTOM ACOUSTIC PLATFORM von BEATS liefert einen satten, mitrei\u00dfenden Klang, egal ob Sie Musik h\u00f6ren oder telefonieren. <\/span><\/li>\n<li class=\"a-spacing-mini\"><span class=\"a-list-item\">LOSSLESS AUDIO \u00fcber USB-C plus drei verschiedene integrierte Klangprofile zur Verbesserung Ihres H\u00f6rerlebnisses. <\/span><\/li>\n<li class=\"a-spacing-mini\"><span class=\"a-list-item\">H\u00d6REN SIE, WAS SIE WOLLEN mit zwei verschiedenen H\u00f6rmodi: vollst\u00e4ndig adaptive aktive Ger\u00e4uschunterdr\u00fcckung (ANC) und Transparenzmodus. <\/span><\/li>\n<li class=\"a-spacing-mini\"><span class=\"a-list-item\">ERWEITERTE KOMPATIBILIT\u00c4T mit One-Touch-Pairing und einer Reihe von nativen Apple- und Android-Funktionen. <\/span><\/li>\n<li class=\"a-spacing-mini\"><span class=\"a-list-item\">PERS\u00d6NLICHES SPATIAL AUDIO mit dynamischer Kopfverfolgung stellt Sie in den Mittelpunkt eines 360-Grad-H\u00f6rerlebnisses. <\/span><\/li>\n<li class=\"a-spacing-mini\"><span class=\"a-list-item\">L\u00c4NGERES H\u00d6REN &#8211; Bis zu 40 Stunden Gesamtakkulaufzeit. Eine 10-min\u00fctige Schnellaufladung sorgt f\u00fcr bis zu 4 Stunden zus\u00e4tzliche Wiedergabe. <\/span><\/li>\n<li class=\"a-spacing-mini\"><span class=\"a-list-item\">LAUTER UND KLARER &#8211; Die auf die Stimme ausgerichteten Mikrofone filtern Hintergrundger\u00e4usche pr\u00e4zise heraus und sorgen so f\u00fcr eine klare und deutliche Gespr\u00e4chsleistung. <\/span><\/li>\n<\/ul>\n<div class=\"a-row a-expander-container a-expander-inline-container\">\n<div class=\"a-expander-content a-expander-extend-content a-expander-content-expanded\" data-expanded=\"true\">\n<ul class=\"a-unordered-list a-vertical a-spacing-none\">\n<li class=\"a-spacing-mini\"><span class=\"a-list-item\">KONTROLLEN AUF DEM GER\u00c4T &#8211; Nehmen Sie Anrufe entgegen, steuern Sie Ihre Musik und aktivieren Sie Siri mit den multifunktionalen Bedienelementen am Ohr. <\/span><\/li>\n<li class=\"a-spacing-mini\"><span class=\"a-list-item\">KABELLOSE VERBINDUNG zu mehr Ger\u00e4ten mit dem branchenf\u00fchrenden kabellosen Bluetooth der Klasse 1 f\u00fcr gr\u00f6\u00dfere Reichweite und weniger Aussetzer. <\/span><\/li>\n<\/ul>\n<\/div>\n<\/div>\n","protected":false},"featured_media":9685,"comment_status":"open","ping_status":"closed","template":"","meta":{"_et_pb_use_builder":"","_et_pb_old_content":"","_et_gb_content_width":""},"product_brand":[],"product_cat":[1578],"product_tag":[],"class_list":{"0":"post-9686","1":"product","2":"type-product","3":"status-publish","4":"has-post-thumbnail","6":"product_cat-headset","8":"first","9":"instock","10":"sale","11":"taxable","12":"shipping-taxable","13":"purchasable","14":"product-type-simple"},"exclude_global_add_ons":[],"addons":[],"jetpack-related-posts":[{"id":8964,"url":"https:\/\/anythingtechnicallc.com\/index.php\/de\/product\/jbl-tune-770nc-adaptive-geraeuschunterdrueckung-mit-intelligenter-umgebungsgeraeuschunterdrueckung-kabelloser-over-ear-kopfhoerer-bluetooth-5-3-bis-zu-70-stunden-akkulaufzeit-mit-schnellladung-l\/","url_meta":{"origin":9686,"position":0},"title":"JBL TUNE 770NC &#8211; Adaptive Ger\u00e4uschunterdr\u00fcckung mit intelligenter Umgebungsger\u00e4uschunterdr\u00fcckung, kabelloser Over-Ear-Kopfh\u00f6rer, Bluetooth 5.3, bis zu 70 Stunden Akkulaufzeit mit Schnellladung, leichtes, komfortables &#038; faltbares Design (Schwarz)","date":"March 18, 2026","format":false,"excerpt":"Adaptive Ger\u00e4uschunterdr\u00fcckung mit Smart Ambient: Adaptive Ger\u00e4uschunterdr\u00fcckung bedeutet keine Ablenkung, egal ob Sie lernen oder sich in der Musik verlieren. Wenn Sie die Welt um sich herum h\u00f6ren m\u00f6chten, aktivieren Sie Ambient Aware und TalkThru in der JBL Headphones App. Bluetooth 5.3 mit LE Audio: \u00dcbertragen Sie kabellos hochwertigen JBL\u2026","rel":"","context":"Similar post","img":{"alt_text":"","src":"https:\/\/i0.wp.com\/anythingtechnicallc.com\/wp-content\/uploads\/2024\/09\/61EL2AKKcBL._AC_SL1500_.jpg?fit=1056%2C1200&ssl=1&resize=350%2C200","width":350,"height":200},"classes":[]},{"id":9641,"url":"https:\/\/anythingtechnicallc.com\/index.php\/de\/product\/erneuerte-apple-airpods-max-wireless-over-ear-kopfhoerer-pro-level-aktive-geraeuschunterdrueckung-transparenz-modus-personalisiertes-raeumliches-audio-usb-c-aufladung-bluetooth-kopfhoerer-fuer-ip\/","url_meta":{"origin":9686,"position":1},"title":"Erneuerte Apple AirPods Max Wireless Over-Ear-Kopfh\u00f6rer, Pro-Level aktive Ger\u00e4uschunterdr\u00fcckung, Transparenz-Modus, personalisiertes r\u00e4umliches Audio, USB-C Aufladung, Bluetooth-Kopfh\u00f6rer f\u00fcr iPhone &#8211; Mitternacht","date":"March 24, 2026","format":false,"excerpt":"PERS\u00d6NLICHES RAUMAKUSTIK-AUDIO - Mit einem Klang, der sich Ihrer einzigartigen Ohrform anpasst, und einer dynamischen Kopfst\u00fctze bieten die AirPods Max ein beeindruckendes H\u00f6rerlebnis, bei dem der Klang rund um Sie herum zu h\u00f6ren ist.* Au\u00dferdem k\u00f6nnen Sie ausgew\u00e4hlte Songs, Shows und Filme in Dolby Atmos h\u00f6ren. F\u00dcNF FRISCHE FARBEN -\u2026","rel":"","context":"Similar post","img":{"alt_text":"","src":"https:\/\/i0.wp.com\/anythingtechnicallc.com\/wp-content\/uploads\/2025\/10\/716QjZYRBAL._AC_SL1500_.jpg?fit=913%2C1200&ssl=1&resize=350%2C200","width":350,"height":200},"classes":[]},{"id":9608,"url":"https:\/\/anythingtechnicallc.com\/index.php\/de\/product\/erneut-bose-quietcomfort-20-akustische-geraeuschunterdrueckung-kopfhoerer-apple-geraete-schwarz\/","url_meta":{"origin":9686,"position":2},"title":"Erneut Bose QuietComfort 20 Akustische Ger\u00e4uschunterdr\u00fcckung Kopfh\u00f6rer, Apple Ger\u00e4te (Schwarz)","date":"March 24, 2026","format":false,"excerpt":"Blenden Sie die Welt aus und verlieren Sie sich in Ihrer Musik oder h\u00f6ren Sie, was um Sie herum passiert. Sie haben die Wahl mit den ersten In-Ear-Kopfh\u00f6rern mit Ger\u00e4uschunterdr\u00fcckung von Bose. Die Quiet Comfort 20 Acoustic Noise Cancelling Headphones wurden entwickelt, damit Sie jeden Tag und \u00fcberall einen besseren\u2026","rel":"","context":"Similar post","img":{"alt_text":"","src":"https:\/\/i0.wp.com\/anythingtechnicallc.com\/wp-content\/uploads\/2025\/10\/71ZEg1bQ2sL._AC_SL1472_.jpg?fit=1200%2C701&ssl=1&resize=350%2C200","width":350,"height":200},"classes":[]},{"id":9970,"url":"https:\/\/anythingtechnicallc.com\/index.php\/de\/product\/bose-quietcomfort-noise-cancelling-earbuds-bluetooth-wireless-earphones-triple-black-erneuert-2\/","url_meta":{"origin":9686,"position":3},"title":"Bose QuietComfort Noise Cancelling Earbuds-Bluetooth Wireless Earphones, Triple Black (Erneuert)","date":"April 16, 2026","format":false,"excerpt":"Ohrh\u00f6rer mit Ger\u00e4uschunterdr\u00fcckung - Entwickelt mit der effektivsten Ger\u00e4uschunterdr\u00fcckung der Welt. Die steuerbare Ger\u00e4uschunterdr\u00fcckung von Bose und der vollst\u00e4ndige Transparenzmodus erm\u00f6glichen es Ihnen, Ablenkungen zu eliminieren, Ihre Umgebung hereinzulassen oder ein bisschen von allem. High-Fidelity-Audio - Eine exklusive akustische Architektur erweckt Ihre Musik, Podcasts und Videos zum Leben, w\u00e4hrend der\u2026","rel":"","context":"Similar post","img":{"alt_text":"","src":"https:\/\/i0.wp.com\/anythingtechnicallc.com\/wp-content\/uploads\/2026\/03\/Bose-QuietComfort-Earbuds.jpg?fit=1200%2C900&ssl=1&resize=350%2C200","width":350,"height":200},"classes":[]},{"id":9864,"url":"https:\/\/anythingtechnicallc.com\/index.php\/de\/product\/gebrauchte-bose-quietcomfort-25-akustische-geraeuschunterdrueckung-kopfhoerer-verkabelt-schwarz\/","url_meta":{"origin":9686,"position":4},"title":"Gebrauchte Bose QuietComfort 25 Akustische Ger\u00e4uschunterdr\u00fcckung Kopfh\u00f6rer (verkabelt, Schwarz)","date":"April 8, 2026","format":false,"excerpt":"Die QuietComfort 25 Acoustic Noise Cancelling Kopfh\u00f6rer sind die leistungsst\u00e4rksten Around-Ear-Kopfh\u00f6rer von Bose. Sie bieten Ihnen einen klaren, kraftvollen Klang und eine Ruhe, mit der Sie Ihre Musik besser h\u00f6ren k\u00f6nnen. Bose entwickelt seine branchenf\u00fchrenden Kopfh\u00f6rer mit der neuesten Bose Active EQ- und TriPort-Technologie weiter und sorgt so f\u00fcr einen\u2026","rel":"","context":"Similar post","img":{"alt_text":"","src":"https:\/\/i0.wp.com\/anythingtechnicallc.com\/wp-content\/uploads\/2026\/03\/Bose-QuietComfort-25.jpg?fit=900%2C1200&ssl=1&resize=350%2C200","width":350,"height":200},"classes":[]},{"id":9074,"url":"https:\/\/anythingtechnicallc.com\/index.php\/de\/product\/bose-quiet-control-30-kabellose-kopfhoerer-mit-geraeuschunterdrueckung-schwarz-erneuert\/","url_meta":{"origin":9686,"position":5},"title":"Bose Quiet-control 30 Kabellose Kopfh\u00f6rer mit Ger\u00e4uschunterdr\u00fcckung &#8211; Schwarz (Erneuert)","date":"March 18, 2026","format":false,"excerpt":"Entscheiden Sie, wie viel von der Welt Sie hereinlassen wollen Sie k\u00f6nnen nicht kontrollieren, wie laut Ihre Umgebung ist. Aber Sie k\u00f6nnen kontrollieren, wie viel Sie davon h\u00f6ren. Mit den QuietControl 30 Ohrh\u00f6rern k\u00f6nnen Sie den Grad der Ger\u00e4uschunterdr\u00fcckung selbst bestimmen und erhalten bei jeder Lautst\u00e4rke eine ausgewogene Audioleistung. Der\u2026","rel":"","context":"Similar post","img":{"alt_text":"","src":"https:\/\/i0.wp.com\/anythingtechnicallc.com\/wp-content\/uploads\/2024\/10\/61o3xZihqcL._AC_SL1500_.jpg?fit=976%2C1200&ssl=1&resize=350%2C200","width":350,"height":200},"classes":[]}],"pll_sync_post":[],"lang":"de","translations":{"de":9686,"en":8676},"_links":{"self":[{"href":"https:\/\/anythingtechnicallc.com\/index.php\/wp-json\/wp\/v2\/product\/9686","targetHints":{"allow":["GET"]}}],"collection":[{"href":"https:\/\/anythingtechnicallc.com\/index.php\/wp-json\/wp\/v2\/product"}],"about":[{"href":"https:\/\/anythingtechnicallc.com\/index.php\/wp-json\/wp\/v2\/types\/product"}],"replies":[{"embeddable":true,"href":"https:\/\/anythingtechnicallc.com\/index.php\/wp-json\/wp\/v2\/comments?post=9686"}],"wp:featuredmedia":[{"embeddable":true,"href":"https:\/\/anythingtechnicallc.com\/index.php\/wp-json\/wp\/v2\/media\/9685"}],"wp:attachment":[{"href":"https:\/\/anythingtechnicallc.com\/index.php\/wp-json\/wp\/v2\/media?parent=9686"}],"wp:term":[{"taxonomy":"product_brand","embeddable":true,"href":"https:\/\/anythingtechnicallc.com\/index.php\/wp-json\/wp\/v2\/product_brand?post=9686"},{"taxonomy":"product_cat","embeddable":true,"href":"https:\/\/anythingtechnicallc.com\/index.php\/wp-json\/wp\/v2\/product_cat?post=9686"},{"taxonomy":"product_tag","embeddable":true,"href":"https:\/\/anythingtechnicallc.com\/index.php\/wp-json\/wp\/v2\/product_tag?post=9686"}],"curies":[{"name":"wp","href":"https:\/\/api.w.org\/{rel}","templated":true}]}}