{"id":9692,"date":"2026-03-24T15:13:39","date_gmt":"2026-03-24T15:13:39","guid":{"rendered":"https:\/\/anythingtechnicallc.com\/?post_type=product&#038;p=9692"},"modified":"2026-03-24T15:13:39","modified_gmt":"2026-03-24T15:13:39","slug":"gebrauchte-shure-pgx-digital-wireless-pgxd1-bodypack-transmitter-x8-drahtloser-audiosender-fuer-drahtlose-mikrofone","status":"publish","type":"product","link":"https:\/\/anythingtechnicallc.com\/index.php\/de\/product\/gebrauchte-shure-pgx-digital-wireless-pgxd1-bodypack-transmitter-x8-drahtloser-audiosender-fuer-drahtlose-mikrofone\/","title":{"rendered":"Gebrauchte Shure PGX Digital Wireless PGXD1 Bodypack Transmitter X8 &#8211; Drahtloser Audiosender f\u00fcr drahtlose Mikrofone"},"content":{"rendered":"<ul>\n<li>Robustes, kompaktes Taschenset mit G\u00fcrtelclip.<\/li>\n<li>Der Frequenzbereich von 20 Hz &#8211; 20 kHz f\u00e4ngt jede Nuance des Tons ein.<\/li>\n<li>LED f\u00fcr Stromversorgung, Stummschaltung und Batteriestatus.<\/li>\n<li>60 m (200 Fu\u00df) Reichweite.<\/li>\n<li>Bis zu 10 Stunden Dauerbetrieb mit 2 AA-Batterien.<\/li>\n<li>Der seitlich versenkte Drehknopf bietet eine stufenlos einstellbare Verst\u00e4rkung von 26 dB.<\/li>\n<li>Die verriegelbare Schnittstelle verhindert versehentliche \u00c4nderungen der Einstellungen.<\/li>\n<li data-hveid=\"CAMQAQ\" data-processed=\"true\"><span class=\"T286Pc\" data-sfc-cp=\"\" data-processed=\"true\"><strong class=\"Yjhzub\" data-processed=\"true\">Frequenzband:<\/strong> X8 (902 &#8211; 928 MHz).<\/span><\/li>\n<\/ul>\n","protected":false},"excerpt":{"rendered":"<ul>\n<li>Robustes, kompaktes Taschenset mit G\u00fcrtelclip.<\/li>\n<li>Der Frequenzbereich von 20 Hz &#8211; 20 kHz f\u00e4ngt jede Nuance des Tons ein.<\/li>\n<li>LED f\u00fcr Stromversorgung, Stummschaltung und Batteriestatus.<\/li>\n<li>60 m (200 Fu\u00df) Reichweite.<\/li>\n<li>Bis zu 10 Stunden Dauerbetrieb mit 2 AA-Batterien.<\/li>\n<li>Der seitlich versenkte Drehknopf bietet eine stufenlos einstellbare Verst\u00e4rkung von 26 dB.<\/li>\n<li>Die verriegelbare Schnittstelle verhindert versehentliche \u00c4nderungen der Einstellungen.<\/li>\n<li data-hveid=\"CAMQAQ\" data-processed=\"true\"><span class=\"T286Pc\" data-sfc-cp=\"\" data-processed=\"true\"><strong class=\"Yjhzub\" data-processed=\"true\">Frequenzband:<\/strong> X8 (902 &#8211; 928 MHz).<\/span><\/li>\n<\/ul>\n","protected":false},"featured_media":9691,"comment_status":"open","ping_status":"closed","template":"","meta":{"_et_pb_use_builder":"","_et_pb_old_content":"","_et_gb_content_width":""},"product_brand":[],"product_cat":[703],"product_tag":[],"class_list":{"0":"post-9692","1":"product","2":"type-product","3":"status-publish","4":"has-post-thumbnail","6":"product_cat-uncategorized-de","8":"first","9":"instock","10":"sale","11":"taxable","12":"shipping-taxable","13":"purchasable","14":"product-type-simple"},"exclude_global_add_ons":[],"addons":[],"jetpack-related-posts":[{"id":9047,"url":"https:\/\/anythingtechnicallc.com\/index.php\/de\/product\/gebrauchter-shure-pgx1-drahtloser-bodypack-sender\/","url_meta":{"origin":9692,"position":0},"title":"Gebrauchter SHURE PGX1 Drahtloser Bodypack-Sender","date":"March 18, 2026","format":false,"excerpt":"Das PGX1 von Shure wurde speziell f\u00fcr die Bed\u00fcrfnisse reisender K\u00fcnstler entwickelt und kann mit Kopfb\u00fcgel-, Lavalier- oder Instrumentenmikrofonen sowie mit Gitarren oder B\u00e4ssen verwendet werden. Die drahtlosen Systeme von Performance Gear sind mit dem patentierten Audio Reference Companding von Shure ausgestattet, das f\u00fcr einen kristallklaren Klang sorgt, der die\u2026","rel":"","context":"Similar post","img":{"alt_text":"","src":"https:\/\/i0.wp.com\/anythingtechnicallc.com\/wp-content\/uploads\/2024\/09\/Shure-PGX1.jpg?fit=1200%2C900&ssl=1&resize=350%2C200","width":350,"height":200},"classes":[]},{"id":9077,"url":"https:\/\/anythingtechnicallc.com\/index.php\/de\/product\/gebrauchter-shure-pgx1-drahtloser-taschensender-h6-band-524-542-mhz\/","url_meta":{"origin":9692,"position":1},"title":"Gebrauchter SHURE PGX1 Drahtloser Taschensender H6 Band, 524 &#8211; 542 MHz","date":"March 19, 2026","format":false,"excerpt":"Das PGX1 von Shure wurde speziell f\u00fcr die Bed\u00fcrfnisse reisender K\u00fcnstler entwickelt und kann mit Kopfb\u00fcgel-, Lavalier- oder Instrumentenmikrofonen sowie mit Gitarren oder B\u00e4ssen verwendet werden. Die drahtlosen Systeme von Performance Gear sind mit dem patentierten Audio Reference Companding von Shure ausgestattet, das f\u00fcr einen kristallklaren Klang sorgt, der die\u2026","rel":"","context":"Similar post","img":{"alt_text":"","src":"https:\/\/i0.wp.com\/anythingtechnicallc.com\/wp-content\/uploads\/2024\/09\/Shure-PGX1.jpg?fit=1200%2C900&ssl=1&resize=350%2C200","width":350,"height":200},"classes":[]},{"id":9267,"url":"https:\/\/anythingtechnicallc.com\/index.php\/de\/product\/gebrauchter-shure-qlxd1-taschensender-zur-verwendung-mit-qlx-d-digital-wireless-systemen-empfaenger-separat-erhaeltlich-h50-band-qlxd1-h50\/","url_meta":{"origin":9692,"position":2},"title":"Gebrauchter Shure QLXD1 Taschensender &#8211; zur Verwendung mit QLX-D Digital Wireless Systemen, Empf\u00e4nger separat erh\u00e4ltlich | H50 Band (QLXD1=-H50)","date":"March 19, 2026","format":false,"excerpt":"Der QLXD1 Wireless Body Pack Transmitter synchronisiert sich auf Knopfdruck schnell mit einem drahtlosen Empf\u00e4nger \u00fcber IR und sorgt f\u00fcr ein klares, ununterbrochenes Signal \u00fcber seine gesamte Reichweite. 100 m (328 Fu\u00df) Betriebsreichweite (Sichtlinie). Bietet bis zu 9 Stunden Dauerbetrieb mit 2 AA-Alkalibatterien (im Lieferumfang enthalten) oder bis zu 10\u2026","rel":"","context":"Similar post","img":{"alt_text":"","src":"https:\/\/i0.wp.com\/anythingtechnicallc.com\/wp-content\/uploads\/2025\/06\/61agJz2AuL._AC_SL1500_.jpg?fit=394%2C1200&ssl=1&resize=350%2C200","width":350,"height":200},"classes":[]},{"id":9089,"url":"https:\/\/anythingtechnicallc.com\/index.php\/de\/product\/gebrauchter-shure-pg1-k7-band-590-602-mhz-drahtloser-bodypack-sender\/","url_meta":{"origin":9692,"position":3},"title":"Gebrauchter Shure PG1 K7 Band (590-602 MHz) Drahtloser Bodypack-Sender","date":"March 19, 2026","format":false,"excerpt":"Der drahtlose Shure PG1 Taschensender verf\u00fcgt \u00fcber eine Betriebs-, Stummschaltungs- und Batteriestatus-LED, einen Netz- und Stummschalter und hat eine Reichweite von 250 Fu\u00df. Er wird mit einer 9-V-Batterie betrieben. Die professionellen Drahtlossysteme von Shure bieten legend\u00e4re Klangqualit\u00e4t, b\u00fchnenerprobte Langlebigkeit und eine problemlose Einrichtung f\u00fcr eine sorgenfreie Performance.","rel":"","context":"Similar post","img":{"alt_text":"","src":"https:\/\/i0.wp.com\/anythingtechnicallc.com\/wp-content\/uploads\/2024\/10\/Shure-PG1-Wireless-Bodypack-Transmitter.jpg?fit=1200%2C800&ssl=1&resize=350%2C200","width":350,"height":200},"classes":[]},{"id":9097,"url":"https:\/\/anythingtechnicallc.com\/index.php\/de\/product\/gebrauchter-shure-pg1-r10-band-800-812-mhz-drahtloser-bodypack-sender\/","url_meta":{"origin":9692,"position":4},"title":"Gebrauchter Shure PG1 R10 Band (800-812 MHz) Drahtloser Bodypack-Sender","date":"March 19, 2026","format":false,"excerpt":"Der drahtlose Shure PG1 Taschensender verf\u00fcgt \u00fcber eine Betriebs-, Stummschaltungs- und Batteriestatus-LED, einen Netz- und Stummschalter und hat eine Reichweite von 250 Fu\u00df. Er wird mit einer 9-V-Batterie betrieben. Die professionellen Drahtlossysteme von Shure bieten legend\u00e4re Klangqualit\u00e4t, b\u00fchnenerprobte Langlebigkeit und eine problemlose Einrichtung f\u00fcr eine sorgenfreie Performance.","rel":"","context":"Similar post","img":{"alt_text":"","src":"https:\/\/i0.wp.com\/anythingtechnicallc.com\/wp-content\/uploads\/2024\/10\/Shure-PG1-Wireless-Bodypack-Transmitter.jpg?fit=1200%2C800&ssl=1&resize=350%2C200","width":350,"height":200},"classes":[]},{"id":9080,"url":"https:\/\/anythingtechnicallc.com\/index.php\/de\/product\/gebrauchter-shure-blx1-wireless-bodypack-transmitter-mit-ein-aus-schalter-einstellbarem-gain-regler-tqg-anschluss-zur-verwendung-mit-blx-wireless-mikrofonsystemen-empfaenger-separat-erhaeltlich\/","url_meta":{"origin":9692,"position":5},"title":"Gebrauchter Shure BLX1 Wireless Bodypack Transmitter mit Ein\/Aus-Schalter, einstellbarem Gain-Regler, TQG-Anschluss &#8211; zur Verwendung mit BLX Wireless Mikrofonsystemen (Empf\u00e4nger separat erh\u00e4ltlich) | H10 Band","date":"March 19, 2026","format":false,"excerpt":"AUSWAHL DES DRAHTLOSEN FREQUENZBANDES - Bitte vergewissern Sie sich vor dem Kauf, dass das von Ihnen gew\u00e4hlte drahtlose Frequenzband in Ihrer Region funktioniert (Einzelheiten finden Sie auf der Shure Website > Suche nach Shure Wireless Frequency Finder). NUR KOMPONENTE: Damit dieser BLX1 Taschensender funktioniert, m\u00fcssen Sie ihn auf das Frequenzband\u2026","rel":"","context":"Similar post","img":{"alt_text":"","src":"https:\/\/i0.wp.com\/anythingtechnicallc.com\/wp-content\/uploads\/2024\/10\/51oOVm4giXL._AC_SL1500_.jpg?fit=643%2C1200&ssl=1&resize=350%2C200","width":350,"height":200},"classes":[]}],"pll_sync_post":[],"lang":"de","translations":{"de":9692,"en":8692},"_links":{"self":[{"href":"https:\/\/anythingtechnicallc.com\/index.php\/wp-json\/wp\/v2\/product\/9692","targetHints":{"allow":["GET"]}}],"collection":[{"href":"https:\/\/anythingtechnicallc.com\/index.php\/wp-json\/wp\/v2\/product"}],"about":[{"href":"https:\/\/anythingtechnicallc.com\/index.php\/wp-json\/wp\/v2\/types\/product"}],"replies":[{"embeddable":true,"href":"https:\/\/anythingtechnicallc.com\/index.php\/wp-json\/wp\/v2\/comments?post=9692"}],"wp:featuredmedia":[{"embeddable":true,"href":"https:\/\/anythingtechnicallc.com\/index.php\/wp-json\/wp\/v2\/media\/9691"}],"wp:attachment":[{"href":"https:\/\/anythingtechnicallc.com\/index.php\/wp-json\/wp\/v2\/media?parent=9692"}],"wp:term":[{"taxonomy":"product_brand","embeddable":true,"href":"https:\/\/anythingtechnicallc.com\/index.php\/wp-json\/wp\/v2\/product_brand?post=9692"},{"taxonomy":"product_cat","embeddable":true,"href":"https:\/\/anythingtechnicallc.com\/index.php\/wp-json\/wp\/v2\/product_cat?post=9692"},{"taxonomy":"product_tag","embeddable":true,"href":"https:\/\/anythingtechnicallc.com\/index.php\/wp-json\/wp\/v2\/product_tag?post=9692"}],"curies":[{"name":"wp","href":"https:\/\/api.w.org\/{rel}","templated":true}]}}