{"id":9699,"date":"2026-03-24T15:14:25","date_gmt":"2026-03-24T15:14:25","guid":{"rendered":"https:\/\/anythingtechnicallc.com\/?post_type=product&#038;p=9699"},"modified":"2026-03-24T15:14:26","modified_gmt":"2026-03-24T15:14:26","slug":"gebraucht-rang-a-microsoft-surface-pro-4-tablet-pc-123-2736-x-1824-touchscreen-notebook-core-i5-6300u-4gb-ram-128gb-ssd-cam-windows-11-pro","status":"publish","type":"product","link":"https:\/\/anythingtechnicallc.com\/index.php\/de\/product\/gebraucht-rang-a-microsoft-surface-pro-4-tablet-pc-123-2736-x-1824-touchscreen-notebook-core-i5-6300u-4gb-ram-128gb-ssd-cam-windows-11-pro\/","title":{"rendered":"Gebraucht Rang A Microsoft Surface Pro 4 Tablet PC, 12,3&#8243; (2736 X 1824) Touchscreen Notebook, Core i5-6300U, 4GB RAM, 128GB SSD, CAM, Windows 11 Pro"},"content":{"rendered":"<ul class=\"a-unordered-list a-vertical a-spacing-mini\">\n<li class=\"a-spacing-mini\"><span class=\"a-list-item\">Prozessor&#8212;Microsoft Surface Pro 4 Tablet mit Core i5-6300U , 4GB RAM 128GB SSD Laufwerk.<\/span><\/li>\n<li class=\"a-spacing-mini\"><span class=\"a-list-item\">Display &#8212;12,3-Zoll PixelSense Touchscreen-Display; 2736 x 1824 Aufl\u00f6sung, Stereo-Lautsprecher mit Dolby Audio-verst\u00e4rktem Sound.<\/span><\/li>\n<li class=\"a-spacing-mini\"><span class=\"a-list-item\">Anschl\u00fcsse &#8212; Full-size USB 3. 0; microSD-Kartenleser; Kopfh\u00f6reranschluss; Mini DisplayPort; Cover Port; Ladeanschluss, Kamera: 5MP-Kamera auf der Vorderseite und 8MP-Kamera auf der R\u00fcckseite mit 1080p HD-Videoaufnahme.<\/span><\/li>\n<li class=\"a-spacing-mini\"><span class=\"a-list-item\">Inklusive&#8211;Microsoft Surface Pro 4 Tablet, Netzteil.<\/span><\/li>\n<li class=\"a-spacing-mini\"><span class=\"a-list-item\">Die gebrauchten Produkte wurden einer professionellen Inspektion, Pr\u00fcfung und Reinigung unterzogen. Das Zubeh\u00f6r ist m\u00f6glicherweise nicht original, aber es ist kompatibel und voll funktionsf\u00e4hig. Das Produkt kann in einem normalen Karton geliefert werden.<\/span><\/li>\n<\/ul>\n","protected":false},"excerpt":{"rendered":"<ul class=\"a-unordered-list a-vertical a-spacing-mini\">\n<li class=\"a-spacing-mini\"><span class=\"a-list-item\">Prozessor&#8212;Microsoft Surface Pro 4 Tablet mit Core i5-6300U , 4GB RAM 128GB SSD Laufwerk.<\/span><\/li>\n<li class=\"a-spacing-mini\"><span class=\"a-list-item\">Display &#8212;12,3-Zoll PixelSense Touchscreen-Display; 2736 x 1824 Aufl\u00f6sung, Stereo-Lautsprecher mit Dolby Audio-verst\u00e4rktem Sound.<\/span><\/li>\n<li class=\"a-spacing-mini\"><span class=\"a-list-item\">Anschl\u00fcsse &#8212; Full-size USB 3. 0; microSD-Kartenleser; Kopfh\u00f6reranschluss; Mini DisplayPort; Cover Port; Ladeanschluss, Kamera: 5MP-Kamera auf der Vorderseite und 8MP-Kamera auf der R\u00fcckseite mit 1080p HD-Videoaufnahme.<\/span><\/li>\n<li class=\"a-spacing-mini\"><span class=\"a-list-item\">Inklusive&#8211;Microsoft Surface Pro 4 Tablet, Netzteil.<\/span><\/li>\n<li class=\"a-spacing-mini\"><span class=\"a-list-item\">Die gebrauchten Produkte wurden einer professionellen Inspektion, Pr\u00fcfung und Reinigung unterzogen. Das Zubeh\u00f6r ist m\u00f6glicherweise nicht original, aber es ist kompatibel und voll funktionsf\u00e4hig. Das Produkt kann in einem normalen Karton geliefert werden.<\/span><\/li>\n<\/ul>\n","protected":false},"featured_media":9698,"comment_status":"open","ping_status":"closed","template":"","meta":{"_et_pb_use_builder":"","_et_pb_old_content":"","_et_gb_content_width":""},"product_brand":[],"product_cat":[1562,1574],"product_tag":[],"class_list":{"0":"post-9699","1":"product","2":"type-product","3":"status-publish","4":"has-post-thumbnail","6":"product_cat-bueroelektronik","7":"product_cat-generalueberholtes-tablet-laptop","9":"first","10":"instock","11":"sale","12":"taxable","13":"shipping-taxable","14":"purchasable","15":"product-type-simple"},"exclude_global_add_ons":[],"addons":[],"jetpack-related-posts":[{"id":9696,"url":"https:\/\/anythingtechnicallc.com\/index.php\/de\/product\/gebraucht-rank-a-microsoft-surface-pro-4-tablet-pc-123-2736-x-1824-touchscreen-notebook-core-m3-6y30-4gb-ram-128gb-ssd-cam-windows-11-pro\/","url_meta":{"origin":9699,"position":0},"title":"Gebraucht RANK A Microsoft Surface Pro 4 Tablet PC, 12,3&#8243; (2736 X 1824) Touchscreen Notebook, Core M3-6Y30, 4GB RAM, 128GB SSD, CAM, Windows 11 Pro","date":"March 24, 2026","format":false,"excerpt":"Prozessor---Microsoft Surface Pro 4 Tablet mit Core M3-6Y30, 4GB RAM 128GB SSD Laufwerk. Display ---12,3-Zoll PixelSense Touchscreen-Display; 2736 x 1824 Aufl\u00f6sung, Stereo-Lautsprecher mit Dolby Audio-verst\u00e4rktem Sound. Anschl\u00fcsse -- Full-size USB 3. 0; microSD-Kartenleser; Kopfh\u00f6reranschluss; Mini DisplayPort; Cover Port; Ladeanschluss, Kamera: 5MP-Kamera auf der Vorderseite und 8MP-Kamera auf der R\u00fcckseite mit\u2026","rel":"","context":"Similar post","img":{"alt_text":"","src":"https:\/\/i0.wp.com\/anythingtechnicallc.com\/wp-content\/uploads\/2026\/02\/surface-Pro-4-.webp?fit=900%2C1200&ssl=1&resize=350%2C200","width":350,"height":200},"classes":[]},{"id":9702,"url":"https:\/\/anythingtechnicallc.com\/index.php\/de\/product\/gebrauchter-microsoft-surface-pro-5-tablet-pc-123-touchscreen-2736-x-1824-tablet-intel-core-i5-7300u-26ghz-35ghz-8gb-ddr4-ram-256gb-ssd-keine-tastatur-kamera-windows-11-pro\/","url_meta":{"origin":9699,"position":1},"title":"Gebrauchter Microsoft Surface Pro 5 Tablet PC, 12,3&#8243; Touchscreen (2736 X 1824) Tablet, Intel Core i5-7300U 2,6GHz-3,5GHz, 8GB DDR4 RAM, 256GB SSD, Keine Tastatur, Kamera, Windows 11 Pro","date":"March 24, 2026","format":false,"excerpt":"Laptop Gr\u00f6\u00dfe: Dieses GEBRAUCHTE wie NEUE Microsoft Surface Pro 5 Tablet, hat eine Bildschirmgr\u00f6\u00dfe von 12,3 \" und ein Touch-Display. Der entspiegelte Bildschirm mit 2736 x 1824 Pixeln reduziert die Erm\u00fcdung bei der Benutzung und erm\u00f6glicht es Ihnen, sich auf die Arbeit zu konzentrieren. Mit seinem geringen Gewicht ist dieser\u2026","rel":"","context":"Similar post","img":{"alt_text":"","src":"https:\/\/i0.wp.com\/anythingtechnicallc.com\/wp-content\/uploads\/2026\/02\/Surface-Pro5-i5-7300U-8G-256.jpg?fit=1200%2C900&ssl=1&resize=350%2C200","width":350,"height":200},"classes":[]},{"id":9103,"url":"https:\/\/anythingtechnicallc.com\/index.php\/de\/product\/microsoft-surface-pro-4-intel-core-i5-4gb-ram-128gb-mit-windows-10-amazon-renewed\/","url_meta":{"origin":9699,"position":2},"title":"Microsoft Surface Pro 4 (Intel Core i5, 4GB RAM, 128GB) mit Windows 10 (Amazon Renewed)","date":"March 19, 2026","format":false,"excerpt":"Microsoft Surface Pro 4 verf\u00fcgt \u00fcber einen Intel Core i5 Prozessor der 6. Generation, 128 GB Speicherplatz, 4 GB RAM und bis zu 9 Stunden Videowiedergabe 12,3\" PixelSense 10-Punkt-Touchscreen-Display, 2736 x 1824 Bildschirmaufl\u00f6sung (267 ppi) USB 3.0, 3,5 mm Kopfh\u00f6rerbuchse, Mini DisplayPort, 1 x Surface Connect Anschluss, Surface Type Cover\u2026","rel":"","context":"Similar post","img":{"alt_text":"","src":"https:\/\/i0.wp.com\/anythingtechnicallc.com\/wp-content\/uploads\/2024\/11\/71lMNHzRYRL._AC_SL1365_.jpg?fit=1200%2C888&ssl=1&resize=350%2C200","width":350,"height":200},"classes":[]},{"id":9889,"url":"https:\/\/anythingtechnicallc.com\/index.php\/de\/product\/microsoft-surface-pro-8-tablet-13-touchscreen-intel-i5-evo-plattform-8gb-ram-128gb-ssd-windows-11-surface-laptop-nur-geraet-platin-aktuelles-modell-verlaengert\/","url_meta":{"origin":9699,"position":3},"title":"Microsoft Surface Pro 8 Tablet, 13&#8243; Touchscreen, Intel i5 Evo Plattform, 8GB RAM, 128GB SSD, Windows 11 Surface Laptop &#8211; Nur Ger\u00e4t &#8211; Platin (Aktuelles Modell) (Verl\u00e4ngert)","date":"April 15, 2026","format":false,"excerpt":"Intel Core i5 11. Gen 1135G7 (2.40GHz) Prozessor, 128GB SSD Laufwerk, 8GB RAM. 13\" Touchscreen 2880 x 1920, Wi-Fi 6: 802.11ax kompatibel, Bluetooth 5.1. Anschl\u00fcsse: Full-size USB 3.0; microSD-Kartenleser; Kopfh\u00f6reranschluss; Mini DisplayPort; Cover Port; Ladeanschluss, Kamera: 5MP-Kamera auf der Vorderseite und 8MP-Kamera auf der R\u00fcckseite mit 1080p HD-Videoaufnahme. 13\" Touchscreen\u2026","rel":"","context":"Similar post","img":{"alt_text":"","src":"https:\/\/i0.wp.com\/anythingtechnicallc.com\/wp-content\/uploads\/2026\/04\/Microsoft-Surface-Pro-8-Tablet.jpg?fit=900%2C1200&ssl=1&resize=350%2C200","width":350,"height":200},"classes":[]},{"id":9155,"url":"https:\/\/anythingtechnicallc.com\/index.php\/de\/product\/microsoft-surface-pro-7-123-zoll-touchscreen-intel-i5-1035g4-8gb-ram-256gb-ssd-erneuert\/","url_meta":{"origin":9699,"position":4},"title":"Microsoft Surface Pro 7 12,3 Zoll Touchscreen Intel i5-1035G4 8GB RAM 256GB SSD (Erneuert)","date":"March 19, 2026","format":false,"excerpt":"Intel Core i5-1035G4 Prozessor der 10. Generation: Intelligente Vierkern- und Achtfach-Verarbeitungsleistung. Die Intel Turbo Boost Technologie liefert dynamische Extra-Power, wenn Sie sie brauchen, und erh\u00f6ht die Energieeffizienz, wenn Sie sie nicht brauchen. 12,3\" Bildschirm mit einer Aufl\u00f6sung von 2736 x 1824: Klare, helle Aufl\u00f6sung zum Ansehen von Filmen, Surfen im\u2026","rel":"","context":"Similar post","img":{"alt_text":"","src":"https:\/\/i0.wp.com\/anythingtechnicallc.com\/wp-content\/uploads\/2025\/02\/51d7wx7kBL._AC_SL1500_.jpg?fit=1200%2C486&ssl=1&resize=350%2C200","width":350,"height":200},"classes":[]},{"id":9708,"url":"https:\/\/anythingtechnicallc.com\/index.php\/de\/product\/apple-2018-macbook-air-mit-16ghz-intel-core-i5-13-zoll-8gb-ram-128gb-ssd-speicher-silber-erneuert\/","url_meta":{"origin":9699,"position":5},"title":"Apple 2018 MacBook Air mit 1,6GHz Intel Core i5, 13 Zoll, 8GB RAM, 128GB SSD Speicher &#8211; Silber (Erneuert)","date":"March 24, 2026","format":false,"excerpt":"Atemberaubendes 13,3-Zoll-Retina-Display. Touch ID und die neueste von Apple entworfene Tastatur. Dual-Core Intel Core i5 Prozessor der 8. Generation mit Intel UHD Graphics 617. Schneller SSD-Speicher und 8 GB Arbeitsspeicher. Stereolautsprecher mit breiterem Stereoklang.","rel":"","context":"Similar post","img":{"alt_text":"","src":"https:\/\/i0.wp.com\/anythingtechnicallc.com\/wp-content\/uploads\/2026\/02\/Apple-2018-MacBook-Air.jpg?fit=900%2C1200&ssl=1&resize=350%2C200","width":350,"height":200},"classes":[]}],"pll_sync_post":[],"lang":"de","translations":{"de":9699,"en":8728},"_links":{"self":[{"href":"https:\/\/anythingtechnicallc.com\/index.php\/wp-json\/wp\/v2\/product\/9699","targetHints":{"allow":["GET"]}}],"collection":[{"href":"https:\/\/anythingtechnicallc.com\/index.php\/wp-json\/wp\/v2\/product"}],"about":[{"href":"https:\/\/anythingtechnicallc.com\/index.php\/wp-json\/wp\/v2\/types\/product"}],"replies":[{"embeddable":true,"href":"https:\/\/anythingtechnicallc.com\/index.php\/wp-json\/wp\/v2\/comments?post=9699"}],"wp:featuredmedia":[{"embeddable":true,"href":"https:\/\/anythingtechnicallc.com\/index.php\/wp-json\/wp\/v2\/media\/9698"}],"wp:attachment":[{"href":"https:\/\/anythingtechnicallc.com\/index.php\/wp-json\/wp\/v2\/media?parent=9699"}],"wp:term":[{"taxonomy":"product_brand","embeddable":true,"href":"https:\/\/anythingtechnicallc.com\/index.php\/wp-json\/wp\/v2\/product_brand?post=9699"},{"taxonomy":"product_cat","embeddable":true,"href":"https:\/\/anythingtechnicallc.com\/index.php\/wp-json\/wp\/v2\/product_cat?post=9699"},{"taxonomy":"product_tag","embeddable":true,"href":"https:\/\/anythingtechnicallc.com\/index.php\/wp-json\/wp\/v2\/product_tag?post=9699"}],"curies":[{"name":"wp","href":"https:\/\/api.w.org\/{rel}","templated":true}]}}