{"id":9717,"date":"2026-03-24T15:18:38","date_gmt":"2026-03-24T15:18:38","guid":{"rendered":"https:\/\/anythingtechnicallc.com\/?post_type=product&#038;p=9717"},"modified":"2026-03-24T15:18:38","modified_gmt":"2026-03-24T15:18:38","slug":"bose-quietcomfort-45-bluetooth-kopfhoerer-mit-drahtloser-geraeuschunterdrueckung-triple-black-erneuert","status":"publish","type":"product","link":"https:\/\/anythingtechnicallc.com\/index.php\/de\/product\/bose-quietcomfort-45-bluetooth-kopfhoerer-mit-drahtloser-geraeuschunterdrueckung-triple-black-erneuert\/","title":{"rendered":"Bose QuietComfort 45 Bluetooth Kopfh\u00f6rer mit drahtloser Ger\u00e4uschunterdr\u00fcckung &#8211; Triple Black (Erneuert)"},"content":{"rendered":"<ul class=\"a-unordered-list a-vertical a-spacing-mini\">\n<li class=\"a-spacing-mini\"><span class=\"a-list-item\">Kabellose Kopfh\u00f6rer mit Ger\u00e4uschunterdr\u00fcckung &#8211; Die perfekte Balance aus Ruhe, Komfort und Klang. Bose verwendet winzige Mikrofone, um Au\u00dfenger\u00e4usche zu messen, zu vergleichen und darauf zu reagieren, indem sie sie mit entgegengesetzten Signalen ausl\u00f6schen.<\/span><\/li>\n<li class=\"a-spacing-mini\"><span class=\"a-list-item\">High-Fidelity-Audio &#8211; Die akustische TriPort-Architektur bietet Tiefe und F\u00fclle. Der f\u00fcr die Lautst\u00e4rke optimierte Active EQ sorgt f\u00fcr eine ausgewogene Leistung bei jeder Lautst\u00e4rke, so dass die B\u00e4sse auch bei leiseren Lautst\u00e4rken konsistent bleiben und die Musik auch bei h\u00f6heren Lautst\u00e4rken klar bleibt.<\/span><\/li>\n<li class=\"a-spacing-mini\"><span class=\"a-list-item\">Quiet- und Aware-Modi &#8211; W\u00e4hlen Sie den Quiet-Modus f\u00fcr eine vollst\u00e4ndige Ger\u00e4uschunterdr\u00fcckung oder den Aware-Modus, um die Au\u00dfenwelt in die Ohrh\u00f6rer zu bringen und Ihre Umgebung und Ihre Musik gleichzeitig zu h\u00f6ren.<\/span><\/li>\n<li class=\"a-spacing-mini\"><span class=\"a-list-item\">Personalisieren Sie Ihr Audio. Mit dem einstellbaren Equalizer k\u00f6nnen Sie die B\u00e4sse, Mitten und H\u00f6hen nach Ihren pers\u00f6nlichen Vorlieben einstellen oder eine von mehreren voreingestellten Optionen w\u00e4hlen.<\/span><\/li>\n<li class=\"a-spacing-mini\"><span class=\"a-list-item\">Bis zu 24 Stunden Akkulaufzeit &#8211; Genie\u00dfen Sie 24 Stunden Akkulaufzeit mit einer einzigen Ladung. Eine 15-min\u00fctige Schnellladung reicht f\u00fcr 3 Stunden, wenn Sie unterwegs sind. Oder schlie\u00dfen Sie das mitgelieferte Audiokabel an, um im kabelgebundenen Modus noch l\u00e4nger zu h\u00f6ren.<\/span><\/li>\n<\/ul>\n","protected":false},"excerpt":{"rendered":"<ul class=\"a-unordered-list a-vertical a-spacing-mini\">\n<li class=\"a-spacing-mini\"><span class=\"a-list-item\">Kabellose Kopfh\u00f6rer mit Ger\u00e4uschunterdr\u00fcckung &#8211; Die perfekte Balance aus Ruhe, Komfort und Klang. Bose verwendet winzige Mikrofone, um Au\u00dfenger\u00e4usche zu messen, zu vergleichen und darauf zu reagieren, indem sie sie mit entgegengesetzten Signalen ausl\u00f6schen.<\/span><\/li>\n<li class=\"a-spacing-mini\"><span class=\"a-list-item\">High-Fidelity-Audio &#8211; Die akustische TriPort-Architektur bietet Tiefe und F\u00fclle. Der f\u00fcr die Lautst\u00e4rke optimierte Active EQ sorgt f\u00fcr eine ausgewogene Leistung bei jeder Lautst\u00e4rke, so dass die B\u00e4sse auch bei leiseren Lautst\u00e4rken konsistent bleiben und die Musik auch bei h\u00f6heren Lautst\u00e4rken klar bleibt.<\/span><\/li>\n<li class=\"a-spacing-mini\"><span class=\"a-list-item\">Quiet- und Aware-Modi &#8211; W\u00e4hlen Sie den Quiet-Modus f\u00fcr eine vollst\u00e4ndige Ger\u00e4uschunterdr\u00fcckung oder den Aware-Modus, um die Au\u00dfenwelt in die Ohrh\u00f6rer zu bringen und Ihre Umgebung und Ihre Musik gleichzeitig zu h\u00f6ren.<\/span><\/li>\n<li class=\"a-spacing-mini\"><span class=\"a-list-item\">Personalisieren Sie Ihr Audio. Mit dem einstellbaren Equalizer k\u00f6nnen Sie die B\u00e4sse, Mitten und H\u00f6hen nach Ihren pers\u00f6nlichen Vorlieben einstellen oder eine von mehreren voreingestellten Optionen w\u00e4hlen.<\/span><\/li>\n<li class=\"a-spacing-mini\"><span class=\"a-list-item\">Bis zu 24 Stunden Akkulaufzeit &#8211; Genie\u00dfen Sie 24 Stunden Akkulaufzeit mit einer einzigen Ladung. Eine 15-min\u00fctige Schnellladung reicht f\u00fcr 3 Stunden, wenn Sie unterwegs sind. Oder schlie\u00dfen Sie das mitgelieferte Audiokabel an, um im kabelgebundenen Modus noch l\u00e4nger zu h\u00f6ren.<\/span><\/li>\n<\/ul>\n","protected":false},"featured_media":9716,"comment_status":"open","ping_status":"closed","template":"","meta":{"_et_pb_use_builder":"","_et_pb_old_content":"","_et_gb_content_width":""},"product_brand":[],"product_cat":[1578],"product_tag":[],"class_list":{"0":"post-9717","1":"product","2":"type-product","3":"status-publish","4":"has-post-thumbnail","6":"product_cat-headset","8":"first","9":"instock","10":"taxable","11":"shipping-taxable","12":"purchasable","13":"product-type-simple"},"exclude_global_add_ons":[],"addons":[],"jetpack-related-posts":[{"id":9683,"url":"https:\/\/anythingtechnicallc.com\/index.php\/de\/product\/bose-quietcomfort-ultra-wireless-noise-cancelling-headphones-mit-spatial-audio-over-the-ear-kopfhoerer-mit-mikrofon-bis-zu-24-stunden-akkulaufzeit-white-smoke-renewed\/","url_meta":{"origin":9717,"position":0},"title":"Bose QuietComfort Ultra Wireless Noise Cancelling Headphones mit Spatial Audio, Over-The-Ear-Kopfh\u00f6rer mit Mikrofon, bis zu 24 Stunden Akkulaufzeit, White Smoke (Renewed)","date":"March 24, 2026","format":false,"excerpt":"LEVELED-UP LISTENING: Die Bose QuietComfort Ultra Headphones mit Spatial Audio bieten Ihnen ein immersives Erlebnis, bei dem sich Musik noch realer anf\u00fchlt; die CustomTune Technologie bietet Ihnen einen personalisierten, auf Sie zugeschnittenen Klang. GER\u00c4USCHUNTERDR\u00dcCKUNG DER WELTKLASSE: Diese Kopfh\u00f6rer mit Ger\u00e4uschunterdr\u00fcckung verf\u00fcgen \u00fcber den Quiet Mode, den Aware Mode und den\u2026","rel":"","context":"Similar post","img":{"alt_text":"","src":"https:\/\/i0.wp.com\/anythingtechnicallc.com\/wp-content\/uploads\/2026\/01\/Bose-QuietComfort-Ultra-White-Smoke.jpg?fit=1200%2C1200&ssl=1&resize=350%2C200","width":350,"height":200},"classes":[]},{"id":9714,"url":"https:\/\/anythingtechnicallc.com\/index.php\/de\/product\/bose-quietcomfort-35-serie-i-kabellose-kopfhoerer-geraeuschunterdrueckung-schwarz-erneuert\/","url_meta":{"origin":9717,"position":1},"title":"Bose QuietComfort 35 (Serie I) Kabellose Kopfh\u00f6rer, Ger\u00e4uschunterdr\u00fcckung &#8211; Schwarz (Erneuert)","date":"March 24, 2026","format":false,"excerpt":"Die kabellosen Kopfh\u00f6rer Quiet Comfort 35 sind mit einer erstklassigen Ger\u00e4uschunterdr\u00fcckung ausgestattet, die daf\u00fcr sorgt, dass leise Ger\u00e4usche leiser und Musik besser klingt. Befreien Sie sich von Kabeln und verbinden Sie sich ganz einfach mit Ihren Ger\u00e4ten per Bluetooth und NFC-Kopplung. Der volumenoptimierte Equalizer sorgt f\u00fcr eine ausgewogene Audiowiedergabe bei\u2026","rel":"","context":"Similar post","img":{"alt_text":"","src":"https:\/\/i0.wp.com\/anythingtechnicallc.com\/wp-content\/uploads\/2026\/02\/Bose-QuietComfort-35.jpg?fit=1200%2C900&ssl=1&resize=350%2C200","width":350,"height":200},"classes":[]},{"id":9074,"url":"https:\/\/anythingtechnicallc.com\/index.php\/de\/product\/bose-quiet-control-30-kabellose-kopfhoerer-mit-geraeuschunterdrueckung-schwarz-erneuert\/","url_meta":{"origin":9717,"position":2},"title":"Bose Quiet-control 30 Kabellose Kopfh\u00f6rer mit Ger\u00e4uschunterdr\u00fcckung &#8211; Schwarz (Erneuert)","date":"March 18, 2026","format":false,"excerpt":"Entscheiden Sie, wie viel von der Welt Sie hereinlassen wollen Sie k\u00f6nnen nicht kontrollieren, wie laut Ihre Umgebung ist. Aber Sie k\u00f6nnen kontrollieren, wie viel Sie davon h\u00f6ren. Mit den QuietControl 30 Ohrh\u00f6rern k\u00f6nnen Sie den Grad der Ger\u00e4uschunterdr\u00fcckung selbst bestimmen und erhalten bei jeder Lautst\u00e4rke eine ausgewogene Audioleistung. Der\u2026","rel":"","context":"Similar post","img":{"alt_text":"","src":"https:\/\/i0.wp.com\/anythingtechnicallc.com\/wp-content\/uploads\/2024\/10\/61o3xZihqcL._AC_SL1500_.jpg?fit=976%2C1200&ssl=1&resize=350%2C200","width":350,"height":200},"classes":[]},{"id":9118,"url":"https:\/\/anythingtechnicallc.com\/index.php\/de\/product\/bose-700-noise-cancelling-bluetooth-kopfhoerer-triple-black-erneuert\/","url_meta":{"origin":9717,"position":3},"title":"Bose 700 Noise-Cancelling Bluetooth Kopfh\u00f6rer (Triple Black) (Erneuert)","date":"March 19, 2026","format":false,"excerpt":"Leistungsstarke Kopfh\u00f6rer mit Ger\u00e4uschunterdr\u00fcckung: Mit 11 Stufen aktiver Ger\u00e4uschunterdr\u00fcckung k\u00f6nnen Sie Musik, Podcasts, Videos und Anrufe ohne Ablenkung genie\u00dfen. Erstaunlicher Klang: Gestochen scharfe, klare Details. Tiefe, volle B\u00e4sse. Diese kabellosen Kopfh\u00f6rer erzeugen einen aufregenden, lebensechten Klang, der bei jeder Lautst\u00e4rke voll und ausgewogen ist. Un\u00fcbertroffene Sprachaufnahme: Ein revolution\u00e4res Mikrofonsystem passt\u2026","rel":"","context":"Similar post","img":{"alt_text":"","src":"https:\/\/i0.wp.com\/anythingtechnicallc.com\/wp-content\/uploads\/2025\/02\/51nAMlff9dL._AC_SL1000_.jpg?fit=565%2C889&ssl=1&resize=350%2C200","width":350,"height":200},"classes":[]},{"id":9608,"url":"https:\/\/anythingtechnicallc.com\/index.php\/de\/product\/erneut-bose-quietcomfort-20-akustische-geraeuschunterdrueckung-kopfhoerer-apple-geraete-schwarz\/","url_meta":{"origin":9717,"position":4},"title":"Erneut Bose QuietComfort 20 Akustische Ger\u00e4uschunterdr\u00fcckung Kopfh\u00f6rer, Apple Ger\u00e4te (Schwarz)","date":"March 24, 2026","format":false,"excerpt":"Blenden Sie die Welt aus und verlieren Sie sich in Ihrer Musik oder h\u00f6ren Sie, was um Sie herum passiert. Sie haben die Wahl mit den ersten In-Ear-Kopfh\u00f6rern mit Ger\u00e4uschunterdr\u00fcckung von Bose. Die Quiet Comfort 20 Acoustic Noise Cancelling Headphones wurden entwickelt, damit Sie jeden Tag und \u00fcberall einen besseren\u2026","rel":"","context":"Similar post","img":{"alt_text":"","src":"https:\/\/i0.wp.com\/anythingtechnicallc.com\/wp-content\/uploads\/2025\/10\/71ZEg1bQ2sL._AC_SL1472_.jpg?fit=1200%2C701&ssl=1&resize=350%2C200","width":350,"height":200},"classes":[]},{"id":9970,"url":"https:\/\/anythingtechnicallc.com\/index.php\/de\/product\/bose-quietcomfort-noise-cancelling-earbuds-bluetooth-wireless-earphones-triple-black-erneuert-2\/","url_meta":{"origin":9717,"position":5},"title":"Bose QuietComfort Noise Cancelling Earbuds-Bluetooth Wireless Earphones, Triple Black (Erneuert)","date":"April 16, 2026","format":false,"excerpt":"Ohrh\u00f6rer mit Ger\u00e4uschunterdr\u00fcckung - Entwickelt mit der effektivsten Ger\u00e4uschunterdr\u00fcckung der Welt. Die steuerbare Ger\u00e4uschunterdr\u00fcckung von Bose und der vollst\u00e4ndige Transparenzmodus erm\u00f6glichen es Ihnen, Ablenkungen zu eliminieren, Ihre Umgebung hereinzulassen oder ein bisschen von allem. High-Fidelity-Audio - Eine exklusive akustische Architektur erweckt Ihre Musik, Podcasts und Videos zum Leben, w\u00e4hrend der\u2026","rel":"","context":"Similar post","img":{"alt_text":"","src":"https:\/\/i0.wp.com\/anythingtechnicallc.com\/wp-content\/uploads\/2026\/03\/Bose-QuietComfort-Earbuds.jpg?fit=1200%2C900&ssl=1&resize=350%2C200","width":350,"height":200},"classes":[]}],"pll_sync_post":[],"lang":"de","translations":{"de":9717,"en":8748},"_links":{"self":[{"href":"https:\/\/anythingtechnicallc.com\/index.php\/wp-json\/wp\/v2\/product\/9717","targetHints":{"allow":["GET"]}}],"collection":[{"href":"https:\/\/anythingtechnicallc.com\/index.php\/wp-json\/wp\/v2\/product"}],"about":[{"href":"https:\/\/anythingtechnicallc.com\/index.php\/wp-json\/wp\/v2\/types\/product"}],"replies":[{"embeddable":true,"href":"https:\/\/anythingtechnicallc.com\/index.php\/wp-json\/wp\/v2\/comments?post=9717"}],"wp:featuredmedia":[{"embeddable":true,"href":"https:\/\/anythingtechnicallc.com\/index.php\/wp-json\/wp\/v2\/media\/9716"}],"wp:attachment":[{"href":"https:\/\/anythingtechnicallc.com\/index.php\/wp-json\/wp\/v2\/media?parent=9717"}],"wp:term":[{"taxonomy":"product_brand","embeddable":true,"href":"https:\/\/anythingtechnicallc.com\/index.php\/wp-json\/wp\/v2\/product_brand?post=9717"},{"taxonomy":"product_cat","embeddable":true,"href":"https:\/\/anythingtechnicallc.com\/index.php\/wp-json\/wp\/v2\/product_cat?post=9717"},{"taxonomy":"product_tag","embeddable":true,"href":"https:\/\/anythingtechnicallc.com\/index.php\/wp-json\/wp\/v2\/product_tag?post=9717"}],"curies":[{"name":"wp","href":"https:\/\/api.w.org\/{rel}","templated":true}]}}