{"id":9726,"date":"2026-03-24T15:20:55","date_gmt":"2026-03-24T15:20:55","guid":{"rendered":"https:\/\/anythingtechnicallc.com\/?post_type=product&#038;p=9726"},"modified":"2026-03-24T15:20:55","modified_gmt":"2026-03-24T15:20:55","slug":"bose-soundsport-wireless-earbuds-schweissfeste-bluetooth-kopfhoerer-fuer-laufen-und-sport-schwarz-erneuert","status":"publish","type":"product","link":"https:\/\/anythingtechnicallc.com\/index.php\/de\/product\/bose-soundsport-wireless-earbuds-schweissfeste-bluetooth-kopfhoerer-fuer-laufen-und-sport-schwarz-erneuert\/","title":{"rendered":"Bose SoundSport, Wireless Earbuds, (schwei\u00dffeste Bluetooth-Kopfh\u00f6rer f\u00fcr Laufen und Sport), Schwarz (erneuert)"},"content":{"rendered":"<p><span class=\"a-text-bold\">Leistungsstarker Klang, der Sie in Bewegung h\u00e4lt, <\/span><br \/>\nWenn Sie ein anstrengendes Training absolvieren, m\u00fcssen die Ohrh\u00f6rer an Ort und Stelle bleiben. Genau daf\u00fcr hat Bose die StayHear+ Sport-Aufs\u00e4tze entwickelt. Die Spitze ist in einer einzigartigen Form geformt, um eine sanfte Abdichtung am Eingang des Geh\u00f6rgangs zu schaffen und so die Audioleistung zu verbessern. Ein verl\u00e4ngerter, flexibler Fl\u00fcgel nutzt die Ohrmuschel als St\u00fctze und sorgt f\u00fcr eine deutlich verbesserte Stabilit\u00e4t &#8211; Sie m\u00fcssen sie nicht mit Gewalt einf\u00fchren. Das weiche Silikonmaterial und das abgerundete Profil bieten eine un\u00fcbertroffene Kombination aus Komfort und Stabilit\u00e4t f\u00fcr langfristiges Tragen. Und das sollte es auch: Bose hat mehr als ein halbes Dutzend Prototypen auf der Grundlage der urspr\u00fcnglichen StayHear+ Aufs\u00e4tze entwickelt, um sicherzustellen, dass wir die beste L\u00f6sung gefunden haben.<\/p>\n<p><span class=\"a-text-bold\">Bluetooth- und NFC-Kopplung sorgen daf\u00fcr, dass Sie sich nicht verheddern, <\/span><br \/>\nDie Kopplung der Black SoundSport Wireless Headphones mit Ihrem Bluetooth-Ger\u00e4t ist ganz einfach. Wenn Ihr Telefon NFC-f\u00e4hig ist, gen\u00fcgt ein kurzes Antippen zwischen Ihrem Telefon und der Inline-Fernbedienung. Mit der Inline-Fernbedienung k\u00f6nnen Sie Anrufe entgegennehmen, die Lautst\u00e4rke regeln und Titel \u00fcberspringen oder pausieren. Sie werden feststellen, dass Sie sich dank der zuverl\u00e4ssigen Leistung und des Komforts auf Ihren Sport oder Ihr Training konzentrieren k\u00f6nnen, nicht auf Ihre Kopfh\u00f6rer.<\/p>\n<p><span class=\"a-text-bold\">Hervorragende Audioqualit\u00e4t steigert die Intensit\u00e4t, <\/span><br \/>\nSie verlassen sich darauf, dass Musik Sie weiterbringt und Sie durch die h\u00e4rtesten Trainingseinheiten treibt. Die kabellosen SoundSport-Kopfh\u00f6rer in Schwarz liefern den klaren, vollen Klang, f\u00fcr den unsere kabelgebundenen Kopfh\u00f6rer schon lange bekannt sind. Und jetzt sorgt der volumenoptimierte EQ f\u00fcr eine sp\u00fcrbare Verbesserung der Klangqualit\u00e4t bei jeder Lautst\u00e4rke.<\/p>\n<p><span class=\"a-text-bold\">Schwei\u00df- und wetterfestes Design, <\/span><br \/>\nGanz gleich, ob Sie im Fitnessstudio schwitzen oder bei einem Lauf den Elementen trotzen, diese Kopfh\u00f6rer halten Sie bei jedem Schritt auf Trab. Die akustischen \u00d6ffnungen in jedem Ohrst\u00f6psel sind so positioniert, dass sie schwei\u00df- und wetterbest\u00e4ndig sind, und das hydrophobe Material h\u00e4lt Feuchtigkeit fern.<\/p>\n","protected":false},"excerpt":{"rendered":"<p><span class=\"a-text-bold\">Leistungsstarker Klang, der Sie in Bewegung h\u00e4lt, <\/span><br \/>\nWenn Sie ein anstrengendes Training absolvieren, m\u00fcssen die Ohrh\u00f6rer an ihrem Platz bleiben. Genau daf\u00fcr hat Bose die StayHear+ Sport-Aufs\u00e4tze entwickelt. Die Spitze ist in einer einzigartigen Form geformt, um eine sanfte Abdichtung am Eingang des Geh\u00f6rgangs zu schaffen und so die Audioleistung zu verbessern. Ein verl\u00e4ngerter, flexibler Fl\u00fcgel nutzt die Ohrmuschel als St\u00fctze und sorgt f\u00fcr eine deutlich verbesserte Stabilit\u00e4t &#8211; Sie m\u00fcssen sie nicht mit Gewalt einf\u00fchren. Das weiche Silikonmaterial und das abgerundete Profil bieten eine un\u00fcbertroffene Kombination aus Komfort und Stabilit\u00e4t f\u00fcr langfristiges Tragen. Und das sollte es auch: Bose hat mehr als ein halbes Dutzend Prototypen auf der Grundlage der urspr\u00fcnglichen StayHear+ Aufs\u00e4tze entwickelt, um sicherzustellen, dass wir die beste L\u00f6sung gefunden haben.<\/p>\n<p><span class=\"a-text-bold\">Bluetooth- und NFC-Kopplung sorgen daf\u00fcr, dass Sie sich nicht verheddern, <\/span><br \/>\nDie Kopplung der Black SoundSport Wireless Headphones mit Ihrem Bluetooth-Ger\u00e4t ist ganz einfach. Wenn Ihr Telefon NFC-f\u00e4hig ist, gen\u00fcgt ein kurzes Antippen zwischen Ihrem Telefon und der Inline-Fernbedienung. Mit der Inline-Fernbedienung k\u00f6nnen Sie Anrufe entgegennehmen, die Lautst\u00e4rke regeln und Titel \u00fcberspringen oder pausieren. Sie werden feststellen, dass Sie sich dank der zuverl\u00e4ssigen Leistung und des Komforts auf Ihren Sport oder Ihr Training konzentrieren k\u00f6nnen, nicht auf Ihre Kopfh\u00f6rer.<\/p>\n<p><span class=\"a-text-bold\">Hervorragende Audioqualit\u00e4t steigert die Intensit\u00e4t, <\/span><br \/>\nSie verlassen sich darauf, dass Musik Sie weiterbringt und Sie durch die h\u00e4rtesten Trainingseinheiten treibt. Die kabellosen SoundSport-Kopfh\u00f6rer in Schwarz liefern den klaren, vollen Klang, f\u00fcr den unsere kabelgebundenen Kopfh\u00f6rer schon lange bekannt sind. Und jetzt sorgt der volumenoptimierte EQ f\u00fcr eine sp\u00fcrbare Verbesserung der Klangqualit\u00e4t bei jeder Lautst\u00e4rke.<\/p>\n<p><span class=\"a-text-bold\">Schwei\u00df- und wetterfestes Design, <\/span><br \/>\nGanz gleich, ob Sie im Fitnessstudio schwitzen oder bei einem Lauf den Elementen trotzen, diese Kopfh\u00f6rer halten Sie bei jedem Schritt auf Trab. Die akustischen \u00d6ffnungen in jedem Ohrst\u00f6psel sind so positioniert, dass sie schwei\u00df- und wetterbest\u00e4ndig sind, und das hydrophobe Material h\u00e4lt Feuchtigkeit fern.<\/p>\n","protected":false},"featured_media":9725,"comment_status":"open","ping_status":"closed","template":"","meta":{"_et_pb_use_builder":"","_et_pb_old_content":"","_et_gb_content_width":""},"product_brand":[],"product_cat":[1578],"product_tag":[],"class_list":{"0":"post-9726","1":"product","2":"type-product","3":"status-publish","4":"has-post-thumbnail","6":"product_cat-headset","8":"first","9":"instock","10":"sale","11":"taxable","12":"shipping-taxable","13":"purchasable","14":"product-type-simple"},"exclude_global_add_ons":[],"addons":[],"jetpack-related-posts":[{"id":9191,"url":"https:\/\/anythingtechnicallc.com\/index.php\/de\/product\/bose-home-speaker-500-intelligenter-bluetooth-lautsprecher-mit-integrierter-alexa-sprachsteuerung-schwarz-erneuert\/","url_meta":{"origin":9726,"position":0},"title":"Bose Home Speaker 500: Intelligenter Bluetooth-Lautsprecher mit integrierter Alexa-Sprachsteuerung, Schwarz (erneuert)","date":"March 19, 2026","format":false,"excerpt":"SOUND PERFORMANCE: F\u00fcllen Sie jeden Raum mit beeindruckendem Stereosound von Wand zu Wand aus einem einzigen Lautsprecher. BUILT-IN-ALEXA: Amazon Alexa und Google Assistant sind in diesen intelligenten Lautsprecher integriert und erm\u00f6glichen eine freih\u00e4ndige Sprachsteuerung. Und ein ger\u00e4uschunterdr\u00fcckendes Mikrofonsystem lauscht in alle Richtungen auf Ihre Stimme. KONNEKTIVIT\u00c4T: Koppeln Sie Ihr Ger\u00e4t\u2026","rel":"","context":"Similar post","img":{"alt_text":"","src":"https:\/\/i0.wp.com\/anythingtechnicallc.com\/wp-content\/uploads\/2025\/02\/A1xlwUXvbCL._AC_SL1500_.jpg?fit=983%2C1200&ssl=1&resize=350%2C200","width":350,"height":200},"classes":[]},{"id":9861,"url":"https:\/\/anythingtechnicallc.com\/index.php\/de\/product\/gebrauchte-bose-quietcomfort-earbuds-true-wireless-bluetooth-earbuds-mit-aktiver-geraeuschunterdrueckung-und-mikrofon-usb-c-aufladung-ipx4-bewertung-bis-zu-85-stunden-spielzeit-schwarz\/","url_meta":{"origin":9726,"position":1},"title":"Gebrauchte Bose QuietComfort Earbuds &#8211; True Wireless Bluetooth Earbuds mit aktiver Ger\u00e4uschunterdr\u00fcckung und Mikrofon, USB-C Aufladung, IPX4 Bewertung, bis zu 8,5 Stunden Spielzeit, Schwarz","date":"April 8, 2026","format":false,"excerpt":"KLANG OHNE KOMPROMISS: Nutzen Sie den Tag auf Ihre Weise und trotzen Sie Ablenkungen mit diesen kabellosen Ohrh\u00f6rern mit weltbekannter Ger\u00e4uschunterdr\u00fcckung f\u00fcr ein H\u00f6rerlebnis, das den Alltag episch erscheinen l\u00e4sst. SEIZE-THE-DAY STAYING POWER: Diese Ohrh\u00f6rer mit Ger\u00e4uschunterdr\u00fcckung lassen sich kabellos aufladen und erm\u00f6glichen Ihnen eine H\u00f6rdauer von bis zu 8,5\u2026","rel":"","context":"Similar post","img":{"alt_text":"","src":"https:\/\/i0.wp.com\/anythingtechnicallc.com\/wp-content\/uploads\/2026\/03\/Bose-QuietComfort-Earbuds.jpg?fit=1200%2C900&ssl=1&resize=350%2C200","width":350,"height":200},"classes":[]},{"id":9916,"url":"https:\/\/anythingtechnicallc.com\/index.php\/de\/product\/bose-quietcomfort-noise-cancelling-earbuds-bluetooth-wireless-earphones-triple-black-erneuert\/","url_meta":{"origin":9726,"position":2},"title":"Bose QuietComfort Noise Cancelling Earbuds-Bluetooth Wireless Earphones, Triple Black (Erneuert)","date":"April 15, 2026","format":false,"excerpt":"Besserer Klang beginnt mit besserer Stille. Deshalb hat Bose die QuietComfort Earbuds mit der effektivsten Ger\u00e4uschunterdr\u00fcckung der Welt und High-Fidelity-Audio entwickelt. Denn wenn Sie Ablenkungen ausschalten, steigt die Musik und damit auch die Leidenschaft. Backen. Programmieren. Klettern. Und alles andere, was Sie ausmacht - Sie selbst. Unsere steuerbare Ger\u00e4uschunterdr\u00fcckung erm\u00f6glicht\u2026","rel":"","context":"Similar post","img":{"alt_text":"","src":"https:\/\/i0.wp.com\/anythingtechnicallc.com\/wp-content\/uploads\/2026\/04\/Bose-QuietComfort-Noise-Cancelling-Earbuds-Bluetooth-Wireless-Earphones-Triple-Black-Renewed.jpg?fit=900%2C1200&ssl=1&resize=350%2C200","width":350,"height":200},"classes":[]},{"id":9680,"url":"https:\/\/anythingtechnicallc.com\/index.php\/de\/product\/bose-soundsport-in-ear-kopfhoerer-fuer-apple-geraete-741776-0030-energy-green-erneuert\/","url_meta":{"origin":9726,"position":3},"title":"Bose SoundSport In-Ear Kopfh\u00f6rer f\u00fcr Apple Ger\u00e4te (741776-0030) &#8211; Energy Green (Erneuert)","date":"March 24, 2026","format":false,"excerpt":"Farbe:Energy Green | Stil:Apple Ger\u00e4te Die Bose Sound Sport In-Ear-Kopfh\u00f6rer liefern einen tiefen, klaren Klang f\u00fcr die Musik, die Sie lieben, und ein robustes Design, das den Strapazen des Alltags standh\u00e4lt. Die exklusive TriPort-Technologie sorgt f\u00fcr kristallklare H\u00f6hen und nat\u00fcrlich klingende Tiefen. Die akustischen \u00d6ffnungen sind so positioniert, dass sie\u2026","rel":"","context":"Similar post","img":{"alt_text":"","src":"https:\/\/i0.wp.com\/anythingtechnicallc.com\/wp-content\/uploads\/2026\/01\/Bose-SoundSport-In-Ear.jpg?fit=900%2C1200&ssl=1&resize=350%2C200","width":350,"height":200},"classes":[]},{"id":9867,"url":"https:\/\/anythingtechnicallc.com\/index.php\/de\/product\/gebrauchte-original-bose-quietcomfort-qc-ultra-ohrstoepsel-1-generation-ersatzteile-links-rechts-ladekoffer\/","url_meta":{"origin":9726,"position":4},"title":"Gebrauchte Original Bose QuietComfort QC Ultra Ohrst\u00f6psel (1. Generation) &#8211; Ersatzteile links \/ rechts \/ Ladekoffer","date":"April 8, 2026","format":false,"excerpt":"W\u00e4hlen Sie Ihr Ersatzteil: W\u00e4hlen Sie aus den folgenden hochwertigen, gebrauchten Originalteilen: Nur linker Ohrh\u00f6rer, Nur rechter Ohrh\u00f6rer, Original-Ladeetui, Hinweis an den K\u00e4ufer: Bitte hinterlassen Sie w\u00e4hrend des Bestellvorgangs eine Nachricht\/Notiz, in der Sie Ihre bevorzugte Farbe (Schwarz, Wei\u00dfer Rauch oder Mondsteinblau) und das gew\u00fcnschte Teil (Links, Rechts oder Etui)\u2026","rel":"","context":"Similar post","img":{"alt_text":"","src":"https:\/\/i0.wp.com\/anythingtechnicallc.com\/wp-content\/uploads\/2026\/03\/Used-Original-Bose-QuietComfort-QC-Ultra-Earbuds-1st-Generation-\u2014-Replacement-Parts.jpg?fit=991%2C1200&ssl=1&resize=350%2C200","width":350,"height":200},"classes":[]},{"id":9665,"url":"https:\/\/anythingtechnicallc.com\/index.php\/de\/product\/ueberholter-bose-soundlink-mini-bluetooth-lautsprecher\/","url_meta":{"origin":9726,"position":5},"title":"\u00dcberholter Bose SoundLink Mini Bluetooth Lautsprecher","date":"March 24, 2026","format":false,"excerpt":"Genie\u00dfen Sie mit dem Bose Sound Link Mini Bluetooth-Lautsprecher auch unterwegs einen besseren Klang, egal wohin Sie gehen. Er liefert vollen, nat\u00fcrlichen Klang aus einem ultrakompakten Lautsprecher, der in Ihre Handfl\u00e4che passt. Der Lautsprecher l\u00e4sst sich kabellos mit Ihrem Smartphone, Tablet oder einem anderen Bluetooth-Ger\u00e4t verbinden. Ein Lithium-Ionen-Akku sorgt f\u00fcr\u2026","rel":"","context":"Similar post","img":{"alt_text":"","src":"https:\/\/i0.wp.com\/anythingtechnicallc.com\/wp-content\/uploads\/2026\/01\/61qlhFddcFL._AC_SL1000_.jpg?fit=947%2C507&ssl=1&resize=350%2C200","width":350,"height":200},"classes":[]}],"pll_sync_post":[],"lang":"de","translations":{"de":9726,"en":8754},"_links":{"self":[{"href":"https:\/\/anythingtechnicallc.com\/index.php\/wp-json\/wp\/v2\/product\/9726","targetHints":{"allow":["GET"]}}],"collection":[{"href":"https:\/\/anythingtechnicallc.com\/index.php\/wp-json\/wp\/v2\/product"}],"about":[{"href":"https:\/\/anythingtechnicallc.com\/index.php\/wp-json\/wp\/v2\/types\/product"}],"replies":[{"embeddable":true,"href":"https:\/\/anythingtechnicallc.com\/index.php\/wp-json\/wp\/v2\/comments?post=9726"}],"wp:featuredmedia":[{"embeddable":true,"href":"https:\/\/anythingtechnicallc.com\/index.php\/wp-json\/wp\/v2\/media\/9725"}],"wp:attachment":[{"href":"https:\/\/anythingtechnicallc.com\/index.php\/wp-json\/wp\/v2\/media?parent=9726"}],"wp:term":[{"taxonomy":"product_brand","embeddable":true,"href":"https:\/\/anythingtechnicallc.com\/index.php\/wp-json\/wp\/v2\/product_brand?post=9726"},{"taxonomy":"product_cat","embeddable":true,"href":"https:\/\/anythingtechnicallc.com\/index.php\/wp-json\/wp\/v2\/product_cat?post=9726"},{"taxonomy":"product_tag","embeddable":true,"href":"https:\/\/anythingtechnicallc.com\/index.php\/wp-json\/wp\/v2\/product_tag?post=9726"}],"curies":[{"name":"wp","href":"https:\/\/api.w.org\/{rel}","templated":true}]}}