{"id":9729,"date":"2026-03-24T15:21:02","date_gmt":"2026-03-24T15:21:02","guid":{"rendered":"https:\/\/anythingtechnicallc.com\/?post_type=product&#038;p=9729"},"modified":"2026-03-24T15:21:02","modified_gmt":"2026-03-24T15:21:02","slug":"original-bose-hi-fi-soundtouch-300-soundbar-421650-755001-0030-fernbedienung","status":"publish","type":"product","link":"https:\/\/anythingtechnicallc.com\/index.php\/de\/product\/original-bose-hi-fi-soundtouch-300-soundbar-421650-755001-0030-fernbedienung\/","title":{"rendered":"Original Bose Hi-Fi Soundtouch 300 Soundbar 421650 755001-0030 Fernbedienung"},"content":{"rendered":"<ul class=\"a-unordered-list a-vertical a-spacing-mini\">\n<li class=\"a-spacing-mini\"><span class=\"a-list-item\">Sofort einsatzbereit: Sie m\u00fcssen nichts programmieren oder koppeln. Legen Sie einfach die Batterien ein (nicht im Lieferumfang enthalten) und schon kann es losgehen. Dank der Infrarot-Technologie bleibt das Signal stark und antwortet schnell. <\/span><\/li>\n<li class=\"a-spacing-mini\"><span class=\"a-list-item\">Einfach zu benutzen: Das neue ABS-Material, die bessere Verarbeitung und das ergonomische Bogendesign sorgen daf\u00fcr, dass das Ger\u00e4t gut in der Hand liegt. Die Tasten sind reaktionsschnell und lassen sich gut anfassen. Mit einer Reichweite von \u00fcber 26 Fu\u00df und einem Winkel von mehr als 120 Grad haben Sie ein besseres und kostenloses Fernbedienungserlebnis. <\/span><\/li>\n<\/ul>\n","protected":false},"excerpt":{"rendered":"<ul class=\"a-unordered-list a-vertical a-spacing-mini\">\n<li class=\"a-spacing-mini\"><span class=\"a-list-item\">Sofort einsatzbereit: Sie m\u00fcssen nichts programmieren oder koppeln. Legen Sie einfach die Batterien ein (nicht im Lieferumfang enthalten) und schon kann es losgehen. Dank der Infrarot-Technologie bleibt das Signal stark und antwortet schnell. <\/span><\/li>\n<li class=\"a-spacing-mini\"><span class=\"a-list-item\">Einfach zu benutzen: Das neue ABS-Material, die bessere Verarbeitung und das ergonomische Bogendesign sorgen daf\u00fcr, dass das Ger\u00e4t gut in der Hand liegt. Die Tasten sind reaktionsschnell und lassen sich gut anfassen. Mit einer Reichweite von \u00fcber 26 Fu\u00df und einem Winkel von mehr als 120 Grad haben Sie ein besseres und kostenloses Fernbedienungserlebnis. <\/span><\/li>\n<\/ul>\n","protected":false},"featured_media":9728,"comment_status":"open","ping_status":"closed","template":"","meta":{"_et_pb_use_builder":"","_et_pb_old_content":"","_et_gb_content_width":""},"product_brand":[],"product_cat":[1372],"product_tag":[],"class_list":{"0":"post-9729","1":"product","2":"type-product","3":"status-publish","4":"has-post-thumbnail","6":"product_cat-elektronik","8":"first","9":"instock","10":"taxable","11":"shipping-taxable","12":"purchasable","13":"product-type-simple"},"exclude_global_add_ons":[],"addons":[],"jetpack-related-posts":[{"id":9671,"url":"https:\/\/anythingtechnicallc.com\/index.php\/de\/product\/refurbished-bose-ultra-open-earbuds-offene-bluetooth-ohrhoerer-mit-openaudio-fuer-mehr-aufmerksamkeit-clip-on-design-fuer-mehr-komfort-wasserfest-bis-zu-48-stunden-spielzeit-schwarz\/","url_meta":{"origin":9729,"position":0},"title":"Refurbished Bose Ultra Open Earbuds &#8211; Offene Bluetooth-Ohrh\u00f6rer mit OpenAudio f\u00fcr mehr Aufmerksamkeit, Clip-On-Design f\u00fcr mehr Komfort, wasserfest, bis zu 48 Stunden Spielzeit, Schwarz","date":"March 24, 2026","format":false,"excerpt":"\u00d6FFNEN SIE IHRE OHREN F\u00dcR DIE WELT: H\u00f6ren Sie alles, was um Sie herum passiert, und genie\u00dfen Sie gleichzeitig einen satten, privaten Klang. Das Design dieser offenen Ohrh\u00f6rer sagt: \"Ich kann Sie immer noch h\u00f6ren\", w\u00e4hrend die OpenAudio-Technologie Ihnen einen hochwertigen, privaten Klang bietet. SEIEN SIE MITTEN IN DER MUSIK,\u2026","rel":"","context":"Similar post","img":{"alt_text":"","src":"https:\/\/i0.wp.com\/anythingtechnicallc.com\/wp-content\/uploads\/2026\/01\/Bose-Ultra-Open-Earbuds-Black.jpg?fit=900%2C1200&ssl=1&resize=350%2C200","width":350,"height":200},"classes":[]},{"id":9916,"url":"https:\/\/anythingtechnicallc.com\/index.php\/de\/product\/bose-quietcomfort-noise-cancelling-earbuds-bluetooth-wireless-earphones-triple-black-erneuert\/","url_meta":{"origin":9729,"position":1},"title":"Bose QuietComfort Noise Cancelling Earbuds-Bluetooth Wireless Earphones, Triple Black (Erneuert)","date":"April 15, 2026","format":false,"excerpt":"Besserer Klang beginnt mit besserer Stille. Deshalb hat Bose die QuietComfort Earbuds mit der effektivsten Ger\u00e4uschunterdr\u00fcckung der Welt und High-Fidelity-Audio entwickelt. Denn wenn Sie Ablenkungen ausschalten, steigt die Musik und damit auch die Leidenschaft. Backen. Programmieren. Klettern. Und alles andere, was Sie ausmacht - Sie selbst. Unsere steuerbare Ger\u00e4uschunterdr\u00fcckung erm\u00f6glicht\u2026","rel":"","context":"Similar post","img":{"alt_text":"","src":"https:\/\/i0.wp.com\/anythingtechnicallc.com\/wp-content\/uploads\/2026\/04\/Bose-QuietComfort-Noise-Cancelling-Earbuds-Bluetooth-Wireless-Earphones-Triple-Black-Renewed.jpg?fit=900%2C1200&ssl=1&resize=350%2C200","width":350,"height":200},"classes":[]},{"id":9904,"url":"https:\/\/anythingtechnicallc.com\/index.php\/de\/product\/apple-airpods-pro-2-generation-usb-c-rechter-ersatz-airpod-a3047-weiss-erneuert\/","url_meta":{"origin":9729,"position":2},"title":"Apple AirPods Pro 2. Generation (USB-C) &#8211; Rechter Ersatz-AirPod (A3047) &#8211; Wei\u00df (erneuert)","date":"April 15, 2026","format":false,"excerpt":"Ersatz Apple AirPods Pro (2. Generation) (USB-C) AirPod - rechte Seite (A3047). Einfach mit Ihrem vorhandenen AirPods-Set zu koppeln, inklusive Anleitung zum Koppeln. Das Paket enth\u00e4lt 1 rechten Apple AirPod Pro der 2. Generation (USB-C) (A3047) und eine Paarungsanleitung in einem generischen Umschlag oder Karton. Nur kompatibel mit Apple AirPods\u2026","rel":"","context":"Similar post","img":{"alt_text":"","src":"https:\/\/i0.wp.com\/anythingtechnicallc.com\/wp-content\/uploads\/2026\/04\/Apple-AirPods-Pro-2nd-Gen-USB-C-Right-Replacement-AirPod-A3047-White-Renewed.jpg?fit=900%2C1200&ssl=1&resize=350%2C200","width":350,"height":200},"classes":[]},{"id":9958,"url":"https:\/\/anythingtechnicallc.com\/index.php\/de\/product\/zebra-tc52-rugged-scanner-android-2d-1d-barcode-leser-inkl-ladegeraet-erneuert\/","url_meta":{"origin":9729,"position":3},"title":"Zebra TC52 Rugged Scanner, Android, 2D\/1D Barcode-Leser (inkl. Ladeger\u00e4t) (Erneuert)","date":"April 15, 2026","format":false,"excerpt":"Fortschrittliches Barcode-Scannen: Ausgestattet mit einem 2D\/1D\/QR-Codeleser f\u00fcr schnelles und genaues Scannen von Barcodes, perfekt f\u00fcr die Bestands- und Lagerverwaltung. Robuste Langlebigkeit: Der Zebra TC52 ist f\u00fcr den anspruchsvollen Einsatz in der Industrie und im Freien konzipiert und h\u00e4lt auch rauen Umgebungen stand. Kabellos und leistungsf\u00e4hig: Mit WiFi-Konnektivit\u00e4t f\u00fcr nahtlose Daten\u00fcbertragung\u2026","rel":"","context":"Similar post","img":{"alt_text":"","src":"https:\/\/i0.wp.com\/anythingtechnicallc.com\/wp-content\/uploads\/2026\/04\/Zebra-TC52-Rugged-Scanner.jpg?fit=900%2C1200&ssl=1&resize=350%2C200","width":350,"height":200},"classes":[]},{"id":9641,"url":"https:\/\/anythingtechnicallc.com\/index.php\/de\/product\/erneuerte-apple-airpods-max-wireless-over-ear-kopfhoerer-pro-level-aktive-geraeuschunterdrueckung-transparenz-modus-personalisiertes-raeumliches-audio-usb-c-aufladung-bluetooth-kopfhoerer-fuer-ip\/","url_meta":{"origin":9729,"position":4},"title":"Erneuerte Apple AirPods Max Wireless Over-Ear-Kopfh\u00f6rer, Pro-Level aktive Ger\u00e4uschunterdr\u00fcckung, Transparenz-Modus, personalisiertes r\u00e4umliches Audio, USB-C Aufladung, Bluetooth-Kopfh\u00f6rer f\u00fcr iPhone &#8211; Mitternacht","date":"March 24, 2026","format":false,"excerpt":"PERS\u00d6NLICHES RAUMAKUSTIK-AUDIO - Mit einem Klang, der sich Ihrer einzigartigen Ohrform anpasst, und einer dynamischen Kopfst\u00fctze bieten die AirPods Max ein beeindruckendes H\u00f6rerlebnis, bei dem der Klang rund um Sie herum zu h\u00f6ren ist.* Au\u00dferdem k\u00f6nnen Sie ausgew\u00e4hlte Songs, Shows und Filme in Dolby Atmos h\u00f6ren. F\u00dcNF FRISCHE FARBEN -\u2026","rel":"","context":"Similar post","img":{"alt_text":"","src":"https:\/\/i0.wp.com\/anythingtechnicallc.com\/wp-content\/uploads\/2025\/10\/716QjZYRBAL._AC_SL1500_.jpg?fit=913%2C1200&ssl=1&resize=350%2C200","width":350,"height":200},"classes":[]},{"id":9714,"url":"https:\/\/anythingtechnicallc.com\/index.php\/de\/product\/bose-quietcomfort-35-serie-i-kabellose-kopfhoerer-geraeuschunterdrueckung-schwarz-erneuert\/","url_meta":{"origin":9729,"position":5},"title":"Bose QuietComfort 35 (Serie I) Kabellose Kopfh\u00f6rer, Ger\u00e4uschunterdr\u00fcckung &#8211; Schwarz (Erneuert)","date":"March 24, 2026","format":false,"excerpt":"Die kabellosen Kopfh\u00f6rer Quiet Comfort 35 sind mit einer erstklassigen Ger\u00e4uschunterdr\u00fcckung ausgestattet, die daf\u00fcr sorgt, dass leise Ger\u00e4usche leiser und Musik besser klingt. Befreien Sie sich von Kabeln und verbinden Sie sich ganz einfach mit Ihren Ger\u00e4ten per Bluetooth und NFC-Kopplung. Der volumenoptimierte Equalizer sorgt f\u00fcr eine ausgewogene Audiowiedergabe bei\u2026","rel":"","context":"Similar post","img":{"alt_text":"","src":"https:\/\/i0.wp.com\/anythingtechnicallc.com\/wp-content\/uploads\/2026\/02\/Bose-QuietComfort-35.jpg?fit=1200%2C900&ssl=1&resize=350%2C200","width":350,"height":200},"classes":[]}],"pll_sync_post":[],"lang":"de","translations":{"de":9729,"en":8756},"_links":{"self":[{"href":"https:\/\/anythingtechnicallc.com\/index.php\/wp-json\/wp\/v2\/product\/9729","targetHints":{"allow":["GET"]}}],"collection":[{"href":"https:\/\/anythingtechnicallc.com\/index.php\/wp-json\/wp\/v2\/product"}],"about":[{"href":"https:\/\/anythingtechnicallc.com\/index.php\/wp-json\/wp\/v2\/types\/product"}],"replies":[{"embeddable":true,"href":"https:\/\/anythingtechnicallc.com\/index.php\/wp-json\/wp\/v2\/comments?post=9729"}],"wp:featuredmedia":[{"embeddable":true,"href":"https:\/\/anythingtechnicallc.com\/index.php\/wp-json\/wp\/v2\/media\/9728"}],"wp:attachment":[{"href":"https:\/\/anythingtechnicallc.com\/index.php\/wp-json\/wp\/v2\/media?parent=9729"}],"wp:term":[{"taxonomy":"product_brand","embeddable":true,"href":"https:\/\/anythingtechnicallc.com\/index.php\/wp-json\/wp\/v2\/product_brand?post=9729"},{"taxonomy":"product_cat","embeddable":true,"href":"https:\/\/anythingtechnicallc.com\/index.php\/wp-json\/wp\/v2\/product_cat?post=9729"},{"taxonomy":"product_tag","embeddable":true,"href":"https:\/\/anythingtechnicallc.com\/index.php\/wp-json\/wp\/v2\/product_tag?post=9729"}],"curies":[{"name":"wp","href":"https:\/\/api.w.org\/{rel}","templated":true}]}}