{"id":9732,"date":"2026-03-24T15:21:27","date_gmt":"2026-03-24T15:21:27","guid":{"rendered":"https:\/\/anythingtechnicallc.com\/?post_type=product&#038;p=9732"},"modified":"2026-03-24T15:21:27","modified_gmt":"2026-03-24T15:21:27","slug":"bose-sleepbuds-ii-noise-masking-bluetooth-ladegeraet","status":"publish","type":"product","link":"https:\/\/anythingtechnicallc.com\/index.php\/de\/product\/bose-sleepbuds-ii-noise-masking-bluetooth-ladegeraet\/","title":{"rendered":"Bose SLEEPBUDS II NOISE-MASKING Bluetooth-Ladeger\u00e4t"},"content":{"rendered":"<p data-path-to-node=\"3\"><span class=\"\">Ersetzen Sie Ihr verlorenes oder besch\u00e4digtes Ladeetui durch dieses Original <\/span><b class=\"\" data-path-to-node=\"3\" data-index-in-node=\"61\">Bose Sleepbuds II Ladeetui<\/b><span class=\"\">.<\/span><span class=\"\"> Diese hochwertige Aluminiumh\u00fclle wurde speziell f\u00fcr die Aufbewahrung, den<\/span><span class=\"\"> Schutz<\/span><span class=\"\"> und das Aufladen Ihrer Bose Sleepbuds II<\/span><span class=\"\"> entwickelt<\/span><span class=\"\">.<\/span><\/p>\n<p data-path-to-node=\"4\"><b class=\"\" data-path-to-node=\"4\" data-index-in-node=\"0\">Hauptmerkmale:<\/b><\/p>\n<ul data-path-to-node=\"5\">\n<li>\n<p data-path-to-node=\"5,0,0\"><b class=\"\" data-path-to-node=\"5,0,0\" data-index-in-node=\"0\">Zus\u00e4tzliche Akkulaufzeit:<\/b><span class=\"\"> H\u00e4lt bis zu <\/span><b class=\"\" data-path-to-node=\"5,0,0\" data-index-in-node=\"32\">3 volle Ladungen<\/b><span class=\"\"> und<\/span><span class=\"\"> bietet damit eine zus\u00e4tzliche Akkulaufzeit von 30 Stunden f\u00fcr Ihre Sleepbuds.<\/span><\/p>\n<\/li>\n<li>\n<p data-path-to-node=\"5,1,0\"><b class=\"\" data-path-to-node=\"5,1,0\" data-index-in-node=\"0\">Magnetische Dockingstation:<\/b><span class=\"\"> Mit einem magnetischen Innenraum, in dem die Knospen perfekt einrasten, um sie sicher und zuverl\u00e4ssig aufzuladen.<\/span><\/p>\n<\/li>\n<li>\n<p data-path-to-node=\"5,2,0\"><b class=\"\" data-path-to-node=\"5,2,0\" data-index-in-node=\"0\">Erstklassige Verarbeitung:<\/b><span class=\"\"> Hergestellt aus<\/span><span class=\"\"> hochwertigem, eloxiertem Aluminium, das auf dem Nachttisch gut aussieht und Ihre Knospen auf Reisen sch\u00fctzt.<\/span><\/p>\n<\/li>\n<li>\n<p data-path-to-node=\"5,3,0\"><b class=\"\" data-path-to-node=\"5,3,0\" data-index-in-node=\"0\">LED-Anzeigen:<\/b><span class=\"\"> Eingebaute Anzeigeleuchten zeigen den aktuellen Akkustand des Geh\u00e4uses an, damit Sie genau wissen, wann es Zeit ist, es anzuschlie\u00dfen.<\/span><\/p>\n<\/li>\n<li>\n<p data-path-to-node=\"5,4,0\"><b class=\"\" data-path-to-node=\"5,4,0\" data-index-in-node=\"0\">USB-C-Kompatibilit\u00e4t:<\/b><span class=\"\"> Einfaches Aufladen \u00fcber ein Standard-USB-C-Kabel.<\/span><\/p>\n<\/li>\n<\/ul>\n","protected":false},"excerpt":{"rendered":"<p data-path-to-node=\"3\"><span class=\"\">Ersetzen Sie Ihr verlorenes oder besch\u00e4digtes Ladeetui durch dieses Original <\/span><b class=\"\" data-path-to-node=\"3\" data-index-in-node=\"61\">Bose Sleepbuds II Ladeetui<\/b><span class=\"\">.<\/span><span class=\"\"> Diese hochwertige Aluminiumh\u00fclle wurde speziell f\u00fcr die Aufbewahrung, den<\/span><span class=\"\"> Schutz<\/span><span class=\"\"> und das Aufladen Ihrer Bose Sleepbuds II<\/span><span class=\"\"> entwickelt<\/span><span class=\"\">.<\/span><\/p>\n<p data-path-to-node=\"4\"><b class=\"\" data-path-to-node=\"4\" data-index-in-node=\"0\">Hauptmerkmale:<\/b><\/p>\n<ul data-path-to-node=\"5\">\n<li>\n<p data-path-to-node=\"5,0,0\"><b class=\"\" data-path-to-node=\"5,0,0\" data-index-in-node=\"0\">Zus\u00e4tzliche Akkulaufzeit:<\/b><span class=\"\"> H\u00e4lt bis zu <\/span><b class=\"\" data-path-to-node=\"5,0,0\" data-index-in-node=\"32\">3 volle Ladungen<\/b><span class=\"\"> und<\/span><span class=\"\"> bietet damit eine zus\u00e4tzliche Akkulaufzeit von 30 Stunden f\u00fcr Ihre Sleepbuds.<\/span><\/p>\n<\/li>\n<li>\n<p data-path-to-node=\"5,1,0\"><b class=\"\" data-path-to-node=\"5,1,0\" data-index-in-node=\"0\">Magnetische Dockingstation:<\/b><span class=\"\"> Mit einem magnetischen Innenraum, in dem die Knospen perfekt einrasten, um sie sicher und zuverl\u00e4ssig aufzuladen.<\/span><\/p>\n<\/li>\n<li>\n<p data-path-to-node=\"5,2,0\"><b class=\"\" data-path-to-node=\"5,2,0\" data-index-in-node=\"0\">Erstklassige Verarbeitung:<\/b><span class=\"\"> Hergestellt aus<\/span><span class=\"\"> hochwertigem, eloxiertem Aluminium, das auf dem Nachttisch gut aussieht und Ihre Knospen auf Reisen sch\u00fctzt.<\/span><\/p>\n<\/li>\n<li>\n<p data-path-to-node=\"5,3,0\"><b class=\"\" data-path-to-node=\"5,3,0\" data-index-in-node=\"0\">LED-Anzeigen:<\/b><span class=\"\"> Eingebaute Anzeigeleuchten zeigen den aktuellen Akkustand des Geh\u00e4uses an, damit Sie genau wissen, wann es Zeit ist, es anzuschlie\u00dfen.<\/span><\/p>\n<\/li>\n<li>\n<p data-path-to-node=\"5,4,0\"><b class=\"\" data-path-to-node=\"5,4,0\" data-index-in-node=\"0\">USB-C-Kompatibilit\u00e4t:<\/b><span class=\"\"> Einfaches Aufladen \u00fcber ein Standard-USB-C-Kabel.<\/span><\/p>\n<\/li>\n<\/ul>\n","protected":false},"featured_media":9731,"comment_status":"open","ping_status":"closed","template":"","meta":{"_et_pb_use_builder":"","_et_pb_old_content":"","_et_gb_content_width":""},"product_brand":[],"product_cat":[1578],"product_tag":[],"class_list":{"0":"post-9732","1":"product","2":"type-product","3":"status-publish","4":"has-post-thumbnail","6":"product_cat-headset","8":"first","9":"instock","10":"taxable","11":"shipping-taxable","12":"purchasable","13":"product-type-simple"},"exclude_global_add_ons":[],"addons":[],"jetpack-related-posts":[{"id":9720,"url":"https:\/\/anythingtechnicallc.com\/index.php\/de\/product\/erneuerte-bose-ultra-open-earbuds-mit-immersive-audio-linkes-rechtes-ohr-schwarz\/","url_meta":{"origin":9732,"position":0},"title":"Erneuerte Bose Ultra Open Earbuds mit Immersive Audio, linkes \/ rechtes Ohr Schwarz","date":"March 24, 2026","format":false,"excerpt":"Einzelner Ersatz-Ohrh\u00f6rer (links oder rechts w\u00e4hlbar) Stellen Sie Ihr H\u00f6rerlebnis mit diesem erneuerten Bose Ultra Open Earbud wieder her, der als perfekter Ersatz f\u00fcr ein verlorenes oder besch\u00e4digtes Ger\u00e4t entwickelt wurde. Ausgestattet mit der fortschrittlichen Immersive Audio Technologie von Bose liefern diese offenen Ohrh\u00f6rer einen satten, r\u00e4umlichen Klang, ohne dass\u2026","rel":"","context":"Similar post","img":{"alt_text":"","src":"https:\/\/i0.wp.com\/anythingtechnicallc.com\/wp-content\/uploads\/2026\/02\/Bose-Ultra-Open-One-Ear.jpg?fit=900%2C1200&ssl=1&resize=350%2C200","width":350,"height":200},"classes":[]},{"id":9671,"url":"https:\/\/anythingtechnicallc.com\/index.php\/de\/product\/refurbished-bose-ultra-open-earbuds-offene-bluetooth-ohrhoerer-mit-openaudio-fuer-mehr-aufmerksamkeit-clip-on-design-fuer-mehr-komfort-wasserfest-bis-zu-48-stunden-spielzeit-schwarz\/","url_meta":{"origin":9732,"position":1},"title":"Refurbished Bose Ultra Open Earbuds &#8211; Offene Bluetooth-Ohrh\u00f6rer mit OpenAudio f\u00fcr mehr Aufmerksamkeit, Clip-On-Design f\u00fcr mehr Komfort, wasserfest, bis zu 48 Stunden Spielzeit, Schwarz","date":"March 24, 2026","format":false,"excerpt":"\u00d6FFNEN SIE IHRE OHREN F\u00dcR DIE WELT: H\u00f6ren Sie alles, was um Sie herum passiert, und genie\u00dfen Sie gleichzeitig einen satten, privaten Klang. Das Design dieser offenen Ohrh\u00f6rer sagt: \"Ich kann Sie immer noch h\u00f6ren\", w\u00e4hrend die OpenAudio-Technologie Ihnen einen hochwertigen, privaten Klang bietet. SEIEN SIE MITTEN IN DER MUSIK,\u2026","rel":"","context":"Similar post","img":{"alt_text":"","src":"https:\/\/i0.wp.com\/anythingtechnicallc.com\/wp-content\/uploads\/2026\/01\/Bose-Ultra-Open-Earbuds-Black.jpg?fit=900%2C1200&ssl=1&resize=350%2C200","width":350,"height":200},"classes":[]},{"id":9867,"url":"https:\/\/anythingtechnicallc.com\/index.php\/de\/product\/gebrauchte-original-bose-quietcomfort-qc-ultra-ohrstoepsel-1-generation-ersatzteile-links-rechts-ladekoffer\/","url_meta":{"origin":9732,"position":2},"title":"Gebrauchte Original Bose QuietComfort QC Ultra Ohrst\u00f6psel (1. Generation) &#8211; Ersatzteile links \/ rechts \/ Ladekoffer","date":"April 8, 2026","format":false,"excerpt":"W\u00e4hlen Sie Ihr Ersatzteil: W\u00e4hlen Sie aus den folgenden hochwertigen, gebrauchten Originalteilen: Nur linker Ohrh\u00f6rer, Nur rechter Ohrh\u00f6rer, Original-Ladeetui, Hinweis an den K\u00e4ufer: Bitte hinterlassen Sie w\u00e4hrend des Bestellvorgangs eine Nachricht\/Notiz, in der Sie Ihre bevorzugte Farbe (Schwarz, Wei\u00dfer Rauch oder Mondsteinblau) und das gew\u00fcnschte Teil (Links, Rechts oder Etui)\u2026","rel":"","context":"Similar post","img":{"alt_text":"","src":"https:\/\/i0.wp.com\/anythingtechnicallc.com\/wp-content\/uploads\/2026\/03\/Used-Original-Bose-QuietComfort-QC-Ultra-Earbuds-1st-Generation-\u2014-Replacement-Parts.jpg?fit=991%2C1200&ssl=1&resize=350%2C200","width":350,"height":200},"classes":[]},{"id":9218,"url":"https:\/\/anythingtechnicallc.com\/index.php\/de\/product\/used-shure-rmce-tw1-true-wireless-secure-fit-adapter-fuer-klangisolierende-kopfhoerer-schwarz-mit-ladeetui\/","url_meta":{"origin":9732,"position":3},"title":"USED SHURE RMCE-TW1 True Wireless Secure Fit Adapter f\u00fcr klangisolierende Kopfh\u00f6rer Schwarz mit Ladeetui","date":"March 19, 2026","format":false,"excerpt":"Das Shure RMCE-TW1 True Wireless Secure Fit Adapter Set verwandelt jeden abnehmbaren Shure Sound Isolating\u2122 Kopfh\u00f6rer in einen echten kabellosen Kopfh\u00f6rer. Erleben Sie au\u00dfergew\u00f6hnlichen Komfort und einen sicheren Sitz mit einem immersiven, erstklassigen H\u00f6rerlebnis, wohin Sie auch gehen. Shure RMCE-TW1 True Wireless Secure Fit Adapter Der True Wireless Adapter verwandelt\u2026","rel":"","context":"Similar post","img":{"alt_text":"","src":"https:\/\/i0.wp.com\/anythingtechnicallc.com\/wp-content\/uploads\/2025\/02\/RMCE-TW1.webp?fit=1200%2C900&ssl=1&resize=350%2C200","width":350,"height":200},"classes":[]},{"id":8983,"url":"https:\/\/anythingtechnicallc.com\/index.php\/de\/product\/erneuert-beoplay-e8-2-0-true-wireless-ohrhoerer-qi-aufladung-schwarz-einheitsgroesse-1646100\/","url_meta":{"origin":9732,"position":4},"title":"Erneuert Beoplay E8 2.0 True Wireless Ohrh\u00f6rer Qi Aufladung, Schwarz, Einheitsgr\u00f6\u00dfe &#8211; 1646100","date":"March 18, 2026","format":false,"excerpt":"WIRKLICH KABELLOS: Der Beoplay E8 2.0 bietet v\u00f6llig kabellosen Komfort ohne Kabel. Ausgestattet mit kabelloser Qi-Ladetechnik ist dieser In-Ear-Kopfh\u00f6rer mit seinem eleganten Design wirklich tragbar. Impedanz: 16 Ohm TOUCH CONTROL: Steuern Sie Ihr H\u00f6rerlebnis ganz einfach \u00fcber die Touch-Oberfl\u00e4che dieser kabellosen Ohrst\u00f6psel. Tippen Sie einfach darauf, um zwischen Titeln zu\u2026","rel":"","context":"Similar post","img":{"alt_text":"","src":"https:\/\/i0.wp.com\/anythingtechnicallc.com\/wp-content\/uploads\/2024\/09\/81LRBE5O8dL._AC_SL1500_.jpg?fit=982%2C1193&ssl=1&resize=350%2C200","width":350,"height":200},"classes":[]},{"id":9352,"url":"https:\/\/anythingtechnicallc.com\/index.php\/de\/product\/shure-true-wireless-adapter-gen-2-fuer-klangisolierende-ohrhoerer-sichere-ueber-ohr-passform-bluetooth-5-wireless-technologie-lange-akkulaufzeit-mit-ladeetui-fingertip-steuerung-rmce-tw2\/","url_meta":{"origin":9732,"position":5},"title":"Shure True Wireless Adapter (Gen 2) f\u00fcr klangisolierende Ohrh\u00f6rer, sichere \u00dcber-Ohr-Passform, Bluetooth 5 Wireless-Technologie, lange Akkulaufzeit mit Ladeetui &#038; Fingertip-Steuerung (RMCE-TW2)","date":"March 19, 2026","format":false,"excerpt":"TRUE WIRELESS ADAPTER GEN 2 - Der True Wireless Adapter, Gen 2 verwandelt jeden abnehmbaren Shure Sound Isolating Ohrh\u00f6rer in ein echtes Drahtlosger\u00e4t (Ohrh\u00f6rer separat erh\u00e4ltlich). SCHWEISS- UND WASSERBEST\u00c4NDIG - Schwei\u00df- und wasserfest mit einer IPX4-Einstufung in Verbindung mit abnehmbaren Shure Ohrh\u00f6rern. Sie wurden strengen Qualit\u00e4ts- und Haltbarkeitstests unterzogen, um\u2026","rel":"","context":"Similar post","img":{"alt_text":"","src":"https:\/\/i0.wp.com\/anythingtechnicallc.com\/wp-content\/uploads\/2025\/08\/511IBeHiNdL._AC_SL1000_.jpg?fit=927%2C938&ssl=1&resize=350%2C200","width":350,"height":200},"classes":[]}],"pll_sync_post":[],"lang":"de","translations":{"de":9732,"en":8762},"_links":{"self":[{"href":"https:\/\/anythingtechnicallc.com\/index.php\/wp-json\/wp\/v2\/product\/9732","targetHints":{"allow":["GET"]}}],"collection":[{"href":"https:\/\/anythingtechnicallc.com\/index.php\/wp-json\/wp\/v2\/product"}],"about":[{"href":"https:\/\/anythingtechnicallc.com\/index.php\/wp-json\/wp\/v2\/types\/product"}],"replies":[{"embeddable":true,"href":"https:\/\/anythingtechnicallc.com\/index.php\/wp-json\/wp\/v2\/comments?post=9732"}],"wp:featuredmedia":[{"embeddable":true,"href":"https:\/\/anythingtechnicallc.com\/index.php\/wp-json\/wp\/v2\/media\/9731"}],"wp:attachment":[{"href":"https:\/\/anythingtechnicallc.com\/index.php\/wp-json\/wp\/v2\/media?parent=9732"}],"wp:term":[{"taxonomy":"product_brand","embeddable":true,"href":"https:\/\/anythingtechnicallc.com\/index.php\/wp-json\/wp\/v2\/product_brand?post=9732"},{"taxonomy":"product_cat","embeddable":true,"href":"https:\/\/anythingtechnicallc.com\/index.php\/wp-json\/wp\/v2\/product_cat?post=9732"},{"taxonomy":"product_tag","embeddable":true,"href":"https:\/\/anythingtechnicallc.com\/index.php\/wp-json\/wp\/v2\/product_tag?post=9732"}],"curies":[{"name":"wp","href":"https:\/\/api.w.org\/{rel}","templated":true}]}}