{"id":9738,"date":"2026-03-24T15:22:18","date_gmt":"2026-03-24T15:22:18","guid":{"rendered":"https:\/\/anythingtechnicallc.com\/?post_type=product&#038;p=9738"},"modified":"2026-03-24T15:22:19","modified_gmt":"2026-03-24T15:22:19","slug":"gebrauchte-bose-soundlink-around-ear-wireless-kopfhoerer-ii-schwarz","status":"publish","type":"product","link":"https:\/\/anythingtechnicallc.com\/index.php\/de\/product\/gebrauchte-bose-soundlink-around-ear-wireless-kopfhoerer-ii-schwarz\/","title":{"rendered":"Gebrauchte Bose SoundLink Around Ear Wireless Kopfh\u00f6rer II &#8211; Schwarz"},"content":{"rendered":"<ul class=\"a-unordered-list a-vertical a-spacing-mini\">\n<li class=\"a-spacing-mini\"><span class=\"a-list-item\">Tiefer, intensiver Klang, verbesserter EQ &#8211; die beste Leistung in der Klasse der kabellosen Kopfh\u00f6rer. Konnektivit\u00e4tstechnologie: WiredWireless.Ladezeit: 3 Stunden. <\/span><\/li>\n<li class=\"a-spacing-mini\"><span class=\"a-list-item\">Neueste Bluetooth-Technologie f\u00fcr einfache Konnektivit\u00e4t und nahtlose Audio-Video-Synchronisation. <\/span><\/li>\n<li class=\"a-spacing-mini\"><span class=\"a-list-item\">Fortschrittliches Mikrofonsystem, HD-Voice f\u00fcr klare Gespr\u00e4che in windigen oder lauten Umgebungen. <\/span><\/li>\n<li class=\"a-spacing-mini\"><span class=\"a-list-item\">Bis zu 15 Stunden Spielzeit mit wiederaufladbarem Lithium-Ionen-Akku.Hinweis:Wenn Sie Probleme mit der Bluetooth-Verbindung haben, schalten Sie bitte die Bluetooth-Funktion f\u00fcr ein paar Minuten aus und dann wieder ein. <\/span><\/li>\n<li class=\"a-spacing-mini\"><span class=\"a-list-item\">Wechseln Sie zwischen 2 Bluetooth-Ger\u00e4ten, damit Sie ein Video ansehen k\u00f6nnen, w\u00e4hrend Sie mit Ihrem Smartphone verbunden bleiben. Kabellose Reichweite bis zu 9 Meter (30 Fu\u00df). <\/span><\/li>\n<\/ul>\n","protected":false},"excerpt":{"rendered":"<ul class=\"a-unordered-list a-vertical a-spacing-mini\">\n<li class=\"a-spacing-mini\"><span class=\"a-list-item\">Tiefer, intensiver Klang, verbesserter EQ &#8211; die beste Leistung in der Klasse der kabellosen Kopfh\u00f6rer. Konnektivit\u00e4tstechnologie: WiredWireless.Ladezeit: 3 Stunden. <\/span><\/li>\n<li class=\"a-spacing-mini\"><span class=\"a-list-item\">Neueste Bluetooth-Technologie f\u00fcr einfache Konnektivit\u00e4t und nahtlose Audio-Video-Synchronisation. <\/span><\/li>\n<li class=\"a-spacing-mini\"><span class=\"a-list-item\">Fortschrittliches Mikrofonsystem, HD-Voice f\u00fcr klare Gespr\u00e4che in windigen oder lauten Umgebungen. <\/span><\/li>\n<li class=\"a-spacing-mini\"><span class=\"a-list-item\">Bis zu 15 Stunden Spielzeit mit wiederaufladbarem Lithium-Ionen-Akku.Hinweis:Wenn Sie Probleme mit der Bluetooth-Verbindung haben, schalten Sie bitte die Bluetooth-Funktion f\u00fcr ein paar Minuten aus und dann wieder ein. <\/span><\/li>\n<li class=\"a-spacing-mini\"><span class=\"a-list-item\">Wechseln Sie zwischen 2 Bluetooth-Ger\u00e4ten, damit Sie ein Video ansehen k\u00f6nnen, w\u00e4hrend Sie mit Ihrem Smartphone verbunden bleiben. Kabellose Reichweite bis zu 9 Meter (30 Fu\u00df). <\/span><\/li>\n<\/ul>\n","protected":false},"featured_media":9737,"comment_status":"open","ping_status":"closed","template":"","meta":{"_et_pb_use_builder":"","_et_pb_old_content":"","_et_gb_content_width":""},"product_brand":[],"product_cat":[1578],"product_tag":[],"class_list":{"0":"post-9738","1":"product","2":"type-product","3":"status-publish","4":"has-post-thumbnail","6":"product_cat-headset","8":"first","9":"instock","10":"sale","11":"taxable","12":"shipping-taxable","13":"purchasable","14":"product-type-simple"},"exclude_global_add_ons":[],"addons":[],"jetpack-related-posts":[{"id":9365,"url":"https:\/\/anythingtechnicallc.com\/index.php\/de\/product\/renewed-bose-quietcomfort-qc45-bluetooth-kopfhoerer-kabellose-kopfhoerer-mit-aktiver-geraeuschunterdrueckung-ueber-dem-ohr-und-mikrofon-tiefer-bass-bis-zu-24-stunden-spielzeit-schwarz\/","url_meta":{"origin":9738,"position":0},"title":"Renewed Bose QuietComfort QC45 Bluetooth Kopfh\u00f6rer, kabellose Kopfh\u00f6rer mit aktiver Ger\u00e4uschunterdr\u00fcckung \u00fcber dem Ohr und Mikrofon, tiefer Bass, bis zu 24 Stunden Spielzeit, Schwarz","date":"March 19, 2026","format":false,"excerpt":"GER\u00c4USCHUNTERDR\u00dcCKENDE KOPFH\u00d6RER: Kombinieren Sie die Ger\u00e4uschunterdr\u00fcckungstechnologie m\u00fchelos mit passiven Funktionen, damit Sie die Au\u00dfenwelt abschalten, Ablenkungen ausblenden und Musik \u00fcber den Beat hinaus genie\u00dfen k\u00f6nnen. KOMFORTABLER KOPFH\u00d6RER: Pl\u00fcschige Ohrmuschelpolster schmiegen sich sanft an Ihre Ohren, w\u00e4hrend ein sicheres und bequemes gepolstertes Band Ihre Over-Ear-Kopfh\u00f6rer bei besonders langen H\u00f6rsessions sanft in\u2026","rel":"","context":"Similar post","img":{"alt_text":"","src":"https:\/\/i0.wp.com\/anythingtechnicallc.com\/wp-content\/uploads\/2025\/08\/51f7KKP25PL._AC_SL1000_.jpg?fit=669%2C885&ssl=1&resize=350%2C200","width":350,"height":200},"classes":[]},{"id":9599,"url":"https:\/\/anythingtechnicallc.com\/index.php\/de\/product\/renewed-bose-quietcomfort-bluetooth-earbuds-true-wireless-earbuds-mit-aktiver-geraeuschunterdrueckung-und-mikrofon-tiefer-bass-ipx4-bewertung-bis-zu-85-stunden-spielzeit-schwarz\/","url_meta":{"origin":9738,"position":1},"title":"Renewed Bose QuietComfort Bluetooth Earbuds, True Wireless Earbuds mit aktiver Ger\u00e4uschunterdr\u00fcckung und Mikrofon, tiefer Bass, IPX4 Bewertung, bis zu 8,5 Stunden Spielzeit, Schwarz","date":"March 24, 2026","format":false,"excerpt":"TON OHNE KOMPROMISS: Nutzen Sie den Tag auf Ihre Weise und trotzen Sie den Ablenkungen mit diesen kabellosen Bluetooth-Kopfh\u00f6rern mit weltbekannter Ger\u00e4uschunterdr\u00fcckung f\u00fcr ein H\u00f6rerlebnis, das den Alltag zu einem Epos macht. LEISTUNGSSTARKES, BEW\u00c4HRTES AUDIO: Diese kabellosen Bluetooth-Kopfh\u00f6rer mit IPX4-Klassifizierung bieten eine bemerkenswerte Klangqualit\u00e4t f\u00fcr ein befriedigendes H\u00f6rerlebnis, das genau\u2026","rel":"","context":"Similar post","img":{"alt_text":"","src":"https:\/\/i0.wp.com\/anythingtechnicallc.com\/wp-content\/uploads\/2025\/10\/61qIEvCy6L._AC_SL1500_.jpg?fit=1200%2C1146&ssl=1&resize=350%2C200","width":350,"height":200},"classes":[]},{"id":9913,"url":"https:\/\/anythingtechnicallc.com\/index.php\/de\/product\/powerbeats3-kabellose-in-ear-kopfhoerer-schwarz-erneuert\/","url_meta":{"origin":9738,"position":2},"title":"Powerbeats3 Kabellose In-Ear Kopfh\u00f6rer &#8211; Schwarz (Erneuert)","date":"April 15, 2026","format":false,"excerpt":"Die kabellosen PowerBeats 3 by Dr. Dre In-Ear-Kopfh\u00f6rer sind bequem, leistungsstark und speziell f\u00fcr Sportler entwickelt. Sie halten selbst den h\u00e4rtesten Trainingseinheiten stand. Dank der Dual-Driver-Akustik und dem leichten Design liefern die PowerBeats 3 einen erstklassigen, unvergleichlichen Klang in einem Ohrh\u00f6rer, der sicher und bequem genug ist, um auch \u00fcber\u2026","rel":"","context":"Similar post","img":{"alt_text":"","src":"https:\/\/i0.wp.com\/anythingtechnicallc.com\/wp-content\/uploads\/2026\/04\/Powerbeats3-Wireless-In-Ear-Headphones-Black-Renewed.jpg?fit=900%2C1200&ssl=1&resize=350%2C200","width":350,"height":200},"classes":[]},{"id":9861,"url":"https:\/\/anythingtechnicallc.com\/index.php\/de\/product\/gebrauchte-bose-quietcomfort-earbuds-true-wireless-bluetooth-earbuds-mit-aktiver-geraeuschunterdrueckung-und-mikrofon-usb-c-aufladung-ipx4-bewertung-bis-zu-85-stunden-spielzeit-schwarz\/","url_meta":{"origin":9738,"position":3},"title":"Gebrauchte Bose QuietComfort Earbuds &#8211; True Wireless Bluetooth Earbuds mit aktiver Ger\u00e4uschunterdr\u00fcckung und Mikrofon, USB-C Aufladung, IPX4 Bewertung, bis zu 8,5 Stunden Spielzeit, Schwarz","date":"April 8, 2026","format":false,"excerpt":"KLANG OHNE KOMPROMISS: Nutzen Sie den Tag auf Ihre Weise und trotzen Sie Ablenkungen mit diesen kabellosen Ohrh\u00f6rern mit weltbekannter Ger\u00e4uschunterdr\u00fcckung f\u00fcr ein H\u00f6rerlebnis, das den Alltag episch erscheinen l\u00e4sst. SEIZE-THE-DAY STAYING POWER: Diese Ohrh\u00f6rer mit Ger\u00e4uschunterdr\u00fcckung lassen sich kabellos aufladen und erm\u00f6glichen Ihnen eine H\u00f6rdauer von bis zu 8,5\u2026","rel":"","context":"Similar post","img":{"alt_text":"","src":"https:\/\/i0.wp.com\/anythingtechnicallc.com\/wp-content\/uploads\/2026\/03\/Bose-QuietComfort-Earbuds.jpg?fit=1200%2C900&ssl=1&resize=350%2C200","width":350,"height":200},"classes":[]},{"id":9355,"url":"https:\/\/anythingtechnicallc.com\/index.php\/de\/product\/gebrauchte-shure-rmce-tw1-wireless-adapter-fuer-shure-sound-isolating-earphones-wireless-bluetooth-kompatibel-8-stunden-akkulaufzeit-komfortable-over-ear-passform-schwarz\/","url_meta":{"origin":9738,"position":4},"title":"Gebrauchte Shure Rmce-Tw1, Wireless Adapter f\u00fcr Shure Sound Isolating Earphones, Wireless Bluetooth kompatibel, 8 Stunden Akkulaufzeit, komfortable Over Ear Passform, Schwarz","date":"March 19, 2026","format":false,"excerpt":"Machen Sie Schluss mit Kabeln: Das Shure True Wireless Secure Fit Adapter Set verwandelt jeden abnehmbaren Shure Sound Isolating Ohrh\u00f6rer in einen echten kabellosen Kopfh\u00f6rer (Ohrh\u00f6rer sind separat erh\u00e4ltlich). SICHERER & KOMFORTABLER SITZ: Dieser Adapter f\u00fcr \u00dcber-Ohr-Kopfh\u00f6rer wurde mit dem gleichen Design entwickelt, das Musiker f\u00fcr In-Ear-Monitoring auf der B\u00fchne\u2026","rel":"","context":"Similar post","img":{"alt_text":"","src":"https:\/\/i0.wp.com\/anythingtechnicallc.com\/wp-content\/uploads\/2025\/08\/Shure-RMCE-TW1.jpg?fit=1200%2C900&ssl=1&resize=350%2C200","width":350,"height":200},"classes":[]},{"id":9726,"url":"https:\/\/anythingtechnicallc.com\/index.php\/de\/product\/bose-soundsport-wireless-earbuds-schweissfeste-bluetooth-kopfhoerer-fuer-laufen-und-sport-schwarz-erneuert\/","url_meta":{"origin":9738,"position":5},"title":"Bose SoundSport, Wireless Earbuds, (schwei\u00dffeste Bluetooth-Kopfh\u00f6rer f\u00fcr Laufen und Sport), Schwarz (erneuert)","date":"March 24, 2026","format":false,"excerpt":"Leistungsstarker Klang, der Sie in Bewegung h\u00e4lt, Wenn Sie ein anstrengendes Training absolvieren, m\u00fcssen die Ohrh\u00f6rer an ihrem Platz bleiben. Genau daf\u00fcr hat Bose die StayHear+ Sport-Aufs\u00e4tze entwickelt. Die Spitze ist in einer einzigartigen Form geformt, um eine sanfte Abdichtung am Eingang des Geh\u00f6rgangs zu schaffen und so die Audioleistung\u2026","rel":"","context":"Similar post","img":{"alt_text":"","src":"https:\/\/i0.wp.com\/anythingtechnicallc.com\/wp-content\/uploads\/2026\/02\/Bose-SoundSport.jpg?fit=901%2C1200&ssl=1&resize=350%2C200","width":350,"height":200},"classes":[]}],"pll_sync_post":[],"lang":"de","translations":{"de":9738,"en":8764},"_links":{"self":[{"href":"https:\/\/anythingtechnicallc.com\/index.php\/wp-json\/wp\/v2\/product\/9738","targetHints":{"allow":["GET"]}}],"collection":[{"href":"https:\/\/anythingtechnicallc.com\/index.php\/wp-json\/wp\/v2\/product"}],"about":[{"href":"https:\/\/anythingtechnicallc.com\/index.php\/wp-json\/wp\/v2\/types\/product"}],"replies":[{"embeddable":true,"href":"https:\/\/anythingtechnicallc.com\/index.php\/wp-json\/wp\/v2\/comments?post=9738"}],"wp:featuredmedia":[{"embeddable":true,"href":"https:\/\/anythingtechnicallc.com\/index.php\/wp-json\/wp\/v2\/media\/9737"}],"wp:attachment":[{"href":"https:\/\/anythingtechnicallc.com\/index.php\/wp-json\/wp\/v2\/media?parent=9738"}],"wp:term":[{"taxonomy":"product_brand","embeddable":true,"href":"https:\/\/anythingtechnicallc.com\/index.php\/wp-json\/wp\/v2\/product_brand?post=9738"},{"taxonomy":"product_cat","embeddable":true,"href":"https:\/\/anythingtechnicallc.com\/index.php\/wp-json\/wp\/v2\/product_cat?post=9738"},{"taxonomy":"product_tag","embeddable":true,"href":"https:\/\/anythingtechnicallc.com\/index.php\/wp-json\/wp\/v2\/product_tag?post=9738"}],"curies":[{"name":"wp","href":"https:\/\/api.w.org\/{rel}","templated":true}]}}