{"id":9825,"date":"2026-04-08T13:09:20","date_gmt":"2026-04-08T13:09:20","guid":{"rendered":"https:\/\/anythingtechnicallc.com\/?post_type=product&#038;p=9825"},"modified":"2026-04-08T13:09:20","modified_gmt":"2026-04-08T13:09:20","slug":"apple-early-2020-macbook-air-mit-1-1ghz-intel-core-i3-13-zoll-8gb-ram-256gb-ssd-speicher-space-grau-erneuert","status":"publish","type":"product","link":"https:\/\/anythingtechnicallc.com\/index.php\/de\/product\/apple-early-2020-macbook-air-mit-1-1ghz-intel-core-i3-13-zoll-8gb-ram-256gb-ssd-speicher-space-grau-erneuert\/","title":{"rendered":"Apple Early 2020 MacBook Air mit 1.1GHz Intel Core i3 13-Zoll 8GB RAM 256GB SSD Speicher Space Grau (Erneuert)"},"content":{"rendered":"<ul class=\"a-unordered-list a-vertical a-spacing-mini\">\n<li class=\"a-spacing-mini\"><span class=\"a-list-item\">Atemberaubendes 13,3-Zoll-Retina-Display mit True Tone-Technologie. <\/span><\/li>\n<li class=\"a-spacing-mini\"><span class=\"a-list-item\">Intel Iris Plus Grafik. <\/span><\/li>\n<li class=\"a-spacing-mini\"><span class=\"a-list-item\">Intel Core i3 Prozessor der zehnten Generation. <\/span><\/li>\n<li class=\"a-spacing-mini\"><span class=\"a-list-item\">Hintergrundbeleuchtete Magic Keyboard und Touch ID. <\/span><\/li>\n<li class=\"a-spacing-mini\"><span class=\"a-list-item\">Schneller SSD-Speicher. <\/span><\/li>\n<\/ul>\n","protected":false},"excerpt":{"rendered":"<ul class=\"a-unordered-list a-vertical a-spacing-mini\">\n<li class=\"a-spacing-mini\"><span class=\"a-list-item\">Atemberaubendes 13,3-Zoll-Retina-Display mit True Tone-Technologie. <\/span><\/li>\n<li class=\"a-spacing-mini\"><span class=\"a-list-item\">Intel Iris Plus Grafik. <\/span><\/li>\n<li class=\"a-spacing-mini\"><span class=\"a-list-item\">Intel Core i3 Prozessor der zehnten Generation. <\/span><\/li>\n<li class=\"a-spacing-mini\"><span class=\"a-list-item\">Hintergrundbeleuchtete Magic Keyboard und Touch ID. <\/span><\/li>\n<li class=\"a-spacing-mini\"><span class=\"a-list-item\">Schneller SSD-Speicher. <\/span><\/li>\n<\/ul>\n","protected":false},"featured_media":9824,"comment_status":"open","ping_status":"closed","template":"","meta":{"_et_pb_use_builder":"","_et_pb_old_content":"","_et_gb_content_width":""},"product_brand":[],"product_cat":[1562,1574],"product_tag":[],"class_list":{"0":"post-9825","1":"product","2":"type-product","3":"status-publish","4":"has-post-thumbnail","6":"product_cat-bueroelektronik","7":"product_cat-generalueberholtes-tablet-laptop","9":"first","10":"instock","11":"taxable","12":"shipping-taxable","13":"purchasable","14":"product-type-simple"},"exclude_global_add_ons":[],"addons":[],"jetpack-related-posts":[{"id":9708,"url":"https:\/\/anythingtechnicallc.com\/index.php\/de\/product\/apple-2018-macbook-air-mit-16ghz-intel-core-i5-13-zoll-8gb-ram-128gb-ssd-speicher-silber-erneuert\/","url_meta":{"origin":9825,"position":0},"title":"Apple 2018 MacBook Air mit 1,6GHz Intel Core i5, 13 Zoll, 8GB RAM, 128GB SSD Speicher &#8211; Silber (Erneuert)","date":"March 24, 2026","format":false,"excerpt":"Atemberaubendes 13,3-Zoll-Retina-Display. Touch ID und die neueste von Apple entworfene Tastatur. Dual-Core Intel Core i5 Prozessor der 8. Generation mit Intel UHD Graphics 617. Schneller SSD-Speicher und 8 GB Arbeitsspeicher. Stereolautsprecher mit breiterem Stereoklang.","rel":"","context":"Similar post","img":{"alt_text":"","src":"https:\/\/i0.wp.com\/anythingtechnicallc.com\/wp-content\/uploads\/2026\/02\/Apple-2018-MacBook-Air.jpg?fit=900%2C1200&ssl=1&resize=350%2C200","width":350,"height":200},"classes":[]},{"id":9705,"url":"https:\/\/anythingtechnicallc.com\/index.php\/de\/product\/apple-2017-macbook-air-mit-1-8ghz-core-i5-cpu-13-zoll-8gb-ram-128-gb-speicher-silber-erneuert\/","url_meta":{"origin":9825,"position":1},"title":"Apple 2017 MacBook Air mit 1.8GHz Core i5 CPU 13 Zoll 8GB RAM 128 GB Speicher Silber (Erneuert)","date":"March 24, 2026","format":false,"excerpt":"1,8 GHz Dual-Core Intel Core i5 Prozessor (Turbo Boost bis zu 2,7 GHz) mit 3 MB gemeinsamem L3-Cache. 8 GB 1600 MHz LPDDR3 RAM; 128 GB PCIe-basierter Flash-Speicher. Intel HD Graphics 6000; 13,3\" Bildschirm mit einer Aufl\u00f6sung von 1440x900; bis zu 12 Stunden Akkulaufzeit.","rel":"","context":"Similar post","img":{"alt_text":"","src":"https:\/\/i0.wp.com\/anythingtechnicallc.com\/wp-content\/uploads\/2026\/02\/Apple-2017-MacBook-Air.jpg?fit=1200%2C675&ssl=1&resize=350%2C200","width":350,"height":200},"classes":[]},{"id":9152,"url":"https:\/\/anythingtechnicallc.com\/index.php\/de\/product\/apple-macbook-pro-13-zoll-23ghz-core-i5-256gb-space-grau-2017-erneuert\/","url_meta":{"origin":9825,"position":2},"title":"Apple MacBook Pro 13 Zoll 2,3GHz Core i5, 256GB &#8211; Space Grau &#8211; 2017 (Erneuert)","date":"March 19, 2026","format":false,"excerpt":"Marke Apfel Modell Name MacBook Pro Bildschirmgr\u00f6\u00dfe 13 Zoll Farbe Space Grau Festplattengr\u00f6\u00dfe 256 GB CPU-Modell Kern i5 Installierter Ram-Speicher Gr\u00f6\u00dfe 8 GB Betriebssystem Mac OS Besonderes Merkmal 500 nits Helligkeit, Retina Display, 3.5mm Kopfh\u00f6reranschluss, Stereo-Lautsprecher, Force Touch Trackpad, Beschreibung der Grafikkarte Intel Iris Plus Grafik 640, integriert","rel":"","context":"Similar post","img":{"alt_text":"","src":"https:\/\/i0.wp.com\/anythingtechnicallc.com\/wp-content\/uploads\/2025\/02\/71uQHOdVOOL._AC_SL1362_.jpg?fit=1200%2C803&ssl=1&resize=350%2C200","width":350,"height":200},"classes":[]},{"id":9155,"url":"https:\/\/anythingtechnicallc.com\/index.php\/de\/product\/microsoft-surface-pro-7-123-zoll-touchscreen-intel-i5-1035g4-8gb-ram-256gb-ssd-erneuert\/","url_meta":{"origin":9825,"position":3},"title":"Microsoft Surface Pro 7 12,3 Zoll Touchscreen Intel i5-1035G4 8GB RAM 256GB SSD (Erneuert)","date":"March 19, 2026","format":false,"excerpt":"Intel Core i5-1035G4 Prozessor der 10. Generation: Intelligente Vierkern- und Achtfach-Verarbeitungsleistung. Die Intel Turbo Boost Technologie liefert dynamische Extra-Power, wenn Sie sie brauchen, und erh\u00f6ht die Energieeffizienz, wenn Sie sie nicht brauchen. 12,3\" Bildschirm mit einer Aufl\u00f6sung von 2736 x 1824: Klare, helle Aufl\u00f6sung zum Ansehen von Filmen, Surfen im\u2026","rel":"","context":"Similar post","img":{"alt_text":"","src":"https:\/\/i0.wp.com\/anythingtechnicallc.com\/wp-content\/uploads\/2025\/02\/51d7wx7kBL._AC_SL1500_.jpg?fit=1200%2C486&ssl=1&resize=350%2C200","width":350,"height":200},"classes":[]},{"id":9828,"url":"https:\/\/anythingtechnicallc.com\/index.php\/de\/product\/apple-macbook-pro-2020-mit-apple-m1-chip-13-zoll-8gb-ram-256gb-ssd-speicher-space-grau-erneuert\/","url_meta":{"origin":9825,"position":4},"title":"Apple MacBook Pro 2020 mit Apple M1 Chip (13 Zoll, 8GB RAM, 256GB SSD Speicher) Space Grau (Erneuert)","date":"April 8, 2026","format":false,"excerpt":"Von Apple entwickelter M1-Chip f\u00fcr einen gewaltigen Leistungssprung bei CPU, GPU und maschinellem Lernen - Bis zu 20 Stunden Batterielaufzeit. 8-Kern-CPU liefert bis zu 2,8x schnellere Leistung - 8-Kern-GPU mit bis zu 5x schnellerer Grafik. 13,3-Zoll-Retina-Display mit 500 nits Helligkeit f\u00fcr leuchtende Farben und unglaubliche Bilddetails. Neural Engine mit 16\u2026","rel":"","context":"Similar post","img":{"alt_text":"","src":"https:\/\/i0.wp.com\/anythingtechnicallc.com\/wp-content\/uploads\/2026\/03\/Apple-MacBook-Pro-2020-with-Apple-M1.jpg?fit=900%2C1200&ssl=1&resize=350%2C200","width":350,"height":200},"classes":[]},{"id":9702,"url":"https:\/\/anythingtechnicallc.com\/index.php\/de\/product\/gebrauchter-microsoft-surface-pro-5-tablet-pc-123-touchscreen-2736-x-1824-tablet-intel-core-i5-7300u-26ghz-35ghz-8gb-ddr4-ram-256gb-ssd-keine-tastatur-kamera-windows-11-pro\/","url_meta":{"origin":9825,"position":5},"title":"Gebrauchter Microsoft Surface Pro 5 Tablet PC, 12,3&#8243; Touchscreen (2736 X 1824) Tablet, Intel Core i5-7300U 2,6GHz-3,5GHz, 8GB DDR4 RAM, 256GB SSD, Keine Tastatur, Kamera, Windows 11 Pro","date":"March 24, 2026","format":false,"excerpt":"Laptop Gr\u00f6\u00dfe: Dieses GEBRAUCHTE wie NEUE Microsoft Surface Pro 5 Tablet, hat eine Bildschirmgr\u00f6\u00dfe von 12,3 \" und ein Touch-Display. Der entspiegelte Bildschirm mit 2736 x 1824 Pixeln reduziert die Erm\u00fcdung bei der Benutzung und erm\u00f6glicht es Ihnen, sich auf die Arbeit zu konzentrieren. Mit seinem geringen Gewicht ist dieser\u2026","rel":"","context":"Similar post","img":{"alt_text":"","src":"https:\/\/i0.wp.com\/anythingtechnicallc.com\/wp-content\/uploads\/2026\/02\/Surface-Pro5-i5-7300U-8G-256.jpg?fit=1200%2C900&ssl=1&resize=350%2C200","width":350,"height":200},"classes":[]}],"pll_sync_post":[],"lang":"de","translations":{"de":9825,"en":8769},"_links":{"self":[{"href":"https:\/\/anythingtechnicallc.com\/index.php\/wp-json\/wp\/v2\/product\/9825","targetHints":{"allow":["GET"]}}],"collection":[{"href":"https:\/\/anythingtechnicallc.com\/index.php\/wp-json\/wp\/v2\/product"}],"about":[{"href":"https:\/\/anythingtechnicallc.com\/index.php\/wp-json\/wp\/v2\/types\/product"}],"replies":[{"embeddable":true,"href":"https:\/\/anythingtechnicallc.com\/index.php\/wp-json\/wp\/v2\/comments?post=9825"}],"wp:featuredmedia":[{"embeddable":true,"href":"https:\/\/anythingtechnicallc.com\/index.php\/wp-json\/wp\/v2\/media\/9824"}],"wp:attachment":[{"href":"https:\/\/anythingtechnicallc.com\/index.php\/wp-json\/wp\/v2\/media?parent=9825"}],"wp:term":[{"taxonomy":"product_brand","embeddable":true,"href":"https:\/\/anythingtechnicallc.com\/index.php\/wp-json\/wp\/v2\/product_brand?post=9825"},{"taxonomy":"product_cat","embeddable":true,"href":"https:\/\/anythingtechnicallc.com\/index.php\/wp-json\/wp\/v2\/product_cat?post=9825"},{"taxonomy":"product_tag","embeddable":true,"href":"https:\/\/anythingtechnicallc.com\/index.php\/wp-json\/wp\/v2\/product_tag?post=9825"}],"curies":[{"name":"wp","href":"https:\/\/api.w.org\/{rel}","templated":true}]}}