{"id":9831,"date":"2026-04-08T13:12:29","date_gmt":"2026-04-08T13:12:29","guid":{"rendered":"https:\/\/anythingtechnicallc.com\/?post_type=product&#038;p=9831"},"modified":"2026-04-08T13:12:29","modified_gmt":"2026-04-08T13:12:29","slug":"apple-ipad-11-zoll-a16-chip-11-zoll-modell-liquid-retina-display-128gb-wi-fi-6-12mp-front-12mp-rueckkamera-touch-id-ganztaegige-batterielaufzeit-blau","status":"publish","type":"product","link":"https:\/\/anythingtechnicallc.com\/index.php\/de\/product\/apple-ipad-11-zoll-a16-chip-11-zoll-modell-liquid-retina-display-128gb-wi-fi-6-12mp-front-12mp-rueckkamera-touch-id-ganztaegige-batterielaufzeit-blau\/","title":{"rendered":"Apple iPad 11-Zoll: A16 Chip, 11-Zoll Modell, Liquid Retina Display, 128GB, Wi-Fi 6, 12MP Front-\/12MP R\u00fcckkamera, Touch ID, Ganzt\u00e4gige Batterielaufzeit &#8211; Blau"},"content":{"rendered":"<ul class=\"a-unordered-list a-vertical a-spacing-mini\">\n<li class=\"a-spacing-mini\"><span class=\"a-list-item\">WARUM IPAD &#8211; Das 11-Zoll-iPad ist jetzt leistungsf\u00e4higer denn je mit dem superschnellen A16-Chip, einem atemberaubenden Liquid Retina-Display, fortschrittlichen Kameras, schnellem Wi-Fi, USB-C-Anschluss und vier pr\u00e4chtigen Farben.* Das iPad bietet eine leistungsstarke M\u00f6glichkeit, zu kreieren, in Verbindung zu bleiben und Dinge zu erledigen. <\/span><\/li>\n<li class=\"a-spacing-mini\"><span class=\"a-list-item\">LEISTUNG UND SPEICHER &#8211; Der superschnelle A16 Chip liefert einen Leistungsschub f\u00fcr Ihre Lieblingsaktivit\u00e4ten. Und mit einer ganzt\u00e4gigen Batterielaufzeit eignet sich das iPad perfekt f\u00fcr fesselnde Spiele und die Bearbeitung von Fotos und Videos.* Der Speicherplatz beginnt bei 128 GB und reicht bis zu 512 GB.* <\/span><\/li>\n<li class=\"a-spacing-mini\"><span class=\"a-list-item\">11-ZOLL-LIQUID-RETINA-DISPLAY &#8211; Auf dem wundersch\u00f6nen Liquid-Retina-Display k\u00f6nnen Sie Filme ansehen oder Ihr n\u00e4chstes Meisterwerk malen.* True Tone passt das Display an die Farbtemperatur des Raums an, damit Sie es bei jedem Licht bequem betrachten k\u00f6nnen. <\/span><\/li>\n<li class=\"a-spacing-mini\"><span class=\"a-list-item\">IPADOS + APPS &#8211; iPadOS macht das iPad noch produktiver, intuitiver und vielseitiger. Mit iPadOS k\u00f6nnen Sie mehrere Apps gleichzeitig ausf\u00fchren, den Apple Pencil verwenden, um mit Scribble in jedes Textfeld zu schreiben, und Fotos bearbeiten und weitergeben.* Das iPad wird mit unverzichtbaren Apps wie Safari, Messages und Keynote ausgeliefert, und \u00fcber eine Million weiterer speziell f\u00fcr das iPad entwickelter Apps sind im App Store erh\u00e4ltlich. <\/span><\/li>\n<li class=\"a-spacing-mini\"><span class=\"a-list-item\">SCHNELLE WI-FI-ANSCHLUSSF\u00c4HIGKEIT &#8211; Wi-Fi 6 bietet Ihnen schnellen Zugriff auf Ihre Dateien, Up- und Downloads und erm\u00f6glicht Ihnen das nahtlose Streamen Ihrer Lieblingssendungen. <\/span><\/li>\n<li class=\"a-spacing-mini\"><span class=\"a-list-item\">APPLE PENCIL UND MAGIC KEYBOARD FOLIO &#8211; Mit dem Apple Pencil (USB-C) verwandelt sich das iPad in eine Leinwand zum Zeichnen und das beste Ger\u00e4t f\u00fcr Notizen.* Das Magic Keyboard Folio bietet ein vielseitiges zweiteiliges Design mit einer abnehmbaren Tastatur und einer sch\u00fctzenden R\u00fcckseite, die beide magnetisch am iPad befestigt werden k\u00f6nnen.* Der Apple Pencil (1. Generation) ist ebenfalls mit dem iPad kompatibel.* <\/span><\/li>\n<li class=\"a-spacing-mini\"><span class=\"a-list-item\">ENTRIEGELN UND BEZAHLEN MIT TOUCH ID &#8211; Touch ID ist in die obere Taste integriert, so dass Sie Ihr iPad mit Ihrem Fingerabdruck entsperren, sich bei Apps anmelden und sicher mit Apple Pay bezahlen k\u00f6nnen. <\/span><\/li>\n<\/ul>\n<div class=\"a-row a-expander-container a-expander-inline-container\">\n<div class=\"a-expander-content a-expander-extend-content a-expander-content-expanded\" data-expanded=\"true\">\n<ul class=\"a-unordered-list a-vertical a-spacing-none\">\n<li class=\"a-spacing-mini\"><span class=\"a-list-item\">FORTGESCHRITTENE KAMERAS &#8211; Das iPad verf\u00fcgt \u00fcber eine 12MP Center Stage Frontkamera, die perfekt f\u00fcr Videotelefonate und Selfies ist. Die 12MP Wide Kamera auf der R\u00fcckseite mit True Tone Blitz ist perfekt f\u00fcr das Scannen von Dokumenten und die Aufnahme von Fotos und 4K Videos. <\/span><\/li>\n<\/ul>\n<\/div>\n<\/div>\n","protected":false},"excerpt":{"rendered":"<ul class=\"a-unordered-list a-vertical a-spacing-mini\">\n<li class=\"a-spacing-mini\"><span class=\"a-list-item\">WARUM IPAD &#8211; Das 11-Zoll-iPad ist jetzt leistungsf\u00e4higer denn je mit dem superschnellen A16-Chip, einem atemberaubenden Liquid Retina-Display, fortschrittlichen Kameras, schnellem Wi-Fi, USB-C-Anschluss und vier pr\u00e4chtigen Farben.* Das iPad bietet eine leistungsstarke M\u00f6glichkeit, zu kreieren, in Verbindung zu bleiben und Dinge zu erledigen. <\/span><\/li>\n<li class=\"a-spacing-mini\"><span class=\"a-list-item\">LEISTUNG UND SPEICHER &#8211; Der superschnelle A16 Chip liefert einen Leistungsschub f\u00fcr Ihre Lieblingsaktivit\u00e4ten. Und mit einer ganzt\u00e4gigen Batterielaufzeit eignet sich das iPad perfekt f\u00fcr fesselnde Spiele und die Bearbeitung von Fotos und Videos.* Der Speicherplatz beginnt bei 128 GB und reicht bis zu 512 GB.* <\/span><\/li>\n<li class=\"a-spacing-mini\"><span class=\"a-list-item\">11-ZOLL-LIQUID-RETINA-DISPLAY &#8211; Auf dem wundersch\u00f6nen Liquid-Retina-Display k\u00f6nnen Sie Filme ansehen oder Ihr n\u00e4chstes Meisterwerk zeichnen.* True Tone passt das Display an die Farbtemperatur des Raums an, damit Sie es bei jedem Licht bequem betrachten k\u00f6nnen. <\/span><\/li>\n<li class=\"a-spacing-mini\"><span class=\"a-list-item\">IPADOS + APPS &#8211; iPadOS macht das iPad noch produktiver, intuitiver und vielseitiger. Mit iPadOS k\u00f6nnen Sie mehrere Apps gleichzeitig ausf\u00fchren, den Apple Pencil verwenden, um mit Scribble in jedes Textfeld zu schreiben, und Fotos bearbeiten und weitergeben.* Das iPad wird mit unverzichtbaren Apps wie Safari, Messages und Keynote ausgeliefert, und \u00fcber eine Million weiterer speziell f\u00fcr das iPad entwickelter Apps sind im App Store erh\u00e4ltlich. <\/span><\/li>\n<li class=\"a-spacing-mini\"><span class=\"a-list-item\">SCHNELLE WI-FI-ANSCHLUSSF\u00c4HIGKEIT &#8211; Wi-Fi 6 bietet Ihnen schnellen Zugriff auf Ihre Dateien, Up- und Downloads und erm\u00f6glicht Ihnen das nahtlose Streamen Ihrer Lieblingssendungen. <\/span><\/li>\n<li class=\"a-spacing-mini\"><span class=\"a-list-item\">APPLE PENCIL UND MAGIC KEYBOARD FOLIO &#8211; Mit dem Apple Pencil (USB-C) verwandelt sich das iPad in eine Leinwand zum Zeichnen und das beste Ger\u00e4t f\u00fcr Notizen.* Das Magic Keyboard Folio bietet ein vielseitiges zweiteiliges Design mit einer abnehmbaren Tastatur und einer sch\u00fctzenden R\u00fcckseite, die beide magnetisch am iPad befestigt werden k\u00f6nnen.* Der Apple Pencil (1. Generation) ist ebenfalls mit dem iPad kompatibel.* <\/span><\/li>\n<li class=\"a-spacing-mini\"><span class=\"a-list-item\">ENTRIEGELN UND BEZAHLEN MIT TOUCH ID &#8211; Touch ID ist in die obere Taste integriert, so dass Sie Ihr iPad mit Ihrem Fingerabdruck entsperren, sich bei Apps anmelden und sicher mit Apple Pay bezahlen k\u00f6nnen. <\/span><\/li>\n<\/ul>\n<div class=\"a-row a-expander-container a-expander-inline-container\">\n<div class=\"a-expander-content a-expander-extend-content a-expander-content-expanded\" data-expanded=\"true\">\n<ul class=\"a-unordered-list a-vertical a-spacing-none\">\n<li class=\"a-spacing-mini\"><span class=\"a-list-item\">FORTGESCHRITTENE KAMERAS &#8211; Das iPad verf\u00fcgt \u00fcber eine 12MP Center Stage Frontkamera, die perfekt f\u00fcr Videotelefonate und Selfies ist. Die 12MP Wide Kamera auf der R\u00fcckseite mit True Tone Blitz ist perfekt f\u00fcr das Scannen von Dokumenten und die Aufnahme von Fotos und 4K Videos. <\/span><\/li>\n<\/ul>\n<\/div>\n<\/div>\n","protected":false},"featured_media":9830,"comment_status":"open","ping_status":"closed","template":"","meta":{"_et_pb_use_builder":"","_et_pb_old_content":"","_et_gb_content_width":""},"product_brand":[],"product_cat":[1574],"product_tag":[],"class_list":{"0":"post-9831","1":"product","2":"type-product","3":"status-publish","4":"has-post-thumbnail","6":"product_cat-generalueberholtes-tablet-laptop","8":"first","9":"instock","10":"sale","11":"taxable","12":"shipping-taxable","13":"purchasable","14":"product-type-simple"},"exclude_global_add_ons":[],"addons":[],"jetpack-related-posts":[{"id":9340,"url":"https:\/\/anythingtechnicallc.com\/index.php\/de\/product\/gebrauchtes-apple-2019-ipad-air-3-generation-105-zoll-wifi-64gb-silber\/","url_meta":{"origin":9831,"position":0},"title":"Gebrauchtes Apple 2019 iPad Air 3. Generation (10,5 Zoll, WiFi, 64GB) &#8211; Silber","date":"March 19, 2026","format":false,"excerpt":"10,5-Zoll-Retina-Display mit True Tone und breiten Farben. A12 Bionic Chip. Touch ID Fingerabdrucksensor und Apple Pay. 8MP Kamera auf der R\u00fcckseite, 7MP FaceTime HD Frontkamera. Stereo-Lautsprecher. 802.11ac Wi-Fi. Bis zu 10 Stunden Akkulaufzeit. Lightning-Anschluss zum Aufladen und f\u00fcr Zubeh\u00f6r. IOS mit FaceTime f\u00fcr Gruppen, gemeinsamen Augmented Reality Erlebnissen, Bildschirmzeit und\u2026","rel":"","context":"Similar post","img":{"alt_text":"","src":"https:\/\/i0.wp.com\/anythingtechnicallc.com\/wp-content\/uploads\/2025\/07\/617QFmtXctL._AC_SL1500_.jpg?fit=1027%2C1200&ssl=1&resize=350%2C200","width":350,"height":200},"classes":[]},{"id":9828,"url":"https:\/\/anythingtechnicallc.com\/index.php\/de\/product\/apple-macbook-pro-2020-mit-apple-m1-chip-13-zoll-8gb-ram-256gb-ssd-speicher-space-grau-erneuert\/","url_meta":{"origin":9831,"position":1},"title":"Apple MacBook Pro 2020 mit Apple M1 Chip (13 Zoll, 8GB RAM, 256GB SSD Speicher) Space Grau (Erneuert)","date":"April 8, 2026","format":false,"excerpt":"Von Apple entwickelter M1-Chip f\u00fcr einen gewaltigen Leistungssprung bei CPU, GPU und maschinellem Lernen - Bis zu 20 Stunden Batterielaufzeit. 8-Kern-CPU liefert bis zu 2,8x schnellere Leistung - 8-Kern-GPU mit bis zu 5x schnellerer Grafik. 13,3-Zoll-Retina-Display mit 500 nits Helligkeit f\u00fcr leuchtende Farben und unglaubliche Bilddetails. Neural Engine mit 16\u2026","rel":"","context":"Similar post","img":{"alt_text":"","src":"https:\/\/i0.wp.com\/anythingtechnicallc.com\/wp-content\/uploads\/2026\/03\/Apple-MacBook-Pro-2020-with-Apple-M1.jpg?fit=900%2C1200&ssl=1&resize=350%2C200","width":350,"height":200},"classes":[]},{"id":9337,"url":"https:\/\/anythingtechnicallc.com\/index.php\/de\/product\/gebrauchtes-apple-ipad-5-generation-wi-fi-64gb-space-grau\/","url_meta":{"origin":9831,"position":2},"title":"Gebrauchtes Apple iPad (5. Generation) Wi-Fi, 64GB &#8211; Space Grau","date":"March 19, 2026","format":false,"excerpt":"Betriebssystem IOS 11; A9 Chip mit 64-Bit-Architektur und eingebettetem M9 Coprozessor. 9,7 Zoll (Diagonale) Multi-Touch Retina Display mit LED-Hintergrundbeleuchtung und IPS-Technologie (Aufl\u00f6sung 2048 x 1536 bei 264 ppi) mit fingerabdruckresistenter, oleophober Beschichtung. 8-Megapixel-Kamera mit Autofokus, r\u00fcckseitiger Beleuchtung und Panorama (bis zu 43 MP). Wi-Fi und Bluetooth 4.2 Technologie, FaceTime HD\u2026","rel":"","context":"Similar post","img":{"alt_text":"","src":"https:\/\/i0.wp.com\/anythingtechnicallc.com\/wp-content\/uploads\/2025\/07\/61tXGDBq-VL._AC_SL1000_.jpg?fit=705%2C1000&ssl=1&resize=350%2C200","width":350,"height":200},"classes":[]},{"id":9708,"url":"https:\/\/anythingtechnicallc.com\/index.php\/de\/product\/apple-2018-macbook-air-mit-16ghz-intel-core-i5-13-zoll-8gb-ram-128gb-ssd-speicher-silber-erneuert\/","url_meta":{"origin":9831,"position":3},"title":"Apple 2018 MacBook Air mit 1,6GHz Intel Core i5, 13 Zoll, 8GB RAM, 128GB SSD Speicher &#8211; Silber (Erneuert)","date":"March 24, 2026","format":false,"excerpt":"Atemberaubendes 13,3-Zoll-Retina-Display. Touch ID und die neueste von Apple entworfene Tastatur. Dual-Core Intel Core i5 Prozessor der 8. Generation mit Intel UHD Graphics 617. Schneller SSD-Speicher und 8 GB Arbeitsspeicher. Stereolautsprecher mit breiterem Stereoklang.","rel":"","context":"Similar post","img":{"alt_text":"","src":"https:\/\/i0.wp.com\/anythingtechnicallc.com\/wp-content\/uploads\/2026\/02\/Apple-2018-MacBook-Air.jpg?fit=900%2C1200&ssl=1&resize=350%2C200","width":350,"height":200},"classes":[]},{"id":9152,"url":"https:\/\/anythingtechnicallc.com\/index.php\/de\/product\/apple-macbook-pro-13-zoll-23ghz-core-i5-256gb-space-grau-2017-erneuert\/","url_meta":{"origin":9831,"position":4},"title":"Apple MacBook Pro 13 Zoll 2,3GHz Core i5, 256GB &#8211; Space Grau &#8211; 2017 (Erneuert)","date":"March 19, 2026","format":false,"excerpt":"Marke Apfel Modell Name MacBook Pro Bildschirmgr\u00f6\u00dfe 13 Zoll Farbe Space Grau Festplattengr\u00f6\u00dfe 256 GB CPU-Modell Kern i5 Installierter Ram-Speicher Gr\u00f6\u00dfe 8 GB Betriebssystem Mac OS Besonderes Merkmal 500 nits Helligkeit, Retina Display, 3.5mm Kopfh\u00f6reranschluss, Stereo-Lautsprecher, Force Touch Trackpad, Beschreibung der Grafikkarte Intel Iris Plus Grafik 640, integriert","rel":"","context":"Similar post","img":{"alt_text":"","src":"https:\/\/i0.wp.com\/anythingtechnicallc.com\/wp-content\/uploads\/2025\/02\/71uQHOdVOOL._AC_SL1362_.jpg?fit=1200%2C803&ssl=1&resize=350%2C200","width":350,"height":200},"classes":[]},{"id":9825,"url":"https:\/\/anythingtechnicallc.com\/index.php\/de\/product\/apple-early-2020-macbook-air-mit-1-1ghz-intel-core-i3-13-zoll-8gb-ram-256gb-ssd-speicher-space-grau-erneuert\/","url_meta":{"origin":9831,"position":5},"title":"Apple Early 2020 MacBook Air mit 1.1GHz Intel Core i3 13-Zoll 8GB RAM 256GB SSD Speicher Space Grau (Erneuert)","date":"April 8, 2026","format":false,"excerpt":"Atemberaubendes 13,3-Zoll-Retina-Display mit True Tone-Technologie. Intel Iris Plus Grafik. Intel Core i3 Prozessor der zehnten Generation. Hintergrundbeleuchtete Magic Keyboard und Touch ID. Schneller SSD-Speicher.","rel":"","context":"Similar post","img":{"alt_text":"","src":"https:\/\/i0.wp.com\/anythingtechnicallc.com\/wp-content\/uploads\/2026\/03\/Early-2020-MacBook-Air-with-1.1GHz-Intel-Core-i3.jpg?fit=900%2C1200&ssl=1&resize=350%2C200","width":350,"height":200},"classes":[]}],"pll_sync_post":[],"lang":"de","translations":{"de":9831,"en":8773},"_links":{"self":[{"href":"https:\/\/anythingtechnicallc.com\/index.php\/wp-json\/wp\/v2\/product\/9831","targetHints":{"allow":["GET"]}}],"collection":[{"href":"https:\/\/anythingtechnicallc.com\/index.php\/wp-json\/wp\/v2\/product"}],"about":[{"href":"https:\/\/anythingtechnicallc.com\/index.php\/wp-json\/wp\/v2\/types\/product"}],"replies":[{"embeddable":true,"href":"https:\/\/anythingtechnicallc.com\/index.php\/wp-json\/wp\/v2\/comments?post=9831"}],"wp:featuredmedia":[{"embeddable":true,"href":"https:\/\/anythingtechnicallc.com\/index.php\/wp-json\/wp\/v2\/media\/9830"}],"wp:attachment":[{"href":"https:\/\/anythingtechnicallc.com\/index.php\/wp-json\/wp\/v2\/media?parent=9831"}],"wp:term":[{"taxonomy":"product_brand","embeddable":true,"href":"https:\/\/anythingtechnicallc.com\/index.php\/wp-json\/wp\/v2\/product_brand?post=9831"},{"taxonomy":"product_cat","embeddable":true,"href":"https:\/\/anythingtechnicallc.com\/index.php\/wp-json\/wp\/v2\/product_cat?post=9831"},{"taxonomy":"product_tag","embeddable":true,"href":"https:\/\/anythingtechnicallc.com\/index.php\/wp-json\/wp\/v2\/product_tag?post=9831"}],"curies":[{"name":"wp","href":"https:\/\/api.w.org\/{rel}","templated":true}]}}