{"id":9837,"date":"2026-04-08T13:15:40","date_gmt":"2026-04-08T13:15:40","guid":{"rendered":"https:\/\/anythingtechnicallc.com\/?post_type=product&#038;p=9837"},"modified":"2026-04-08T13:15:40","modified_gmt":"2026-04-08T13:15:40","slug":"shokz-new-openrun-pro-2-knochenleitungs-kopfhoerer-offene-bluetooth-sport-kopfhoerer-fuer-laufen-training-schweissresistent-sicherer-komfortabler-sitz-tiefe-baesse-intelligentes-mikrofon-re","status":"publish","type":"product","link":"https:\/\/anythingtechnicallc.com\/index.php\/de\/product\/shokz-new-openrun-pro-2-knochenleitungs-kopfhoerer-offene-bluetooth-sport-kopfhoerer-fuer-laufen-training-schweissresistent-sicherer-komfortabler-sitz-tiefe-baesse-intelligentes-mikrofon-re\/","title":{"rendered":"SHOKZ New OpenRun Pro 2- Knochenleitungs-Kopfh\u00f6rer, offene Bluetooth-Sport-Kopfh\u00f6rer f\u00fcr Laufen, Training &#8211; schwei\u00dfresistent, sicherer, komfortabler Sitz &#8211; tiefe B\u00e4sse, intelligentes Mikrofon, Reflektorstreifen Schwarz"},"content":{"rendered":"<ul class=\"a-unordered-list a-vertical a-spacing-mini\">\n<li class=\"a-spacing-mini\"><span class=\"a-list-item\">Open-Ear Awareness &#8211; Das charakteristische offene Design von SHOKZ hilft Ihnen, Ihr Training durchzuziehen, w\u00e4hrend Sie Ihre Umgebung sicher wahrnehmen. Das auslaufsichere H\u00f6ren sorgt daf\u00fcr, dass Ihr Audio nur f\u00fcr Ihre Ohren bestimmt ist. <\/span><\/li>\n<li class=\"a-spacing-mini\"><span class=\"a-list-item\">Un\u00fcbertroffener Klang und Premium-Sound &#8211; Duale Treiber kombinieren die klaren H\u00f6hen der Bone Conduction Tech mit den tiefen B\u00e4ssen der Air Conduction Tech f\u00fcr 12 Stunden kraftvollen 3D-Klang &#8211; perfekt f\u00fcr musikalische Motivation beim Training und beim Laufen. <\/span><\/li>\n<li class=\"a-spacing-mini\"><span class=\"a-list-item\">Sicherer, stabiler und leichter Sitz &#8211; Das gewichtsoptimierte Design dieses Unibody-Rahmens integriert einen Erinnerungsdraht aus einer Ni-Ti-Legierung und ergonomische Ohrb\u00fcgel. Das Ergebnis ist ein sicherer, komfortabler Sitz, der selbst beim Sport oder Radfahren nicht verrutscht. <\/span><\/li>\n<li class=\"a-spacing-mini\"><span class=\"a-list-item\">Dedizierte EQ-Modi &#8211; Passen Sie Ihr Klangerlebnis mit unseren dedizierten EQ-Modi in der Shokz App an. Genie\u00dfen Sie reinen Knochenleitungssound mit dem neu eingef\u00fchrten Classic Mode oder verst\u00e4rken Sie Ihren Klang in lauten Umgebungen mit dem Volume Boost Mode. <\/span><\/li>\n<li class=\"a-spacing-mini\"><span class=\"a-list-item\">Kristallklare Anrufe &#8211; Strategisch positionierte, duale, windresistente Mikrofone und ein KI-Algorithmus zur Ger\u00e4uschunterdr\u00fcckung filtern 96,5 % der Hintergrundger\u00e4usche heraus, einschlie\u00dflich Wind bei Geschwindigkeiten von bis zu 15 Meilen pro Stunde. <\/span><\/li>\n<\/ul>\n","protected":false},"excerpt":{"rendered":"<ul class=\"a-unordered-list a-vertical a-spacing-mini\">\n<li class=\"a-spacing-mini\"><span class=\"a-list-item\">Open-Ear Awareness &#8211; Das charakteristische offene Design von SHOKZ hilft Ihnen, Ihr Training durchzuziehen, w\u00e4hrend Sie Ihre Umgebung sicher wahrnehmen. Das auslaufsichere H\u00f6ren sorgt daf\u00fcr, dass Ihr Audio nur f\u00fcr Ihre Ohren bestimmt ist. <\/span><\/li>\n<li class=\"a-spacing-mini\"><span class=\"a-list-item\">Un\u00fcbertroffener Klang und Premium-Sound &#8211; Duale Treiber kombinieren die klaren H\u00f6hen der Bone Conduction Tech mit den tiefen B\u00e4ssen der Air Conduction Tech f\u00fcr 12 Stunden kraftvollen 3D-Klang &#8211; perfekt f\u00fcr musikalische Motivation beim Training und beim Laufen. <\/span><\/li>\n<li class=\"a-spacing-mini\"><span class=\"a-list-item\">Sicherer, stabiler und leichter Sitz &#8211; Das gewichtsoptimierte Design dieses Unibody-Rahmens integriert einen Erinnerungsdraht aus einer Ni-Ti-Legierung und ergonomische Ohrb\u00fcgel. Das Ergebnis ist ein sicherer, komfortabler Sitz, der selbst beim Sport oder Radfahren nicht verrutscht. <\/span><\/li>\n<li class=\"a-spacing-mini\"><span class=\"a-list-item\">Dedizierte EQ-Modi &#8211; Passen Sie Ihr Klangerlebnis mit unseren dedizierten EQ-Modi in der Shokz App an. Genie\u00dfen Sie reinen Knochenleitungssound mit dem neu eingef\u00fchrten Classic Mode oder verst\u00e4rken Sie Ihren Klang in lauten Umgebungen mit dem Volume Boost Mode. <\/span><\/li>\n<li class=\"a-spacing-mini\"><span class=\"a-list-item\">Kristallklare Anrufe &#8211; Strategisch positionierte, duale, windresistente Mikrofone und ein KI-Algorithmus zur Ger\u00e4uschunterdr\u00fcckung filtern 96,5 % der Hintergrundger\u00e4usche heraus, einschlie\u00dflich Wind bei Geschwindigkeiten von bis zu 15 Meilen pro Stunde. <\/span><\/li>\n<\/ul>\n","protected":false},"featured_media":9836,"comment_status":"open","ping_status":"closed","template":"","meta":{"_et_pb_use_builder":"","_et_pb_old_content":"","_et_gb_content_width":""},"product_brand":[2305],"product_cat":[1578],"product_tag":[],"class_list":{"0":"post-9837","1":"product","2":"type-product","3":"status-publish","4":"has-post-thumbnail","6":"product_brand-shokz","7":"product_cat-headset","9":"first","10":"instock","11":"sale","12":"taxable","13":"shipping-taxable","14":"purchasable","15":"product-type-simple"},"exclude_global_add_ons":[],"addons":[],"jetpack-related-posts":[{"id":9840,"url":"https:\/\/anythingtechnicallc.com\/index.php\/de\/product\/shokz-new-openrun-pro-2-knochenleitungs-kopfhoerer-offene-bluetooth-sport-kopfhoerer-fuer-laufen-training-schweissresistent-sicherer-komfortabler-sitz-tiefe-baesse-intelligentes-mikrofon-re-2\/","url_meta":{"origin":9837,"position":0},"title":"SHOKZ New OpenRun Pro 2- Knochenleitungs-Kopfh\u00f6rer, offene Bluetooth-Sport-Kopfh\u00f6rer f\u00fcr Laufen, Training &#8211; schwei\u00dfresistent, sicherer, komfortabler Sitz &#8211; tiefe B\u00e4sse, intelligentes Mikrofon, Reflektorstreifen Orange","date":"April 8, 2026","format":false,"excerpt":"Open-Ear Awareness - Das charakteristische offene Design von SHOKZ hilft Ihnen, Ihr Training durchzuziehen, w\u00e4hrend Sie Ihre Umgebung sicher wahrnehmen. Durch das auslaufsichere Design ist sichergestellt, dass Ihr Audio nur f\u00fcr Ihre Ohren bestimmt ist. Un\u00fcbertroffener Klang und Premium-Sound - Duale Treiber kombinieren die klaren H\u00f6hen der Bone Conduction Tech\u2026","rel":"","context":"Similar post","img":{"alt_text":"","src":"https:\/\/i0.wp.com\/anythingtechnicallc.com\/wp-content\/uploads\/2026\/03\/41zy4MvQNiL._AC_SL1500_.jpg?fit=1123%2C518&ssl=1&resize=350%2C200","width":350,"height":200},"classes":[]},{"id":9834,"url":"https:\/\/anythingtechnicallc.com\/index.php\/de\/product\/shokz-openrun-pro-bone-conduction-kopfhoerer-offener-bluetooth-kopfhoerer-fuer-laufen-und-training-schweissresistent-lange-akkulaufzeit-premium-deep-bass-mikrofon-mit-haarband-schwarz\/","url_meta":{"origin":9837,"position":1},"title":"SHOKZ OpenRun Pro-Bone Conduction Kopfh\u00f6rer, Offener Bluetooth-Kopfh\u00f6rer f\u00fcr Laufen und Training, schwei\u00dfresistent, lange Akkulaufzeit, Premium Deep Bass, Mikrofon, mit Haarband, Schwarz","date":"April 8, 2026","format":false,"excerpt":"Open-Ear-Komfort - Der OpenRun Pro bietet unsere bisher beste Passform. Vermeiden Sie die Unannehmlichkeiten von In-Ear-Kopfh\u00f6rern mit unserem knopflosen Design. Diese Kopfh\u00f6rer bleiben bei jedem Workout an Ort und Stelle. Inklusive Shokz-Stirnband. Sicherheit und Verbindung - OpenRun Pro sorgt daf\u00fcr, dass Sie Ihre Lieblingsmusik genie\u00dfen k\u00f6nnen, ohne Ihre Umgebung zu\u2026","rel":"","context":"Similar post","img":{"alt_text":"","src":"https:\/\/i0.wp.com\/anythingtechnicallc.com\/wp-content\/uploads\/2026\/03\/41HKPiu-O-L._AC_SL1500_.jpg?fit=1114%2C499&ssl=1&resize=350%2C200","width":350,"height":200},"classes":[]},{"id":9843,"url":"https:\/\/anythingtechnicallc.com\/index.php\/de\/product\/shokz-openrun-bone-conduction-headphones-offene-bluetooth-kopfhoerer-fuer-laufen-und-training-schweissresistent-lange-spielzeit-von-8-stunden-mikrofon-haarband-standard-schwarz\/","url_meta":{"origin":9837,"position":2},"title":"SHOKZ OpenRun Bone Conduction Headphones, Offene Bluetooth-Kopfh\u00f6rer f\u00fcr Laufen und Training, schwei\u00dfresistent, lange Spielzeit von 8 Stunden, Mikrofon, Haarband-Standard-Schwarz","date":"April 8, 2026","format":false,"excerpt":"Open-Ear-Komfort - Das innovative Design des OpenRun bietet einen federleichten, umlaufenden Rahmen und einen kabellosen, offenen Sitz f\u00fcr bequemes H\u00f6ren ohne Ohrst\u00f6psel. Inklusive Shokz-Kopfband. Sicherheit und Verbindung - Bleiben Sie mit unserer Knochenleitungstechnologie der 8. Generation bei jedem Training aufmerksam und motiviert. OpenRun liefert hochwertigen Klang und l\u00e4sst Ihr Trommelfell\u2026","rel":"","context":"Similar post","img":{"alt_text":"","src":"https:\/\/i0.wp.com\/anythingtechnicallc.com\/wp-content\/uploads\/2026\/03\/41BJP39NtLL._AC_SL1500_.jpg?fit=1123%2C502&ssl=1&resize=350%2C200","width":350,"height":200},"classes":[]},{"id":9858,"url":"https:\/\/anythingtechnicallc.com\/index.php\/de\/product\/shokz-openmove-offene-bluetooth-sport-kopfhoerer-kabellose-kopfhoerer-mit-knochenleitung-schweissfest-zum-laufen-und-trainieren-mit-sticker-pack-grau\/","url_meta":{"origin":9837,"position":3},"title":"SHOKZ OpenMove &#8211; Offene Bluetooth-Sport-Kopfh\u00f6rer, kabellose Kopfh\u00f6rer mit Knochenleitung, schwei\u00dffest zum Laufen und Trainieren, mit Sticker-Pack, grau","date":"April 8, 2026","format":false,"excerpt":"Offene Kopfh\u00f6rer - Erleben Sie un\u00fcbertroffenen Komfort mit unserem leichten, sicher sitzenden und ohrst\u00f6pselfreien Design f\u00fcr ganzt\u00e4giges H\u00f6ren ohne Erm\u00fcdung der Ohren. (Rebranded Version von AfterShokz OpenMove). Sicherer Sitz - Vom leichten Joggen bis zum t\u00e4glichen Pendeln - ein umlaufender Titanrahmen sorgt daf\u00fcr, dass Ihre Knochenleitungs-Kopfh\u00f6rer bei einer Reihe von\u2026","rel":"","context":"Similar post","img":{"alt_text":"","src":"https:\/\/i0.wp.com\/anythingtechnicallc.com\/wp-content\/uploads\/2026\/03\/514DHeZb-UL._AC_SL1500_.jpg?fit=1200%2C664&ssl=1&resize=350%2C200","width":350,"height":200},"classes":[]},{"id":9849,"url":"https:\/\/anythingtechnicallc.com\/index.php\/de\/product\/shokz-new-openfit-2-open-ear-headphones-dolby-audio-enabled-bequeme-ohrhoerer-mit-weichen-ohrbuegeln-48-stunden-spielzeit-ip55-wasserdicht-usb-c-schnellladung-drahtlose-aufladung-tragetasche\/","url_meta":{"origin":9837,"position":4},"title":"SHOKZ New OpenFit 2+ Open-Ear Headphones, Dolby Audio Enabled, bequeme Ohrh\u00f6rer mit weichen Ohrb\u00fcgeln, 48 Stunden Spielzeit, IP55 wasserdicht, USB-C Schnellladung, drahtlose Aufladung, Tragetasche, Grau","date":"April 8, 2026","format":false,"excerpt":"Detailreicher Klang, Dolby Audio Optimiert Mit Shokz DualBoost sorgt der OpenFit 2+ f\u00fcr helle H\u00f6hen und tiefe B\u00e4sse. Ein 17,3-mm-Tieft\u00f6ner sorgt f\u00fcr satte B\u00e4sse, w\u00e4hrend ein unabh\u00e4ngiger Hocht\u00f6ner knackige H\u00f6hen und unseren KI-Algorithmus OpenBass 2.0 hervorbringt. Aktivieren Sie Dolby Audio f\u00fcr zus\u00e4tzliche Klarheit und Dimension in der Shokz App. Ganzt\u00e4gig\u2026","rel":"","context":"Similar post","img":{"alt_text":"","src":"https:\/\/i0.wp.com\/anythingtechnicallc.com\/wp-content\/uploads\/2026\/03\/61tW4F8ZYTL._AC_SL1500_.jpg?fit=974%2C1200&ssl=1&resize=350%2C200","width":350,"height":200},"classes":[]},{"id":9852,"url":"https:\/\/anythingtechnicallc.com\/index.php\/de\/product\/shokz-openfit-air-offene-kopfhoerer-true-wireless-earbuds-wasserfest-sichere-ohrbuegel-fuer-den-taeglichen-gebrauch-schwarz\/","url_meta":{"origin":9837,"position":5},"title":"SHOKZ OpenFit Air &#8211; Offene Kopfh\u00f6rer, True Wireless Earbuds, wasserfest, sichere Ohrb\u00fcgel f\u00fcr den t\u00e4glichen Gebrauch, Schwarz","date":"April 8, 2026","format":false,"excerpt":"Ausgekl\u00fcgelte Passform - Entwickelt f\u00fcr verbesserten Komfort mit unserem charakteristischen Open-Ear-Konzept und einem anpassungsf\u00e4higen Ohrb\u00fcgel, der nur 0,3 Unzen wiegt. Diese offenen Ohrst\u00f6psel sind so konstruiert, dass sie sicher an ihrem Platz bleiben. Erstklassiger Klang - Die Shokz DirectPitch-Technologie und die innovativen Stimml\u00f6cher sorgen f\u00fcr einen pr\u00e4zisen, nat\u00fcrlichen Klang mit\u2026","rel":"","context":"Similar post","img":{"alt_text":"","src":"https:\/\/i0.wp.com\/anythingtechnicallc.com\/wp-content\/uploads\/2026\/03\/51VAvyw9MvL._AC_SL1500_.jpg?fit=862%2C1122&ssl=1&resize=350%2C200","width":350,"height":200},"classes":[]}],"pll_sync_post":[],"lang":"de","translations":{"de":9837,"en":8786},"_links":{"self":[{"href":"https:\/\/anythingtechnicallc.com\/index.php\/wp-json\/wp\/v2\/product\/9837","targetHints":{"allow":["GET"]}}],"collection":[{"href":"https:\/\/anythingtechnicallc.com\/index.php\/wp-json\/wp\/v2\/product"}],"about":[{"href":"https:\/\/anythingtechnicallc.com\/index.php\/wp-json\/wp\/v2\/types\/product"}],"replies":[{"embeddable":true,"href":"https:\/\/anythingtechnicallc.com\/index.php\/wp-json\/wp\/v2\/comments?post=9837"}],"wp:featuredmedia":[{"embeddable":true,"href":"https:\/\/anythingtechnicallc.com\/index.php\/wp-json\/wp\/v2\/media\/9836"}],"wp:attachment":[{"href":"https:\/\/anythingtechnicallc.com\/index.php\/wp-json\/wp\/v2\/media?parent=9837"}],"wp:term":[{"taxonomy":"product_brand","embeddable":true,"href":"https:\/\/anythingtechnicallc.com\/index.php\/wp-json\/wp\/v2\/product_brand?post=9837"},{"taxonomy":"product_cat","embeddable":true,"href":"https:\/\/anythingtechnicallc.com\/index.php\/wp-json\/wp\/v2\/product_cat?post=9837"},{"taxonomy":"product_tag","embeddable":true,"href":"https:\/\/anythingtechnicallc.com\/index.php\/wp-json\/wp\/v2\/product_tag?post=9837"}],"curies":[{"name":"wp","href":"https:\/\/api.w.org\/{rel}","templated":true}]}}