{"id":9843,"date":"2026-04-08T13:16:58","date_gmt":"2026-04-08T13:16:58","guid":{"rendered":"https:\/\/anythingtechnicallc.com\/?post_type=product&#038;p=9843"},"modified":"2026-04-08T13:16:58","modified_gmt":"2026-04-08T13:16:58","slug":"shokz-openrun-bone-conduction-headphones-offene-bluetooth-kopfhoerer-fuer-laufen-und-training-schweissresistent-lange-spielzeit-von-8-stunden-mikrofon-haarband-standard-schwarz","status":"publish","type":"product","link":"https:\/\/anythingtechnicallc.com\/index.php\/de\/product\/shokz-openrun-bone-conduction-headphones-offene-bluetooth-kopfhoerer-fuer-laufen-und-training-schweissresistent-lange-spielzeit-von-8-stunden-mikrofon-haarband-standard-schwarz\/","title":{"rendered":"SHOKZ OpenRun Bone Conduction Headphones, Offene Bluetooth-Kopfh\u00f6rer f\u00fcr Laufen und Training, schwei\u00dfresistent, lange Spielzeit von 8 Stunden, Mikrofon, Haarband-Standard-Schwarz"},"content":{"rendered":"<ul class=\"a-unordered-list a-vertical a-spacing-mini\">\n<li class=\"a-spacing-mini\"><span class=\"a-list-item\">Open-Ear-Komfort &#8211; Das innovative Design des OpenRun bietet einen federleichten, umlaufenden Rahmen und einen kabellosen, offenen Sitz f\u00fcr bequemes H\u00f6ren ohne Ohrst\u00f6psel. Inklusive Shokz-Kopfband. <\/span><\/li>\n<li class=\"a-spacing-mini\"><span class=\"a-list-item\">Sicherheit und Verbindung &#8211; Bleiben Sie mit unserer Knochenleitungstechnologie der 8. Generation bei jedem Training aufmerksam und motiviert. OpenRun liefert hochwertigen Klang und l\u00e4sst Ihr Trommelfell f\u00fcr die Umgebung offen &#8211; f\u00fcr ultimative Sicherheit. <\/span><\/li>\n<li class=\"a-spacing-mini\"><span class=\"a-list-item\">Wasserdicht nach IP67 &#8211; Vollst\u00e4ndig schwei\u00df- und wasserdicht f\u00fcr Workouts, Fitness und Laufen. Inklusive Feuchtigkeitserkennung f\u00fcr sicheres Aufladen. (Nicht zum Schwimmen geeignet.) <\/span><\/li>\n<li class=\"a-spacing-mini\"><span class=\"a-list-item\">8 Stunden Laufzeit &amp; USB-C-Schnellladung &#8211; Genie\u00dfen Sie acht Stunden ununterbrochen Musik, Anrufe und Podcasts mit unseren Bluetooth-Kopfh\u00f6rern. OpenRun bietet au\u00dferdem eine 10-min\u00fctige Schnellladung f\u00fcr bis zu 1,5 Stunden Akkulaufzeit. (Schnellladeversion des Aftershokz Aeropex). <\/span><\/li>\n<li class=\"a-spacing-mini\"><span class=\"a-list-item\">Hervorragende Klangqualit\u00e4t und klare Anrufe &#8211; Die Knochenleitungstechnologie nutzt Vibrationen, um den Klang durch Ihren Wangenknochen direkt an Ihr Innenohr zu \u00fcbertragen und sorgt so f\u00fcr ein erstklassiges Klangerlebnis. <\/span><\/li>\n<\/ul>\n","protected":false},"excerpt":{"rendered":"<ul class=\"a-unordered-list a-vertical a-spacing-mini\">\n<li class=\"a-spacing-mini\"><span class=\"a-list-item\">Open-Ear-Komfort &#8211; Das innovative Design des OpenRun bietet einen federleichten, umlaufenden Rahmen und einen kabellosen, offenen Sitz f\u00fcr bequemes H\u00f6ren ohne Ohrst\u00f6psel. Inklusive Shokz-Kopfband. <\/span><\/li>\n<li class=\"a-spacing-mini\"><span class=\"a-list-item\">Sicherheit und Verbindung &#8211; Bleiben Sie mit unserer Knochenleitungstechnologie der 8. Generation bei jedem Training aufmerksam und motiviert. OpenRun liefert hochwertigen Klang und l\u00e4sst Ihr Trommelfell f\u00fcr die Umgebung offen &#8211; f\u00fcr ultimative Sicherheit. <\/span><\/li>\n<li class=\"a-spacing-mini\"><span class=\"a-list-item\">Wasserdicht nach IP67 &#8211; Vollst\u00e4ndig schwei\u00df- und wasserdicht f\u00fcr Workouts, Fitness und Laufen. Inklusive Feuchtigkeitserkennung f\u00fcr sicheres Aufladen. (Nicht zum Schwimmen geeignet.) <\/span><\/li>\n<li class=\"a-spacing-mini\"><span class=\"a-list-item\">8 Stunden Laufzeit &amp; USB-C-Schnellladung &#8211; Genie\u00dfen Sie acht Stunden ununterbrochen Musik, Anrufe und Podcasts mit unseren Bluetooth-Kopfh\u00f6rern. OpenRun bietet au\u00dferdem eine 10-min\u00fctige Schnellladung f\u00fcr bis zu 1,5 Stunden Akkulaufzeit. (Schnellladeversion des Aftershokz Aeropex). <\/span><\/li>\n<li class=\"a-spacing-mini\"><span class=\"a-list-item\">Hervorragende Klangqualit\u00e4t und klare Anrufe &#8211; Die Knochenleitungstechnologie nutzt Vibrationen, um den Klang durch Ihren Wangenknochen direkt an Ihr Innenohr zu \u00fcbertragen und sorgt so f\u00fcr ein erstklassiges Klangerlebnis. <\/span><\/li>\n<\/ul>\n","protected":false},"featured_media":9842,"comment_status":"open","ping_status":"closed","template":"","meta":{"_et_pb_use_builder":"","_et_pb_old_content":"","_et_gb_content_width":""},"product_brand":[2305],"product_cat":[1578],"product_tag":[],"class_list":{"0":"post-9843","1":"product","2":"type-product","3":"status-publish","4":"has-post-thumbnail","6":"product_brand-shokz","7":"product_cat-headset","9":"first","10":"instock","11":"sale","12":"taxable","13":"shipping-taxable","14":"purchasable","15":"product-type-simple"},"exclude_global_add_ons":[],"addons":[],"jetpack-related-posts":[{"id":9834,"url":"https:\/\/anythingtechnicallc.com\/index.php\/de\/product\/shokz-openrun-pro-bone-conduction-kopfhoerer-offener-bluetooth-kopfhoerer-fuer-laufen-und-training-schweissresistent-lange-akkulaufzeit-premium-deep-bass-mikrofon-mit-haarband-schwarz\/","url_meta":{"origin":9843,"position":0},"title":"SHOKZ OpenRun Pro-Bone Conduction Kopfh\u00f6rer, Offener Bluetooth-Kopfh\u00f6rer f\u00fcr Laufen und Training, schwei\u00dfresistent, lange Akkulaufzeit, Premium Deep Bass, Mikrofon, mit Haarband, Schwarz","date":"April 8, 2026","format":false,"excerpt":"Open-Ear-Komfort - Der OpenRun Pro bietet unsere bisher beste Passform. Vermeiden Sie die Unannehmlichkeiten von In-Ear-Kopfh\u00f6rern mit unserem knopflosen Design. Diese Kopfh\u00f6rer bleiben bei jedem Workout an Ort und Stelle. Inklusive Shokz-Stirnband. Sicherheit und Verbindung - OpenRun Pro sorgt daf\u00fcr, dass Sie Ihre Lieblingsmusik genie\u00dfen k\u00f6nnen, ohne Ihre Umgebung zu\u2026","rel":"","context":"Similar post","img":{"alt_text":"","src":"https:\/\/i0.wp.com\/anythingtechnicallc.com\/wp-content\/uploads\/2026\/03\/41HKPiu-O-L._AC_SL1500_.jpg?fit=1114%2C499&ssl=1&resize=350%2C200","width":350,"height":200},"classes":[]},{"id":9837,"url":"https:\/\/anythingtechnicallc.com\/index.php\/de\/product\/shokz-new-openrun-pro-2-knochenleitungs-kopfhoerer-offene-bluetooth-sport-kopfhoerer-fuer-laufen-training-schweissresistent-sicherer-komfortabler-sitz-tiefe-baesse-intelligentes-mikrofon-re\/","url_meta":{"origin":9843,"position":1},"title":"SHOKZ New OpenRun Pro 2- Knochenleitungs-Kopfh\u00f6rer, offene Bluetooth-Sport-Kopfh\u00f6rer f\u00fcr Laufen, Training &#8211; schwei\u00dfresistent, sicherer, komfortabler Sitz &#8211; tiefe B\u00e4sse, intelligentes Mikrofon, Reflektorstreifen Schwarz","date":"April 8, 2026","format":false,"excerpt":"Open-Ear Awareness - Das charakteristische offene Design von SHOKZ hilft Ihnen, Ihr Training durchzuziehen, w\u00e4hrend Sie Ihre Umgebung sicher wahrnehmen. Das auslaufsichere H\u00f6ren sorgt daf\u00fcr, dass Ihr Audio nur f\u00fcr Ihre Ohren bestimmt ist. Un\u00fcbertroffener Klang und Premium-Sound - Duale Treiber kombinieren die klaren H\u00f6hen der Bone Conduction Tech mit\u2026","rel":"","context":"Similar post","img":{"alt_text":"","src":"https:\/\/i0.wp.com\/anythingtechnicallc.com\/wp-content\/uploads\/2026\/03\/417fmeqXikL._AC_SL1500_.jpg?fit=1061%2C557&ssl=1&resize=350%2C200","width":350,"height":200},"classes":[]},{"id":9840,"url":"https:\/\/anythingtechnicallc.com\/index.php\/de\/product\/shokz-new-openrun-pro-2-knochenleitungs-kopfhoerer-offene-bluetooth-sport-kopfhoerer-fuer-laufen-training-schweissresistent-sicherer-komfortabler-sitz-tiefe-baesse-intelligentes-mikrofon-re-2\/","url_meta":{"origin":9843,"position":2},"title":"SHOKZ New OpenRun Pro 2- Knochenleitungs-Kopfh\u00f6rer, offene Bluetooth-Sport-Kopfh\u00f6rer f\u00fcr Laufen, Training &#8211; schwei\u00dfresistent, sicherer, komfortabler Sitz &#8211; tiefe B\u00e4sse, intelligentes Mikrofon, Reflektorstreifen Orange","date":"April 8, 2026","format":false,"excerpt":"Open-Ear Awareness - Das charakteristische offene Design von SHOKZ hilft Ihnen, Ihr Training durchzuziehen, w\u00e4hrend Sie Ihre Umgebung sicher wahrnehmen. Durch das auslaufsichere Design ist sichergestellt, dass Ihr Audio nur f\u00fcr Ihre Ohren bestimmt ist. Un\u00fcbertroffener Klang und Premium-Sound - Duale Treiber kombinieren die klaren H\u00f6hen der Bone Conduction Tech\u2026","rel":"","context":"Similar post","img":{"alt_text":"","src":"https:\/\/i0.wp.com\/anythingtechnicallc.com\/wp-content\/uploads\/2026\/03\/41zy4MvQNiL._AC_SL1500_.jpg?fit=1123%2C518&ssl=1&resize=350%2C200","width":350,"height":200},"classes":[]},{"id":9849,"url":"https:\/\/anythingtechnicallc.com\/index.php\/de\/product\/shokz-new-openfit-2-open-ear-headphones-dolby-audio-enabled-bequeme-ohrhoerer-mit-weichen-ohrbuegeln-48-stunden-spielzeit-ip55-wasserdicht-usb-c-schnellladung-drahtlose-aufladung-tragetasche\/","url_meta":{"origin":9843,"position":3},"title":"SHOKZ New OpenFit 2+ Open-Ear Headphones, Dolby Audio Enabled, bequeme Ohrh\u00f6rer mit weichen Ohrb\u00fcgeln, 48 Stunden Spielzeit, IP55 wasserdicht, USB-C Schnellladung, drahtlose Aufladung, Tragetasche, Grau","date":"April 8, 2026","format":false,"excerpt":"Detailreicher Klang, Dolby Audio Optimiert Mit Shokz DualBoost sorgt der OpenFit 2+ f\u00fcr helle H\u00f6hen und tiefe B\u00e4sse. Ein 17,3-mm-Tieft\u00f6ner sorgt f\u00fcr satte B\u00e4sse, w\u00e4hrend ein unabh\u00e4ngiger Hocht\u00f6ner knackige H\u00f6hen und unseren KI-Algorithmus OpenBass 2.0 hervorbringt. Aktivieren Sie Dolby Audio f\u00fcr zus\u00e4tzliche Klarheit und Dimension in der Shokz App. Ganzt\u00e4gig\u2026","rel":"","context":"Similar post","img":{"alt_text":"","src":"https:\/\/i0.wp.com\/anythingtechnicallc.com\/wp-content\/uploads\/2026\/03\/61tW4F8ZYTL._AC_SL1500_.jpg?fit=974%2C1200&ssl=1&resize=350%2C200","width":350,"height":200},"classes":[]},{"id":9846,"url":"https:\/\/anythingtechnicallc.com\/index.php\/de\/product\/shokz-opendots-one-open-ear-kopfhoerer-clip-on-ohrstoepsel-drahtlose-bluetooth-ohrstoepsel-mit-mikrofon-sicher-leicht-komfortabel-premium-dolby-audio-wasserbestaendig-schnelle-aufladung-bis-zu-40-s\/","url_meta":{"origin":9843,"position":4},"title":"SHOKZ OpenDots ONE-Open-Ear Kopfh\u00f6rer, Clip-On Ohrst\u00f6psel-Drahtlose Bluetooth Ohrst\u00f6psel mit Mikrofon-Sicher, leicht, komfortabel-Premium Dolby Audio-Wasserbest\u00e4ndig-Schnelle Aufladung-Bis zu 40 Stunden Spielzeit","date":"April 8, 2026","format":false,"excerpt":"Personalisierte Clip-On-Passform - Die flexible Nickel-Titan-Platte und der weiche Silikongriff passen sich Ihrem Ohr an und sorgen f\u00fcr Sicherheit und Komfort. Mit einem Gewicht von nur 6,5 g ist jeder Ohrh\u00f6rer den ganzen Tag \u00fcber praktisch unbemerkt. Satter, offener Klang - Dank des f\u00fcr Shokz typischen offenen Designs bleiben Sie\u2026","rel":"","context":"Similar post","img":{"alt_text":"","src":"https:\/\/i0.wp.com\/anythingtechnicallc.com\/wp-content\/uploads\/2026\/03\/61oJUpMRJ7L._AC_SL1500_.jpg?fit=828%2C1200&ssl=1&resize=350%2C200","width":350,"height":200},"classes":[]},{"id":9858,"url":"https:\/\/anythingtechnicallc.com\/index.php\/de\/product\/shokz-openmove-offene-bluetooth-sport-kopfhoerer-kabellose-kopfhoerer-mit-knochenleitung-schweissfest-zum-laufen-und-trainieren-mit-sticker-pack-grau\/","url_meta":{"origin":9843,"position":5},"title":"SHOKZ OpenMove &#8211; Offene Bluetooth-Sport-Kopfh\u00f6rer, kabellose Kopfh\u00f6rer mit Knochenleitung, schwei\u00dffest zum Laufen und Trainieren, mit Sticker-Pack, grau","date":"April 8, 2026","format":false,"excerpt":"Offene Kopfh\u00f6rer - Erleben Sie un\u00fcbertroffenen Komfort mit unserem leichten, sicher sitzenden und ohrst\u00f6pselfreien Design f\u00fcr ganzt\u00e4giges H\u00f6ren ohne Erm\u00fcdung der Ohren. (Rebranded Version von AfterShokz OpenMove). Sicherer Sitz - Vom leichten Joggen bis zum t\u00e4glichen Pendeln - ein umlaufender Titanrahmen sorgt daf\u00fcr, dass Ihre Knochenleitungs-Kopfh\u00f6rer bei einer Reihe von\u2026","rel":"","context":"Similar post","img":{"alt_text":"","src":"https:\/\/i0.wp.com\/anythingtechnicallc.com\/wp-content\/uploads\/2026\/03\/514DHeZb-UL._AC_SL1500_.jpg?fit=1200%2C664&ssl=1&resize=350%2C200","width":350,"height":200},"classes":[]}],"pll_sync_post":[],"lang":"de","translations":{"de":9843,"en":8790},"_links":{"self":[{"href":"https:\/\/anythingtechnicallc.com\/index.php\/wp-json\/wp\/v2\/product\/9843","targetHints":{"allow":["GET"]}}],"collection":[{"href":"https:\/\/anythingtechnicallc.com\/index.php\/wp-json\/wp\/v2\/product"}],"about":[{"href":"https:\/\/anythingtechnicallc.com\/index.php\/wp-json\/wp\/v2\/types\/product"}],"replies":[{"embeddable":true,"href":"https:\/\/anythingtechnicallc.com\/index.php\/wp-json\/wp\/v2\/comments?post=9843"}],"wp:featuredmedia":[{"embeddable":true,"href":"https:\/\/anythingtechnicallc.com\/index.php\/wp-json\/wp\/v2\/media\/9842"}],"wp:attachment":[{"href":"https:\/\/anythingtechnicallc.com\/index.php\/wp-json\/wp\/v2\/media?parent=9843"}],"wp:term":[{"taxonomy":"product_brand","embeddable":true,"href":"https:\/\/anythingtechnicallc.com\/index.php\/wp-json\/wp\/v2\/product_brand?post=9843"},{"taxonomy":"product_cat","embeddable":true,"href":"https:\/\/anythingtechnicallc.com\/index.php\/wp-json\/wp\/v2\/product_cat?post=9843"},{"taxonomy":"product_tag","embeddable":true,"href":"https:\/\/anythingtechnicallc.com\/index.php\/wp-json\/wp\/v2\/product_tag?post=9843"}],"curies":[{"name":"wp","href":"https:\/\/api.w.org\/{rel}","templated":true}]}}