{"id":9846,"date":"2026-04-08T13:17:41","date_gmt":"2026-04-08T13:17:41","guid":{"rendered":"https:\/\/anythingtechnicallc.com\/?post_type=product&#038;p=9846"},"modified":"2026-04-08T13:17:41","modified_gmt":"2026-04-08T13:17:41","slug":"shokz-opendots-one-open-ear-kopfhoerer-clip-on-ohrstoepsel-drahtlose-bluetooth-ohrstoepsel-mit-mikrofon-sicher-leicht-komfortabel-premium-dolby-audio-wasserbestaendig-schnelle-aufladung-bis-zu-40-s","status":"publish","type":"product","link":"https:\/\/anythingtechnicallc.com\/index.php\/de\/product\/shokz-opendots-one-open-ear-kopfhoerer-clip-on-ohrstoepsel-drahtlose-bluetooth-ohrstoepsel-mit-mikrofon-sicher-leicht-komfortabel-premium-dolby-audio-wasserbestaendig-schnelle-aufladung-bis-zu-40-s\/","title":{"rendered":"SHOKZ OpenDots ONE-Open-Ear Kopfh\u00f6rer, Clip-On Ohrst\u00f6psel-Drahtlose Bluetooth Ohrst\u00f6psel mit Mikrofon-Sicher, leicht, komfortabel-Premium Dolby Audio-Wasserbest\u00e4ndig-Schnelle Aufladung-Bis zu 40 Stunden Spielzeit"},"content":{"rendered":"<ul class=\"a-unordered-list a-vertical a-spacing-mini\">\n<li class=\"a-spacing-mini\"><span class=\"a-list-item\">Personalisierte Clip-On-Passform &#8211; Die flexible Nickel-Titan-Platte und der weiche Silikongriff passen sich Ihrem Ohr an und sorgen f\u00fcr Sicherheit und Komfort. Mit einem Gewicht von nur 6,5 g ist jeder Ohrh\u00f6rer den ganzen Tag \u00fcber praktisch unbemerkt. <\/span><\/li>\n<li class=\"a-spacing-mini\"><span class=\"a-list-item\">Satter, offener Klang &#8211; Dank des f\u00fcr Shokz typischen offenen Designs bleiben Sie mit der Welt verbunden, w\u00e4hrend Sie die erstklassige Dolby Audio- und Bassphere-Technologie des OpenDots ONE im Taschenformat erleben. <\/span><\/li>\n<li class=\"a-spacing-mini\"><span class=\"a-list-item\">Kleine Gr\u00f6\u00dfe, gro\u00dfe Funktionen &#8211; Jeder Ohrst\u00f6psel ist zwischen Ihrem linken und rechten Ohr austauschbar, mit optimierten Mikrofonen ausgestattet, wasserdicht nach IP54 und mit DirectPitch-Technologie ausgestattet, um Klangverluste zu minimieren. <\/span><\/li>\n<li class=\"a-spacing-mini\"><span class=\"a-list-item\">Bis zu 40 Stunden H\u00f6rgenuss &#8211; Genie\u00dfen Sie 10 Stunden mit einer einzigen Ladung und bis zu 40 Stunden mit der Ladeh\u00fclle. Eine 10-min\u00fctige Schnellladung bietet 2 Stunden Spielzeit. Kabelloses Aufladen wird unterst\u00fctzt (Schnellladung ist nicht \u00fcber kabelloses Aufladen m\u00f6glich). <\/span><\/li>\n<li class=\"a-spacing-mini\"><span class=\"a-list-item\">Die Shokz App &#8211; Passen Sie Ihre EQ-Modi und Touch-Bedienelemente an, wechseln Sie dank Multipoint-Pairing m\u00fchelos zwischen zwei Ger\u00e4ten, orten Sie Ihre Ohrh\u00f6rer, verfolgen Sie Ihren Akkustand und mehr, wenn Sie unsere App herunterladen. <\/span><\/li>\n<\/ul>\n","protected":false},"excerpt":{"rendered":"<ul class=\"a-unordered-list a-vertical a-spacing-mini\">\n<li class=\"a-spacing-mini\"><span class=\"a-list-item\">Personalisierte Clip-On-Passform &#8211; Die flexible Nickel-Titan-Platte und der weiche Silikongriff passen sich Ihrem Ohr an und sorgen f\u00fcr Sicherheit und Komfort. Mit einem Gewicht von nur 6,5 g ist jeder Ohrh\u00f6rer den ganzen Tag \u00fcber praktisch unbemerkt. <\/span><\/li>\n<li class=\"a-spacing-mini\"><span class=\"a-list-item\">Satter, offener Klang &#8211; Dank des f\u00fcr Shokz typischen offenen Designs bleiben Sie mit der Welt verbunden, w\u00e4hrend Sie die erstklassige Dolby Audio- und Bassphere-Technologie des OpenDots ONE im Taschenformat erleben. <\/span><\/li>\n<li class=\"a-spacing-mini\"><span class=\"a-list-item\">Kleine Gr\u00f6\u00dfe, gro\u00dfe Funktionen &#8211; Jeder Ohrst\u00f6psel ist zwischen Ihrem linken und rechten Ohr austauschbar, mit optimierten Mikrofonen ausgestattet, wasserdicht nach IP54 und mit DirectPitch-Technologie ausgestattet, um Klangverluste zu minimieren. <\/span><\/li>\n<li class=\"a-spacing-mini\"><span class=\"a-list-item\">Bis zu 40 Stunden H\u00f6rgenuss &#8211; Genie\u00dfen Sie 10 Stunden mit einer einzigen Ladung und bis zu 40 Stunden mit der Ladeh\u00fclle. Eine 10-min\u00fctige Schnellladung bietet 2 Stunden Spielzeit. Kabelloses Aufladen wird unterst\u00fctzt (Schnellladung ist nicht \u00fcber kabelloses Aufladen m\u00f6glich). <\/span><\/li>\n<li class=\"a-spacing-mini\"><span class=\"a-list-item\">Die Shokz App &#8211; Passen Sie Ihre EQ-Modi und Touch-Bedienelemente an, wechseln Sie dank Multipoint-Pairing m\u00fchelos zwischen zwei Ger\u00e4ten, orten Sie Ihre Ohrh\u00f6rer, verfolgen Sie Ihren Akkustand und mehr, wenn Sie unsere App herunterladen. <\/span><\/li>\n<\/ul>\n","protected":false},"featured_media":9845,"comment_status":"open","ping_status":"closed","template":"","meta":{"_et_pb_use_builder":"","_et_pb_old_content":"","_et_gb_content_width":""},"product_brand":[2305],"product_cat":[1578],"product_tag":[],"class_list":{"0":"post-9846","1":"product","2":"type-product","3":"status-publish","4":"has-post-thumbnail","6":"product_brand-shokz","7":"product_cat-headset","9":"first","10":"instock","11":"sale","12":"taxable","13":"shipping-taxable","14":"purchasable","15":"product-type-simple"},"exclude_global_add_ons":[],"addons":[],"jetpack-related-posts":[{"id":9852,"url":"https:\/\/anythingtechnicallc.com\/index.php\/de\/product\/shokz-openfit-air-offene-kopfhoerer-true-wireless-earbuds-wasserfest-sichere-ohrbuegel-fuer-den-taeglichen-gebrauch-schwarz\/","url_meta":{"origin":9846,"position":0},"title":"SHOKZ OpenFit Air &#8211; Offene Kopfh\u00f6rer, True Wireless Earbuds, wasserfest, sichere Ohrb\u00fcgel f\u00fcr den t\u00e4glichen Gebrauch, Schwarz","date":"April 8, 2026","format":false,"excerpt":"Ausgekl\u00fcgelte Passform - Entwickelt f\u00fcr verbesserten Komfort mit unserem charakteristischen Open-Ear-Konzept und einem anpassungsf\u00e4higen Ohrb\u00fcgel, der nur 0,3 Unzen wiegt. Diese offenen Ohrst\u00f6psel sind so konstruiert, dass sie sicher an ihrem Platz bleiben. Erstklassiger Klang - Die Shokz DirectPitch-Technologie und die innovativen Stimml\u00f6cher sorgen f\u00fcr einen pr\u00e4zisen, nat\u00fcrlichen Klang mit\u2026","rel":"","context":"Similar post","img":{"alt_text":"","src":"https:\/\/i0.wp.com\/anythingtechnicallc.com\/wp-content\/uploads\/2026\/03\/51VAvyw9MvL._AC_SL1500_.jpg?fit=862%2C1122&ssl=1&resize=350%2C200","width":350,"height":200},"classes":[]},{"id":8888,"url":"https:\/\/anythingtechnicallc.com\/index.php\/de\/product\/razer-hammerhead-true-wireless-2-generation-bluetooth-gaming-kopfhoerer-chroma-rgb-beleuchtung-60ms-low-latency-aktive-geraeuschunterdrueckung-zwei-mikrofone-mit-umgebungsgeraeuschunterdruecku\/","url_meta":{"origin":9846,"position":1},"title":"Razer Hammerhead True Wireless (2. Generation) Bluetooth Gaming-Kopfh\u00f6rer: Chroma RGB-Beleuchtung -60ms Low-Latency- Aktive Ger\u00e4uschunterdr\u00fcckung &#8211; Zwei Mikrofone mit Umgebungsger\u00e4uschunterdr\u00fcckung- Klassisches Schwarz","date":"March 18, 2026","format":false,"excerpt":"Powered by Razer Chroma RGB: Mit 16,8 Millionen Farben und einer Reihe von Effekten, aus denen Sie w\u00e4hlen k\u00f6nnen, unterstreichen Sie Ihren Stil und heben sich von der Masse ab - mit dem ultimativen kabellosen Ohrst\u00f6psel Flex.Hinweis: Wenn die Gr\u00f6\u00dfe der Ohrst\u00f6pselaufs\u00e4tze nicht mit der Gr\u00f6\u00dfe Ihrer Geh\u00f6rg\u00e4nge \u00fcbereinstimmt oder\u2026","rel":"","context":"Similar post","img":{"alt_text":"","src":"https:\/\/i0.wp.com\/anythingtechnicallc.com\/wp-content\/uploads\/2023\/03\/Razer-Hammerhead-True-Wireless-2nd-Gen-Bluetooth-Gaming-Earbuds-Chroma-RGB-Lighting-60ms-Low-Latency-Active-Noise-Cancellation-Dual-Environmental-Noise-Cancelling-Microphones-Classic-Black-0.jpg?fit=500%2C375&ssl=1&resize=350%2C200","width":350,"height":200},"classes":[]},{"id":9849,"url":"https:\/\/anythingtechnicallc.com\/index.php\/de\/product\/shokz-new-openfit-2-open-ear-headphones-dolby-audio-enabled-bequeme-ohrhoerer-mit-weichen-ohrbuegeln-48-stunden-spielzeit-ip55-wasserdicht-usb-c-schnellladung-drahtlose-aufladung-tragetasche\/","url_meta":{"origin":9846,"position":2},"title":"SHOKZ New OpenFit 2+ Open-Ear Headphones, Dolby Audio Enabled, bequeme Ohrh\u00f6rer mit weichen Ohrb\u00fcgeln, 48 Stunden Spielzeit, IP55 wasserdicht, USB-C Schnellladung, drahtlose Aufladung, Tragetasche, Grau","date":"April 8, 2026","format":false,"excerpt":"Detailreicher Klang, Dolby Audio Optimiert Mit Shokz DualBoost sorgt der OpenFit 2+ f\u00fcr helle H\u00f6hen und tiefe B\u00e4sse. Ein 17,3-mm-Tieft\u00f6ner sorgt f\u00fcr satte B\u00e4sse, w\u00e4hrend ein unabh\u00e4ngiger Hocht\u00f6ner knackige H\u00f6hen und unseren KI-Algorithmus OpenBass 2.0 hervorbringt. Aktivieren Sie Dolby Audio f\u00fcr zus\u00e4tzliche Klarheit und Dimension in der Shokz App. Ganzt\u00e4gig\u2026","rel":"","context":"Similar post","img":{"alt_text":"","src":"https:\/\/i0.wp.com\/anythingtechnicallc.com\/wp-content\/uploads\/2026\/03\/61tW4F8ZYTL._AC_SL1500_.jpg?fit=974%2C1200&ssl=1&resize=350%2C200","width":350,"height":200},"classes":[]},{"id":8929,"url":"https:\/\/anythingtechnicallc.com\/index.php\/de\/product\/sennheiser-cx-300s-in-ear-kopfhoerer-mit-intelligenter-ein-knopf-fernbedienung-schwarz\/","url_meta":{"origin":9846,"position":3},"title":"Sennheiser CX 300S In-Ear-Kopfh\u00f6rer mit intelligenter Ein-Knopf-Fernbedienung &#8211; Schwarz","date":"March 18, 2026","format":false,"excerpt":"Vergewissern Sie sich, dass das Produkt passt, indem Sie Ihre Modellnummer eingeben. Hinweis : Wenn die Gr\u00f6\u00dfe der Ohrst\u00f6psel nicht mit der Gr\u00f6\u00dfe Ihrer Geh\u00f6rg\u00e4nge \u00fcbereinstimmt oder das Headset nicht richtig in Ihren Ohren getragen wird, erhalten Sie m\u00f6glicherweise nicht die richtige Klangqualit\u00e4t oder Gespr\u00e4chsleistung. Tauschen Sie die Ohrst\u00f6psel gegen\u2026","rel":"","context":"Similar post","img":{"alt_text":"","src":"https:\/\/i0.wp.com\/anythingtechnicallc.com\/wp-content\/uploads\/2023\/03\/Sennheiser-CX-300S-In-Ear-Headphone-with-One-Button-Smart-Remote-Black-0.jpg?fit=500%2C500&ssl=1&resize=350%2C200","width":350,"height":200},"classes":[]},{"id":9834,"url":"https:\/\/anythingtechnicallc.com\/index.php\/de\/product\/shokz-openrun-pro-bone-conduction-kopfhoerer-offener-bluetooth-kopfhoerer-fuer-laufen-und-training-schweissresistent-lange-akkulaufzeit-premium-deep-bass-mikrofon-mit-haarband-schwarz\/","url_meta":{"origin":9846,"position":4},"title":"SHOKZ OpenRun Pro-Bone Conduction Kopfh\u00f6rer, Offener Bluetooth-Kopfh\u00f6rer f\u00fcr Laufen und Training, schwei\u00dfresistent, lange Akkulaufzeit, Premium Deep Bass, Mikrofon, mit Haarband, Schwarz","date":"April 8, 2026","format":false,"excerpt":"Open-Ear-Komfort - Der OpenRun Pro bietet unsere bisher beste Passform. Vermeiden Sie die Unannehmlichkeiten von In-Ear-Kopfh\u00f6rern mit unserem knopflosen Design. Diese Kopfh\u00f6rer bleiben bei jedem Workout an Ort und Stelle. Inklusive Shokz-Stirnband. Sicherheit und Verbindung - OpenRun Pro sorgt daf\u00fcr, dass Sie Ihre Lieblingsmusik genie\u00dfen k\u00f6nnen, ohne Ihre Umgebung zu\u2026","rel":"","context":"Similar post","img":{"alt_text":"","src":"https:\/\/i0.wp.com\/anythingtechnicallc.com\/wp-content\/uploads\/2026\/03\/41HKPiu-O-L._AC_SL1500_.jpg?fit=1114%2C499&ssl=1&resize=350%2C200","width":350,"height":200},"classes":[]},{"id":9068,"url":"https:\/\/anythingtechnicallc.com\/index.php\/de\/product\/shure-aonic-free-true-wireless-earbuds-klangisolierende-kabellose-bluetooth-kopfhoerer-21-stunden-akkulaufzeit-klang-in-studioqualitaet-klare-anrufe-langlebige-qualitaet-geringes-gewicht-steuer\/","url_meta":{"origin":9846,"position":5},"title":"Shure AONIC Free True Wireless Earbuds, klangisolierende kabellose Bluetooth-Kopfh\u00f6rer, 21 Stunden Akkulaufzeit, Klang in Studioqualit\u00e4t, klare Anrufe, langlebige Qualit\u00e4t, geringes Gewicht, Steuerung mit den Fingerspitzen","date":"March 18, 2026","format":false,"excerpt":"Hinweis : Wenn die Gr\u00f6\u00dfe der Ohrst\u00f6psel nicht mit der Gr\u00f6\u00dfe Ihrer Geh\u00f6rg\u00e4nge \u00fcbereinstimmt oder das Headset nicht richtig in Ihren Ohren getragen wird, erhalten Sie m\u00f6glicherweise nicht die richtige Klangqualit\u00e4t oder Anrufleistung. Tauschen Sie die Ohrst\u00f6psel gegen solche aus, die besser in Ihrem Ohr sitzen. Klare, tiefe B\u00e4sse, STUDIO-Klangqualit\u00e4t\u2026","rel":"","context":"Similar post","img":{"alt_text":"","src":"https:\/\/i0.wp.com\/anythingtechnicallc.com\/wp-content\/uploads\/2024\/09\/Shure-Aonic-Free-scaled.jpg?fit=1200%2C675&ssl=1&resize=350%2C200","width":350,"height":200},"classes":[]}],"pll_sync_post":[],"lang":"de","translations":{"de":9846,"en":8792},"_links":{"self":[{"href":"https:\/\/anythingtechnicallc.com\/index.php\/wp-json\/wp\/v2\/product\/9846","targetHints":{"allow":["GET"]}}],"collection":[{"href":"https:\/\/anythingtechnicallc.com\/index.php\/wp-json\/wp\/v2\/product"}],"about":[{"href":"https:\/\/anythingtechnicallc.com\/index.php\/wp-json\/wp\/v2\/types\/product"}],"replies":[{"embeddable":true,"href":"https:\/\/anythingtechnicallc.com\/index.php\/wp-json\/wp\/v2\/comments?post=9846"}],"wp:featuredmedia":[{"embeddable":true,"href":"https:\/\/anythingtechnicallc.com\/index.php\/wp-json\/wp\/v2\/media\/9845"}],"wp:attachment":[{"href":"https:\/\/anythingtechnicallc.com\/index.php\/wp-json\/wp\/v2\/media?parent=9846"}],"wp:term":[{"taxonomy":"product_brand","embeddable":true,"href":"https:\/\/anythingtechnicallc.com\/index.php\/wp-json\/wp\/v2\/product_brand?post=9846"},{"taxonomy":"product_cat","embeddable":true,"href":"https:\/\/anythingtechnicallc.com\/index.php\/wp-json\/wp\/v2\/product_cat?post=9846"},{"taxonomy":"product_tag","embeddable":true,"href":"https:\/\/anythingtechnicallc.com\/index.php\/wp-json\/wp\/v2\/product_tag?post=9846"}],"curies":[{"name":"wp","href":"https:\/\/api.w.org\/{rel}","templated":true}]}}