{"id":9852,"date":"2026-04-08T13:19:15","date_gmt":"2026-04-08T13:19:15","guid":{"rendered":"https:\/\/anythingtechnicallc.com\/?post_type=product&#038;p=9852"},"modified":"2026-04-08T13:19:15","modified_gmt":"2026-04-08T13:19:15","slug":"shokz-openfit-air-offene-kopfhoerer-true-wireless-earbuds-wasserfest-sichere-ohrbuegel-fuer-den-taeglichen-gebrauch-schwarz","status":"publish","type":"product","link":"https:\/\/anythingtechnicallc.com\/index.php\/de\/product\/shokz-openfit-air-offene-kopfhoerer-true-wireless-earbuds-wasserfest-sichere-ohrbuegel-fuer-den-taeglichen-gebrauch-schwarz\/","title":{"rendered":"SHOKZ OpenFit Air &#8211; Offene Kopfh\u00f6rer, True Wireless Earbuds, wasserfest, sichere Ohrb\u00fcgel f\u00fcr den t\u00e4glichen Gebrauch, Schwarz"},"content":{"rendered":"<ul class=\"a-unordered-list a-vertical a-spacing-mini\">\n<li class=\"a-spacing-mini\"><span class=\"a-list-item\">Ausgekl\u00fcgelte Passform &#8211; Entwickelt f\u00fcr verbesserten Komfort mit unserem charakteristischen Open-Ear-Konzept und einem anpassungsf\u00e4higen Ohrb\u00fcgel, der nur 0,3 Unzen wiegt. Diese offenen Ohrst\u00f6psel sind so konstruiert, dass sie sicher an ihrem Platz bleiben. <\/span><\/li>\n<li class=\"a-spacing-mini\"><span class=\"a-list-item\">Erstklassiger Klang &#8211; Die Shokz DirectPitch-Technologie und die innovativen Stimml\u00f6cher sorgen f\u00fcr einen pr\u00e4zisen, nat\u00fcrlichen Klang mit minimalen Streuverlusten und tiefen, satten B\u00e4ssen &#8211; und das alles, w\u00e4hrend Sie Ihre Ohren f\u00fcr die Welt um Sie herum offen halten. <\/span><\/li>\n<li class=\"a-spacing-mini\"><span class=\"a-list-item\">Modernste Funktionen &#8211; 4 intelligente Mikrofone, Multi-Point-Pairing mit zwei Ger\u00e4ten und IP54-Wasserbest\u00e4ndigkeit sorgen daf\u00fcr, dass Sie mit Ihren Ohrh\u00f6rern bei jeder Aktivit\u00e4t in Verbindung bleiben und sich keine Sorgen machen m\u00fcssen. <\/span><\/li>\n<li class=\"a-spacing-mini\"><span class=\"a-list-item\">Lange Akkulaufzeit &#8211; Genie\u00dfen Sie bis zu 6 Stunden mit einer einzigen Ladung, 28 Stunden mit der Ladeh\u00fclle und eine 10-min\u00fctige Schnellladung f\u00fcr die zus\u00e4tzlichen 2 Stunden, die Sie f\u00fcr spontane Jamsessions ben\u00f6tigen. <\/span><\/li>\n<li class=\"a-spacing-mini\"><span class=\"a-list-item\">Shokz App &#8211; Mit unserer App haben Sie alles Wichtige immer zur Hand. Passen Sie Ihr H\u00f6rerlebnis mit einfachem Multipoint-Pairing, personalisierten EQ-Modi, anpassbaren Tastenfunktionen und Energieinformationen in Echtzeit an. <\/span><\/li>\n<\/ul>\n","protected":false},"excerpt":{"rendered":"<ul class=\"a-unordered-list a-vertical a-spacing-mini\">\n<li class=\"a-spacing-mini\"><span class=\"a-list-item\">Ausgekl\u00fcgelte Passform &#8211; Entwickelt f\u00fcr verbesserten Komfort mit unserem charakteristischen Open-Ear-Konzept und einem anpassungsf\u00e4higen Ohrb\u00fcgel, der nur 0,3 Unzen wiegt. Diese offenen Ohrst\u00f6psel sind so konstruiert, dass sie sicher an ihrem Platz bleiben. <\/span><\/li>\n<li class=\"a-spacing-mini\"><span class=\"a-list-item\">Erstklassiger Klang &#8211; Die Shokz DirectPitch-Technologie und die innovativen Stimml\u00f6cher sorgen f\u00fcr einen pr\u00e4zisen, nat\u00fcrlichen Klang mit minimalen Streuverlusten und tiefen, satten B\u00e4ssen &#8211; und lassen Ihre Ohren offen f\u00fcr die Welt um Sie herum. <\/span><\/li>\n<li class=\"a-spacing-mini\"><span class=\"a-list-item\">Modernste Funktionen &#8211; 4 intelligente Mikrofone, Multi-Point-Pairing mit zwei Ger\u00e4ten und IP54-Wasserbest\u00e4ndigkeit sorgen daf\u00fcr, dass Sie mit Ihren Ohrh\u00f6rern bei jeder Aktivit\u00e4t in Verbindung bleiben und sich keine Sorgen machen m\u00fcssen. <\/span><\/li>\n<li class=\"a-spacing-mini\"><span class=\"a-list-item\">Lange Akkulaufzeit &#8211; Genie\u00dfen Sie bis zu 6 Stunden mit einer einzigen Ladung, 28 Stunden mit der Ladeh\u00fclle und eine 10-min\u00fctige Schnellladung f\u00fcr die zus\u00e4tzlichen 2 Stunden, die Sie f\u00fcr spontane Jamsessions ben\u00f6tigen. <\/span><\/li>\n<li class=\"a-spacing-mini\"><span class=\"a-list-item\">Shokz App &#8211; Mit unserer App haben Sie alles Wichtige immer zur Hand. Passen Sie Ihr H\u00f6rerlebnis mit einfachem Multipoint-Pairing, personalisierten EQ-Modi, anpassbaren Tastenfunktionen und Energieinformationen in Echtzeit an. <\/span><\/li>\n<\/ul>\n","protected":false},"featured_media":9851,"comment_status":"open","ping_status":"closed","template":"","meta":{"_et_pb_use_builder":"","_et_pb_old_content":"","_et_gb_content_width":""},"product_brand":[2305],"product_cat":[1578],"product_tag":[],"class_list":{"0":"post-9852","1":"product","2":"type-product","3":"status-publish","4":"has-post-thumbnail","6":"product_brand-shokz","7":"product_cat-headset","9":"first","10":"instock","11":"sale","12":"taxable","13":"shipping-taxable","14":"purchasable","15":"product-type-simple"},"exclude_global_add_ons":[],"addons":[],"jetpack-related-posts":[{"id":9849,"url":"https:\/\/anythingtechnicallc.com\/index.php\/de\/product\/shokz-new-openfit-2-open-ear-headphones-dolby-audio-enabled-bequeme-ohrhoerer-mit-weichen-ohrbuegeln-48-stunden-spielzeit-ip55-wasserdicht-usb-c-schnellladung-drahtlose-aufladung-tragetasche\/","url_meta":{"origin":9852,"position":0},"title":"SHOKZ New OpenFit 2+ Open-Ear Headphones, Dolby Audio Enabled, bequeme Ohrh\u00f6rer mit weichen Ohrb\u00fcgeln, 48 Stunden Spielzeit, IP55 wasserdicht, USB-C Schnellladung, drahtlose Aufladung, Tragetasche, Grau","date":"April 8, 2026","format":false,"excerpt":"Detailreicher Klang, Dolby Audio Optimiert Mit Shokz DualBoost sorgt der OpenFit 2+ f\u00fcr helle H\u00f6hen und tiefe B\u00e4sse. Ein 17,3-mm-Tieft\u00f6ner sorgt f\u00fcr satte B\u00e4sse, w\u00e4hrend ein unabh\u00e4ngiger Hocht\u00f6ner knackige H\u00f6hen und unseren KI-Algorithmus OpenBass 2.0 hervorbringt. Aktivieren Sie Dolby Audio f\u00fcr zus\u00e4tzliche Klarheit und Dimension in der Shokz App. Ganzt\u00e4gig\u2026","rel":"","context":"Similar post","img":{"alt_text":"","src":"https:\/\/i0.wp.com\/anythingtechnicallc.com\/wp-content\/uploads\/2026\/03\/61tW4F8ZYTL._AC_SL1500_.jpg?fit=974%2C1200&ssl=1&resize=350%2C200","width":350,"height":200},"classes":[]},{"id":9837,"url":"https:\/\/anythingtechnicallc.com\/index.php\/de\/product\/shokz-new-openrun-pro-2-knochenleitungs-kopfhoerer-offene-bluetooth-sport-kopfhoerer-fuer-laufen-training-schweissresistent-sicherer-komfortabler-sitz-tiefe-baesse-intelligentes-mikrofon-re\/","url_meta":{"origin":9852,"position":1},"title":"SHOKZ New OpenRun Pro 2- Knochenleitungs-Kopfh\u00f6rer, offene Bluetooth-Sport-Kopfh\u00f6rer f\u00fcr Laufen, Training &#8211; schwei\u00dfresistent, sicherer, komfortabler Sitz &#8211; tiefe B\u00e4sse, intelligentes Mikrofon, Reflektorstreifen Schwarz","date":"April 8, 2026","format":false,"excerpt":"Open-Ear Awareness - Das charakteristische offene Design von SHOKZ hilft Ihnen, Ihr Training durchzuziehen, w\u00e4hrend Sie Ihre Umgebung sicher wahrnehmen. Das auslaufsichere H\u00f6ren sorgt daf\u00fcr, dass Ihr Audio nur f\u00fcr Ihre Ohren bestimmt ist. Un\u00fcbertroffener Klang und Premium-Sound - Duale Treiber kombinieren die klaren H\u00f6hen der Bone Conduction Tech mit\u2026","rel":"","context":"Similar post","img":{"alt_text":"","src":"https:\/\/i0.wp.com\/anythingtechnicallc.com\/wp-content\/uploads\/2026\/03\/417fmeqXikL._AC_SL1500_.jpg?fit=1061%2C557&ssl=1&resize=350%2C200","width":350,"height":200},"classes":[]},{"id":9855,"url":"https:\/\/anythingtechnicallc.com\/index.php\/de\/product\/renewed-shokz-openfit-open-ear-true-wireless-bluetooth-kopfhoerer-mit-mikrofon-ohrhoerer-mit-ohrbuegel-schweissresistent-schnelles-aufladen-28hrs-spielzeit-kompatibel-mit-iphoneandroid-schwarz\/","url_meta":{"origin":9852,"position":2},"title":"Renewed SHOKZ OpenFit-Open-Ear True Wireless Bluetooth Kopfh\u00f6rer mit Mikrofon, Ohrh\u00f6rer mit Ohrb\u00fcgel, schwei\u00dfresistent, schnelles Aufladen, 28HRS Spielzeit, kompatibel mit iPhone&#038;Android, Schwarz, Bluetooth5.2","date":"April 8, 2026","format":false,"excerpt":"Offenes Design f\u00fcr ultimativen Komfort - OpenFit setzt das SHOKZ-Konzept der offenen Ohren mit einem kompakten Ohrst\u00f6psel-Design fort. Das ergonomische Design mit ultra-weichen Silikonpolstern bietet Ihnen ein unglaublich komfortables Erlebnis. Ganzt\u00e4giger Tragekomfort - Die federleichten, 9,4 g leichten Ohrb\u00fcgel bestehen aus einer ergonomischen Ni-Ti-Legierung, die sich Ihren Ohren anpasst und\u2026","rel":"","context":"Similar post","img":{"alt_text":"","src":"https:\/\/i0.wp.com\/anythingtechnicallc.com\/wp-content\/uploads\/2026\/03\/61G3QPzhJ4L._AC_SL1500_.jpg?fit=615%2C1200&ssl=1&resize=350%2C200","width":350,"height":200},"classes":[]},{"id":9840,"url":"https:\/\/anythingtechnicallc.com\/index.php\/de\/product\/shokz-new-openrun-pro-2-knochenleitungs-kopfhoerer-offene-bluetooth-sport-kopfhoerer-fuer-laufen-training-schweissresistent-sicherer-komfortabler-sitz-tiefe-baesse-intelligentes-mikrofon-re-2\/","url_meta":{"origin":9852,"position":3},"title":"SHOKZ New OpenRun Pro 2- Knochenleitungs-Kopfh\u00f6rer, offene Bluetooth-Sport-Kopfh\u00f6rer f\u00fcr Laufen, Training &#8211; schwei\u00dfresistent, sicherer, komfortabler Sitz &#8211; tiefe B\u00e4sse, intelligentes Mikrofon, Reflektorstreifen Orange","date":"April 8, 2026","format":false,"excerpt":"Open-Ear Awareness - Das charakteristische offene Design von SHOKZ hilft Ihnen, Ihr Training durchzuziehen, w\u00e4hrend Sie Ihre Umgebung sicher wahrnehmen. Durch das auslaufsichere Design ist sichergestellt, dass Ihr Audio nur f\u00fcr Ihre Ohren bestimmt ist. Un\u00fcbertroffener Klang und Premium-Sound - Duale Treiber kombinieren die klaren H\u00f6hen der Bone Conduction Tech\u2026","rel":"","context":"Similar post","img":{"alt_text":"","src":"https:\/\/i0.wp.com\/anythingtechnicallc.com\/wp-content\/uploads\/2026\/03\/41zy4MvQNiL._AC_SL1500_.jpg?fit=1123%2C518&ssl=1&resize=350%2C200","width":350,"height":200},"classes":[]},{"id":9846,"url":"https:\/\/anythingtechnicallc.com\/index.php\/de\/product\/shokz-opendots-one-open-ear-kopfhoerer-clip-on-ohrstoepsel-drahtlose-bluetooth-ohrstoepsel-mit-mikrofon-sicher-leicht-komfortabel-premium-dolby-audio-wasserbestaendig-schnelle-aufladung-bis-zu-40-s\/","url_meta":{"origin":9852,"position":4},"title":"SHOKZ OpenDots ONE-Open-Ear Kopfh\u00f6rer, Clip-On Ohrst\u00f6psel-Drahtlose Bluetooth Ohrst\u00f6psel mit Mikrofon-Sicher, leicht, komfortabel-Premium Dolby Audio-Wasserbest\u00e4ndig-Schnelle Aufladung-Bis zu 40 Stunden Spielzeit","date":"April 8, 2026","format":false,"excerpt":"Personalisierte Clip-On-Passform - Die flexible Nickel-Titan-Platte und der weiche Silikongriff passen sich Ihrem Ohr an und sorgen f\u00fcr Sicherheit und Komfort. Mit einem Gewicht von nur 6,5 g ist jeder Ohrh\u00f6rer den ganzen Tag \u00fcber praktisch unbemerkt. Satter, offener Klang - Dank des f\u00fcr Shokz typischen offenen Designs bleiben Sie\u2026","rel":"","context":"Similar post","img":{"alt_text":"","src":"https:\/\/i0.wp.com\/anythingtechnicallc.com\/wp-content\/uploads\/2026\/03\/61oJUpMRJ7L._AC_SL1500_.jpg?fit=828%2C1200&ssl=1&resize=350%2C200","width":350,"height":200},"classes":[]},{"id":9834,"url":"https:\/\/anythingtechnicallc.com\/index.php\/de\/product\/shokz-openrun-pro-bone-conduction-kopfhoerer-offener-bluetooth-kopfhoerer-fuer-laufen-und-training-schweissresistent-lange-akkulaufzeit-premium-deep-bass-mikrofon-mit-haarband-schwarz\/","url_meta":{"origin":9852,"position":5},"title":"SHOKZ OpenRun Pro-Bone Conduction Kopfh\u00f6rer, Offener Bluetooth-Kopfh\u00f6rer f\u00fcr Laufen und Training, schwei\u00dfresistent, lange Akkulaufzeit, Premium Deep Bass, Mikrofon, mit Haarband, Schwarz","date":"April 8, 2026","format":false,"excerpt":"Open-Ear-Komfort - Der OpenRun Pro bietet unsere bisher beste Passform. Vermeiden Sie die Unannehmlichkeiten von In-Ear-Kopfh\u00f6rern mit unserem knopflosen Design. Diese Kopfh\u00f6rer bleiben bei jedem Workout an Ort und Stelle. Inklusive Shokz-Stirnband. Sicherheit und Verbindung - OpenRun Pro sorgt daf\u00fcr, dass Sie Ihre Lieblingsmusik genie\u00dfen k\u00f6nnen, ohne Ihre Umgebung zu\u2026","rel":"","context":"Similar post","img":{"alt_text":"","src":"https:\/\/i0.wp.com\/anythingtechnicallc.com\/wp-content\/uploads\/2026\/03\/41HKPiu-O-L._AC_SL1500_.jpg?fit=1114%2C499&ssl=1&resize=350%2C200","width":350,"height":200},"classes":[]}],"pll_sync_post":[],"lang":"de","translations":{"de":9852,"en":8796},"_links":{"self":[{"href":"https:\/\/anythingtechnicallc.com\/index.php\/wp-json\/wp\/v2\/product\/9852","targetHints":{"allow":["GET"]}}],"collection":[{"href":"https:\/\/anythingtechnicallc.com\/index.php\/wp-json\/wp\/v2\/product"}],"about":[{"href":"https:\/\/anythingtechnicallc.com\/index.php\/wp-json\/wp\/v2\/types\/product"}],"replies":[{"embeddable":true,"href":"https:\/\/anythingtechnicallc.com\/index.php\/wp-json\/wp\/v2\/comments?post=9852"}],"wp:featuredmedia":[{"embeddable":true,"href":"https:\/\/anythingtechnicallc.com\/index.php\/wp-json\/wp\/v2\/media\/9851"}],"wp:attachment":[{"href":"https:\/\/anythingtechnicallc.com\/index.php\/wp-json\/wp\/v2\/media?parent=9852"}],"wp:term":[{"taxonomy":"product_brand","embeddable":true,"href":"https:\/\/anythingtechnicallc.com\/index.php\/wp-json\/wp\/v2\/product_brand?post=9852"},{"taxonomy":"product_cat","embeddable":true,"href":"https:\/\/anythingtechnicallc.com\/index.php\/wp-json\/wp\/v2\/product_cat?post=9852"},{"taxonomy":"product_tag","embeddable":true,"href":"https:\/\/anythingtechnicallc.com\/index.php\/wp-json\/wp\/v2\/product_tag?post=9852"}],"curies":[{"name":"wp","href":"https:\/\/api.w.org\/{rel}","templated":true}]}}