{"id":9855,"date":"2026-04-08T13:20:02","date_gmt":"2026-04-08T13:20:02","guid":{"rendered":"https:\/\/anythingtechnicallc.com\/?post_type=product&#038;p=9855"},"modified":"2026-04-08T13:20:02","modified_gmt":"2026-04-08T13:20:02","slug":"renewed-shokz-openfit-open-ear-true-wireless-bluetooth-kopfhoerer-mit-mikrofon-ohrhoerer-mit-ohrbuegel-schweissresistent-schnelles-aufladen-28hrs-spielzeit-kompatibel-mit-iphoneandroid-schwarz","status":"publish","type":"product","link":"https:\/\/anythingtechnicallc.com\/index.php\/de\/product\/renewed-shokz-openfit-open-ear-true-wireless-bluetooth-kopfhoerer-mit-mikrofon-ohrhoerer-mit-ohrbuegel-schweissresistent-schnelles-aufladen-28hrs-spielzeit-kompatibel-mit-iphoneandroid-schwarz\/","title":{"rendered":"Renewed SHOKZ OpenFit-Open-Ear True Wireless Bluetooth Kopfh\u00f6rer mit Mikrofon, Ohrh\u00f6rer mit Ohrb\u00fcgel, schwei\u00dfresistent, schnelles Aufladen, 28HRS Spielzeit, kompatibel mit iPhone&#038;Android, Schwarz, Bluetooth5.2"},"content":{"rendered":"<ul class=\"a-unordered-list a-vertical a-spacing-mini\">\n<li class=\"a-spacing-mini\"><span class=\"a-list-item\">Offenes Design f\u00fcr ultimativen Komfort &#8211; OpenFit setzt das SHOKZ-Konzept der offenen Ohren mit einem kompakten Ohrst\u00f6psel-Design fort. Das ergonomische Design mit ultra-weichen Silikonpolstern bietet Ihnen ein unglaublich komfortables Erlebnis. <\/span><\/li>\n<li class=\"a-spacing-mini\"><span class=\"a-list-item\">Ganzt\u00e4giger Tragekomfort &#8211; Die federleichten, 9,4 g leichten Ohrb\u00fcgel bestehen aus einer ergonomischen Ni-Ti-Legierung, die sich Ihren Ohren anpasst und eine individuelle Passform bietet. Die Wasserdichtigkeit nach IP55 garantiert Leistung unter allen Bedingungen. <\/span><\/li>\n<li class=\"a-spacing-mini\"><span class=\"a-list-item\">Situationsbewusstsein &#8211; Bleiben Sie gleichzeitig mit Ihren Lieblingssongs und Ihrer Umgebung in Verbindung. <\/span><\/li>\n<li class=\"a-spacing-mini\"><span class=\"a-list-item\">Passgenauer Sitz &#8211; Der ergonomische und flexible Ohrb\u00fcgel mit ausgewogenem Ohrst\u00f6pselgewicht bietet einen weichen und sicheren Halt. <\/span><\/li>\n<li class=\"a-spacing-mini\"><span class=\"a-list-item\">Bis zu 28 Stunden H\u00f6rgenuss mit Schnellladung &#8211; 7 Stunden pro Ladung &amp; bis zu 28 Stunden H\u00f6rgenuss mit der Ladeh\u00fclle. Eine 5-min\u00fctige Schnellladung sorgt f\u00fcr eine Stunde Akkulaufzeit. Keine Angst mehr vor dem Akku. <\/span><\/li>\n<\/ul>\n","protected":false},"excerpt":{"rendered":"<ul class=\"a-unordered-list a-vertical a-spacing-mini\">\n<li class=\"a-spacing-mini\"><span class=\"a-list-item\">Offenes Design f\u00fcr ultimativen Komfort &#8211; OpenFit setzt das SHOKZ-Konzept der offenen Ohren mit einem kompakten Ohrst\u00f6psel-Design fort. Das ergonomische Design mit ultra-weichen Silikonpolstern bietet Ihnen ein unglaublich komfortables Erlebnis. <\/span><\/li>\n<li class=\"a-spacing-mini\"><span class=\"a-list-item\">Ganzt\u00e4giger Tragekomfort &#8211; Die federleichten, 9,4 g leichten Ohrb\u00fcgel bestehen aus einer ergonomischen Ni-Ti-Legierung, die sich Ihren Ohren anpasst und eine individuelle Passform bietet. Die Wasserdichtigkeit nach IP55 garantiert Leistung unter allen Bedingungen. <\/span><\/li>\n<li class=\"a-spacing-mini\"><span class=\"a-list-item\">Situationsbewusstsein &#8211; Bleiben Sie gleichzeitig mit Ihren Lieblingssongs und Ihrer Umgebung in Verbindung. <\/span><\/li>\n<li class=\"a-spacing-mini\"><span class=\"a-list-item\">Passgenauer Sitz &#8211; Der ergonomische und flexible Ohrb\u00fcgel mit ausgewogenem Ohrst\u00f6pselgewicht bietet einen weichen und sicheren Halt. <\/span><\/li>\n<li class=\"a-spacing-mini\"><span class=\"a-list-item\">Bis zu 28 Stunden H\u00f6rgenuss mit Schnellladung &#8211; 7 Stunden pro Ladung &amp; bis zu 28 Stunden H\u00f6rgenuss mit der Ladeh\u00fclle. Eine 5-min\u00fctige Schnellladung sorgt f\u00fcr eine Stunde Akkulaufzeit. Keine Angst mehr vor dem Akku. <\/span><\/li>\n<\/ul>\n","protected":false},"featured_media":9854,"comment_status":"open","ping_status":"closed","template":"","meta":{"_et_pb_use_builder":"","_et_pb_old_content":"","_et_gb_content_width":""},"product_brand":[2305],"product_cat":[1578],"product_tag":[],"class_list":{"0":"post-9855","1":"product","2":"type-product","3":"status-publish","4":"has-post-thumbnail","6":"product_brand-shokz","7":"product_cat-headset","9":"first","10":"instock","11":"sale","12":"taxable","13":"shipping-taxable","14":"purchasable","15":"product-type-simple"},"exclude_global_add_ons":[],"addons":[],"jetpack-related-posts":[{"id":9852,"url":"https:\/\/anythingtechnicallc.com\/index.php\/de\/product\/shokz-openfit-air-offene-kopfhoerer-true-wireless-earbuds-wasserfest-sichere-ohrbuegel-fuer-den-taeglichen-gebrauch-schwarz\/","url_meta":{"origin":9855,"position":0},"title":"SHOKZ OpenFit Air &#8211; Offene Kopfh\u00f6rer, True Wireless Earbuds, wasserfest, sichere Ohrb\u00fcgel f\u00fcr den t\u00e4glichen Gebrauch, Schwarz","date":"April 8, 2026","format":false,"excerpt":"Ausgekl\u00fcgelte Passform - Entwickelt f\u00fcr verbesserten Komfort mit unserem charakteristischen Open-Ear-Konzept und einem anpassungsf\u00e4higen Ohrb\u00fcgel, der nur 0,3 Unzen wiegt. Diese offenen Ohrst\u00f6psel sind so konstruiert, dass sie sicher an ihrem Platz bleiben. Erstklassiger Klang - Die Shokz DirectPitch-Technologie und die innovativen Stimml\u00f6cher sorgen f\u00fcr einen pr\u00e4zisen, nat\u00fcrlichen Klang mit\u2026","rel":"","context":"Similar post","img":{"alt_text":"","src":"https:\/\/i0.wp.com\/anythingtechnicallc.com\/wp-content\/uploads\/2026\/03\/51VAvyw9MvL._AC_SL1500_.jpg?fit=862%2C1122&ssl=1&resize=350%2C200","width":350,"height":200},"classes":[]},{"id":9837,"url":"https:\/\/anythingtechnicallc.com\/index.php\/de\/product\/shokz-new-openrun-pro-2-knochenleitungs-kopfhoerer-offene-bluetooth-sport-kopfhoerer-fuer-laufen-training-schweissresistent-sicherer-komfortabler-sitz-tiefe-baesse-intelligentes-mikrofon-re\/","url_meta":{"origin":9855,"position":1},"title":"SHOKZ New OpenRun Pro 2- Knochenleitungs-Kopfh\u00f6rer, offene Bluetooth-Sport-Kopfh\u00f6rer f\u00fcr Laufen, Training &#8211; schwei\u00dfresistent, sicherer, komfortabler Sitz &#8211; tiefe B\u00e4sse, intelligentes Mikrofon, Reflektorstreifen Schwarz","date":"April 8, 2026","format":false,"excerpt":"Open-Ear Awareness - Das charakteristische offene Design von SHOKZ hilft Ihnen, Ihr Training durchzuziehen, w\u00e4hrend Sie Ihre Umgebung sicher wahrnehmen. Das auslaufsichere H\u00f6ren sorgt daf\u00fcr, dass Ihr Audio nur f\u00fcr Ihre Ohren bestimmt ist. Un\u00fcbertroffener Klang und Premium-Sound - Duale Treiber kombinieren die klaren H\u00f6hen der Bone Conduction Tech mit\u2026","rel":"","context":"Similar post","img":{"alt_text":"","src":"https:\/\/i0.wp.com\/anythingtechnicallc.com\/wp-content\/uploads\/2026\/03\/417fmeqXikL._AC_SL1500_.jpg?fit=1061%2C557&ssl=1&resize=350%2C200","width":350,"height":200},"classes":[]},{"id":9849,"url":"https:\/\/anythingtechnicallc.com\/index.php\/de\/product\/shokz-new-openfit-2-open-ear-headphones-dolby-audio-enabled-bequeme-ohrhoerer-mit-weichen-ohrbuegeln-48-stunden-spielzeit-ip55-wasserdicht-usb-c-schnellladung-drahtlose-aufladung-tragetasche\/","url_meta":{"origin":9855,"position":2},"title":"SHOKZ New OpenFit 2+ Open-Ear Headphones, Dolby Audio Enabled, bequeme Ohrh\u00f6rer mit weichen Ohrb\u00fcgeln, 48 Stunden Spielzeit, IP55 wasserdicht, USB-C Schnellladung, drahtlose Aufladung, Tragetasche, Grau","date":"April 8, 2026","format":false,"excerpt":"Detailreicher Klang, Dolby Audio Optimiert Mit Shokz DualBoost sorgt der OpenFit 2+ f\u00fcr helle H\u00f6hen und tiefe B\u00e4sse. Ein 17,3-mm-Tieft\u00f6ner sorgt f\u00fcr satte B\u00e4sse, w\u00e4hrend ein unabh\u00e4ngiger Hocht\u00f6ner knackige H\u00f6hen und unseren KI-Algorithmus OpenBass 2.0 hervorbringt. Aktivieren Sie Dolby Audio f\u00fcr zus\u00e4tzliche Klarheit und Dimension in der Shokz App. Ganzt\u00e4gig\u2026","rel":"","context":"Similar post","img":{"alt_text":"","src":"https:\/\/i0.wp.com\/anythingtechnicallc.com\/wp-content\/uploads\/2026\/03\/61tW4F8ZYTL._AC_SL1500_.jpg?fit=974%2C1200&ssl=1&resize=350%2C200","width":350,"height":200},"classes":[]},{"id":9840,"url":"https:\/\/anythingtechnicallc.com\/index.php\/de\/product\/shokz-new-openrun-pro-2-knochenleitungs-kopfhoerer-offene-bluetooth-sport-kopfhoerer-fuer-laufen-training-schweissresistent-sicherer-komfortabler-sitz-tiefe-baesse-intelligentes-mikrofon-re-2\/","url_meta":{"origin":9855,"position":3},"title":"SHOKZ New OpenRun Pro 2- Knochenleitungs-Kopfh\u00f6rer, offene Bluetooth-Sport-Kopfh\u00f6rer f\u00fcr Laufen, Training &#8211; schwei\u00dfresistent, sicherer, komfortabler Sitz &#8211; tiefe B\u00e4sse, intelligentes Mikrofon, Reflektorstreifen Orange","date":"April 8, 2026","format":false,"excerpt":"Open-Ear Awareness - Das charakteristische offene Design von SHOKZ hilft Ihnen, Ihr Training durchzuziehen, w\u00e4hrend Sie Ihre Umgebung sicher wahrnehmen. Durch das auslaufsichere Design ist sichergestellt, dass Ihr Audio nur f\u00fcr Ihre Ohren bestimmt ist. Un\u00fcbertroffener Klang und Premium-Sound - Duale Treiber kombinieren die klaren H\u00f6hen der Bone Conduction Tech\u2026","rel":"","context":"Similar post","img":{"alt_text":"","src":"https:\/\/i0.wp.com\/anythingtechnicallc.com\/wp-content\/uploads\/2026\/03\/41zy4MvQNiL._AC_SL1500_.jpg?fit=1123%2C518&ssl=1&resize=350%2C200","width":350,"height":200},"classes":[]},{"id":9282,"url":"https:\/\/anythingtechnicallc.com\/index.php\/de\/product\/gebrauchtes-shure-microflex-mx153-ohrbuegel-mikrofon-fuer-kopfhoerer-tan-kugelmikrofon-tqg-ta4f-anschluss-drahtlose-taschensender-mx153t-o-tqg\/","url_meta":{"origin":9855,"position":4},"title":"Gebrauchtes Shure Microflex MX153 Ohrb\u00fcgel-Mikrofon f\u00fcr Kopfh\u00f6rer &#8211; Tan, Kugelmikrofon, TQG \/ TA4F Anschluss Drahtlose Taschensender (MX153T\/O-TQG)","date":"March 19, 2026","format":false,"excerpt":"Subminiatur-Kugelmikrofon mit Kugelcharakteristik bietet \u00fcberragende Klarheit und verbesserten Plosivschutz ohne Nahbesprechungseffekt. Mit TQG \/ TA4F-Anschluss f\u00fcr den direkten Anschluss an drahtlose Shure Bodypack-Sender. Das ultraleichte, komfortable und flexible Design ist stabil und l\u00e4sst sich leicht \u00fcber beide Ohren tragen. Die CommShield Technologie sch\u00fctzt vor Interferenzen durch RF-Mobilfunkger\u00e4te und digitale Bodypack-Sender.\u2026","rel":"","context":"Similar post","img":{"alt_text":"","src":"https:\/\/i0.wp.com\/anythingtechnicallc.com\/wp-content\/uploads\/2025\/06\/41UMIMgNDZL._AC_SL1500_.jpg?fit=1200%2C702&ssl=1&resize=350%2C200","width":350,"height":200},"classes":[]},{"id":9858,"url":"https:\/\/anythingtechnicallc.com\/index.php\/de\/product\/shokz-openmove-offene-bluetooth-sport-kopfhoerer-kabellose-kopfhoerer-mit-knochenleitung-schweissfest-zum-laufen-und-trainieren-mit-sticker-pack-grau\/","url_meta":{"origin":9855,"position":5},"title":"SHOKZ OpenMove &#8211; Offene Bluetooth-Sport-Kopfh\u00f6rer, kabellose Kopfh\u00f6rer mit Knochenleitung, schwei\u00dffest zum Laufen und Trainieren, mit Sticker-Pack, grau","date":"April 8, 2026","format":false,"excerpt":"Offene Kopfh\u00f6rer - Erleben Sie un\u00fcbertroffenen Komfort mit unserem leichten, sicher sitzenden und ohrst\u00f6pselfreien Design f\u00fcr ganzt\u00e4giges H\u00f6ren ohne Erm\u00fcdung der Ohren. (Rebranded Version von AfterShokz OpenMove). Sicherer Sitz - Vom leichten Joggen bis zum t\u00e4glichen Pendeln - ein umlaufender Titanrahmen sorgt daf\u00fcr, dass Ihre Knochenleitungs-Kopfh\u00f6rer bei einer Reihe von\u2026","rel":"","context":"Similar post","img":{"alt_text":"","src":"https:\/\/i0.wp.com\/anythingtechnicallc.com\/wp-content\/uploads\/2026\/03\/514DHeZb-UL._AC_SL1500_.jpg?fit=1200%2C664&ssl=1&resize=350%2C200","width":350,"height":200},"classes":[]}],"pll_sync_post":[],"lang":"de","translations":{"de":9855,"en":8798},"_links":{"self":[{"href":"https:\/\/anythingtechnicallc.com\/index.php\/wp-json\/wp\/v2\/product\/9855","targetHints":{"allow":["GET"]}}],"collection":[{"href":"https:\/\/anythingtechnicallc.com\/index.php\/wp-json\/wp\/v2\/product"}],"about":[{"href":"https:\/\/anythingtechnicallc.com\/index.php\/wp-json\/wp\/v2\/types\/product"}],"replies":[{"embeddable":true,"href":"https:\/\/anythingtechnicallc.com\/index.php\/wp-json\/wp\/v2\/comments?post=9855"}],"wp:featuredmedia":[{"embeddable":true,"href":"https:\/\/anythingtechnicallc.com\/index.php\/wp-json\/wp\/v2\/media\/9854"}],"wp:attachment":[{"href":"https:\/\/anythingtechnicallc.com\/index.php\/wp-json\/wp\/v2\/media?parent=9855"}],"wp:term":[{"taxonomy":"product_brand","embeddable":true,"href":"https:\/\/anythingtechnicallc.com\/index.php\/wp-json\/wp\/v2\/product_brand?post=9855"},{"taxonomy":"product_cat","embeddable":true,"href":"https:\/\/anythingtechnicallc.com\/index.php\/wp-json\/wp\/v2\/product_cat?post=9855"},{"taxonomy":"product_tag","embeddable":true,"href":"https:\/\/anythingtechnicallc.com\/index.php\/wp-json\/wp\/v2\/product_tag?post=9855"}],"curies":[{"name":"wp","href":"https:\/\/api.w.org\/{rel}","templated":true}]}}