{"id":9858,"date":"2026-04-08T13:20:34","date_gmt":"2026-04-08T13:20:34","guid":{"rendered":"https:\/\/anythingtechnicallc.com\/?post_type=product&#038;p=9858"},"modified":"2026-04-08T13:20:34","modified_gmt":"2026-04-08T13:20:34","slug":"shokz-openmove-offene-bluetooth-sport-kopfhoerer-kabellose-kopfhoerer-mit-knochenleitung-schweissfest-zum-laufen-und-trainieren-mit-sticker-pack-grau","status":"publish","type":"product","link":"https:\/\/anythingtechnicallc.com\/index.php\/de\/product\/shokz-openmove-offene-bluetooth-sport-kopfhoerer-kabellose-kopfhoerer-mit-knochenleitung-schweissfest-zum-laufen-und-trainieren-mit-sticker-pack-grau\/","title":{"rendered":"SHOKZ OpenMove &#8211; Offene Bluetooth-Sport-Kopfh\u00f6rer, kabellose Kopfh\u00f6rer mit Knochenleitung, schwei\u00dffest zum Laufen und Trainieren, mit Sticker-Pack, grau"},"content":{"rendered":"<ul class=\"a-unordered-list a-vertical a-spacing-mini\">\n<li class=\"a-spacing-mini\"><span class=\"a-list-item\">Offene Kopfh\u00f6rer &#8211; Erleben Sie un\u00fcbertroffenen Komfort mit unserem leichten, sicher sitzenden und ohrst\u00f6pselfreien Design f\u00fcr ganzt\u00e4giges H\u00f6ren ohne Erm\u00fcdung der Ohren. (Rebranded Version von AfterShokz OpenMove). <\/span><\/li>\n<li class=\"a-spacing-mini\"><span class=\"a-list-item\">Sicherer Sitz &#8211; Vom leichten Joggen bis zum t\u00e4glichen Pendeln &#8211; ein umlaufender Titanrahmen sorgt daf\u00fcr, dass Ihre Knochenleitungs-Kopfh\u00f6rer bei einer Reihe von Aktivit\u00e4ten mit geringer Belastung an ihrem Platz bleiben. <\/span><\/li>\n<li class=\"a-spacing-mini\"><span class=\"a-list-item\">Hohe Klangqualit\u00e4t &#8211; Genie\u00dfen Sie ausgewogenen Klang, optimale Lautst\u00e4rke und satte B\u00e4sse, die \u00fcber Ihren Wangenknochen \u00fcbertragen werden &#8211; jederzeit und \u00fcberall mit diesem hochwertigen OpenMove-Kopfh\u00f6rer. <\/span><\/li>\n<li class=\"a-spacing-mini\"><span class=\"a-list-item\">6 Stunden Musik und Anrufe &#8211; Genie\u00dfen Sie mit unseren Bluetooth-Kopfh\u00f6rern sechs Stunden Musik, Anrufe und Podcasts mit einer einzigen Ladung. <\/span><\/li>\n<li class=\"a-spacing-mini\"><span class=\"a-list-item\">Sicherheit &amp; Verbindung &#8211; Bleiben Sie motiviert mit Ihrer Lieblingsmusik, ohne Kompromisse bei der Sicherheit einzugehen. Im Gegensatz zu Over-Ear- und In-Ear-Kopfh\u00f6rern bleiben Sie mit OpenMove immer in Verbindung und nehmen Ihre Umgebung wahr. <\/span><\/li>\n<\/ul>\n","protected":false},"excerpt":{"rendered":"<ul class=\"a-unordered-list a-vertical a-spacing-mini\">\n<li class=\"a-spacing-mini\"><span class=\"a-list-item\">Offene Kopfh\u00f6rer &#8211; Erleben Sie un\u00fcbertroffenen Komfort mit unserem leichten, sicher sitzenden und ohrst\u00f6pselfreien Design f\u00fcr ganzt\u00e4giges H\u00f6ren ohne Erm\u00fcdung der Ohren. (Rebranded Version von AfterShokz OpenMove). <\/span><\/li>\n<li class=\"a-spacing-mini\"><span class=\"a-list-item\">Sicherer Sitz &#8211; Vom leichten Joggen bis zum t\u00e4glichen Pendeln &#8211; ein umlaufender Titanrahmen sorgt daf\u00fcr, dass Ihre Knochenleitungs-Kopfh\u00f6rer bei einer Reihe von Aktivit\u00e4ten mit geringer Belastung an ihrem Platz bleiben. <\/span><\/li>\n<li class=\"a-spacing-mini\"><span class=\"a-list-item\">Hohe Klangqualit\u00e4t &#8211; Genie\u00dfen Sie ausgewogenen Klang, optimale Lautst\u00e4rke und satte B\u00e4sse, die \u00fcber Ihren Wangenknochen \u00fcbertragen werden &#8211; jederzeit und \u00fcberall mit diesem hochwertigen OpenMove-Kopfh\u00f6rer. <\/span><\/li>\n<li class=\"a-spacing-mini\"><span class=\"a-list-item\">6 Stunden Musik und Anrufe &#8211; Genie\u00dfen Sie mit unseren Bluetooth-Kopfh\u00f6rern sechs Stunden Musik, Anrufe und Podcasts mit einer einzigen Ladung. <\/span><\/li>\n<li class=\"a-spacing-mini\"><span class=\"a-list-item\">Sicherheit &amp; Verbindung &#8211; Bleiben Sie motiviert mit Ihrer Lieblingsmusik, ohne Kompromisse bei der Sicherheit einzugehen. Im Gegensatz zu Over-Ear- und In-Ear-Kopfh\u00f6rern bleiben Sie mit OpenMove immer in Verbindung und nehmen Ihre Umgebung wahr. <\/span><\/li>\n<\/ul>\n","protected":false},"featured_media":9857,"comment_status":"open","ping_status":"closed","template":"","meta":{"_et_pb_use_builder":"","_et_pb_old_content":"","_et_gb_content_width":""},"product_brand":[2305],"product_cat":[1578],"product_tag":[],"class_list":{"0":"post-9858","1":"product","2":"type-product","3":"status-publish","4":"has-post-thumbnail","6":"product_brand-shokz","7":"product_cat-headset","9":"first","10":"instock","11":"sale","12":"taxable","13":"shipping-taxable","14":"purchasable","15":"product-type-simple"},"exclude_global_add_ons":[],"addons":[],"jetpack-related-posts":[{"id":9118,"url":"https:\/\/anythingtechnicallc.com\/index.php\/de\/product\/bose-700-noise-cancelling-bluetooth-kopfhoerer-triple-black-erneuert\/","url_meta":{"origin":9858,"position":0},"title":"Bose 700 Noise-Cancelling Bluetooth Kopfh\u00f6rer (Triple Black) (Erneuert)","date":"March 19, 2026","format":false,"excerpt":"Leistungsstarke Kopfh\u00f6rer mit Ger\u00e4uschunterdr\u00fcckung: Mit 11 Stufen aktiver Ger\u00e4uschunterdr\u00fcckung k\u00f6nnen Sie Musik, Podcasts, Videos und Anrufe ohne Ablenkung genie\u00dfen. Erstaunlicher Klang: Gestochen scharfe, klare Details. Tiefe, volle B\u00e4sse. Diese kabellosen Kopfh\u00f6rer erzeugen einen aufregenden, lebensechten Klang, der bei jeder Lautst\u00e4rke voll und ausgewogen ist. Un\u00fcbertroffene Sprachaufnahme: Ein revolution\u00e4res Mikrofonsystem passt\u2026","rel":"","context":"Similar post","img":{"alt_text":"","src":"https:\/\/i0.wp.com\/anythingtechnicallc.com\/wp-content\/uploads\/2025\/02\/51nAMlff9dL._AC_SL1000_.jpg?fit=565%2C889&ssl=1&resize=350%2C200","width":350,"height":200},"classes":[]},{"id":9671,"url":"https:\/\/anythingtechnicallc.com\/index.php\/de\/product\/refurbished-bose-ultra-open-earbuds-offene-bluetooth-ohrhoerer-mit-openaudio-fuer-mehr-aufmerksamkeit-clip-on-design-fuer-mehr-komfort-wasserfest-bis-zu-48-stunden-spielzeit-schwarz\/","url_meta":{"origin":9858,"position":1},"title":"Refurbished Bose Ultra Open Earbuds &#8211; Offene Bluetooth-Ohrh\u00f6rer mit OpenAudio f\u00fcr mehr Aufmerksamkeit, Clip-On-Design f\u00fcr mehr Komfort, wasserfest, bis zu 48 Stunden Spielzeit, Schwarz","date":"March 24, 2026","format":false,"excerpt":"\u00d6FFNEN SIE IHRE OHREN F\u00dcR DIE WELT: H\u00f6ren Sie alles, was um Sie herum passiert, und genie\u00dfen Sie gleichzeitig einen satten, privaten Klang. Das Design dieser offenen Ohrh\u00f6rer sagt: \"Ich kann Sie immer noch h\u00f6ren\", w\u00e4hrend die OpenAudio-Technologie Ihnen einen hochwertigen, privaten Klang bietet. SEIEN SIE MITTEN IN DER MUSIK,\u2026","rel":"","context":"Similar post","img":{"alt_text":"","src":"https:\/\/i0.wp.com\/anythingtechnicallc.com\/wp-content\/uploads\/2026\/01\/Bose-Ultra-Open-Earbuds-Black.jpg?fit=900%2C1200&ssl=1&resize=350%2C200","width":350,"height":200},"classes":[]},{"id":9834,"url":"https:\/\/anythingtechnicallc.com\/index.php\/de\/product\/shokz-openrun-pro-bone-conduction-kopfhoerer-offener-bluetooth-kopfhoerer-fuer-laufen-und-training-schweissresistent-lange-akkulaufzeit-premium-deep-bass-mikrofon-mit-haarband-schwarz\/","url_meta":{"origin":9858,"position":2},"title":"SHOKZ OpenRun Pro-Bone Conduction Kopfh\u00f6rer, Offener Bluetooth-Kopfh\u00f6rer f\u00fcr Laufen und Training, schwei\u00dfresistent, lange Akkulaufzeit, Premium Deep Bass, Mikrofon, mit Haarband, Schwarz","date":"April 8, 2026","format":false,"excerpt":"Open-Ear-Komfort - Der OpenRun Pro bietet unsere bisher beste Passform. Vermeiden Sie die Unannehmlichkeiten von In-Ear-Kopfh\u00f6rern mit unserem knopflosen Design. Diese Kopfh\u00f6rer bleiben bei jedem Workout an Ort und Stelle. Inklusive Shokz-Stirnband. Sicherheit und Verbindung - OpenRun Pro sorgt daf\u00fcr, dass Sie Ihre Lieblingsmusik genie\u00dfen k\u00f6nnen, ohne Ihre Umgebung zu\u2026","rel":"","context":"Similar post","img":{"alt_text":"","src":"https:\/\/i0.wp.com\/anythingtechnicallc.com\/wp-content\/uploads\/2026\/03\/41HKPiu-O-L._AC_SL1500_.jpg?fit=1114%2C499&ssl=1&resize=350%2C200","width":350,"height":200},"classes":[]},{"id":9365,"url":"https:\/\/anythingtechnicallc.com\/index.php\/de\/product\/renewed-bose-quietcomfort-qc45-bluetooth-kopfhoerer-kabellose-kopfhoerer-mit-aktiver-geraeuschunterdrueckung-ueber-dem-ohr-und-mikrofon-tiefer-bass-bis-zu-24-stunden-spielzeit-schwarz\/","url_meta":{"origin":9858,"position":3},"title":"Renewed Bose QuietComfort QC45 Bluetooth Kopfh\u00f6rer, kabellose Kopfh\u00f6rer mit aktiver Ger\u00e4uschunterdr\u00fcckung \u00fcber dem Ohr und Mikrofon, tiefer Bass, bis zu 24 Stunden Spielzeit, Schwarz","date":"March 19, 2026","format":false,"excerpt":"GER\u00c4USCHUNTERDR\u00dcCKENDE KOPFH\u00d6RER: Kombinieren Sie die Ger\u00e4uschunterdr\u00fcckungstechnologie m\u00fchelos mit passiven Funktionen, damit Sie die Au\u00dfenwelt abschalten, Ablenkungen ausblenden und Musik \u00fcber den Beat hinaus genie\u00dfen k\u00f6nnen. KOMFORTABLER KOPFH\u00d6RER: Pl\u00fcschige Ohrmuschelpolster schmiegen sich sanft an Ihre Ohren, w\u00e4hrend ein sicheres und bequemes gepolstertes Band Ihre Over-Ear-Kopfh\u00f6rer bei besonders langen H\u00f6rsessions sanft in\u2026","rel":"","context":"Similar post","img":{"alt_text":"","src":"https:\/\/i0.wp.com\/anythingtechnicallc.com\/wp-content\/uploads\/2025\/08\/51f7KKP25PL._AC_SL1000_.jpg?fit=669%2C885&ssl=1&resize=350%2C200","width":350,"height":200},"classes":[]},{"id":9608,"url":"https:\/\/anythingtechnicallc.com\/index.php\/de\/product\/erneut-bose-quietcomfort-20-akustische-geraeuschunterdrueckung-kopfhoerer-apple-geraete-schwarz\/","url_meta":{"origin":9858,"position":4},"title":"Erneut Bose QuietComfort 20 Akustische Ger\u00e4uschunterdr\u00fcckung Kopfh\u00f6rer, Apple Ger\u00e4te (Schwarz)","date":"March 24, 2026","format":false,"excerpt":"Blenden Sie die Welt aus und verlieren Sie sich in Ihrer Musik oder h\u00f6ren Sie, was um Sie herum passiert. Sie haben die Wahl mit den ersten In-Ear-Kopfh\u00f6rern mit Ger\u00e4uschunterdr\u00fcckung von Bose. Die Quiet Comfort 20 Acoustic Noise Cancelling Headphones wurden entwickelt, damit Sie jeden Tag und \u00fcberall einen besseren\u2026","rel":"","context":"Similar post","img":{"alt_text":"","src":"https:\/\/i0.wp.com\/anythingtechnicallc.com\/wp-content\/uploads\/2025\/10\/71ZEg1bQ2sL._AC_SL1472_.jpg?fit=1200%2C701&ssl=1&resize=350%2C200","width":350,"height":200},"classes":[]},{"id":9233,"url":"https:\/\/anythingtechnicallc.com\/index.php\/de\/product\/gebrauchte-audio-technica-consumer-ath-ck3tw-true-wireless-in-ear-kopfhoerer\/","url_meta":{"origin":9858,"position":5},"title":"Gebrauchte Audio-Technica Consumer ATH-CK3TW True Wireless In-Ear Kopfh\u00f6rer","date":"March 19, 2026","format":false,"excerpt":"Die ATH-CK3TW True Wireless In-Ear Headphones von Audio-Technica sind mit Bluetooth 5.0 Technologie ausgestattet und verf\u00fcgen \u00fcber eine tragbare Ladetasche, die den Kopfh\u00f6rer automatisch einschaltet, wenn Sie ihn abnehmen, und ausschaltet, wenn Sie ihn zum Aufladen in die Tasche zur\u00fccklegen. Jedes kompakte Ohrh\u00f6rergeh\u00e4use ist mit Touch-Bedienelementen ausgestattet, die Sie mit\u2026","rel":"","context":"Similar post","img":{"alt_text":"","src":"https:\/\/i0.wp.com\/anythingtechnicallc.com\/wp-content\/uploads\/2025\/03\/pf-3a9e9e98-atheadphones.jpeg?fit=868%2C872&ssl=1&resize=350%2C200","width":350,"height":200},"classes":[]}],"pll_sync_post":[],"lang":"de","translations":{"de":9858,"en":8800},"_links":{"self":[{"href":"https:\/\/anythingtechnicallc.com\/index.php\/wp-json\/wp\/v2\/product\/9858","targetHints":{"allow":["GET"]}}],"collection":[{"href":"https:\/\/anythingtechnicallc.com\/index.php\/wp-json\/wp\/v2\/product"}],"about":[{"href":"https:\/\/anythingtechnicallc.com\/index.php\/wp-json\/wp\/v2\/types\/product"}],"replies":[{"embeddable":true,"href":"https:\/\/anythingtechnicallc.com\/index.php\/wp-json\/wp\/v2\/comments?post=9858"}],"wp:featuredmedia":[{"embeddable":true,"href":"https:\/\/anythingtechnicallc.com\/index.php\/wp-json\/wp\/v2\/media\/9857"}],"wp:attachment":[{"href":"https:\/\/anythingtechnicallc.com\/index.php\/wp-json\/wp\/v2\/media?parent=9858"}],"wp:term":[{"taxonomy":"product_brand","embeddable":true,"href":"https:\/\/anythingtechnicallc.com\/index.php\/wp-json\/wp\/v2\/product_brand?post=9858"},{"taxonomy":"product_cat","embeddable":true,"href":"https:\/\/anythingtechnicallc.com\/index.php\/wp-json\/wp\/v2\/product_cat?post=9858"},{"taxonomy":"product_tag","embeddable":true,"href":"https:\/\/anythingtechnicallc.com\/index.php\/wp-json\/wp\/v2\/product_tag?post=9858"}],"curies":[{"name":"wp","href":"https:\/\/api.w.org\/{rel}","templated":true}]}}