{"id":9867,"date":"2026-04-08T13:24:11","date_gmt":"2026-04-08T13:24:11","guid":{"rendered":"https:\/\/anythingtechnicallc.com\/?post_type=product&#038;p=9867"},"modified":"2026-04-08T13:24:11","modified_gmt":"2026-04-08T13:24:11","slug":"gebrauchte-original-bose-quietcomfort-qc-ultra-ohrstoepsel-1-generation-ersatzteile-links-rechts-ladekoffer","status":"publish","type":"product","link":"https:\/\/anythingtechnicallc.com\/index.php\/de\/product\/gebrauchte-original-bose-quietcomfort-qc-ultra-ohrstoepsel-1-generation-ersatzteile-links-rechts-ladekoffer\/","title":{"rendered":"Gebrauchte Original Bose QuietComfort QC Ultra Ohrst\u00f6psel (1. Generation) &#8211; Ersatzteile links \/ rechts \/ Ladekoffer"},"content":{"rendered":"<h2 data-path-to-node=\"3\"><b data-path-to-node=\"3\" data-index-in-node=\"0\">W\u00e4hlen Sie Ihr Ersatzteil: <\/b><\/h2>\n<p data-path-to-node=\"4\">W\u00e4hlen Sie aus den folgenden hochwertigen, gebrauchten Originalteilen:<\/p>\n<ul data-path-to-node=\"5\">\n<li>\n<p data-path-to-node=\"5,0,0\"><b data-path-to-node=\"5,0,0\" data-index-in-node=\"0\">Nur linker Ohrh\u00f6rer, <\/b><\/p>\n<\/li>\n<li>\n<p data-path-to-node=\"5,1,0\"><b data-path-to-node=\"5,1,0\" data-index-in-node=\"0\">Nur rechter Ohrh\u00f6rer, <\/b><\/p>\n<\/li>\n<li>\n<p data-path-to-node=\"5,2,0\"><b data-path-to-node=\"5,2,0\" data-index-in-node=\"0\">Original-Ladeetui, <\/b><\/p>\n<\/li>\n<\/ul>\n<blockquote data-path-to-node=\"6\">\n<p data-path-to-node=\"6,0\"><b data-path-to-node=\"6,0\" data-index-in-node=\"0\">Hinweis an den K\u00e4ufer:<\/b> Bitte <b data-path-to-node=\"6,0\" data-index-in-node=\"22\">hinterlassen Sie<\/b> w\u00e4hrend des Bestellvorgangs <b data-path-to-node=\"6,0\" data-index-in-node=\"22\">eine Nachricht\/Notiz<\/b>, in der Sie Ihre bevorzugte <b data-path-to-node=\"6,0\" data-index-in-node=\"85\">Farbe<\/b> (Schwarz, Wei\u00dfer Rauch oder Mondsteinblau) und das gew\u00fcnschte <b data-path-to-node=\"6,0\" data-index-in-node=\"150\">Teil<\/b> (Links, Rechts oder Etui) angeben.<\/p>\n<\/blockquote>\n<hr data-path-to-node=\"7\" \/>\n<h2 data-path-to-node=\"8\"><b data-path-to-node=\"8\" data-index-in-node=\"0\">H\u00e4ufig gestellte Fragen (Q&amp;A): <\/b><\/h2>\n<p data-path-to-node=\"9\"><b data-path-to-node=\"9\" data-index-in-node=\"0\">F: Sind dies Originalteile von Bose?<\/b> <b data-path-to-node=\"9\" data-index-in-node=\"33\">A:<\/b> Ja, es handelt sich um <b data-path-to-node=\"9\" data-index-in-node=\"51\">100%ige Originalteile des Bose QuietComfort Ultra<\/b>. Sie sind &#8220;gebraucht wie neu&#8221; oder &#8220;leicht gebraucht&#8221; und wurden vollst\u00e4ndig gereinigt und auf ihre Leistung getestet.<\/p>\n<p data-path-to-node=\"10\"><b data-path-to-node=\"10\" data-index-in-node=\"0\">F: Wie verbinde ich einen einzelnen Ersatz-Ohrh\u00f6rer mit meinem vorhandenen Set?<\/b> <b data-path-to-node=\"10\" data-index-in-node=\"67\">A:<\/b> Folgen Sie diesen Schritten, um Ihren neuen Ohrh\u00f6rer zu synchronisieren:<\/p>\n<ol start=\"1\" data-path-to-node=\"11\">\n<li>\n<p data-path-to-node=\"11,0,0\">Legen Sie beide Ohrst\u00f6psel (Ihren Originalohrh\u00f6rer und den neuen Ersatzohrh\u00f6rer) in das Ladeetui.<\/p>\n<\/li>\n<li>\n<p data-path-to-node=\"11,1,0\">Verbinden Sie das Etui mit dem Stromnetz und lassen Sie den Deckel offen.<\/p>\n<\/li>\n<li>\n<p data-path-to-node=\"11,2,0\"><b data-path-to-node=\"11,2,0\" data-index-in-node=\"0\">Halten Sie die Bluetooth-Taste<\/b> auf der R\u00fcckseite des Etuis etwa <b data-path-to-node=\"11,2,0\" data-index-in-node=\"70\">25-30 Sekunden lang<\/b><b data-path-to-node=\"11,2,0\" data-index-in-node=\"0\">gedr\u00fcckt<\/b>, bis das Licht blau blinkt.<\/p>\n<\/li>\n<li>\n<p data-path-to-node=\"11,3,0\">Entfernen Sie das &#8220;Bose QC Ultra&#8221; aus der Bluetooth-Liste Ihres Telefons und <b data-path-to-node=\"11,3,0\" data-index-in-node=\"64\">koppeln<\/b> Sie das Set <b data-path-to-node=\"11,3,0\" data-index-in-node=\"64\">erneut<\/b> \u00fcber die <b data-path-to-node=\"11,3,0\" data-index-in-node=\"92\">Bose Music App<\/b>.<\/p>\n<\/li>\n<\/ol>\n<p data-path-to-node=\"12\"><b data-path-to-node=\"12\" data-index-in-node=\"0\">F: Funktionieren diese mit den \u00e4lteren QC II Modellen?<\/b> <b data-path-to-node=\"12\" data-index-in-node=\"48\">A:<\/b> Nein, diese sind speziell f\u00fcr den <b data-path-to-node=\"12\" data-index-in-node=\"86\">QC Ultra (1. Generation)<\/b>. Sie sehen zwar \u00e4hnlich aus, aber die interne Firmware und die Kopplungsprotokolle sind einzigartig f\u00fcr die Ultra-Serie.<\/p>\n<p data-path-to-node=\"13\"><b data-path-to-node=\"13\" data-index-in-node=\"0\">Q: Was ist, wenn sich die Ohrh\u00f6rer zun\u00e4chst nicht synchronisieren lassen?<\/b> <b data-path-to-node=\"13\" data-index-in-node=\"45\">A:<\/b> Wenn Sie ein rotes oder gelbes Blinklicht sehen, f\u00fchren Sie einen <b data-path-to-node=\"13\" data-index-in-node=\"100\">Hard Reset<\/b> durch: Legen Sie die Ohrst\u00f6psel in das Geh\u00e4use, schlie\u00dfen Sie es an ein Ladeger\u00e4t an und halten Sie die Geh\u00e4usetaste 30 Sekunden lang gedr\u00fcckt. Dadurch wird der Speicher der einzelnen Knospen gel\u00f6scht, so dass sie als neues Paar &#8220;Handschlag&#8221; machen k\u00f6nnen.<\/p>\n<hr data-path-to-node=\"14\" \/>\n<h2 data-path-to-node=\"15\"><b data-path-to-node=\"15\" data-index-in-node=\"0\">Qualit\u00e4tsgarantie: <\/b><\/h2>\n<p data-path-to-node=\"16\">Jedes Teil wird gepr\u00fcft:<\/p>\n<ul data-path-to-node=\"17\">\n<li>\n<p data-path-to-node=\"17,0,0\"><b data-path-to-node=\"17,0,0\" data-index-in-node=\"0\">Gesundheit der Batterie:<\/b> Getestet, um eine lang anhaltende Wiedergabe zu gew\u00e4hrleisten.<\/p>\n<\/li>\n<li>\n<p data-path-to-node=\"17,1,0\"><b data-path-to-node=\"17,1,0\" data-index-in-node=\"0\">Konnektivit\u00e4t:<\/b> \u00dcberpr\u00fcft auf Synchronisierung mit der Bose Music App.<\/p>\n<\/li>\n<li>\n<p data-path-to-node=\"17,2,0\"><b data-path-to-node=\"17,2,0\" data-index-in-node=\"0\">\u00c4sthetik:<\/b> Professionell gereinigt und desinfiziert f\u00fcr Ihre Sicherheit.<\/p>\n<\/li>\n<\/ul>\n","protected":false},"excerpt":{"rendered":"<h2 data-path-to-node=\"3\"><b data-path-to-node=\"3\" data-index-in-node=\"0\">W\u00e4hlen Sie Ihr Ersatzteil: <\/b><\/h2>\n<p data-path-to-node=\"4\">W\u00e4hlen Sie aus den folgenden hochwertigen, gebrauchten Originalteilen:<\/p>\n<ul data-path-to-node=\"5\">\n<li>\n<p data-path-to-node=\"5,0,0\"><b data-path-to-node=\"5,0,0\" data-index-in-node=\"0\">Nur linker Ohrh\u00f6rer, <\/b><\/p>\n<\/li>\n<li>\n<p data-path-to-node=\"5,1,0\"><b data-path-to-node=\"5,1,0\" data-index-in-node=\"0\">Nur rechter Ohrh\u00f6rer, <\/b><\/p>\n<\/li>\n<li>\n<p data-path-to-node=\"5,2,0\"><b data-path-to-node=\"5,2,0\" data-index-in-node=\"0\">Original-Ladeetui, <\/b><\/p>\n<\/li>\n<\/ul>\n<blockquote data-path-to-node=\"6\">\n<p data-path-to-node=\"6,0\"><b data-path-to-node=\"6,0\" data-index-in-node=\"0\">Hinweis an den K\u00e4ufer:<\/b> Bitte <b data-path-to-node=\"6,0\" data-index-in-node=\"22\">hinterlassen Sie<\/b> w\u00e4hrend des Bestellvorgangs <b data-path-to-node=\"6,0\" data-index-in-node=\"22\">eine Nachricht\/Notiz<\/b>, in der Sie Ihre bevorzugte <b data-path-to-node=\"6,0\" data-index-in-node=\"85\">Farbe<\/b> (Schwarz, Wei\u00dfer Rauch oder Mondsteinblau) und das gew\u00fcnschte <b data-path-to-node=\"6,0\" data-index-in-node=\"150\">Teil<\/b> (Links, Rechts oder Etui) angeben.<\/p>\n<\/blockquote>\n<hr data-path-to-node=\"7\" \/>\n<h2 data-path-to-node=\"8\"><b data-path-to-node=\"8\" data-index-in-node=\"0\">H\u00e4ufig gestellte Fragen (Q&amp;A): <\/b><\/h2>\n<p data-path-to-node=\"9\"><b data-path-to-node=\"9\" data-index-in-node=\"0\">F: Sind dies Originalteile von Bose?<\/b> <b data-path-to-node=\"9\" data-index-in-node=\"33\">A:<\/b> Ja, es handelt sich um <b data-path-to-node=\"9\" data-index-in-node=\"51\">100%ige Originalteile des Bose QuietComfort Ultra<\/b>. Sie sind &#8220;gebraucht wie neu&#8221; oder &#8220;leicht gebraucht&#8221; und wurden vollst\u00e4ndig gereinigt und auf ihre Leistung getestet.<\/p>\n<p data-path-to-node=\"10\"><b data-path-to-node=\"10\" data-index-in-node=\"0\">F: Wie verbinde ich einen einzelnen Ersatz-Ohrh\u00f6rer mit meinem vorhandenen Set?<\/b> <b data-path-to-node=\"10\" data-index-in-node=\"67\">A:<\/b> Folgen Sie diesen Schritten, um Ihren neuen Ohrh\u00f6rer zu synchronisieren:<\/p>\n<ol start=\"1\" data-path-to-node=\"11\">\n<li>\n<p data-path-to-node=\"11,0,0\">Legen Sie beide Ohrst\u00f6psel (Ihren Originalohrh\u00f6rer und den neuen Ersatzohrh\u00f6rer) in das Ladeetui.<\/p>\n<\/li>\n<li>\n<p data-path-to-node=\"11,1,0\">Verbinden Sie das Etui mit dem Stromnetz und lassen Sie den Deckel offen.<\/p>\n<\/li>\n<li>\n<p data-path-to-node=\"11,2,0\"><b data-path-to-node=\"11,2,0\" data-index-in-node=\"0\">Halten Sie die Bluetooth-Taste<\/b> auf der R\u00fcckseite des Etuis etwa <b data-path-to-node=\"11,2,0\" data-index-in-node=\"70\">25-30 Sekunden lang<\/b><b data-path-to-node=\"11,2,0\" data-index-in-node=\"0\">gedr\u00fcckt<\/b>, bis das Licht blau blinkt.<\/p>\n<\/li>\n<li>\n<p data-path-to-node=\"11,3,0\">Entfernen Sie das &#8220;Bose QC Ultra&#8221; aus der Bluetooth-Liste Ihres Telefons und <b data-path-to-node=\"11,3,0\" data-index-in-node=\"64\">koppeln<\/b> Sie das Set <b data-path-to-node=\"11,3,0\" data-index-in-node=\"64\">erneut<\/b> \u00fcber die <b data-path-to-node=\"11,3,0\" data-index-in-node=\"92\">Bose Music App<\/b>.<\/p>\n<\/li>\n<\/ol>\n<p data-path-to-node=\"12\"><b data-path-to-node=\"12\" data-index-in-node=\"0\">F: Funktionieren diese mit den \u00e4lteren QC II Modellen?<\/b> <b data-path-to-node=\"12\" data-index-in-node=\"48\">A:<\/b> Nein, diese sind speziell f\u00fcr den <b data-path-to-node=\"12\" data-index-in-node=\"86\">QC Ultra (1. Generation)<\/b>. Sie sehen zwar \u00e4hnlich aus, aber die interne Firmware und die Kopplungsprotokolle sind einzigartig f\u00fcr die Ultra-Serie.<\/p>\n<p data-path-to-node=\"13\"><b data-path-to-node=\"13\" data-index-in-node=\"0\">Q: Was ist, wenn sich die Ohrh\u00f6rer zun\u00e4chst nicht synchronisieren lassen?<\/b> <b data-path-to-node=\"13\" data-index-in-node=\"45\">A:<\/b> Wenn Sie ein rotes oder gelbes Blinklicht sehen, f\u00fchren Sie einen <b data-path-to-node=\"13\" data-index-in-node=\"100\">Hard Reset<\/b> durch: Legen Sie die Ohrst\u00f6psel in das Geh\u00e4use, schlie\u00dfen Sie es an ein Ladeger\u00e4t an und halten Sie die Geh\u00e4usetaste 30 Sekunden lang gedr\u00fcckt. Dadurch wird der Speicher der einzelnen Knospen gel\u00f6scht, so dass sie als neues Paar &#8220;Handschlag&#8221; machen k\u00f6nnen.<\/p>\n<hr data-path-to-node=\"14\" \/>\n<h2 data-path-to-node=\"15\"><b data-path-to-node=\"15\" data-index-in-node=\"0\">Qualit\u00e4tsgarantie: <\/b><\/h2>\n<p data-path-to-node=\"16\">Jedes Teil wird gepr\u00fcft:<\/p>\n<ul data-path-to-node=\"17\">\n<li>\n<p data-path-to-node=\"17,0,0\"><b data-path-to-node=\"17,0,0\" data-index-in-node=\"0\">Gesundheit der Batterie:<\/b> Getestet, um eine lang anhaltende Wiedergabe zu gew\u00e4hrleisten.<\/p>\n<\/li>\n<li>\n<p data-path-to-node=\"17,1,0\"><b data-path-to-node=\"17,1,0\" data-index-in-node=\"0\">Konnektivit\u00e4t:<\/b> \u00dcberpr\u00fcft auf Synchronisation mit der Bose Music App.<\/p>\n<\/li>\n<li>\n<p data-path-to-node=\"17,2,0\"><b data-path-to-node=\"17,2,0\" data-index-in-node=\"0\">\u00c4sthetik:<\/b> Professionell gereinigt und desinfiziert f\u00fcr Ihre Sicherheit.<\/p>\n<\/li>\n<\/ul>\n","protected":false},"featured_media":9866,"comment_status":"open","ping_status":"closed","template":"","meta":{"_et_pb_use_builder":"","_et_pb_old_content":"","_et_gb_content_width":""},"product_brand":[],"product_cat":[1578],"product_tag":[],"class_list":{"0":"post-9867","1":"product","2":"type-product","3":"status-publish","4":"has-post-thumbnail","6":"product_cat-headset","8":"first","9":"instock","10":"taxable","11":"shipping-taxable","12":"purchasable","13":"product-type-simple"},"exclude_global_add_ons":[],"addons":[],"jetpack-related-posts":[{"id":9720,"url":"https:\/\/anythingtechnicallc.com\/index.php\/de\/product\/erneuerte-bose-ultra-open-earbuds-mit-immersive-audio-linkes-rechtes-ohr-schwarz\/","url_meta":{"origin":9867,"position":0},"title":"Erneuerte Bose Ultra Open Earbuds mit Immersive Audio, linkes \/ rechtes Ohr Schwarz","date":"March 24, 2026","format":false,"excerpt":"Einzelner Ersatz-Ohrh\u00f6rer (links oder rechts w\u00e4hlbar) Stellen Sie Ihr H\u00f6rerlebnis mit diesem erneuerten Bose Ultra Open Earbud wieder her, der als perfekter Ersatz f\u00fcr ein verlorenes oder besch\u00e4digtes Ger\u00e4t entwickelt wurde. Ausgestattet mit der fortschrittlichen Immersive Audio Technologie von Bose liefern diese offenen Ohrh\u00f6rer einen satten, r\u00e4umlichen Klang, ohne dass\u2026","rel":"","context":"Similar post","img":{"alt_text":"","src":"https:\/\/i0.wp.com\/anythingtechnicallc.com\/wp-content\/uploads\/2026\/02\/Bose-Ultra-Open-One-Ear.jpg?fit=900%2C1200&ssl=1&resize=350%2C200","width":350,"height":200},"classes":[]},{"id":9671,"url":"https:\/\/anythingtechnicallc.com\/index.php\/de\/product\/refurbished-bose-ultra-open-earbuds-offene-bluetooth-ohrhoerer-mit-openaudio-fuer-mehr-aufmerksamkeit-clip-on-design-fuer-mehr-komfort-wasserfest-bis-zu-48-stunden-spielzeit-schwarz\/","url_meta":{"origin":9867,"position":1},"title":"Refurbished Bose Ultra Open Earbuds &#8211; Offene Bluetooth-Ohrh\u00f6rer mit OpenAudio f\u00fcr mehr Aufmerksamkeit, Clip-On-Design f\u00fcr mehr Komfort, wasserfest, bis zu 48 Stunden Spielzeit, Schwarz","date":"March 24, 2026","format":false,"excerpt":"\u00d6FFNEN SIE IHRE OHREN F\u00dcR DIE WELT: H\u00f6ren Sie alles, was um Sie herum passiert, und genie\u00dfen Sie gleichzeitig einen satten, privaten Klang. Das Design dieser offenen Ohrh\u00f6rer sagt: \"Ich kann Sie immer noch h\u00f6ren\", w\u00e4hrend die OpenAudio-Technologie Ihnen einen hochwertigen, privaten Klang bietet. SEIEN SIE MITTEN IN DER MUSIK,\u2026","rel":"","context":"Similar post","img":{"alt_text":"","src":"https:\/\/i0.wp.com\/anythingtechnicallc.com\/wp-content\/uploads\/2026\/01\/Bose-Ultra-Open-Earbuds-Black.jpg?fit=900%2C1200&ssl=1&resize=350%2C200","width":350,"height":200},"classes":[]},{"id":8983,"url":"https:\/\/anythingtechnicallc.com\/index.php\/de\/product\/erneuert-beoplay-e8-2-0-true-wireless-ohrhoerer-qi-aufladung-schwarz-einheitsgroesse-1646100\/","url_meta":{"origin":9867,"position":2},"title":"Erneuert Beoplay E8 2.0 True Wireless Ohrh\u00f6rer Qi Aufladung, Schwarz, Einheitsgr\u00f6\u00dfe &#8211; 1646100","date":"March 18, 2026","format":false,"excerpt":"WIRKLICH KABELLOS: Der Beoplay E8 2.0 bietet v\u00f6llig kabellosen Komfort ohne Kabel. Ausgestattet mit kabelloser Qi-Ladetechnik ist dieser In-Ear-Kopfh\u00f6rer mit seinem eleganten Design wirklich tragbar. Impedanz: 16 Ohm TOUCH CONTROL: Steuern Sie Ihr H\u00f6rerlebnis ganz einfach \u00fcber die Touch-Oberfl\u00e4che dieser kabellosen Ohrst\u00f6psel. Tippen Sie einfach darauf, um zwischen Titeln zu\u2026","rel":"","context":"Similar post","img":{"alt_text":"","src":"https:\/\/i0.wp.com\/anythingtechnicallc.com\/wp-content\/uploads\/2024\/09\/81LRBE5O8dL._AC_SL1500_.jpg?fit=982%2C1193&ssl=1&resize=350%2C200","width":350,"height":200},"classes":[]},{"id":8953,"url":"https:\/\/anythingtechnicallc.com\/index.php\/de\/product\/skullcandy-push-active-in-ear-wireless-earbuds-43-std-akku-skull-iq-alexa-faehig-mikrofon-funktioniert-mit-iphone-android-und-bluetooth-geraeten-true-black-orange\/","url_meta":{"origin":9867,"position":3},"title":"Skullcandy Push Active In-Ear Wireless Earbuds, 43 Std. Akku, Skull-iQ, Alexa-f\u00e4hig, Mikrofon, funktioniert mit iPhone, Android und Bluetooth-Ger\u00e4ten &#8211; True Black\/Orange","date":"March 18, 2026","format":false,"excerpt":"Skull-iQ Smart Feature Technology - Aktivieren Sie die freih\u00e4ndige Sprachsteuerung oder andere Sprachassistenten wie Alexa, indem Sie die Skull-iQ App herunterladen. Sorglos kabellos - Wir haben die Tile Finding Technologie eingebaut, damit Sie die Ohrh\u00f6rer leicht wiederfinden, wenn Sie sie einmal verlegt haben. Laden Sie einfach die Tile App herunter\u2026","rel":"","context":"Similar post","img":{"alt_text":"","src":"https:\/\/i0.wp.com\/anythingtechnicallc.com\/wp-content\/uploads\/2024\/09\/717CyBc08DL._AC_SL1500_.jpg?fit=1128%2C1200&ssl=1&resize=350%2C200","width":350,"height":200},"classes":[]},{"id":9016,"url":"https:\/\/anythingtechnicallc.com\/index.php\/de\/product\/soundsport-free-wireless-sport-kopfhoerer-774373-0010-schwarz-erneuert\/","url_meta":{"origin":9867,"position":4},"title":"SoundSport Free Wireless Sport Kopfh\u00f6rer &#8211; 774373-0010 Schwarz (Erneuert)","date":"March 18, 2026","format":false,"excerpt":"Wirklich kabellose Sport-Kopfh\u00f6rer f\u00fcr absolute Bewegungsfreiheit, vollgepackt mit Technologie, die Musik klar und kraftvoll klingen l\u00e4sst. Die Ohrh\u00f6rer sind schwei\u00df- und wetterfest (IPX4) und werden mit 3 verschiedenen Paaren von StayHear+ Sport-Aufs\u00e4tzen (in den Gr\u00f6\u00dfen S\/M\/L) geliefert, die f\u00fcr einen bequemen und sicheren Sitz sorgen. Bis zu 5 Stunden Spielzeit\u2026","rel":"","context":"Similar post","img":{"alt_text":"","src":"https:\/\/i0.wp.com\/anythingtechnicallc.com\/wp-content\/uploads\/2024\/09\/Bose-SoundSport-Free.jpg?fit=800%2C800&ssl=1&resize=350%2C200","width":350,"height":200},"classes":[]},{"id":9352,"url":"https:\/\/anythingtechnicallc.com\/index.php\/de\/product\/shure-true-wireless-adapter-gen-2-fuer-klangisolierende-ohrhoerer-sichere-ueber-ohr-passform-bluetooth-5-wireless-technologie-lange-akkulaufzeit-mit-ladeetui-fingertip-steuerung-rmce-tw2\/","url_meta":{"origin":9867,"position":5},"title":"Shure True Wireless Adapter (Gen 2) f\u00fcr klangisolierende Ohrh\u00f6rer, sichere \u00dcber-Ohr-Passform, Bluetooth 5 Wireless-Technologie, lange Akkulaufzeit mit Ladeetui &#038; Fingertip-Steuerung (RMCE-TW2)","date":"March 19, 2026","format":false,"excerpt":"TRUE WIRELESS ADAPTER GEN 2 - Der True Wireless Adapter, Gen 2 verwandelt jeden abnehmbaren Shure Sound Isolating Ohrh\u00f6rer in ein echtes Drahtlosger\u00e4t (Ohrh\u00f6rer separat erh\u00e4ltlich). SCHWEISS- UND WASSERBEST\u00c4NDIG - Schwei\u00df- und wasserfest mit einer IPX4-Einstufung in Verbindung mit abnehmbaren Shure Ohrh\u00f6rern. Sie wurden strengen Qualit\u00e4ts- und Haltbarkeitstests unterzogen, um\u2026","rel":"","context":"Similar post","img":{"alt_text":"","src":"https:\/\/i0.wp.com\/anythingtechnicallc.com\/wp-content\/uploads\/2025\/08\/511IBeHiNdL._AC_SL1000_.jpg?fit=927%2C938&ssl=1&resize=350%2C200","width":350,"height":200},"classes":[]}],"pll_sync_post":[],"lang":"de","translations":{"de":9867,"en":8818},"_links":{"self":[{"href":"https:\/\/anythingtechnicallc.com\/index.php\/wp-json\/wp\/v2\/product\/9867","targetHints":{"allow":["GET"]}}],"collection":[{"href":"https:\/\/anythingtechnicallc.com\/index.php\/wp-json\/wp\/v2\/product"}],"about":[{"href":"https:\/\/anythingtechnicallc.com\/index.php\/wp-json\/wp\/v2\/types\/product"}],"replies":[{"embeddable":true,"href":"https:\/\/anythingtechnicallc.com\/index.php\/wp-json\/wp\/v2\/comments?post=9867"}],"wp:featuredmedia":[{"embeddable":true,"href":"https:\/\/anythingtechnicallc.com\/index.php\/wp-json\/wp\/v2\/media\/9866"}],"wp:attachment":[{"href":"https:\/\/anythingtechnicallc.com\/index.php\/wp-json\/wp\/v2\/media?parent=9867"}],"wp:term":[{"taxonomy":"product_brand","embeddable":true,"href":"https:\/\/anythingtechnicallc.com\/index.php\/wp-json\/wp\/v2\/product_brand?post=9867"},{"taxonomy":"product_cat","embeddable":true,"href":"https:\/\/anythingtechnicallc.com\/index.php\/wp-json\/wp\/v2\/product_cat?post=9867"},{"taxonomy":"product_tag","embeddable":true,"href":"https:\/\/anythingtechnicallc.com\/index.php\/wp-json\/wp\/v2\/product_tag?post=9867"}],"curies":[{"name":"wp","href":"https:\/\/api.w.org\/{rel}","templated":true}]}}