{"id":9883,"date":"2026-04-15T06:45:03","date_gmt":"2026-04-15T06:45:03","guid":{"rendered":"https:\/\/anythingtechnicallc.com\/?post_type=product&#038;p=9883"},"modified":"2026-04-15T06:45:04","modified_gmt":"2026-04-15T06:45:04","slug":"gebrauchte-sony-utx-b2-uhf-sender-urx-p2-uhf-diversity-tuner-mikrofon-mikrofon","status":"publish","type":"product","link":"https:\/\/anythingtechnicallc.com\/index.php\/de\/product\/gebrauchte-sony-utx-b2-uhf-sender-urx-p2-uhf-diversity-tuner-mikrofon-mikrofon\/","title":{"rendered":"Gebrauchte Sony UTX-B2 UHF Sender &#038; URX-P2 UHF Diversity Tuner Mikrofon \/ Mikrofon"},"content":{"rendered":"<div class=\"productDescription_UbV5SNP5Eo\" data-selenium=\"overviewLongDescription\">\n<div class=\"js-injected-html text_UbV5SNP5Eo\">\n<p>Der <b>Sony UTX-B2<\/b> ist ein drahtloser Taschensender f\u00fcr das drahtlose Mikrofonsystem der UWP-Serie. Sie haben die Wahl zwischen einer Ausgangsleistung von 5 mW, die f\u00fcr den gleichzeitigen Mehrkanalbetrieb geeignet ist, und einer Ausgangsleistung von 30 mW f\u00fcr die \u00dcbertragung \u00fcber gro\u00dfe Entfernungen. Der Sender verf\u00fcgt \u00fcber einen w\u00e4hlbaren HF-Ausgangspegel, der f\u00fcr zus\u00e4tzliche Signalst\u00e4rke bei gro\u00dfer Reichweite sorgt. Der Taschensender verf\u00fcgt \u00fcber 188 w\u00e4hlbare UHF-Frequenzen und arbeitet bis zu 10 Stunden mit zwei AA-Alkalibatterien (10 mW Ausgangsleistung). Ein LCD-Display und eine 3,5-mm-Eingangsbuchse erm\u00f6glichen die Umschaltung zwischen Mikrofon- und Line-Pegel-Signalen.<\/p>\n<\/div>\n<\/div>\n<div>\n<div class=\"feature_UbV5SNP5Eo\">\n<div class=\"feature_UbV5SNP5Eo\">\n<div class=\"feature_UbV5SNP5Eo\">\n<div class=\"featureHeader_UbV5SNP5Eo\">\n<p>Der <b>tragbare Wireless-Empf\u00e4nger URX-P2 von Sony<\/b> ist f\u00fcr die Verwendung mit Sendern der UWP-V6-Serie von Sony vorgesehen. Der kameramontierbare Empf\u00e4nger verf\u00fcgt \u00fcber die Space-Diversity-Technologie, die den Empfang stabilisiert und HF-Interferenzen minimiert, indem sie das st\u00e4rkste eingehende Signal ausw\u00e4hlt. Dar\u00fcber hinaus sind die Antennen schwenkbar, so dass Sie einen noch st\u00e4rkeren Empfang erzielen k\u00f6nnen.<\/p>\n<\/div>\n<\/div>\n<\/div>\n<\/div>\n<\/div>\n","protected":false},"excerpt":{"rendered":"<div class=\"productDescription_UbV5SNP5Eo\" data-selenium=\"overviewLongDescription\">\n<div class=\"js-injected-html text_UbV5SNP5Eo\">\n<p>Der <b>Sony UTX-B2<\/b> ist ein drahtloser Taschensender f\u00fcr das drahtlose Mikrofonsystem der UWP-Serie. Sie haben die Wahl zwischen einer Ausgangsleistung von 5 mW, die f\u00fcr den gleichzeitigen Mehrkanalbetrieb geeignet ist, und einer Ausgangsleistung von 30 mW f\u00fcr die \u00dcbertragung \u00fcber gro\u00dfe Entfernungen. Der Sender verf\u00fcgt \u00fcber einen w\u00e4hlbaren HF-Ausgangspegel, der f\u00fcr zus\u00e4tzliche Signalst\u00e4rke bei gro\u00dfer Reichweite sorgt. Der Taschensender verf\u00fcgt \u00fcber 188 w\u00e4hlbare UHF-Frequenzen und arbeitet bis zu 10 Stunden mit zwei AA-Alkalibatterien (10 mW Ausgangsleistung). Ein LCD-Display und eine 3,5-mm-Eingangsbuchse erm\u00f6glichen die Umschaltung zwischen Mikrofon- und Line-Pegel-Signalen.<\/p>\n<\/div>\n<\/div>\n<div>\n<div class=\"feature_UbV5SNP5Eo\">\n<div class=\"feature_UbV5SNP5Eo\">\n<div class=\"feature_UbV5SNP5Eo\">\n<div class=\"featureHeader_UbV5SNP5Eo\">\n<p>Der <b>tragbare Wireless-Empf\u00e4nger URX-P2 von Sony<\/b> ist f\u00fcr die Verwendung mit Sendern der UWP-V6-Serie von Sony vorgesehen. Der kameramontierbare Empf\u00e4nger verf\u00fcgt \u00fcber die Space-Diversity-Technologie, die den Empfang stabilisiert und HF-Interferenzen minimiert, indem sie das st\u00e4rkste eingehende Signal ausw\u00e4hlt. Dar\u00fcber hinaus sind die Antennen schwenkbar, so dass Sie einen noch st\u00e4rkeren Empfang erzielen k\u00f6nnen.<\/p>\n<\/div>\n<\/div>\n<\/div>\n<\/div>\n<\/div>\n","protected":false},"featured_media":9882,"comment_status":"open","ping_status":"closed","template":"","meta":{"_et_pb_use_builder":"","_et_pb_old_content":"","_et_gb_content_width":""},"product_brand":[],"product_cat":[1562],"product_tag":[],"class_list":{"0":"post-9883","1":"product","2":"type-product","3":"status-publish","4":"has-post-thumbnail","6":"product_cat-bueroelektronik","8":"first","9":"instock","10":"taxable","11":"shipping-taxable","12":"purchasable","13":"product-type-simple"},"exclude_global_add_ons":[],"addons":[],"jetpack-related-posts":[{"id":9264,"url":"https:\/\/anythingtechnicallc.com\/index.php\/de\/product\/gebrauchter-shure-slx4-funkempfaenger-h5-band-518-542-mhz\/","url_meta":{"origin":9883,"position":0},"title":"Gebrauchter Shure SLX4 Funkempf\u00e4nger &#8211; H5 Band 518-542 MHz","date":"March 19, 2026","format":false,"excerpt":"Dieser Sender arbeitet auf 518,000-542,000 MHz. SLX: Klare \u00dcbertragungen Der SLX-Sound basiert auf dem patentierten Audio Reference Companding von Shure, einer Technologie, die drahtlosen Systemen eine klarere \u00dcbertragung und einen gr\u00f6\u00dferen Dynamikbereich verleiht. Im Gegensatz zu herk\u00f6mmlichen drahtlosen Companding-Verfahren, die durch ein festes Kompressionsverh\u00e4ltnis eingeschr\u00e4nkt sind, verwendet diese Technologie ein\u2026","rel":"","context":"Similar post","img":{"alt_text":"","src":"https:\/\/i0.wp.com\/anythingtechnicallc.com\/wp-content\/uploads\/2025\/06\/Shure-SLX4-Wireless-Receiver-H5-Band-scaled.webp?fit=1200%2C608&ssl=1&resize=350%2C200","width":350,"height":200},"classes":[]},{"id":9083,"url":"https:\/\/anythingtechnicallc.com\/index.php\/de\/product\/gebrauchter-shure-ulxd1-drahtloser-taschensender-v50-band\/","url_meta":{"origin":9883,"position":1},"title":"Gebrauchter Shure ULXD1 Drahtloser Taschensender, V50 Band","date":"March 19, 2026","format":false,"excerpt":"Dieser Sender ben\u00f6tigt einen Ulxd4-Empf\u00e4nger, um das System zu vervollst\u00e4ndigen. Hinweis: Wenn Sie separate drahtlose Komponenten kaufen, stimmen Sie bitte deren Frequenzb\u00e4nder aufeinander ab, um den ordnungsgem\u00e4\u00dfen Betrieb des Systems sicherzustellen. Der ULXD1 ist ein drahtloser Bodypack-Sender, der mit den digitalen ULX-D Drahtlossystemen kompatibel ist. Mit seinem robusten und dennoch\u2026","rel":"","context":"Similar post","img":{"alt_text":"","src":"https:\/\/i0.wp.com\/anythingtechnicallc.com\/wp-content\/uploads\/2024\/10\/41fQWcyQrlL._AC_SL1500_.jpg?fit=362%2C1200&ssl=1&resize=350%2C200","width":350,"height":200},"classes":[]},{"id":9089,"url":"https:\/\/anythingtechnicallc.com\/index.php\/de\/product\/gebrauchter-shure-pg1-k7-band-590-602-mhz-drahtloser-bodypack-sender\/","url_meta":{"origin":9883,"position":2},"title":"Gebrauchter Shure PG1 K7 Band (590-602 MHz) Drahtloser Bodypack-Sender","date":"March 19, 2026","format":false,"excerpt":"Der drahtlose Shure PG1 Taschensender verf\u00fcgt \u00fcber eine Betriebs-, Stummschaltungs- und Batteriestatus-LED, einen Netz- und Stummschalter und hat eine Reichweite von 250 Fu\u00df. Er wird mit einer 9-V-Batterie betrieben. Die professionellen Drahtlossysteme von Shure bieten legend\u00e4re Klangqualit\u00e4t, b\u00fchnenerprobte Langlebigkeit und eine problemlose Einrichtung f\u00fcr eine sorgenfreie Performance.","rel":"","context":"Similar post","img":{"alt_text":"","src":"https:\/\/i0.wp.com\/anythingtechnicallc.com\/wp-content\/uploads\/2024\/10\/Shure-PG1-Wireless-Bodypack-Transmitter.jpg?fit=1200%2C800&ssl=1&resize=350%2C200","width":350,"height":200},"classes":[]},{"id":9097,"url":"https:\/\/anythingtechnicallc.com\/index.php\/de\/product\/gebrauchter-shure-pg1-r10-band-800-812-mhz-drahtloser-bodypack-sender\/","url_meta":{"origin":9883,"position":3},"title":"Gebrauchter Shure PG1 R10 Band (800-812 MHz) Drahtloser Bodypack-Sender","date":"March 19, 2026","format":false,"excerpt":"Der drahtlose Shure PG1 Taschensender verf\u00fcgt \u00fcber eine Betriebs-, Stummschaltungs- und Batteriestatus-LED, einen Netz- und Stummschalter und hat eine Reichweite von 250 Fu\u00df. Er wird mit einer 9-V-Batterie betrieben. Die professionellen Drahtlossysteme von Shure bieten legend\u00e4re Klangqualit\u00e4t, b\u00fchnenerprobte Langlebigkeit und eine problemlose Einrichtung f\u00fcr eine sorgenfreie Performance.","rel":"","context":"Similar post","img":{"alt_text":"","src":"https:\/\/i0.wp.com\/anythingtechnicallc.com\/wp-content\/uploads\/2024\/10\/Shure-PG1-Wireless-Bodypack-Transmitter.jpg?fit=1200%2C800&ssl=1&resize=350%2C200","width":350,"height":200},"classes":[]},{"id":9203,"url":"https:\/\/anythingtechnicallc.com\/index.php\/de\/product\/used-shure-wl183-lavalier-kondensatormikrofon-mit-kugelcharakteristik-tqg-fuer-sprachanwendungen-mit-12-m-4-ft-kabel-mit-4-poligem-mini-anschluss-drahtloser-bodypack-sender-separat-erhaeltlich\/","url_meta":{"origin":9883,"position":4},"title":"USED Shure WL183 Lavalier-Kondensatormikrofon mit Kugelcharakteristik (TQG) f\u00fcr Sprachanwendungen mit 1,2 m (4 ft) Kabel mit 4-poligem Mini-Anschluss (drahtloser Bodypack-Sender separat erh\u00e4ltlich)","date":"March 19, 2026","format":false,"excerpt":"Das WL183 ist ein Lavalier-Mikrofon mit Kugelcharakteristik, einem Aufnahmewinkel von 360 Grad und geringem St\u00f6rger\u00e4usch. Es wird f\u00fcr allgemeine Beschallungs-, Aufnahme- und Fern\u00fcberwachungsanwendungen empfohlen. Es hat ein 1,2 Meter langes Kabel, das mit einem 4-poligen Miniaturstecker abgeschlossen ist. Die mitgelieferte Krawattenklammer kann in 90-Grad-Schritten gedreht werden, um eine flexible Platzierung\u2026","rel":"","context":"Similar post","img":{"alt_text":"","src":"https:\/\/i0.wp.com\/anythingtechnicallc.com\/wp-content\/uploads\/2025\/02\/51lkFF0oVlL._AC_SL1000_.jpg?fit=932%2C932&ssl=1&resize=350%2C200","width":350,"height":200},"classes":[]},{"id":9288,"url":"https:\/\/anythingtechnicallc.com\/index.php\/de\/product\/gebrauchtes-shure-wireless-beta-98h-c-mikrofon-miniatur-instrumentenmikrofon-mit-ta4f-4-pin-mini-xlr-anschluss-nierenkondensator-clip-on-mit-schwanenhals-fuer-saxophon-blechblaeser-oder-percussion\/","url_meta":{"origin":9883,"position":5},"title":"Gebrauchtes Shure Wireless BETA 98H\/C Mikrofon &#8211; Miniatur-Instrumentenmikrofon mit TA4F 4-Pin Mini-XLR-Anschluss, Nierenkondensator, Clip-on mit Schwanenhals f\u00fcr Saxophon\/Blechbl\u00e4ser oder Percussion (WB98H\/C)","date":"March 19, 2026","format":false,"excerpt":"Drahtloser Shure Taschensender Separat erh\u00e4ltlich Der WB98H\/C verf\u00fcgt \u00fcber eine transformatorlose Vorverst\u00e4rkerschaltung, die die Linearit\u00e4t \u00fcber den gesamten Frequenzbereich verbessert. Das Tonabnehmersystem des Beta 98H\/C bietet eine hohe Verst\u00e4rkung vor der R\u00fcckkopplung und eine hervorragende Unterdr\u00fcckung unerw\u00fcnschter Ger\u00e4usche. Sein hoher maximaler Schalldruckpegel (SPL) erm\u00f6glicht es ihm, die extremen Anforderungen von\u2026","rel":"","context":"Similar post","img":{"alt_text":"","src":"https:\/\/i0.wp.com\/anythingtechnicallc.com\/wp-content\/uploads\/2025\/06\/51JCyyEQ-tL._AC_SL1000_.jpg?fit=924%2C867&ssl=1&resize=350%2C200","width":350,"height":200},"classes":[]}],"pll_sync_post":[],"lang":"de","translations":{"de":9883,"en":9472},"_links":{"self":[{"href":"https:\/\/anythingtechnicallc.com\/index.php\/wp-json\/wp\/v2\/product\/9883","targetHints":{"allow":["GET"]}}],"collection":[{"href":"https:\/\/anythingtechnicallc.com\/index.php\/wp-json\/wp\/v2\/product"}],"about":[{"href":"https:\/\/anythingtechnicallc.com\/index.php\/wp-json\/wp\/v2\/types\/product"}],"replies":[{"embeddable":true,"href":"https:\/\/anythingtechnicallc.com\/index.php\/wp-json\/wp\/v2\/comments?post=9883"}],"wp:featuredmedia":[{"embeddable":true,"href":"https:\/\/anythingtechnicallc.com\/index.php\/wp-json\/wp\/v2\/media\/9882"}],"wp:attachment":[{"href":"https:\/\/anythingtechnicallc.com\/index.php\/wp-json\/wp\/v2\/media?parent=9883"}],"wp:term":[{"taxonomy":"product_brand","embeddable":true,"href":"https:\/\/anythingtechnicallc.com\/index.php\/wp-json\/wp\/v2\/product_brand?post=9883"},{"taxonomy":"product_cat","embeddable":true,"href":"https:\/\/anythingtechnicallc.com\/index.php\/wp-json\/wp\/v2\/product_cat?post=9883"},{"taxonomy":"product_tag","embeddable":true,"href":"https:\/\/anythingtechnicallc.com\/index.php\/wp-json\/wp\/v2\/product_tag?post=9883"}],"curies":[{"name":"wp","href":"https:\/\/api.w.org\/{rel}","templated":true}]}}