{"id":9892,"date":"2026-04-15T06:47:45","date_gmt":"2026-04-15T06:47:45","guid":{"rendered":"https:\/\/anythingtechnicallc.com\/?post_type=product&#038;p=9892"},"modified":"2026-04-15T06:47:46","modified_gmt":"2026-04-15T06:47:46","slug":"apple-iphone-12-64gb-schwarz-vollstaendig-freigeschaltet-erneuert-us-version","status":"publish","type":"product","link":"https:\/\/anythingtechnicallc.com\/index.php\/de\/product\/apple-iphone-12-64gb-schwarz-vollstaendig-freigeschaltet-erneuert-us-version\/","title":{"rendered":"Apple iPhone 12, 64GB, Schwarz &#8211; Vollst\u00e4ndig freigeschaltet (Erneuert) US Version"},"content":{"rendered":"<div id=\"productDescription_feature_div\" class=\"celwidget pd_rd_w-1TLHk pd_rd_r-WQMRSX33035AHWXYJ5D8 pd_rd_wg-Kbaao\" data-feature-name=\"productDescription-3\" data-csa-c-type=\"widget\" data-csa-c-content-id=\"productDescription-3\" data-csa-c-slot-id=\"productDescription_feature_div\" data-csa-c-asin=\"\" data-csa-c-is-in-initial-active-row=\"false\" data-cel-widget=\"productDescription_feature_div\" data-csa-c-id=\"2s5sfb-ynum3s-rnf5f6-9cdrsn\">\n<div>\n<div id=\"productDescription_feature_div\" class=\"a-row feature\" data-feature-name=\"productDescription\" data-template-name=\"productDescription\" data-cel-widget=\"productDescription_feature_div\">\n<div id=\"productDescription\" class=\"a-section a-spacing-small\">\n<p>Das Apple iPhone 12 verf\u00fcgt \u00fcber ein 6,1 Zoll gro\u00dfes OLED-Display, den 5nm Apple A14 Bionic Prozessor und eine Dual-Kamera mit gro\u00dfem Sensor. 5G und Face ID geh\u00f6ren ebenso zur Standardausstattung wie die Unterst\u00fctzung von True Tone f\u00fcr die Anpassung des Wei\u00dfabgleichs an das Umgebungslicht und die Unterst\u00fctzung von Wide Color f\u00fcr naturgetreue Farben. Das iPhone 12 ist in sechs verschiedenen Farben erh\u00e4ltlich: Wei\u00df, Schwarz, , (PRODUKT)ROT, Lila, Blau und Gr\u00fcn.<\/p>\n<\/div>\n<\/div>\n<\/div>\n<\/div>\n<div id=\"renewedProgramDescriptionBtf_feature_div\" class=\"celwidget pd_rd_w-Iy8Y2 pd_rd_r-WQMRSX33035AHWXYJ5D8 pd_rd_wg-Kbaao\" data-feature-name=\"renewedProgramDescriptionBtf_HIT\" data-csa-c-type=\"widget\" data-csa-c-content-id=\"renewedProgramDescriptionBtf_HIT\" data-csa-c-slot-id=\"renewedProgramDescriptionBtf_feature_div\" data-csa-c-asin=\"\" data-csa-c-is-in-initial-active-row=\"false\" data-cel-widget=\"renewedProgramDescriptionBtf_feature_div\" data-csa-c-id=\"7kerzy-12qhl8-djonxa-g6rhki\">\n<div class=\"renewedOfferConsistency\">\n<div class=\"RENEWED_TIER_2_offerConsistency renewedOfferConsistencyIndex_0\">\n<div id=\"RENEWED_TIER_2_renewedProgramDescriptionBtfSection\" class=\"a-section a-spacing-medium a-spacing-top-base\">\n<ul class=\"a-unordered-list a-vertical a-spacing-mini\">\n<li class=\"a-spacing-mini\"><span class=\"a-list-item\">Vollst\u00e4ndig freigeschaltet und kompatibel mit jedem Anbieter Ihrer Wahl (z.B. AT&amp;T, T-Mobile, Sprint, Verizon, US-Cellular, Cricket, Metro, usw.). <\/span><\/li>\n<li class=\"a-spacing-mini\"><span class=\"a-list-item\">\u00dcberpr\u00fcft und garantiert mit minimalen kosmetischen Sch\u00e4den, die nicht auffallen, wenn Sie das Ger\u00e4t in der Hand halten. <\/span><\/li>\n<li class=\"a-spacing-mini\"><span class=\"a-list-item\">Es wurde erfolgreich einem vollst\u00e4ndigen Diagnosetest unterzogen, der sicherstellt, dass das Ger\u00e4t wie neu funktioniert und dass alle pers\u00f6nlichen Daten des Vorbesitzers entfernt wurden. <\/span><\/li>\n<li class=\"a-spacing-mini\"><span class=\"a-list-item\">Das Ger\u00e4t wird nicht mit Kopfh\u00f6rern oder einer SIM-Karte geliefert. Es enth\u00e4lt ein Ladekabel, das m\u00f6glicherweise generisch ist. <\/span><\/li>\n<li class=\"a-spacing-mini\"><span class=\"a-list-item\">Der Akku wurde auf seinen Zustand getestet und hat garantiert eine Mindestkapazit\u00e4t von 80%. <\/span><\/li>\n<\/ul>\n<\/div>\n<\/div>\n<\/div>\n<\/div>\n","protected":false},"excerpt":{"rendered":"<div id=\"productDescription_feature_div\" class=\"celwidget pd_rd_w-1TLHk pd_rd_r-WQMRSX33035AHWXYJ5D8 pd_rd_wg-Kbaao\" data-feature-name=\"productDescription-3\" data-csa-c-type=\"widget\" data-csa-c-content-id=\"productDescription-3\" data-csa-c-slot-id=\"productDescription_feature_div\" data-csa-c-asin=\"\" data-csa-c-is-in-initial-active-row=\"false\" data-cel-widget=\"productDescription_feature_div\" data-csa-c-id=\"2s5sfb-ynum3s-rnf5f6-9cdrsn\">\n<div>\n<div id=\"productDescription_feature_div\" class=\"a-row feature\" data-feature-name=\"productDescription\" data-template-name=\"productDescription\" data-cel-widget=\"productDescription_feature_div\">\n<div id=\"productDescription\" class=\"a-section a-spacing-small\">\n<p>Das Apple iPhone 12 verf\u00fcgt \u00fcber ein 6,1 Zoll gro\u00dfes OLED-Display, den 5nm Apple A14 Bionic Prozessor und eine Dual-Kamera mit gro\u00dfem Sensor. 5G und Face ID geh\u00f6ren ebenso zur Standardausstattung wie die Unterst\u00fctzung von True Tone f\u00fcr die Anpassung des Wei\u00dfabgleichs an das Umgebungslicht und die Unterst\u00fctzung von Wide Color f\u00fcr naturgetreue Farben. Das iPhone 12 ist in sechs verschiedenen Farben erh\u00e4ltlich: Wei\u00df, Schwarz, , (PRODUKT)ROT, Lila, Blau und Gr\u00fcn.<\/p>\n<\/div>\n<\/div>\n<\/div>\n<\/div>\n<div id=\"renewedProgramDescriptionBtf_feature_div\" class=\"celwidget pd_rd_w-Iy8Y2 pd_rd_r-WQMRSX33035AHWXYJ5D8 pd_rd_wg-Kbaao\" data-feature-name=\"renewedProgramDescriptionBtf_HIT\" data-csa-c-type=\"widget\" data-csa-c-content-id=\"renewedProgramDescriptionBtf_HIT\" data-csa-c-slot-id=\"renewedProgramDescriptionBtf_feature_div\" data-csa-c-asin=\"\" data-csa-c-is-in-initial-active-row=\"false\" data-cel-widget=\"renewedProgramDescriptionBtf_feature_div\" data-csa-c-id=\"7kerzy-12qhl8-djonxa-g6rhki\">\n<div class=\"renewedOfferConsistency\">\n<div class=\"RENEWED_TIER_2_offerConsistency renewedOfferConsistencyIndex_0\">\n<div id=\"RENEWED_TIER_2_renewedProgramDescriptionBtfSection\" class=\"a-section a-spacing-medium a-spacing-top-base\">\n<ul class=\"a-unordered-list a-vertical a-spacing-mini\">\n<li class=\"a-spacing-mini\"><span class=\"a-list-item\">Vollst\u00e4ndig freigeschaltet und kompatibel mit jedem Anbieter Ihrer Wahl (z.B. AT&amp;T, T-Mobile, Sprint, Verizon, US-Cellular, Cricket, Metro, usw.). <\/span><\/li>\n<li class=\"a-spacing-mini\"><span class=\"a-list-item\">\u00dcberpr\u00fcft und garantiert mit minimalen kosmetischen Sch\u00e4den, die nicht auffallen, wenn Sie das Ger\u00e4t in der Hand halten. <\/span><\/li>\n<li class=\"a-spacing-mini\"><span class=\"a-list-item\">Es wurde erfolgreich einem vollst\u00e4ndigen Diagnosetest unterzogen, der sicherstellt, dass das Ger\u00e4t wie neu funktioniert und dass alle pers\u00f6nlichen Daten des Vorbesitzers entfernt wurden. <\/span><\/li>\n<li class=\"a-spacing-mini\"><span class=\"a-list-item\">Das Ger\u00e4t wird nicht mit Kopfh\u00f6rern oder einer SIM-Karte geliefert. Es enth\u00e4lt ein Ladekabel, das m\u00f6glicherweise generisch ist. <\/span><\/li>\n<li class=\"a-spacing-mini\"><span class=\"a-list-item\">Der Akku wurde auf seinen Zustand getestet und hat garantiert eine Mindestkapazit\u00e4t von 80%. <\/span><\/li>\n<\/ul>\n<\/div>\n<\/div>\n<\/div>\n<\/div>\n","protected":false},"featured_media":9891,"comment_status":"open","ping_status":"closed","template":"","meta":{"_et_pb_use_builder":"","_et_pb_old_content":"","_et_gb_content_width":""},"product_brand":[],"product_cat":[1574],"product_tag":[],"class_list":{"0":"post-9892","1":"product","2":"type-product","3":"status-publish","4":"has-post-thumbnail","6":"product_cat-generalueberholtes-tablet-laptop","8":"first","9":"instock","10":"sale","11":"taxable","12":"shipping-taxable","13":"purchasable","14":"product-type-simple"},"exclude_global_add_ons":[],"addons":[],"jetpack-related-posts":[{"id":9895,"url":"https:\/\/anythingtechnicallc.com\/index.php\/de\/product\/apple-iphone-12-64gb-blau-vollstaendig-freigeschaltet-erneuert-us-version\/","url_meta":{"origin":9892,"position":0},"title":"Apple iPhone 12, 64GB, Blau &#8211; Vollst\u00e4ndig freigeschaltet (Erneuert) US Version","date":"April 15, 2026","format":false,"excerpt":"Das Apple iPhone 12 verf\u00fcgt \u00fcber ein 6,1 Zoll gro\u00dfes OLED-Display, den 5nm Apple A14 Bionic Prozessor und eine Dual-Kamera mit gro\u00dfem Sensor. 5G und Face ID geh\u00f6ren ebenso zur Standardausstattung wie die Unterst\u00fctzung von True Tone f\u00fcr die Anpassung des Wei\u00dfabgleichs an das Umgebungslicht und die Unterst\u00fctzung von Wide\u2026","rel":"","context":"Similar post","img":{"alt_text":"","src":"https:\/\/i0.wp.com\/anythingtechnicallc.com\/wp-content\/uploads\/2026\/04\/Apple-iPhone-12-64GB-Blue-Unlocked-Renewed.jpg?fit=900%2C1200&ssl=1&resize=350%2C200","width":350,"height":200},"classes":[]},{"id":9334,"url":"https:\/\/anythingtechnicallc.com\/index.php\/de\/product\/apple-ipod-nano-16gb-space-grau-7-generation-erneuert-2\/","url_meta":{"origin":9892,"position":1},"title":"Apple iPod nano 16GB Space Grau (7. Generation) (Erneuert)","date":"March 19, 2026","format":false,"excerpt":"Apple beschreibt ihn als den \"d\u00fcnnsten iPod aller Zeiten\". Er ist 38% d\u00fcnner (5,4 mm) als der Nano, den er ersetzt (8,78 mm), und bietet die M\u00f6glichkeit, kabellose Bluetooth 4.0 Headsets, Lautsprecher und andere Ger\u00e4te (wie z.B. Herzfrequenzmesser) zu verwenden. Es enth\u00e4lt weiterhin die Nike+iPod Fitness-Option sowie einen FM-Radio-Tuner, der\u2026","rel":"","context":"Similar post","img":{"alt_text":"","src":"https:\/\/i0.wp.com\/anythingtechnicallc.com\/wp-content\/uploads\/2025\/07\/619LaTAYEPL._AC_SL1500_.jpg?fit=397%2C1200&ssl=1&resize=350%2C200","width":350,"height":200},"classes":[]},{"id":9221,"url":"https:\/\/anythingtechnicallc.com\/index.php\/de\/product\/apple-ipod-nano-16gb-space-grau-7-generation-erneuert\/","url_meta":{"origin":9892,"position":2},"title":"Apple iPod nano 16GB Space Grau (7. Generation) (Erneuert)","date":"March 19, 2026","format":false,"excerpt":"Apple beschreibt ihn als den \"d\u00fcnnsten iPod aller Zeiten\". Er ist 38% d\u00fcnner (5,4 mm) als der Nano, den er ersetzt (8,78 mm), und bietet die M\u00f6glichkeit, kabellose Bluetooth 4.0 Headsets, Lautsprecher und andere Ger\u00e4te (wie z.B. Herzfrequenzmesser) zu verwenden. Es enth\u00e4lt weiterhin die Nike+iPod Fitness-Option sowie einen FM-Radio-Tuner, der\u2026","rel":"","context":"Similar post","img":{"alt_text":"","src":"https:\/\/i0.wp.com\/anythingtechnicallc.com\/wp-content\/uploads\/2025\/03\/Apple-iPod-nano-16GB-Space-Gray-7th-Generation-Renewed.jpg?fit=1019%2C1200&ssl=1&resize=350%2C200","width":350,"height":200},"classes":[]},{"id":9708,"url":"https:\/\/anythingtechnicallc.com\/index.php\/de\/product\/apple-2018-macbook-air-mit-16ghz-intel-core-i5-13-zoll-8gb-ram-128gb-ssd-speicher-silber-erneuert\/","url_meta":{"origin":9892,"position":3},"title":"Apple 2018 MacBook Air mit 1,6GHz Intel Core i5, 13 Zoll, 8GB RAM, 128GB SSD Speicher &#8211; Silber (Erneuert)","date":"March 24, 2026","format":false,"excerpt":"Atemberaubendes 13,3-Zoll-Retina-Display. Touch ID und die neueste von Apple entworfene Tastatur. Dual-Core Intel Core i5 Prozessor der 8. Generation mit Intel UHD Graphics 617. Schneller SSD-Speicher und 8 GB Arbeitsspeicher. Stereolautsprecher mit breiterem Stereoklang.","rel":"","context":"Similar post","img":{"alt_text":"","src":"https:\/\/i0.wp.com\/anythingtechnicallc.com\/wp-content\/uploads\/2026\/02\/Apple-2018-MacBook-Air.jpg?fit=900%2C1200&ssl=1&resize=350%2C200","width":350,"height":200},"classes":[]},{"id":9340,"url":"https:\/\/anythingtechnicallc.com\/index.php\/de\/product\/gebrauchtes-apple-2019-ipad-air-3-generation-105-zoll-wifi-64gb-silber\/","url_meta":{"origin":9892,"position":4},"title":"Gebrauchtes Apple 2019 iPad Air 3. Generation (10,5 Zoll, WiFi, 64GB) &#8211; Silber","date":"March 19, 2026","format":false,"excerpt":"10,5-Zoll-Retina-Display mit True Tone und breiten Farben. A12 Bionic Chip. Touch ID Fingerabdrucksensor und Apple Pay. 8MP Kamera auf der R\u00fcckseite, 7MP FaceTime HD Frontkamera. Stereo-Lautsprecher. 802.11ac Wi-Fi. Bis zu 10 Stunden Akkulaufzeit. Lightning-Anschluss zum Aufladen und f\u00fcr Zubeh\u00f6r. IOS mit FaceTime f\u00fcr Gruppen, gemeinsamen Augmented Reality Erlebnissen, Bildschirmzeit und\u2026","rel":"","context":"Similar post","img":{"alt_text":"","src":"https:\/\/i0.wp.com\/anythingtechnicallc.com\/wp-content\/uploads\/2025\/07\/617QFmtXctL._AC_SL1500_.jpg?fit=1027%2C1200&ssl=1&resize=350%2C200","width":350,"height":200},"classes":[]},{"id":9831,"url":"https:\/\/anythingtechnicallc.com\/index.php\/de\/product\/apple-ipad-11-zoll-a16-chip-11-zoll-modell-liquid-retina-display-128gb-wi-fi-6-12mp-front-12mp-rueckkamera-touch-id-ganztaegige-batterielaufzeit-blau\/","url_meta":{"origin":9892,"position":5},"title":"Apple iPad 11-Zoll: A16 Chip, 11-Zoll Modell, Liquid Retina Display, 128GB, Wi-Fi 6, 12MP Front-\/12MP R\u00fcckkamera, Touch ID, Ganzt\u00e4gige Batterielaufzeit &#8211; Blau","date":"April 8, 2026","format":false,"excerpt":"WARUM IPAD - Das 11-Zoll-iPad ist jetzt leistungsf\u00e4higer denn je mit dem superschnellen A16-Chip, einem atemberaubenden Liquid Retina-Display, fortschrittlichen Kameras, schnellem Wi-Fi, USB-C-Anschluss und vier pr\u00e4chtigen Farben.* Das iPad bietet eine leistungsstarke M\u00f6glichkeit, zu kreieren, in Verbindung zu bleiben und Dinge zu erledigen. LEISTUNG UND SPEICHER - Der superschnelle A16\u2026","rel":"","context":"Similar post","img":{"alt_text":"","src":"https:\/\/i0.wp.com\/anythingtechnicallc.com\/wp-content\/uploads\/2026\/03\/61aPY8odPSL._AC_SL1500_.jpg?fit=1061%2C1200&ssl=1&resize=350%2C200","width":350,"height":200},"classes":[]}],"pll_sync_post":[],"lang":"de","translations":{"de":9892,"en":9758},"_links":{"self":[{"href":"https:\/\/anythingtechnicallc.com\/index.php\/wp-json\/wp\/v2\/product\/9892","targetHints":{"allow":["GET"]}}],"collection":[{"href":"https:\/\/anythingtechnicallc.com\/index.php\/wp-json\/wp\/v2\/product"}],"about":[{"href":"https:\/\/anythingtechnicallc.com\/index.php\/wp-json\/wp\/v2\/types\/product"}],"replies":[{"embeddable":true,"href":"https:\/\/anythingtechnicallc.com\/index.php\/wp-json\/wp\/v2\/comments?post=9892"}],"wp:featuredmedia":[{"embeddable":true,"href":"https:\/\/anythingtechnicallc.com\/index.php\/wp-json\/wp\/v2\/media\/9891"}],"wp:attachment":[{"href":"https:\/\/anythingtechnicallc.com\/index.php\/wp-json\/wp\/v2\/media?parent=9892"}],"wp:term":[{"taxonomy":"product_brand","embeddable":true,"href":"https:\/\/anythingtechnicallc.com\/index.php\/wp-json\/wp\/v2\/product_brand?post=9892"},{"taxonomy":"product_cat","embeddable":true,"href":"https:\/\/anythingtechnicallc.com\/index.php\/wp-json\/wp\/v2\/product_cat?post=9892"},{"taxonomy":"product_tag","embeddable":true,"href":"https:\/\/anythingtechnicallc.com\/index.php\/wp-json\/wp\/v2\/product_tag?post=9892"}],"curies":[{"name":"wp","href":"https:\/\/api.w.org\/{rel}","templated":true}]}}