{"id":9898,"date":"2026-04-15T06:49:23","date_gmt":"2026-04-15T06:49:23","guid":{"rendered":"https:\/\/anythingtechnicallc.com\/?post_type=product&#038;p=9898"},"modified":"2026-04-15T06:49:23","modified_gmt":"2026-04-15T06:49:23","slug":"apple-watch-series-8-gps-45mm-mitternachts-aluminium-gehaeuse-mit-mitternachts-sportband-m-l-erneuert","status":"publish","type":"product","link":"https:\/\/anythingtechnicallc.com\/index.php\/de\/product\/apple-watch-series-8-gps-45mm-mitternachts-aluminium-gehaeuse-mit-mitternachts-sportband-m-l-erneuert\/","title":{"rendered":"Apple Watch Series 8 [GPS, 45mm] &#8211; Mitternachts-Aluminium-Geh\u00e4use mit Mitternachts-Sportband, M\/L (Erneuert)"},"content":{"rendered":"<ul class=\"a-unordered-list a-vertical a-spacing-mini\">\n<li class=\"a-spacing-mini\"><span class=\"a-list-item\">WARUM APPLE WATCH SERIES 8 &#8211; Ihr unverzichtbarer Begleiter f\u00fcr ein gesundes Leben ist jetzt noch leistungsst\u00e4rker. Fortschrittliche Sensoren liefern Erkenntnisse, die Ihnen helfen, Ihre Gesundheit besser zu verstehen. Neue Sicherheitsfunktionen holen Ihnen Hilfe, wenn Sie sie brauchen. Das helle, immer verf\u00fcgbare Retina-Display ist leicht ablesbar, auch wenn Sie das Handgelenk nach unten halten. <\/span><\/li>\n<li class=\"a-spacing-mini\"><span class=\"a-list-item\">EINFACH ANPASSBAR &#8211; Erh\u00e4ltlich in verschiedenen Gr\u00f6\u00dfen und Materialien, mit Dutzenden von Armb\u00e4ndern zur Auswahl und Zifferbl\u00e4ttern mit Komplikationen, die auf Ihre Vorlieben zugeschnitten sind. <\/span><\/li>\n<li class=\"a-spacing-mini\"><span class=\"a-list-item\">INNOVATIVE SICHERHEITSFUNKTIONEN &#8211; Crash Detection und Fall Detection k\u00f6nnen Sie im Falle eines schweren Autounfalls oder eines schweren Sturzes automatisch mit dem Notdienst verbinden. Und Emergency SOS bietet dringende Hilfe per Knopfdruck. <\/span><\/li>\n<li class=\"a-spacing-mini\"><span class=\"a-list-item\">FORTGESCHRITTENE GESUNDHEITSFUNKTIONEN &#8211; Die Temperaturerfassung ist eine bahnbrechende Funktion, die tiefe Einblicke in die Gesundheit von Frauen bietet. Behalten Sie Ihren Blutsauerstoff im Auge. Machen Sie jederzeit ein EKG. Erhalten Sie Benachrichtigungen, wenn Sie einen unregelm\u00e4\u00dfigen Rhythmus haben. Und sehen Sie mit Sleep Stages, wie viel Zeit Sie im REM-, Kern- oder Tiefschlaf verbracht haben. <\/span><\/li>\n<li class=\"a-spacing-mini\"><span class=\"a-list-item\">EINFACH KOMPATIBEL &#8211; Es arbeitet nahtlos mit Ihren Apple-Ger\u00e4ten und -Diensten zusammen. Entsperren Sie Ihren Mac automatisch. Finden Sie Ihre Ger\u00e4te mit einem Fingertipp. Bezahlen und senden Sie Geld mit Apple Pay. Die Apple Watch erfordert ein iPhone 8 oder neuer mit der neuesten iOS-Version. <\/span><\/li>\n<\/ul>\n","protected":false},"excerpt":{"rendered":"<ul class=\"a-unordered-list a-vertical a-spacing-mini\">\n<li class=\"a-spacing-mini\"><span class=\"a-list-item\">WARUM APPLE WATCH SERIES 8 &#8211; Ihr unverzichtbarer Begleiter f\u00fcr ein gesundes Leben ist jetzt noch leistungsst\u00e4rker. Fortschrittliche Sensoren liefern Erkenntnisse, die Ihnen helfen, Ihre Gesundheit besser zu verstehen. Neue Sicherheitsfunktionen holen Ihnen Hilfe, wenn Sie sie brauchen. Das helle, immer verf\u00fcgbare Retina-Display ist leicht ablesbar, auch wenn Sie das Handgelenk nach unten halten. <\/span><\/li>\n<li class=\"a-spacing-mini\"><span class=\"a-list-item\">EINFACH ANPASSBAR &#8211; Erh\u00e4ltlich in verschiedenen Gr\u00f6\u00dfen und Materialien, mit Dutzenden von Armb\u00e4ndern zur Auswahl und Zifferbl\u00e4ttern mit Komplikationen, die auf Ihre Vorlieben zugeschnitten sind. <\/span><\/li>\n<li class=\"a-spacing-mini\"><span class=\"a-list-item\">INNOVATIVE SICHERHEITSFUNKTIONEN &#8211; Crash Detection und Fall Detection k\u00f6nnen Sie im Falle eines schweren Autounfalls oder eines schweren Sturzes automatisch mit dem Notdienst verbinden. Und Emergency SOS bietet dringende Hilfe per Knopfdruck. <\/span><\/li>\n<li class=\"a-spacing-mini\"><span class=\"a-list-item\">FORTGESCHRITTENE GESUNDHEITSFUNKTIONEN &#8211; Die Temperaturerfassung ist eine bahnbrechende Funktion, die tiefe Einblicke in die Gesundheit von Frauen bietet. Behalten Sie Ihren Blutsauerstoff im Auge. Machen Sie jederzeit ein EKG. Erhalten Sie Benachrichtigungen, wenn Sie einen unregelm\u00e4\u00dfigen Rhythmus haben. Und sehen Sie mit Sleep Stages, wie viel Zeit Sie im REM-, Kern- oder Tiefschlaf verbracht haben. <\/span><\/li>\n<li class=\"a-spacing-mini\"><span class=\"a-list-item\">EINFACH KOMPATIBEL &#8211; Es arbeitet nahtlos mit Ihren Apple-Ger\u00e4ten und -Diensten zusammen. Entsperren Sie Ihren Mac automatisch. Finden Sie Ihre Ger\u00e4te mit einem Fingertipp. Bezahlen und senden Sie Geld mit Apple Pay. Die Apple Watch erfordert ein iPhone 8 oder neuer mit der neuesten iOS-Version. <\/span><\/li>\n<\/ul>\n","protected":false},"featured_media":9897,"comment_status":"open","ping_status":"closed","template":"","meta":{"_et_pb_use_builder":"","_et_pb_old_content":"","_et_gb_content_width":""},"product_brand":[],"product_cat":[1574],"product_tag":[],"class_list":{"0":"post-9898","1":"product","2":"type-product","3":"status-publish","4":"has-post-thumbnail","6":"product_cat-generalueberholtes-tablet-laptop","8":"first","9":"instock","10":"sale","11":"taxable","12":"shipping-taxable","13":"purchasable","14":"product-type-simple"},"exclude_global_add_ons":[],"addons":[],"jetpack-related-posts":[{"id":9343,"url":"https:\/\/anythingtechnicallc.com\/index.php\/de\/product\/apple-watch-series-5-gps-44mm-spacegraues-aluminiumgehaeuse-mit-schwarzem-sportband-erneuert\/","url_meta":{"origin":9898,"position":0},"title":"Apple Watch Series 5 (GPS, 44MM) &#8211; Spacegraues Aluminiumgeh\u00e4use mit schwarzem Sportband (Erneuert)","date":"March 19, 2026","format":false,"excerpt":"LASSEN SIE IHR TELEFON IN IHRER TASCHE: Mit dem Apple Watch Series 5 GPS-Modell k\u00f6nnen Sie von Ihrem Handgelenk aus telefonieren, simsen und Wegbeschreibungen abrufen, w\u00e4hrend Sie Ihr Telefon in der Tasche lassen. Sie bietet mehrere Konnektivit\u00e4tsoptionen, darunter: Bluetooth, Wi-Fi und NFC, um alle Ihre m\u00f6glichen Bed\u00fcrfnisse zu erf\u00fcllen. ALWAYS-ON\u2026","rel":"","context":"Similar post","img":{"alt_text":"","src":"https:\/\/i0.wp.com\/anythingtechnicallc.com\/wp-content\/uploads\/2025\/07\/713-HQZrUCL._AC_SL1500_.jpg?fit=1021%2C1200&ssl=1&resize=350%2C200","width":350,"height":200},"classes":[]},{"id":9372,"url":"https:\/\/anythingtechnicallc.com\/index.php\/de\/product\/belkin-magsafe-3-in-1-wireless-charging-pad-schnelles-drahtloses-aufladen-fuer-apple-watch-iphone-16-iphone-15-iphone-14-iphone-12-serie-airpods-ladestation-fuer-mehrere-geraete-schwarz\/","url_meta":{"origin":9898,"position":1},"title":"Belkin MagSafe 3-in-1 Wireless Charging Pad &#8211; Schnelles drahtloses Aufladen f\u00fcr Apple Watch, iPhone 16, iPhone 15, iPhone 14, &#038; iPhone 12 Serie, &#038; AirPods &#8211; Ladestation f\u00fcr mehrere Ger\u00e4te &#8211; Schwarz","date":"March 19, 2026","format":false,"excerpt":"VON RENOMMIERTEN MEDIEN VORGESTELLT: Dieses Pad ist mit verschiedenen Smartphones kompatibel und wird von Organisationen wie Yahoo, CNN Underscored und anderen f\u00fcr seinen integrierten MagSafe anerkannt. Forbes bezeichnet es als \"bestes Ladepad f\u00fcr Apple Watch Series 7 Nutzer\". 3-IN-1-LADEGER\u00c4T LADET IHR IPHONE, APPLE WATCH und AIRPODS GLEICHZEITIG AUF: Versorgen Sie\u2026","rel":"","context":"Similar post","img":{"alt_text":"","src":"https:\/\/i0.wp.com\/anythingtechnicallc.com\/wp-content\/uploads\/2025\/08\/61D5I3EBqL._AC_SL1500_.jpg?fit=913%2C1200&ssl=1&resize=350%2C200","width":350,"height":200},"classes":[]},{"id":9831,"url":"https:\/\/anythingtechnicallc.com\/index.php\/de\/product\/apple-ipad-11-zoll-a16-chip-11-zoll-modell-liquid-retina-display-128gb-wi-fi-6-12mp-front-12mp-rueckkamera-touch-id-ganztaegige-batterielaufzeit-blau\/","url_meta":{"origin":9898,"position":2},"title":"Apple iPad 11-Zoll: A16 Chip, 11-Zoll Modell, Liquid Retina Display, 128GB, Wi-Fi 6, 12MP Front-\/12MP R\u00fcckkamera, Touch ID, Ganzt\u00e4gige Batterielaufzeit &#8211; Blau","date":"April 8, 2026","format":false,"excerpt":"WARUM IPAD - Das 11-Zoll-iPad ist jetzt leistungsf\u00e4higer denn je mit dem superschnellen A16-Chip, einem atemberaubenden Liquid Retina-Display, fortschrittlichen Kameras, schnellem Wi-Fi, USB-C-Anschluss und vier pr\u00e4chtigen Farben.* Das iPad bietet eine leistungsstarke M\u00f6glichkeit, zu kreieren, in Verbindung zu bleiben und Dinge zu erledigen. LEISTUNG UND SPEICHER - Der superschnelle A16\u2026","rel":"","context":"Similar post","img":{"alt_text":"","src":"https:\/\/i0.wp.com\/anythingtechnicallc.com\/wp-content\/uploads\/2026\/03\/61aPY8odPSL._AC_SL1500_.jpg?fit=1061%2C1200&ssl=1&resize=350%2C200","width":350,"height":200},"classes":[]},{"id":9626,"url":"https:\/\/anythingtechnicallc.com\/index.php\/de\/product\/gebrauchte-dell-wd19s-180w-docking-station-130w-power-delivery-usb-c-hdmi-dual-displayport-schwarz\/","url_meta":{"origin":9898,"position":3},"title":"Gebrauchte Dell WD19S 180W Docking Station (130W Power Delivery) USB-C, HDMI, Dual DisplayPort, Schwarz","date":"March 24, 2026","format":false,"excerpt":"Der WD19S verf\u00fcgt \u00fcber einen einzigen USB-Typ-C-Eingang und ein mitgeliefertes Kabel, das bei kompatiblen Dell-Notebooks eine Leistung von 130 W und bei Nicht-Dell-Systemen eine Leistung von 90 W liefert, wenn das mitgelieferte 180-Watt-Netzteil angeschlossen ist, was die M\u00f6glichkeiten Ihres Notebooks beim Aufladen erweitert. Wenn er angeschlossen ist, bietet Ihnen dieser\u2026","rel":"","context":"Similar post","img":{"alt_text":"","src":"https:\/\/i0.wp.com\/anythingtechnicallc.com\/wp-content\/uploads\/2025\/10\/Dell-WD19S-180W-Docking-Station.jpg?fit=900%2C1200&ssl=1&resize=350%2C200","width":350,"height":200},"classes":[]},{"id":9677,"url":"https:\/\/anythingtechnicallc.com\/index.php\/de\/product\/bose-quietcomfort-earbuds-ii-drahtlos-bluetooth-weltbeste-in-ear-kopfhoerer-mit-personalisierter-geraeuschunterdrueckung-sound-triple-black-erneuert\/","url_meta":{"origin":9898,"position":4},"title":"Bose QuietComfort Earbuds II, drahtlos, Bluetooth, weltbeste In-Ear-Kopfh\u00f6rer mit personalisierter Ger\u00e4uschunterdr\u00fcckung &#038; Sound, Triple Black (Erneuert)","date":"March 24, 2026","format":false,"excerpt":"QUIETCOMFORT EARBUDS II: Diese neuen kabellosen Bluetooth-Ohrh\u00f6rer mit Ger\u00e4uschunterdr\u00fcckung von BOSE wurden nicht nach einem Einheitsschema entwickelt. Diese kabellosen Ohrh\u00f6rer der n\u00e4chsten Generation sind so konzipiert, dass sie zu Ihnen passen. Sie passen die Ger\u00e4uschunterdr\u00fcckung und die Klangleistung intelligent an, damit Sie ungest\u00f6rt und mitrei\u00dfend h\u00f6ren k\u00f6nnen, wo immer Sie\u2026","rel":"","context":"Similar post","img":{"alt_text":"","src":"https:\/\/i0.wp.com\/anythingtechnicallc.com\/wp-content\/uploads\/2026\/01\/Bose-QuietComfort-Earbuds-II-Black.jpg?fit=1200%2C1200&ssl=1&resize=350%2C200","width":350,"height":200},"classes":[]},{"id":9602,"url":"https:\/\/anythingtechnicallc.com\/index.php\/de\/product\/bose-quietcomfort-earbuds-ii-drahtlos-bluetooth-die-weltbesten-in-ear-kopfhoerer-mit-personalisierter-geraeuschunterdrueckung-sound-speckstein-erneuert\/","url_meta":{"origin":9898,"position":5},"title":"Bose QuietComfort Earbuds II, drahtlos, Bluetooth, die weltbesten In-Ear-Kopfh\u00f6rer mit personalisierter Ger\u00e4uschunterdr\u00fcckung &#038; Sound, Speckstein (erneuert)","date":"March 24, 2026","format":false,"excerpt":"QUIETCOMFORT EARBUDS II: Diese neuen kabellosen Bluetooth-Ohrh\u00f6rer mit Ger\u00e4uschunterdr\u00fcckung von Bose wurden nicht nach einem Einheitsschema entwickelt. Diese kabellosen Ohrh\u00f6rer der n\u00e4chsten Generation sind so konzipiert, dass sie zu Ihnen passen. Sie passen die Ger\u00e4uschunterdr\u00fcckung und die Klangleistung intelligent an, damit Sie ungest\u00f6rt und mitrei\u00dfend h\u00f6ren k\u00f6nnen, wo immer Sie\u2026","rel":"","context":"Similar post","img":{"alt_text":"","src":"https:\/\/i0.wp.com\/anythingtechnicallc.com\/wp-content\/uploads\/2025\/10\/41EDZfsEA4L._AC_SL1500_.jpg?fit=1026%2C1129&ssl=1&resize=350%2C200","width":350,"height":200},"classes":[]}],"pll_sync_post":[],"lang":"de","translations":{"de":9898,"en":9762},"_links":{"self":[{"href":"https:\/\/anythingtechnicallc.com\/index.php\/wp-json\/wp\/v2\/product\/9898","targetHints":{"allow":["GET"]}}],"collection":[{"href":"https:\/\/anythingtechnicallc.com\/index.php\/wp-json\/wp\/v2\/product"}],"about":[{"href":"https:\/\/anythingtechnicallc.com\/index.php\/wp-json\/wp\/v2\/types\/product"}],"replies":[{"embeddable":true,"href":"https:\/\/anythingtechnicallc.com\/index.php\/wp-json\/wp\/v2\/comments?post=9898"}],"wp:featuredmedia":[{"embeddable":true,"href":"https:\/\/anythingtechnicallc.com\/index.php\/wp-json\/wp\/v2\/media\/9897"}],"wp:attachment":[{"href":"https:\/\/anythingtechnicallc.com\/index.php\/wp-json\/wp\/v2\/media?parent=9898"}],"wp:term":[{"taxonomy":"product_brand","embeddable":true,"href":"https:\/\/anythingtechnicallc.com\/index.php\/wp-json\/wp\/v2\/product_brand?post=9898"},{"taxonomy":"product_cat","embeddable":true,"href":"https:\/\/anythingtechnicallc.com\/index.php\/wp-json\/wp\/v2\/product_cat?post=9898"},{"taxonomy":"product_tag","embeddable":true,"href":"https:\/\/anythingtechnicallc.com\/index.php\/wp-json\/wp\/v2\/product_tag?post=9898"}],"curies":[{"name":"wp","href":"https:\/\/api.w.org\/{rel}","templated":true}]}}