{"id":9901,"date":"2026-04-15T06:53:47","date_gmt":"2026-04-15T06:53:47","guid":{"rendered":"https:\/\/anythingtechnicallc.com\/?post_type=product&#038;p=9901"},"modified":"2026-04-15T06:53:47","modified_gmt":"2026-04-15T06:53:47","slug":"samsung-galaxy-s21-5g-us-version-128gb-phantom-grau-freigegeben-verlaengert","status":"publish","type":"product","link":"https:\/\/anythingtechnicallc.com\/index.php\/de\/product\/samsung-galaxy-s21-5g-us-version-128gb-phantom-grau-freigegeben-verlaengert\/","title":{"rendered":"Samsung Galaxy S21 5G, US Version, 128GB, Phantom Grau &#8211; Freigegeben (Verl\u00e4ngert)"},"content":{"rendered":"<ul class=\"a-unordered-list a-vertical a-spacing-mini\">\n<li class=\"a-spacing-mini\"><span class=\"a-list-item\">Display: 6,2&#8243; AMOLED-Display mit 120 Hz Bildwiederholfrequenz und 1300 nits Helligkeit f\u00fcr lebendige Bilder und fl\u00fcssiges Scrollen. <\/span><\/li>\n<li class=\"a-spacing-mini\"><span class=\"a-list-item\">Kamera: R\u00fcckw\u00e4rtiges Dual-Kamera-System mit 64MP-Haupt- und 12MP-Ultraweitwinkelobjektiv f\u00fcr atemberaubende Fotos und Videos. <\/span><\/li>\n<li class=\"a-spacing-mini\"><span class=\"a-list-item\">Speicher: 128 GB interner Speicher und 8 GB RAM f\u00fcr eine Vielzahl von Apps und Dateien. <\/span><\/li>\n<li class=\"a-spacing-mini\"><span class=\"a-list-item\">Konnektivit\u00e4t: 5G-f\u00e4hig mit Unterst\u00fctzung f\u00fcr GSM-, CDMA- und Wi-Fi-Netzwerke. <\/span><\/li>\n<li class=\"a-spacing-mini\"><span class=\"a-list-item\">Akku: Der 4000mAh-Akku liefert den ganzen Tag \u00fcber Energie f\u00fcr Ihre t\u00e4glichen Bed\u00fcrfnisse. <\/span><\/li>\n<\/ul>\n","protected":false},"excerpt":{"rendered":"<ul class=\"a-unordered-list a-vertical a-spacing-mini\">\n<li class=\"a-spacing-mini\"><span class=\"a-list-item\">Display: 6,2&#8243; AMOLED-Display mit 120 Hz Bildwiederholfrequenz und 1300 nits Helligkeit f\u00fcr lebendige Bilder und fl\u00fcssiges Scrollen. <\/span><\/li>\n<li class=\"a-spacing-mini\"><span class=\"a-list-item\">Kamera: R\u00fcckw\u00e4rtiges Dual-Kamera-System mit 64MP-Haupt- und 12MP-Ultraweitwinkelobjektiv f\u00fcr atemberaubende Fotos und Videos. <\/span><\/li>\n<li class=\"a-spacing-mini\"><span class=\"a-list-item\">Speicher: 128 GB interner Speicher und 8 GB RAM f\u00fcr eine Vielzahl von Apps und Dateien. <\/span><\/li>\n<li class=\"a-spacing-mini\"><span class=\"a-list-item\">Konnektivit\u00e4t: 5G-f\u00e4hig mit Unterst\u00fctzung f\u00fcr GSM-, CDMA- und Wi-Fi-Netzwerke. <\/span><\/li>\n<li class=\"a-spacing-mini\"><span class=\"a-list-item\">Akku: Der 4000mAh-Akku liefert den ganzen Tag \u00fcber Energie f\u00fcr Ihre t\u00e4glichen Bed\u00fcrfnisse. <\/span><\/li>\n<\/ul>\n","protected":false},"featured_media":9900,"comment_status":"open","ping_status":"closed","template":"","meta":{"_et_pb_use_builder":"","_et_pb_old_content":"","_et_gb_content_width":""},"product_brand":[],"product_cat":[1574],"product_tag":[],"class_list":{"0":"post-9901","1":"product","2":"type-product","3":"status-publish","4":"has-post-thumbnail","6":"product_cat-generalueberholtes-tablet-laptop","8":"first","9":"instock","10":"sale","11":"taxable","12":"shipping-taxable","13":"purchasable","14":"product-type-simple"},"exclude_global_add_ons":[],"addons":[],"jetpack-related-posts":[{"id":9828,"url":"https:\/\/anythingtechnicallc.com\/index.php\/de\/product\/apple-macbook-pro-2020-mit-apple-m1-chip-13-zoll-8gb-ram-256gb-ssd-speicher-space-grau-erneuert\/","url_meta":{"origin":9901,"position":0},"title":"Apple MacBook Pro 2020 mit Apple M1 Chip (13 Zoll, 8GB RAM, 256GB SSD Speicher) Space Grau (Erneuert)","date":"April 8, 2026","format":false,"excerpt":"Von Apple entwickelter M1-Chip f\u00fcr einen gewaltigen Leistungssprung bei CPU, GPU und maschinellem Lernen - Bis zu 20 Stunden Batterielaufzeit. 8-Kern-CPU liefert bis zu 2,8x schnellere Leistung - 8-Kern-GPU mit bis zu 5x schnellerer Grafik. 13,3-Zoll-Retina-Display mit 500 nits Helligkeit f\u00fcr leuchtende Farben und unglaubliche Bilddetails. Neural Engine mit 16\u2026","rel":"","context":"Similar post","img":{"alt_text":"","src":"https:\/\/i0.wp.com\/anythingtechnicallc.com\/wp-content\/uploads\/2026\/03\/Apple-MacBook-Pro-2020-with-Apple-M1.jpg?fit=900%2C1200&ssl=1&resize=350%2C200","width":350,"height":200},"classes":[]},{"id":9831,"url":"https:\/\/anythingtechnicallc.com\/index.php\/de\/product\/apple-ipad-11-zoll-a16-chip-11-zoll-modell-liquid-retina-display-128gb-wi-fi-6-12mp-front-12mp-rueckkamera-touch-id-ganztaegige-batterielaufzeit-blau\/","url_meta":{"origin":9901,"position":1},"title":"Apple iPad 11-Zoll: A16 Chip, 11-Zoll Modell, Liquid Retina Display, 128GB, Wi-Fi 6, 12MP Front-\/12MP R\u00fcckkamera, Touch ID, Ganzt\u00e4gige Batterielaufzeit &#8211; Blau","date":"April 8, 2026","format":false,"excerpt":"WARUM IPAD - Das 11-Zoll-iPad ist jetzt leistungsf\u00e4higer denn je mit dem superschnellen A16-Chip, einem atemberaubenden Liquid Retina-Display, fortschrittlichen Kameras, schnellem Wi-Fi, USB-C-Anschluss und vier pr\u00e4chtigen Farben.* Das iPad bietet eine leistungsstarke M\u00f6glichkeit, zu kreieren, in Verbindung zu bleiben und Dinge zu erledigen. LEISTUNG UND SPEICHER - Der superschnelle A16\u2026","rel":"","context":"Similar post","img":{"alt_text":"","src":"https:\/\/i0.wp.com\/anythingtechnicallc.com\/wp-content\/uploads\/2026\/03\/61aPY8odPSL._AC_SL1500_.jpg?fit=1061%2C1200&ssl=1&resize=350%2C200","width":350,"height":200},"classes":[]},{"id":9515,"url":"https:\/\/anythingtechnicallc.com\/index.php\/de\/product\/dji-osmo-action-4-standard-combo-4k-120fps-wasserdichte-action-kamera-mit-1-13-zoll-sensor-atemberaubende-low-light-bilder-10-bit-d-log-m-farbleistung-lange-laufzeit-von-160-minuten-outdoor-ka\/","url_meta":{"origin":9901,"position":2},"title":"DJI Osmo Action 4 Standard Combo, 4K\/120fps Wasserdichte Action-Kamera mit 1\/1,3-Zoll-Sensor, atemberaubende Low-Light-Bilder, 10-Bit &#038; D-Log M Farbleistung, lange Laufzeit von 160 Minuten, Outdoor-Kamera","date":"March 21, 2026","format":false,"excerpt":"Tadellose Bildqualit\u00e4t bei Tag und Nacht - Erleben Sie mit dem gro\u00dfen 1\/1,3-Zoll-Sensor der 4K-Actionkamera eine atemberaubende Bildsch\u00e4rfe und unvergleichliche Leistung bei schlechten Lichtverh\u00e4ltnissen, die jedes Abenteuer von der Morgend\u00e4mmerung bis zur Abendd\u00e4mmerung in atemberaubenden Details festh\u00e4lt. Lebendige, naturgetreue Farben - Werten Sie Ihre Aufnahmen mit 10-Bit und D-Log M\u2026","rel":"","context":"Similar post","img":{"alt_text":"","src":"https:\/\/i0.wp.com\/anythingtechnicallc.com\/wp-content\/uploads\/2025\/08\/71wlB2kVcL._AC_SL1500_.jpg?fit=1200%2C762&ssl=1&resize=350%2C200","width":350,"height":200},"classes":[]},{"id":9152,"url":"https:\/\/anythingtechnicallc.com\/index.php\/de\/product\/apple-macbook-pro-13-zoll-23ghz-core-i5-256gb-space-grau-2017-erneuert\/","url_meta":{"origin":9901,"position":3},"title":"Apple MacBook Pro 13 Zoll 2,3GHz Core i5, 256GB &#8211; Space Grau &#8211; 2017 (Erneuert)","date":"March 19, 2026","format":false,"excerpt":"Marke Apfel Modell Name MacBook Pro Bildschirmgr\u00f6\u00dfe 13 Zoll Farbe Space Grau Festplattengr\u00f6\u00dfe 256 GB CPU-Modell Kern i5 Installierter Ram-Speicher Gr\u00f6\u00dfe 8 GB Betriebssystem Mac OS Besonderes Merkmal 500 nits Helligkeit, Retina Display, 3.5mm Kopfh\u00f6reranschluss, Stereo-Lautsprecher, Force Touch Trackpad, Beschreibung der Grafikkarte Intel Iris Plus Grafik 640, integriert","rel":"","context":"Similar post","img":{"alt_text":"","src":"https:\/\/i0.wp.com\/anythingtechnicallc.com\/wp-content\/uploads\/2025\/02\/71uQHOdVOOL._AC_SL1362_.jpg?fit=1200%2C803&ssl=1&resize=350%2C200","width":350,"height":200},"classes":[]},{"id":9635,"url":"https:\/\/anythingtechnicallc.com\/index.php\/de\/product\/gebrauchte-dji-mini-2-ultraleichter-und-faltbarer-drohnen-quadcopter-3-achsen-gimbal-mit-4k-kamera-12mp-foto-31-minuten-flugzeit-ocusync-2-0-10km-hd-videouebertragung-quickshots-grau\/","url_meta":{"origin":9901,"position":4},"title":"Gebrauchte DJI Mini 2 &#8211; Ultraleichter und faltbarer Drohnen-Quadcopter, 3-Achsen-Gimbal mit 4K Kamera, 12MP Foto, 31 Minuten Flugzeit, OcuSync 2.0 10km HD Video\u00fcbertragung, QuickShots Grau","date":"March 24, 2026","format":false,"excerpt":"\u3010PACKEN SIE LEICHT, FLIEGEN SIE FREI\u3011: Mit weniger als 249 g wiegt sie etwa so viel wie ein Apfel und passt in Ihre Handfl\u00e4che. Kompakt und praktisch ist diese kleine Drohne Ihr idealer Reisebegleiter, der die Art und Weise, wie Sie Ihre sch\u00f6nsten Erinnerungen festhalten, ver\u00e4ndert. \u30103-AXIS GIMBAL MIT 4K\u2026","rel":"","context":"Similar post","img":{"alt_text":"","src":"https:\/\/i0.wp.com\/anythingtechnicallc.com\/wp-content\/uploads\/2025\/10\/DJI-Mini-2.jpg?fit=900%2C1200&ssl=1&resize=350%2C200","width":350,"height":200},"classes":[]},{"id":9702,"url":"https:\/\/anythingtechnicallc.com\/index.php\/de\/product\/gebrauchter-microsoft-surface-pro-5-tablet-pc-123-touchscreen-2736-x-1824-tablet-intel-core-i5-7300u-26ghz-35ghz-8gb-ddr4-ram-256gb-ssd-keine-tastatur-kamera-windows-11-pro\/","url_meta":{"origin":9901,"position":5},"title":"Gebrauchter Microsoft Surface Pro 5 Tablet PC, 12,3&#8243; Touchscreen (2736 X 1824) Tablet, Intel Core i5-7300U 2,6GHz-3,5GHz, 8GB DDR4 RAM, 256GB SSD, Keine Tastatur, Kamera, Windows 11 Pro","date":"March 24, 2026","format":false,"excerpt":"Laptop Gr\u00f6\u00dfe: Dieses GEBRAUCHTE wie NEUE Microsoft Surface Pro 5 Tablet, hat eine Bildschirmgr\u00f6\u00dfe von 12,3 \" und ein Touch-Display. Der entspiegelte Bildschirm mit 2736 x 1824 Pixeln reduziert die Erm\u00fcdung bei der Benutzung und erm\u00f6glicht es Ihnen, sich auf die Arbeit zu konzentrieren. Mit seinem geringen Gewicht ist dieser\u2026","rel":"","context":"Similar post","img":{"alt_text":"","src":"https:\/\/i0.wp.com\/anythingtechnicallc.com\/wp-content\/uploads\/2026\/02\/Surface-Pro5-i5-7300U-8G-256.jpg?fit=1200%2C900&ssl=1&resize=350%2C200","width":350,"height":200},"classes":[]}],"pll_sync_post":[],"lang":"de","translations":{"de":9901,"en":9765},"_links":{"self":[{"href":"https:\/\/anythingtechnicallc.com\/index.php\/wp-json\/wp\/v2\/product\/9901","targetHints":{"allow":["GET"]}}],"collection":[{"href":"https:\/\/anythingtechnicallc.com\/index.php\/wp-json\/wp\/v2\/product"}],"about":[{"href":"https:\/\/anythingtechnicallc.com\/index.php\/wp-json\/wp\/v2\/types\/product"}],"replies":[{"embeddable":true,"href":"https:\/\/anythingtechnicallc.com\/index.php\/wp-json\/wp\/v2\/comments?post=9901"}],"wp:featuredmedia":[{"embeddable":true,"href":"https:\/\/anythingtechnicallc.com\/index.php\/wp-json\/wp\/v2\/media\/9900"}],"wp:attachment":[{"href":"https:\/\/anythingtechnicallc.com\/index.php\/wp-json\/wp\/v2\/media?parent=9901"}],"wp:term":[{"taxonomy":"product_brand","embeddable":true,"href":"https:\/\/anythingtechnicallc.com\/index.php\/wp-json\/wp\/v2\/product_brand?post=9901"},{"taxonomy":"product_cat","embeddable":true,"href":"https:\/\/anythingtechnicallc.com\/index.php\/wp-json\/wp\/v2\/product_cat?post=9901"},{"taxonomy":"product_tag","embeddable":true,"href":"https:\/\/anythingtechnicallc.com\/index.php\/wp-json\/wp\/v2\/product_tag?post=9901"}],"curies":[{"name":"wp","href":"https:\/\/api.w.org\/{rel}","templated":true}]}}