{"id":9904,"date":"2026-04-15T06:54:24","date_gmt":"2026-04-15T06:54:24","guid":{"rendered":"https:\/\/anythingtechnicallc.com\/?post_type=product&#038;p=9904"},"modified":"2026-04-15T06:54:25","modified_gmt":"2026-04-15T06:54:25","slug":"apple-airpods-pro-2-generation-usb-c-rechter-ersatz-airpod-a3047-weiss-erneuert","status":"publish","type":"product","link":"https:\/\/anythingtechnicallc.com\/index.php\/de\/product\/apple-airpods-pro-2-generation-usb-c-rechter-ersatz-airpod-a3047-weiss-erneuert\/","title":{"rendered":"Apple AirPods Pro 2. Generation (USB-C) &#8211; Rechter Ersatz-AirPod (A3047) &#8211; Wei\u00df (erneuert)"},"content":{"rendered":"<ul class=\"a-unordered-list a-vertical a-spacing-mini\">\n<li class=\"a-spacing-mini\"><span class=\"a-list-item\">Ersatz Apple AirPods Pro (2. Generation) (USB-C) AirPod &#8211; rechte Seite (A3047). Einfach mit Ihrem vorhandenen AirPods-Set zu koppeln, inklusive Anleitung zum Koppeln. <\/span><\/li>\n<li class=\"a-spacing-mini\"><span class=\"a-list-item\">Das Paket enth\u00e4lt 1 rechten Apple AirPod Pro der 2. Generation (USB-C) (A3047) und eine Paarungsanleitung in einem generischen Umschlag oder Karton. <\/span><\/li>\n<li class=\"a-spacing-mini\"><span class=\"a-list-item\">Nur kompatibel mit Apple AirPods Pro (2. Generation) (Lightning). <\/span><\/li>\n<\/ul>\n","protected":false},"excerpt":{"rendered":"<ul class=\"a-unordered-list a-vertical a-spacing-mini\">\n<li class=\"a-spacing-mini\"><span class=\"a-list-item\">Ersatz Apple AirPods Pro (2. Generation) (USB-C) AirPod &#8211; rechte Seite (A3047). Einfach mit Ihrem vorhandenen AirPods-Set zu koppeln, inklusive Anleitung zum Koppeln. <\/span><\/li>\n<li class=\"a-spacing-mini\"><span class=\"a-list-item\">Das Paket enth\u00e4lt 1 rechten Apple AirPod Pro der 2. Generation (USB-C) (A3047) und eine Paarungsanleitung in einem generischen Umschlag oder Karton. <\/span><\/li>\n<li class=\"a-spacing-mini\"><span class=\"a-list-item\">Nur kompatibel mit Apple AirPods Pro (2. Generation) (Lightning). <\/span><\/li>\n<\/ul>\n<p>So tauschen Sie einen einzelnen AirPod aus<\/p>\n<ol>\n<li class=\"dF3vjf\" data-sfc-root=\"c\" data-sfc-cb=\"\" data-hveid=\"CAQQAg\" data-processed=\"true\"><span class=\"T286Pc\" data-sfc-cp=\"\" data-sfc-root=\"c\" data-sfc-cb=\"\" data-processed=\"true\"><strong class=\"Yjhzub\" data-sfc-root=\"c\" data-sfc-cb=\"\" data-processed=\"true\">F\u00fcr das Pairing vorbereiten:<\/strong><\/span>\n<ul class=\"KsbFXc U6u95\" data-sfc-root=\"c\" data-sfc-cb=\"\" data-processed=\"true\">\n<li class=\"dF3vjf\" data-sfc-root=\"c\" data-sfc-cb=\"\" data-hveid=\"CAQQAw\" data-processed=\"true\"><span class=\"T286Pc\" data-sfc-cp=\"\" data-sfc-root=\"c\" data-sfc-cb=\"\" data-processed=\"true\">Gehen Sie auf Ihrem iPhone zu Einstellungen &gt; Bluetooth.<\/span><\/li>\n<li class=\"dF3vjf\" data-sfc-root=\"c\" data-sfc-cb=\"\" data-hveid=\"CAQQBA\" data-processed=\"true\"><span class=\"T286Pc\" data-sfc-cp=\"\" data-sfc-root=\"c\" data-sfc-cb=\"\" data-processed=\"true\">Tippen Sie auf die Info-Schaltfl\u00e4che &#8220;i&#8221; neben Ihren AirPods.<\/span><\/li>\n<li class=\"dF3vjf\" data-sfc-root=\"c\" data-sfc-cb=\"\" data-hveid=\"CAQQBQ\" data-processed=\"true\"><span class=\"T286Pc\" data-sfc-cp=\"\" data-sfc-root=\"c\" data-sfc-cb=\"\" data-processed=\"true\">W\u00e4hlen Sie &#8220;Dieses Ger\u00e4t vergessen&#8221; und best\u00e4tigen Sie.<\/span><\/li>\n<\/ul>\n<\/li>\n<li class=\"dF3vjf\" data-sfc-root=\"c\" data-sfc-cb=\"\" data-hveid=\"CAQQBg\" data-processed=\"true\"><span class=\"T286Pc\" data-sfc-cp=\"\" data-sfc-root=\"c\" data-sfc-cb=\"\" data-processed=\"true\"><strong class=\"Yjhzub\" data-sfc-root=\"c\" data-sfc-cb=\"\" data-processed=\"true\">Koppeln Sie den neuen Ohrh\u00f6rer:<\/strong><\/span>\n<ul class=\"KsbFXc U6u95\" data-sfc-root=\"c\" data-sfc-cb=\"\" data-processed=\"true\">\n<li class=\"dF3vjf\" data-sfc-root=\"c\" data-sfc-cb=\"\" data-hveid=\"CAQQBw\" data-processed=\"true\"><span class=\"T286Pc\" data-sfc-cp=\"\" data-sfc-root=\"c\" data-sfc-cb=\"\" data-processed=\"true\">Legen Sie beide AirPods (den alten und den neuen) in Ihr Ladeetui.<\/span><\/li>\n<li class=\"dF3vjf\" data-sfc-root=\"c\" data-sfc-cb=\"\" data-hveid=\"CAQQCA\" data-processed=\"true\"><span class=\"T286Pc\" data-sfc-cp=\"\" data-sfc-root=\"c\" data-sfc-cb=\"\" data-processed=\"true\">Schlie\u00dfen Sie das Etui an eine Stromquelle an und lassen Sie den Deckel offen.<\/span><\/li>\n<li class=\"dF3vjf\" data-sfc-root=\"c\" data-sfc-cb=\"\" data-hveid=\"CAQQCQ\" data-processed=\"true\"><span class=\"T286Pc\" data-sfc-cp=\"\" data-sfc-root=\"c\" data-sfc-cb=\"\" data-processed=\"true\">Halten Sie die Setup-Taste auf der R\u00fcckseite des Etuis ca. 15 Sekunden lang gedr\u00fcckt, bis die Statusleuchte erst gelb und dann wei\u00df blinkt.<\/span><\/li>\n<li class=\"dF3vjf\" data-sfc-root=\"c\" data-sfc-cb=\"\" data-hveid=\"CAQQCg\" data-processed=\"true\"><span class=\"T286Pc\" data-sfc-cp=\"\" data-sfc-root=\"c\" data-sfc-cb=\"\" data-processed=\"true\">Verbinden Sie sich wieder mit Ihrem iPhone.<\/span><\/li>\n<\/ul>\n<\/li>\n<li><strong class=\"Yjhzub\" data-sfc-root=\"c\" data-sfc-cb=\"\" data-processed=\"true\">Fehlerbehebung beim Pairing:<\/strong> Wenn das Pairing nicht sofort funktioniert, m\u00fcssen Sie die H\u00fclle m\u00f6glicherweise l\u00e4nger aufladen (bis zu einer Stunde).<\/li>\n<\/ol>\n","protected":false},"featured_media":9903,"comment_status":"open","ping_status":"closed","template":"","meta":{"_et_pb_use_builder":"","_et_pb_old_content":"","_et_gb_content_width":""},"product_brand":[],"product_cat":[1578],"product_tag":[],"class_list":{"0":"post-9904","1":"product","2":"type-product","3":"status-publish","4":"has-post-thumbnail","6":"product_cat-headset","8":"first","9":"instock","10":"sale","11":"taxable","12":"shipping-taxable","13":"purchasable","14":"product-type-simple"},"exclude_global_add_ons":[],"addons":[],"jetpack-related-posts":[{"id":9641,"url":"https:\/\/anythingtechnicallc.com\/index.php\/de\/product\/erneuerte-apple-airpods-max-wireless-over-ear-kopfhoerer-pro-level-aktive-geraeuschunterdrueckung-transparenz-modus-personalisiertes-raeumliches-audio-usb-c-aufladung-bluetooth-kopfhoerer-fuer-ip\/","url_meta":{"origin":9904,"position":0},"title":"Erneuerte Apple AirPods Max Wireless Over-Ear-Kopfh\u00f6rer, Pro-Level aktive Ger\u00e4uschunterdr\u00fcckung, Transparenz-Modus, personalisiertes r\u00e4umliches Audio, USB-C Aufladung, Bluetooth-Kopfh\u00f6rer f\u00fcr iPhone &#8211; Mitternacht","date":"March 24, 2026","format":false,"excerpt":"PERS\u00d6NLICHES RAUMAKUSTIK-AUDIO - Mit einem Klang, der sich Ihrer einzigartigen Ohrform anpasst, und einer dynamischen Kopfst\u00fctze bieten die AirPods Max ein beeindruckendes H\u00f6rerlebnis, bei dem der Klang rund um Sie herum zu h\u00f6ren ist.* Au\u00dferdem k\u00f6nnen Sie ausgew\u00e4hlte Songs, Shows und Filme in Dolby Atmos h\u00f6ren. F\u00dcNF FRISCHE FARBEN -\u2026","rel":"","context":"Similar post","img":{"alt_text":"","src":"https:\/\/i0.wp.com\/anythingtechnicallc.com\/wp-content\/uploads\/2025\/10\/716QjZYRBAL._AC_SL1500_.jpg?fit=913%2C1200&ssl=1&resize=350%2C200","width":350,"height":200},"classes":[]},{"id":9372,"url":"https:\/\/anythingtechnicallc.com\/index.php\/de\/product\/belkin-magsafe-3-in-1-wireless-charging-pad-schnelles-drahtloses-aufladen-fuer-apple-watch-iphone-16-iphone-15-iphone-14-iphone-12-serie-airpods-ladestation-fuer-mehrere-geraete-schwarz\/","url_meta":{"origin":9904,"position":1},"title":"Belkin MagSafe 3-in-1 Wireless Charging Pad &#8211; Schnelles drahtloses Aufladen f\u00fcr Apple Watch, iPhone 16, iPhone 15, iPhone 14, &#038; iPhone 12 Serie, &#038; AirPods &#8211; Ladestation f\u00fcr mehrere Ger\u00e4te &#8211; Schwarz","date":"March 19, 2026","format":false,"excerpt":"VON RENOMMIERTEN MEDIEN VORGESTELLT: Dieses Pad ist mit verschiedenen Smartphones kompatibel und wird von Organisationen wie Yahoo, CNN Underscored und anderen f\u00fcr seinen integrierten MagSafe anerkannt. Forbes bezeichnet es als \"bestes Ladepad f\u00fcr Apple Watch Series 7 Nutzer\". 3-IN-1-LADEGER\u00c4T LADET IHR IPHONE, APPLE WATCH und AIRPODS GLEICHZEITIG AUF: Versorgen Sie\u2026","rel":"","context":"Similar post","img":{"alt_text":"","src":"https:\/\/i0.wp.com\/anythingtechnicallc.com\/wp-content\/uploads\/2025\/08\/61D5I3EBqL._AC_SL1500_.jpg?fit=913%2C1200&ssl=1&resize=350%2C200","width":350,"height":200},"classes":[]},{"id":9910,"url":"https:\/\/anythingtechnicallc.com\/index.php\/de\/product\/gebrauchte-apple-airpods-pro-drahtlose-ohrhoerer-mit-magsafe-ladegehaeuse\/","url_meta":{"origin":9904,"position":2},"title":"Gebrauchte Apple AirPods Pro Drahtlose Ohrh\u00f6rer mit MagSafe Ladegeh\u00e4use","date":"April 15, 2026","format":false,"excerpt":"Die aktive Ger\u00e4uschunterdr\u00fcckung blockiert Au\u00dfenger\u00e4usche, damit Sie sich ganz auf die Musik konzentrieren k\u00f6nnen. Der Transparenzmodus erm\u00f6glicht es Ihnen, die Welt um Sie herum zu h\u00f6ren und mit ihr zu interagieren. Spatial Audio mit dynamischem Head Tracking platziert den Klang um Sie herum. Adaptive EQ stimmt die Musik automatisch auf\u2026","rel":"","context":"Similar post","img":{"alt_text":"","src":"https:\/\/i0.wp.com\/anythingtechnicallc.com\/wp-content\/uploads\/2026\/04\/Apple-AirPods-Pro-Wireless-Earbuds-with-MagSafe-Charging-Case-Renewed.jpg?fit=675%2C1200&ssl=1&resize=350%2C200","width":350,"height":200},"classes":[]},{"id":9907,"url":"https:\/\/anythingtechnicallc.com\/index.php\/de\/product\/apple-airpods-2-mit-ladeetui-weiss-erneuert\/","url_meta":{"origin":9904,"position":3},"title":"Apple AirPods 2 mit Ladeetui &#8211; Wei\u00df (Erneuert)","date":"April 15, 2026","format":false,"excerpt":"Automatisch eingeschaltet, automatisch verbunden. Einfache Einrichtung f\u00fcr alle Ihre Apple-Ger\u00e4te. Schneller Zugriff auf Siri, indem Sie \"Hey Siri\" sagen. Doppeltippen Sie zum Abspielen oder Vorspulen. Der neue Apple H1 Kopfh\u00f6rerchip sorgt f\u00fcr eine schnellere drahtlose Verbindung zu Ihren Ger\u00e4ten. Schnelles Aufladen in der Tasche. Das Geh\u00e4use kann \u00fcber den Lightning-Anschluss\u2026","rel":"","context":"Similar post","img":{"alt_text":"","src":"https:\/\/i0.wp.com\/anythingtechnicallc.com\/wp-content\/uploads\/2026\/04\/Apple-AirPods-2-with-Charging-Case-White-Renewed.jpg?fit=1200%2C1200&ssl=1&resize=350%2C200","width":350,"height":200},"classes":[]},{"id":9644,"url":"https:\/\/anythingtechnicallc.com\/index.php\/de\/product\/beats-fit-pro-true-wireless-noise-cancelling-in-ear-kopfhoerer-schwarz-mk2f3ll-a-erneuert\/","url_meta":{"origin":9904,"position":4},"title":"Beats Fit Pro True Wireless Noise Cancelling In-Ear Kopfh\u00f6rer &#8211; Schwarz, MK2F3LL\/A (Erneuert)","date":"March 24, 2026","format":false,"excerpt":"Flexible, sicher sitzende Fl\u00fcgelspitzen f\u00fcr ganzt\u00e4gigen Komfort und Stabilit\u00e4t. Ma\u00dfgeschneiderte akustische Plattform f\u00fcr kraftvollen, ausgewogenen Klang. Spatial Audio mit dynamischem Head Tracking f\u00fcr eindringliche Musik, Filme und Spiele. Drei verschiedene H\u00f6rmodi: Aktive Ger\u00e4uschunterdr\u00fcckung, Transparenzmodus und adaptiver EQ. Verbessert durch den Apple H1 Chip f\u00fcr automatisches Umschalten, Audio Sharing (mit einem\u2026","rel":"","context":"Similar post","img":{"alt_text":"","src":"https:\/\/i0.wp.com\/anythingtechnicallc.com\/wp-content\/uploads\/2025\/10\/41Q5qB0JkyL._AC_SL1107_.jpg?fit=904%2C1107&ssl=1&resize=350%2C200","width":350,"height":200},"classes":[]},{"id":9309,"url":"https:\/\/anythingtechnicallc.com\/index.php\/de\/product\/shure-mv88-video-kit-digitales-stereo-kondensatormikrofon-fuer-apple-und-android-mit-manfrotto-pixi-stativ-telefonklammer-halterung-ios-und-usb-c-kabel-fuer-kompatibilitaet-und-konnektivitaet\/","url_meta":{"origin":9904,"position":5},"title":"Shure MV88+ Video Kit &#8211; Digitales Stereo-Kondensatormikrofon f\u00fcr Apple und Android, mit Manfrotto PIXI-Stativ, Telefonklammer, Halterung, iOS- und USB-C-Kabel f\u00fcr Kompatibilit\u00e4t und Konnektivit\u00e4t auf h\u00f6chstem Niveau","date":"March 19, 2026","format":false,"excerpt":"Das MOTIV MV88+ Video Kit ist ein hochwertiges digitales Stereo-Kondensatormikrofon. Ihr neues mobiles Aufnahmeger\u00e4t l\u00e4sst sich \u00fcber einen Lightning-Anschluss direkt mit jedem Apple-Ger\u00e4t oder \u00fcber USB-C mit ausgew\u00e4hlten weiteren Ger\u00e4ten verbinden. Das MV88+ hat alles, was Sie brauchen, um gro\u00dfartige Aufnahmen zu machen - direkt nach dem Auspacken. Die im\u2026","rel":"","context":"Similar post","img":{"alt_text":"","src":"https:\/\/i0.wp.com\/anythingtechnicallc.com\/wp-content\/uploads\/2025\/07\/71V1p0Wj5JL._AC_SL1500_.jpg?fit=1163%2C1200&ssl=1&resize=350%2C200","width":350,"height":200},"classes":[]}],"pll_sync_post":[],"lang":"de","translations":{"de":9904,"en":9770},"_links":{"self":[{"href":"https:\/\/anythingtechnicallc.com\/index.php\/wp-json\/wp\/v2\/product\/9904","targetHints":{"allow":["GET"]}}],"collection":[{"href":"https:\/\/anythingtechnicallc.com\/index.php\/wp-json\/wp\/v2\/product"}],"about":[{"href":"https:\/\/anythingtechnicallc.com\/index.php\/wp-json\/wp\/v2\/types\/product"}],"replies":[{"embeddable":true,"href":"https:\/\/anythingtechnicallc.com\/index.php\/wp-json\/wp\/v2\/comments?post=9904"}],"wp:featuredmedia":[{"embeddable":true,"href":"https:\/\/anythingtechnicallc.com\/index.php\/wp-json\/wp\/v2\/media\/9903"}],"wp:attachment":[{"href":"https:\/\/anythingtechnicallc.com\/index.php\/wp-json\/wp\/v2\/media?parent=9904"}],"wp:term":[{"taxonomy":"product_brand","embeddable":true,"href":"https:\/\/anythingtechnicallc.com\/index.php\/wp-json\/wp\/v2\/product_brand?post=9904"},{"taxonomy":"product_cat","embeddable":true,"href":"https:\/\/anythingtechnicallc.com\/index.php\/wp-json\/wp\/v2\/product_cat?post=9904"},{"taxonomy":"product_tag","embeddable":true,"href":"https:\/\/anythingtechnicallc.com\/index.php\/wp-json\/wp\/v2\/product_tag?post=9904"}],"curies":[{"name":"wp","href":"https:\/\/api.w.org\/{rel}","templated":true}]}}