{"id":9913,"date":"2026-04-15T07:00:43","date_gmt":"2026-04-15T07:00:43","guid":{"rendered":"https:\/\/anythingtechnicallc.com\/?post_type=product&#038;p=9913"},"modified":"2026-04-15T07:00:43","modified_gmt":"2026-04-15T07:00:43","slug":"powerbeats3-kabellose-in-ear-kopfhoerer-schwarz-erneuert","status":"publish","type":"product","link":"https:\/\/anythingtechnicallc.com\/index.php\/de\/product\/powerbeats3-kabellose-in-ear-kopfhoerer-schwarz-erneuert\/","title":{"rendered":"Powerbeats3 Kabellose In-Ear Kopfh\u00f6rer &#8211; Schwarz (Erneuert)"},"content":{"rendered":"<p>Die kabellosen PowerBeats 3 by Dr. Dre In-Ear-Kopfh\u00f6rer sind bequem, leistungsstark und speziell f\u00fcr Sportler entwickelt. Sie halten selbst den h\u00e4rtesten Trainingseinheiten stand. Dank der Dual-Driver-Akustik und dem leichten Design liefern die PowerBeats 3 einen erstklassigen, unvergleichlichen Klang in einem Ohrh\u00f6rer, der sicher und bequem genug ist, um auch \u00fcber l\u00e4ngere Zeit getragen zu werden. Sie sind au\u00dferdem schwei\u00df- und wasserfest nach IPX4 und verf\u00fcgen \u00fcber eine griffige Fernbedienung, mit der Sie Ihre Musik steuern und freih\u00e4ndig telefonieren k\u00f6nnen, w\u00e4hrend Sie unterwegs sind. Mit einem 12-Stunden-Akku und der praktischen Fast Fuel-Funktion sind die PowerBeats 3 by Dr. Dre Wireless Bluetooth In-Ear Headphones der ultimative Kopfh\u00f6rer f\u00fcr Sportler aller Leistungsklassen.<\/p>\n<p>Bequeme, leichte Passform speziell f\u00fcr Sportler- IPX4 schwei\u00df- und wasserfest- Dual-Driver-Akustik f\u00fcr hochwertigen Klang- 12 Stunden Akkulaufzeit- Regeln Sie die Lautst\u00e4rke oder wechseln Sie den Song mit der griffigen Inline-Fernbedienung- Verbinden Sie sich mit der Bluetooth-Technologie der Klasse 1 f\u00fcr ein kabelloses und m\u00fcheloses Erlebnis.<\/p>\n","protected":false},"excerpt":{"rendered":"<p>Die kabellosen PowerBeats 3 by Dr. Dre In-Ear-Kopfh\u00f6rer sind bequem, leistungsstark und speziell f\u00fcr Sportler entwickelt. Sie halten selbst den h\u00e4rtesten Trainingseinheiten stand. Dank der Dual-Driver-Akustik und dem leichten Design liefern die PowerBeats 3 einen erstklassigen, unvergleichlichen Klang in einem Ohrh\u00f6rer, der sicher und bequem genug ist, um auch \u00fcber l\u00e4ngere Zeit getragen zu werden. Sie sind au\u00dferdem schwei\u00df- und wasserfest nach IPX4 und verf\u00fcgen \u00fcber eine griffige Fernbedienung, mit der Sie Ihre Musik steuern und freih\u00e4ndig telefonieren k\u00f6nnen, w\u00e4hrend Sie unterwegs sind. Mit einem 12-Stunden-Akku und der praktischen Fast Fuel-Funktion sind die PowerBeats 3 by Dr. Dre Wireless Bluetooth In-Ear Headphones der ultimative Kopfh\u00f6rer f\u00fcr Sportler aller Leistungsklassen.<\/p>\n<p>Bequeme, leichte Passform speziell f\u00fcr Sportler- IPX4 schwei\u00df- und wasserfest- Dual-Driver-Akustik f\u00fcr hochwertigen Klang- 12 Stunden Akkulaufzeit- Regeln Sie die Lautst\u00e4rke oder wechseln Sie den Song mit der griffigen Inline-Fernbedienung- Verbinden Sie sich mit der Bluetooth-Technologie der Klasse 1 f\u00fcr ein kabelloses und m\u00fcheloses Erlebnis.<\/p>\n","protected":false},"featured_media":9912,"comment_status":"open","ping_status":"closed","template":"","meta":{"_et_pb_use_builder":"","_et_pb_old_content":"","_et_gb_content_width":""},"product_brand":[],"product_cat":[1578],"product_tag":[],"class_list":{"0":"post-9913","1":"product","2":"type-product","3":"status-publish","4":"has-post-thumbnail","6":"product_cat-headset","8":"first","9":"instock","10":"taxable","11":"shipping-taxable","12":"purchasable","13":"product-type-simple"},"exclude_global_add_ons":[],"addons":[],"jetpack-related-posts":[{"id":9864,"url":"https:\/\/anythingtechnicallc.com\/index.php\/de\/product\/gebrauchte-bose-quietcomfort-25-akustische-geraeuschunterdrueckung-kopfhoerer-verkabelt-schwarz\/","url_meta":{"origin":9913,"position":0},"title":"Gebrauchte Bose QuietComfort 25 Akustische Ger\u00e4uschunterdr\u00fcckung Kopfh\u00f6rer (verkabelt, Schwarz)","date":"April 8, 2026","format":false,"excerpt":"Die QuietComfort 25 Acoustic Noise Cancelling Kopfh\u00f6rer sind die leistungsst\u00e4rksten Around-Ear-Kopfh\u00f6rer von Bose. Sie bieten Ihnen einen klaren, kraftvollen Klang und eine Ruhe, mit der Sie Ihre Musik besser h\u00f6ren k\u00f6nnen. Bose entwickelt seine branchenf\u00fchrenden Kopfh\u00f6rer mit der neuesten Bose Active EQ- und TriPort-Technologie weiter und sorgt so f\u00fcr einen\u2026","rel":"","context":"Similar post","img":{"alt_text":"","src":"https:\/\/i0.wp.com\/anythingtechnicallc.com\/wp-content\/uploads\/2026\/03\/Bose-QuietComfort-25.jpg?fit=900%2C1200&ssl=1&resize=350%2C200","width":350,"height":200},"classes":[]},{"id":9680,"url":"https:\/\/anythingtechnicallc.com\/index.php\/de\/product\/bose-soundsport-in-ear-kopfhoerer-fuer-apple-geraete-741776-0030-energy-green-erneuert\/","url_meta":{"origin":9913,"position":1},"title":"Bose SoundSport In-Ear Kopfh\u00f6rer f\u00fcr Apple Ger\u00e4te (741776-0030) &#8211; Energy Green (Erneuert)","date":"March 24, 2026","format":false,"excerpt":"Farbe:Energy Green | Stil:Apple Ger\u00e4te Die Bose Sound Sport In-Ear-Kopfh\u00f6rer liefern einen tiefen, klaren Klang f\u00fcr die Musik, die Sie lieben, und ein robustes Design, das den Strapazen des Alltags standh\u00e4lt. Die exklusive TriPort-Technologie sorgt f\u00fcr kristallklare H\u00f6hen und nat\u00fcrlich klingende Tiefen. Die akustischen \u00d6ffnungen sind so positioniert, dass sie\u2026","rel":"","context":"Similar post","img":{"alt_text":"","src":"https:\/\/i0.wp.com\/anythingtechnicallc.com\/wp-content\/uploads\/2026\/01\/Bose-SoundSport-In-Ear.jpg?fit=900%2C1200&ssl=1&resize=350%2C200","width":350,"height":200},"classes":[]},{"id":9735,"url":"https:\/\/anythingtechnicallc.com\/index.php\/de\/product\/gebrauchter-sennheiser-ie-400-pro-professioneller-in-ear-monitoring-kopfhoerer-klar\/","url_meta":{"origin":9913,"position":2},"title":"Gebrauchter Sennheiser IE 400 PRO Professioneller In-Ear-Monitoring-Kopfh\u00f6rer, klar","date":"March 24, 2026","format":false,"excerpt":"Erleben Sie Audio auf Profi-Niveau mit diesen In-Ear-Monitoren von Sennheiser, perfekt f\u00fcr Live-Auftritte. Erzielen Sie eine \u00fcberragende Ger\u00e4uschisolierung von bis zu 26 dB, die selbst in lauten Umgebungen einen kristallklaren Klang gew\u00e4hrleistet. Dieser robuste In-Ear-Kopfh\u00f6rer verf\u00fcgt \u00fcber einen breiten Frequenzgang von 6-19.000 Hz f\u00fcr detailreichen Klang. Die niedrige Impedanz des\u2026","rel":"","context":"Similar post","img":{"alt_text":"","src":"https:\/\/i0.wp.com\/anythingtechnicallc.com\/wp-content\/uploads\/2026\/03\/Sennheiser-IE-400-PRO-Professional-In-Ear-Monitoring-Headphones-Clear.jpg?fit=1200%2C1200&ssl=1&resize=350%2C200","width":350,"height":200},"classes":[]},{"id":8970,"url":"https:\/\/anythingtechnicallc.com\/index.php\/de\/product\/philips-over-ear-open-back-stereo-kopfhoerer-mit-abnehmbarem-audioanschluss-studio-monitor-kopfhoerer-fuer-die-aufnahme-von-podcasts-dj-musik-klavier-gitarre-shp9600\/","url_meta":{"origin":9913,"position":3},"title":"PHILIPS Over Ear Open Back Stereo-Kopfh\u00f6rer mit abnehmbarem Audioanschluss, Studio-Monitor-Kopfh\u00f6rer f\u00fcr die Aufnahme von Podcasts DJ Musik Klavier Gitarre (SHP9600)","date":"March 18, 2026","format":false,"excerpt":"Eine hochwertige Leistung: Philips SHP9600 Kopfh\u00f6rer. Suchen Sie nach der perfekten Mischung aus Leistung, Komfort und Qualit\u00e4t? Diese offenen Over-Ear-Kopfh\u00f6rer sind so konzipiert, dass sie Ihren H\u00f6rgenuss zu Hause noch steigern. Sie erhalten gro\u00dfartigen Klang, eine hochwertige Konstruktion und vergoldete Kabelanschl\u00fcsse. Offenes Design. Gro\u00dfz\u00fcgiger Klang: Sp\u00fcren Sie die Musik. Perfekt\u2026","rel":"","context":"Similar post","img":{"alt_text":"","src":"https:\/\/i0.wp.com\/anythingtechnicallc.com\/wp-content\/uploads\/2024\/09\/81TO4oBag7L._AC_SL1500_.jpg?fit=705%2C1200&ssl=1&resize=350%2C200","width":350,"height":200},"classes":[]},{"id":9714,"url":"https:\/\/anythingtechnicallc.com\/index.php\/de\/product\/bose-quietcomfort-35-serie-i-kabellose-kopfhoerer-geraeuschunterdrueckung-schwarz-erneuert\/","url_meta":{"origin":9913,"position":4},"title":"Bose QuietComfort 35 (Serie I) Kabellose Kopfh\u00f6rer, Ger\u00e4uschunterdr\u00fcckung &#8211; Schwarz (Erneuert)","date":"March 24, 2026","format":false,"excerpt":"Die kabellosen Kopfh\u00f6rer Quiet Comfort 35 sind mit einer erstklassigen Ger\u00e4uschunterdr\u00fcckung ausgestattet, die daf\u00fcr sorgt, dass leise Ger\u00e4usche leiser und Musik besser klingt. Befreien Sie sich von Kabeln und verbinden Sie sich ganz einfach mit Ihren Ger\u00e4ten per Bluetooth und NFC-Kopplung. Der volumenoptimierte Equalizer sorgt f\u00fcr eine ausgewogene Audiowiedergabe bei\u2026","rel":"","context":"Similar post","img":{"alt_text":"","src":"https:\/\/i0.wp.com\/anythingtechnicallc.com\/wp-content\/uploads\/2026\/02\/Bose-QuietComfort-35.jpg?fit=1200%2C900&ssl=1&resize=350%2C200","width":350,"height":200},"classes":[]},{"id":9233,"url":"https:\/\/anythingtechnicallc.com\/index.php\/de\/product\/gebrauchte-audio-technica-consumer-ath-ck3tw-true-wireless-in-ear-kopfhoerer\/","url_meta":{"origin":9913,"position":5},"title":"Gebrauchte Audio-Technica Consumer ATH-CK3TW True Wireless In-Ear Kopfh\u00f6rer","date":"March 19, 2026","format":false,"excerpt":"Die ATH-CK3TW True Wireless In-Ear Headphones von Audio-Technica sind mit Bluetooth 5.0 Technologie ausgestattet und verf\u00fcgen \u00fcber eine tragbare Ladetasche, die den Kopfh\u00f6rer automatisch einschaltet, wenn Sie ihn abnehmen, und ausschaltet, wenn Sie ihn zum Aufladen in die Tasche zur\u00fccklegen. Jedes kompakte Ohrh\u00f6rergeh\u00e4use ist mit Touch-Bedienelementen ausgestattet, die Sie mit\u2026","rel":"","context":"Similar post","img":{"alt_text":"","src":"https:\/\/i0.wp.com\/anythingtechnicallc.com\/wp-content\/uploads\/2025\/03\/pf-3a9e9e98-atheadphones.jpeg?fit=868%2C872&ssl=1&resize=350%2C200","width":350,"height":200},"classes":[]}],"pll_sync_post":[],"lang":"de","translations":{"de":9913,"en":9787},"_links":{"self":[{"href":"https:\/\/anythingtechnicallc.com\/index.php\/wp-json\/wp\/v2\/product\/9913","targetHints":{"allow":["GET"]}}],"collection":[{"href":"https:\/\/anythingtechnicallc.com\/index.php\/wp-json\/wp\/v2\/product"}],"about":[{"href":"https:\/\/anythingtechnicallc.com\/index.php\/wp-json\/wp\/v2\/types\/product"}],"replies":[{"embeddable":true,"href":"https:\/\/anythingtechnicallc.com\/index.php\/wp-json\/wp\/v2\/comments?post=9913"}],"wp:featuredmedia":[{"embeddable":true,"href":"https:\/\/anythingtechnicallc.com\/index.php\/wp-json\/wp\/v2\/media\/9912"}],"wp:attachment":[{"href":"https:\/\/anythingtechnicallc.com\/index.php\/wp-json\/wp\/v2\/media?parent=9913"}],"wp:term":[{"taxonomy":"product_brand","embeddable":true,"href":"https:\/\/anythingtechnicallc.com\/index.php\/wp-json\/wp\/v2\/product_brand?post=9913"},{"taxonomy":"product_cat","embeddable":true,"href":"https:\/\/anythingtechnicallc.com\/index.php\/wp-json\/wp\/v2\/product_cat?post=9913"},{"taxonomy":"product_tag","embeddable":true,"href":"https:\/\/anythingtechnicallc.com\/index.php\/wp-json\/wp\/v2\/product_tag?post=9913"}],"curies":[{"name":"wp","href":"https:\/\/api.w.org\/{rel}","templated":true}]}}