{"id":9916,"date":"2026-04-15T07:01:25","date_gmt":"2026-04-15T07:01:25","guid":{"rendered":"https:\/\/anythingtechnicallc.com\/?post_type=product&#038;p=9916"},"modified":"2026-04-15T07:01:26","modified_gmt":"2026-04-15T07:01:26","slug":"bose-quietcomfort-noise-cancelling-earbuds-bluetooth-wireless-earphones-triple-black-erneuert","status":"publish","type":"product","link":"https:\/\/anythingtechnicallc.com\/index.php\/de\/product\/bose-quietcomfort-noise-cancelling-earbuds-bluetooth-wireless-earphones-triple-black-erneuert\/","title":{"rendered":"Bose QuietComfort Noise Cancelling Earbuds-Bluetooth Wireless Earphones, Triple Black (Erneuert)"},"content":{"rendered":"<div id=\"productDescription_feature_div\" class=\"celwidget pd_rd_w-9mTtP pd_rd_r-K1V78KZ314DDTHPVK6JX pd_rd_wg-esNCQ\" data-feature-name=\"productDescription-3\" data-csa-c-type=\"widget\" data-csa-c-content-id=\"productDescription-3\" data-csa-c-slot-id=\"productDescription_feature_div\" data-csa-c-asin=\"\" data-csa-c-is-in-initial-active-row=\"false\" data-csa-c-id=\"bm7ocu-z3g06w-dzx49x-g40xyz\" data-cel-widget=\"productDescription_feature_div\">\n<div>\n<div id=\"productDescription_feature_div\" class=\"a-row feature\" data-feature-name=\"productDescription\" data-template-name=\"productDescription\" data-cel-widget=\"productDescription_feature_div\">\n<div id=\"productDescription\" class=\"a-section a-spacing-small\">\n<p>Besserer Klang beginnt mit besserer Stille. Deshalb hat Bose die QuietComfort Earbuds mit der effektivsten Ger\u00e4uschunterdr\u00fcckung der Welt und High-Fidelity-Audio entwickelt. Denn wenn Sie Ablenkungen ausschalten, steigt die Musik und damit auch die Leidenschaft. Backen. Programmieren. Klettern. Und alles andere, was Sie ausmacht &#8211; Sie selbst. Unsere steuerbare Ger\u00e4uschunterdr\u00fcckung erm\u00f6glicht es Ihnen, Ablenkungen je nach Bedarf zu eliminieren oder Ihre Umgebung mit dem Transparenzmodus vollst\u00e4ndig einzubeziehen. Es klingt &#8211; und f\u00fchlt sich &#8211; an, als ob Sie \u00fcberhaupt keine Ohrh\u00f6rer tragen w\u00fcrden. Noch besser? Diese wirklich kabellosen Ohrh\u00f6rer verf\u00fcgen auch \u00fcber den exklusiven volumenoptimierten Active EQ f\u00fcr High-Fidelity-Audio, das bei jeder Lautst\u00e4rke voll und ausgewogen klingt. Diese bequemen Ohrh\u00f6rer lassen sich den ganzen Tag \u00fcber tragen, da jede Oberfl\u00e4che, die Ihr Ohr ber\u00fchrt, aus weichem Silikon besteht. Anstelle von Tasten verf\u00fcgen diese kabellosen Ohrh\u00f6rer \u00fcber eine kapazitive Touch-Oberfl\u00e4che. Tippen und dr\u00fccken Sie auf die Oberfl\u00e4che, um Ihre Inhalte zu steuern &#8211; genau wie bei Ihrem Telefon. Und in dem Moment, in dem Sie einen kabellosen Ohrh\u00f6rer aus dem Ohr nehmen, wird Ihre Musik, Ihr Podcast oder Ihr Video automatisch angehalten, damit Sie keine Sekunde verpassen. Au\u00dferdem sind sie IPX-4-zertifiziert, so dass Schwei\u00df, Wasser und das Wetter Ihrer Musik nichts anhaben k\u00f6nnen. Die Bose QuietComfort Earbuds sind mit iOS und Android kompatibel und f\u00fcr Bluetooth 5.1 optimiert, so dass Sie ein starkes und zuverl\u00e4ssiges kabelloses Signal erhalten, solange Sie sich nicht weiter als 30 Fu\u00df von Ihrem gekoppelten Ger\u00e4t entfernen. Mit einer einzigen Aufladung k\u00f6nnen Sie bis zu sechs Stunden Wiedergabezeit erwarten, und mit der kabellosen Ladeh\u00fclle k\u00f6nnen Sie bis zu 12 weitere Stunden h\u00f6ren. Zu Ihrer Bequemlichkeit ist die Ladeh\u00fclle mit jeder Qi-zertifizierten kabellosen Ladematte kompatibel (nicht im Lieferumfang enthalten). Die Bose QuietComfort Earbuds sind in den Farben Triple Black oder Soapstone erh\u00e4ltlich. Leistungsstark und dennoch kompakt, Sie werden sie nie mehr abnehmen m\u00fcssen.<\/p>\n<\/div>\n<\/div>\n<\/div>\n<\/div>\n<div id=\"productDocuments_feature_div\" class=\"celwidget pd_rd_w-bO7T8 pd_rd_r-K1V78KZ314DDTHPVK6JX pd_rd_wg-esNCQ\" data-feature-name=\"productDocuments\" data-csa-c-type=\"widget\" data-csa-c-content-id=\"productDocuments\" data-csa-c-slot-id=\"productDocuments_feature_div\" data-csa-c-asin=\"\" data-csa-c-is-in-initial-active-row=\"false\" data-csa-c-id=\"wgsljq-cigfn5-3v840v-wrmjbz\" data-cel-widget=\"productDocuments_feature_div\"><\/div>\n<div id=\"btfSubNavDesktopCopy\" class=\"celwidget\" data-feature-name=\"btfSubNavDesktop\" data-csa-c-type=\"widget\" data-csa-c-content-id=\"btfSubNavDesktop\" data-csa-c-slot-id=\"btfSubNavDesktop_feature_div\" data-csa-c-asin=\"\" data-csa-c-is-in-initial-active-row=\"false\" data-csa-c-id=\"sp1wfb-gt8z5v-y3awfz-pcphpa\" data-cel-widget=\"btfSubNavDesktopCopy\">\n<div class=\"a-row a-size-base btf-sub-nav-desktop-product-info-wrapper\" role=\"navigation\" data-csa-c-content-id=\"btf-sub-nav-desktop-desktop-dpx-widget\" data-csa-c-slot-id=\"btf-sub-nav-desktop-dpx-widget\" data-csa-c-type=\"widget\" data-csa-c-id=\"pxdsx5-ncx0uy-yvz281-dam2gc\">\n<nav class=\"btf-sub-nav-desktop-product-info-tabs\" aria-label=\"Navigate within the product detail page\">\n<div class=\"top-tab-content\"><\/div>\n<\/nav>\n<\/div>\n<\/div>\n","protected":false},"excerpt":{"rendered":"<p>Besserer Klang beginnt mit besserer Stille. Deshalb hat Bose die QuietComfort Earbuds mit der effektivsten Ger\u00e4uschunterdr\u00fcckung der Welt und High-Fidelity-Audio entwickelt. Denn wenn Sie Ablenkungen ausschalten, steigt die Musik und damit auch die Leidenschaft. Backen. Programmieren. Klettern. Und alles andere, was Sie ausmacht &#8211; Sie selbst. Unsere steuerbare Ger\u00e4uschunterdr\u00fcckung erm\u00f6glicht es Ihnen, Ablenkungen je nach Bedarf zu eliminieren oder Ihre Umgebung mit dem Transparenzmodus vollst\u00e4ndig einzubeziehen. Es klingt &#8211; und f\u00fchlt sich &#8211; an, als ob Sie \u00fcberhaupt keine Ohrh\u00f6rer tragen w\u00fcrden. Noch besser? Diese wirklich kabellosen Ohrh\u00f6rer verf\u00fcgen auch \u00fcber den exklusiven volumenoptimierten Active EQ f\u00fcr High-Fidelity-Audio, das bei jeder Lautst\u00e4rke voll und ausgewogen klingt. Diese bequemen Ohrh\u00f6rer lassen sich den ganzen Tag \u00fcber tragen, da jede Oberfl\u00e4che, die Ihr Ohr ber\u00fchrt, aus weichem Silikon besteht. Anstelle von Tasten verf\u00fcgen diese kabellosen Ohrh\u00f6rer \u00fcber eine kapazitive Touch-Oberfl\u00e4che. Tippen und dr\u00fccken Sie auf die Oberfl\u00e4che, um Ihre Inhalte zu steuern &#8211; genau wie bei Ihrem Telefon. Und in dem Moment, in dem Sie einen kabellosen Ohrh\u00f6rer aus dem Ohr nehmen, wird Ihre Musik, Ihr Podcast oder Ihr Video automatisch angehalten, damit Sie keine Sekunde verpassen. Au\u00dferdem sind sie IPX-4-zertifiziert, so dass Schwei\u00df, Wasser und das Wetter Ihrer Musik nichts anhaben k\u00f6nnen. Die Bose QuietComfort Earbuds sind mit iOS und Android kompatibel und f\u00fcr Bluetooth 5.1 optimiert, so dass Sie ein starkes und zuverl\u00e4ssiges kabelloses Signal erhalten, solange Sie sich nicht weiter als 30 Fu\u00df von Ihrem gekoppelten Ger\u00e4t entfernen. Mit einer einzigen Aufladung k\u00f6nnen Sie bis zu sechs Stunden Wiedergabezeit erwarten, und mit der kabellosen Ladeh\u00fclle k\u00f6nnen Sie bis zu 12 weitere Stunden h\u00f6ren. Zu Ihrer Bequemlichkeit ist die Ladeh\u00fclle mit jeder Qi-zertifizierten kabellosen Ladematte kompatibel (nicht im Lieferumfang enthalten). Die Bose QuietComfort Earbuds sind in den Farben Triple Black oder Soapstone erh\u00e4ltlich. Leistungsstark und dennoch kompakt, Sie werden sie nie mehr abnehmen m\u00fcssen.<\/p>\n","protected":false},"featured_media":9915,"comment_status":"open","ping_status":"closed","template":"","meta":{"_et_pb_use_builder":"","_et_pb_old_content":"","_et_gb_content_width":""},"product_brand":[],"product_cat":[1578],"product_tag":[],"class_list":{"0":"post-9916","1":"product","2":"type-product","3":"status-publish","4":"has-post-thumbnail","6":"product_cat-headset","8":"first","9":"instock","10":"sale","11":"taxable","12":"shipping-taxable","13":"purchasable","14":"product-type-simple"},"exclude_global_add_ons":[],"addons":[],"jetpack-related-posts":[{"id":9970,"url":"https:\/\/anythingtechnicallc.com\/index.php\/de\/product\/bose-quietcomfort-noise-cancelling-earbuds-bluetooth-wireless-earphones-triple-black-erneuert-2\/","url_meta":{"origin":9916,"position":0},"title":"Bose QuietComfort Noise Cancelling Earbuds-Bluetooth Wireless Earphones, Triple Black (Erneuert)","date":"April 16, 2026","format":false,"excerpt":"Ohrh\u00f6rer mit Ger\u00e4uschunterdr\u00fcckung - Entwickelt mit der effektivsten Ger\u00e4uschunterdr\u00fcckung der Welt. Die steuerbare Ger\u00e4uschunterdr\u00fcckung von Bose und der vollst\u00e4ndige Transparenzmodus erm\u00f6glichen es Ihnen, Ablenkungen zu eliminieren, Ihre Umgebung hereinzulassen oder ein bisschen von allem. High-Fidelity-Audio - Eine exklusive akustische Architektur erweckt Ihre Musik, Podcasts und Videos zum Leben, w\u00e4hrend der\u2026","rel":"","context":"Similar post","img":{"alt_text":"","src":"https:\/\/i0.wp.com\/anythingtechnicallc.com\/wp-content\/uploads\/2026\/03\/Bose-QuietComfort-Earbuds.jpg?fit=1200%2C900&ssl=1&resize=350%2C200","width":350,"height":200},"classes":[]},{"id":9602,"url":"https:\/\/anythingtechnicallc.com\/index.php\/de\/product\/bose-quietcomfort-earbuds-ii-drahtlos-bluetooth-die-weltbesten-in-ear-kopfhoerer-mit-personalisierter-geraeuschunterdrueckung-sound-speckstein-erneuert\/","url_meta":{"origin":9916,"position":1},"title":"Bose QuietComfort Earbuds II, drahtlos, Bluetooth, die weltbesten In-Ear-Kopfh\u00f6rer mit personalisierter Ger\u00e4uschunterdr\u00fcckung &#038; Sound, Speckstein (erneuert)","date":"March 24, 2026","format":false,"excerpt":"QUIETCOMFORT EARBUDS II: Diese neuen kabellosen Bluetooth-Ohrh\u00f6rer mit Ger\u00e4uschunterdr\u00fcckung von Bose wurden nicht nach einem Einheitsschema entwickelt. Diese kabellosen Ohrh\u00f6rer der n\u00e4chsten Generation sind so konzipiert, dass sie zu Ihnen passen. Sie passen die Ger\u00e4uschunterdr\u00fcckung und die Klangleistung intelligent an, damit Sie ungest\u00f6rt und mitrei\u00dfend h\u00f6ren k\u00f6nnen, wo immer Sie\u2026","rel":"","context":"Similar post","img":{"alt_text":"","src":"https:\/\/i0.wp.com\/anythingtechnicallc.com\/wp-content\/uploads\/2025\/10\/41EDZfsEA4L._AC_SL1500_.jpg?fit=1026%2C1129&ssl=1&resize=350%2C200","width":350,"height":200},"classes":[]},{"id":9677,"url":"https:\/\/anythingtechnicallc.com\/index.php\/de\/product\/bose-quietcomfort-earbuds-ii-drahtlos-bluetooth-weltbeste-in-ear-kopfhoerer-mit-personalisierter-geraeuschunterdrueckung-sound-triple-black-erneuert\/","url_meta":{"origin":9916,"position":2},"title":"Bose QuietComfort Earbuds II, drahtlos, Bluetooth, weltbeste In-Ear-Kopfh\u00f6rer mit personalisierter Ger\u00e4uschunterdr\u00fcckung &#038; Sound, Triple Black (Erneuert)","date":"March 24, 2026","format":false,"excerpt":"QUIETCOMFORT EARBUDS II: Diese neuen kabellosen Bluetooth-Ohrh\u00f6rer mit Ger\u00e4uschunterdr\u00fcckung von BOSE wurden nicht nach einem Einheitsschema entwickelt. Diese kabellosen Ohrh\u00f6rer der n\u00e4chsten Generation sind so konzipiert, dass sie zu Ihnen passen. Sie passen die Ger\u00e4uschunterdr\u00fcckung und die Klangleistung intelligent an, damit Sie ungest\u00f6rt und mitrei\u00dfend h\u00f6ren k\u00f6nnen, wo immer Sie\u2026","rel":"","context":"Similar post","img":{"alt_text":"","src":"https:\/\/i0.wp.com\/anythingtechnicallc.com\/wp-content\/uploads\/2026\/01\/Bose-QuietComfort-Earbuds-II-Black.jpg?fit=1200%2C1200&ssl=1&resize=350%2C200","width":350,"height":200},"classes":[]},{"id":9365,"url":"https:\/\/anythingtechnicallc.com\/index.php\/de\/product\/renewed-bose-quietcomfort-qc45-bluetooth-kopfhoerer-kabellose-kopfhoerer-mit-aktiver-geraeuschunterdrueckung-ueber-dem-ohr-und-mikrofon-tiefer-bass-bis-zu-24-stunden-spielzeit-schwarz\/","url_meta":{"origin":9916,"position":3},"title":"Renewed Bose QuietComfort QC45 Bluetooth Kopfh\u00f6rer, kabellose Kopfh\u00f6rer mit aktiver Ger\u00e4uschunterdr\u00fcckung \u00fcber dem Ohr und Mikrofon, tiefer Bass, bis zu 24 Stunden Spielzeit, Schwarz","date":"March 19, 2026","format":false,"excerpt":"GER\u00c4USCHUNTERDR\u00dcCKENDE KOPFH\u00d6RER: Kombinieren Sie die Ger\u00e4uschunterdr\u00fcckungstechnologie m\u00fchelos mit passiven Funktionen, damit Sie die Au\u00dfenwelt abschalten, Ablenkungen ausblenden und Musik \u00fcber den Beat hinaus genie\u00dfen k\u00f6nnen. KOMFORTABLER KOPFH\u00d6RER: Pl\u00fcschige Ohrmuschelpolster schmiegen sich sanft an Ihre Ohren, w\u00e4hrend ein sicheres und bequemes gepolstertes Band Ihre Over-Ear-Kopfh\u00f6rer bei besonders langen H\u00f6rsessions sanft in\u2026","rel":"","context":"Similar post","img":{"alt_text":"","src":"https:\/\/i0.wp.com\/anythingtechnicallc.com\/wp-content\/uploads\/2025\/08\/51f7KKP25PL._AC_SL1000_.jpg?fit=669%2C885&ssl=1&resize=350%2C200","width":350,"height":200},"classes":[]},{"id":9608,"url":"https:\/\/anythingtechnicallc.com\/index.php\/de\/product\/erneut-bose-quietcomfort-20-akustische-geraeuschunterdrueckung-kopfhoerer-apple-geraete-schwarz\/","url_meta":{"origin":9916,"position":4},"title":"Erneut Bose QuietComfort 20 Akustische Ger\u00e4uschunterdr\u00fcckung Kopfh\u00f6rer, Apple Ger\u00e4te (Schwarz)","date":"March 24, 2026","format":false,"excerpt":"Blenden Sie die Welt aus und verlieren Sie sich in Ihrer Musik oder h\u00f6ren Sie, was um Sie herum passiert. Sie haben die Wahl mit den ersten In-Ear-Kopfh\u00f6rern mit Ger\u00e4uschunterdr\u00fcckung von Bose. Die Quiet Comfort 20 Acoustic Noise Cancelling Headphones wurden entwickelt, damit Sie jeden Tag und \u00fcberall einen besseren\u2026","rel":"","context":"Similar post","img":{"alt_text":"","src":"https:\/\/i0.wp.com\/anythingtechnicallc.com\/wp-content\/uploads\/2025\/10\/71ZEg1bQ2sL._AC_SL1472_.jpg?fit=1200%2C701&ssl=1&resize=350%2C200","width":350,"height":200},"classes":[]},{"id":9599,"url":"https:\/\/anythingtechnicallc.com\/index.php\/de\/product\/renewed-bose-quietcomfort-bluetooth-earbuds-true-wireless-earbuds-mit-aktiver-geraeuschunterdrueckung-und-mikrofon-tiefer-bass-ipx4-bewertung-bis-zu-85-stunden-spielzeit-schwarz\/","url_meta":{"origin":9916,"position":5},"title":"Renewed Bose QuietComfort Bluetooth Earbuds, True Wireless Earbuds mit aktiver Ger\u00e4uschunterdr\u00fcckung und Mikrofon, tiefer Bass, IPX4 Bewertung, bis zu 8,5 Stunden Spielzeit, Schwarz","date":"March 24, 2026","format":false,"excerpt":"TON OHNE KOMPROMISS: Nutzen Sie den Tag auf Ihre Weise und trotzen Sie den Ablenkungen mit diesen kabellosen Bluetooth-Kopfh\u00f6rern mit weltbekannter Ger\u00e4uschunterdr\u00fcckung f\u00fcr ein H\u00f6rerlebnis, das den Alltag zu einem Epos macht. LEISTUNGSSTARKES, BEW\u00c4HRTES AUDIO: Diese kabellosen Bluetooth-Kopfh\u00f6rer mit IPX4-Klassifizierung bieten eine bemerkenswerte Klangqualit\u00e4t f\u00fcr ein befriedigendes H\u00f6rerlebnis, das genau\u2026","rel":"","context":"Similar post","img":{"alt_text":"","src":"https:\/\/i0.wp.com\/anythingtechnicallc.com\/wp-content\/uploads\/2025\/10\/61qIEvCy6L._AC_SL1500_.jpg?fit=1200%2C1146&ssl=1&resize=350%2C200","width":350,"height":200},"classes":[]}],"pll_sync_post":[],"lang":"de","translations":{"de":9916,"en":9789},"_links":{"self":[{"href":"https:\/\/anythingtechnicallc.com\/index.php\/wp-json\/wp\/v2\/product\/9916","targetHints":{"allow":["GET"]}}],"collection":[{"href":"https:\/\/anythingtechnicallc.com\/index.php\/wp-json\/wp\/v2\/product"}],"about":[{"href":"https:\/\/anythingtechnicallc.com\/index.php\/wp-json\/wp\/v2\/types\/product"}],"replies":[{"embeddable":true,"href":"https:\/\/anythingtechnicallc.com\/index.php\/wp-json\/wp\/v2\/comments?post=9916"}],"wp:featuredmedia":[{"embeddable":true,"href":"https:\/\/anythingtechnicallc.com\/index.php\/wp-json\/wp\/v2\/media\/9915"}],"wp:attachment":[{"href":"https:\/\/anythingtechnicallc.com\/index.php\/wp-json\/wp\/v2\/media?parent=9916"}],"wp:term":[{"taxonomy":"product_brand","embeddable":true,"href":"https:\/\/anythingtechnicallc.com\/index.php\/wp-json\/wp\/v2\/product_brand?post=9916"},{"taxonomy":"product_cat","embeddable":true,"href":"https:\/\/anythingtechnicallc.com\/index.php\/wp-json\/wp\/v2\/product_cat?post=9916"},{"taxonomy":"product_tag","embeddable":true,"href":"https:\/\/anythingtechnicallc.com\/index.php\/wp-json\/wp\/v2\/product_tag?post=9916"}],"curies":[{"name":"wp","href":"https:\/\/api.w.org\/{rel}","templated":true}]}}