{"id":9919,"date":"2026-04-15T07:02:28","date_gmt":"2026-04-15T07:02:28","guid":{"rendered":"https:\/\/anythingtechnicallc.com\/?post_type=product&#038;p=9919"},"modified":"2026-04-15T07:02:28","modified_gmt":"2026-04-15T07:02:28","slug":"jbl-drahtloses-zwei-mikrofon-system-mit-zweikanal-empfaenger-schwarz-erneuert","status":"publish","type":"product","link":"https:\/\/anythingtechnicallc.com\/index.php\/de\/product\/jbl-drahtloses-zwei-mikrofon-system-mit-zweikanal-empfaenger-schwarz-erneuert\/","title":{"rendered":"JBL Drahtloses Zwei-Mikrofon-System mit Zweikanal-Empf\u00e4nger, Schwarz (Erneuert)"},"content":{"rendered":"<div id=\"Desktop-Detailed-Evaluation-Zone\" class=\"celwidget\" data-feature-name=\"Desktop-Detailed-Evaluation-Zone\" data-csa-c-type=\"widget\" data-csa-c-content-id=\"Desktop-Detailed-Evaluation-Zone\" data-csa-c-slot-id=\"Desktop-Detailed-Evaluation-Zone\" data-csa-c-asin=\"\" data-csa-c-is-in-initial-active-row=\"false\" data-cel-widget=\"Desktop-Detailed-Evaluation-Zone\" data-csa-c-id=\"ilydfm-vh6t8v-sqm53b-yz2ek5\">\n<div id=\"productDescription_feature_div\" class=\"celwidget pd_rd_w-sIELB pd_rd_r-XK33KV3AJG02NCN3N79Q pd_rd_wg-1NWO4\" data-feature-name=\"productDescription-3\" data-csa-c-type=\"widget\" data-csa-c-content-id=\"productDescription-3\" data-csa-c-slot-id=\"productDescription_feature_div\" data-csa-c-asin=\"\" data-csa-c-is-in-initial-active-row=\"false\" data-cel-widget=\"productDescription_feature_div\" data-csa-c-id=\"g8m6ub-lcm08p-x2omcw-n9hbfk\">\n<div>\n<div id=\"productDescription_feature_div\" class=\"a-row feature\" data-feature-name=\"productDescription\" data-template-name=\"productDescription\" data-cel-widget=\"productDescription_feature_div\">\n<div id=\"productDescription\" class=\"a-section a-spacing-small\">\n<p>Die drahtlosen Mikrofone von JBL liefern den JBL Original Pro Sound mit unglaublicher Klarheit und Detailtreue. Treffen Sie die hohen T\u00f6ne ohne Verzerrung oder Verz\u00f6gerung. Schlie\u00dfen Sie einfach den kabellosen Zweikanal-Empf\u00e4nger an Ihren Lautsprecher an, schalten Sie die Mikrofone ein und schon sind Sie bereit, zu gl\u00e4nzen.<\/p>\n<\/div>\n<\/div>\n<\/div>\n<\/div>\n<div id=\"productDocuments_feature_div\" class=\"celwidget pd_rd_w-nWlpP pd_rd_r-XK33KV3AJG02NCN3N79Q pd_rd_wg-1NWO4\" data-feature-name=\"productDocuments\" data-csa-c-type=\"widget\" data-csa-c-content-id=\"productDocuments\" data-csa-c-slot-id=\"productDocuments_feature_div\" data-csa-c-asin=\"\" data-csa-c-is-in-initial-active-row=\"false\" data-cel-widget=\"productDocuments_feature_div\" data-csa-c-id=\"4y4qgk-6jf2hm-fcrqo2-qu0730\"><\/div>\n<\/div>\n","protected":false},"excerpt":{"rendered":"<p>Die drahtlosen Mikrofone von JBL liefern den JBL Original Pro Sound mit unglaublicher Klarheit und Detailtreue. Treffen Sie die hohen T\u00f6ne ohne Verzerrung oder Verz\u00f6gerung. Schlie\u00dfen Sie einfach den kabellosen Zweikanal-Empf\u00e4nger an Ihren Lautsprecher an, schalten Sie die Mikrofone ein und schon sind Sie bereit, zu gl\u00e4nzen.<\/p>\n","protected":false},"featured_media":9918,"comment_status":"open","ping_status":"closed","template":"","meta":{"_et_pb_use_builder":"","_et_pb_old_content":"","_et_gb_content_width":""},"product_brand":[],"product_cat":[1578],"product_tag":[],"class_list":{"0":"post-9919","1":"product","2":"type-product","3":"status-publish","4":"has-post-thumbnail","6":"product_cat-headset","8":"first","9":"instock","10":"sale","11":"taxable","12":"shipping-taxable","13":"purchasable","14":"product-type-simple"},"exclude_global_add_ons":[],"addons":[],"jetpack-related-posts":[{"id":9922,"url":"https:\/\/anythingtechnicallc.com\/index.php\/de\/product\/jbl-partybox-wireless-mic-2x-digitale-drahtlose-mikrofone-wiederaufladbarer-akku-20-std-700-mah-klare-stimme-klarer-klang-stabile-24-ghz-verbindung-kompatibel-mit-allen-partybox-lautsprec\/","url_meta":{"origin":9919,"position":0},"title":"JBL PartyBox Wireless Mic &#8211; 2X digitale drahtlose Mikrofone, wiederaufladbarer Akku (20 Std. &#8211; 700 mAh), klare Stimme, klarer Klang, stabile 2,4-GHz-Verbindung, kompatibel mit allen PartyBox Lautsprechern (erneuert)","date":"April 15, 2026","format":false,"excerpt":"Schlie\u00dfen Sie die drahtlosen JBL-Mikrofone an jeden JBL-Lautsprecher an, und drinnen oder drau\u00dfen werden Sie klar und fesselnd klingen. Bis zu 20 Stunden Spielzeit und Sie k\u00f6nnen ein Mikrofon sogar w\u00e4hrend des Aufladens \u00fcber die integrierte Powerbank der PartyBox verwenden. Bis zu 20 Stunden Spielzeit und Sie k\u00f6nnen sogar ein\u2026","rel":"","context":"Similar post","img":{"alt_text":"","src":"https:\/\/i0.wp.com\/anythingtechnicallc.com\/wp-content\/uploads\/2026\/04\/61Yl89uADxL._AC_SL1500_.jpg?fit=1200%2C828&ssl=1&resize=350%2C200","width":350,"height":200},"classes":[]},{"id":8964,"url":"https:\/\/anythingtechnicallc.com\/index.php\/de\/product\/jbl-tune-770nc-adaptive-geraeuschunterdrueckung-mit-intelligenter-umgebungsgeraeuschunterdrueckung-kabelloser-over-ear-kopfhoerer-bluetooth-5-3-bis-zu-70-stunden-akkulaufzeit-mit-schnellladung-l\/","url_meta":{"origin":9919,"position":1},"title":"JBL TUNE 770NC &#8211; Adaptive Ger\u00e4uschunterdr\u00fcckung mit intelligenter Umgebungsger\u00e4uschunterdr\u00fcckung, kabelloser Over-Ear-Kopfh\u00f6rer, Bluetooth 5.3, bis zu 70 Stunden Akkulaufzeit mit Schnellladung, leichtes, komfortables &#038; faltbares Design (Schwarz)","date":"March 18, 2026","format":false,"excerpt":"Adaptive Ger\u00e4uschunterdr\u00fcckung mit Smart Ambient: Adaptive Ger\u00e4uschunterdr\u00fcckung bedeutet keine Ablenkung, egal ob Sie lernen oder sich in der Musik verlieren. Wenn Sie die Welt um sich herum h\u00f6ren m\u00f6chten, aktivieren Sie Ambient Aware und TalkThru in der JBL Headphones App. Bluetooth 5.3 mit LE Audio: \u00dcbertragen Sie kabellos hochwertigen JBL\u2026","rel":"","context":"Similar post","img":{"alt_text":"","src":"https:\/\/i0.wp.com\/anythingtechnicallc.com\/wp-content\/uploads\/2024\/09\/61EL2AKKcBL._AC_SL1500_.jpg?fit=1056%2C1200&ssl=1&resize=350%2C200","width":350,"height":200},"classes":[]},{"id":8962,"url":"https:\/\/anythingtechnicallc.com\/index.php\/de\/product\/jbl-tune-720bt-kabellose-over-ear-kopfhoerer-mit-jbl-pure-bass-sound-bluetooth-5-3-bis-zu-76-stunden-akkulaufzeit-und-schnellladefunktion-leichtes-komfortables-und-faltbares-design-schwarz\/","url_meta":{"origin":9919,"position":2},"title":"JBL Tune 720BT &#8211; Kabellose Over-Ear-Kopfh\u00f6rer mit JBL Pure Bass Sound, Bluetooth 5.3, bis zu 76 Stunden Akkulaufzeit und Schnellladefunktion, leichtes, komfortables und faltbares Design (Schwarz)","date":"March 18, 2026","format":false,"excerpt":"JBL Pure Bass Sound: Der JBL Tune 720BT verf\u00fcgt \u00fcber den renommierten JBL Pure Bass Sound, dieselbe Technologie, die in den ber\u00fchmtesten Veranstaltungsorten auf der ganzen Welt zum Einsatz kommt. Kabellose Bluetooth 5.3 Technologie: \u00dcbertragen Sie mit Hilfe der neuesten Bluetooth-Technologie kabellos und ohne l\u00e4stige Kabel hochwertigen Sound von Ihrem\u2026","rel":"","context":"Similar post","img":{"alt_text":"","src":"https:\/\/i0.wp.com\/anythingtechnicallc.com\/wp-content\/uploads\/2024\/09\/61EL2AKKcBL._AC_SL1500_.jpg?fit=1056%2C1200&ssl=1&resize=350%2C200","width":350,"height":200},"classes":[]},{"id":9264,"url":"https:\/\/anythingtechnicallc.com\/index.php\/de\/product\/gebrauchter-shure-slx4-funkempfaenger-h5-band-518-542-mhz\/","url_meta":{"origin":9919,"position":3},"title":"Gebrauchter Shure SLX4 Funkempf\u00e4nger &#8211; H5 Band 518-542 MHz","date":"March 19, 2026","format":false,"excerpt":"Dieser Sender arbeitet auf 518,000-542,000 MHz. SLX: Klare \u00dcbertragungen Der SLX-Sound basiert auf dem patentierten Audio Reference Companding von Shure, einer Technologie, die drahtlosen Systemen eine klarere \u00dcbertragung und einen gr\u00f6\u00dferen Dynamikbereich verleiht. Im Gegensatz zu herk\u00f6mmlichen drahtlosen Companding-Verfahren, die durch ein festes Kompressionsverh\u00e4ltnis eingeschr\u00e4nkt sind, verwendet diese Technologie ein\u2026","rel":"","context":"Similar post","img":{"alt_text":"","src":"https:\/\/i0.wp.com\/anythingtechnicallc.com\/wp-content\/uploads\/2025\/06\/Shure-SLX4-Wireless-Receiver-H5-Band-scaled.webp?fit=1200%2C608&ssl=1&resize=350%2C200","width":350,"height":200},"classes":[]},{"id":8967,"url":"https:\/\/anythingtechnicallc.com\/index.php\/de\/product\/jbl-live-660nc-kabelloser-over-ear-kopfhoerer-mit-geraeuschunterdrueckung-ausdauerndem-akku-und-sprachassistent-schwarz-medium\/","url_meta":{"origin":9919,"position":4},"title":"JBL Live 660NC &#8211; Kabelloser Over-Ear-Kopfh\u00f6rer mit Ger\u00e4uschunterdr\u00fcckung, ausdauerndem Akku und Sprachassistent &#8211; Schwarz, Medium","date":"March 18, 2026","format":false,"excerpt":"Der kabellose Kopfh\u00f6rer JBL Live 660NC verf\u00fcgt \u00fcber 40-mm-Treiber und eine Klangsignatur, die in den ber\u00fchmtesten Veranstaltungsorten auf der ganzen Welt zu finden ist. Halten Sie den L\u00e4rm fern und konzentrieren Sie sich auf die Musik mit der adaptiven Ger\u00e4uschunterdr\u00fcckung dieser Bluetooth-Kopfh\u00f6rer. Die Ambient Aware Technologie erm\u00f6glicht es Ihnen, sicher\u2026","rel":"","context":"Similar post","img":{"alt_text":"","src":"https:\/\/i0.wp.com\/anythingtechnicallc.com\/wp-content\/uploads\/2024\/09\/61cjF3Y4pwL._AC_SL1500_.jpg?fit=981%2C1164&ssl=1&resize=350%2C200","width":350,"height":200},"classes":[]},{"id":9259,"url":"https:\/\/anythingtechnicallc.com\/index.php\/de\/product\/gebrauchtes-shure-mx202w-c-kondensatormikrofon-niere-184\/","url_meta":{"origin":9919,"position":5},"title":"Gebrauchtes Shure MX202W\/C Kondensatormikrofon &#8211; Niere 184","date":"March 19, 2026","format":false,"excerpt":"Die Mikrofone der Shure Micro flex MX200 Serie sind Miniatur-Elektronenkondensatormikrofone, die f\u00fcr die Aufnahme von Ch\u00f6ren und Performance-Gruppen entwickelt wurden. Sie werden in der Regel \u00fcber den K\u00f6pfen der Interpreten aufgeh\u00e4ngt. Durch ihre hohe Empfindlichkeit und den gro\u00dfen Frequenzbereich eignen sie sich sowohl f\u00fcr Aufnahmen als auch f\u00fcr Beschallungsanwendungen. Dank\u2026","rel":"","context":"Similar post","img":{"alt_text":"","src":"https:\/\/i0.wp.com\/anythingtechnicallc.com\/wp-content\/uploads\/2025\/06\/51BoUmQ0qGL._AC_SL1500_.jpg?fit=362%2C1200&ssl=1&resize=350%2C200","width":350,"height":200},"classes":[]}],"pll_sync_post":[],"lang":"de","translations":{"de":9919,"en":9792},"_links":{"self":[{"href":"https:\/\/anythingtechnicallc.com\/index.php\/wp-json\/wp\/v2\/product\/9919","targetHints":{"allow":["GET"]}}],"collection":[{"href":"https:\/\/anythingtechnicallc.com\/index.php\/wp-json\/wp\/v2\/product"}],"about":[{"href":"https:\/\/anythingtechnicallc.com\/index.php\/wp-json\/wp\/v2\/types\/product"}],"replies":[{"embeddable":true,"href":"https:\/\/anythingtechnicallc.com\/index.php\/wp-json\/wp\/v2\/comments?post=9919"}],"wp:featuredmedia":[{"embeddable":true,"href":"https:\/\/anythingtechnicallc.com\/index.php\/wp-json\/wp\/v2\/media\/9918"}],"wp:attachment":[{"href":"https:\/\/anythingtechnicallc.com\/index.php\/wp-json\/wp\/v2\/media?parent=9919"}],"wp:term":[{"taxonomy":"product_brand","embeddable":true,"href":"https:\/\/anythingtechnicallc.com\/index.php\/wp-json\/wp\/v2\/product_brand?post=9919"},{"taxonomy":"product_cat","embeddable":true,"href":"https:\/\/anythingtechnicallc.com\/index.php\/wp-json\/wp\/v2\/product_cat?post=9919"},{"taxonomy":"product_tag","embeddable":true,"href":"https:\/\/anythingtechnicallc.com\/index.php\/wp-json\/wp\/v2\/product_tag?post=9919"}],"curies":[{"name":"wp","href":"https:\/\/api.w.org\/{rel}","templated":true}]}}