{"id":9922,"date":"2026-04-15T07:02:33","date_gmt":"2026-04-15T07:02:33","guid":{"rendered":"https:\/\/anythingtechnicallc.com\/?post_type=product&#038;p=9922"},"modified":"2026-04-15T07:02:33","modified_gmt":"2026-04-15T07:02:33","slug":"jbl-partybox-wireless-mic-2x-digitale-drahtlose-mikrofone-wiederaufladbarer-akku-20-std-700-mah-klare-stimme-klarer-klang-stabile-24-ghz-verbindung-kompatibel-mit-allen-partybox-lautsprec","status":"publish","type":"product","link":"https:\/\/anythingtechnicallc.com\/index.php\/de\/product\/jbl-partybox-wireless-mic-2x-digitale-drahtlose-mikrofone-wiederaufladbarer-akku-20-std-700-mah-klare-stimme-klarer-klang-stabile-24-ghz-verbindung-kompatibel-mit-allen-partybox-lautsprec\/","title":{"rendered":"JBL PartyBox Wireless Mic &#8211; 2X digitale drahtlose Mikrofone, wiederaufladbarer Akku (20 Std. &#8211; 700 mAh), klare Stimme, klarer Klang, stabile 2,4-GHz-Verbindung, kompatibel mit allen PartyBox Lautsprechern (erneuert)"},"content":{"rendered":"<div id=\"Desktop-Detailed-Evaluation-Zone\" class=\"celwidget\" data-feature-name=\"Desktop-Detailed-Evaluation-Zone\" data-csa-c-type=\"widget\" data-csa-c-content-id=\"Desktop-Detailed-Evaluation-Zone\" data-csa-c-slot-id=\"Desktop-Detailed-Evaluation-Zone\" data-csa-c-asin=\"\" data-csa-c-is-in-initial-active-row=\"false\" data-csa-c-id=\"sxails-5662fp-dskqdz-gdpdjt\" data-cel-widget=\"Desktop-Detailed-Evaluation-Zone\">\n<div id=\"productDescription_feature_div\" class=\"celwidget pd_rd_w-JCkEp pd_rd_r-G55R64JB5Q8MVGHW99N5 pd_rd_wg-TxMdp\" data-feature-name=\"productDescription-3\" data-csa-c-type=\"widget\" data-csa-c-content-id=\"productDescription-3\" data-csa-c-slot-id=\"productDescription_feature_div\" data-csa-c-asin=\"\" data-csa-c-is-in-initial-active-row=\"false\" data-csa-c-id=\"23zsqf-8codci-3exogt-pyqeow\" data-cel-widget=\"productDescription_feature_div\">\n<div>\n<div id=\"productDescription_feature_div\" class=\"a-row feature\" data-feature-name=\"productDescription\" data-template-name=\"productDescription\" data-cel-widget=\"productDescription_feature_div\">\n<div id=\"productDescription\" class=\"a-section a-spacing-small\">\n<p>Schlie\u00dfen Sie die drahtlosen JBL-Mikrofone an jeden JBL-Lautsprecher an, und drinnen oder drau\u00dfen werden Sie klar und fesselnd klingen. Bis zu 20 Stunden Spielzeit und Sie k\u00f6nnen ein Mikrofon sogar w\u00e4hrend des Aufladens \u00fcber die integrierte Powerbank der PartyBox verwenden. Bis zu 20 Stunden Spielzeit und Sie k\u00f6nnen sogar ein Mikrofon verwenden, w\u00e4hrend es aufgeladen wird. Die Nierencharakteristik dieser Mikrofone liefert einen warmen, klaren und klaren Gesangssound, der daf\u00fcr sorgt, dass jeder sein Bestes gibt. Ein Sto\u00dfd\u00e4mpfersystem minimiert die Ger\u00e4usche, die entstehen, wenn das Mikrofon von einer Hand in die andere gereicht wird, w\u00e4hrend ein eingebauter Pop-Filter alle st\u00f6renden Atemger\u00e4usche eliminiert, die Sie bei Ihrer Performance nicht haben m\u00f6chten.<\/p>\n<\/div>\n<\/div>\n<\/div>\n<\/div>\n<\/div>\n<div id=\"promotions_feature_div\" class=\"celwidget\" data-feature-name=\"promotions_US\" data-csa-c-type=\"widget\" data-csa-c-content-id=\"promotions_US\" data-csa-c-slot-id=\"promotions_feature_div\" data-csa-c-asin=\"\" data-csa-c-is-in-initial-active-row=\"false\" data-csa-c-id=\"mzdjyf-hovnc2-55fm69-pl2rzo\" data-cel-widget=\"promotions_feature_div\">\n<ul class=\"a-unordered-list a-vertical a-spacing-mini\">\n<li class=\"a-spacing-mini\"><span class=\"a-list-item\">Tr\u00e4gerfrequenz: 2404 &#8211; 2478MHz Verschl\u00fcsselung: AES &#8211; 128. <\/span><\/li>\n<li class=\"a-spacing-mini\"><span class=\"a-list-item\">Arbeitsbereich: 30m (100ft) Latenzzeit: &lt; 12ms. <\/span><\/li>\n<li class=\"a-spacing-mini\"><span class=\"a-list-item\">Frequenzbereich: 50Hz &#8211; 15KHz Dynamikbereich: 100dB@ 1K Hz. <\/span><\/li>\n<li class=\"a-spacing-mini\"><span class=\"a-list-item\">Signal-zu-Rauschen: 59dBA THD: &lt; 1% @ 94dB SPL, 200 &#8211; 10KHz. <\/span><\/li>\n<li class=\"a-spacing-mini\"><span class=\"a-list-item\">Spielzeit des Mikrofons: bis zu 20 Stunden und des Dongles: bis zu 12 Stunden. <\/span><\/li>\n<li class=\"a-spacing-mini\"><span class=\"a-list-item\">Stabile 2.4GHz Verbindung innerhalb von 30 Metern. <\/span><\/li>\n<\/ul>\n<\/div>\n<div id=\"cpsiaProductSafetyWarning-2_feature_div\" class=\"celwidget\" data-feature-name=\"cpsiaProductSafetyWarning-2\" data-csa-c-type=\"widget\" data-csa-c-content-id=\"cpsiaProductSafetyWarning-2\" data-csa-c-slot-id=\"cpsiaProductSafetyWarning-2_feature_div\" data-csa-c-asin=\"\" data-csa-c-is-in-initial-active-row=\"false\" data-csa-c-id=\"r4jdrl-qod0au-nl6ixf-3gm3nx\" data-cel-widget=\"cpsiaProductSafetyWarning-2_feature_div\">\n<div class=\"celwidget c-f\" data-csa-op-log-render=\"\" data-csa-c-content-id=\"DsUnknown\" data-csa-c-slot-id=\"DsUnknown-4\" data-csa-c-type=\"widget\" data-csa-c-painter=\"dp-cpsia-product-safety-warning-cards\" data-csa-c-id=\"kk9tuw-juagyn-l2ewlp-1pklyl\" data-cel-widget=\"dp-cpsia-product-safety-warning_DetailPage_3\">\n<div id=\"CardInstance7yTFTV5T_8ymOW9LbfdmMw\" data-card-metrics-id=\"dp-cpsia-product-safety-warning_DetailPage_3\"><\/div>\n<\/div>\n<\/div>\n<div id=\"buffetServiceCard_feature_div\" class=\"celwidget\" data-feature-name=\"buffetServiceCard\" data-csa-c-type=\"widget\" data-csa-c-content-id=\"buffetServiceCard\" data-csa-c-slot-id=\"buffetServiceCard_feature_div\" data-csa-c-asin=\"\" data-csa-c-is-in-initial-active-row=\"false\" data-csa-c-id=\"ip9m3a-barcat-c7jkhu-s6qsek\" data-cel-widget=\"buffetServiceCard_feature_div\">\n<div class=\"celwidget c-f\" data-csa-op-log-render=\"\" data-csa-c-content-id=\"DsUnknown\" data-csa-c-slot-id=\"DsUnknown-1\" data-csa-c-type=\"widget\" data-csa-c-painter=\"buffet-disclaimers-card-cards\" data-csa-c-id=\"kvqvw5-i20rvk-byag1n-vkzrjn\" data-cel-widget=\"buffet-disclaimers-card_DetailPage_0\">\n<div id=\"CardInstanceEkaN2uEOJNgMF3YRUdF8Wg\" data-card-metrics-id=\"buffet-disclaimers-card_DetailPage_0\" data-acp-tracking=\"{}\" data-mix-claimed=\"true\"><\/div>\n<\/div>\n<\/div>\n<div id=\"postPurchaseSideSheet_MP_feature_div\" class=\"celwidget\" data-feature-name=\"postPurchaseSideSheet_MP\" data-csa-c-type=\"widget\" data-csa-c-content-id=\"postPurchaseSideSheet_MP\" data-csa-c-slot-id=\"postPurchaseSideSheet_MP_feature_div\" data-csa-c-asin=\"\" data-csa-c-is-in-initial-active-row=\"false\" data-csa-c-id=\"xljiu5-vwqd6r-cl162a-euse5v\" data-cel-widget=\"postPurchaseSideSheet_MP_feature_div\"><\/div>\n<div id=\"postPurchaseWhatsInTheBox_MP_feature_div\" class=\"celwidget\" data-feature-name=\"postPurchaseWhatsInTheBox_MP\" data-csa-c-type=\"widget\" data-csa-c-content-id=\"postPurchaseWhatsInTheBox_MP\" data-csa-c-slot-id=\"postPurchaseWhatsInTheBox_MP_feature_div\" data-csa-c-asin=\"\" data-csa-c-is-in-initial-active-row=\"false\" data-csa-c-id=\"8eycg6-uc1zh9-oyi7rg-63frvj\" data-cel-widget=\"postPurchaseWhatsInTheBox_MP_feature_div\">\n<div id=\"whatsInTheBoxDeck\" class=\"a-section a-spacing-base celwidget\" data-csa-c-id=\"qq190g-b4f96t-782ov1-hkmfvp\" data-cel-widget=\"whatsInTheBoxDeck\"><\/div>\n<\/div>\n","protected":false},"excerpt":{"rendered":"<div id=\"Desktop-Detailed-Evaluation-Zone\" class=\"celwidget\" data-feature-name=\"Desktop-Detailed-Evaluation-Zone\" data-csa-c-type=\"widget\" data-csa-c-content-id=\"Desktop-Detailed-Evaluation-Zone\" data-csa-c-slot-id=\"Desktop-Detailed-Evaluation-Zone\" data-csa-c-asin=\"\" data-csa-c-is-in-initial-active-row=\"false\" data-csa-c-id=\"sxails-5662fp-dskqdz-gdpdjt\" data-cel-widget=\"Desktop-Detailed-Evaluation-Zone\">\n<div id=\"productDescription_feature_div\" class=\"celwidget pd_rd_w-JCkEp pd_rd_r-G55R64JB5Q8MVGHW99N5 pd_rd_wg-TxMdp\" data-feature-name=\"productDescription-3\" data-csa-c-type=\"widget\" data-csa-c-content-id=\"productDescription-3\" data-csa-c-slot-id=\"productDescription_feature_div\" data-csa-c-asin=\"\" data-csa-c-is-in-initial-active-row=\"false\" data-csa-c-id=\"23zsqf-8codci-3exogt-pyqeow\" data-cel-widget=\"productDescription_feature_div\">\n<div>\n<div id=\"productDescription_feature_div\" class=\"a-row feature\" data-feature-name=\"productDescription\" data-template-name=\"productDescription\" data-cel-widget=\"productDescription_feature_div\">\n<div id=\"productDescription\" class=\"a-section a-spacing-small\">\n<p>Schlie\u00dfen Sie die drahtlosen JBL-Mikrofone an jeden JBL-Lautsprecher an, und drinnen oder drau\u00dfen werden Sie klar und fesselnd klingen. Bis zu 20 Stunden Spielzeit und Sie k\u00f6nnen ein Mikrofon sogar w\u00e4hrend des Aufladens \u00fcber die integrierte Powerbank der PartyBox verwenden. Bis zu 20 Stunden Spielzeit und Sie k\u00f6nnen sogar ein Mikrofon verwenden, w\u00e4hrend es aufgeladen wird. Die Nierencharakteristik dieser Mikrofone sorgt f\u00fcr einen warmen, klaren und scharfen Gesangssound, der daf\u00fcr sorgt, dass jeder sein Bestes gibt. Ein Sto\u00dfd\u00e4mpfersystem minimiert die Ger\u00e4usche, die entstehen, wenn das Mikrofon von einer Hand in die andere gereicht wird, w\u00e4hrend ein eingebauter Pop-Filter alle st\u00f6renden Atemger\u00e4usche eliminiert, die Sie bei Ihrer Performance nicht haben m\u00f6chten.<\/p>\n<\/div>\n<\/div>\n<\/div>\n<\/div>\n<\/div>\n<div id=\"promotions_feature_div\" class=\"celwidget\" data-feature-name=\"promotions_US\" data-csa-c-type=\"widget\" data-csa-c-content-id=\"promotions_US\" data-csa-c-slot-id=\"promotions_feature_div\" data-csa-c-asin=\"\" data-csa-c-is-in-initial-active-row=\"false\" data-csa-c-id=\"mzdjyf-hovnc2-55fm69-pl2rzo\" data-cel-widget=\"promotions_feature_div\">\n<ul class=\"a-unordered-list a-vertical a-spacing-mini\">\n<li class=\"a-spacing-mini\"><span class=\"a-list-item\">Tr\u00e4gerfrequenz: 2404 &#8211; 2478MHz Verschl\u00fcsselung: AES &#8211; 128. <\/span><\/li>\n<li class=\"a-spacing-mini\"><span class=\"a-list-item\">Arbeitsbereich: 30m (100ft) Latenzzeit: &lt; 12ms. <\/span><\/li>\n<li class=\"a-spacing-mini\"><span class=\"a-list-item\">Frequenzbereich: 50Hz &#8211; 15KHz Dynamikbereich: 100dB@ 1K Hz. <\/span><\/li>\n<li class=\"a-spacing-mini\"><span class=\"a-list-item\">Signal-zu-Rauschen: 59dBA THD: &lt; 1% @ 94dB SPL, 200 &#8211; 10KHz. <\/span><\/li>\n<li class=\"a-spacing-mini\"><span class=\"a-list-item\">Spielzeit des Mikrofons: bis zu 20 Stunden und des Dongles: bis zu 12 Stunden. <\/span><\/li>\n<li class=\"a-spacing-mini\"><span class=\"a-list-item\">Stabile 2.4GHz Verbindung innerhalb von 30 Metern. <\/span><\/li>\n<\/ul>\n<\/div>\n<div id=\"cpsiaProductSafetyWarning-2_feature_div\" class=\"celwidget\" data-feature-name=\"cpsiaProductSafetyWarning-2\" data-csa-c-type=\"widget\" data-csa-c-content-id=\"cpsiaProductSafetyWarning-2\" data-csa-c-slot-id=\"cpsiaProductSafetyWarning-2_feature_div\" data-csa-c-asin=\"\" data-csa-c-is-in-initial-active-row=\"false\" data-csa-c-id=\"r4jdrl-qod0au-nl6ixf-3gm3nx\" data-cel-widget=\"cpsiaProductSafetyWarning-2_feature_div\">\n<div class=\"celwidget c-f\" data-csa-op-log-render=\"\" data-csa-c-content-id=\"DsUnknown\" data-csa-c-slot-id=\"DsUnknown-4\" data-csa-c-type=\"widget\" data-csa-c-painter=\"dp-cpsia-product-safety-warning-cards\" data-csa-c-id=\"kk9tuw-juagyn-l2ewlp-1pklyl\" data-cel-widget=\"dp-cpsia-product-safety-warning_DetailPage_3\">\n<div id=\"CardInstance7yTFTV5T_8ymOW9LbfdmMw\" data-card-metrics-id=\"dp-cpsia-product-safety-warning_DetailPage_3\"><\/div>\n<\/div>\n<\/div>\n<div id=\"buffetServiceCard_feature_div\" class=\"celwidget\" data-feature-name=\"buffetServiceCard\" data-csa-c-type=\"widget\" data-csa-c-content-id=\"buffetServiceCard\" data-csa-c-slot-id=\"buffetServiceCard_feature_div\" data-csa-c-asin=\"\" data-csa-c-is-in-initial-active-row=\"false\" data-csa-c-id=\"ip9m3a-barcat-c7jkhu-s6qsek\" data-cel-widget=\"buffetServiceCard_feature_div\">\n<div class=\"celwidget c-f\" data-csa-op-log-render=\"\" data-csa-c-content-id=\"DsUnknown\" data-csa-c-slot-id=\"DsUnknown-1\" data-csa-c-type=\"widget\" data-csa-c-painter=\"buffet-disclaimers-card-cards\" data-csa-c-id=\"kvqvw5-i20rvk-byag1n-vkzrjn\" data-cel-widget=\"buffet-disclaimers-card_DetailPage_0\">\n<div id=\"CardInstanceEkaN2uEOJNgMF3YRUdF8Wg\" data-card-metrics-id=\"buffet-disclaimers-card_DetailPage_0\" data-acp-tracking=\"{}\" data-mix-claimed=\"true\"><\/div>\n<\/div>\n<\/div>\n<div id=\"postPurchaseSideSheet_MP_feature_div\" class=\"celwidget\" data-feature-name=\"postPurchaseSideSheet_MP\" data-csa-c-type=\"widget\" data-csa-c-content-id=\"postPurchaseSideSheet_MP\" data-csa-c-slot-id=\"postPurchaseSideSheet_MP_feature_div\" data-csa-c-asin=\"\" data-csa-c-is-in-initial-active-row=\"false\" data-csa-c-id=\"xljiu5-vwqd6r-cl162a-euse5v\" data-cel-widget=\"postPurchaseSideSheet_MP_feature_div\"><\/div>\n<div id=\"postPurchaseWhatsInTheBox_MP_feature_div\" class=\"celwidget\" data-feature-name=\"postPurchaseWhatsInTheBox_MP\" data-csa-c-type=\"widget\" data-csa-c-content-id=\"postPurchaseWhatsInTheBox_MP\" data-csa-c-slot-id=\"postPurchaseWhatsInTheBox_MP_feature_div\" data-csa-c-asin=\"\" data-csa-c-is-in-initial-active-row=\"false\" data-csa-c-id=\"8eycg6-uc1zh9-oyi7rg-63frvj\" data-cel-widget=\"postPurchaseWhatsInTheBox_MP_feature_div\">\n<div id=\"whatsInTheBoxDeck\" class=\"a-section a-spacing-base celwidget\" data-csa-c-id=\"qq190g-b4f96t-782ov1-hkmfvp\" data-cel-widget=\"whatsInTheBoxDeck\"><\/div>\n<\/div>\n","protected":false},"featured_media":9921,"comment_status":"open","ping_status":"closed","template":"","meta":{"_et_pb_use_builder":"","_et_pb_old_content":"","_et_gb_content_width":""},"product_brand":[],"product_cat":[1578],"product_tag":[],"class_list":{"0":"post-9922","1":"product","2":"type-product","3":"status-publish","4":"has-post-thumbnail","6":"product_cat-headset","8":"first","9":"instock","10":"sale","11":"taxable","12":"shipping-taxable","13":"purchasable","14":"product-type-simple"},"exclude_global_add_ons":[],"addons":[],"jetpack-related-posts":[],"pll_sync_post":[],"lang":"de","translations":{"de":9922,"en":9795},"_links":{"self":[{"href":"https:\/\/anythingtechnicallc.com\/index.php\/wp-json\/wp\/v2\/product\/9922","targetHints":{"allow":["GET"]}}],"collection":[{"href":"https:\/\/anythingtechnicallc.com\/index.php\/wp-json\/wp\/v2\/product"}],"about":[{"href":"https:\/\/anythingtechnicallc.com\/index.php\/wp-json\/wp\/v2\/types\/product"}],"replies":[{"embeddable":true,"href":"https:\/\/anythingtechnicallc.com\/index.php\/wp-json\/wp\/v2\/comments?post=9922"}],"wp:featuredmedia":[{"embeddable":true,"href":"https:\/\/anythingtechnicallc.com\/index.php\/wp-json\/wp\/v2\/media\/9921"}],"wp:attachment":[{"href":"https:\/\/anythingtechnicallc.com\/index.php\/wp-json\/wp\/v2\/media?parent=9922"}],"wp:term":[{"taxonomy":"product_brand","embeddable":true,"href":"https:\/\/anythingtechnicallc.com\/index.php\/wp-json\/wp\/v2\/product_brand?post=9922"},{"taxonomy":"product_cat","embeddable":true,"href":"https:\/\/anythingtechnicallc.com\/index.php\/wp-json\/wp\/v2\/product_cat?post=9922"},{"taxonomy":"product_tag","embeddable":true,"href":"https:\/\/anythingtechnicallc.com\/index.php\/wp-json\/wp\/v2\/product_tag?post=9922"}],"curies":[{"name":"wp","href":"https:\/\/api.w.org\/{rel}","templated":true}]}}