{"id":9925,"date":"2026-04-15T07:04:09","date_gmt":"2026-04-15T07:04:09","guid":{"rendered":"https:\/\/anythingtechnicallc.com\/?post_type=product&#038;p=9925"},"modified":"2026-04-15T07:04:09","modified_gmt":"2026-04-15T07:04:09","slug":"topaz-systems-topaz-t-s460-hsb-r-siglite-1x5-unterschriftenpad-usb","status":"publish","type":"product","link":"https:\/\/anythingtechnicallc.com\/index.php\/de\/product\/topaz-systems-topaz-t-s460-hsb-r-siglite-1x5-unterschriftenpad-usb\/","title":{"rendered":"Topaz Systems Topaz T-S460-HSB-R, SigLite 1&#215;5 Unterschriftenpad, USB"},"content":{"rendered":"<div class=\"text-block-product-page\">SigLite 1&#215;5 ist das kosteng\u00fcnstige, druckempfindliche, kompakte (4,3&#8243; B x 1,4&#8243; L) elektronische Unterschriftenpad von Topaz. Es bietet alle hochwertigen biometrischen und forensischen Erfassungstechniken eines SignatureGem\u00ae Pads, jedoch mit einem kosteng\u00fcnstigeren Touchpad und einem Stift anstelle der robusteren Unterschriftsoberfl\u00e4che und des aktiven elektromagnetischen Stifts.<\/div>\n","protected":false},"excerpt":{"rendered":"<p>SigLite 1&#215;5 ist das kosteng\u00fcnstige, druckempfindliche, kompakte (4,3&#8243; B x 1,4&#8243; L) elektronische Unterschriftenpad von Topaz. Es bietet alle hochwertigen biometrischen und forensischen Erfassungstechniken eines SignatureGem\u00ae Pads, jedoch mit einem kosteng\u00fcnstigeren Touchpad und einem Stift anstelle der robusteren Unterschriftsoberfl\u00e4che und des aktiven elektromagnetischen Stifts.<\/p>\n","protected":false},"featured_media":9924,"comment_status":"open","ping_status":"closed","template":"","meta":{"_et_pb_use_builder":"","_et_pb_old_content":"","_et_gb_content_width":""},"product_brand":[],"product_cat":[1562],"product_tag":[],"class_list":{"0":"post-9925","1":"product","2":"type-product","3":"status-publish","4":"has-post-thumbnail","6":"product_cat-bueroelektronik","8":"first","9":"instock","10":"sale","11":"taxable","12":"shipping-taxable","13":"purchasable","14":"product-type-simple"},"exclude_global_add_ons":[],"addons":[],"jetpack-related-posts":[{"id":9545,"url":"https:\/\/anythingtechnicallc.com\/index.php\/de\/product\/hp-original-digital-stylus-pen-fuer-hp-envy-x360-pavilion-x360-spectre-x360-2-in-1-laptops-unterstuetzt-mpp-mit-drucksensitivitaet-dunkelgrau\/","url_meta":{"origin":9925,"position":0},"title":"HP Original Digital Stylus Pen f\u00fcr HP Envy x360\/Pavilion x360\/Spectre x360 2-in-1 Laptops, unterst\u00fctzt MPP mit Drucksensitivit\u00e4t, Dunkelgrau","date":"March 21, 2026","format":false,"excerpt":"\u3010Pr\u00e4zisionsstiftspitze\u3011Bearbeiten, zeichnen, schreiben und kritzeln Sie mit einem Stift, der sich lebensecht anf\u00fchlt und \u00fcber eine Pr\u00e4zisionsspitze und -spitze verf\u00fcgt. \u3010Ink to Text\u3011Mit der drucksensitiven Funktion k\u00f6nnen Sie ganz nat\u00fcrlich schreiben, w\u00e4hrend der PC Ihre Handschrift sofort in Text umwandelt. \u3010Custom Clicks\u3011K\u00f6nnen Sie die Tasten anpassen, um nahtlos zwischen den\u2026","rel":"","context":"Similar post","img":{"alt_text":"","src":"","width":0,"height":0},"classes":[]},{"id":9931,"url":"https:\/\/anythingtechnicallc.com\/index.php\/de\/product\/logitech-rally-mic-pod-erneuert\/","url_meta":{"origin":9925,"position":1},"title":"Logitech Rally Mic Pod (Erneuert)","date":"April 15, 2026","format":false,"excerpt":"Mit ihrem schlanken, flachen Design und den hochwertigen Materialien sorgen die Rally Mic Pods f\u00fcr einen bemerkenswert klaren, nat\u00fcrlichen Klang bei Gespr\u00e4chen. Die einzelnen Mikrofon-Pods enthalten mehrere Beamforming-Elemente, die sich auf die aktiven Lautsprecher konzentrieren und gleichzeitig akustische Ablenkungen automatisch eliminieren. Bis zu sieben Mikrofonpods bilden zusammen eine Beamforming-Mikrofonmatrix mit\u2026","rel":"","context":"Similar post","img":{"alt_text":"","src":"https:\/\/i0.wp.com\/anythingtechnicallc.com\/wp-content\/uploads\/2026\/04\/Logitech-Rally-Mic-Pod-Renewed.jpg?fit=900%2C1200&ssl=1&resize=350%2C200","width":350,"height":200},"classes":[]},{"id":9167,"url":"https:\/\/anythingtechnicallc.com\/index.php\/de\/product\/canon-imageformula-p-215-mobiler-dokumentenscanner-schwarz-16-x-11-x-37-erneuert\/","url_meta":{"origin":9925,"position":2},"title":"Canon imageFORMULA P-215 Mobiler Dokumentenscanner, Schwarz, 1,6&#8243; x 11&#8243; x 3,7&#8243; (Erneuert)","date":"March 19, 2026","format":false,"excerpt":"Der mobile Dokumentenscanner ImageFORMULA P-215 Scan-tini ist eine ideale L\u00f6sung f\u00fcr Windows- und Mac-Umgebungen und eignet sich sowohl f\u00fcr das Heimb\u00fcro als auch f\u00fcr kleine B\u00fcros. Der P-215 ist mit einem integrierten Kartenscanner ausgestattet. Seine kompakte Gr\u00f6\u00dfe, die einfache Bedienung und die hohe Bildqualit\u00e4t machen die mobile Informationserfassung, -speicherung und\u2026","rel":"","context":"Similar post","img":{"alt_text":"","src":"https:\/\/i0.wp.com\/anythingtechnicallc.com\/wp-content\/uploads\/2025\/02\/61qvCnSNkbL._AC_SL1500_.jpg?fit=1200%2C381&ssl=1&resize=350%2C200","width":350,"height":200},"classes":[]},{"id":9735,"url":"https:\/\/anythingtechnicallc.com\/index.php\/de\/product\/gebrauchter-sennheiser-ie-400-pro-professioneller-in-ear-monitoring-kopfhoerer-klar\/","url_meta":{"origin":9925,"position":3},"title":"Gebrauchter Sennheiser IE 400 PRO Professioneller In-Ear-Monitoring-Kopfh\u00f6rer, klar","date":"March 24, 2026","format":false,"excerpt":"Erleben Sie Audio auf Profi-Niveau mit diesen In-Ear-Monitoren von Sennheiser, perfekt f\u00fcr Live-Auftritte. Erzielen Sie eine \u00fcberragende Ger\u00e4uschisolierung von bis zu 26 dB, die selbst in lauten Umgebungen einen kristallklaren Klang gew\u00e4hrleistet. Dieser robuste In-Ear-Kopfh\u00f6rer verf\u00fcgt \u00fcber einen breiten Frequenzgang von 6-19.000 Hz f\u00fcr detailreichen Klang. Die niedrige Impedanz des\u2026","rel":"","context":"Similar post","img":{"alt_text":"","src":"https:\/\/i0.wp.com\/anythingtechnicallc.com\/wp-content\/uploads\/2026\/03\/Sennheiser-IE-400-PRO-Professional-In-Ear-Monitoring-Headphones-Clear.jpg?fit=1200%2C1200&ssl=1&resize=350%2C200","width":350,"height":200},"classes":[]},{"id":9291,"url":"https:\/\/anythingtechnicallc.com\/index.php\/de\/product\/bose-soundlink-flex-bluetooth-portable-speaker-kabelloser-wasserdichter-lautsprecher-fuer-reisen-im-freien-schwarz-erneuert\/","url_meta":{"origin":9925,"position":4},"title":"Bose SoundLink Flex Bluetooth Portable Speaker, kabelloser, wasserdichter Lautsprecher f\u00fcr Reisen im Freien &#8211; Schwarz (erneuert)","date":"March 19, 2026","format":false,"excerpt":"Hochmodernes Design - Der SoundLink Flex Outdoor-Lautsprecher ist vollgepackt mit exklusiven Technologien und einem speziell entwickelten Schallwandler f\u00fcr tiefen, klaren und beeindruckenden Klang zu Hause oder unterwegs. Klarster Klang - Die propriet\u00e4re PositionIQ-Technologie erkennt automatisch die Position Ihres tragbaren Bluetooth-Lautsprechers und sorgt so f\u00fcr optimale Klangqualit\u00e4t in jeder Ausrichtung und\u2026","rel":"","context":"Similar post","img":{"alt_text":"","src":"https:\/\/i0.wp.com\/anythingtechnicallc.com\/wp-content\/uploads\/2025\/06\/71we5E107KL._AC_SL1500_.jpg?fit=1200%2C858&ssl=1&resize=350%2C200","width":350,"height":200},"classes":[]},{"id":9056,"url":"https:\/\/anythingtechnicallc.com\/index.php\/de\/product\/shure-wh30-kondensator-kopfbuegelmikrofone-erneuert\/","url_meta":{"origin":9925,"position":5},"title":"Shure WH30 Kondensator-Kopfb\u00fcgelmikrofone erneuert","date":"March 18, 2026","format":false,"excerpt":"Das Shure Modell WH30 ist ein leichtes und dennoch robustes Headset-Mikrofon. Das WH30 wurde f\u00fcr S\u00e4nger und Instrumentalisten entwickelt und verf\u00fcgt \u00fcber eine hochwertige Elektret-Kondensator-Kapsel, die sich f\u00fcr alle Anwendungen eignet, bei denen Mobilit\u00e4t, Komfort, geringe Sichtbarkeit des Mikrofons und hohe Klangqualit\u00e4t erforderlich sind. Aufgrund seiner Nierencharakteristik (unidirektional) bietet das\u2026","rel":"","context":"Similar post","img":{"alt_text":"","src":"https:\/\/i0.wp.com\/anythingtechnicallc.com\/wp-content\/uploads\/2024\/09\/81s63XUminL._AC_SL1500_.jpg?fit=1200%2C710&ssl=1&resize=350%2C200","width":350,"height":200},"classes":[]}],"pll_sync_post":[],"lang":"de","translations":{"de":9925,"en":9796},"_links":{"self":[{"href":"https:\/\/anythingtechnicallc.com\/index.php\/wp-json\/wp\/v2\/product\/9925","targetHints":{"allow":["GET"]}}],"collection":[{"href":"https:\/\/anythingtechnicallc.com\/index.php\/wp-json\/wp\/v2\/product"}],"about":[{"href":"https:\/\/anythingtechnicallc.com\/index.php\/wp-json\/wp\/v2\/types\/product"}],"replies":[{"embeddable":true,"href":"https:\/\/anythingtechnicallc.com\/index.php\/wp-json\/wp\/v2\/comments?post=9925"}],"wp:featuredmedia":[{"embeddable":true,"href":"https:\/\/anythingtechnicallc.com\/index.php\/wp-json\/wp\/v2\/media\/9924"}],"wp:attachment":[{"href":"https:\/\/anythingtechnicallc.com\/index.php\/wp-json\/wp\/v2\/media?parent=9925"}],"wp:term":[{"taxonomy":"product_brand","embeddable":true,"href":"https:\/\/anythingtechnicallc.com\/index.php\/wp-json\/wp\/v2\/product_brand?post=9925"},{"taxonomy":"product_cat","embeddable":true,"href":"https:\/\/anythingtechnicallc.com\/index.php\/wp-json\/wp\/v2\/product_cat?post=9925"},{"taxonomy":"product_tag","embeddable":true,"href":"https:\/\/anythingtechnicallc.com\/index.php\/wp-json\/wp\/v2\/product_tag?post=9925"}],"curies":[{"name":"wp","href":"https:\/\/api.w.org\/{rel}","templated":true}]}}