{"id":9928,"date":"2026-04-15T07:04:46","date_gmt":"2026-04-15T07:04:46","guid":{"rendered":"https:\/\/anythingtechnicallc.com\/?post_type=product&#038;p=9928"},"modified":"2026-04-15T07:04:46","modified_gmt":"2026-04-15T07:04:46","slug":"hyperx-quadcast-s-rgb-usb-kondensatormikrofon-fuer-pc-ps4-und-mac-vibrationsdaempfende-halterung-vier-richtcharakteristiken-pop-filter-verstaerkungsregelung-gaming-streaming-podcasts-erneuert","status":"publish","type":"product","link":"https:\/\/anythingtechnicallc.com\/index.php\/de\/product\/hyperx-quadcast-s-rgb-usb-kondensatormikrofon-fuer-pc-ps4-und-mac-vibrationsdaempfende-halterung-vier-richtcharakteristiken-pop-filter-verstaerkungsregelung-gaming-streaming-podcasts-erneuert\/","title":{"rendered":"HyperX QuadCast S RGB USB-Kondensatormikrofon f\u00fcr PC, PS4 und Mac, vibrationsd\u00e4mpfende Halterung, vier Richtcharakteristiken, Pop-Filter, Verst\u00e4rkungsregelung, Gaming, Streaming, Podcasts (Erneuert)"},"content":{"rendered":"<ul class=\"a-unordered-list a-vertical a-spacing-mini\">\n<li class=\"a-spacing-mini\"><span class=\"a-list-item\">Strahlende RGB-Beleuchtung mit dynamischen Effekten: Personalisieren Sie die atemberaubende RGB-Beleuchtung und die dynamischen Effekte f\u00fcr eine auff\u00e4llige Aufnahme mit anpassbarem Stil. <\/span><\/li>\n<li class=\"a-spacing-mini\"><span class=\"a-list-item\">Eingebaute Anti-Vibrations-Halterung: Isolieren Sie das Mikrofon und unterdr\u00fccken Sie mit der elastischen Seilaufh\u00e4ngung ungewollte Ersch\u00fctterungen und St\u00f6\u00dfe. <\/span><\/li>\n<li class=\"a-spacing-mini\"><span class=\"a-list-item\">Tap-to-mute-Sensor mit LED-Statusanzeige: Nutzen Sie die praktische Tap-to-Mute-Funktion, um mit Hilfe der LED-Statusanzeige des Mikrofons einen Audio-Unfall zu vermeiden. Wenn das Licht leuchtet, ist das Mikrofon aktiv, wenn das Licht aus ist, ist das Mikrofon stummgeschaltet. <\/span><\/li>\n<li class=\"a-spacing-mini\"><span class=\"a-list-item\">4 w\u00e4hlbare Richtcharakteristiken: W\u00e4hlen Sie zwischen vier Richtcharakteristiken (stereo, omnidirektional, nierenf\u00f6rmig, bidirektional), um Ihr Broadcast-Setup zu optimieren und den Fokus auf die T\u00f6ne zu legen, die Sie h\u00f6ren m\u00f6chten. <\/span><\/li>\n<li class=\"a-spacing-mini\"><span class=\"a-list-item\">Anpassbar \u00fcber die HyperX Ngenuity Software: Personalisieren Sie Ihre RGB-Beleuchtung und Effekte mit der HyperX Ngenuity Software. <\/span><\/li>\n<li class=\"a-spacing-mini\"><span class=\"a-list-item\">Anpassung der Verst\u00e4rkungsregelung: Stellen Sie die Empfindlichkeit Ihres Mikrofons ganz einfach durch Drehen des Reglers an der Unterseite des QuadCast ein. <\/span><\/li>\n<li class=\"a-spacing-mini\"><span class=\"a-list-item\">Halterungsadapter, Poppfilter und Kopfh\u00f6rerbuchse: Der vielseitige Adapter passt auf 3\/8-Zoll- und 5\/8-Zoll-Gewinde und ist mit den meisten Mikrofonst\u00e4ndern oder Galgenarmen kompatibel. Der interne Poppfilter verhindert, dass plosive Ger\u00e4usche auf das Mikrofon treffen, und Sie k\u00f6nnen das Mikrofon \u00fcber die Kopfh\u00f6rerbuchse abh\u00f6ren. <\/span><\/li>\n<li class=\"a-spacing-mini\"><span class=\"a-list-item\">Kompatibilit\u00e4t mit mehreren Ger\u00e4ten und Programmen: Sie erhalten gro\u00dfartigen Sound, egal ob Sie einen PC, eine PS4 oder einen Mac anschlie\u00dfen. QuadCast S ist von Discord und TeamSpeak zertifiziert und funktioniert mit den wichtigsten Streaming-Plattformen wie Streamlabs OBS, OBS Studio und XSplit. <\/span><\/li>\n<\/ul>\n","protected":false},"excerpt":{"rendered":"<ul class=\"a-unordered-list a-vertical a-spacing-mini\">\n<li class=\"a-spacing-mini\"><span class=\"a-list-item\">Strahlende RGB-Beleuchtung mit dynamischen Effekten: Personalisieren Sie die atemberaubende RGB-Beleuchtung und die dynamischen Effekte f\u00fcr eine auff\u00e4llige Aufnahme mit anpassbarem Stil. <\/span><\/li>\n<li class=\"a-spacing-mini\"><span class=\"a-list-item\">Eingebaute Anti-Vibrations-Halterung: Isolieren Sie das Mikrofon und unterdr\u00fccken Sie mit der elastischen Seilaufh\u00e4ngung ungewollte Ersch\u00fctterungen und St\u00f6\u00dfe. <\/span><\/li>\n<li class=\"a-spacing-mini\"><span class=\"a-list-item\">Tap-to-mute-Sensor mit LED-Statusanzeige: Nutzen Sie die praktische Tap-to-Mute-Funktion, um mit Hilfe der LED-Statusanzeige des Mikrofons einen Audio-Unfall zu vermeiden. Wenn das Licht leuchtet, ist das Mikrofon aktiv, wenn das Licht aus ist, ist das Mikrofon stummgeschaltet. <\/span><\/li>\n<li class=\"a-spacing-mini\"><span class=\"a-list-item\">4 w\u00e4hlbare Richtcharakteristiken: W\u00e4hlen Sie zwischen vier Richtcharakteristiken (stereo, omnidirektional, nierenf\u00f6rmig, bidirektional), um Ihr Broadcast-Setup zu optimieren und den Fokus auf die T\u00f6ne zu legen, die Sie h\u00f6ren m\u00f6chten. <\/span><\/li>\n<li class=\"a-spacing-mini\"><span class=\"a-list-item\">Anpassbar \u00fcber die HyperX Ngenuity Software: Personalisieren Sie Ihre RGB-Beleuchtung und Effekte mit der HyperX Ngenuity Software. <\/span><\/li>\n<li class=\"a-spacing-mini\"><span class=\"a-list-item\">Anpassung der Verst\u00e4rkungsregelung: Stellen Sie die Empfindlichkeit Ihres Mikrofons ganz einfach durch Drehen des Reglers an der Unterseite des QuadCast ein. <\/span><\/li>\n<li class=\"a-spacing-mini\"><span class=\"a-list-item\">Halterungsadapter, Poppfilter und Kopfh\u00f6rerbuchse: Der vielseitige Adapter passt auf 3\/8-Zoll- und 5\/8-Zoll-Gewinde und ist mit den meisten Mikrofonst\u00e4ndern oder Galgenarmen kompatibel. Der interne Poppfilter verhindert, dass plosive Ger\u00e4usche auf das Mikrofon treffen, und Sie k\u00f6nnen das Mikrofon \u00fcber die Kopfh\u00f6rerbuchse abh\u00f6ren. <\/span><\/li>\n<li class=\"a-spacing-mini\"><span class=\"a-list-item\">Kompatibilit\u00e4t mit mehreren Ger\u00e4ten und Programmen: Sie erhalten gro\u00dfartigen Sound, egal ob Sie einen PC, eine PS4 oder einen Mac anschlie\u00dfen. QuadCast S ist von Discord und TeamSpeak zertifiziert und funktioniert mit den wichtigsten Streaming-Plattformen wie Streamlabs OBS, OBS Studio und XSplit. <\/span><\/li>\n<\/ul>\n","protected":false},"featured_media":9927,"comment_status":"open","ping_status":"closed","template":"","meta":{"_et_pb_use_builder":"","_et_pb_old_content":"","_et_gb_content_width":""},"product_brand":[2176],"product_cat":[1578],"product_tag":[],"class_list":{"0":"post-9928","1":"product","2":"type-product","3":"status-publish","4":"has-post-thumbnail","6":"product_brand-hyperx","7":"product_cat-headset","9":"first","10":"instock","11":"sale","12":"taxable","13":"shipping-taxable","14":"purchasable","15":"product-type-simple"},"exclude_global_add_ons":[],"addons":[],"jetpack-related-posts":[{"id":9542,"url":"https:\/\/anythingtechnicallc.com\/index.php\/de\/product\/hyperx-quadcast-s-rgb-usb-kondensatormikrofon-fuer-pc-ps4-ps5-und-mac-anti-vibrations-stossdaempfer-4-richtcharakteristiken-pop-filter-verstaerkungsregelung-gaming-streaming-podcasts-twitc\/","url_meta":{"origin":9928,"position":0},"title":"HyperX QuadCast S &#8211; RGB-USB-Kondensatormikrofon f\u00fcr PC, PS4, PS5 und Mac, Anti-Vibrations-Sto\u00dfd\u00e4mpfer, 4 Richtcharakteristiken, Pop-Filter, Verst\u00e4rkungsregelung, Gaming, Streaming, Podcasts, Twitch, YouTube, Discord","date":"March 21, 2026","format":false,"excerpt":"Strahlende RGB-Beleuchtung mit dynamischen Effekten: Personalisieren Sie die atemberaubende RGB-Beleuchtung und die dynamischen Effekte f\u00fcr eine auff\u00e4llige Aufnahme mit anpassbarem Stil. Eingebaute Anti-Vibrations-Halterung: Isolieren Sie das Mikrofon und unterdr\u00fccken Sie mit der elastischen Seilaufh\u00e4ngung ungewollte Ersch\u00fctterungen und St\u00f6\u00dfe. Tap-to-mute-Sensor mit LED-Statusanzeige: Nutzen Sie die praktische Tap-to-Mute-Funktion, um mit Hilfe der\u2026","rel":"","context":"Similar post","img":{"alt_text":"","src":"https:\/\/i0.wp.com\/anythingtechnicallc.com\/wp-content\/uploads\/2025\/09\/61dQJkzRopL._AC_SL1500_.jpg?fit=486%2C1200&ssl=1&resize=350%2C200","width":350,"height":200},"classes":[]},{"id":9555,"url":"https:\/\/anythingtechnicallc.com\/index.php\/de\/product\/hyperx-solocast-usb-kondensator-gaming-mikrofon-fuer-pc-ps4-ps5-und-mac-tap-to-mute-sensor-nieren-richtcharakteristik-ideal-fuer-streaming-podcasts-twitch-youtube-discordschwarz\/","url_meta":{"origin":9928,"position":1},"title":"HyperX SoloCast &#8211; USB-Kondensator-Gaming-Mikrofon, f\u00fcr PC, PS4, PS5 und Mac, Tap-to-Mute-Sensor, Nieren-Richtcharakteristik, ideal f\u00fcr Streaming, Podcasts, Twitch, YouTube, Discord,Schwarz","date":"March 21, 2026","format":false,"excerpt":"Das HyperX SoloCast ist f\u00fcr Streamer und Gamer gedacht, die ein gut klingendes USB-Mikrofon suchen. Es ist per Plug & Play einfach zu bedienen und verf\u00fcgt \u00fcber unseren bei Fans beliebten Tap-to-Mute-Sensor. Das vielseitige Mikrofon verf\u00fcgt \u00fcber einen flexiblen, verstellbaren St\u00e4nder und ist au\u00dferdem mit den meisten Galgenarmen kompatibel, so\u2026","rel":"","context":"Similar post","img":{"alt_text":"","src":"https:\/\/i0.wp.com\/anythingtechnicallc.com\/wp-content\/uploads\/2025\/09\/61qh7VG4pCL._AC_SL1500_.jpg?fit=526%2C1200&ssl=1&resize=350%2C200","width":350,"height":200},"classes":[]},{"id":9303,"url":"https:\/\/anythingtechnicallc.com\/index.php\/de\/product\/gebrauchtes-shure-mv6-gaming-mikrofon-dynamisches-usb-pc-mikrofon-fuer-videospiele-streaming-desktop-staender-hintergrundgeraeuschunterdrueckung-tap-to-mute-35mm-ausgang-fuer-kopfhoerer-moni\/","url_meta":{"origin":9928,"position":2},"title":"Gebrauchtes Shure MV6 Gaming-Mikrofon, dynamisches USB-PC-Mikrofon f\u00fcr Videospiele &#038; Streaming &#8211; Desktop-St\u00e4nder, Hintergrundger\u00e4uschunterdr\u00fcckung, Tap-to-Mute &#038; 3,5mm-Ausgang f\u00fcr Kopfh\u00f6rer-Monitoring in Echtzeit","date":"March 19, 2026","format":false,"excerpt":"Wir haben alles, was wir \u00fcber dynamische Gesangsmikrofone wissen, in das MV6 gepackt, um ein USB-Mikrofon zu entwickeln, das f\u00fcr jedermann einfach zu bedienen ist, und zwar sofort nach dem Auspacken. Mit dem Design und der Technologie unserer kultigen SM7- und MV7-Mikrofone wurde das MV6 entwickelt, um Gamern und Streamern\u2026","rel":"","context":"Similar post","img":{"alt_text":"","src":"https:\/\/i0.wp.com\/anythingtechnicallc.com\/wp-content\/uploads\/2025\/07\/61u0AqBTp3L._AC_SL1500_.jpg?fit=695%2C1200&ssl=1&resize=350%2C200","width":350,"height":200},"classes":[]},{"id":9309,"url":"https:\/\/anythingtechnicallc.com\/index.php\/de\/product\/shure-mv88-video-kit-digitales-stereo-kondensatormikrofon-fuer-apple-und-android-mit-manfrotto-pixi-stativ-telefonklammer-halterung-ios-und-usb-c-kabel-fuer-kompatibilitaet-und-konnektivitaet\/","url_meta":{"origin":9928,"position":3},"title":"Shure MV88+ Video Kit &#8211; Digitales Stereo-Kondensatormikrofon f\u00fcr Apple und Android, mit Manfrotto PIXI-Stativ, Telefonklammer, Halterung, iOS- und USB-C-Kabel f\u00fcr Kompatibilit\u00e4t und Konnektivit\u00e4t auf h\u00f6chstem Niveau","date":"March 19, 2026","format":false,"excerpt":"Das MOTIV MV88+ Video Kit ist ein hochwertiges digitales Stereo-Kondensatormikrofon. Ihr neues mobiles Aufnahmeger\u00e4t l\u00e4sst sich \u00fcber einen Lightning-Anschluss direkt mit jedem Apple-Ger\u00e4t oder \u00fcber USB-C mit ausgew\u00e4hlten weiteren Ger\u00e4ten verbinden. Das MV88+ hat alles, was Sie brauchen, um gro\u00dfartige Aufnahmen zu machen - direkt nach dem Auspacken. Die im\u2026","rel":"","context":"Similar post","img":{"alt_text":"","src":"https:\/\/i0.wp.com\/anythingtechnicallc.com\/wp-content\/uploads\/2025\/07\/71V1p0Wj5JL._AC_SL1500_.jpg?fit=1163%2C1200&ssl=1&resize=350%2C200","width":350,"height":200},"classes":[]},{"id":9570,"url":"https:\/\/anythingtechnicallc.com\/index.php\/de\/product\/hyperx-cloud-iii-kabelgebundenes-gaming-headset-pc-ps5-xbox-serie-xs-abgewinkelte-53mm-treiber-dts-spatial-audio-memory-foam-stabiler-rahmen-ultraklares-10mm-mikrofon-usb-c-usb-a-3-5mm-2\/","url_meta":{"origin":9928,"position":4},"title":"HyperX Cloud III &#8211; Kabelgebundenes Gaming-Headset, PC, PS5, Xbox Serie X|S, abgewinkelte 53mm Treiber, DTS Spatial Audio, Memory Foam, stabiler Rahmen, ultraklares 10mm Mikrofon, USB-C, USB-A, 3.5mm &#8211; Schwarz","date":"March 21, 2026","format":false,"excerpt":"Komfort ist K\u00f6nig: Komfort liegt in der DNA des Cloud III. Gebaut f\u00fcr Gamer, die nicht wollen, dass ein unbequemes Headset den Fluss ihrer Full-Combo ruiniert, ihren Speedrun unterbricht oder sie aus der Zone wirft. Audio f\u00fcr Ihre Unterhaltung abgestimmt: Die angewinkelten 53-mm-Treiber wurden von den HyperX-Audioingenieuren so abgestimmt, dass\u2026","rel":"","context":"Similar post","img":{"alt_text":"","src":"https:\/\/i0.wp.com\/anythingtechnicallc.com\/wp-content\/uploads\/2025\/10\/HyperX-Cloud-III-\u2013-Wired-Gaming-Headset-Black.jpg?fit=1117%2C1200&ssl=1&resize=350%2C200","width":350,"height":200},"classes":[]},{"id":9567,"url":"https:\/\/anythingtechnicallc.com\/index.php\/de\/product\/hyperx-cloud-iii-kabelgebundenes-gaming-headset-pc-ps5-xbox-serie-xs-abgewinkelte-53mm-treiber-dts-spatial-audio-memory-foam-stabiler-rahmen-ultraklares-10mm-mikrofon-usb-c-usb-a-3-5mm\/","url_meta":{"origin":9928,"position":5},"title":"HyperX Cloud III &#8211; Kabelgebundenes Gaming-Headset, PC, PS5, Xbox Serie X|S, abgewinkelte 53mm Treiber, DTS Spatial Audio, Memory Foam, stabiler Rahmen, ultraklares 10mm Mikrofon, USB-C, USB-A, 3.5mm &#8211; Schwarz\/Rot","date":"March 21, 2026","format":false,"excerpt":"Komfort ist K\u00f6nig: Komfort liegt in der DNA des Cloud III. Gebaut f\u00fcr Gamer, die nicht wollen, dass ein unbequemes Headset den Fluss ihrer Full-Combo ruiniert, ihren Speedrun unterbricht oder sie aus der Zone wirft. Audio f\u00fcr Ihre Unterhaltung abgestimmt: Die angewinkelten 53-mm-Treiber wurden von den HyperX-Audioingenieuren so abgestimmt, dass\u2026","rel":"","context":"Similar post","img":{"alt_text":"","src":"https:\/\/i0.wp.com\/anythingtechnicallc.com\/wp-content\/uploads\/2025\/10\/HyperX-Cloud-III-\u2013-Wired-Gaming-Headset.jpg?fit=1131%2C1200&ssl=1&resize=350%2C200","width":350,"height":200},"classes":[]}],"pll_sync_post":[],"lang":"de","translations":{"de":9928,"en":9798},"_links":{"self":[{"href":"https:\/\/anythingtechnicallc.com\/index.php\/wp-json\/wp\/v2\/product\/9928","targetHints":{"allow":["GET"]}}],"collection":[{"href":"https:\/\/anythingtechnicallc.com\/index.php\/wp-json\/wp\/v2\/product"}],"about":[{"href":"https:\/\/anythingtechnicallc.com\/index.php\/wp-json\/wp\/v2\/types\/product"}],"replies":[{"embeddable":true,"href":"https:\/\/anythingtechnicallc.com\/index.php\/wp-json\/wp\/v2\/comments?post=9928"}],"wp:featuredmedia":[{"embeddable":true,"href":"https:\/\/anythingtechnicallc.com\/index.php\/wp-json\/wp\/v2\/media\/9927"}],"wp:attachment":[{"href":"https:\/\/anythingtechnicallc.com\/index.php\/wp-json\/wp\/v2\/media?parent=9928"}],"wp:term":[{"taxonomy":"product_brand","embeddable":true,"href":"https:\/\/anythingtechnicallc.com\/index.php\/wp-json\/wp\/v2\/product_brand?post=9928"},{"taxonomy":"product_cat","embeddable":true,"href":"https:\/\/anythingtechnicallc.com\/index.php\/wp-json\/wp\/v2\/product_cat?post=9928"},{"taxonomy":"product_tag","embeddable":true,"href":"https:\/\/anythingtechnicallc.com\/index.php\/wp-json\/wp\/v2\/product_tag?post=9928"}],"curies":[{"name":"wp","href":"https:\/\/api.w.org\/{rel}","templated":true}]}}