{"id":9931,"date":"2026-04-15T07:05:27","date_gmt":"2026-04-15T07:05:27","guid":{"rendered":"https:\/\/anythingtechnicallc.com\/?post_type=product&#038;p=9931"},"modified":"2026-04-15T07:05:27","modified_gmt":"2026-04-15T07:05:27","slug":"logitech-rally-mic-pod-erneuert","status":"publish","type":"product","link":"https:\/\/anythingtechnicallc.com\/index.php\/de\/product\/logitech-rally-mic-pod-erneuert\/","title":{"rendered":"Logitech Rally Mic Pod (Erneuert)"},"content":{"rendered":"<p>Mit ihrem schlanken, flachen Design und den hochwertigen Materialien sorgen die Rally Mic Pods f\u00fcr einen bemerkenswert klaren, nat\u00fcrlichen Klang bei Gespr\u00e4chen. Die einzelnen Mikrofon-Pods enthalten mehrere Beamforming-Elemente, die sich auf die aktiven Lautsprecher konzentrieren und akustische Ablenkungen automatisch eliminieren. Bis zu sieben Mikrofonpods bilden zusammen eine Beamforming-Mikrofonmatrix mit gleichm\u00e4\u00dfiger Audioabdeckung f\u00fcr jede Sitzposition in gr\u00f6\u00dferen Konferenzr\u00e4umen.<\/p>\n<p><span class=\"a-text-bold\">H\u00d6REN SIE JEDE STIMME DEUTLICH: <\/span><\/p>\n<p>Mit der RightSound\u2122-Technologie und mehreren Beamforming-Elementen in jedem einzelnen Mikrofon-Pod liegt der Audio-Fokus automatisch immer auf dem aktiven Sprecher. Ein einziger Mikrofon-Pod bietet eine Abdeckung f\u00fcr bis zu zehn Personen. Gr\u00f6\u00dfere Besprechungsr\u00e4ume k\u00f6nnen mit bis zu sieben Mikrofon-Pods ausgestattet werden, die zusammenarbeiten, um bemerkenswert klare Audiosignale f\u00fcr jeden einzelnen Teilnehmer am Tisch zu empfangen und zu \u00fcbertragen.<\/p>\n<p><span class=\"a-text-bold\">VEREINFACHTE VERKABELUNG: <\/span><\/p>\n<p>Bis zu 7 Rally Mic Pods k\u00f6nnen mit einer einzigen Kabelverbindung zum Rally Tisch-Hub in Reihe geschaltet werden. F\u00fcr U-f\u00f6rmige Tische oder eindr\u00e4htige Verkabelung durch T\u00fcllen bietet das Rally Mic Pod Hub-Zubeh\u00f6r drei Anschl\u00fcsse f\u00fcr eine optimale Positionierung und um die Stummschaltung in Reichweite zu bringen.<\/p>\n<p><span class=\"a-text-bold\">HOCHWERTIGES, FLACHES DESIGN: <\/span><\/p>\n<p>Die Rally Mic Pods sind elegant und t\u00e4uschend klein f\u00fcr ihre bemerkenswerte Reichweite und Empfindlichkeit. RightSound unterdr\u00fcckt Umgebungsger\u00e4usche durch akustische Echo- und Rauschunterdr\u00fcckung. Rutschfeste Pads unter den Mikrofonpods isolieren die Mikrofone von Tischvibrationen (z.B. Tastaturklopfen). Hochentwickelte Materialien widerstehen Fingerabdr\u00fccken und Flecken. Au\u00dferdem zeigt eine rote LED an der Oberseite jedes Mikrofons an, wenn es stummgeschaltet ist.<\/p>\n<p><span class=\"a-text-bold\">EINE GLEICHBERECHTIGTE STIMME: <\/span><\/p>\n<p>Dank RightSound-Sprachausgleichs- und Beamforming-Technologien m\u00fcssen Sie Ihre Stimme nicht erheben, um geh\u00f6rt zu werden. Das Rally Mic Pod h\u00f6rt auf jede Stimme, nicht nur auf die lauteste, so dass Sie auch diejenigen h\u00f6ren und verstehen k\u00f6nnen, deren Stimme leiser ist oder die weiter weg sitzen. Hinter den Kulissen kann der Rally Tisch-Hub bis zu 125 Mal pro Sekunde zwischen den akustischen Strahlen wechseln, um auch die lebhaftesten Unterhaltungen reibungslos zu erfassen.<\/p>\n<p><span class=\"a-text-bold\">VERBESSERTE EMPFINDLICHKEIT: <\/span><\/p>\n<p>Rally wurde von Grund auf f\u00fcr maximale Empfindlichkeit bei minimalen Interferenzen entwickelt. Durch die Platzierung der Lautsprecher neben dem Bildschirm und der Mikrofone in der N\u00e4he der Teilnehmer bietet Rally ein intuitives Audioerlebnis mit nat\u00fcrlich reduziertem Echo und Interferenzen. Aber das ist noch nicht alles: Rally Speaker verf\u00fcgt \u00fcber ein zum Patent angemeldetes Aufh\u00e4ngungssystem, das St\u00f6rungen durch Vibrationen und Resonanzen verhindert. Das bedeutet, dass der Rally Mic Pod eine h\u00f6here Empfindlichkeit bietet, die bei Tisch-Freisprecheinrichtungen nicht erreicht wird.<\/p>\n","protected":false},"excerpt":{"rendered":"<p>Mit ihrem schlanken, flachen Design und den hochwertigen Materialien sorgen die Rally Mic Pods f\u00fcr einen bemerkenswert klaren, nat\u00fcrlichen Klang bei Gespr\u00e4chen. Die einzelnen Mikrofon-Pods enthalten mehrere Beamforming-Elemente, die sich auf die aktiven Lautsprecher konzentrieren und gleichzeitig akustische Ablenkungen automatisch eliminieren. Bis zu sieben Mikrofonpods bilden zusammen eine Beamforming-Mikrofonmatrix mit gleichm\u00e4\u00dfiger Audioabdeckung f\u00fcr jede Sitzposition in gr\u00f6\u00dferen Konferenzr\u00e4umen.<\/p>\n<p><span class=\"a-text-bold\">H\u00d6REN SIE JEDE STIMME DEUTLICH: <\/span><\/p>\n<p>Mit der RightSound\u2122-Technologie und mehreren Beamforming-Elementen in jedem einzelnen Mikrofon-Pod liegt der Audio-Fokus automatisch immer auf dem aktiven Sprecher. Ein einziger Mikrofon-Pod bietet eine Abdeckung f\u00fcr bis zu zehn Personen. Gr\u00f6\u00dfere Besprechungsr\u00e4ume k\u00f6nnen mit bis zu sieben Mikrofon-Pods ausgestattet werden, die zusammenarbeiten, um bemerkenswert klare Audiosignale f\u00fcr alle Personen am Tisch zu empfangen und zu \u00fcbertragen.<\/p>\n<p><span class=\"a-text-bold\">VEREINFACHTE VERKABELUNG: <\/span><\/p>\n<p>Bis zu 7 Rally Mic Pods k\u00f6nnen mit einer einzigen Kabelverbindung zum Rally Tisch-Hub in Reihe geschaltet werden. F\u00fcr U-f\u00f6rmige Tische oder eindr\u00e4htige Verkabelung durch T\u00fcllen bietet das Rally Mic Pod Hub-Zubeh\u00f6r drei Anschl\u00fcsse f\u00fcr eine optimale Positionierung und um die Stummschaltung in Reichweite zu bringen.<\/p>\n<p><span class=\"a-text-bold\">HOCHWERTIGES, FLACHES DESIGN: <\/span><\/p>\n<p>Die Rally Mic Pods sind elegant und t\u00e4uschend klein f\u00fcr ihre bemerkenswerte Reichweite und Empfindlichkeit. RightSound unterdr\u00fcckt Umgebungsger\u00e4usche durch akustische Echo- und Rauschunterdr\u00fcckung. Rutschfeste Pads unter den Mikrofonpods isolieren die Mikrofone von Tischvibrationen (z.B. Tastaturklopfen). Hochentwickelte Materialien widerstehen Fingerabdr\u00fccken und Flecken. Au\u00dferdem zeigt eine rote LED an der Oberseite jedes Mikrofons an, wenn es stummgeschaltet ist.<\/p>\n<p><span class=\"a-text-bold\">EINE GLEICHBERECHTIGTE STIMME: <\/span><\/p>\n<p>Dank RightSound-Sprachausgleichs- und Beamforming-Technologien m\u00fcssen Sie Ihre Stimme nicht erheben, um geh\u00f6rt zu werden. Das Rally Mic Pod h\u00f6rt auf jede Stimme, nicht nur auf die lauteste, so dass Sie auch diejenigen h\u00f6ren und verstehen k\u00f6nnen, deren Stimme leiser ist oder die weiter weg sitzen. Hinter den Kulissen kann der Rally Tisch-Hub bis zu 125 Mal pro Sekunde zwischen den akustischen Strahlen wechseln, um auch die lebhaftesten Unterhaltungen reibungslos zu erfassen.<\/p>\n<p><span class=\"a-text-bold\">VERBESSERTE EMPFINDLICHKEIT: <\/span><\/p>\n<p>Rally wurde von Grund auf f\u00fcr maximale Empfindlichkeit bei minimalen Interferenzen entwickelt. Durch die Platzierung der Lautsprecher neben dem Bildschirm und der Mikrofone in der N\u00e4he der Teilnehmer bietet Rally ein intuitives Audioerlebnis mit nat\u00fcrlich reduzierten Echos und St\u00f6rungen. Aber das ist noch nicht alles: Rally Speaker verf\u00fcgt \u00fcber ein zum Patent angemeldetes Aufh\u00e4ngungssystem, das St\u00f6rungen durch Vibrationen und Resonanzen verhindert. Das bedeutet, dass der Rally Mic Pod eine h\u00f6here Empfindlichkeit bietet, die bei Tisch-Freisprecheinrichtungen nicht erreicht wird.<\/p>\n","protected":false},"featured_media":9930,"comment_status":"open","ping_status":"closed","template":"","meta":{"_et_pb_use_builder":"","_et_pb_old_content":"","_et_gb_content_width":""},"product_brand":[],"product_cat":[1578],"product_tag":[],"class_list":{"0":"post-9931","1":"product","2":"type-product","3":"status-publish","4":"has-post-thumbnail","6":"product_cat-headset","8":"first","9":"instock","10":"sale","11":"taxable","12":"shipping-taxable","13":"purchasable","14":"product-type-simple"},"exclude_global_add_ons":[],"addons":[],"jetpack-related-posts":[{"id":9209,"url":"https:\/\/anythingtechnicallc.com\/index.php\/de\/product\/erneuert-shure-aonic-40-over-ear-wireless-bluetooth-noise-cancelling-kopfhoerer-mit-mikrofon-klang-in-studioqualitaet-25-stunden-akkulaufzeit-fingertip-bedienung-kompatibel-mit-iphone-und-android\/","url_meta":{"origin":9931,"position":0},"title":"Erneuert Shure AONIC 40 Over Ear Wireless Bluetooth Noise Cancelling Kopfh\u00f6rer mit Mikrofon, Klang in Studioqualit\u00e4t, 25 Stunden Akkulaufzeit, Fingertip-Bedienung, kompatibel mit iPhone und Android &#8211; Schwarz","date":"March 19, 2026","format":false,"excerpt":"PREMIUM-KLANG IN STUDIOQUALIT\u00c4T: Klarer Klang in Studioqualit\u00e4t, der auf jahrzehntelanger Erfahrung in der Entwicklung von Produkten f\u00fcr Musiklegenden und K\u00fcnstler aller Art beruht. EINSTELLBARE GER\u00c4USCHUNTERDR\u00dcCKUNG & UMGEBUNGSMODUS: Die anpassbare Ger\u00e4uschunterdr\u00fcckung unterdr\u00fcckt St\u00f6rger\u00e4usche f\u00fcr ein wirklich intensives H\u00f6rerlebnis. Drei digitale ANC-Einstellungen f\u00fcr erweiterte Unterdr\u00fcckung niedriger Frequenzen und ein nat\u00fcrliches H\u00f6rerlebnis. LANGER\u2026","rel":"","context":"Similar post","img":{"alt_text":"","src":"https:\/\/i0.wp.com\/anythingtechnicallc.com\/wp-content\/uploads\/2025\/02\/8161xyfr9bL._AC_SL1500_.jpg?fit=926%2C1200&ssl=1&resize=350%2C200","width":350,"height":200},"classes":[]},{"id":8915,"url":"https:\/\/anythingtechnicallc.com\/index.php\/de\/product\/shure-rmce-bt1-bluetooth-faehiges-zubehoerkabel-mit-fernbedienung-mikrofon\/","url_meta":{"origin":9931,"position":1},"title":"Shure RMCE-BT1 Bluetooth-f\u00e4higes Zubeh\u00f6rkabel mit Fernbedienung + Mikrofon","date":"March 18, 2026","format":false,"excerpt":"MMCX-Anschl\u00fcsse f\u00fcr die meisten Shure Sound Isolating Ohrh\u00f6rer sorgen f\u00fcr stundenlangen H\u00f6rgenuss mit der Freiheit der kabellosen \u00dcbertragung und der Einfachheit von Bluetooth. Zu den kompatiblen Modellen geh\u00f6ren SE215, SE315, SE425, SE535 und SE846 (Ohrh\u00f6rer nicht im Lieferumfang enthalten). Bluetooth 4.1 l\u00e4sst sich mit den meisten Mobiltelefonen, Laptops und Tablets\u2026","rel":"","context":"Similar post","img":{"alt_text":"","src":"https:\/\/i0.wp.com\/anythingtechnicallc.com\/wp-content\/uploads\/2023\/03\/Shure-RMCE-BT1-Bluetooth-Enabled-Accessory-Cable-with-Remote-Mic-0.jpg?fit=387%2C500&ssl=1&resize=350%2C200","width":350,"height":200},"classes":[]},{"id":9249,"url":"https:\/\/anythingtechnicallc.com\/index.php\/de\/product\/dji-mic-mini-2-tx-1-rx-ladekoffer-drahtloses-mikrofon-fuer-iphone-kamera-android-ultraleicht-detailreiches-audio-48h-nutzung-geraeuschunterdrueckung-automatische-begrenzung-vlog-streamin\/","url_meta":{"origin":9931,"position":2},"title":"DJI Mic Mini (2 TX + 1 RX + Ladekoffer), drahtloses Mikrofon f\u00fcr iPhone\/Kamera\/Android, ultraleicht, detailreiches Audio, 48h Nutzung, Ger\u00e4uschunterdr\u00fcckung, automatische Begrenzung, Vlog, Streaming","date":"March 19, 2026","format":false,"excerpt":"Klein, aber oho - Der DJI Mic Mini Lavaliermikrofon-Sender ist klein und ultraleicht, er wiegt nur 10 g [1] und ist daher angenehm zu tragen, diskret und \u00e4sthetisch ansprechend f\u00fcr die Kamera. Detailreicher Klang - Die drahtlosen Mic Mini-Mikrofone liefern hochwertige Audioqualit\u00e4t. Eine maximale \u00dcbertragungsreichweite von 400 m [2] sorgt\u2026","rel":"","context":"Similar post","img":{"alt_text":"","src":"https:\/\/i0.wp.com\/anythingtechnicallc.com\/wp-content\/uploads\/2025\/06\/6132m-fHnjL._AC_SL1500_.jpg?fit=1200%2C1049&ssl=1&resize=350%2C200","width":350,"height":200},"classes":[]},{"id":9922,"url":"https:\/\/anythingtechnicallc.com\/index.php\/de\/product\/jbl-partybox-wireless-mic-2x-digitale-drahtlose-mikrofone-wiederaufladbarer-akku-20-std-700-mah-klare-stimme-klarer-klang-stabile-24-ghz-verbindung-kompatibel-mit-allen-partybox-lautsprec\/","url_meta":{"origin":9931,"position":3},"title":"JBL PartyBox Wireless Mic &#8211; 2X digitale drahtlose Mikrofone, wiederaufladbarer Akku (20 Std. &#8211; 700 mAh), klare Stimme, klarer Klang, stabile 2,4-GHz-Verbindung, kompatibel mit allen PartyBox Lautsprechern (erneuert)","date":"April 15, 2026","format":false,"excerpt":"Schlie\u00dfen Sie die drahtlosen JBL-Mikrofone an jeden JBL-Lautsprecher an, und drinnen oder drau\u00dfen werden Sie klar und fesselnd klingen. Bis zu 20 Stunden Spielzeit und Sie k\u00f6nnen ein Mikrofon sogar w\u00e4hrend des Aufladens \u00fcber die integrierte Powerbank der PartyBox verwenden. Bis zu 20 Stunden Spielzeit und Sie k\u00f6nnen sogar ein\u2026","rel":"","context":"Similar post","img":{"alt_text":"","src":"https:\/\/i0.wp.com\/anythingtechnicallc.com\/wp-content\/uploads\/2026\/04\/61Yl89uADxL._AC_SL1500_.jpg?fit=1200%2C828&ssl=1&resize=350%2C200","width":350,"height":200},"classes":[]},{"id":9494,"url":"https:\/\/anythingtechnicallc.com\/index.php\/de\/product\/dji-osmo-pocket-3-creator-combo-vlogging-kamera-mit-1-cmos-4k-120fps-vlog-kamera-3-achsen-stabilisierung-gesichts-objektverfolgung-inkl-mikrofon-fuer-klaren-ton-digitale-vlogging-kamera-fu\/","url_meta":{"origin":9931,"position":4},"title":"DJI Osmo Pocket 3 Creator Combo, Vlogging-Kamera mit 1&#8221; CMOS, 4K\/120fps Vlog-Kamera, 3-Achsen-Stabilisierung, Gesichts-\/Objektverfolgung, inkl. Mikrofon f\u00fcr klaren Ton, digitale Vlogging-Kamera f\u00fcr YouTube","date":"March 21, 2026","format":false,"excerpt":"Ob auf Reisen, bei einem Nachmittag im Park mit der Familie oder beim Vloggen Ihres t\u00e4glichen Lebens - mit dem Osmo Pocket 3 k\u00f6nnen Sie unterwegs atemberaubend fl\u00fcssige Aufnahmen machen. Bitte aktualisieren Sie die Firmware auf die neueste Version f\u00fcr ein besseres Benutzererlebnis. * Aufgrund von Kompatibilit\u00e4tsproblemen mit der Plattform\u2026","rel":"","context":"Similar post","img":{"alt_text":"","src":"https:\/\/i0.wp.com\/anythingtechnicallc.com\/wp-content\/uploads\/2025\/08\/514LEUejXYL._AC_SL1500_.jpg?fit=668%2C1200&ssl=1&resize=350%2C200","width":350,"height":200},"classes":[]},{"id":8959,"url":"https:\/\/anythingtechnicallc.com\/index.php\/de\/product\/skullcandy-inkd-in-ear-wireless-earbuds-8-std-akku-mikrofon-funktioniert-mit-iphone-android-und-bluetooth-geraeten-erneuert\/","url_meta":{"origin":9931,"position":5},"title":"Skullcandy Ink&#8217;d+ In-Ear Wireless Earbuds, 8 Std. Akku, Mikrofon, funktioniert mit iPhone, Android und Bluetooth-Ger\u00e4ten &#8211; Erneuert","date":"March 18, 2026","format":false,"excerpt":"Bluetooth 5.0 bietet kabellose Konnektivit\u00e4t zu Ihrem Ger\u00e4t, w\u00e4hrend die kabelgebundenen Ohrh\u00f6rer sicherstellen, dass nichts verlegt wird. Das ger\u00e4uschisolierende In-Ear-Design schirmt unerw\u00fcnschte Ablenkungen ab, w\u00e4hrend Sie Ihre Musik, Videos oder Telefonate genie\u00dfen. Zus\u00e4tzliche Ohrst\u00f6psel sorgen f\u00fcr einen optimalen Sitz der Ger\u00e4uschisolierung. Genie\u00dfen Sie bis zu 8 Stunden ununterbrochene Musikwiedergabe. Dank\u2026","rel":"","context":"Similar post","img":{"alt_text":"","src":"https:\/\/i0.wp.com\/anythingtechnicallc.com\/wp-content\/uploads\/2024\/09\/71AhohNmiCL._AC_SL1500_.jpg?fit=1032%2C1200&ssl=1&resize=350%2C200","width":350,"height":200},"classes":[]}],"pll_sync_post":[],"lang":"de","translations":{"de":9931,"en":9800},"_links":{"self":[{"href":"https:\/\/anythingtechnicallc.com\/index.php\/wp-json\/wp\/v2\/product\/9931","targetHints":{"allow":["GET"]}}],"collection":[{"href":"https:\/\/anythingtechnicallc.com\/index.php\/wp-json\/wp\/v2\/product"}],"about":[{"href":"https:\/\/anythingtechnicallc.com\/index.php\/wp-json\/wp\/v2\/types\/product"}],"replies":[{"embeddable":true,"href":"https:\/\/anythingtechnicallc.com\/index.php\/wp-json\/wp\/v2\/comments?post=9931"}],"wp:featuredmedia":[{"embeddable":true,"href":"https:\/\/anythingtechnicallc.com\/index.php\/wp-json\/wp\/v2\/media\/9930"}],"wp:attachment":[{"href":"https:\/\/anythingtechnicallc.com\/index.php\/wp-json\/wp\/v2\/media?parent=9931"}],"wp:term":[{"taxonomy":"product_brand","embeddable":true,"href":"https:\/\/anythingtechnicallc.com\/index.php\/wp-json\/wp\/v2\/product_brand?post=9931"},{"taxonomy":"product_cat","embeddable":true,"href":"https:\/\/anythingtechnicallc.com\/index.php\/wp-json\/wp\/v2\/product_cat?post=9931"},{"taxonomy":"product_tag","embeddable":true,"href":"https:\/\/anythingtechnicallc.com\/index.php\/wp-json\/wp\/v2\/product_tag?post=9931"}],"curies":[{"name":"wp","href":"https:\/\/api.w.org\/{rel}","templated":true}]}}