{"id":9934,"date":"2026-04-15T07:07:27","date_gmt":"2026-04-15T07:07:27","guid":{"rendered":"https:\/\/anythingtechnicallc.com\/?post_type=product&#038;p=9934"},"modified":"2026-04-15T07:07:27","modified_gmt":"2026-04-15T07:07:27","slug":"lewitt-lct-240-pro-kompaktes-kondensatormikrofon-schwarz-erneuert","status":"publish","type":"product","link":"https:\/\/anythingtechnicallc.com\/index.php\/de\/product\/lewitt-lct-240-pro-kompaktes-kondensatormikrofon-schwarz-erneuert\/","title":{"rendered":"Lewitt LCT-240-PRO Kompaktes Kondensatormikrofon, Schwarz (Erneuert)"},"content":{"rendered":"<p>Das schwarze LCT-240 Pro Condenser Microphone von Lewitt ist ein Gro\u00dfmembran-Mikrofon mit Nierencharakteristik, das eine 48V-Phantomspeisung ben\u00f6tigt und mit einem vergoldeten, 3-poligen XLR-Anschluss ausgestattet ist. Es kann f\u00fcr alle Klangquellen wie Gesang, akustische Instrumente, Verst\u00e4rker, Schlagzeug und mehr verwendet werden. Dieses Mikrofon ist vielseitig und geeignet, um Ihre Aufnahmen auf die n\u00e4chste Stufe zu heben. Dank seines \u00e4u\u00dferst nuancierten und transparenten Klangs k\u00f6nnen alle grundlegenden Aufnahmeanwendungen abgedeckt werden. Das LCT-240 Pro Mikrofon wird mit einer Stativhalterung, einem Schaumstoff-Windschutz und einer Transporttasche geliefert.<\/p>\n","protected":false},"excerpt":{"rendered":"<p>Das schwarze LCT-240 Pro Condenser Microphone von Lewitt ist ein Gro\u00dfmembran-Mikrofon mit Nierencharakteristik, das eine 48V-Phantomspeisung ben\u00f6tigt und mit einem vergoldeten, 3-poligen XLR-Anschluss ausgestattet ist. Es kann f\u00fcr alle Klangquellen wie Gesang, akustische Instrumente, Verst\u00e4rker, Schlagzeug und mehr verwendet werden. Dieses Mikrofon ist vielseitig und geeignet, um Ihre Aufnahmen auf die n\u00e4chste Stufe zu heben. Dank seines \u00e4u\u00dferst nuancierten und transparenten Klangs k\u00f6nnen alle grundlegenden Aufnahmeanwendungen abgedeckt werden. Das LCT-240 Pro Mikrofon wird mit einer Stativhalterung, einem Schaumstoff-Windschutz und einer Transporttasche geliefert.<\/p>\n","protected":false},"featured_media":9933,"comment_status":"open","ping_status":"closed","template":"","meta":{"_et_pb_use_builder":"","_et_pb_old_content":"","_et_gb_content_width":""},"product_brand":[],"product_cat":[1578],"product_tag":[],"class_list":{"0":"post-9934","1":"product","2":"type-product","3":"status-publish","4":"has-post-thumbnail","6":"product_cat-headset","8":"first","9":"instock","10":"sale","11":"taxable","12":"shipping-taxable","13":"purchasable","14":"product-type-simple"},"exclude_global_add_ons":[],"addons":[],"jetpack-related-posts":[{"id":9937,"url":"https:\/\/anythingtechnicallc.com\/index.php\/de\/product\/audio-technica-at2020-kondensator-studiomikrofon-mit-nierencharakteristik-schwarz-erneuert\/","url_meta":{"origin":9934,"position":0},"title":"Audio-Technica AT2020 Kondensator-Studiomikrofon mit Nierencharakteristik, Schwarz (Erneuert)","date":"April 15, 2026","format":false,"excerpt":"Das Audio Technica AT2020 Kondensatormikrofon mit Nieren-Richtcharakteristik verf\u00fcgt \u00fcber ein v\u00f6llig neues, patentiertes Design mit der bew\u00e4hrten Zuverl\u00e4ssigkeit von Audio-Technica's moderner Technik und Fertigungsexpertise. Das AT2020 ist ideal f\u00fcr Projekt-\/Heimstudioanwendungen und verf\u00fcgt \u00fcber eine speziell entwickelte, massearme Membran, die einen erweiterten Frequenzgang und die F\u00e4higkeit bietet, extrem hohe Schalldruckpegel zu\u2026","rel":"","context":"Similar post","img":{"alt_text":"","src":"https:\/\/i0.wp.com\/anythingtechnicallc.com\/wp-content\/uploads\/2026\/04\/Audio-Technica-AT2020-Cardioid-Condenser-Studio-Microphone-Black-Renewed.jpg?fit=900%2C1200&ssl=1&resize=350%2C200","width":350,"height":200},"classes":[]},{"id":9886,"url":"https:\/\/anythingtechnicallc.com\/index.php\/de\/product\/sony-ecm-vg1-short-shotgun-mikrofon-gebraucht-wie-neu\/","url_meta":{"origin":9934,"position":1},"title":"Sony ECM-VG1 Short Shotgun Mikrofon Gebraucht Wie Neu","date":"April 15, 2026","format":false,"excerpt":"Mit seinem ultraleichten Geh\u00e4use und dem weichen Klang bietet das Richtrohrmikrofon ECM-VG1 von Sony ein starkes, sauberes Ausgangssignal f\u00fcr Event-Videodrehs, Indie-Filmproduktionen, Fernseh- und Dokumentarfilme, Gerichtsverhandlungen und vieles mehr. Mit einem Gewicht von nur 2,3 Unzen kann es auf einem Camcorder platziert oder an einer Galgenstange befestigt werden, ohne dass das\u2026","rel":"","context":"Similar post","img":{"alt_text":"","src":"https:\/\/i0.wp.com\/anythingtechnicallc.com\/wp-content\/uploads\/2026\/03\/Sony-ECM-VG1-Shotgun-Microphone-1.jpg?fit=900%2C1200&ssl=1&resize=350%2C200","width":350,"height":200},"classes":[]},{"id":9056,"url":"https:\/\/anythingtechnicallc.com\/index.php\/de\/product\/shure-wh30-kondensator-kopfbuegelmikrofone-erneuert\/","url_meta":{"origin":9934,"position":2},"title":"Shure WH30 Kondensator-Kopfb\u00fcgelmikrofone erneuert","date":"March 18, 2026","format":false,"excerpt":"Das Shure Modell WH30 ist ein leichtes und dennoch robustes Headset-Mikrofon. Das WH30 wurde f\u00fcr S\u00e4nger und Instrumentalisten entwickelt und verf\u00fcgt \u00fcber eine hochwertige Elektret-Kondensator-Kapsel, die sich f\u00fcr alle Anwendungen eignet, bei denen Mobilit\u00e4t, Komfort, geringe Sichtbarkeit des Mikrofons und hohe Klangqualit\u00e4t erforderlich sind. Aufgrund seiner Nierencharakteristik (unidirektional) bietet das\u2026","rel":"","context":"Similar post","img":{"alt_text":"","src":"https:\/\/i0.wp.com\/anythingtechnicallc.com\/wp-content\/uploads\/2024\/09\/81s63XUminL._AC_SL1500_.jpg?fit=1200%2C710&ssl=1&resize=350%2C200","width":350,"height":200},"classes":[]},{"id":9300,"url":"https:\/\/anythingtechnicallc.com\/index.php\/de\/product\/shure-mv7x-mikrofon-nur-xlr-dynamisches-mikrofon-in-profiqualitaet-fuer-podcasting-und-gesangsaufnahmen-stimmisolierende-technologie-ganzmetallkonstruktion-mikrofonstaender-kompatibel-optimierte\/","url_meta":{"origin":9934,"position":3},"title":"Shure MV7X Mikrofon &#8211; Nur XLR Dynamisches Mikrofon in Profiqualit\u00e4t f\u00fcr Podcasting und Gesangsaufnahmen, stimmisolierende Technologie, Ganzmetallkonstruktion, Mikrofonst\u00e4nder-kompatibel, optimierte Frequenz &#8211; Schwarz","date":"March 19, 2026","format":false,"excerpt":"Das Shure MV7X ist ein professionelles dynamisches XLR-Mikrofon, das sich ideal f\u00fcr Nahbesprechungen eignet, bei denen es auf Sprachverst\u00e4ndlichkeit und einen ausgewogenen Klang ankommt. Die Voice Isolation Technology sorgt daf\u00fcr, dass das Mikrofon auf Ihre Stimme fokussiert ist und keine unerw\u00fcnschten Hintergrundger\u00e4usche aufnimmt, damit Sie auch in unvollkommenen R\u00e4umen perfekte\u2026","rel":"","context":"Similar post","img":{"alt_text":"","src":"https:\/\/i0.wp.com\/anythingtechnicallc.com\/wp-content\/uploads\/2025\/07\/712Xa1xLMIL._AC_SL1500_.jpg?fit=922%2C1200&ssl=1&resize=350%2C200","width":350,"height":200},"classes":[]},{"id":9285,"url":"https:\/\/anythingtechnicallc.com\/index.php\/de\/product\/gebrauchtes-shure-sm35-performance-headset-kondensatormikrofon-fuer-freisprechanlagen-tqg-anschluss-zur-verwendung-mit-drahtlossystemen-taschensender-separat-erhaeltlich-sm35-tqg\/","url_meta":{"origin":9934,"position":4},"title":"Gebrauchtes Shure SM35 Performance Headset-Kondensatormikrofon f\u00fcr Freisprechanlagen, TQG-Anschluss zur Verwendung mit Drahtlossystemen &#8211; Taschensender separat erh\u00e4ltlich (SM35-TQG)","date":"March 19, 2026","format":false,"excerpt":"Die Leute werden Ihnen nicht zuh\u00f6ren, wenn Sie nicht gut klingen. Mit dem Shure SM35 Headset-Mikrofon werden Sie die Aufmerksamkeit der Leute auf sich ziehen und behalten. Egal, ob Sie singen, eine Pr\u00e4sentation halten oder ein Produkt in einer praktischen Vorf\u00fchrung zeigen, das komfortable SM35 bietet Ihnen eine klare und\u2026","rel":"","context":"Similar post","img":{"alt_text":"","src":"https:\/\/i0.wp.com\/anythingtechnicallc.com\/wp-content\/uploads\/2025\/06\/61hZnoDGHkL._AC_SL1500_.jpg?fit=1028%2C1200&ssl=1&resize=350%2C200","width":350,"height":200},"classes":[]},{"id":9200,"url":"https:\/\/anythingtechnicallc.com\/index.php\/de\/product\/used-shure-centraverse-cvl-lavalier-mikrofon-schwarz-kondensator-mini-lav-mikrofon-mit-nierencharakteristik-clip-on-fuer-freihandbetrieb-ta4f-tqg-anschluss-fuer-drahtlose-bodypacks-cvl-b-c-tqg\/","url_meta":{"origin":9934,"position":5},"title":"USED Shure Centraverse CVL Lavalier-Mikrofon &#8211; Schwarz, Kondensator-Mini-Lav-Mikrofon mit Nierencharakteristik, Clip-On f\u00fcr Freihandbetrieb, TA4F (TQG) Anschluss f\u00fcr drahtlose Bodypacks (CVL-B\/C-TQG)","date":"March 19, 2026","format":false,"excerpt":"F\u00fcr professionelle Pr\u00e4sentationen, die ein Mikrofon erfordern, das man h\u00f6rt, aber nicht sieht, bietet das Centraverse CVL Lavalier-Kondensatormikrofon ein kompaktes Clip-on-Design und eine einfache, unkomplizierte Einrichtung. Die unidirektionale Nierencharakteristik unterdr\u00fcckt unerw\u00fcnschte Ger\u00e4usche und sorgt so f\u00fcr eine hervorragende Audioqualit\u00e4t und Stimmwiedergabe. Pr\u00e4zisionsgefertigt f\u00fcr den jahrelangen Einsatz mit allen Shure Drahtlossystemen.","rel":"","context":"Similar post","img":{"alt_text":"","src":"https:\/\/i0.wp.com\/anythingtechnicallc.com\/wp-content\/uploads\/2025\/02\/51IHIZ9mrqL._AC_SL1500_.jpg?fit=526%2C1200&ssl=1&resize=350%2C200","width":350,"height":200},"classes":[]}],"pll_sync_post":[],"lang":"de","translations":{"de":9934,"en":9802},"_links":{"self":[{"href":"https:\/\/anythingtechnicallc.com\/index.php\/wp-json\/wp\/v2\/product\/9934","targetHints":{"allow":["GET"]}}],"collection":[{"href":"https:\/\/anythingtechnicallc.com\/index.php\/wp-json\/wp\/v2\/product"}],"about":[{"href":"https:\/\/anythingtechnicallc.com\/index.php\/wp-json\/wp\/v2\/types\/product"}],"replies":[{"embeddable":true,"href":"https:\/\/anythingtechnicallc.com\/index.php\/wp-json\/wp\/v2\/comments?post=9934"}],"wp:featuredmedia":[{"embeddable":true,"href":"https:\/\/anythingtechnicallc.com\/index.php\/wp-json\/wp\/v2\/media\/9933"}],"wp:attachment":[{"href":"https:\/\/anythingtechnicallc.com\/index.php\/wp-json\/wp\/v2\/media?parent=9934"}],"wp:term":[{"taxonomy":"product_brand","embeddable":true,"href":"https:\/\/anythingtechnicallc.com\/index.php\/wp-json\/wp\/v2\/product_brand?post=9934"},{"taxonomy":"product_cat","embeddable":true,"href":"https:\/\/anythingtechnicallc.com\/index.php\/wp-json\/wp\/v2\/product_cat?post=9934"},{"taxonomy":"product_tag","embeddable":true,"href":"https:\/\/anythingtechnicallc.com\/index.php\/wp-json\/wp\/v2\/product_tag?post=9934"}],"curies":[{"name":"wp","href":"https:\/\/api.w.org\/{rel}","templated":true}]}}