{"id":9937,"date":"2026-04-15T07:10:58","date_gmt":"2026-04-15T07:10:58","guid":{"rendered":"https:\/\/anythingtechnicallc.com\/?post_type=product&#038;p=9937"},"modified":"2026-04-15T07:10:58","modified_gmt":"2026-04-15T07:10:58","slug":"audio-technica-at2020-kondensator-studiomikrofon-mit-nierencharakteristik-schwarz-erneuert","status":"publish","type":"product","link":"https:\/\/anythingtechnicallc.com\/index.php\/de\/product\/audio-technica-at2020-kondensator-studiomikrofon-mit-nierencharakteristik-schwarz-erneuert\/","title":{"rendered":"Audio-Technica AT2020 Kondensator-Studiomikrofon mit Nierencharakteristik, Schwarz (Erneuert)"},"content":{"rendered":"<div id=\"productDescription_feature_div\" class=\"celwidget pd_rd_w-9i2Gl pd_rd_r-5KA1TMR2C62PEQ7138QP pd_rd_wg-T5bIT\" data-feature-name=\"productDescription-3\" data-csa-c-type=\"widget\" data-csa-c-content-id=\"productDescription-3\" data-csa-c-slot-id=\"productDescription_feature_div\" data-csa-c-asin=\"\" data-csa-c-is-in-initial-active-row=\"false\" data-csa-c-id=\"hjq9nf-sb0ub0-f9k8o7-olngay\" data-cel-widget=\"productDescription_feature_div\">\n<div>\n<div id=\"productDescription_feature_div\" class=\"a-row feature\" data-feature-name=\"productDescription\" data-template-name=\"productDescription\" data-cel-widget=\"productDescription_feature_div\">\n<div id=\"productDescription\" class=\"a-section a-spacing-small\">\n<p>Das Audio Technica AT2020 Kondensatormikrofon mit Nierencharakteristik zeichnet sich durch ein v\u00f6llig neues, patentiertes Design aus, das die bew\u00e4hrte Zuverl\u00e4ssigkeit von Audio-Technica&#8217;s moderner Entwicklungs- und Fertigungskompetenz aufweist. Das AT2020 ist ideal f\u00fcr Projekt-\/Heimstudioanwendungen geeignet und verf\u00fcgt \u00fcber eine speziell entwickelte, massearme Membran, die einen erweiterten Frequenzgang und die F\u00e4higkeit bietet, extrem hohe Schalldruckpegel zu bew\u00e4ltigen. Das AT2020 hat eine feste Nieren-Richtcharakteristik, die eine Isolierung der gew\u00fcnschten Schallquelle erm\u00f6glicht. Das Mikrofon zeichnet sich durch hervorragende Leistungsdaten aus, darunter ein flacher, erweiterter Frequenzgang (20 &#8211; 20.000 Hz), eine hohe Schalldruckfestigkeit (144 dB) und ein gro\u00dfer Dynamikbereich (124 dB). Jeder Aspekt des AT2020 wurde auf einen sehr weichen, nat\u00fcrlichen Klang zugeschnitten und gew\u00e4hrleistet gleichzeitig ein H\u00f6chstma\u00df an Genauigkeit, so dass es eine perfekte Erg\u00e4nzung f\u00fcr die heutigen digitalen Aufnahmeger\u00e4te darstellt. Das AT2020 wird standardm\u00e4\u00dfig mit einer schwenkbaren Stativhalterung mit Gewinde geliefert, die f\u00fcr eine einfache und pr\u00e4zise Platzierung sicher befestigt wird. Das Mikrofon ben\u00f6tigt eine 48-V-Phantomspeisung, die von einem Mischpult bereitgestellt werden kann. Au\u00dferdem ist das AT2020 6,38 Zoll lang, hat einen maximalen Durchmesser von 2,05 Zoll, wiegt 12,1 Unzen und wird mit einer weichen Schutztasche geliefert. Audio Technica AT2020 Eigenschaften Der Preis-\/Leistungsstandard in der Studio-Kondensatormikrofontechnologie mit Seitenadressierung Ideal f\u00fcr Projekt-\/Heimstudioanwendungen Hoher Schalldruckpegel und ein gro\u00dfer Dynamikbereich sorgen f\u00fcr un\u00fcbertroffene Vielseitigkeit Die speziell entwickelte Membran mit geringer Masse sorgt f\u00fcr einen erweiterten Frequenzgang und ein hervorragendes Einschwingverhalten Die Nierencharakteristik reduziert die Aufnahme von Ger\u00e4uschen von den Seiten und von hinten und verbessert so die Isolierung der gew\u00fcnschten Schallquelle Die schwenkbare Stativhalterung mit Gewinde sorgt f\u00fcr eine einfache und pr\u00e4zise Platzierung des Mikrofons<\/p>\n<\/div>\n<\/div>\n<\/div>\n<\/div>\n<div id=\"aplusSustainabilityStory_feature_div\" class=\"celwidget pd_rd_w-wZ9lA pd_rd_r-5KA1TMR2C62PEQ7138QP pd_rd_wg-T5bIT\" data-feature-name=\"aplusSustainabilityStory\" data-csa-c-type=\"widget\" data-csa-c-content-id=\"aplusSustainabilityStory\" data-csa-c-slot-id=\"aplusSustainabilityStory_feature_div\" data-csa-c-asin=\"\" data-csa-c-is-in-initial-active-row=\"false\" data-csa-c-id=\"9ln5uj-5kpry3-47x4d1-a3ko3k\" data-cel-widget=\"aplusSustainabilityStory_feature_div\"><\/div>\n<div id=\"productDocuments_feature_div\" class=\"celwidget pd_rd_w-0fAt8 pd_rd_r-5KA1TMR2C62PEQ7138QP pd_rd_wg-T5bIT\" data-feature-name=\"productDocuments\" data-csa-c-type=\"widget\" data-csa-c-content-id=\"productDocuments\" data-csa-c-slot-id=\"productDocuments_feature_div\" data-csa-c-asin=\"\" data-csa-c-is-in-initial-active-row=\"false\" data-csa-c-id=\"n3x13k-lig2ic-qphgc5-xfo6i0\" data-cel-widget=\"productDocuments_feature_div\"><\/div>\n<div id=\"renewedProgramDescriptionBtf_feature_div\" class=\"celwidget pd_rd_w-jRWwi pd_rd_r-5KA1TMR2C62PEQ7138QP pd_rd_wg-T5bIT\" data-feature-name=\"renewedProgramDescriptionBtf_HIT\" data-csa-c-type=\"widget\" data-csa-c-content-id=\"renewedProgramDescriptionBtf_HIT\" data-csa-c-slot-id=\"renewedProgramDescriptionBtf_feature_div\" data-csa-c-asin=\"\" data-csa-c-is-in-initial-active-row=\"false\" data-csa-c-id=\"jlbknq-d2k5b2-rh63o2-11s2i4\" data-cel-widget=\"renewedProgramDescriptionBtf_feature_div\">\n<div class=\"renewedOfferConsistency\">\n<div class=\"RENEWED_TIER_2_offerConsistency renewedOfferConsistencyIndex_0\">\n<div id=\"RENEWED_TIER_2_renewedProgramDescriptionBtfSection\" class=\"a-section a-spacing-medium a-spacing-top-base\"><\/div>\n<\/div>\n<\/div>\n<\/div>\n","protected":false},"excerpt":{"rendered":"<div id=\"productDescription_feature_div\" class=\"celwidget pd_rd_w-9i2Gl pd_rd_r-5KA1TMR2C62PEQ7138QP pd_rd_wg-T5bIT\" data-feature-name=\"productDescription-3\" data-csa-c-type=\"widget\" data-csa-c-content-id=\"productDescription-3\" data-csa-c-slot-id=\"productDescription_feature_div\" data-csa-c-asin=\"\" data-csa-c-is-in-initial-active-row=\"false\" data-csa-c-id=\"hjq9nf-sb0ub0-f9k8o7-olngay\" data-cel-widget=\"productDescription_feature_div\">\n<div>\n<div id=\"productDescription_feature_div\" class=\"a-row feature\" data-feature-name=\"productDescription\" data-template-name=\"productDescription\" data-cel-widget=\"productDescription_feature_div\">\n<div id=\"productDescription\" class=\"a-section a-spacing-small\">\n<p>Das Audio Technica AT2020 Kondensatormikrofon mit Nieren-Richtcharakteristik verf\u00fcgt \u00fcber ein v\u00f6llig neues, patentiertes Design mit der bew\u00e4hrten Zuverl\u00e4ssigkeit von Audio-Technica&#8217;s moderner Technik und Fertigungsexpertise. Das AT2020 ist ideal f\u00fcr Projekt-\/Heimstudioanwendungen und verf\u00fcgt \u00fcber eine speziell entwickelte, massearme Membran, die einen erweiterten Frequenzgang und die F\u00e4higkeit bietet, extrem hohe Schalldruckpegel zu bew\u00e4ltigen. Das AT2020 hat eine feste Nieren-Richtcharakteristik, die eine Isolierung der gew\u00fcnschten Schallquelle erm\u00f6glicht. Das Mikrofon zeichnet sich durch hervorragende Leistungsdaten aus, darunter ein flacher, erweiterter Frequenzgang (20 &#8211; 20.000 Hz), eine hohe Schalldruckfestigkeit (144 dB) und ein gro\u00dfer Dynamikbereich (124 dB). Jeder Aspekt des AT2020 wurde auf einen sehr weichen, nat\u00fcrlichen Klang zugeschnitten und gew\u00e4hrleistet gleichzeitig ein H\u00f6chstma\u00df an Genauigkeit, so dass es eine perfekte Erg\u00e4nzung f\u00fcr die heutigen digitalen Aufnahmeger\u00e4te darstellt. Das AT2020 wird standardm\u00e4\u00dfig mit einer schwenkbaren Stativhalterung mit Gewinde geliefert, die f\u00fcr eine einfache und pr\u00e4zise Platzierung sicher befestigt wird. Das Mikrofon ben\u00f6tigt eine 48-V-Phantomspeisung, die von einem Mischpult bereitgestellt werden kann. Au\u00dferdem ist das AT2020 6,38 Zoll lang, hat einen maximalen Durchmesser von 2,05 Zoll, wiegt 12,1 Unzen und wird mit einer weichen Schutztasche geliefert. Audio Technica AT2020 Eigenschaften Der Preis-\/Leistungsstandard in der Studio-Kondensatormikrofontechnologie mit Seitenadressierung Ideal f\u00fcr Projekt-\/Heimstudioanwendungen Hoher Schalldruckpegel und ein gro\u00dfer Dynamikbereich sorgen f\u00fcr un\u00fcbertroffene Vielseitigkeit Die speziell entwickelte Membran mit geringer Masse sorgt f\u00fcr einen erweiterten Frequenzgang und ein hervorragendes Einschwingverhalten Die Nierencharakteristik reduziert die Aufnahme von Ger\u00e4uschen von den Seiten und von hinten und verbessert so die Isolierung der gew\u00fcnschten Schallquelle Die schwenkbare Stativhalterung mit Gewinde sorgt f\u00fcr eine einfache und pr\u00e4zise Platzierung des Mikrofons<\/p>\n<\/div>\n<\/div>\n<\/div>\n<\/div>\n<div id=\"aplusSustainabilityStory_feature_div\" class=\"celwidget pd_rd_w-wZ9lA pd_rd_r-5KA1TMR2C62PEQ7138QP pd_rd_wg-T5bIT\" data-feature-name=\"aplusSustainabilityStory\" data-csa-c-type=\"widget\" data-csa-c-content-id=\"aplusSustainabilityStory\" data-csa-c-slot-id=\"aplusSustainabilityStory_feature_div\" data-csa-c-asin=\"\" data-csa-c-is-in-initial-active-row=\"false\" data-csa-c-id=\"9ln5uj-5kpry3-47x4d1-a3ko3k\" data-cel-widget=\"aplusSustainabilityStory_feature_div\"><\/div>\n<div id=\"productDocuments_feature_div\" class=\"celwidget pd_rd_w-0fAt8 pd_rd_r-5KA1TMR2C62PEQ7138QP pd_rd_wg-T5bIT\" data-feature-name=\"productDocuments\" data-csa-c-type=\"widget\" data-csa-c-content-id=\"productDocuments\" data-csa-c-slot-id=\"productDocuments_feature_div\" data-csa-c-asin=\"\" data-csa-c-is-in-initial-active-row=\"false\" data-csa-c-id=\"n3x13k-lig2ic-qphgc5-xfo6i0\" data-cel-widget=\"productDocuments_feature_div\"><\/div>\n<div id=\"renewedProgramDescriptionBtf_feature_div\" class=\"celwidget pd_rd_w-jRWwi pd_rd_r-5KA1TMR2C62PEQ7138QP pd_rd_wg-T5bIT\" data-feature-name=\"renewedProgramDescriptionBtf_HIT\" data-csa-c-type=\"widget\" data-csa-c-content-id=\"renewedProgramDescriptionBtf_HIT\" data-csa-c-slot-id=\"renewedProgramDescriptionBtf_feature_div\" data-csa-c-asin=\"\" data-csa-c-is-in-initial-active-row=\"false\" data-csa-c-id=\"jlbknq-d2k5b2-rh63o2-11s2i4\" data-cel-widget=\"renewedProgramDescriptionBtf_feature_div\">\n<div class=\"renewedOfferConsistency\">\n<div class=\"RENEWED_TIER_2_offerConsistency renewedOfferConsistencyIndex_0\">\n<div id=\"RENEWED_TIER_2_renewedProgramDescriptionBtfSection\" class=\"a-section a-spacing-medium a-spacing-top-base\"><\/div>\n<\/div>\n<\/div>\n<\/div>\n","protected":false},"featured_media":9936,"comment_status":"open","ping_status":"closed","template":"","meta":{"_et_pb_use_builder":"","_et_pb_old_content":"","_et_gb_content_width":""},"product_brand":[],"product_cat":[1578],"product_tag":[],"class_list":{"0":"post-9937","1":"product","2":"type-product","3":"status-publish","4":"has-post-thumbnail","6":"product_cat-headset","8":"first","9":"instock","10":"sale","11":"taxable","12":"shipping-taxable","13":"purchasable","14":"product-type-simple"},"exclude_global_add_ons":[],"addons":[],"jetpack-related-posts":[{"id":9133,"url":"https:\/\/anythingtechnicallc.com\/index.php\/de\/product\/audio-technica-at2020-kondensatormikrofon-mit-nierencharakteristik-erneuert-ideal-fuer-projekt-heimstudioanwendungen\/","url_meta":{"origin":9937,"position":0},"title":"Audio-Technica AT2020 Kondensatormikrofon mit Nierencharakteristik (erneuert) Ideal f\u00fcr Projekt-\/Heimstudioanwendungen","date":"March 19, 2026","format":false,"excerpt":"Der Preis-\/Leistungsstandard in der Studio-Kondensatormikrofontechnologie mit seitlicher Ansprache. Ideal f\u00fcr Projekt-\/Heimstudioanwendungen; der Ger\u00e4uschpegel betr\u00e4gt 20 db spl. Die hohe Spl-Behandlung und der gro\u00dfe Dynamikbereich sorgen f\u00fcr un\u00fcbertroffene Vielseitigkeit. Die speziell entwickelte Membran mit geringer Masse bietet einen erweiterten Frequenzgang und ein hervorragendes Einschwingverhalten. Die Nieren-Richtcharakteristik reduziert die Aufnahme von Schall\u2026","rel":"","context":"Similar post","img":{"alt_text":"","src":"https:\/\/i0.wp.com\/anythingtechnicallc.com\/wp-content\/uploads\/2025\/02\/71yS0cQzm2L._AC_SL1500_.jpg?fit=387%2C1200&ssl=1&resize=350%2C200","width":350,"height":200},"classes":[]},{"id":9240,"url":"https:\/\/anythingtechnicallc.com\/index.php\/de\/product\/audio-technica-at2020-kondensator-studiomikrofon-mit-nierencharakteristik-xlr-ideal-fuer-projekt-heimstudioanwendungen\/","url_meta":{"origin":9937,"position":1},"title":"Audio-Technica AT2020 Kondensator-Studiomikrofon mit Nierencharakteristik XLR, ideal f\u00fcr Projekt-\/Heimstudioanwendungen","date":"March 19, 2026","format":false,"excerpt":"Die strengen Qualit\u00e4ts- und Konsistenzstandards von Audio-Technica heben das AT2020 von anderen Mikrofonen seiner Klasse ab. Seine massearme Membran wurde speziell f\u00fcr einen erweiterten Frequenzgang und ein hervorragendes Einschwingverhalten entwickelt. Die robuste Konstruktion sorgt f\u00fcr eine dauerhafte Leistung, das Mikrofon bietet einen gro\u00dfen Dynamikbereich und bew\u00e4ltigt hohe Schalldruckpegel mit Leichtigkeit.\u2026","rel":"","context":"Similar post","img":{"alt_text":"","src":"https:\/\/i0.wp.com\/anythingtechnicallc.com\/wp-content\/uploads\/2025\/03\/71ZMXqrB9XL._AC_SL1500_.jpg?fit=383%2C1200&ssl=1&resize=350%2C200","width":350,"height":200},"classes":[]},{"id":9237,"url":"https:\/\/anythingtechnicallc.com\/index.php\/de\/product\/erneuert-audio-technica-ath-e40-professioneller-in-ear-monitor-kopfhoerer\/","url_meta":{"origin":9937,"position":2},"title":"Erneuert Audio Technica ATH-E40 Professioneller In-Ear-Monitor-Kopfh\u00f6rer","date":"March 19, 2026","format":false,"excerpt":"Der ATH-E40 liefert kraftvolle B\u00e4sse sowie ausgewogene Mitten und H\u00f6hen, um die volle Emotion der Musik von der B\u00fchne auf die Stra\u00dfe zu \u00fcbertragen. Das propriet\u00e4re Dual-Phase-Push-Pull-Treiberdesign sorgt f\u00fcr verbesserte Klangtreue und Effizienz. Die Audio-Technica Kopfh\u00f6rer der E-Serie bringen die weltweit von der Kritik gefeierte klangliche Handschrift der M-Serie in\u2026","rel":"","context":"Similar post","img":{"alt_text":"","src":"https:\/\/i0.wp.com\/anythingtechnicallc.com\/wp-content\/uploads\/2025\/03\/51jggXkyS6L._AC_SL1000_.jpg?fit=842%2C617&ssl=1&resize=350%2C200","width":350,"height":200},"classes":[]},{"id":9139,"url":"https:\/\/anythingtechnicallc.com\/index.php\/de\/product\/audio-technica-ath-m50x-professioneller-studio-monitor-kopfhoerer-schwarz\/","url_meta":{"origin":9937,"position":3},"title":"Audio-Technica ATH-M50x Professioneller Studio-Monitor-Kopfh\u00f6rer, Schwarz","date":"March 19, 2026","format":false,"excerpt":"Von Top-Audio-Ingenieuren und Pro-Audio-Rezensenten gelobte klangliche Leistung. Propriet\u00e4re 45-Millimeter-Treiber mit gro\u00dfen \u00d6ffnungen, Seltenerdmagneten und kupferummantelten Aluminiumdraht-Schwingspulen. Au\u00dfergew\u00f6hnliche Klarheit \u00fcber einen erweiterten Frequenzbereich mit tiefer, pr\u00e4ziser Basswiedergabe. Das ohrumschlie\u00dfende Design schmiegt sich an die Ohren an und sorgt f\u00fcr eine hervorragende Schallisolierung in lauten Umgebungen. Um 90 Grad schwenkbare Ohrmuscheln f\u00fcr\u2026","rel":"","context":"Similar post","img":{"alt_text":"","src":"https:\/\/i0.wp.com\/anythingtechnicallc.com\/wp-content\/uploads\/2025\/02\/81v8UeBnyeL._AC_SL1500_.jpg?fit=603%2C1200&ssl=1&resize=350%2C200","width":350,"height":200},"classes":[]},{"id":9200,"url":"https:\/\/anythingtechnicallc.com\/index.php\/de\/product\/used-shure-centraverse-cvl-lavalier-mikrofon-schwarz-kondensator-mini-lav-mikrofon-mit-nierencharakteristik-clip-on-fuer-freihandbetrieb-ta4f-tqg-anschluss-fuer-drahtlose-bodypacks-cvl-b-c-tqg\/","url_meta":{"origin":9937,"position":4},"title":"USED Shure Centraverse CVL Lavalier-Mikrofon &#8211; Schwarz, Kondensator-Mini-Lav-Mikrofon mit Nierencharakteristik, Clip-On f\u00fcr Freihandbetrieb, TA4F (TQG) Anschluss f\u00fcr drahtlose Bodypacks (CVL-B\/C-TQG)","date":"March 19, 2026","format":false,"excerpt":"F\u00fcr professionelle Pr\u00e4sentationen, die ein Mikrofon erfordern, das man h\u00f6rt, aber nicht sieht, bietet das Centraverse CVL Lavalier-Kondensatormikrofon ein kompaktes Clip-on-Design und eine einfache, unkomplizierte Einrichtung. Die unidirektionale Nierencharakteristik unterdr\u00fcckt unerw\u00fcnschte Ger\u00e4usche und sorgt so f\u00fcr eine hervorragende Audioqualit\u00e4t und Stimmwiedergabe. Pr\u00e4zisionsgefertigt f\u00fcr den jahrelangen Einsatz mit allen Shure Drahtlossystemen.","rel":"","context":"Similar post","img":{"alt_text":"","src":"https:\/\/i0.wp.com\/anythingtechnicallc.com\/wp-content\/uploads\/2025\/02\/51IHIZ9mrqL._AC_SL1500_.jpg?fit=526%2C1200&ssl=1&resize=350%2C200","width":350,"height":200},"classes":[]},{"id":9212,"url":"https:\/\/anythingtechnicallc.com\/index.php\/de\/product\/gebrauchtes-shure-sm31fh-tqg-wasserabweisendes-kondensatormikrofon-mit-nierencharakteristik-fuer-kopfhoerer\/","url_meta":{"origin":9937,"position":5},"title":"Gebrauchtes Shure SM31FH-TQG Wasserabweisendes Kondensatormikrofon mit Nierencharakteristik f\u00fcr Kopfh\u00f6rer","date":"March 19, 2026","format":false,"excerpt":"WETTERFESTES DESIGN - Das SM31FH wurde f\u00fcr den Einsatz in rauen Umgebungen und unter schwierigen Wetterbedingungen entwickelt und eignet sich perfekt f\u00fcr Fitness-Trainer und aktive K\u00fcnstler. SICHERER SITZ - Das komfortable, sicher sitzende Drahtb\u00fcgel-Headset ist so konzipiert, dass es auch bei energiegeladenen Auftritten und anstrengenden Aktivit\u00e4ten an seinem Platz bleibt.\u2026","rel":"","context":"Similar post","img":{"alt_text":"","src":"https:\/\/i0.wp.com\/anythingtechnicallc.com\/wp-content\/uploads\/2025\/02\/61oDR6SKIL._AC_SL1500_.jpg?fit=1200%2C1032&ssl=1&resize=350%2C200","width":350,"height":200},"classes":[]}],"pll_sync_post":[],"lang":"de","translations":{"de":9937,"en":9804},"_links":{"self":[{"href":"https:\/\/anythingtechnicallc.com\/index.php\/wp-json\/wp\/v2\/product\/9937","targetHints":{"allow":["GET"]}}],"collection":[{"href":"https:\/\/anythingtechnicallc.com\/index.php\/wp-json\/wp\/v2\/product"}],"about":[{"href":"https:\/\/anythingtechnicallc.com\/index.php\/wp-json\/wp\/v2\/types\/product"}],"replies":[{"embeddable":true,"href":"https:\/\/anythingtechnicallc.com\/index.php\/wp-json\/wp\/v2\/comments?post=9937"}],"wp:featuredmedia":[{"embeddable":true,"href":"https:\/\/anythingtechnicallc.com\/index.php\/wp-json\/wp\/v2\/media\/9936"}],"wp:attachment":[{"href":"https:\/\/anythingtechnicallc.com\/index.php\/wp-json\/wp\/v2\/media?parent=9937"}],"wp:term":[{"taxonomy":"product_brand","embeddable":true,"href":"https:\/\/anythingtechnicallc.com\/index.php\/wp-json\/wp\/v2\/product_brand?post=9937"},{"taxonomy":"product_cat","embeddable":true,"href":"https:\/\/anythingtechnicallc.com\/index.php\/wp-json\/wp\/v2\/product_cat?post=9937"},{"taxonomy":"product_tag","embeddable":true,"href":"https:\/\/anythingtechnicallc.com\/index.php\/wp-json\/wp\/v2\/product_tag?post=9937"}],"curies":[{"name":"wp","href":"https:\/\/api.w.org\/{rel}","templated":true}]}}