{"id":9940,"date":"2026-04-15T07:14:53","date_gmt":"2026-04-15T07:14:53","guid":{"rendered":"https:\/\/anythingtechnicallc.com\/?post_type=product&#038;p=9940"},"modified":"2026-04-15T07:14:53","modified_gmt":"2026-04-15T07:14:53","slug":"erneuerter-zoom-h4npro-handy-recorder","status":"publish","type":"product","link":"https:\/\/anythingtechnicallc.com\/index.php\/de\/product\/erneuerter-zoom-h4npro-handy-recorder\/","title":{"rendered":"Erneuerter Zoom H4nPro Handy Recorder"},"content":{"rendered":"<ul class=\"a-unordered-list a-vertical a-spacing-mini\">\n<li class=\"a-spacing-mini\"><span class=\"a-list-item\">Vierkanalige Aufnahme mit bis zu 24 Bit, 96 kHz. Eingebaute Stereo X\/Y-Mikrofone, bis zu 140 dB SPL. <\/span><\/li>\n<li class=\"a-spacing-mini\"><span class=\"a-list-item\">2 XLR\/TRS-Eing\u00e4nge mit verriegelbaren Anschl\u00fcssen. Nimmt direkt auf SD\/SDHC-Karten mit bis zu 32 GB auf. <\/span><\/li>\n<li class=\"a-spacing-mini\"><span class=\"a-list-item\">USB-Audioschnittstelle mit 4 Eing\u00e4ngen und 2 Ausg\u00e4ngen. Mono-Lautsprecher: 400 mW 8 \u03a9. <\/span><\/li>\n<li class=\"a-spacing-mini\"><span class=\"a-list-item\">Line\/Telefon-LINE Ausgangs-Lastimpedanz: 10 k\u03a9 oder mehr. LINE-Nennausgangspegel: -10 dBu. PHONE- 20 mW + 20 mW (an 32\u03a9 Last). <\/span><\/li>\n<li class=\"a-spacing-mini\"><span class=\"a-list-item\">Usb 2. 0 Hochgeschwindigkeit. Die Usb-Funktionen k\u00f6nnen \u00fcber den Usb-Bus mit Strom versorgt werden. Plug-in und Phantomspeisung k\u00f6nnen w\u00e4hrend der Aufnahme und Wiedergabe nicht eingestellt werden. Kompatible Betriebssysteme sind Windows Vista und neuer Mac OS X 10. 6 und neuer. <\/span><\/li>\n<\/ul>\n","protected":false},"excerpt":{"rendered":"<ul class=\"a-unordered-list a-vertical a-spacing-mini\">\n<li class=\"a-spacing-mini\"><span class=\"a-list-item\">Vierkanalige Aufnahme mit bis zu 24 Bit, 96 kHz. Eingebaute Stereo X\/Y-Mikrofone, bis zu 140 dB SPL. <\/span><\/li>\n<li class=\"a-spacing-mini\"><span class=\"a-list-item\">2 XLR\/TRS-Eing\u00e4nge mit verriegelbaren Anschl\u00fcssen. Nimmt direkt auf SD\/SDHC-Karten mit bis zu 32 GB auf. <\/span><\/li>\n<li class=\"a-spacing-mini\"><span class=\"a-list-item\">USB-Audioschnittstelle mit 4 Eing\u00e4ngen und 2 Ausg\u00e4ngen. Mono-Lautsprecher: 400 mW 8 \u03a9. <\/span><\/li>\n<li class=\"a-spacing-mini\"><span class=\"a-list-item\">Line\/Telefon-LINE Ausgangs-Lastimpedanz: 10 k\u03a9 oder mehr. LINE-Nennausgangspegel: -10 dBu. PHONE- 20 mW + 20 mW (an 32\u03a9 Last). <\/span><\/li>\n<li class=\"a-spacing-mini\"><span class=\"a-list-item\">Usb 2. 0 Hochgeschwindigkeit. Die Usb-Funktionen k\u00f6nnen \u00fcber den Usb-Bus mit Strom versorgt werden. Plug-in und Phantomspeisung k\u00f6nnen w\u00e4hrend der Aufnahme und Wiedergabe nicht eingestellt werden. Kompatible Betriebssysteme sind Windows Vista und neuer Mac OS X 10. 6 und neuer. <\/span><\/li>\n<\/ul>\n","protected":false},"featured_media":9939,"comment_status":"open","ping_status":"closed","template":"","meta":{"_et_pb_use_builder":"","_et_pb_old_content":"","_et_gb_content_width":""},"product_brand":[],"product_cat":[1578],"product_tag":[],"class_list":{"0":"post-9940","1":"product","2":"type-product","3":"status-publish","4":"has-post-thumbnail","6":"product_cat-headset","8":"first","9":"instock","10":"sale","11":"taxable","12":"shipping-taxable","13":"purchasable","14":"product-type-simple"},"exclude_global_add_ons":[],"addons":[],"jetpack-related-posts":[{"id":8983,"url":"https:\/\/anythingtechnicallc.com\/index.php\/de\/product\/erneuert-beoplay-e8-2-0-true-wireless-ohrhoerer-qi-aufladung-schwarz-einheitsgroesse-1646100\/","url_meta":{"origin":9940,"position":0},"title":"Erneuert Beoplay E8 2.0 True Wireless Ohrh\u00f6rer Qi Aufladung, Schwarz, Einheitsgr\u00f6\u00dfe &#8211; 1646100","date":"March 18, 2026","format":false,"excerpt":"WIRKLICH KABELLOS: Der Beoplay E8 2.0 bietet v\u00f6llig kabellosen Komfort ohne Kabel. Ausgestattet mit kabelloser Qi-Ladetechnik ist dieser In-Ear-Kopfh\u00f6rer mit seinem eleganten Design wirklich tragbar. Impedanz: 16 Ohm TOUCH CONTROL: Steuern Sie Ihr H\u00f6rerlebnis ganz einfach \u00fcber die Touch-Oberfl\u00e4che dieser kabellosen Ohrst\u00f6psel. Tippen Sie einfach darauf, um zwischen Titeln zu\u2026","rel":"","context":"Similar post","img":{"alt_text":"","src":"https:\/\/i0.wp.com\/anythingtechnicallc.com\/wp-content\/uploads\/2024\/09\/81LRBE5O8dL._AC_SL1500_.jpg?fit=982%2C1193&ssl=1&resize=350%2C200","width":350,"height":200},"classes":[]},{"id":9922,"url":"https:\/\/anythingtechnicallc.com\/index.php\/de\/product\/jbl-partybox-wireless-mic-2x-digitale-drahtlose-mikrofone-wiederaufladbarer-akku-20-std-700-mah-klare-stimme-klarer-klang-stabile-24-ghz-verbindung-kompatibel-mit-allen-partybox-lautsprec\/","url_meta":{"origin":9940,"position":1},"title":"JBL PartyBox Wireless Mic &#8211; 2X digitale drahtlose Mikrofone, wiederaufladbarer Akku (20 Std. &#8211; 700 mAh), klare Stimme, klarer Klang, stabile 2,4-GHz-Verbindung, kompatibel mit allen PartyBox Lautsprechern (erneuert)","date":"April 15, 2026","format":false,"excerpt":"Schlie\u00dfen Sie die drahtlosen JBL-Mikrofone an jeden JBL-Lautsprecher an, und drinnen oder drau\u00dfen werden Sie klar und fesselnd klingen. Bis zu 20 Stunden Spielzeit und Sie k\u00f6nnen ein Mikrofon sogar w\u00e4hrend des Aufladens \u00fcber die integrierte Powerbank der PartyBox verwenden. Bis zu 20 Stunden Spielzeit und Sie k\u00f6nnen sogar ein\u2026","rel":"","context":"Similar post","img":{"alt_text":"","src":"https:\/\/i0.wp.com\/anythingtechnicallc.com\/wp-content\/uploads\/2026\/04\/61Yl89uADxL._AC_SL1500_.jpg?fit=1200%2C828&ssl=1&resize=350%2C200","width":350,"height":200},"classes":[]},{"id":9398,"url":"https:\/\/anythingtechnicallc.com\/index.php\/de\/product\/solarstrombank-50000mahznust-tragbares-solarladegeraet-externes-akkupack-mit-4-ausgaengen-ports-dual-eingaenge-usb-typ-c-und-9-led-taschenlampen-handy-ladegeraet-fuer-camping-outdoor\/","url_meta":{"origin":9940,"position":2},"title":"Solarstrombank 50000mAh,ZNUST Tragbares Solarladeger\u00e4t Externes Akkupack mit 4 Ausg\u00e4ngen Ports Dual Eing\u00e4nge USB Typ C und 9 LED Taschenlampen Handy Ladeger\u00e4t f\u00fcr Camping Outdoor","date":"March 19, 2026","format":false,"excerpt":"Vergewissern Sie sich, dass das Produkt passt, indem Sie Ihre Modellnummer eingeben. \u26a1\ud83d\udd0b\u301050000mA Gro\u00dfe Kapazit\u00e4t Solar Power Bank\u3011 :50000mAh hohe Kapazit\u00e4t Li-Polymer-Akku mit Solarpanel, Es kann f\u00fcr iPhone 7 bis zu 18-20 mal aufladen; f\u00fcr iPhone 12 bis zu 13-15 mal; f\u00fcr Samsung S21 bis zu 10 mal; Es kann\u2026","rel":"","context":"Similar post","img":{"alt_text":"","src":"https:\/\/i0.wp.com\/anythingtechnicallc.com\/wp-content\/uploads\/2022\/09\/Solar-Power-Bank-50000mAhZNUST-Portable-Solar-Charger-External-Battery-Pack-with-4-Outputs-Ports-Dual-Inputs-USB-Type-C-and-9-LED-Flashlights-Cell-Phone-Charger-for-Camping-Outdoor-0.jpg?fit=500%2C500&ssl=1&resize=350%2C200","width":350,"height":200},"classes":[]},{"id":9378,"url":"https:\/\/anythingtechnicallc.com\/index.php\/de\/product\/belkin-tragbares-ladegeraet-3-port-laptop-power-bank-20000-mah-usb-c-usb-a-ports-65w-iphone-ladegeraet-schnelles-aufladen-macbook-apple-iphone-16-ipad-samsung-galaxy-s25-nintendo-switch-2\/","url_meta":{"origin":9940,"position":3},"title":"Belkin Tragbares Ladeger\u00e4t, 3-Port Laptop Power Bank 20000 mAh &#8211; USB-C &#038; USB-A Ports, 65W iPhone Ladeger\u00e4t Schnelles Aufladen &#8211; MacBook, Apple iPhone 16, iPad, Samsung Galaxy S25, Nintendo Switch 2, etc &#8211; Schwarz","date":"March 19, 2026","format":false,"excerpt":"LADEN SIE IHR LAPTOP UNTERWEGS AUF: Diese vielseitige Powerbank liefert eine Leistung von bis zu 65 W an einem einzigen USB-C-Anschluss, um Ihr MacBook oder ein anderes kompatibles Notebook aufzuladen. Laden Sie ein MacBook Pro (14\" M3) in nur 42 Minuten von 0-50% auf. 20K BATTERY LIFE: Mit einer gewaltigen\u2026","rel":"","context":"Similar post","img":{"alt_text":"","src":"https:\/\/i0.wp.com\/anythingtechnicallc.com\/wp-content\/uploads\/2025\/08\/51B1Adm7osL._AC_SL1500_.jpg?fit=890%2C1200&ssl=1&resize=350%2C200","width":350,"height":200},"classes":[]},{"id":9692,"url":"https:\/\/anythingtechnicallc.com\/index.php\/de\/product\/gebrauchte-shure-pgx-digital-wireless-pgxd1-bodypack-transmitter-x8-drahtloser-audiosender-fuer-drahtlose-mikrofone\/","url_meta":{"origin":9940,"position":4},"title":"Gebrauchte Shure PGX Digital Wireless PGXD1 Bodypack Transmitter X8 &#8211; Drahtloser Audiosender f\u00fcr drahtlose Mikrofone","date":"March 24, 2026","format":false,"excerpt":"Robustes, kompaktes Taschenset mit G\u00fcrtelclip. Der Frequenzbereich von 20 Hz - 20 kHz f\u00e4ngt jede Nuance des Tons ein. LED f\u00fcr Stromversorgung, Stummschaltung und Batteriestatus. 60 m (200 Fu\u00df) Reichweite. Bis zu 10 Stunden Dauerbetrieb mit 2 AA-Batterien. Der seitlich versenkte Drehknopf bietet eine stufenlos einstellbare Verst\u00e4rkung von 26 dB.\u2026","rel":"","context":"Similar post","img":{"alt_text":"","src":"https:\/\/i0.wp.com\/anythingtechnicallc.com\/wp-content\/uploads\/2026\/01\/shure-PGXD1-X8.jpg?fit=900%2C1200&ssl=1&resize=350%2C200","width":350,"height":200},"classes":[]},{"id":9259,"url":"https:\/\/anythingtechnicallc.com\/index.php\/de\/product\/gebrauchtes-shure-mx202w-c-kondensatormikrofon-niere-184\/","url_meta":{"origin":9940,"position":5},"title":"Gebrauchtes Shure MX202W\/C Kondensatormikrofon &#8211; Niere 184","date":"March 19, 2026","format":false,"excerpt":"Die Mikrofone der Shure Micro flex MX200 Serie sind Miniatur-Elektronenkondensatormikrofone, die f\u00fcr die Aufnahme von Ch\u00f6ren und Performance-Gruppen entwickelt wurden. Sie werden in der Regel \u00fcber den K\u00f6pfen der Interpreten aufgeh\u00e4ngt. Durch ihre hohe Empfindlichkeit und den gro\u00dfen Frequenzbereich eignen sie sich sowohl f\u00fcr Aufnahmen als auch f\u00fcr Beschallungsanwendungen. Dank\u2026","rel":"","context":"Similar post","img":{"alt_text":"","src":"https:\/\/i0.wp.com\/anythingtechnicallc.com\/wp-content\/uploads\/2025\/06\/51BoUmQ0qGL._AC_SL1500_.jpg?fit=362%2C1200&ssl=1&resize=350%2C200","width":350,"height":200},"classes":[]}],"pll_sync_post":[],"lang":"de","translations":{"de":9940,"en":9806},"_links":{"self":[{"href":"https:\/\/anythingtechnicallc.com\/index.php\/wp-json\/wp\/v2\/product\/9940","targetHints":{"allow":["GET"]}}],"collection":[{"href":"https:\/\/anythingtechnicallc.com\/index.php\/wp-json\/wp\/v2\/product"}],"about":[{"href":"https:\/\/anythingtechnicallc.com\/index.php\/wp-json\/wp\/v2\/types\/product"}],"replies":[{"embeddable":true,"href":"https:\/\/anythingtechnicallc.com\/index.php\/wp-json\/wp\/v2\/comments?post=9940"}],"wp:featuredmedia":[{"embeddable":true,"href":"https:\/\/anythingtechnicallc.com\/index.php\/wp-json\/wp\/v2\/media\/9939"}],"wp:attachment":[{"href":"https:\/\/anythingtechnicallc.com\/index.php\/wp-json\/wp\/v2\/media?parent=9940"}],"wp:term":[{"taxonomy":"product_brand","embeddable":true,"href":"https:\/\/anythingtechnicallc.com\/index.php\/wp-json\/wp\/v2\/product_brand?post=9940"},{"taxonomy":"product_cat","embeddable":true,"href":"https:\/\/anythingtechnicallc.com\/index.php\/wp-json\/wp\/v2\/product_cat?post=9940"},{"taxonomy":"product_tag","embeddable":true,"href":"https:\/\/anythingtechnicallc.com\/index.php\/wp-json\/wp\/v2\/product_tag?post=9940"}],"curies":[{"name":"wp","href":"https:\/\/api.w.org\/{rel}","templated":true}]}}