{"id":9943,"date":"2026-04-15T07:15:28","date_gmt":"2026-04-15T07:15:28","guid":{"rendered":"https:\/\/anythingtechnicallc.com\/?post_type=product&#038;p=9943"},"modified":"2026-04-15T07:15:28","modified_gmt":"2026-04-15T07:15:28","slug":"mke-440-kompaktes-stereo-schrotflintenmikrofon","status":"publish","type":"product","link":"https:\/\/anythingtechnicallc.com\/index.php\/de\/product\/mke-440-kompaktes-stereo-schrotflintenmikrofon\/","title":{"rendered":"MKE 440 Kompaktes Stereo-Schrotflintenmikrofon"},"content":{"rendered":"<div id=\"productDescription_feature_div\" class=\"celwidget pd_rd_w-AzdFN pd_rd_r-YN1D3CBY8CJBRVKGBFSR pd_rd_wg-lzwhf\" data-feature-name=\"productDescription-3\" data-csa-c-type=\"widget\" data-csa-c-content-id=\"productDescription-3\" data-csa-c-slot-id=\"productDescription_feature_div\" data-csa-c-asin=\"\" data-csa-c-is-in-initial-active-row=\"false\" data-csa-c-id=\"psc6d1-z1hc0m-qprrib-qj3yx1\" data-cel-widget=\"productDescription_feature_div\">\n<div>\n<div id=\"productDescription_feature_div\" class=\"a-row feature\" data-feature-name=\"productDescription\" data-template-name=\"productDescription\" data-cel-widget=\"productDescription_feature_div\">\n<div id=\"productDescription\" class=\"a-section a-spacing-small\">\n<p>Das Sennheiser MKE 440 Compact Stereo Shotgun Microphone ist ein kompaktes Stereo-Shotgun-Mikrofon f\u00fcr Kameras mit Blitzschuhhalterung und externem Mikrofoneingang. Es bietet maximale Nebenger\u00e4uschunterdr\u00fcckung mit einem robusten Ganzmetallgeh\u00e4use. Das MKE 440 verf\u00fcgt \u00fcber zwei ausgerichtete und aufeinander abgestimmte Mini-Shotgun-Mikrofone, die sicherstellen, dass das MKE 440 den gew\u00fcnschten Ton aufnimmt und gleichzeitig Nebenger\u00e4usche unterdr\u00fcckt. Diese Eigenschaft unterscheidet es von herk\u00f6mmlichen Stereomikrofonen. Mit seinen optimierten akustischen Eigenschaften und der einstellbaren Empfindlichkeit ist das MKE 440 ideal f\u00fcr Sprache, Musik oder Ambiente geeignet. Der Mikro-Mesh-Windschutz aus Edelstahl reduziert Windger\u00e4usche und sch\u00fctzt die feinen Hochfrequenzdetails in Ihrem Sound.<\/p>\n<\/div>\n<\/div>\n<\/div>\n<\/div>\n<div id=\"va-related-videos-widget_feature_div\" class=\"celwidget pd_rd_w-jemEk pd_rd_r-YN1D3CBY8CJBRVKGBFSR pd_rd_wg-lzwhf\" data-feature-name=\"va-related-videos-widget\" data-csa-c-type=\"widget\" data-csa-c-content-id=\"va-related-videos-widget\" data-csa-c-slot-id=\"va-related-videos-widget_feature_div\" data-csa-c-asin=\"\" data-csa-c-is-in-initial-active-row=\"false\" data-csa-c-id=\"votbmk-9kdis5-471w7e-u02ptv\" data-cel-widget=\"va-related-videos-widget_feature_div\">\n<div class=\"celwidget c-f\" data-csa-op-log-render=\"\" data-csa-c-content-id=\"DsUnknown\" data-csa-c-slot-id=\"DsUnknown-4\" data-csa-c-type=\"widget\" data-csa-c-painter=\"vse-vw-dp-card-cards\" data-csa-c-id=\"oz4k3m-p0usnl-iuts4i-omo96w\" data-cel-widget=\"vse-vw-dp-card_DetailPage_3\">\n<div id=\"CardInstancehGo1SaWNeJNshPIHTJATMQ\" class=\"a-cardui-deck\" data-a-remove-bottom-gutter=\"true\" data-card-metrics-id=\"vse-vw-dp-card_DetailPage_3\" data-mix-claimed=\"true\">\n<div class=\"a-cardui vse-vw-dp _dnNlL_vseVideoWidgetContainer_3HDIT vse-video-widget-dp-container vse-video-widget-container ive-lite-player\" data-elementid=\"vse-vw-dp-empty-widget-container\" data-a-card-type=\"basic\">\n<div class=\"a-cardui-body\">\n<div class=\"a-section a-spacing-small\" data-elementid=\"vse-vw-dp-empty-view\">\n<div class=\"_dnNlL_vseVideoWidgetHeaderBlock_2t4B0 a-spacing-small\" data-csa-c-type=\"uxElement\" data-csa-c-element-id=\"vse-cards-vw-dp-widget-title\" data-csa-c-element-type=\"header\" data-csa-c-id=\"z2a3nx-wmn2wh-8k2fnz-ynu2jo\"><\/div>\n<\/div>\n<\/div>\n<\/div>\n<\/div>\n<\/div>\n<\/div>\n","protected":false},"excerpt":{"rendered":"<div id=\"productDescription_feature_div\" class=\"celwidget pd_rd_w-AzdFN pd_rd_r-YN1D3CBY8CJBRVKGBFSR pd_rd_wg-lzwhf\" data-feature-name=\"productDescription-3\" data-csa-c-type=\"widget\" data-csa-c-content-id=\"productDescription-3\" data-csa-c-slot-id=\"productDescription_feature_div\" data-csa-c-asin=\"\" data-csa-c-is-in-initial-active-row=\"false\" data-csa-c-id=\"psc6d1-z1hc0m-qprrib-qj3yx1\" data-cel-widget=\"productDescription_feature_div\">\n<div>\n<div id=\"productDescription_feature_div\" class=\"a-row feature\" data-feature-name=\"productDescription\" data-template-name=\"productDescription\" data-cel-widget=\"productDescription_feature_div\">\n<div id=\"productDescription\" class=\"a-section a-spacing-small\">\n<p>Das Sennheiser MKE 440 Compact Stereo Shotgun Microphone ist ein kompaktes Stereo-Shotgun-Mikrofon f\u00fcr Kameras mit Blitzschuhhalterung und externem Mikrofoneingang. Es bietet maximale Nebenger\u00e4uschunterdr\u00fcckung mit einem robusten Ganzmetallgeh\u00e4use. Das MKE 440 verf\u00fcgt \u00fcber zwei ausgerichtete und aufeinander abgestimmte Mini-Shotgun-Mikrofone, die sicherstellen, dass das MKE 440 den gew\u00fcnschten Ton aufnimmt und gleichzeitig Nebenger\u00e4usche unterdr\u00fcckt. Diese Eigenschaft unterscheidet es von herk\u00f6mmlichen Stereomikrofonen. Mit seinen optimierten akustischen Eigenschaften und der einstellbaren Empfindlichkeit ist das MKE 440 ideal f\u00fcr Sprache, Musik oder Ambiente geeignet. Der Mikro-Mesh-Windschutz aus Edelstahl reduziert Windger\u00e4usche und sch\u00fctzt die feinen Hochfrequenzdetails in Ihrem Sound.<\/p>\n<\/div>\n<\/div>\n<\/div>\n<\/div>\n<div id=\"va-related-videos-widget_feature_div\" class=\"celwidget pd_rd_w-jemEk pd_rd_r-YN1D3CBY8CJBRVKGBFSR pd_rd_wg-lzwhf\" data-feature-name=\"va-related-videos-widget\" data-csa-c-type=\"widget\" data-csa-c-content-id=\"va-related-videos-widget\" data-csa-c-slot-id=\"va-related-videos-widget_feature_div\" data-csa-c-asin=\"\" data-csa-c-is-in-initial-active-row=\"false\" data-csa-c-id=\"votbmk-9kdis5-471w7e-u02ptv\" data-cel-widget=\"va-related-videos-widget_feature_div\">\n<div class=\"celwidget c-f\" data-csa-op-log-render=\"\" data-csa-c-content-id=\"DsUnknown\" data-csa-c-slot-id=\"DsUnknown-4\" data-csa-c-type=\"widget\" data-csa-c-painter=\"vse-vw-dp-card-cards\" data-csa-c-id=\"oz4k3m-p0usnl-iuts4i-omo96w\" data-cel-widget=\"vse-vw-dp-card_DetailPage_3\">\n<div id=\"CardInstancehGo1SaWNeJNshPIHTJATMQ\" class=\"a-cardui-deck\" data-a-remove-bottom-gutter=\"true\" data-card-metrics-id=\"vse-vw-dp-card_DetailPage_3\" data-mix-claimed=\"true\">\n<div class=\"a-cardui vse-vw-dp _dnNlL_vseVideoWidgetContainer_3HDIT vse-video-widget-dp-container vse-video-widget-container ive-lite-player\" data-elementid=\"vse-vw-dp-empty-widget-container\" data-a-card-type=\"basic\">\n<div class=\"a-cardui-body\">\n<div class=\"a-section a-spacing-small\" data-elementid=\"vse-vw-dp-empty-view\">\n<div class=\"_dnNlL_vseVideoWidgetHeaderBlock_2t4B0 a-spacing-small\" data-csa-c-type=\"uxElement\" data-csa-c-element-id=\"vse-cards-vw-dp-widget-title\" data-csa-c-element-type=\"header\" data-csa-c-id=\"z2a3nx-wmn2wh-8k2fnz-ynu2jo\"><\/div>\n<\/div>\n<\/div>\n<\/div>\n<\/div>\n<\/div>\n<\/div>\n","protected":false},"featured_media":9942,"comment_status":"open","ping_status":"closed","template":"","meta":{"_et_pb_use_builder":"","_et_pb_old_content":"","_et_gb_content_width":""},"product_brand":[],"product_cat":[1578],"product_tag":[],"class_list":{"0":"post-9943","1":"product","2":"type-product","3":"status-publish","4":"has-post-thumbnail","6":"product_cat-headset","8":"first","9":"instock","10":"sale","11":"taxable","12":"shipping-taxable","13":"purchasable","14":"product-type-simple"},"exclude_global_add_ons":[],"addons":[],"jetpack-related-posts":[{"id":9934,"url":"https:\/\/anythingtechnicallc.com\/index.php\/de\/product\/lewitt-lct-240-pro-kompaktes-kondensatormikrofon-schwarz-erneuert\/","url_meta":{"origin":9943,"position":0},"title":"Lewitt LCT-240-PRO Kompaktes Kondensatormikrofon, Schwarz (Erneuert)","date":"April 15, 2026","format":false,"excerpt":"Das schwarze LCT-240 Pro Condenser Microphone von Lewitt ist ein Gro\u00dfmembran-Mikrofon mit Nierencharakteristik, das eine 48V-Phantomspeisung ben\u00f6tigt und mit einem vergoldeten, 3-poligen XLR-Anschluss ausgestattet ist. Es kann f\u00fcr alle Klangquellen wie Gesang, akustische Instrumente, Verst\u00e4rker, Schlagzeug und mehr verwendet werden. Dieses Mikrofon ist vielseitig und geeignet, um Ihre Aufnahmen auf\u2026","rel":"","context":"Similar post","img":{"alt_text":"","src":"https:\/\/i0.wp.com\/anythingtechnicallc.com\/wp-content\/uploads\/2026\/04\/Lewitt-LCT-240-PRO-Compact-Condenser-Microphone-Black-Renewed.jpg?fit=887%2C887&ssl=1&resize=350%2C200","width":350,"height":200},"classes":[]},{"id":9200,"url":"https:\/\/anythingtechnicallc.com\/index.php\/de\/product\/used-shure-centraverse-cvl-lavalier-mikrofon-schwarz-kondensator-mini-lav-mikrofon-mit-nierencharakteristik-clip-on-fuer-freihandbetrieb-ta4f-tqg-anschluss-fuer-drahtlose-bodypacks-cvl-b-c-tqg\/","url_meta":{"origin":9943,"position":1},"title":"USED Shure Centraverse CVL Lavalier-Mikrofon &#8211; Schwarz, Kondensator-Mini-Lav-Mikrofon mit Nierencharakteristik, Clip-On f\u00fcr Freihandbetrieb, TA4F (TQG) Anschluss f\u00fcr drahtlose Bodypacks (CVL-B\/C-TQG)","date":"March 19, 2026","format":false,"excerpt":"F\u00fcr professionelle Pr\u00e4sentationen, die ein Mikrofon erfordern, das man h\u00f6rt, aber nicht sieht, bietet das Centraverse CVL Lavalier-Kondensatormikrofon ein kompaktes Clip-on-Design und eine einfache, unkomplizierte Einrichtung. Die unidirektionale Nierencharakteristik unterdr\u00fcckt unerw\u00fcnschte Ger\u00e4usche und sorgt so f\u00fcr eine hervorragende Audioqualit\u00e4t und Stimmwiedergabe. Pr\u00e4zisionsgefertigt f\u00fcr den jahrelangen Einsatz mit allen Shure Drahtlossystemen.","rel":"","context":"Similar post","img":{"alt_text":"","src":"https:\/\/i0.wp.com\/anythingtechnicallc.com\/wp-content\/uploads\/2025\/02\/51IHIZ9mrqL._AC_SL1500_.jpg?fit=526%2C1200&ssl=1&resize=350%2C200","width":350,"height":200},"classes":[]},{"id":9886,"url":"https:\/\/anythingtechnicallc.com\/index.php\/de\/product\/sony-ecm-vg1-short-shotgun-mikrofon-gebraucht-wie-neu\/","url_meta":{"origin":9943,"position":2},"title":"Sony ECM-VG1 Short Shotgun Mikrofon Gebraucht Wie Neu","date":"April 15, 2026","format":false,"excerpt":"Mit seinem ultraleichten Geh\u00e4use und dem weichen Klang bietet das Richtrohrmikrofon ECM-VG1 von Sony ein starkes, sauberes Ausgangssignal f\u00fcr Event-Videodrehs, Indie-Filmproduktionen, Fernseh- und Dokumentarfilme, Gerichtsverhandlungen und vieles mehr. Mit einem Gewicht von nur 2,3 Unzen kann es auf einem Camcorder platziert oder an einer Galgenstange befestigt werden, ohne dass das\u2026","rel":"","context":"Similar post","img":{"alt_text":"","src":"https:\/\/i0.wp.com\/anythingtechnicallc.com\/wp-content\/uploads\/2026\/03\/Sony-ECM-VG1-Shotgun-Microphone-1.jpg?fit=900%2C1200&ssl=1&resize=350%2C200","width":350,"height":200},"classes":[]},{"id":9309,"url":"https:\/\/anythingtechnicallc.com\/index.php\/de\/product\/shure-mv88-video-kit-digitales-stereo-kondensatormikrofon-fuer-apple-und-android-mit-manfrotto-pixi-stativ-telefonklammer-halterung-ios-und-usb-c-kabel-fuer-kompatibilitaet-und-konnektivitaet\/","url_meta":{"origin":9943,"position":3},"title":"Shure MV88+ Video Kit &#8211; Digitales Stereo-Kondensatormikrofon f\u00fcr Apple und Android, mit Manfrotto PIXI-Stativ, Telefonklammer, Halterung, iOS- und USB-C-Kabel f\u00fcr Kompatibilit\u00e4t und Konnektivit\u00e4t auf h\u00f6chstem Niveau","date":"March 19, 2026","format":false,"excerpt":"Das MOTIV MV88+ Video Kit ist ein hochwertiges digitales Stereo-Kondensatormikrofon. Ihr neues mobiles Aufnahmeger\u00e4t l\u00e4sst sich \u00fcber einen Lightning-Anschluss direkt mit jedem Apple-Ger\u00e4t oder \u00fcber USB-C mit ausgew\u00e4hlten weiteren Ger\u00e4ten verbinden. Das MV88+ hat alles, was Sie brauchen, um gro\u00dfartige Aufnahmen zu machen - direkt nach dem Auspacken. Die im\u2026","rel":"","context":"Similar post","img":{"alt_text":"","src":"https:\/\/i0.wp.com\/anythingtechnicallc.com\/wp-content\/uploads\/2025\/07\/71V1p0Wj5JL._AC_SL1500_.jpg?fit=1163%2C1200&ssl=1&resize=350%2C200","width":350,"height":200},"classes":[]},{"id":9288,"url":"https:\/\/anythingtechnicallc.com\/index.php\/de\/product\/gebrauchtes-shure-wireless-beta-98h-c-mikrofon-miniatur-instrumentenmikrofon-mit-ta4f-4-pin-mini-xlr-anschluss-nierenkondensator-clip-on-mit-schwanenhals-fuer-saxophon-blechblaeser-oder-percussion\/","url_meta":{"origin":9943,"position":4},"title":"Gebrauchtes Shure Wireless BETA 98H\/C Mikrofon &#8211; Miniatur-Instrumentenmikrofon mit TA4F 4-Pin Mini-XLR-Anschluss, Nierenkondensator, Clip-on mit Schwanenhals f\u00fcr Saxophon\/Blechbl\u00e4ser oder Percussion (WB98H\/C)","date":"March 19, 2026","format":false,"excerpt":"Drahtloser Shure Taschensender Separat erh\u00e4ltlich Der WB98H\/C verf\u00fcgt \u00fcber eine transformatorlose Vorverst\u00e4rkerschaltung, die die Linearit\u00e4t \u00fcber den gesamten Frequenzbereich verbessert. Das Tonabnehmersystem des Beta 98H\/C bietet eine hohe Verst\u00e4rkung vor der R\u00fcckkopplung und eine hervorragende Unterdr\u00fcckung unerw\u00fcnschter Ger\u00e4usche. Sein hoher maximaler Schalldruckpegel (SPL) erm\u00f6glicht es ihm, die extremen Anforderungen von\u2026","rel":"","context":"Similar post","img":{"alt_text":"","src":"https:\/\/i0.wp.com\/anythingtechnicallc.com\/wp-content\/uploads\/2025\/06\/51JCyyEQ-tL._AC_SL1000_.jpg?fit=924%2C867&ssl=1&resize=350%2C200","width":350,"height":200},"classes":[]},{"id":9542,"url":"https:\/\/anythingtechnicallc.com\/index.php\/de\/product\/hyperx-quadcast-s-rgb-usb-kondensatormikrofon-fuer-pc-ps4-ps5-und-mac-anti-vibrations-stossdaempfer-4-richtcharakteristiken-pop-filter-verstaerkungsregelung-gaming-streaming-podcasts-twitc\/","url_meta":{"origin":9943,"position":5},"title":"HyperX QuadCast S &#8211; RGB-USB-Kondensatormikrofon f\u00fcr PC, PS4, PS5 und Mac, Anti-Vibrations-Sto\u00dfd\u00e4mpfer, 4 Richtcharakteristiken, Pop-Filter, Verst\u00e4rkungsregelung, Gaming, Streaming, Podcasts, Twitch, YouTube, Discord","date":"March 21, 2026","format":false,"excerpt":"Strahlende RGB-Beleuchtung mit dynamischen Effekten: Personalisieren Sie die atemberaubende RGB-Beleuchtung und die dynamischen Effekte f\u00fcr eine auff\u00e4llige Aufnahme mit anpassbarem Stil. Eingebaute Anti-Vibrations-Halterung: Isolieren Sie das Mikrofon und unterdr\u00fccken Sie mit der elastischen Seilaufh\u00e4ngung ungewollte Ersch\u00fctterungen und St\u00f6\u00dfe. Tap-to-mute-Sensor mit LED-Statusanzeige: Nutzen Sie die praktische Tap-to-Mute-Funktion, um mit Hilfe der\u2026","rel":"","context":"Similar post","img":{"alt_text":"","src":"https:\/\/i0.wp.com\/anythingtechnicallc.com\/wp-content\/uploads\/2025\/09\/61dQJkzRopL._AC_SL1500_.jpg?fit=486%2C1200&ssl=1&resize=350%2C200","width":350,"height":200},"classes":[]}],"pll_sync_post":[],"lang":"de","translations":{"de":9943,"en":9808},"_links":{"self":[{"href":"https:\/\/anythingtechnicallc.com\/index.php\/wp-json\/wp\/v2\/product\/9943","targetHints":{"allow":["GET"]}}],"collection":[{"href":"https:\/\/anythingtechnicallc.com\/index.php\/wp-json\/wp\/v2\/product"}],"about":[{"href":"https:\/\/anythingtechnicallc.com\/index.php\/wp-json\/wp\/v2\/types\/product"}],"replies":[{"embeddable":true,"href":"https:\/\/anythingtechnicallc.com\/index.php\/wp-json\/wp\/v2\/comments?post=9943"}],"wp:featuredmedia":[{"embeddable":true,"href":"https:\/\/anythingtechnicallc.com\/index.php\/wp-json\/wp\/v2\/media\/9942"}],"wp:attachment":[{"href":"https:\/\/anythingtechnicallc.com\/index.php\/wp-json\/wp\/v2\/media?parent=9943"}],"wp:term":[{"taxonomy":"product_brand","embeddable":true,"href":"https:\/\/anythingtechnicallc.com\/index.php\/wp-json\/wp\/v2\/product_brand?post=9943"},{"taxonomy":"product_cat","embeddable":true,"href":"https:\/\/anythingtechnicallc.com\/index.php\/wp-json\/wp\/v2\/product_cat?post=9943"},{"taxonomy":"product_tag","embeddable":true,"href":"https:\/\/anythingtechnicallc.com\/index.php\/wp-json\/wp\/v2\/product_tag?post=9943"}],"curies":[{"name":"wp","href":"https:\/\/api.w.org\/{rel}","templated":true}]}}