{"id":9946,"date":"2026-04-15T07:16:13","date_gmt":"2026-04-15T07:16:13","guid":{"rendered":"https:\/\/anythingtechnicallc.com\/?post_type=product&#038;p=9946"},"modified":"2026-04-15T07:16:13","modified_gmt":"2026-04-15T07:16:13","slug":"zebra-tc56-wireless-android-handheld-2d-1d-qr-code-barcode-scanner-tc56cj-ladegeraet-nicht-inbegriffen-erneuert","status":"publish","type":"product","link":"https:\/\/anythingtechnicallc.com\/index.php\/de\/product\/zebra-tc56-wireless-android-handheld-2d-1d-qr-code-barcode-scanner-tc56cj-ladegeraet-nicht-inbegriffen-erneuert\/","title":{"rendered":"Zebra TC56 Wireless Android Handheld 2D\/1D\/QR Code Barcode-Scanner, TC56CJ, Ladeger\u00e4t nicht inbegriffen (Erneuert)"},"content":{"rendered":"<ul class=\"a-unordered-list a-vertical a-spacing-mini\">\n<li class=\"a-spacing-mini\"><span class=\"a-list-item\">Kosteng\u00fcnstig und langlebig: Das perfekte Gleichgewicht zwischen Langlebigkeit und Erschwinglichkeit macht es zu einem ausgezeichneten Sparger\u00e4t f\u00fcr kostenbewusste Unternehmen. <\/span><\/li>\n<li class=\"a-spacing-mini\"><span class=\"a-list-item\">Vielseitige Scan-F\u00e4higkeiten: Scannt m\u00fchelos 2D-, 1D- und QR-Codes und unterst\u00fctzt eine breite Palette von Barcodeformaten. <\/span><\/li>\n<li class=\"a-spacing-mini\"><span class=\"a-list-item\">Android 8.1 mit Play Store-Zugang: Bietet ein vertrautes und benutzerfreundliches Erlebnis mit Zugriff auf eine Vielzahl von Apps f\u00fcr zus\u00e4tzliche Funktionen. <\/span><\/li>\n<li class=\"a-spacing-mini\"><span class=\"a-list-item\">Kabellos und tragbar: Der TC56 ist auf Mobilit\u00e4t ausgelegt und erm\u00f6glicht dank seiner kabellosen Funktion effizientes Barcode-Scannen unterwegs. <\/span><\/li>\n<\/ul>\n","protected":false},"excerpt":{"rendered":"<ul class=\"a-unordered-list a-vertical a-spacing-mini\">\n<li class=\"a-spacing-mini\"><span class=\"a-list-item\">Kosteng\u00fcnstig und langlebig: Das perfekte Gleichgewicht zwischen Langlebigkeit und Erschwinglichkeit macht es zu einem ausgezeichneten Sparger\u00e4t f\u00fcr Unternehmen, die auf ihre Kosten achten. <\/span><\/li>\n<li class=\"a-spacing-mini\"><span class=\"a-list-item\">Vielseitige Scan-F\u00e4higkeiten: Scannt m\u00fchelos 2D-, 1D- und QR-Codes und unterst\u00fctzt eine breite Palette von Barcodeformaten. <\/span><\/li>\n<li class=\"a-spacing-mini\"><span class=\"a-list-item\">Android 8.1 mit Play Store-Zugang: Bietet ein vertrautes und benutzerfreundliches Erlebnis mit Zugriff auf eine Vielzahl von Apps f\u00fcr zus\u00e4tzliche Funktionen. <\/span><\/li>\n<li class=\"a-spacing-mini\"><span class=\"a-list-item\">Kabellos und tragbar: Der TC56 ist auf Mobilit\u00e4t ausgelegt und erm\u00f6glicht dank seiner kabellosen Funktion effizientes Barcode-Scannen unterwegs. <\/span><\/li>\n<\/ul>\n","protected":false},"featured_media":9945,"comment_status":"open","ping_status":"closed","template":"","meta":{"_et_pb_use_builder":"","_et_pb_old_content":"","_et_gb_content_width":""},"product_brand":[],"product_cat":[1574],"product_tag":[],"class_list":{"0":"post-9946","1":"product","2":"type-product","3":"status-publish","4":"has-post-thumbnail","6":"product_cat-generalueberholtes-tablet-laptop","8":"first","9":"instock","10":"taxable","11":"shipping-taxable","12":"purchasable","13":"product-type-simple"},"exclude_global_add_ons":[],"addons":[],"jetpack-related-posts":[{"id":9958,"url":"https:\/\/anythingtechnicallc.com\/index.php\/de\/product\/zebra-tc52-rugged-scanner-android-2d-1d-barcode-leser-inkl-ladegeraet-erneuert\/","url_meta":{"origin":9946,"position":0},"title":"Zebra TC52 Rugged Scanner, Android, 2D\/1D Barcode-Leser (inkl. Ladeger\u00e4t) (Erneuert)","date":"April 15, 2026","format":false,"excerpt":"Fortschrittliches Barcode-Scannen: Ausgestattet mit einem 2D\/1D\/QR-Codeleser f\u00fcr schnelles und genaues Scannen von Barcodes, perfekt f\u00fcr die Bestands- und Lagerverwaltung. Robuste Langlebigkeit: Der Zebra TC52 ist f\u00fcr den anspruchsvollen Einsatz in der Industrie und im Freien konzipiert und h\u00e4lt auch rauen Umgebungen stand. Kabellos und leistungsf\u00e4hig: Mit WiFi-Konnektivit\u00e4t f\u00fcr nahtlose Daten\u00fcbertragung\u2026","rel":"","context":"Similar post","img":{"alt_text":"","src":"https:\/\/i0.wp.com\/anythingtechnicallc.com\/wp-content\/uploads\/2026\/04\/Zebra-TC52-Rugged-Scanner.jpg?fit=900%2C1200&ssl=1&resize=350%2C200","width":350,"height":200},"classes":[]},{"id":9209,"url":"https:\/\/anythingtechnicallc.com\/index.php\/de\/product\/erneuert-shure-aonic-40-over-ear-wireless-bluetooth-noise-cancelling-kopfhoerer-mit-mikrofon-klang-in-studioqualitaet-25-stunden-akkulaufzeit-fingertip-bedienung-kompatibel-mit-iphone-und-android\/","url_meta":{"origin":9946,"position":1},"title":"Erneuert Shure AONIC 40 Over Ear Wireless Bluetooth Noise Cancelling Kopfh\u00f6rer mit Mikrofon, Klang in Studioqualit\u00e4t, 25 Stunden Akkulaufzeit, Fingertip-Bedienung, kompatibel mit iPhone und Android &#8211; Schwarz","date":"March 19, 2026","format":false,"excerpt":"PREMIUM-KLANG IN STUDIOQUALIT\u00c4T: Klarer Klang in Studioqualit\u00e4t, der auf jahrzehntelanger Erfahrung in der Entwicklung von Produkten f\u00fcr Musiklegenden und K\u00fcnstler aller Art beruht. EINSTELLBARE GER\u00c4USCHUNTERDR\u00dcCKUNG & UMGEBUNGSMODUS: Die anpassbare Ger\u00e4uschunterdr\u00fcckung unterdr\u00fcckt St\u00f6rger\u00e4usche f\u00fcr ein wirklich intensives H\u00f6rerlebnis. Drei digitale ANC-Einstellungen f\u00fcr erweiterte Unterdr\u00fcckung niedriger Frequenzen und ein nat\u00fcrliches H\u00f6rerlebnis. LANGER\u2026","rel":"","context":"Similar post","img":{"alt_text":"","src":"https:\/\/i0.wp.com\/anythingtechnicallc.com\/wp-content\/uploads\/2025\/02\/8161xyfr9bL._AC_SL1500_.jpg?fit=926%2C1200&ssl=1&resize=350%2C200","width":350,"height":200},"classes":[]},{"id":9044,"url":"https:\/\/anythingtechnicallc.com\/index.php\/de\/product\/shure-motiv-mv88-digitales-stereo-kondensatormikrofon-zum-anstecken-an-ios-geraete-lightning-anschluss-professioneller-klang-aus-einem-ios-kompatiblen-ansteckmikrofon\/","url_meta":{"origin":9946,"position":2},"title":"Shure Motiv MV88 Digitales Stereo-Kondensatormikrofon &#8211; zum Anstecken an iOS-Ger\u00e4te, Lightning-Anschluss, professioneller Klang aus einem iOS-kompatiblen Ansteckmikrofon","date":"March 18, 2026","format":false,"excerpt":"IOS LIGHTNING ANSCHLUSS - Apple MFi zertifiziert und kompatibel mit allen iOS-Ger\u00e4ten mit Lightning-Anschluss. TASCHENFREUNDLICH - Nehmen Sie unterwegs leistungsstarke Audioaufnahmen auf, ohne dass Sie eine gro\u00dfe und schwere Audioausr\u00fcstung ben\u00f6tigen. VOLLST\u00c4NDIG ANPASSBAR - Sie k\u00f6nnen das Mikrofon um bis zu 90\u00b0 neigen, kippen und drehen, um unabh\u00e4ngig von der\u2026","rel":"","context":"Similar post","img":{"alt_text":"","src":"https:\/\/i0.wp.com\/anythingtechnicallc.com\/wp-content\/uploads\/2024\/09\/51YPM4TyDtL._AC_SL1500_.jpg?fit=640%2C1200&ssl=1&resize=350%2C200","width":350,"height":200},"classes":[]},{"id":9635,"url":"https:\/\/anythingtechnicallc.com\/index.php\/de\/product\/gebrauchte-dji-mini-2-ultraleichter-und-faltbarer-drohnen-quadcopter-3-achsen-gimbal-mit-4k-kamera-12mp-foto-31-minuten-flugzeit-ocusync-2-0-10km-hd-videouebertragung-quickshots-grau\/","url_meta":{"origin":9946,"position":3},"title":"Gebrauchte DJI Mini 2 &#8211; Ultraleichter und faltbarer Drohnen-Quadcopter, 3-Achsen-Gimbal mit 4K Kamera, 12MP Foto, 31 Minuten Flugzeit, OcuSync 2.0 10km HD Video\u00fcbertragung, QuickShots Grau","date":"March 24, 2026","format":false,"excerpt":"\u3010PACKEN SIE LEICHT, FLIEGEN SIE FREI\u3011: Mit weniger als 249 g wiegt sie etwa so viel wie ein Apfel und passt in Ihre Handfl\u00e4che. Kompakt und praktisch ist diese kleine Drohne Ihr idealer Reisebegleiter, der die Art und Weise, wie Sie Ihre sch\u00f6nsten Erinnerungen festhalten, ver\u00e4ndert. \u30103-AXIS GIMBAL MIT 4K\u2026","rel":"","context":"Similar post","img":{"alt_text":"","src":"https:\/\/i0.wp.com\/anythingtechnicallc.com\/wp-content\/uploads\/2025\/10\/DJI-Mini-2.jpg?fit=900%2C1200&ssl=1&resize=350%2C200","width":350,"height":200},"classes":[]},{"id":9452,"url":"https:\/\/anythingtechnicallc.com\/index.php\/de\/product\/solarladegeraet-anker-24w-3-port-usb-tragbares-solarladegeraet-mit-faltbarem-cigs-panel-fuer-camping-powerport-solar-fuer-iphone-12-se-11-xs-max-xr-x-8-ipad-samsung-galaxy-s20-s10-s9-s8-und-mehr\/","url_meta":{"origin":9946,"position":4},"title":"Solarladeger\u00e4t, Anker 24W 3-Port USB tragbares Solarladeger\u00e4t mit faltbarem CIGS-Panel f\u00fcr Camping, PowerPort Solar f\u00fcr iPhone 12\/SE\/11\/XS Max\/XR\/X\/8, iPad, Samsung Galaxy S20\/S10\/S9\/S8, und mehr","date":"March 19, 2026","format":false,"excerpt":"Stellen Sie sicher, dass dieser Artikel passt, indem Sie Ihre Modellnummer eingeben. Ultrad\u00fcnn und flexibel: Hergestellt aus CIGS, einer Art D\u00fcnnschicht-Solarmaterial, das eine gr\u00f6\u00dfere Flexibilit\u00e4t als andere Solarzellen bietet und gleichzeitig langlebig ist. Schnelles Aufladen: Mit diesem tragbaren Solarladeger\u00e4t k\u00f6nnen Sie Ihr Handy, Tablet oder andere mobile Ger\u00e4te bei optimaler\u2026","rel":"","context":"Similar post","img":{"alt_text":"","src":"https:\/\/i0.wp.com\/anythingtechnicallc.com\/wp-content\/uploads\/2022\/09\/Solar-Charger-Anker-24W-3-Port-USB-Portable-Solar-Charger-with-Foldable-CIGS-Panel-for-Camping-PowerPort-Solar-for-iPhone-12SE11XS-MaxXRX8-iPad-Samsung-Galaxy-S20S10S9S8-and-More-0.jpg?fit=400%2C500&ssl=1&resize=350%2C200","width":350,"height":200},"classes":[]},{"id":9605,"url":"https:\/\/anythingtechnicallc.com\/index.php\/de\/product\/erneuert-bose-the-soundlink-revolve-der-tragbare-bluetooth-lautsprecher-mit-360-wireless-surround-sound-triple-black\/","url_meta":{"origin":9946,"position":5},"title":"Erneuert Bose The SoundLink Revolve, der tragbare Bluetooth-Lautsprecher mit 360 Wireless Surround Sound, Triple Black","date":"March 24, 2026","format":false,"excerpt":"Erleben Sie mit dem SoundLink Revolve Bluetooth-Lautsprecher einen beeindruckenden 360-Grad-Sound. Das nahtlose Aluminiumgeh\u00e4use ist langlebig und wasserfest (IPX4), so dass er sowohl f\u00fcr den Innen- als auch f\u00fcr den Au\u00dfenbereich geeignet ist. Die Bose Connects App hilft Ihnen au\u00dferdem bei der Verwaltung Ihrer Ger\u00e4te, w\u00e4hrend das konisch zulaufende zylindrische Design\u2026","rel":"","context":"Similar post","img":{"alt_text":"","src":"https:\/\/i0.wp.com\/anythingtechnicallc.com\/wp-content\/uploads\/2025\/10\/514juzcbNCL._AC_SL1000_.jpg?fit=748%2C1000&ssl=1&resize=350%2C200","width":350,"height":200},"classes":[]}],"pll_sync_post":[],"lang":"de","translations":{"de":9946,"en":9810},"_links":{"self":[{"href":"https:\/\/anythingtechnicallc.com\/index.php\/wp-json\/wp\/v2\/product\/9946","targetHints":{"allow":["GET"]}}],"collection":[{"href":"https:\/\/anythingtechnicallc.com\/index.php\/wp-json\/wp\/v2\/product"}],"about":[{"href":"https:\/\/anythingtechnicallc.com\/index.php\/wp-json\/wp\/v2\/types\/product"}],"replies":[{"embeddable":true,"href":"https:\/\/anythingtechnicallc.com\/index.php\/wp-json\/wp\/v2\/comments?post=9946"}],"wp:featuredmedia":[{"embeddable":true,"href":"https:\/\/anythingtechnicallc.com\/index.php\/wp-json\/wp\/v2\/media\/9945"}],"wp:attachment":[{"href":"https:\/\/anythingtechnicallc.com\/index.php\/wp-json\/wp\/v2\/media?parent=9946"}],"wp:term":[{"taxonomy":"product_brand","embeddable":true,"href":"https:\/\/anythingtechnicallc.com\/index.php\/wp-json\/wp\/v2\/product_brand?post=9946"},{"taxonomy":"product_cat","embeddable":true,"href":"https:\/\/anythingtechnicallc.com\/index.php\/wp-json\/wp\/v2\/product_cat?post=9946"},{"taxonomy":"product_tag","embeddable":true,"href":"https:\/\/anythingtechnicallc.com\/index.php\/wp-json\/wp\/v2\/product_tag?post=9946"}],"curies":[{"name":"wp","href":"https:\/\/api.w.org\/{rel}","templated":true}]}}