{"id":9949,"date":"2026-04-15T07:16:40","date_gmt":"2026-04-15T07:16:40","guid":{"rendered":"https:\/\/anythingtechnicallc.com\/?post_type=product&#038;p=9949"},"modified":"2026-04-15T07:16:40","modified_gmt":"2026-04-15T07:16:40","slug":"epson-tm-t88vi-thermo-bondrucker-ethernet-usb-und-serielle-schnittstellen-schwarz-netzteil-ps-180-und-netzkabel-erneuert","status":"publish","type":"product","link":"https:\/\/anythingtechnicallc.com\/index.php\/de\/product\/epson-tm-t88vi-thermo-bondrucker-ethernet-usb-und-serielle-schnittstellen-schwarz-netzteil-ps-180-und-netzkabel-erneuert\/","title":{"rendered":"Epson TM-T88VI Thermo-Bondrucker &#8211; Ethernet-, USB- und serielle Schnittstellen, Schwarz, Netzteil Ps-180 und Netzkabel (erneuert)"},"content":{"rendered":"<div id=\"dp_productDescription_container_div\" class=\"celwidget\" data-feature-name=\"productDescription\" data-csa-c-type=\"widget\" data-csa-c-content-id=\"productDescription\" data-csa-c-slot-id=\"dp_productDescription_container_div\" data-csa-c-asin=\"\" data-csa-c-is-in-initial-active-row=\"false\" data-cel-widget=\"dp_productDescription_container_div\" data-csa-c-id=\"sb9sx9-xd0v7q-okr9lh-1p8eja\">\n<div>\n<div id=\"productDescription_feature_div\" class=\"a-row feature\" data-feature-name=\"productDescription\" data-template-name=\"productDescription\" data-cel-widget=\"productDescription_feature_div\">\n<div id=\"productDescription\" class=\"a-section a-spacing-small\">\n<p>Epson, tm-t88vi, Thermo-Bondrucker, Epson schwarz, s01, Ethernet, usb &amp; serielle Schnittstellen, ps-180 Netzteil und Netzkabel. Betriebssystem: Microsoft Windows (APD OPOS OPOS f\u00fcr .NET JavaPOS) Mac OS X Linux (CUPS JavaPOS)|Microsoft Windows 8.1 \/ iOS \/ Android (ePOS-Print SDK); Stromverbrauch: Betrieb: Ca. 1,8A (durchschnittlich)|Stand-by: 0,5W; Konnektivit\u00e4tstechnologien: Eingebauter USB Eingebautes Ethernet (10\/100Base-T\/TX) + UIB (Serial Parallel Powered USB)|Bluetooth 2.1+EDR (dediziertes Modell)|Wireless (USB Wireless Dongle): OT-WL05 (802.11 a\/b\/g\/n) oder OT-WL02 (802.11 b\/g\/n)|Beacon (mit Bluetooth Low Energy): Beacon-Dongle|3|(von Epson zugelassener Dongle: Laird Modell BT820)<\/p>\n<\/div>\n<\/div>\n<\/div>\n<\/div>\n<div id=\"detailBullets_feature_div\" class=\"celwidget\" data-feature-name=\"detailBullets\" data-csa-c-type=\"widget\" data-csa-c-content-id=\"detailBullets\" data-csa-c-slot-id=\"detailBullets_feature_div\" data-csa-c-asin=\"\" data-csa-c-is-in-initial-active-row=\"false\" data-cel-widget=\"detailBullets_feature_div\" data-csa-c-id=\"rswies-cpnuwh-y06v9s-t2fmj\">\n<div id=\"detailBulletsWrapper_feature_div\" class=\"a-section feature detail-bullets-wrapper bucket\" data-feature-name=\"detailBullets\" data-template-name=\"detailBullets\" data-cel-widget=\"detailBulletsWrapper_feature_div\"><\/div>\n<\/div>\n","protected":false},"excerpt":{"rendered":"<div id=\"dp_productDescription_container_div\" class=\"celwidget\" data-feature-name=\"productDescription\" data-csa-c-type=\"widget\" data-csa-c-content-id=\"productDescription\" data-csa-c-slot-id=\"dp_productDescription_container_div\" data-csa-c-asin=\"\" data-csa-c-is-in-initial-active-row=\"false\" data-cel-widget=\"dp_productDescription_container_div\" data-csa-c-id=\"sb9sx9-xd0v7q-okr9lh-1p8eja\">\n<div>\n<div id=\"productDescription_feature_div\" class=\"a-row feature\" data-feature-name=\"productDescription\" data-template-name=\"productDescription\" data-cel-widget=\"productDescription_feature_div\">\n<div id=\"productDescription\" class=\"a-section a-spacing-small\">\n<p>Epson, tm-t88vi, Thermo-Bondrucker, Epson schwarz, s01, Ethernet, usb &amp; serielle Schnittstellen, ps-180 Netzteil und Netzkabel. Betriebssystem: Microsoft Windows (APD OPOS OPOS f\u00fcr .NET JavaPOS) Mac OS X Linux (CUPS JavaPOS)|Microsoft Windows 8.1 \/ iOS \/ Android (ePOS-Print SDK); Stromverbrauch: Betrieb: Ca. 1,8A (durchschnittlich)|Stand-by: 0,5W; Konnektivit\u00e4tstechnologien: Eingebauter USB Eingebautes Ethernet (10\/100Base-T\/TX) + UIB (Serial Parallel Powered USB)|Bluetooth 2.1+EDR (dediziertes Modell)|Wireless (USB Wireless Dongle): OT-WL05 (802.11 a\/b\/g\/n) oder OT-WL02 (802.11 b\/g\/n)|Beacon (mit Bluetooth Low Energy): Beacon-Dongle|3|(von Epson zugelassener Dongle: Laird Modell BT820)<\/p>\n<\/div>\n<\/div>\n<\/div>\n<\/div>\n<div id=\"detailBullets_feature_div\" class=\"celwidget\" data-feature-name=\"detailBullets\" data-csa-c-type=\"widget\" data-csa-c-content-id=\"detailBullets\" data-csa-c-slot-id=\"detailBullets_feature_div\" data-csa-c-asin=\"\" data-csa-c-is-in-initial-active-row=\"false\" data-cel-widget=\"detailBullets_feature_div\" data-csa-c-id=\"rswies-cpnuwh-y06v9s-t2fmj\">\n<div id=\"detailBulletsWrapper_feature_div\" class=\"a-section feature detail-bullets-wrapper bucket\" data-feature-name=\"detailBullets\" data-template-name=\"detailBullets\" data-cel-widget=\"detailBulletsWrapper_feature_div\"><\/div>\n<\/div>\n","protected":false},"featured_media":9948,"comment_status":"open","ping_status":"closed","template":"","meta":{"_et_pb_use_builder":"","_et_pb_old_content":"","_et_gb_content_width":""},"product_brand":[],"product_cat":[1564],"product_tag":[],"class_list":{"0":"post-9949","1":"product","2":"type-product","3":"status-publish","4":"has-post-thumbnail","6":"product_cat-drucker-zubehoer","8":"first","9":"instock","10":"sale","11":"taxable","12":"shipping-taxable","13":"purchasable","14":"product-type-simple"},"exclude_global_add_ons":[],"addons":[],"jetpack-related-posts":[{"id":9961,"url":"https:\/\/anythingtechnicallc.com\/index.php\/de\/product\/epson-tm-u220b-653-epson-pos-drucker-c31c514653-modell-m188b-miniprinter-epson-tm-u220b-653-matricialnegra-serieller-anschluss-erneuert\/","url_meta":{"origin":9949,"position":0},"title":"EPSON TM-U220B-653 Epson POS Drucker C31C514653 Modell M188B MINIPRINTER EPSON TM-U220B-653, MATRICIAL,Negra, Serieller Anschluss (Erneuert)","date":"April 15, 2026","format":false,"excerpt":"Die TM-U220 Impact-Drucker von Epson sind kompakt, zuverl\u00e4ssig und f\u00fcr hohen Durchsatz optimiert. Sie bieten alle benutzerfreundlichen Funktionen, die f\u00fcr den Einzelhandel, die Gastronomie und das Hotel- und Gastst\u00e4ttengewerbe wichtig sind, und drucken auf Sonderangebote, K\u00fcchenbestellungen und auff\u00e4llige Logos. Dar\u00fcber hinaus wurden die TM-U220B-Drucker so konzipiert, dass sie zu 100\u2026","rel":"","context":"Similar post","img":{"alt_text":"","src":"https:\/\/i0.wp.com\/anythingtechnicallc.com\/wp-content\/uploads\/2026\/04\/EPSON-TM-U220B-653-Epson-POS-Printer-C31C514653-Model-M188B-scaled.jpg?fit=1200%2C1200&ssl=1&resize=350%2C200","width":350,"height":200},"classes":[]},{"id":9955,"url":"https:\/\/anythingtechnicallc.com\/index.php\/de\/product\/zebra-gx420d-thermo-etiketten-barcodedrucker-gx42-202410-000-erneuert\/","url_meta":{"origin":9949,"position":1},"title":"Zebra GX420D Thermo-Etiketten-Barcodedrucker GX42-202410-000 (Erneuert)","date":"April 15, 2026","format":false,"excerpt":"EINFACH ZU BENUTZEN: Der Drucker wird \u00fcber einen USB-Anschluss, einen seriellen Anschluss oder einen Ethernet-Anschluss angeschlossen und ist mit Thermodirekt-Etikettenrollen mit einem Kern von 1 Zoll, einem maximalen Durchmesser von 5 Zoll und einer maximalen Medienbreite von 4,25 Zoll kompatibel. KEINE TINKE ODER TONER: Das Ger\u00e4t druckt mit Thermodirekt-Technologie, wodurch\u2026","rel":"","context":"Similar post","img":{"alt_text":"","src":"https:\/\/i0.wp.com\/anythingtechnicallc.com\/wp-content\/uploads\/2026\/04\/Zebra-GX420D-Thermal-Label-Barcode-Printer-GX42-202410-000-Renewed.jpg?fit=900%2C1200&ssl=1&resize=350%2C200","width":350,"height":200},"classes":[]},{"id":9626,"url":"https:\/\/anythingtechnicallc.com\/index.php\/de\/product\/gebrauchte-dell-wd19s-180w-docking-station-130w-power-delivery-usb-c-hdmi-dual-displayport-schwarz\/","url_meta":{"origin":9949,"position":2},"title":"Gebrauchte Dell WD19S 180W Docking Station (130W Power Delivery) USB-C, HDMI, Dual DisplayPort, Schwarz","date":"March 24, 2026","format":false,"excerpt":"Der WD19S verf\u00fcgt \u00fcber einen einzigen USB-Typ-C-Eingang und ein mitgeliefertes Kabel, das bei kompatiblen Dell-Notebooks eine Leistung von 130 W und bei Nicht-Dell-Systemen eine Leistung von 90 W liefert, wenn das mitgelieferte 180-Watt-Netzteil angeschlossen ist, was die M\u00f6glichkeiten Ihres Notebooks beim Aufladen erweitert. Wenn er angeschlossen ist, bietet Ihnen dieser\u2026","rel":"","context":"Similar post","img":{"alt_text":"","src":"https:\/\/i0.wp.com\/anythingtechnicallc.com\/wp-content\/uploads\/2025\/10\/Dell-WD19S-180W-Docking-Station.jpg?fit=900%2C1200&ssl=1&resize=350%2C200","width":350,"height":200},"classes":[]},{"id":9381,"url":"https:\/\/anythingtechnicallc.com\/index.php\/de\/product\/dell-thunderbolt-wd22tb4-4-dock-130w\/","url_meta":{"origin":9949,"position":3},"title":"Dell Thunderbolt WD22TB4 4 Dock 130W","date":"March 19, 2026","format":false,"excerpt":"Modulares Thunderbolt-Dock mit austauschbaren Modulen f\u00fcr einfache Upgrades und SuperBoost-Technologien f\u00fcr schnelles Laden. 2 x Thunderbolt-4-Anschl\u00fcsse \/ 1 x USB-C 3.2 Gen 2 \/ 1 x USB-A 3.2 Gen 1 mit PowerShare \/ 2 x DisplayPort 1.4 \/ 1 x HDMI 2.0 \/ 1 x USB-C Multifunction DisplayPort. 2 x\u2026","rel":"","context":"Similar post","img":{"alt_text":"","src":"https:\/\/i0.wp.com\/anythingtechnicallc.com\/wp-content\/uploads\/2025\/08\/41TfyCoNXsL._AC_SL1247_.jpg?fit=1200%2C570&ssl=1&resize=350%2C200","width":350,"height":200},"classes":[]},{"id":9699,"url":"https:\/\/anythingtechnicallc.com\/index.php\/de\/product\/gebraucht-rang-a-microsoft-surface-pro-4-tablet-pc-123-2736-x-1824-touchscreen-notebook-core-i5-6300u-4gb-ram-128gb-ssd-cam-windows-11-pro\/","url_meta":{"origin":9949,"position":4},"title":"Gebraucht Rang A Microsoft Surface Pro 4 Tablet PC, 12,3&#8243; (2736 X 1824) Touchscreen Notebook, Core i5-6300U, 4GB RAM, 128GB SSD, CAM, Windows 11 Pro","date":"March 24, 2026","format":false,"excerpt":"Prozessor---Microsoft Surface Pro 4 Tablet mit Core i5-6300U , 4GB RAM 128GB SSD Laufwerk. Display ---12,3-Zoll PixelSense Touchscreen-Display; 2736 x 1824 Aufl\u00f6sung, Stereo-Lautsprecher mit Dolby Audio-verst\u00e4rktem Sound. Anschl\u00fcsse -- Full-size USB 3. 0; microSD-Kartenleser; Kopfh\u00f6reranschluss; Mini DisplayPort; Cover Port; Ladeanschluss, Kamera: 5MP-Kamera auf der Vorderseite und 8MP-Kamera auf der R\u00fcckseite\u2026","rel":"","context":"Similar post","img":{"alt_text":"","src":"https:\/\/i0.wp.com\/anythingtechnicallc.com\/wp-content\/uploads\/2026\/02\/Surface-Pro-4-i5.webp?fit=1200%2C1200&ssl=1&resize=350%2C200","width":350,"height":200},"classes":[]},{"id":9696,"url":"https:\/\/anythingtechnicallc.com\/index.php\/de\/product\/gebraucht-rank-a-microsoft-surface-pro-4-tablet-pc-123-2736-x-1824-touchscreen-notebook-core-m3-6y30-4gb-ram-128gb-ssd-cam-windows-11-pro\/","url_meta":{"origin":9949,"position":5},"title":"Gebraucht RANK A Microsoft Surface Pro 4 Tablet PC, 12,3&#8243; (2736 X 1824) Touchscreen Notebook, Core M3-6Y30, 4GB RAM, 128GB SSD, CAM, Windows 11 Pro","date":"March 24, 2026","format":false,"excerpt":"Prozessor---Microsoft Surface Pro 4 Tablet mit Core M3-6Y30, 4GB RAM 128GB SSD Laufwerk. Display ---12,3-Zoll PixelSense Touchscreen-Display; 2736 x 1824 Aufl\u00f6sung, Stereo-Lautsprecher mit Dolby Audio-verst\u00e4rktem Sound. Anschl\u00fcsse -- Full-size USB 3. 0; microSD-Kartenleser; Kopfh\u00f6reranschluss; Mini DisplayPort; Cover Port; Ladeanschluss, Kamera: 5MP-Kamera auf der Vorderseite und 8MP-Kamera auf der R\u00fcckseite mit\u2026","rel":"","context":"Similar post","img":{"alt_text":"","src":"https:\/\/i0.wp.com\/anythingtechnicallc.com\/wp-content\/uploads\/2026\/02\/surface-Pro-4-.webp?fit=900%2C1200&ssl=1&resize=350%2C200","width":350,"height":200},"classes":[]}],"pll_sync_post":[],"lang":"de","translations":{"de":9949,"en":9812},"_links":{"self":[{"href":"https:\/\/anythingtechnicallc.com\/index.php\/wp-json\/wp\/v2\/product\/9949","targetHints":{"allow":["GET"]}}],"collection":[{"href":"https:\/\/anythingtechnicallc.com\/index.php\/wp-json\/wp\/v2\/product"}],"about":[{"href":"https:\/\/anythingtechnicallc.com\/index.php\/wp-json\/wp\/v2\/types\/product"}],"replies":[{"embeddable":true,"href":"https:\/\/anythingtechnicallc.com\/index.php\/wp-json\/wp\/v2\/comments?post=9949"}],"wp:featuredmedia":[{"embeddable":true,"href":"https:\/\/anythingtechnicallc.com\/index.php\/wp-json\/wp\/v2\/media\/9948"}],"wp:attachment":[{"href":"https:\/\/anythingtechnicallc.com\/index.php\/wp-json\/wp\/v2\/media?parent=9949"}],"wp:term":[{"taxonomy":"product_brand","embeddable":true,"href":"https:\/\/anythingtechnicallc.com\/index.php\/wp-json\/wp\/v2\/product_brand?post=9949"},{"taxonomy":"product_cat","embeddable":true,"href":"https:\/\/anythingtechnicallc.com\/index.php\/wp-json\/wp\/v2\/product_cat?post=9949"},{"taxonomy":"product_tag","embeddable":true,"href":"https:\/\/anythingtechnicallc.com\/index.php\/wp-json\/wp\/v2\/product_tag?post=9949"}],"curies":[{"name":"wp","href":"https:\/\/api.w.org\/{rel}","templated":true}]}}