{"id":9952,"date":"2026-04-15T07:17:20","date_gmt":"2026-04-15T07:17:20","guid":{"rendered":"https:\/\/anythingtechnicallc.com\/?post_type=product&#038;p=9952"},"modified":"2026-04-15T07:17:20","modified_gmt":"2026-04-15T07:17:20","slug":"dymo-etikettendrucker-labelwriter-450-turbo-thermodirekt-etikettendrucker-schneller-druck-ideal-fuer-etikettierung-ablage-versand-postversand-barcodes-und-mehr-organisation-zu-hause-und-im-bu","status":"publish","type":"product","link":"https:\/\/anythingtechnicallc.com\/index.php\/de\/product\/dymo-etikettendrucker-labelwriter-450-turbo-thermodirekt-etikettendrucker-schneller-druck-ideal-fuer-etikettierung-ablage-versand-postversand-barcodes-und-mehr-organisation-zu-hause-und-im-bu\/","title":{"rendered":"DYMO Etikettendrucker | LabelWriter 450 Turbo Thermodirekt-Etikettendrucker, schneller Druck, ideal f\u00fcr Etikettierung, Ablage, Versand, Postversand, Barcodes und mehr, Organisation zu Hause und im B\u00fcro (erneuert)"},"content":{"rendered":"<ul class=\"a-unordered-list a-vertical a-spacing-mini\">\n<li class=\"a-spacing-mini\"><span class=\"a-list-item\">TURBO-ETIKETTIERUNG UND DRUCK: Erstellen und drucken Sie bis zu 71 4-zeilige Adress-, Versand-, Aktenordner- und Barcode-Etiketten, Namensschilder und mehr pro Minute. <\/span><\/li>\n<li class=\"a-spacing-mini\"><span class=\"a-list-item\">ELIMINIEREN SIE DEN ABFALL UND DEN \u00c4RGER MIT BOGENETIKETTEN: Der DYMO LabelWriter 450 Turbo druckt problemlos pr\u00e4zise Mengen. <\/span><\/li>\n<li class=\"a-spacing-mini\"><span class=\"a-list-item\">NIEMALS WIEDER TINTE KAUFEN: Durch die Thermodirektdrucktechnologie entfallen die Kosten f\u00fcr Tinte und Toner. <\/span><\/li>\n<li class=\"a-spacing-mini\"><span class=\"a-list-item\">EINFACHES ANPASSEN UND DRUCKEN VON ETIKETTEN: Erstellen Sie Etiketten direkt aus Texten in Microsoft Word, Excel, Outlook und Google Contacts. <\/span><\/li>\n<li class=\"a-spacing-mini\"><span class=\"a-list-item\">MIT ECHTEN DYMO-ETIKETTEN VERWENDEN: F\u00fcr eine optimale Leistung verwenden Sie DYMO LabelWriter Etiketten in verschiedenen Gr\u00f6\u00dfen. <\/span><\/li>\n<\/ul>\n","protected":false},"excerpt":{"rendered":"<ul class=\"a-unordered-list a-vertical a-spacing-mini\">\n<li class=\"a-spacing-mini\"><span class=\"a-list-item\">TURBO-ETIKETTIERUNG UND DRUCK: Erstellen und drucken Sie bis zu 71 4-zeilige Adress-, Versand-, Aktenordner- und Barcode-Etiketten, Namensschilder und mehr pro Minute. <\/span><\/li>\n<li class=\"a-spacing-mini\"><span class=\"a-list-item\">ELIMINIEREN SIE DEN ABFALL UND DEN \u00c4RGER MIT BOGENETIKETTEN: Der DYMO LabelWriter 450 Turbo druckt problemlos pr\u00e4zise Mengen. <\/span><\/li>\n<li class=\"a-spacing-mini\"><span class=\"a-list-item\">NIEMALS WIEDER TINTE KAUFEN: Durch die Thermodirektdrucktechnologie entfallen die Kosten f\u00fcr Tinte und Toner. <\/span><\/li>\n<li class=\"a-spacing-mini\"><span class=\"a-list-item\">EINFACHES ANPASSEN UND DRUCKEN VON ETIKETTEN: Erstellen Sie Etiketten direkt aus Texten in Microsoft Word, Excel, Outlook und Google Contacts. <\/span><\/li>\n<li class=\"a-spacing-mini\"><span class=\"a-list-item\">MIT ECHTEN DYMO-ETIKETTEN VERWENDEN: F\u00fcr eine optimale Leistung verwenden Sie DYMO LabelWriter Etiketten in verschiedenen Gr\u00f6\u00dfen. <\/span><\/li>\n<\/ul>\n","protected":false},"featured_media":9951,"comment_status":"open","ping_status":"closed","template":"","meta":{"_et_pb_use_builder":"","_et_pb_old_content":"","_et_gb_content_width":""},"product_brand":[],"product_cat":[1564],"product_tag":[],"class_list":{"0":"post-9952","1":"product","2":"type-product","3":"status-publish","4":"has-post-thumbnail","6":"product_cat-drucker-zubehoer","8":"first","9":"instock","10":"sale","11":"taxable","12":"shipping-taxable","13":"purchasable","14":"product-type-simple"},"exclude_global_add_ons":[],"addons":[],"jetpack-related-posts":[{"id":9955,"url":"https:\/\/anythingtechnicallc.com\/index.php\/de\/product\/zebra-gx420d-thermo-etiketten-barcodedrucker-gx42-202410-000-erneuert\/","url_meta":{"origin":9952,"position":0},"title":"Zebra GX420D Thermo-Etiketten-Barcodedrucker GX42-202410-000 (Erneuert)","date":"April 15, 2026","format":false,"excerpt":"EINFACH ZU BENUTZEN: Der Drucker wird \u00fcber einen USB-Anschluss, einen seriellen Anschluss oder einen Ethernet-Anschluss angeschlossen und ist mit Thermodirekt-Etikettenrollen mit einem Kern von 1 Zoll, einem maximalen Durchmesser von 5 Zoll und einer maximalen Medienbreite von 4,25 Zoll kompatibel. KEINE TINKE ODER TONER: Das Ger\u00e4t druckt mit Thermodirekt-Technologie, wodurch\u2026","rel":"","context":"Similar post","img":{"alt_text":"","src":"https:\/\/i0.wp.com\/anythingtechnicallc.com\/wp-content\/uploads\/2026\/04\/Zebra-GX420D-Thermal-Label-Barcode-Printer-GX42-202410-000-Renewed.jpg?fit=900%2C1200&ssl=1&resize=350%2C200","width":350,"height":200},"classes":[]},{"id":9656,"url":"https:\/\/anythingtechnicallc.com\/index.php\/de\/product\/skullcandy-air-raid-tragbarer-bluetooth-lautsprecher-air-raid-bt-tragbarer-lautsprecher\/","url_meta":{"origin":9952,"position":1},"title":"Skullcandy Air Raid Tragbarer Bluetooth-Lautsprecher Air Raid BT Tragbarer Lautsprecher","date":"March 24, 2026","format":false,"excerpt":"Track-Funktionalit\u00e4t Wechseln Sie die Tracks direkt vom Air Raid-Ger\u00e4t aus und genie\u00dfen Sie die ultimative Funktionalit\u00e4t. Mit einem einzigen Druck auf + zusammen mit der mittleren Taste k\u00f6nnen Sie vorw\u00e4rts spulen und mit einem einzigen Druck auf - zusammen mit der mittleren Taste r\u00fcckw\u00e4rts spulen. 360-Grad-Klang Stellen Sie den Air\u2026","rel":"","context":"Similar post","img":{"alt_text":"","src":"https:\/\/i0.wp.com\/anythingtechnicallc.com\/wp-content\/uploads\/2026\/01\/Skullcandy-AIR-RAID.jpg?fit=900%2C1200&ssl=1&resize=350%2C200","width":350,"height":200},"classes":[]},{"id":9961,"url":"https:\/\/anythingtechnicallc.com\/index.php\/de\/product\/epson-tm-u220b-653-epson-pos-drucker-c31c514653-modell-m188b-miniprinter-epson-tm-u220b-653-matricialnegra-serieller-anschluss-erneuert\/","url_meta":{"origin":9952,"position":2},"title":"EPSON TM-U220B-653 Epson POS Drucker C31C514653 Modell M188B MINIPRINTER EPSON TM-U220B-653, MATRICIAL,Negra, Serieller Anschluss (Erneuert)","date":"April 15, 2026","format":false,"excerpt":"Die TM-U220 Impact-Drucker von Epson sind kompakt, zuverl\u00e4ssig und f\u00fcr hohen Durchsatz optimiert. Sie bieten alle benutzerfreundlichen Funktionen, die f\u00fcr den Einzelhandel, die Gastronomie und das Hotel- und Gastst\u00e4ttengewerbe wichtig sind, und drucken auf Sonderangebote, K\u00fcchenbestellungen und auff\u00e4llige Logos. Dar\u00fcber hinaus wurden die TM-U220B-Drucker so konzipiert, dass sie zu 100\u2026","rel":"","context":"Similar post","img":{"alt_text":"","src":"https:\/\/i0.wp.com\/anythingtechnicallc.com\/wp-content\/uploads\/2026\/04\/EPSON-TM-U220B-653-Epson-POS-Printer-C31C514653-Model-M188B-scaled.jpg?fit=1200%2C1200&ssl=1&resize=350%2C200","width":350,"height":200},"classes":[]},{"id":9191,"url":"https:\/\/anythingtechnicallc.com\/index.php\/de\/product\/bose-home-speaker-500-intelligenter-bluetooth-lautsprecher-mit-integrierter-alexa-sprachsteuerung-schwarz-erneuert\/","url_meta":{"origin":9952,"position":3},"title":"Bose Home Speaker 500: Intelligenter Bluetooth-Lautsprecher mit integrierter Alexa-Sprachsteuerung, Schwarz (erneuert)","date":"March 19, 2026","format":false,"excerpt":"SOUND PERFORMANCE: F\u00fcllen Sie jeden Raum mit beeindruckendem Stereosound von Wand zu Wand aus einem einzigen Lautsprecher. BUILT-IN-ALEXA: Amazon Alexa und Google Assistant sind in diesen intelligenten Lautsprecher integriert und erm\u00f6glichen eine freih\u00e4ndige Sprachsteuerung. Und ein ger\u00e4uschunterdr\u00fcckendes Mikrofonsystem lauscht in alle Richtungen auf Ihre Stimme. KONNEKTIVIT\u00c4T: Koppeln Sie Ihr Ger\u00e4t\u2026","rel":"","context":"Similar post","img":{"alt_text":"","src":"https:\/\/i0.wp.com\/anythingtechnicallc.com\/wp-content\/uploads\/2025\/02\/A1xlwUXvbCL._AC_SL1500_.jpg?fit=983%2C1200&ssl=1&resize=350%2C200","width":350,"height":200},"classes":[]},{"id":9176,"url":"https:\/\/anythingtechnicallc.com\/index.php\/de\/product\/samsung-t7-portable-ssd-1tb-externes-solid-state-drive-geschwindigkeiten-bis-zu-1-050mb-s-usb-3-2-gen-2-zuverlaessiger-speicher-fuer-gaming-studenten-berufstaetige-mu-pc1t0t-am-gray\/","url_meta":{"origin":9952,"position":4},"title":"SAMSUNG T7 Portable SSD, 1TB Externes Solid State Drive, Geschwindigkeiten bis zu 1.050MB\/s, USB 3.2 Gen 2, Zuverl\u00e4ssiger Speicher f\u00fcr Gaming, Studenten, Berufst\u00e4tige, MU-PC1T0T\/AM, Gray","date":"March 19, 2026","format":false,"excerpt":"GEMACHT F\u00dcR DIE MACHER: Erstellen; Erforschen; Speichern; Die T7 Portable SSD bietet hohe Geschwindigkeiten und robuste Funktionen, um jedes Vorhaben zu unterst\u00fctzen; Bauen Sie Ihr Videobearbeitungsimperium auf, archivieren Sie Ihre Fotos oder sichern Sie Ihre Blogs - alles im Handumdrehen. TEILEN SIE IDEEN IM BLITZ: Verschwenden Sie keine Sekunde mit\u2026","rel":"","context":"Similar post","img":{"alt_text":"","src":"https:\/\/i0.wp.com\/anythingtechnicallc.com\/wp-content\/uploads\/2025\/02\/91YfRIy7kYL._AC_SL1500_.jpg?fit=1200%2C1096&ssl=1&resize=350%2C200","width":350,"height":200},"classes":[]},{"id":9548,"url":"https:\/\/anythingtechnicallc.com\/index.php\/de\/product\/hp-officejet-200-serie-akku-m9l89a\/","url_meta":{"origin":9952,"position":5},"title":"HP OfficeJet 200 Serie Akku (M9L89A)","date":"March 21, 2026","format":false,"excerpt":"UNUNTERBROCHENER DRUCK - Der HP Officejet 200 Series Lithium-Ionen-Akku sorgt daf\u00fcr, dass Ihr mobiler Drucker f\u00fcr wichtige Aufgaben unterwegs mit Strom versorgt wird, und erh\u00f6ht so die Zuverl\u00e4ssigkeit. Nahtlose Kompatibilit\u00e4t - Dieser Akku wurde speziell f\u00fcr die mobilen HP OfficeJet 200 und 250 Drucker (CZ993A, CZ992A) entwickelt und garantiert optimale\u2026","rel":"","context":"Similar post","img":{"alt_text":"","src":"https:\/\/i0.wp.com\/anythingtechnicallc.com\/wp-content\/uploads\/2025\/09\/battery-series-200_bottom_L_M1754879.png?fit=800%2C600&ssl=1&resize=350%2C200","width":350,"height":200},"classes":[]}],"pll_sync_post":[],"lang":"de","translations":{"de":9952,"en":9814},"_links":{"self":[{"href":"https:\/\/anythingtechnicallc.com\/index.php\/wp-json\/wp\/v2\/product\/9952","targetHints":{"allow":["GET"]}}],"collection":[{"href":"https:\/\/anythingtechnicallc.com\/index.php\/wp-json\/wp\/v2\/product"}],"about":[{"href":"https:\/\/anythingtechnicallc.com\/index.php\/wp-json\/wp\/v2\/types\/product"}],"replies":[{"embeddable":true,"href":"https:\/\/anythingtechnicallc.com\/index.php\/wp-json\/wp\/v2\/comments?post=9952"}],"wp:featuredmedia":[{"embeddable":true,"href":"https:\/\/anythingtechnicallc.com\/index.php\/wp-json\/wp\/v2\/media\/9951"}],"wp:attachment":[{"href":"https:\/\/anythingtechnicallc.com\/index.php\/wp-json\/wp\/v2\/media?parent=9952"}],"wp:term":[{"taxonomy":"product_brand","embeddable":true,"href":"https:\/\/anythingtechnicallc.com\/index.php\/wp-json\/wp\/v2\/product_brand?post=9952"},{"taxonomy":"product_cat","embeddable":true,"href":"https:\/\/anythingtechnicallc.com\/index.php\/wp-json\/wp\/v2\/product_cat?post=9952"},{"taxonomy":"product_tag","embeddable":true,"href":"https:\/\/anythingtechnicallc.com\/index.php\/wp-json\/wp\/v2\/product_tag?post=9952"}],"curies":[{"name":"wp","href":"https:\/\/api.w.org\/{rel}","templated":true}]}}