{"id":9955,"date":"2026-04-15T07:18:01","date_gmt":"2026-04-15T07:18:01","guid":{"rendered":"https:\/\/anythingtechnicallc.com\/?post_type=product&#038;p=9955"},"modified":"2026-04-15T07:18:01","modified_gmt":"2026-04-15T07:18:01","slug":"zebra-gx420d-thermo-etiketten-barcodedrucker-gx42-202410-000-erneuert","status":"publish","type":"product","link":"https:\/\/anythingtechnicallc.com\/index.php\/de\/product\/zebra-gx420d-thermo-etiketten-barcodedrucker-gx42-202410-000-erneuert\/","title":{"rendered":"Zebra GX420D Thermo-Etiketten-Barcodedrucker GX42-202410-000 (Erneuert)"},"content":{"rendered":"<ul class=\"a-unordered-list a-vertical a-spacing-mini\">\n<li class=\"a-spacing-mini\"><span class=\"a-list-item\">EINFACH ZU BENUTZEN: Der Drucker wird \u00fcber einen USB-Anschluss, einen seriellen Anschluss oder einen Ethernet-Anschluss angeschlossen und ist mit Thermodirekt-Etikettenrollen mit einem Kern von 1 Zoll, einem maximalen Durchmesser von 5 Zoll und einer maximalen Medienbreite von 4,25 Zoll kompatibel. <\/span><\/li>\n<li class=\"a-spacing-mini\"><span class=\"a-list-item\">KEINE TINKE ODER TONER: Das Ger\u00e4t druckt mit Thermodirekt-Technologie, wodurch keine teure Tinte oder Toner ben\u00f6tigt wird. <\/span><\/li>\n<li class=\"a-spacing-mini\"><span class=\"a-list-item\">QUALIT\u00c4T DER UNTERNEHMENSKLASSE: Der GX420d druckt mit klassenbester Druckgeschwindigkeit, verbesserter Effizienz und Rentabilit\u00e4t und ist f\u00fcr den Energy Star qualifiziert. Er kann hochwertige Adress-, Versand-, Mailing-, Aktenordner-, Barcode- und Ordneretiketten sowie Namensschilder, Armb\u00e4nder und Quittungen erstellen. <\/span><\/li>\n<li class=\"a-spacing-mini\"><span class=\"a-list-item\">SPAREN SIE ZEIT UND GELD: Er druckt 6 in\/sec bei 203 dpi, ist Energy Star-zertifiziert und druckt bei Bedarf exakte Mengen, anstatt 8,5 x 11 Blatt Etiketten zu verschwenden. <\/span><\/li>\n<li class=\"a-spacing-mini\"><span class=\"a-list-item\">MAC UND PC: Zur Verwendung mit Windows 10 und h\u00f6her, Mac OS X 10.6 Snow Leopard und h\u00f6her sowie Linux-Systemen mit aktuellen CUPS-Druckertreibern. <\/span><\/li>\n<\/ul>\n","protected":false},"excerpt":{"rendered":"<ul class=\"a-unordered-list a-vertical a-spacing-mini\">\n<li class=\"a-spacing-mini\"><span class=\"a-list-item\">EINFACH ZU BENUTZEN: Der Drucker wird \u00fcber einen USB-Anschluss, einen seriellen Anschluss oder einen Ethernet-Anschluss angeschlossen und ist mit Thermodirekt-Etikettenrollen mit einem Kern von 1 Zoll, einem maximalen Durchmesser von 5 Zoll und einer maximalen Medienbreite von 4,25 Zoll kompatibel. <\/span><\/li>\n<li class=\"a-spacing-mini\"><span class=\"a-list-item\">KEINE TINKE ODER TONER: Das Ger\u00e4t druckt mit Thermodirekt-Technologie, wodurch keine teure Tinte oder Toner ben\u00f6tigt wird. <\/span><\/li>\n<li class=\"a-spacing-mini\"><span class=\"a-list-item\">QUALIT\u00c4T DER UNTERNEHMENSKLASSE: Der GX420d druckt mit klassenbester Druckgeschwindigkeit, verbesserter Effizienz und Rentabilit\u00e4t und ist f\u00fcr den Energy Star qualifiziert. Er kann hochwertige Adress-, Versand-, Mailing-, Aktenordner-, Barcode- und Ordneretiketten sowie Namensschilder, Armb\u00e4nder und Quittungen erstellen. <\/span><\/li>\n<li class=\"a-spacing-mini\"><span class=\"a-list-item\">SPAREN SIE ZEIT UND GELD: Er druckt 6 in\/sec bei 203 dpi, ist Energy Star-zertifiziert und druckt bei Bedarf exakte Mengen, anstatt 8,5 x 11 Blatt Etiketten zu verschwenden. <\/span><\/li>\n<li class=\"a-spacing-mini\"><span class=\"a-list-item\">MAC UND PC: Zur Verwendung mit Windows 10 und h\u00f6her, Mac OS X 10.6 Snow Leopard und h\u00f6her sowie Linux-Systemen mit aktuellen CUPS-Druckertreibern. <\/span><\/li>\n<\/ul>\n","protected":false},"featured_media":9954,"comment_status":"open","ping_status":"closed","template":"","meta":{"_et_pb_use_builder":"","_et_pb_old_content":"","_et_gb_content_width":""},"product_brand":[],"product_cat":[1564],"product_tag":[],"class_list":{"0":"post-9955","1":"product","2":"type-product","3":"status-publish","4":"has-post-thumbnail","6":"product_cat-drucker-zubehoer","8":"first","9":"instock","10":"sale","11":"taxable","12":"shipping-taxable","13":"purchasable","14":"product-type-simple"},"exclude_global_add_ons":[],"addons":[],"jetpack-related-posts":[{"id":9555,"url":"https:\/\/anythingtechnicallc.com\/index.php\/de\/product\/hyperx-solocast-usb-kondensator-gaming-mikrofon-fuer-pc-ps4-ps5-und-mac-tap-to-mute-sensor-nieren-richtcharakteristik-ideal-fuer-streaming-podcasts-twitch-youtube-discordschwarz\/","url_meta":{"origin":9955,"position":0},"title":"HyperX SoloCast &#8211; USB-Kondensator-Gaming-Mikrofon, f\u00fcr PC, PS4, PS5 und Mac, Tap-to-Mute-Sensor, Nieren-Richtcharakteristik, ideal f\u00fcr Streaming, Podcasts, Twitch, YouTube, Discord,Schwarz","date":"March 21, 2026","format":false,"excerpt":"Das HyperX SoloCast ist f\u00fcr Streamer und Gamer gedacht, die ein gut klingendes USB-Mikrofon suchen. Es ist per Plug & Play einfach zu bedienen und verf\u00fcgt \u00fcber unseren bei Fans beliebten Tap-to-Mute-Sensor. Das vielseitige Mikrofon verf\u00fcgt \u00fcber einen flexiblen, verstellbaren St\u00e4nder und ist au\u00dferdem mit den meisten Galgenarmen kompatibel, so\u2026","rel":"","context":"Similar post","img":{"alt_text":"","src":"https:\/\/i0.wp.com\/anythingtechnicallc.com\/wp-content\/uploads\/2025\/09\/61qh7VG4pCL._AC_SL1500_.jpg?fit=526%2C1200&ssl=1&resize=350%2C200","width":350,"height":200},"classes":[]},{"id":9831,"url":"https:\/\/anythingtechnicallc.com\/index.php\/de\/product\/apple-ipad-11-zoll-a16-chip-11-zoll-modell-liquid-retina-display-128gb-wi-fi-6-12mp-front-12mp-rueckkamera-touch-id-ganztaegige-batterielaufzeit-blau\/","url_meta":{"origin":9955,"position":1},"title":"Apple iPad 11-Zoll: A16 Chip, 11-Zoll Modell, Liquid Retina Display, 128GB, Wi-Fi 6, 12MP Front-\/12MP R\u00fcckkamera, Touch ID, Ganzt\u00e4gige Batterielaufzeit &#8211; Blau","date":"April 8, 2026","format":false,"excerpt":"WARUM IPAD - Das 11-Zoll-iPad ist jetzt leistungsf\u00e4higer denn je mit dem superschnellen A16-Chip, einem atemberaubenden Liquid Retina-Display, fortschrittlichen Kameras, schnellem Wi-Fi, USB-C-Anschluss und vier pr\u00e4chtigen Farben.* Das iPad bietet eine leistungsstarke M\u00f6glichkeit, zu kreieren, in Verbindung zu bleiben und Dinge zu erledigen. LEISTUNG UND SPEICHER - Der superschnelle A16\u2026","rel":"","context":"Similar post","img":{"alt_text":"","src":"https:\/\/i0.wp.com\/anythingtechnicallc.com\/wp-content\/uploads\/2026\/03\/61aPY8odPSL._AC_SL1500_.jpg?fit=1061%2C1200&ssl=1&resize=350%2C200","width":350,"height":200},"classes":[]},{"id":9334,"url":"https:\/\/anythingtechnicallc.com\/index.php\/de\/product\/apple-ipod-nano-16gb-space-grau-7-generation-erneuert-2\/","url_meta":{"origin":9955,"position":2},"title":"Apple iPod nano 16GB Space Grau (7. Generation) (Erneuert)","date":"March 19, 2026","format":false,"excerpt":"Apple beschreibt ihn als den \"d\u00fcnnsten iPod aller Zeiten\". Er ist 38% d\u00fcnner (5,4 mm) als der Nano, den er ersetzt (8,78 mm), und bietet die M\u00f6glichkeit, kabellose Bluetooth 4.0 Headsets, Lautsprecher und andere Ger\u00e4te (wie z.B. Herzfrequenzmesser) zu verwenden. Es enth\u00e4lt weiterhin die Nike+iPod Fitness-Option sowie einen FM-Radio-Tuner, der\u2026","rel":"","context":"Similar post","img":{"alt_text":"","src":"https:\/\/i0.wp.com\/anythingtechnicallc.com\/wp-content\/uploads\/2025\/07\/619LaTAYEPL._AC_SL1500_.jpg?fit=397%2C1200&ssl=1&resize=350%2C200","width":350,"height":200},"classes":[]},{"id":9221,"url":"https:\/\/anythingtechnicallc.com\/index.php\/de\/product\/apple-ipod-nano-16gb-space-grau-7-generation-erneuert\/","url_meta":{"origin":9955,"position":3},"title":"Apple iPod nano 16GB Space Grau (7. Generation) (Erneuert)","date":"March 19, 2026","format":false,"excerpt":"Apple beschreibt ihn als den \"d\u00fcnnsten iPod aller Zeiten\". Er ist 38% d\u00fcnner (5,4 mm) als der Nano, den er ersetzt (8,78 mm), und bietet die M\u00f6glichkeit, kabellose Bluetooth 4.0 Headsets, Lautsprecher und andere Ger\u00e4te (wie z.B. Herzfrequenzmesser) zu verwenden. Es enth\u00e4lt weiterhin die Nike+iPod Fitness-Option sowie einen FM-Radio-Tuner, der\u2026","rel":"","context":"Similar post","img":{"alt_text":"","src":"https:\/\/i0.wp.com\/anythingtechnicallc.com\/wp-content\/uploads\/2025\/03\/Apple-iPod-nano-16GB-Space-Gray-7th-Generation-Renewed.jpg?fit=1019%2C1200&ssl=1&resize=350%2C200","width":350,"height":200},"classes":[]},{"id":9503,"url":"https:\/\/anythingtechnicallc.com\/index.php\/de\/product\/canon-powershot-v10-kamera-content-creator-kompaktkamera-fuer-vlogging-festes-19mm-weitwinkelobjektiv-4k-video-gesichtserkennung-integriertes-mikrofon-live-streaming-integrierter-staender-schw\/","url_meta":{"origin":9955,"position":4},"title":"Canon PowerShot V10 Kamera, Content Creator Kompaktkamera f\u00fcr Vlogging, festes 19mm Weitwinkelobjektiv, 4K Video, Gesichtserkennung, integriertes Mikrofon, Live Streaming, integrierter St\u00e4nder, Schwarz","date":"March 21, 2026","format":false,"excerpt":"Mit der Canon PowerShot V10 Vlogging-Kamera f\u00fcr Content Creators k\u00f6nnen Sie Ihrer Kreativit\u00e4t auch unterwegs freien Lauf lassen. Die PowerShot V10 ist eine Vlogging- und Fotokamera in einem neuen, \u00e4u\u00dferst tragbaren Format mit Komponenten aus der beliebten G-Serie, mit der Sie beeindruckende Videos erstellen k\u00f6nnen. Mit Stereotonaufnahme, integriertem Stativ und\u2026","rel":"","context":"Similar post","img":{"alt_text":"","src":"https:\/\/i0.wp.com\/anythingtechnicallc.com\/wp-content\/uploads\/2025\/08\/61qhyHDMGFL._AC_SL1500_.jpg?fit=790%2C1200&ssl=1&resize=350%2C200","width":350,"height":200},"classes":[]},{"id":9937,"url":"https:\/\/anythingtechnicallc.com\/index.php\/de\/product\/audio-technica-at2020-kondensator-studiomikrofon-mit-nierencharakteristik-schwarz-erneuert\/","url_meta":{"origin":9955,"position":5},"title":"Audio-Technica AT2020 Kondensator-Studiomikrofon mit Nierencharakteristik, Schwarz (Erneuert)","date":"April 15, 2026","format":false,"excerpt":"Das Audio Technica AT2020 Kondensatormikrofon mit Nieren-Richtcharakteristik verf\u00fcgt \u00fcber ein v\u00f6llig neues, patentiertes Design mit der bew\u00e4hrten Zuverl\u00e4ssigkeit von Audio-Technica's moderner Technik und Fertigungsexpertise. Das AT2020 ist ideal f\u00fcr Projekt-\/Heimstudioanwendungen und verf\u00fcgt \u00fcber eine speziell entwickelte, massearme Membran, die einen erweiterten Frequenzgang und die F\u00e4higkeit bietet, extrem hohe Schalldruckpegel zu\u2026","rel":"","context":"Similar post","img":{"alt_text":"","src":"https:\/\/i0.wp.com\/anythingtechnicallc.com\/wp-content\/uploads\/2026\/04\/Audio-Technica-AT2020-Cardioid-Condenser-Studio-Microphone-Black-Renewed.jpg?fit=900%2C1200&ssl=1&resize=350%2C200","width":350,"height":200},"classes":[]}],"pll_sync_post":[],"lang":"de","translations":{"de":9955,"en":9816},"_links":{"self":[{"href":"https:\/\/anythingtechnicallc.com\/index.php\/wp-json\/wp\/v2\/product\/9955","targetHints":{"allow":["GET"]}}],"collection":[{"href":"https:\/\/anythingtechnicallc.com\/index.php\/wp-json\/wp\/v2\/product"}],"about":[{"href":"https:\/\/anythingtechnicallc.com\/index.php\/wp-json\/wp\/v2\/types\/product"}],"replies":[{"embeddable":true,"href":"https:\/\/anythingtechnicallc.com\/index.php\/wp-json\/wp\/v2\/comments?post=9955"}],"wp:featuredmedia":[{"embeddable":true,"href":"https:\/\/anythingtechnicallc.com\/index.php\/wp-json\/wp\/v2\/media\/9954"}],"wp:attachment":[{"href":"https:\/\/anythingtechnicallc.com\/index.php\/wp-json\/wp\/v2\/media?parent=9955"}],"wp:term":[{"taxonomy":"product_brand","embeddable":true,"href":"https:\/\/anythingtechnicallc.com\/index.php\/wp-json\/wp\/v2\/product_brand?post=9955"},{"taxonomy":"product_cat","embeddable":true,"href":"https:\/\/anythingtechnicallc.com\/index.php\/wp-json\/wp\/v2\/product_cat?post=9955"},{"taxonomy":"product_tag","embeddable":true,"href":"https:\/\/anythingtechnicallc.com\/index.php\/wp-json\/wp\/v2\/product_tag?post=9955"}],"curies":[{"name":"wp","href":"https:\/\/api.w.org\/{rel}","templated":true}]}}