{"id":9958,"date":"2026-04-15T07:18:42","date_gmt":"2026-04-15T07:18:42","guid":{"rendered":"https:\/\/anythingtechnicallc.com\/?post_type=product&#038;p=9958"},"modified":"2026-04-15T07:18:42","modified_gmt":"2026-04-15T07:18:42","slug":"zebra-tc52-rugged-scanner-android-2d-1d-barcode-leser-inkl-ladegeraet-erneuert","status":"publish","type":"product","link":"https:\/\/anythingtechnicallc.com\/index.php\/de\/product\/zebra-tc52-rugged-scanner-android-2d-1d-barcode-leser-inkl-ladegeraet-erneuert\/","title":{"rendered":"Zebra TC52 Rugged Scanner, Android, 2D\/1D Barcode-Leser (inkl. Ladeger\u00e4t) (Erneuert)"},"content":{"rendered":"<ul class=\"a-unordered-list a-vertical a-spacing-mini\">\n<li class=\"a-spacing-mini\"><span class=\"a-list-item\">Fortschrittliches Barcode-Scannen: Ausgestattet mit einem 2D\/1D\/QR-Codeleser f\u00fcr schnelles und genaues Scannen von Barcodes, perfekt f\u00fcr die Bestands- und Lagerverwaltung. <\/span><\/li>\n<li class=\"a-spacing-mini\"><span class=\"a-list-item\">Robuste Langlebigkeit: Der Zebra TC52 ist f\u00fcr den anspruchsvollen Einsatz in der Industrie und im Freien konzipiert und h\u00e4lt auch rauen Umgebungen stand. <\/span><\/li>\n<li class=\"a-spacing-mini\"><span class=\"a-list-item\">Kabellos und leistungsf\u00e4hig: Mit WiFi-Konnektivit\u00e4t f\u00fcr nahtlose Daten\u00fcbertragung und Kommunikation, damit Sie in Echtzeit verbunden bleiben. <\/span><\/li>\n<li class=\"a-spacing-mini\"><span class=\"a-list-item\">Neuestes Android 13 OS: Genie\u00dfen Sie verbesserte Leistung und Sicherheit mit dem neuesten Android-Betriebssystem, das f\u00fcr professionelle Aufgaben optimiert ist. <\/span><\/li>\n<li class=\"a-spacing-mini\"><span class=\"a-list-item\">Sofort einsatzbereit: Im Lieferumfang ist ein Ladeger\u00e4t enthalten. Als erneuertes Ger\u00e4t bietet es erstklassige Leistung zu einem Bruchteil der Kosten. <\/span><\/li>\n<\/ul>\n","protected":false},"excerpt":{"rendered":"<ul class=\"a-unordered-list a-vertical a-spacing-mini\">\n<li class=\"a-spacing-mini\"><span class=\"a-list-item\">Fortschrittliches Barcode-Scannen: Ausgestattet mit einem 2D\/1D\/QR-Codeleser f\u00fcr schnelles und genaues Scannen von Barcodes, perfekt f\u00fcr die Bestands- und Lagerverwaltung. <\/span><\/li>\n<li class=\"a-spacing-mini\"><span class=\"a-list-item\">Robuste Langlebigkeit: Der Zebra TC52 ist f\u00fcr den anspruchsvollen Einsatz in der Industrie und im Freien konzipiert und h\u00e4lt auch rauen Umgebungen stand. <\/span><\/li>\n<li class=\"a-spacing-mini\"><span class=\"a-list-item\">Kabellos und leistungsf\u00e4hig: Mit WiFi-Konnektivit\u00e4t f\u00fcr nahtlose Daten\u00fcbertragung und Kommunikation, damit Sie in Echtzeit verbunden bleiben. <\/span><\/li>\n<li class=\"a-spacing-mini\"><span class=\"a-list-item\">Neuestes Android 13 OS: Genie\u00dfen Sie verbesserte Leistung und Sicherheit mit dem neuesten Android-Betriebssystem, das f\u00fcr professionelle Aufgaben optimiert ist. <\/span><\/li>\n<li class=\"a-spacing-mini\"><span class=\"a-list-item\">Sofort einsatzbereit: Im Lieferumfang ist ein Ladeger\u00e4t enthalten. Als erneuertes Ger\u00e4t bietet es erstklassige Leistung zu einem Bruchteil der Kosten. <\/span><\/li>\n<\/ul>\n","protected":false},"featured_media":9957,"comment_status":"open","ping_status":"closed","template":"","meta":{"_et_pb_use_builder":"","_et_pb_old_content":"","_et_gb_content_width":""},"product_brand":[],"product_cat":[1574],"product_tag":[],"class_list":{"0":"post-9958","1":"product","2":"type-product","3":"status-publish","4":"has-post-thumbnail","6":"product_cat-generalueberholtes-tablet-laptop","8":"first","9":"instock","10":"sale","11":"taxable","12":"shipping-taxable","13":"purchasable","14":"product-type-simple"},"exclude_global_add_ons":[],"addons":[],"jetpack-related-posts":[{"id":9946,"url":"https:\/\/anythingtechnicallc.com\/index.php\/de\/product\/zebra-tc56-wireless-android-handheld-2d-1d-qr-code-barcode-scanner-tc56cj-ladegeraet-nicht-inbegriffen-erneuert\/","url_meta":{"origin":9958,"position":0},"title":"Zebra TC56 Wireless Android Handheld 2D\/1D\/QR Code Barcode-Scanner, TC56CJ, Ladeger\u00e4t nicht inbegriffen (Erneuert)","date":"April 15, 2026","format":false,"excerpt":"Kosteng\u00fcnstig und langlebig: Das perfekte Gleichgewicht zwischen Langlebigkeit und Erschwinglichkeit macht es zu einem ausgezeichneten Sparger\u00e4t f\u00fcr Unternehmen, die auf ihre Kosten achten. Vielseitige Scan-F\u00e4higkeiten: Scannt m\u00fchelos 2D-, 1D- und QR-Codes und unterst\u00fctzt eine breite Palette von Barcodeformaten. Android 8.1 mit Play Store-Zugang: Bietet ein vertrautes und benutzerfreundliches Erlebnis mit\u2026","rel":"","context":"Similar post","img":{"alt_text":"","src":"https:\/\/i0.wp.com\/anythingtechnicallc.com\/wp-content\/uploads\/2026\/04\/31Nu0AJetaS._AC_.jpg?fit=201%2C388&ssl=1&resize=350%2C200","width":350,"height":200},"classes":[]},{"id":9164,"url":"https:\/\/anythingtechnicallc.com\/index.php\/de\/product\/fujitsu-scansnap-ix1500-farb-duplex-dokumentenscanner-mit-touchscreen-fuer-mac-und-pc-erneuert\/","url_meta":{"origin":9958,"position":1},"title":"Fujitsu ScanSnap iX1500 Farb-Duplex-Dokumentenscanner mit Touchscreen f\u00fcr Mac und PC (Erneuert)","date":"March 19, 2026","format":false,"excerpt":"Beidseitiges Scannen mit fortschrittlichem Papiereinzugssystem. Scannen Sie Ihre Dokumente, Visitenkarten, Quittungen und Fotos. Gro\u00dfer, benutzerfreundlicher 4. 3-Zoll-Touchscreen erm\u00f6glicht es Ihnen, ganz einfach an Ihre bevorzugten Ziele zu scannen. Scannen Sie zu Google Drive, Dropbox, Desktop-Ordner und mehr! Anschluss \u00fcber USB-Kabel oder Wi-Fi (2. 4 und 5 GHz). Sie k\u00f6nnen \u00fcber\u2026","rel":"","context":"Similar post","img":{"alt_text":"","src":"https:\/\/i0.wp.com\/anythingtechnicallc.com\/wp-content\/uploads\/2025\/02\/61I4ZdtMXTL._AC_SL1342_.jpg?fit=1009%2C925&ssl=1&resize=350%2C200","width":350,"height":200},"classes":[]},{"id":9460,"url":"https:\/\/anythingtechnicallc.com\/index.php\/de\/product\/888wh65watt-tragbares-laptop-ladegeraet-mit-solarpanel-ein-super-tragbarer-reiseakku-powerbank-fuer-hp-notebooks-macbook-laptops\/","url_meta":{"origin":9958,"position":2},"title":"88,8Wh|65Watt Tragbares Laptop-Ladeger\u00e4t mit Solarpanel, Ein super tragbarer Reiseakku &#038; Powerbank f\u00fcr HP, Notebooks, MacBook, Laptops","date":"March 19, 2026","format":false,"excerpt":"Bemerkenswert kompakt und leistungsstark: Eine der kleinsten und leichtesten tragbaren Powerbanks mit 24000mAh (88,8Wh) und 110V\/65W AC-Anschluss, eine gro\u00dfartige L\u00f6sung f\u00fcr die AC-Stromversorgung. Sie liefert ausreichend Strom f\u00fcr die meisten Ihrer Ger\u00e4te wie Smartphone, Tablet und Laptop. Perfekt f\u00fcr Ihre Reisen und Gesch\u00e4ftsreisen. Schnelles Aufladen: L\u00e4dt sich selbst in weniger\u2026","rel":"","context":"Similar post","img":{"alt_text":"","src":"https:\/\/i0.wp.com\/anythingtechnicallc.com\/wp-content\/uploads\/2022\/09\/888Wh65Watts-Portable-Laptop-Charger-with-Solar-Panel-A-Super-Travel-Portable-Battery-Pack-Power-Bank-for-HP-Notebooks-MacBook-Laptops-0.jpg?fit=500%2C500&ssl=1&resize=350%2C200","width":350,"height":200},"classes":[]},{"id":9407,"url":"https:\/\/anythingtechnicallc.com\/index.php\/de\/product\/solar-ladegeraet-10000mah-solar-powerbank-18w-power-delivery-usb-c-ladegeraet-typ-c-eingang-ausgang-qc-3-0-pd-schnelles-tragbares-ladegeraet-kompatibel-mit-iphone-samsung-und-mehr\/","url_meta":{"origin":9958,"position":3},"title":"Solar-Ladeger\u00e4t, 10000mAh Solar-Powerbank, 18W Power Delivery USB C Ladeger\u00e4t, Typ C Eingang &#038; Ausgang, QC 3.0 &#038; PD Schnelles tragbares Ladeger\u00e4t Kompatibel mit iPhone, Samsung und mehr","date":"March 19, 2026","format":false,"excerpt":"Stellen Sie sicher, dass dieses Produkt passt, indem Sie Ihre Modellnummer eingeben. Hochgeschwindigkeits-Laden: Die Kombination aus Stromzufuhr und QC 3.0-Ausgang erm\u00f6glicht eine optimale Aufladung Ihres Ger\u00e4ts mit bis zu 18 W. Es ist mit fast allen USB-betriebenen Ger\u00e4ten kompatibel. Schnelles Ladeger\u00e4t: Die Powerbank unterst\u00fctzt die Leistungsstufen 5W, 7,5W und 10W.\u2026","rel":"","context":"Similar post","img":{"alt_text":"","src":"https:\/\/i0.wp.com\/anythingtechnicallc.com\/wp-content\/uploads\/2022\/09\/Solar-Charger-10000mAh-Solar-Power-Bank-18W-Power-Delivery-USB-C-Charger-Type-C-Input-Output-QC-30-PD-Fast-Portable-Charger-Compatible-with-iPhone-Samsung-and-More-0.jpg?fit=500%2C500&ssl=1&resize=350%2C200","width":350,"height":200},"classes":[]},{"id":9955,"url":"https:\/\/anythingtechnicallc.com\/index.php\/de\/product\/zebra-gx420d-thermo-etiketten-barcodedrucker-gx42-202410-000-erneuert\/","url_meta":{"origin":9958,"position":4},"title":"Zebra GX420D Thermo-Etiketten-Barcodedrucker GX42-202410-000 (Erneuert)","date":"April 15, 2026","format":false,"excerpt":"EINFACH ZU BENUTZEN: Der Drucker wird \u00fcber einen USB-Anschluss, einen seriellen Anschluss oder einen Ethernet-Anschluss angeschlossen und ist mit Thermodirekt-Etikettenrollen mit einem Kern von 1 Zoll, einem maximalen Durchmesser von 5 Zoll und einer maximalen Medienbreite von 4,25 Zoll kompatibel. KEINE TINKE ODER TONER: Das Ger\u00e4t druckt mit Thermodirekt-Technologie, wodurch\u2026","rel":"","context":"Similar post","img":{"alt_text":"","src":"https:\/\/i0.wp.com\/anythingtechnicallc.com\/wp-content\/uploads\/2026\/04\/Zebra-GX420D-Thermal-Label-Barcode-Printer-GX42-202410-000-Renewed.jpg?fit=900%2C1200&ssl=1&resize=350%2C200","width":350,"height":200},"classes":[]},{"id":9428,"url":"https:\/\/anythingtechnicallc.com\/index.php\/de\/product\/solarladegeraet-25000mah-power-bank-mit-4-solarpanels-wasserdichtes-akku-pack-handy-ladegeraet-mit-taschenlampe-fuer-iphone-samsung-und-tablets\/","url_meta":{"origin":9958,"position":5},"title":"Solarladeger\u00e4t 25000mAh Power Bank mit 4 Solarpanels Wasserdichtes Akku-Pack Handy-Ladeger\u00e4t mit Taschenlampe f\u00fcr iPhone, Samsung und Tablets","date":"March 19, 2026","format":false,"excerpt":"4X schnelleres Solar-Laden: Es verf\u00fcgt \u00fcber 4 ultragro\u00dfe, faltbare Solarpaneele, die bei direkter Sonneneinstrahlung eine maximale Leistung von 6W \/ 1,2A erreichen k\u00f6nnen. Das ist 4 Mal schneller als ein einzelnes Solarladeger\u00e4t. 25000mAh kolossale Kapazit\u00e4t: Es kann 7-9 Ladungen f\u00fcr iPhone, Samsung und die meisten Telefone, 3-4 Ladungen f\u00fcr Tablets\u2026","rel":"","context":"Similar post","img":{"alt_text":"","src":"https:\/\/i0.wp.com\/anythingtechnicallc.com\/wp-content\/uploads\/2021\/11\/71wgaeieH6L._AC_SL1200_.jpg?fit=1096%2C1051&ssl=1&resize=350%2C200","width":350,"height":200},"classes":[]}],"pll_sync_post":[],"lang":"de","translations":{"de":9958,"en":9818},"_links":{"self":[{"href":"https:\/\/anythingtechnicallc.com\/index.php\/wp-json\/wp\/v2\/product\/9958","targetHints":{"allow":["GET"]}}],"collection":[{"href":"https:\/\/anythingtechnicallc.com\/index.php\/wp-json\/wp\/v2\/product"}],"about":[{"href":"https:\/\/anythingtechnicallc.com\/index.php\/wp-json\/wp\/v2\/types\/product"}],"replies":[{"embeddable":true,"href":"https:\/\/anythingtechnicallc.com\/index.php\/wp-json\/wp\/v2\/comments?post=9958"}],"wp:featuredmedia":[{"embeddable":true,"href":"https:\/\/anythingtechnicallc.com\/index.php\/wp-json\/wp\/v2\/media\/9957"}],"wp:attachment":[{"href":"https:\/\/anythingtechnicallc.com\/index.php\/wp-json\/wp\/v2\/media?parent=9958"}],"wp:term":[{"taxonomy":"product_brand","embeddable":true,"href":"https:\/\/anythingtechnicallc.com\/index.php\/wp-json\/wp\/v2\/product_brand?post=9958"},{"taxonomy":"product_cat","embeddable":true,"href":"https:\/\/anythingtechnicallc.com\/index.php\/wp-json\/wp\/v2\/product_cat?post=9958"},{"taxonomy":"product_tag","embeddable":true,"href":"https:\/\/anythingtechnicallc.com\/index.php\/wp-json\/wp\/v2\/product_tag?post=9958"}],"curies":[{"name":"wp","href":"https:\/\/api.w.org\/{rel}","templated":true}]}}