{"id":9970,"date":"2026-04-16T02:08:08","date_gmt":"2026-04-16T02:08:08","guid":{"rendered":"https:\/\/anythingtechnicallc.com\/?post_type=product&#038;p=9970"},"modified":"2026-04-16T02:08:08","modified_gmt":"2026-04-16T02:08:08","slug":"bose-quietcomfort-noise-cancelling-earbuds-bluetooth-wireless-earphones-triple-black-erneuert-2","status":"publish","type":"product","link":"https:\/\/anythingtechnicallc.com\/index.php\/de\/product\/bose-quietcomfort-noise-cancelling-earbuds-bluetooth-wireless-earphones-triple-black-erneuert-2\/","title":{"rendered":"Bose QuietComfort Noise Cancelling Earbuds-Bluetooth Wireless Earphones, Triple Black (Erneuert)"},"content":{"rendered":"<ul class=\"a-unordered-list a-vertical a-spacing-mini\">\n<li class=\"a-spacing-mini\"><span class=\"a-list-item\">Ohrh\u00f6rer mit Ger\u00e4uschunterdr\u00fcckung &#8211; Entwickelt mit der effektivsten Ger\u00e4uschunterdr\u00fcckung der Welt. Die steuerbare Ger\u00e4uschunterdr\u00fcckung von Bose und der vollst\u00e4ndige Transparenzmodus erm\u00f6glichen es Ihnen, Ablenkungen zu eliminieren, Ihre Umgebung hereinzulassen oder ein bisschen von allem.<\/span><\/li>\n<li class=\"a-spacing-mini\"><span class=\"a-list-item\">High-Fidelity-Audio &#8211; Eine exklusive akustische Architektur erweckt Ihre Musik, Podcasts und Videos zum Leben, w\u00e4hrend der volumenoptimierte Active EQ den Klang bei jeder Lautst\u00e4rke klar und ausgewogen h\u00e4lt.<\/span><\/li>\n<li class=\"a-spacing-mini\"><span class=\"a-list-item\">Komfortable kabellose Ohrh\u00f6rer &#8211; StayHear Max Ohrst\u00f6psel in drei Gr\u00f6\u00dfen sind im Lieferumfang enthalten und sorgen f\u00fcr einen sicheren Sitz. Sie sind aus weichem Silikon gefertigt und bieten passive Ger\u00e4uschunterdr\u00fcckung bei h\u00f6chstem Komfort.<\/span><\/li>\n<li class=\"a-spacing-mini\"><span class=\"a-list-item\">Einfache Touch-Bedienung &#8211; Tippen, streichen oder dr\u00fccken Sie einfach. Steuern Sie die Einstellungen f\u00fcr die Ger\u00e4uschunterdr\u00fcckung, Pause, Wiedergabe und Lautst\u00e4rke direkt von der Seite des Ohrh\u00f6rers aus. Aktivieren Sie das alles in der Bose Music App.<\/span><\/li>\n<li class=\"a-spacing-mini\"><span class=\"a-list-item\">Ger\u00e4uschunterdr\u00fcckende Mikrofone &#8211; Winzige Mikrofone arbeiten zusammen, um sich auf Ihre Stimme zu konzentrieren und Umgebungsger\u00e4usche herauszufiltern, damit Sie beim Telefonieren weniger abgelenkt werden.<\/span><\/li>\n<\/ul>\n","protected":false},"excerpt":{"rendered":"<ul class=\"a-unordered-list a-vertical a-spacing-mini\">\n<li class=\"a-spacing-mini\"><span class=\"a-list-item\">Ohrh\u00f6rer mit Ger\u00e4uschunterdr\u00fcckung &#8211; Entwickelt mit der effektivsten Ger\u00e4uschunterdr\u00fcckung der Welt. Die steuerbare Ger\u00e4uschunterdr\u00fcckung von Bose und der vollst\u00e4ndige Transparenzmodus erm\u00f6glichen es Ihnen, Ablenkungen zu eliminieren, Ihre Umgebung hereinzulassen oder ein bisschen von allem.<\/span><\/li>\n<li class=\"a-spacing-mini\"><span class=\"a-list-item\">High-Fidelity-Audio &#8211; Eine exklusive akustische Architektur erweckt Ihre Musik, Podcasts und Videos zum Leben, w\u00e4hrend der volumenoptimierte Active EQ den Klang bei jeder Lautst\u00e4rke klar und ausgewogen h\u00e4lt.<\/span><\/li>\n<li class=\"a-spacing-mini\"><span class=\"a-list-item\">Komfortable kabellose Ohrh\u00f6rer &#8211; StayHear Max Ohrst\u00f6psel in drei Gr\u00f6\u00dfen sind im Lieferumfang enthalten und sorgen f\u00fcr einen sicheren Sitz. Sie sind aus weichem Silikon gefertigt und bieten passive Ger\u00e4uschunterdr\u00fcckung bei h\u00f6chstem Komfort.<\/span><\/li>\n<li class=\"a-spacing-mini\"><span class=\"a-list-item\">Einfache Touch-Bedienung &#8211; Tippen, streichen oder dr\u00fccken Sie einfach. Steuern Sie die Einstellungen f\u00fcr die Ger\u00e4uschunterdr\u00fcckung, Pause, Wiedergabe und Lautst\u00e4rke direkt von der Seite des Ohrh\u00f6rers aus. Aktivieren Sie das alles in der Bose Music App.<\/span><\/li>\n<li class=\"a-spacing-mini\"><span class=\"a-list-item\">Ger\u00e4uschunterdr\u00fcckende Mikrofone &#8211; Winzige Mikrofone arbeiten zusammen, um sich auf Ihre Stimme zu konzentrieren und Umgebungsger\u00e4usche herauszufiltern, damit Sie beim Telefonieren weniger abgelenkt werden.<\/span><\/li>\n<\/ul>\n","protected":false},"featured_media":9860,"comment_status":"open","ping_status":"closed","template":"","meta":{"_et_pb_use_builder":"","_et_pb_old_content":"","_et_gb_content_width":""},"product_brand":[],"product_cat":[1578],"product_tag":[],"class_list":{"0":"post-9970","1":"product","2":"type-product","3":"status-publish","4":"has-post-thumbnail","6":"product_cat-headset","8":"first","9":"instock","10":"sale","11":"taxable","12":"shipping-taxable","13":"purchasable","14":"product-type-simple"},"exclude_global_add_ons":[],"addons":[],"jetpack-related-posts":[{"id":9677,"url":"https:\/\/anythingtechnicallc.com\/index.php\/de\/product\/bose-quietcomfort-earbuds-ii-drahtlos-bluetooth-weltbeste-in-ear-kopfhoerer-mit-personalisierter-geraeuschunterdrueckung-sound-triple-black-erneuert\/","url_meta":{"origin":9970,"position":0},"title":"Bose QuietComfort Earbuds II, drahtlos, Bluetooth, weltbeste In-Ear-Kopfh\u00f6rer mit personalisierter Ger\u00e4uschunterdr\u00fcckung &#038; Sound, Triple Black (Erneuert)","date":"March 24, 2026","format":false,"excerpt":"QUIETCOMFORT EARBUDS II: Diese neuen kabellosen Bluetooth-Ohrh\u00f6rer mit Ger\u00e4uschunterdr\u00fcckung von BOSE wurden nicht nach einem Einheitsschema entwickelt. Diese kabellosen Ohrh\u00f6rer der n\u00e4chsten Generation sind so konzipiert, dass sie zu Ihnen passen. Sie passen die Ger\u00e4uschunterdr\u00fcckung und die Klangleistung intelligent an, damit Sie ungest\u00f6rt und mitrei\u00dfend h\u00f6ren k\u00f6nnen, wo immer Sie\u2026","rel":"","context":"Similar post","img":{"alt_text":"","src":"https:\/\/i0.wp.com\/anythingtechnicallc.com\/wp-content\/uploads\/2026\/01\/Bose-QuietComfort-Earbuds-II-Black.jpg?fit=1200%2C1200&ssl=1&resize=350%2C200","width":350,"height":200},"classes":[]},{"id":9602,"url":"https:\/\/anythingtechnicallc.com\/index.php\/de\/product\/bose-quietcomfort-earbuds-ii-drahtlos-bluetooth-die-weltbesten-in-ear-kopfhoerer-mit-personalisierter-geraeuschunterdrueckung-sound-speckstein-erneuert\/","url_meta":{"origin":9970,"position":1},"title":"Bose QuietComfort Earbuds II, drahtlos, Bluetooth, die weltbesten In-Ear-Kopfh\u00f6rer mit personalisierter Ger\u00e4uschunterdr\u00fcckung &#038; Sound, Speckstein (erneuert)","date":"March 24, 2026","format":false,"excerpt":"QUIETCOMFORT EARBUDS II: Diese neuen kabellosen Bluetooth-Ohrh\u00f6rer mit Ger\u00e4uschunterdr\u00fcckung von Bose wurden nicht nach einem Einheitsschema entwickelt. Diese kabellosen Ohrh\u00f6rer der n\u00e4chsten Generation sind so konzipiert, dass sie zu Ihnen passen. Sie passen die Ger\u00e4uschunterdr\u00fcckung und die Klangleistung intelligent an, damit Sie ungest\u00f6rt und mitrei\u00dfend h\u00f6ren k\u00f6nnen, wo immer Sie\u2026","rel":"","context":"Similar post","img":{"alt_text":"","src":"https:\/\/i0.wp.com\/anythingtechnicallc.com\/wp-content\/uploads\/2025\/10\/41EDZfsEA4L._AC_SL1500_.jpg?fit=1026%2C1129&ssl=1&resize=350%2C200","width":350,"height":200},"classes":[]},{"id":9916,"url":"https:\/\/anythingtechnicallc.com\/index.php\/de\/product\/bose-quietcomfort-noise-cancelling-earbuds-bluetooth-wireless-earphones-triple-black-erneuert\/","url_meta":{"origin":9970,"position":2},"title":"Bose QuietComfort Noise Cancelling Earbuds-Bluetooth Wireless Earphones, Triple Black (Erneuert)","date":"April 15, 2026","format":false,"excerpt":"Besserer Klang beginnt mit besserer Stille. Deshalb hat Bose die QuietComfort Earbuds mit der effektivsten Ger\u00e4uschunterdr\u00fcckung der Welt und High-Fidelity-Audio entwickelt. Denn wenn Sie Ablenkungen ausschalten, steigt die Musik und damit auch die Leidenschaft. Backen. Programmieren. Klettern. Und alles andere, was Sie ausmacht - Sie selbst. Unsere steuerbare Ger\u00e4uschunterdr\u00fcckung erm\u00f6glicht\u2026","rel":"","context":"Similar post","img":{"alt_text":"","src":"https:\/\/i0.wp.com\/anythingtechnicallc.com\/wp-content\/uploads\/2026\/04\/Bose-QuietComfort-Noise-Cancelling-Earbuds-Bluetooth-Wireless-Earphones-Triple-Black-Renewed.jpg?fit=900%2C1200&ssl=1&resize=350%2C200","width":350,"height":200},"classes":[]},{"id":9717,"url":"https:\/\/anythingtechnicallc.com\/index.php\/de\/product\/bose-quietcomfort-45-bluetooth-kopfhoerer-mit-drahtloser-geraeuschunterdrueckung-triple-black-erneuert\/","url_meta":{"origin":9970,"position":3},"title":"Bose QuietComfort 45 Bluetooth Kopfh\u00f6rer mit drahtloser Ger\u00e4uschunterdr\u00fcckung &#8211; Triple Black (Erneuert)","date":"March 24, 2026","format":false,"excerpt":"Kabellose Kopfh\u00f6rer mit Ger\u00e4uschunterdr\u00fcckung - Die perfekte Balance aus Ruhe, Komfort und Klang. Bose verwendet winzige Mikrofone, um Au\u00dfenger\u00e4usche zu messen, zu vergleichen und darauf zu reagieren, indem sie sie mit entgegengesetzten Signalen ausl\u00f6schen. High-Fidelity-Audio - Die akustische TriPort-Architektur bietet Tiefe und F\u00fclle. Der f\u00fcr die Lautst\u00e4rke optimierte Active EQ\u2026","rel":"","context":"Similar post","img":{"alt_text":"","src":"https:\/\/i0.wp.com\/anythingtechnicallc.com\/wp-content\/uploads\/2026\/02\/Bose-QuietComfort-45.jpg?fit=900%2C1200&ssl=1&resize=350%2C200","width":350,"height":200},"classes":[]},{"id":9599,"url":"https:\/\/anythingtechnicallc.com\/index.php\/de\/product\/renewed-bose-quietcomfort-bluetooth-earbuds-true-wireless-earbuds-mit-aktiver-geraeuschunterdrueckung-und-mikrofon-tiefer-bass-ipx4-bewertung-bis-zu-85-stunden-spielzeit-schwarz\/","url_meta":{"origin":9970,"position":4},"title":"Renewed Bose QuietComfort Bluetooth Earbuds, True Wireless Earbuds mit aktiver Ger\u00e4uschunterdr\u00fcckung und Mikrofon, tiefer Bass, IPX4 Bewertung, bis zu 8,5 Stunden Spielzeit, Schwarz","date":"March 24, 2026","format":false,"excerpt":"TON OHNE KOMPROMISS: Nutzen Sie den Tag auf Ihre Weise und trotzen Sie den Ablenkungen mit diesen kabellosen Bluetooth-Kopfh\u00f6rern mit weltbekannter Ger\u00e4uschunterdr\u00fcckung f\u00fcr ein H\u00f6rerlebnis, das den Alltag zu einem Epos macht. LEISTUNGSSTARKES, BEW\u00c4HRTES AUDIO: Diese kabellosen Bluetooth-Kopfh\u00f6rer mit IPX4-Klassifizierung bieten eine bemerkenswerte Klangqualit\u00e4t f\u00fcr ein befriedigendes H\u00f6rerlebnis, das genau\u2026","rel":"","context":"Similar post","img":{"alt_text":"","src":"https:\/\/i0.wp.com\/anythingtechnicallc.com\/wp-content\/uploads\/2025\/10\/61qIEvCy6L._AC_SL1500_.jpg?fit=1200%2C1146&ssl=1&resize=350%2C200","width":350,"height":200},"classes":[]},{"id":9861,"url":"https:\/\/anythingtechnicallc.com\/index.php\/de\/product\/gebrauchte-bose-quietcomfort-earbuds-true-wireless-bluetooth-earbuds-mit-aktiver-geraeuschunterdrueckung-und-mikrofon-usb-c-aufladung-ipx4-bewertung-bis-zu-85-stunden-spielzeit-schwarz\/","url_meta":{"origin":9970,"position":5},"title":"Gebrauchte Bose QuietComfort Earbuds &#8211; True Wireless Bluetooth Earbuds mit aktiver Ger\u00e4uschunterdr\u00fcckung und Mikrofon, USB-C Aufladung, IPX4 Bewertung, bis zu 8,5 Stunden Spielzeit, Schwarz","date":"April 8, 2026","format":false,"excerpt":"KLANG OHNE KOMPROMISS: Nutzen Sie den Tag auf Ihre Weise und trotzen Sie Ablenkungen mit diesen kabellosen Ohrh\u00f6rern mit weltbekannter Ger\u00e4uschunterdr\u00fcckung f\u00fcr ein H\u00f6rerlebnis, das den Alltag episch erscheinen l\u00e4sst. SEIZE-THE-DAY STAYING POWER: Diese Ohrh\u00f6rer mit Ger\u00e4uschunterdr\u00fcckung lassen sich kabellos aufladen und erm\u00f6glichen Ihnen eine H\u00f6rdauer von bis zu 8,5\u2026","rel":"","context":"Similar post","img":{"alt_text":"","src":"https:\/\/i0.wp.com\/anythingtechnicallc.com\/wp-content\/uploads\/2026\/03\/Bose-QuietComfort-Earbuds.jpg?fit=1200%2C900&ssl=1&resize=350%2C200","width":350,"height":200},"classes":[]}],"pll_sync_post":[],"lang":"de","translations":{"de":9970,"en":9968},"_links":{"self":[{"href":"https:\/\/anythingtechnicallc.com\/index.php\/wp-json\/wp\/v2\/product\/9970","targetHints":{"allow":["GET"]}}],"collection":[{"href":"https:\/\/anythingtechnicallc.com\/index.php\/wp-json\/wp\/v2\/product"}],"about":[{"href":"https:\/\/anythingtechnicallc.com\/index.php\/wp-json\/wp\/v2\/types\/product"}],"replies":[{"embeddable":true,"href":"https:\/\/anythingtechnicallc.com\/index.php\/wp-json\/wp\/v2\/comments?post=9970"}],"wp:featuredmedia":[{"embeddable":true,"href":"https:\/\/anythingtechnicallc.com\/index.php\/wp-json\/wp\/v2\/media\/9860"}],"wp:attachment":[{"href":"https:\/\/anythingtechnicallc.com\/index.php\/wp-json\/wp\/v2\/media?parent=9970"}],"wp:term":[{"taxonomy":"product_brand","embeddable":true,"href":"https:\/\/anythingtechnicallc.com\/index.php\/wp-json\/wp\/v2\/product_brand?post=9970"},{"taxonomy":"product_cat","embeddable":true,"href":"https:\/\/anythingtechnicallc.com\/index.php\/wp-json\/wp\/v2\/product_cat?post=9970"},{"taxonomy":"product_tag","embeddable":true,"href":"https:\/\/anythingtechnicallc.com\/index.php\/wp-json\/wp\/v2\/product_tag?post=9970"}],"curies":[{"name":"wp","href":"https:\/\/api.w.org\/{rel}","templated":true}]}}